{"id":9711,"date":"2019-01-23T15:32:01","date_gmt":"2019-01-23T15:32:01","guid":{"rendered":"https:\/\/www.businessandarts.org\/summit-members\/"},"modified":"2026-04-16T17:54:28","modified_gmt":"2026-04-16T17:54:28","slug":"summit-members","status":"publish","type":"page","link":"https:\/\/www.businessandarts.org\/fr\/cas\/summit-members\/","title":{"rendered":"D\u00e9l\u00e9gu\u00e9s du Sommet"},"content":{"rendered":"<p><strong>Les d\u00e9l\u00e9gu\u00e9s du Sommet canadien des arts incluent des organismes artistiques et culturels canadiens dont les budgets de fonctionnement sont d\u2019environ 3 millions de dollars et plus. <\/strong><\/p>\n<p style=\"column-count: 2; column-gap: 1em;\">221A<br \/>\nAga Khan Museum<br \/>\nAlberta Ballet<br \/>\nArt Gallery of Hamilton<br \/>\nArt Windsor-Essex<br \/>\nArts Club Theatre Company<br \/>\nArts Habitat Edmonton<br \/>\nArts Umbrella<br \/>\nAlberta Foundation for the Arts<br \/>\nBanff Centre for Arts and Creativity<br \/>\nCalgary Arts Development<br \/>\nCanada Council for the Arts<br \/>\nCanada&#8217;s National Ballet School<br \/>\nCanadian Museum of History &#038; Canadian War Museum<br \/>\nCaravan Farm Theatre<br \/>\nCentre In The Square<br \/>\nCitadel Theatre<br \/>\nConfederation Centre of the Arts<br \/>\nContemporary Calgary<br \/>\nCulture Days<br \/>\nDalhousie Arts Centre<br \/>\n\u00c9cole nationale de th\u00e9\u00e2tre du Canada<br \/>\nEdmonton Arts Council<br \/>\nEthically Aligned AI Inc.<br \/>\nFestival du nouveau cin\u00e9ma de Montr\u00e9al<br \/>\nFirstOntario Performing Arts Centre<br \/>\nGardiner Museum<br \/>\nGlenbow<br \/>\nGrand Theatre<br \/>\nHarbourfront Centre<br \/>\nHonens<br \/>\nIllingworth Kerr Gallery, AUArts<br \/>\nInclusive Design Research Centre<br \/>\nInstitut national de la recherche scientifique<br \/>\nMacKenzie Art Gallery<br \/>\nManitoba Arts Council<br \/>\nMetacreation Lab for Creative AI (Simon Fraser University)<br \/>\nMetcalf Foundation<br \/>\nMH3 Collective<br \/>\nMuseum London<br \/>\nNational accessArts Centre<br \/>\nNational Arts Centre<br \/>\nNational Arts Centre Foundation<br \/>\nNational Arts Centre Orchestra<br \/>\nNational Gallery of Canada<br \/>\nNative Earth Performing Arts<br \/>\nNeptune Theatre<br \/>\nOntario Arts Council (OAC)<br \/>\nOrchestre M\u00e9tropolitain<br \/>\nOrchestre symphonique de Montr\u00e9al<br \/>\nPacific Opera Victoria<br \/>\nPlace des Arts<br \/>\nPresentation House Cultural Society<br \/>\nRemai Modern<br \/>\nRoyal Manitoba Theatre Centre<br \/>\nRoyal Ontario Museum<br \/>\nRoyal Winnipeg Ballet<br \/>\nShaw Festival<br \/>\nShorefast and Fogo Island Arts<br \/>\nSoulpepper Theatre<br \/>\nStratford Festival<br \/>\nThe Bentway Conservancy<br \/>\nThe Cultch<br \/>\nThe Globe Theatre<br \/>\nThe National Ballet of Canada<br \/>\nThe Power Plant Contemporary Art Gallery<br \/>\nThe Royal Conservatory of Music<br \/>\nThe Whyte Museum<br \/>\nTheatre Calgary<br \/>\nTO LIVE<br \/>\nToronto Arts Foundation<br \/>\nToronto Symphony Orchestra<br \/>\nVancouver International Film Festival (VIFF)<br \/>\nWerklund Centre<br \/>\nWhy Not Theatre<br \/>\nWinnipeg Art Gallery-Qaumajuq<\/p>\n<p>&nbsp;<\/p>\n","protected":false},"excerpt":{"rendered":"<p>Les d\u00e9l\u00e9gu\u00e9s du Sommet canadien des arts incluent des organismes artistiques et culturels canadiens dont les budgets de fonctionnement sont d\u2019environ 3 millions de dollars et plus. 221A Aga Khan Museum Alberta Ballet Art Gallery of Hamilton Art Windsor-Essex Arts<span class=\"ellipsis\">&hellip;<\/span><\/p>\n<div class=\"read-more\"><a href=\"https:\/\/www.businessandarts.org\/fr\/cas\/summit-members\/\">Lire plus de <span class=\"screen-reader-text\">D\u00e9l\u00e9gu\u00e9s du Sommet<\/span><span class=\"meta-nav\"> &#8250;<\/span><\/a><\/div>\n<p><!-- end of .read-more --><\/p>\n","protected":false},"author":1,"featured_media":0,"parent":2625,"menu_order":0,"comment_status":"closed","ping_status":"closed","template":"page-templates\/sidebar-withtopmenu.php","meta":{"_acf_changed":false,"footnotes":""},"class_list":["post-9711","page","type-page","status-publish","hentry"],"acf":[],"yoast_head":"<!-- This site is optimized with the Yoast SEO plugin v23.7 - https:\/\/yoast.com\/wordpress\/plugins\/seo\/ -->\n<title>D\u00e9l\u00e9gu\u00e9s du Sommet - Business \/ Arts<\/title>\n<meta name=\"robots\" content=\"index, follow, max-snippet:-1, max-image-preview:large, max-video-preview:-1\" \/>\n<link rel=\"canonical\" href=\"https:\/\/www.businessandarts.org\/fr\/cas\/summit-members\/\" \/>\n<meta property=\"og:locale\" content=\"fr_FR\" \/>\n<meta property=\"og:type\" content=\"article\" \/>\n<meta property=\"og:title\" content=\"D\u00e9l\u00e9gu\u00e9s du Sommet - Business \/ Arts\" \/>\n<meta property=\"og:description\" content=\"Les d\u00e9l\u00e9gu\u00e9s du Sommet canadien des arts incluent des organismes artistiques et culturels canadiens dont les budgets de fonctionnement sont d\u2019environ 3 millions de dollars et plus. 221A Aga Khan Museum Alberta Ballet Art Gallery of Hamilton Art Windsor-Essex Arts&hellip;Lire plus de D\u00e9l\u00e9gu\u00e9s du Sommet &#8250;\" \/>\n<meta property=\"og:url\" content=\"https:\/\/www.businessandarts.org\/fr\/cas\/summit-members\/\" \/>\n<meta property=\"og:site_name\" content=\"Business \/ Arts\" \/>\n<meta property=\"article:modified_time\" content=\"2026-04-16T17:54:28+00:00\" \/>\n<meta name=\"twitter:card\" content=\"summary_large_image\" \/>\n<meta name=\"twitter:label1\" content=\"Dur\u00e9e de lecture estim\u00e9e\" \/>\n\t<meta name=\"twitter:data1\" content=\"3 minutes\" \/>\n<script type=\"application\/ld+json\" class=\"yoast-schema-graph\">{\"@context\":\"https:\/\/schema.org\",\"@graph\":[{\"@type\":\"WebPage\",\"@id\":\"https:\/\/www.businessandarts.org\/fr\/cas\/summit-members\/\",\"url\":\"https:\/\/www.businessandarts.org\/fr\/cas\/summit-members\/\",\"name\":\"D\u00e9l\u00e9gu\u00e9s du Sommet - Business \/ Arts\",\"isPartOf\":{\"@id\":\"https:\/\/www.businessandarts.org\/#website\"},\"datePublished\":\"2019-01-23T15:32:01+00:00\",\"dateModified\":\"2026-04-16T17:54:28+00:00\",\"breadcrumb\":{\"@id\":\"https:\/\/www.businessandarts.org\/fr\/cas\/summit-members\/#breadcrumb\"},\"inLanguage\":\"fr-FR\",\"potentialAction\":[{\"@type\":\"ReadAction\",\"target\":[\"https:\/\/www.businessandarts.org\/fr\/cas\/summit-members\/\"]}]},{\"@type\":\"BreadcrumbList\",\"@id\":\"https:\/\/www.businessandarts.org\/fr\/cas\/summit-members\/#breadcrumb\",\"itemListElement\":[{\"@type\":\"ListItem\",\"position\":1,\"name\":\"Home\",\"item\":\"https:\/\/www.businessandarts.org\/fr\/\"},{\"@type\":\"ListItem\",\"position\":2,\"name\":\"Le Sommet canadien des arts\",\"item\":\"https:\/\/www.businessandarts.org\/fr\/cas\/\"},{\"@type\":\"ListItem\",\"position\":3,\"name\":\"D\u00e9l\u00e9gu\u00e9s du Sommet\"}]},{\"@type\":\"WebSite\",\"@id\":\"https:\/\/www.businessandarts.org\/#website\",\"url\":\"https:\/\/www.businessandarts.org\/\",\"name\":\"Business \/ Arts\",\"description\":\"\",\"potentialAction\":[{\"@type\":\"SearchAction\",\"target\":{\"@type\":\"EntryPoint\",\"urlTemplate\":\"https:\/\/www.businessandarts.org\/?s={search_term_string}\"},\"query-input\":{\"@type\":\"PropertyValueSpecification\",\"valueRequired\":true,\"valueName\":\"search_term_string\"}}],\"inLanguage\":\"fr-FR\"}]}<\/script>\n<!-- \/ Yoast SEO plugin. -->","yoast_head_json":{"title":"D\u00e9l\u00e9gu\u00e9s du Sommet - Business \/ Arts","robots":{"index":"index","follow":"follow","max-snippet":"max-snippet:-1","max-image-preview":"max-image-preview:large","max-video-preview":"max-video-preview:-1"},"canonical":"https:\/\/www.businessandarts.org\/fr\/cas\/summit-members\/","og_locale":"fr_FR","og_type":"article","og_title":"D\u00e9l\u00e9gu\u00e9s du Sommet - Business \/ Arts","og_description":"Les d\u00e9l\u00e9gu\u00e9s du Sommet canadien des arts incluent des organismes artistiques et culturels canadiens dont les budgets de fonctionnement sont d\u2019environ 3 millions de dollars et plus. 221A Aga Khan Museum Alberta Ballet Art Gallery of Hamilton Art Windsor-Essex Arts&hellip;Lire plus de D\u00e9l\u00e9gu\u00e9s du Sommet &#8250;","og_url":"https:\/\/www.businessandarts.org\/fr\/cas\/summit-members\/","og_site_name":"Business \/ Arts","article_modified_time":"2026-04-16T17:54:28+00:00","twitter_card":"summary_large_image","twitter_misc":{"Dur\u00e9e de lecture estim\u00e9e":"3 minutes"},"schema":{"@context":"https:\/\/schema.org","@graph":[{"@type":"WebPage","@id":"https:\/\/www.businessandarts.org\/fr\/cas\/summit-members\/","url":"https:\/\/www.businessandarts.org\/fr\/cas\/summit-members\/","name":"D\u00e9l\u00e9gu\u00e9s du Sommet - Business \/ Arts","isPartOf":{"@id":"https:\/\/www.businessandarts.org\/#website"},"datePublished":"2019-01-23T15:32:01+00:00","dateModified":"2026-04-16T17:54:28+00:00","breadcrumb":{"@id":"https:\/\/www.businessandarts.org\/fr\/cas\/summit-members\/#breadcrumb"},"inLanguage":"fr-FR","potentialAction":[{"@type":"ReadAction","target":["https:\/\/www.businessandarts.org\/fr\/cas\/summit-members\/"]}]},{"@type":"BreadcrumbList","@id":"https:\/\/www.businessandarts.org\/fr\/cas\/summit-members\/#breadcrumb","itemListElement":[{"@type":"ListItem","position":1,"name":"Home","item":"https:\/\/www.businessandarts.org\/fr\/"},{"@type":"ListItem","position":2,"name":"Le Sommet canadien des arts","item":"https:\/\/www.businessandarts.org\/fr\/cas\/"},{"@type":"ListItem","position":3,"name":"D\u00e9l\u00e9gu\u00e9s du Sommet"}]},{"@type":"WebSite","@id":"https:\/\/www.businessandarts.org\/#website","url":"https:\/\/www.businessandarts.org\/","name":"Business \/ Arts","description":"","potentialAction":[{"@type":"SearchAction","target":{"@type":"EntryPoint","urlTemplate":"https:\/\/www.businessandarts.org\/?s={search_term_string}"},"query-input":{"@type":"PropertyValueSpecification","valueRequired":true,"valueName":"search_term_string"}}],"inLanguage":"fr-FR"}]}},"_links":{"self":[{"href":"https:\/\/www.businessandarts.org\/fr\/wp-json\/wp\/v2\/pages\/9711","targetHints":{"allow":["GET"]}}],"collection":[{"href":"https:\/\/www.businessandarts.org\/fr\/wp-json\/wp\/v2\/pages"}],"about":[{"href":"https:\/\/www.businessandarts.org\/fr\/wp-json\/wp\/v2\/types\/page"}],"author":[{"embeddable":true,"href":"https:\/\/www.businessandarts.org\/fr\/wp-json\/wp\/v2\/users\/1"}],"replies":[{"embeddable":true,"href":"https:\/\/www.businessandarts.org\/fr\/wp-json\/wp\/v2\/comments?post=9711"}],"version-history":[{"count":13,"href":"https:\/\/www.businessandarts.org\/fr\/wp-json\/wp\/v2\/pages\/9711\/revisions"}],"predecessor-version":[{"id":31200,"href":"https:\/\/www.businessandarts.org\/fr\/wp-json\/wp\/v2\/pages\/9711\/revisions\/31200"}],"up":[{"embeddable":true,"href":"https:\/\/www.businessandarts.org\/fr\/wp-json\/wp\/v2\/pages\/2625"}],"wp:attachment":[{"href":"https:\/\/www.businessandarts.org\/fr\/wp-json\/wp\/v2\/media?parent=9711"}],"curies":[{"name":"wp","href":"https:\/\/api.w.org\/{rel}","templated":true}]}}