{"id":9249,"date":"2019-01-16T16:52:18","date_gmt":"2019-01-16T16:52:18","guid":{"rendered":"https:\/\/www.businessandarts.org\/newsletter\/"},"modified":"2019-06-12T09:51:12","modified_gmt":"2019-06-12T09:51:12","slug":"newsletter","status":"publish","type":"page","link":"https:\/\/www.businessandarts.org\/fr\/newsletter\/","title":{"rendered":"Bulletin"},"content":{"rendered":"<div id=\"mc_embed_signup\" style=\"max-width: 500px; margin: auto;\">\n<form action=\"https:\/\/businessforthearts.us1.list-manage.com\/subscribe\/post?u=5eda661a9657c7c59b817abed&amp;id=92d0be4c24\" method=\"post\" id=\"mc-embedded-subscribe-form\" name=\"mc-embedded-subscribe-form\" class=\"validate\" target=\"_blank\" novalidate=\"\">\n<div id=\"mc_embed_signup_scroll\">\n<h2>Abonnez-vous \u00e0 notre liste de diffusion<\/h2>\n<div class=\"mc-field-group center\" style=\"text-align: center; margin: 1em 0 1em 0;\"> <input type=\"email\" value=\"\" name=\"EMAIL\" class=\"required email box\" id=\"mce-EMAIL\" style=\"margin-right: .5em; border-width: 0; border-bottom-width: 1px; border-bottom-style: solid; border-bottom-color: black; width: 100%; margin-bottom: 1em;\" \/> <label for=\"mce-EMAIL\">Adresse \u00e9lectronique <span class=\"asterisk\" style=\"color: red;\">*<\/span> <\/label><\/div>\n<div class=\"mc-field-group center\" style=\"text-align: center; margin: 1em 0 1em 0;\"> <input type=\"text\" value=\"\" name=\"FNAME\" class=\"required box\" id=\"mce-FNAME\" style=\"margin-right: .5em; border-width: 0; border-bottom-width: 1px; border-bottom-style: solid; border-bottom-color: black; width: 100%; margin-bottom: 1em;\" \/> <label for=\"mce-FNAME\">Pr\u00e9nom <span class=\"asterisk\" style=\"color: red;\">*<\/span> <\/label><\/div>\n<div class=\"mc-field-group center\" style=\"text-align: center; margin: 1em 0 1em 0;\"> <input type=\"text\" value=\"\" name=\"LNAME\" class=\"required box\" id=\"mce-LNAME\" style=\"margin-right: .5em; border-width: 0; border-bottom-width: 1px; border-bottom-style: solid; border-bottom-color: black; width: 100%; margin-bottom: 1em;\" \/> <label for=\"mce-LNAME\">Nom de famille <span class=\"asterisk\" style=\"color: red;\">*<\/span> <\/label><\/div>\n<div class=\"mc-field-group center\" style=\"text-align: center; margin: 1em 0 1em 0;\"> <input type=\"text\" value=\"\" name=\"MMERGE6\" class=\"box\" id=\"mce-MMERGE6\" style=\"margin-right: .5em; border-width: 0; border-bottom-width: 1px; border-bottom-style: solid; border-bottom-color: black; width: 100%; margin-bottom: 1em;\" \/> <label for=\"mce-MMERGE6\">Organisation <\/label><\/div>\n<div class=\"mc-field-group center\" style=\"text-align: center; margin: 1em 0 1em 0;\"> <input type=\"text\" value=\"\" name=\"MMERGE14\" class=\"required box\" id=\"mce-MMERGE14\" style=\"margin-right: .5em; border-width: 0; border-bottom-width: 1px; border-bottom-style: solid; border-bottom-color: black; width: 100%; margin-bottom: 1em;\" \/> <label for=\"mce-MMERGE14\">Ville <span class=\"asterisk\" style=\"color: red;\">*<\/span> <\/label><\/div>\n<div class=\"mc-field-group input-group\" style=\"margin: 1em 0 1em 0;\">\n<h4>Options de la liste de diffusion<\/h4>\n<ul style=\"list-style-type: none; padding: 0; margin: 0;\">\n<li style=\"margin: 1em 0 1em 0;\"> <input type=\"checkbox\" value=\"65536\" name=\"group[61][65536]\" id=\"mce-group[61]-61-0\" style=\"margin-right: .5em;\" \/> <label for=\"mce-group[61]-61-0\"> Nouvelles affaires \/ arts <span class=\"description\" style=\"font-size: .8em; font-weight: lightest;\">pour les mises \u00e0 jour des Business \/ Arts Awards, des \u00e9v\u00e9nements pour les membres, des \u00e9v\u00e9nements sp\u00e9ciaux<\/span><\/label><\/li>\n<li style=\"margin: 1em 0 1em 0;\"> <input type=\"checkbox\" value=\"144115188075855872\" name=\"group[61][144115188075855872]\" id=\"mce-group[61]-61-1\" style=\"margin-right: .5em;\" \/> <label for=\"mce-group[61]-61-1\"> artsvest <span class=\"description\" style=\"font-size: .8em; font-weight: lightest;\">pour les \u00e9v\u00e9nements locaux et nationaux, dates importantes<\/span><\/label><\/li>\n<li style=\"margin: 1em 0 1em 0;\"> <input type=\"checkbox\" value=\"288230376151711744\" name=\"group[61][288230376151711744]\" id=\"mce-group[61]-61-2\" style=\"margin-right: .5em;\" \/> <label for=\"mce-group[61]-61-2\"> Le Sommet canadien des arts <span class=\"description\" style=\"font-size: .8em; font-weight: lightest;\">pour obtenir des informations sur la diffusion en direct, les dates des \u00e9v\u00e9nements et du contenu vid\u00e9o exclusif <\/span><\/label><\/li>\n<li style=\"margin: 1em 0 1em 0;\"> <input type=\"checkbox\" value=\"576460752303423488\" name=\"group[61][576460752303423488]\" id=\"mce-group[61]-61-3\" style=\"margin-right: .5em;\" \/> <label for=\"mce-group[61]-61-3\"> Les \u00e9changes arts &#038; affaires | boardlink <span class=\"description\" style=\"font-size: .8em; font-weight: lightest;\">pour les \u00e9v\u00e9nements nationaux et r\u00e9gionaux, mises \u00e0 jour de boardlink<\/span><\/label><\/li>\n<li style=\"margin: 1em 0 1em 0;\"> <input type=\"checkbox\" value=\"576460752303423488\" name=\"group[61][576460752303423488]\" id=\"mce-group[61]-61-4\" style=\"margin-right: .5em;\" \/> <label for=\"mce-group[61]-61-4\">Recherche <span class=\"description\" style=\"font-size: .8em; font-weight: lightest;\">pour toutes les derni\u00e8res initiatives de recherche B \/ A. <\/span><\/label><\/li>\n<\/ul>\n<\/div>\n<div class=\"mc-field-group input-group\" style=\"margin: 1em 0 1em 0;\">\n<h4 class=\"center\" style=\"text-align: center;\">Pr\u00e9f\u00e9rence de langue <span class=\"asterisk\" style=\"color: red;\">*<\/span><\/h4>\n<ul style=\"list-style-type: none; padding: 0; margin: 0;\">\n<li style=\"margin: 1em 0 1em 0;\"> <input type=\"radio\" value=\"English\" name=\"MMERGE21\" id=\"mce-MMERGE21-0\" style=\"margin-right: .5em;\" \/> <label for=\"mce-MMERGE21-0\">Anglais<\/label><\/li>\n<li style=\"margin: 1em 0 1em 0;\"> <input type=\"radio\" value=\"French\" name=\"MMERGE21\" id=\"mce-MMERGE21-1\" style=\"margin-right: .5em;\" \/> <label for=\"mce-MMERGE21-1\">Fran\u00e7aise<\/label><\/li>\n<\/ul>\n<\/div>\n<div id=\"mce-responses\" class=\"clear\">\n<div class=\"response\" id=\"mce-error-response\" style=\"display: none;\"><\/div>\n<div class=\"response\" id=\"mce-success-response\" style=\"display: none;\"><\/div>\n<\/div>\n<div aria-hidden=\"true\" style=\"position: absolute; left: -5000px;\"> <input type=\"text\" name=\"b_5eda661a9657c7c59b817abed_92d0be4c24\" value=\"\" style=\"margin-right: .5em;\" tabindex=\"-1\" \/><\/div>\n<div class=\"clear\"> <input type=\"submit\" value=\"Subscribe\" name=\"subscribe\" id=\"mc-embedded-subscribe\" class=\"button\" style=\"display: block; background-color: #54afff; background-image: none; background-repeat: repeat; background-position: top left; background-attachment: scroll; color: white; font-size: 1.2em; padding: 1em 2em 1em 2em; margin: 2em auto 2em auto;\" \/><\/div>\n<\/div>\n<\/form>\n<\/div>\n","protected":false},"excerpt":{"rendered":"<p>Abonnez-vous \u00e0 notre liste de diffusion Adresse \u00e9lectronique * Pr\u00e9nom * Nom de famille * Organisation Ville * Options de la liste de diffusion Nouvelles affaires \/ arts pour les mises \u00e0 jour des Business \/ Arts Awards, des \u00e9v\u00e9nements<span class=\"ellipsis\">&hellip;<\/span><\/p>\n<div class=\"read-more\"><a href=\"https:\/\/www.businessandarts.org\/fr\/newsletter\/\">Lire plus de <span class=\"screen-reader-text\">Bulletin<\/span><span class=\"meta-nav\"> &#8250;<\/span><\/a><\/div>\n<p><!-- end of .read-more --><\/p>\n","protected":false},"author":1,"featured_media":0,"parent":0,"menu_order":0,"comment_status":"closed","ping_status":"closed","template":"","meta":{"_acf_changed":false,"footnotes":""},"class_list":["post-9249","page","type-page","status-publish","hentry"],"acf":[],"yoast_head":"<!-- This site is optimized with the Yoast SEO plugin v23.7 - https:\/\/yoast.com\/wordpress\/plugins\/seo\/ -->\n<title>Restez \u00e0 jour avec nos ressources pour les arts - Business \/ Arts<\/title>\n<meta name=\"description\" content=\"Joignez-vous \u00e0 notre liste de diffusion pour rester au courant de nos programmes et ressources pour les arts et les entreprises.\" \/>\n<meta name=\"robots\" content=\"index, follow, max-snippet:-1, max-image-preview:large, max-video-preview:-1\" \/>\n<link rel=\"canonical\" href=\"https:\/\/www.businessandarts.org\/fr\/newsletter\/\" \/>\n<meta property=\"og:locale\" content=\"fr_FR\" \/>\n<meta property=\"og:type\" content=\"article\" \/>\n<meta property=\"og:title\" content=\"Mailing List | Business \/ Arts\" \/>\n<meta property=\"og:description\" content=\"Join our mailing list to stay up to date with our programs and resources for the arts and businesses.\" \/>\n<meta property=\"og:url\" content=\"https:\/\/www.businessandarts.org\/fr\/newsletter\/\" \/>\n<meta property=\"og:site_name\" content=\"Business \/ Arts\" \/>\n<meta property=\"article:modified_time\" content=\"2019-06-12T09:51:12+00:00\" \/>\n<meta property=\"og:image\" content=\"https:\/\/www.businessandarts.org\/wp-content\/uploads\/2019\/03\/Business-Arts-cas@3x.png\" \/>\n\t<meta property=\"og:image:width\" content=\"600\" \/>\n\t<meta property=\"og:image:height\" content=\"300\" \/>\n\t<meta property=\"og:image:type\" content=\"image\/png\" \/>\n<meta name=\"twitter:card\" content=\"summary_large_image\" \/>\n<meta name=\"twitter:label1\" content=\"Dur\u00e9e de lecture estim\u00e9e\" \/>\n\t<meta name=\"twitter:data1\" content=\"1 minute\" \/>\n<script type=\"application\/ld+json\" class=\"yoast-schema-graph\">{\"@context\":\"https:\/\/schema.org\",\"@graph\":[{\"@type\":\"WebPage\",\"@id\":\"https:\/\/www.businessandarts.org\/fr\/newsletter\/\",\"url\":\"https:\/\/www.businessandarts.org\/fr\/newsletter\/\",\"name\":\"Restez \u00e0 jour avec nos ressources pour les arts - Business \/ Arts\",\"isPartOf\":{\"@id\":\"https:\/\/www.businessandarts.org\/#website\"},\"datePublished\":\"2019-01-16T16:52:18+00:00\",\"dateModified\":\"2019-06-12T09:51:12+00:00\",\"description\":\"Joignez-vous \u00e0 notre liste de diffusion pour rester au courant de nos programmes et ressources pour les arts et les entreprises.\",\"breadcrumb\":{\"@id\":\"https:\/\/www.businessandarts.org\/fr\/newsletter\/#breadcrumb\"},\"inLanguage\":\"fr-FR\",\"potentialAction\":[{\"@type\":\"ReadAction\",\"target\":[\"https:\/\/www.businessandarts.org\/fr\/newsletter\/\"]}]},{\"@type\":\"BreadcrumbList\",\"@id\":\"https:\/\/www.businessandarts.org\/fr\/newsletter\/#breadcrumb\",\"itemListElement\":[{\"@type\":\"ListItem\",\"position\":1,\"name\":\"Home\",\"item\":\"https:\/\/www.businessandarts.org\/fr\/\"},{\"@type\":\"ListItem\",\"position\":2,\"name\":\"Bulletin\"}]},{\"@type\":\"WebSite\",\"@id\":\"https:\/\/www.businessandarts.org\/#website\",\"url\":\"https:\/\/www.businessandarts.org\/\",\"name\":\"Business \/ Arts\",\"description\":\"\",\"potentialAction\":[{\"@type\":\"SearchAction\",\"target\":{\"@type\":\"EntryPoint\",\"urlTemplate\":\"https:\/\/www.businessandarts.org\/?s={search_term_string}\"},\"query-input\":{\"@type\":\"PropertyValueSpecification\",\"valueRequired\":true,\"valueName\":\"search_term_string\"}}],\"inLanguage\":\"fr-FR\"}]}<\/script>\n<!-- \/ Yoast SEO plugin. -->","yoast_head_json":{"title":"Restez \u00e0 jour avec nos ressources pour les arts - Business \/ Arts","description":"Joignez-vous \u00e0 notre liste de diffusion pour rester au courant de nos programmes et ressources pour les arts et les entreprises.","robots":{"index":"index","follow":"follow","max-snippet":"max-snippet:-1","max-image-preview":"max-image-preview:large","max-video-preview":"max-video-preview:-1"},"canonical":"https:\/\/www.businessandarts.org\/fr\/newsletter\/","og_locale":"fr_FR","og_type":"article","og_title":"Mailing List | Business \/ Arts","og_description":"Join our mailing list to stay up to date with our programs and resources for the arts and businesses.","og_url":"https:\/\/www.businessandarts.org\/fr\/newsletter\/","og_site_name":"Business \/ Arts","article_modified_time":"2019-06-12T09:51:12+00:00","og_image":[{"width":600,"height":300,"url":"https:\/\/www.businessandarts.org\/wp-content\/uploads\/2019\/03\/Business-Arts-cas@3x.png","type":"image\/png"}],"twitter_card":"summary_large_image","twitter_misc":{"Dur\u00e9e de lecture estim\u00e9e":"1 minute"},"schema":{"@context":"https:\/\/schema.org","@graph":[{"@type":"WebPage","@id":"https:\/\/www.businessandarts.org\/fr\/newsletter\/","url":"https:\/\/www.businessandarts.org\/fr\/newsletter\/","name":"Restez \u00e0 jour avec nos ressources pour les arts - Business \/ Arts","isPartOf":{"@id":"https:\/\/www.businessandarts.org\/#website"},"datePublished":"2019-01-16T16:52:18+00:00","dateModified":"2019-06-12T09:51:12+00:00","description":"Joignez-vous \u00e0 notre liste de diffusion pour rester au courant de nos programmes et ressources pour les arts et les entreprises.","breadcrumb":{"@id":"https:\/\/www.businessandarts.org\/fr\/newsletter\/#breadcrumb"},"inLanguage":"fr-FR","potentialAction":[{"@type":"ReadAction","target":["https:\/\/www.businessandarts.org\/fr\/newsletter\/"]}]},{"@type":"BreadcrumbList","@id":"https:\/\/www.businessandarts.org\/fr\/newsletter\/#breadcrumb","itemListElement":[{"@type":"ListItem","position":1,"name":"Home","item":"https:\/\/www.businessandarts.org\/fr\/"},{"@type":"ListItem","position":2,"name":"Bulletin"}]},{"@type":"WebSite","@id":"https:\/\/www.businessandarts.org\/#website","url":"https:\/\/www.businessandarts.org\/","name":"Business \/ Arts","description":"","potentialAction":[{"@type":"SearchAction","target":{"@type":"EntryPoint","urlTemplate":"https:\/\/www.businessandarts.org\/?s={search_term_string}"},"query-input":{"@type":"PropertyValueSpecification","valueRequired":true,"valueName":"search_term_string"}}],"inLanguage":"fr-FR"}]}},"_links":{"self":[{"href":"https:\/\/www.businessandarts.org\/fr\/wp-json\/wp\/v2\/pages\/9249","targetHints":{"allow":["GET"]}}],"collection":[{"href":"https:\/\/www.businessandarts.org\/fr\/wp-json\/wp\/v2\/pages"}],"about":[{"href":"https:\/\/www.businessandarts.org\/fr\/wp-json\/wp\/v2\/types\/page"}],"author":[{"embeddable":true,"href":"https:\/\/www.businessandarts.org\/fr\/wp-json\/wp\/v2\/users\/1"}],"replies":[{"embeddable":true,"href":"https:\/\/www.businessandarts.org\/fr\/wp-json\/wp\/v2\/comments?post=9249"}],"version-history":[{"count":0,"href":"https:\/\/www.businessandarts.org\/fr\/wp-json\/wp\/v2\/pages\/9249\/revisions"}],"wp:attachment":[{"href":"https:\/\/www.businessandarts.org\/fr\/wp-json\/wp\/v2\/media?parent=9249"}],"curies":[{"name":"wp","href":"https:\/\/api.w.org\/{rel}","templated":true}]}}