{"id":6064,"date":"2018-09-25T05:43:11","date_gmt":"2018-09-25T05:43:11","guid":{"rendered":"https:\/\/www.businessandarts.org\/2015-canadians-value-companies-that-support-the-arts\/"},"modified":"2019-05-28T08:53:55","modified_gmt":"2019-05-28T08:53:55","slug":"2015-canadians-value-companies-that-support-the-arts","status":"publish","type":"page","link":"https:\/\/www.businessandarts.org\/fr\/resources\/resources-research\/2015-canadians-value-companies-that-support-the-arts\/","title":{"rendered":"2015 Les Canadiens appr\u00e9cient les entreprises qui soutiennent les arts"},"content":{"rendered":"<div class=\"txt-ovrvw pkg-desc\">\n<h2 class=\"section-title\">2015 Les Canadiens appr\u00e9cient les entreprises qui soutiennent les arts<\/h2>\n<p>Dans un rapport publi\u00e9 pour la premi\u00e8re fois en avril 2015 par Affaires \/ Arts, les r\u00e9sultats montrent que plus de la moiti\u00e9 des Canadiens pr\u00e9f\u00e8rent les entreprises qui investissent dans les arts et la culture<\/p>\n<p>Affaires \/ Arts ont publi\u00e9 une enqu\u00eate d\u00e9taill\u00e9e r\u00e9alis\u00e9e qui r\u00e9v\u00e8le non seulement que les Canadiens sont tr\u00e8s impliqu\u00e9s dans les arts mais encore que les entreprises canadiennes veulent investir dans les arts et la culture.<\/p>\n<p>Les r\u00e9sultats de l\u2019enqu\u00eate montrent que les Canadiens sont fortement impliqu\u00e9s dans les arts et qu\u2019ils pr\u00e9f\u00e8rent m\u00eame participer \u00e0 un \u00e9v\u00e9nement artistique ou culturel plut\u00f4t que d\u2019assister \u00e0 une manifestation sportive. Les entreprises en ont pris note puisque, depuis 2008, les investissements faits par les entreprises dans les arts a augment\u00e9 de 49 %. <\/p>\n<p>Les r\u00e9sultats sugg\u00e8rent que la majorit\u00e9 des entreprises canadiennes consid\u00e8rent que les arts ont impact positif sur la soci\u00e9t\u00e9 :<\/p>\n<ul class=\"def-ul\">\n<li>82% d\u2019entre elles consid\u00e8rent qu\u2019un engagement dans les arts a un impact positif sur la sant\u00e9 et le bien-\u00eatre personnel<\/li>\n<li>95% d\u2019entre elles affirment que l\u2019\u00e9ducation artistique favorise le d\u00e9veloppement intellectuel des enfants<\/li>\n<li>88% d\u2019entre elles pensent que l\u2019implication des jeunes dans les arts permet de r\u00e9duire la d\u00e9linquance et l\u2019exclusion.<\/li>\n<\/ul>\n<p>Cependant, les r\u00e9sultats ont \u00e9galement r\u00e9v\u00e9l\u00e9 la complexit\u00e9 du financement des arts au Canada. Alors que les entreprises canadiennes augmentent leurs investissements dans les arts, toutes celles qui ont \u00e9t\u00e9 interrog\u00e9es affirment que le financement public est essentiel au secteur artistique mais seulement 23% des grandes entreprises augmenteraient leur soutien si le gouvernement r\u00e9duisait ses subventions.<\/p>\n<p>Pour faire conna\u00eetre les r\u00e9sultats de cette enqu\u00eate importante et instaurer un dialogue entre les entreprises canadiennes, les organismes publics de financement sur la recherche et sur les prochaines \u00e9tapes du programme de recherche pour encourager l\u2019investissement des entreprises dans les arts. Affaires \/ Arts a lanc\u00e9 une s\u00e9rie de tables rondes organis\u00e9es dans tout le Canada.<\/p>\n<p>Affaires \/ Arts s\u2019est rendu dans huit villes :<\/p>\n<ul class=\"def-ul\">\n<li>Winnipeg &#8211; le 7 avril<\/li>\n<li>Calgary \u2013 le 17 avril<\/li>\n<li>Montr\u00e9al \u2013 le 29 avril<\/li>\n<li>Ottawa \u2013 le 11 mai <\/li>\n<li>Vancouver \u2013 en juin<\/li>\n<li>Saskatoon \u2013 en juillet<\/li>\n<li>Halifax \u2013 en juillet<\/li>\n<li>Toronto &#8211; en ao\u00fbt<\/li>\n<\/ul>\n<p>Business \/ Arts remercie notre commanditaire principal Aimia pour avoir investi dans cette \u00e9tude ainsi que Deloitte, Enbridge, le Conseil des arts du Canada et la Fondation Trillium de l&#8217;Ontario pour s&#8217;\u00eatre associ\u00e9s avec nous. <\/p>\n<p>Nous souhaitons aussi remercier nos anciens commanditaires pour financer notre recherche en cours: le Projet Artistes \u00e9mergents RBC, l\u2019honorable Hilary M. Weston et The Printing House.\n<\/p><\/div>\n","protected":false},"excerpt":{"rendered":"<p>2015 Les Canadiens appr\u00e9cient les entreprises qui soutiennent les arts Dans un rapport publi\u00e9 pour la premi\u00e8re fois en avril 2015 par Affaires \/ Arts, les r\u00e9sultats montrent que plus de la moiti\u00e9 des Canadiens pr\u00e9f\u00e8rent les entreprises qui investissent<span class=\"ellipsis\">&hellip;<\/span><\/p>\n<div class=\"read-more\"><a href=\"https:\/\/www.businessandarts.org\/fr\/resources\/resources-research\/2015-canadians-value-companies-that-support-the-arts\/\">Lire plus de <span class=\"screen-reader-text\">2015 Les Canadiens appr\u00e9cient les entreprises qui soutiennent les arts<\/span><span class=\"meta-nav\"> &#8250;<\/span><\/a><\/div>\n<p><!-- end of .read-more --><\/p>\n","protected":false},"author":26,"featured_media":0,"parent":2643,"menu_order":0,"comment_status":"closed","ping_status":"closed","template":"page-templates\/sidebar-withtopmenu.php","meta":{"_acf_changed":false,"footnotes":""},"class_list":["post-6064","page","type-page","status-publish","hentry"],"acf":[],"yoast_head":"<!-- This site is optimized with the Yoast SEO plugin v23.7 - https:\/\/yoast.com\/wordpress\/plugins\/seo\/ -->\n<title>2015 Les Canadiens appr\u00e9cient les entreprises qui soutiennent les arts - Business \/ Arts<\/title>\n<meta name=\"robots\" content=\"index, follow, max-snippet:-1, max-image-preview:large, max-video-preview:-1\" \/>\n<link rel=\"canonical\" href=\"https:\/\/www.businessandarts.org\/fr\/resources\/resources-research\/2015-canadians-value-companies-that-support-the-arts\/\" \/>\n<meta property=\"og:locale\" content=\"fr_FR\" \/>\n<meta property=\"og:type\" content=\"article\" \/>\n<meta property=\"og:title\" content=\"2015 Les Canadiens appr\u00e9cient les entreprises qui soutiennent les arts - Business \/ Arts\" \/>\n<meta property=\"og:description\" content=\"2015 Les Canadiens appr\u00e9cient les entreprises qui soutiennent les arts Dans un rapport publi\u00e9 pour la premi\u00e8re fois en avril 2015 par Affaires \/ Arts, les r\u00e9sultats montrent que plus de la moiti\u00e9 des Canadiens pr\u00e9f\u00e8rent les entreprises qui investissent&hellip;Lire plus de 2015 Les Canadiens appr\u00e9cient les entreprises qui soutiennent les arts &#8250;\" \/>\n<meta property=\"og:url\" content=\"https:\/\/www.businessandarts.org\/fr\/resources\/resources-research\/2015-canadians-value-companies-that-support-the-arts\/\" \/>\n<meta property=\"og:site_name\" content=\"Business \/ Arts\" \/>\n<meta property=\"article:modified_time\" content=\"2019-05-28T08:53:55+00:00\" \/>\n<meta name=\"twitter:card\" content=\"summary_large_image\" \/>\n<meta name=\"twitter:label1\" content=\"Dur\u00e9e de lecture estim\u00e9e\" \/>\n\t<meta name=\"twitter:data1\" content=\"2 minutes\" \/>\n<script type=\"application\/ld+json\" class=\"yoast-schema-graph\">{\"@context\":\"https:\/\/schema.org\",\"@graph\":[{\"@type\":\"WebPage\",\"@id\":\"https:\/\/www.businessandarts.org\/fr\/resources\/resources-research\/2015-canadians-value-companies-that-support-the-arts\/\",\"url\":\"https:\/\/www.businessandarts.org\/fr\/resources\/resources-research\/2015-canadians-value-companies-that-support-the-arts\/\",\"name\":\"2015 Les Canadiens appr\u00e9cient les entreprises qui soutiennent les arts - Business \/ Arts\",\"isPartOf\":{\"@id\":\"https:\/\/www.businessandarts.org\/#website\"},\"datePublished\":\"2018-09-25T05:43:11+00:00\",\"dateModified\":\"2019-05-28T08:53:55+00:00\",\"breadcrumb\":{\"@id\":\"https:\/\/www.businessandarts.org\/fr\/resources\/resources-research\/2015-canadians-value-companies-that-support-the-arts\/#breadcrumb\"},\"inLanguage\":\"fr-FR\",\"potentialAction\":[{\"@type\":\"ReadAction\",\"target\":[\"https:\/\/www.businessandarts.org\/fr\/resources\/resources-research\/2015-canadians-value-companies-that-support-the-arts\/\"]}]},{\"@type\":\"BreadcrumbList\",\"@id\":\"https:\/\/www.businessandarts.org\/fr\/resources\/resources-research\/2015-canadians-value-companies-that-support-the-arts\/#breadcrumb\",\"itemListElement\":[{\"@type\":\"ListItem\",\"position\":1,\"name\":\"Home\",\"item\":\"https:\/\/www.businessandarts.org\/fr\/\"},{\"@type\":\"ListItem\",\"position\":2,\"name\":\"Ressources\",\"item\":\"https:\/\/www.businessandarts.org\/fr\/resources\/\"},{\"@type\":\"ListItem\",\"position\":3,\"name\":\"Recherche\",\"item\":\"https:\/\/www.businessandarts.org\/fr\/resources\/resources-research\/\"},{\"@type\":\"ListItem\",\"position\":4,\"name\":\"2015 Les Canadiens appr\u00e9cient les entreprises qui soutiennent les arts\"}]},{\"@type\":\"WebSite\",\"@id\":\"https:\/\/www.businessandarts.org\/#website\",\"url\":\"https:\/\/www.businessandarts.org\/\",\"name\":\"Business \/ Arts\",\"description\":\"\",\"potentialAction\":[{\"@type\":\"SearchAction\",\"target\":{\"@type\":\"EntryPoint\",\"urlTemplate\":\"https:\/\/www.businessandarts.org\/?s={search_term_string}\"},\"query-input\":{\"@type\":\"PropertyValueSpecification\",\"valueRequired\":true,\"valueName\":\"search_term_string\"}}],\"inLanguage\":\"fr-FR\"}]}<\/script>\n<!-- \/ Yoast SEO plugin. -->","yoast_head_json":{"title":"2015 Les Canadiens appr\u00e9cient les entreprises qui soutiennent les arts - Business \/ Arts","robots":{"index":"index","follow":"follow","max-snippet":"max-snippet:-1","max-image-preview":"max-image-preview:large","max-video-preview":"max-video-preview:-1"},"canonical":"https:\/\/www.businessandarts.org\/fr\/resources\/resources-research\/2015-canadians-value-companies-that-support-the-arts\/","og_locale":"fr_FR","og_type":"article","og_title":"2015 Les Canadiens appr\u00e9cient les entreprises qui soutiennent les arts - Business \/ Arts","og_description":"2015 Les Canadiens appr\u00e9cient les entreprises qui soutiennent les arts Dans un rapport publi\u00e9 pour la premi\u00e8re fois en avril 2015 par Affaires \/ Arts, les r\u00e9sultats montrent que plus de la moiti\u00e9 des Canadiens pr\u00e9f\u00e8rent les entreprises qui investissent&hellip;Lire plus de 2015 Les Canadiens appr\u00e9cient les entreprises qui soutiennent les arts &#8250;","og_url":"https:\/\/www.businessandarts.org\/fr\/resources\/resources-research\/2015-canadians-value-companies-that-support-the-arts\/","og_site_name":"Business \/ Arts","article_modified_time":"2019-05-28T08:53:55+00:00","twitter_card":"summary_large_image","twitter_misc":{"Dur\u00e9e de lecture estim\u00e9e":"2 minutes"},"schema":{"@context":"https:\/\/schema.org","@graph":[{"@type":"WebPage","@id":"https:\/\/www.businessandarts.org\/fr\/resources\/resources-research\/2015-canadians-value-companies-that-support-the-arts\/","url":"https:\/\/www.businessandarts.org\/fr\/resources\/resources-research\/2015-canadians-value-companies-that-support-the-arts\/","name":"2015 Les Canadiens appr\u00e9cient les entreprises qui soutiennent les arts - Business \/ Arts","isPartOf":{"@id":"https:\/\/www.businessandarts.org\/#website"},"datePublished":"2018-09-25T05:43:11+00:00","dateModified":"2019-05-28T08:53:55+00:00","breadcrumb":{"@id":"https:\/\/www.businessandarts.org\/fr\/resources\/resources-research\/2015-canadians-value-companies-that-support-the-arts\/#breadcrumb"},"inLanguage":"fr-FR","potentialAction":[{"@type":"ReadAction","target":["https:\/\/www.businessandarts.org\/fr\/resources\/resources-research\/2015-canadians-value-companies-that-support-the-arts\/"]}]},{"@type":"BreadcrumbList","@id":"https:\/\/www.businessandarts.org\/fr\/resources\/resources-research\/2015-canadians-value-companies-that-support-the-arts\/#breadcrumb","itemListElement":[{"@type":"ListItem","position":1,"name":"Home","item":"https:\/\/www.businessandarts.org\/fr\/"},{"@type":"ListItem","position":2,"name":"Ressources","item":"https:\/\/www.businessandarts.org\/fr\/resources\/"},{"@type":"ListItem","position":3,"name":"Recherche","item":"https:\/\/www.businessandarts.org\/fr\/resources\/resources-research\/"},{"@type":"ListItem","position":4,"name":"2015 Les Canadiens appr\u00e9cient les entreprises qui soutiennent les arts"}]},{"@type":"WebSite","@id":"https:\/\/www.businessandarts.org\/#website","url":"https:\/\/www.businessandarts.org\/","name":"Business \/ Arts","description":"","potentialAction":[{"@type":"SearchAction","target":{"@type":"EntryPoint","urlTemplate":"https:\/\/www.businessandarts.org\/?s={search_term_string}"},"query-input":{"@type":"PropertyValueSpecification","valueRequired":true,"valueName":"search_term_string"}}],"inLanguage":"fr-FR"}]}},"_links":{"self":[{"href":"https:\/\/www.businessandarts.org\/fr\/wp-json\/wp\/v2\/pages\/6064","targetHints":{"allow":["GET"]}}],"collection":[{"href":"https:\/\/www.businessandarts.org\/fr\/wp-json\/wp\/v2\/pages"}],"about":[{"href":"https:\/\/www.businessandarts.org\/fr\/wp-json\/wp\/v2\/types\/page"}],"author":[{"embeddable":true,"href":"https:\/\/www.businessandarts.org\/fr\/wp-json\/wp\/v2\/users\/26"}],"replies":[{"embeddable":true,"href":"https:\/\/www.businessandarts.org\/fr\/wp-json\/wp\/v2\/comments?post=6064"}],"version-history":[{"count":0,"href":"https:\/\/www.businessandarts.org\/fr\/wp-json\/wp\/v2\/pages\/6064\/revisions"}],"up":[{"embeddable":true,"href":"https:\/\/www.businessandarts.org\/fr\/wp-json\/wp\/v2\/pages\/2643"}],"wp:attachment":[{"href":"https:\/\/www.businessandarts.org\/fr\/wp-json\/wp\/v2\/media?parent=6064"}],"curies":[{"name":"wp","href":"https:\/\/api.w.org\/{rel}","templated":true}]}}