{"id":29681,"date":"2026-02-05T19:28:52","date_gmt":"2026-02-05T19:28:52","guid":{"rendered":"https:\/\/www.businessandarts.org\/?page_id=29681"},"modified":"2026-02-05T19:44:54","modified_gmt":"2026-02-05T19:44:54","slug":"national-impact","status":"publish","type":"page","link":"https:\/\/www.businessandarts.org\/fr\/artsvest\/national-impact\/","title":{"rendered":"artsvest Impact"},"content":{"rendered":"<p style=\"text-align: center;\"><strong><span style=\"font-size: 25px;\"><span style=\"color: #0f7b62;\">R\u00e9sultats nationaux<\/span><\/span><\/strong><\/p>\n<p>De 2011 \u00e0 2026, le gouvernement du Canada (Minist\u00e8re du Patrimoine canadien) a aid\u00e9 artsvest \u00e0 devenir un programme v\u00e9ritablement national, ayant un impact consid\u00e9rable sur les organismes artistiques \u00e0 travers le pays. Nous sommes profond\u00e9ment reconnaissants de ce partenariat durable et de leur engagement \u00e0 renforcer le secteur des arts et de la culture au Canada. D\u00e9couvrez ci-dessous l\u2019\u00e9tendue de nos r\u00e9alisations!<\/p>\n<hr \/>\n<p data-start=\"0\" data-end=\"179\">\u00c0 ce jour, 7 350 repr\u00e9sentantes et repr\u00e9sentants de 3 260 organismes participantes ont particip\u00e9 \u00e0 artsvest et ont compl\u00e9t\u00e9 plus de 26 000 heures de formation et de mentorat.<\/p>\n<p data-start=\"181\" data-end=\"376\">Depuis la cr\u00e9ation du programme, 6 403 nouvelles partenariats ont \u00e9t\u00e9 \u00e9tablis avec des entreprises, permettant de mobiliser plus de 28,25 millions de dollars\u00a0en nouveaux investissements du secteur priv\u00e9.<\/p>\n<p data-start=\"378\" data-end=\"507\">Combin\u00e9 aux fonds de contrepartie r\u00e9gionaux, l\u2019impact global \u00e0 ce jour s\u2019\u00e9l\u00e8ve \u00e0 39,3\u00a0millions de dollarspour le secteur culturel canadien.<\/p>\n<p data-start=\"509\" data-end=\"818\" data-is-last-node=\"\" data-is-only-node=\"\">Qu\u2019il s\u2019agisse de renforcer les capacit\u00e9s du secteur culturel ou de cr\u00e9er des partenariats intersectoriels visant \u00e0 consolider les atouts culturels locaux, artsvest a un impact remarquable dans chaque communaut\u00e9 o\u00f9 il est implant\u00e9 \u2014 des plus petites aux plus grandes, des milieux ruraux aux centres urbains.<\/p>\n<p style=\"text-align: center;\"><strong><span style=\"font-size: 25px;\"><span style=\"color: #0f7b62;\">Impact national depuis 2005<\/span><\/span><\/strong><\/p>\n<p><img loading=\"lazy\" decoding=\"async\" src=\"https:\/\/www.businessandarts.org\/wp-content\/uploads\/2026\/02\/NATIONAL-26F-1.png\" alt=\"\" width=\"777\" height=\"523\" class=\" wp-image-29690 aligncenter\" \/><\/p>\n<hr \/>\n<p>L\u2019impact d\u2019artsvest inclut :<\/p>\n<div class=\"pkg-desc\">\n<ul class=\"def-ul\">\n<li>Le renforcement des capacit\u00e9s dans le secteur culturel<\/li>\n<li>Un soutien accru du secteur priv\u00e9 pour les arts<\/li>\n<li>La revitalisation des centres-villes et l\u2019augmentation de la circulation pi\u00e9tonni\u00e8re<\/li>\n<li>Des partenariats intersectoriels<\/li>\n<li>L\u2019implication des employ\u00e9s<\/li>\n<li>Le renforcement de l\u2019\u00e9conomie cr\u00e9ative<\/li>\n<li>Le d\u00e9veloppement du tourisme culturel et \u00e9conomique<\/li>\n<\/ul>\n<\/div>\n<p style=\"text-align: center;\"><strong><span style=\"font-size: 25px;\"><span style=\"color: #0f7b62;\">Impact sur le secteur priv\u00e9<\/span><\/span><\/strong><\/p>\n<p>artsvest offre aux entreprises la possibilit\u00e9 de doubler l\u2019impact de leur investissement dans une organisation culturelle, augmentant ainsi l\u2019impact sur la communaut\u00e9 locale.<\/p>\n<p>En encourageant les partenariats entre les secteurs priv\u00e9 et culturel, l&#8217;artsvest permet de renforcer et diversifier les \u00e9conomies locales, d\u2019engager les employ\u00e9s et d\u2019attirer de nouveaux talents et de les garder. Plusieurs des projets qu\u2019artsvest a cr\u00e9\u00e9s se concentrent sur la revitalisation des centres-villes et l\u2019augmentation de la circulation pi\u00e9tonni\u00e8re et obtiennent souvent le soutien des chambres de commerce locales et des zones d&#8217;am\u00e9liorations commerciales (ZAC).<\/p>\n<blockquote><p><strong><em>\u00ab Summit soutient la culture dans les communaut\u00e9s o\u00f9 vivons et o\u00f9 nous travaillons. Les b\u00e9n\u00e9fices a long terme dans nos communaut\u00e9s incluent de meilleures opportunit\u00e9s pour l\u2019\u00e9ducation locale, la promotion de la diversit\u00e9, cr\u00e9er des emplois et aider les artistes locaux. \u00bb <\/em><\/strong>\u2013Summit Environmental Consultants Inc. en partenariat avec la galerie d&#8217;art publique Vernon<\/p><\/blockquote>\n<p style=\"text-align: center;\"><strong><span style=\"font-size: 25px;\"><span style=\"color: #0f7b62;\">Impact sur le secteur culturel<\/span><\/span><\/strong><\/p>\n<p>artsvest aident \u00e0 renforcer la capacit\u00e9 du secteur culturel \u00e0 travers des ateliers en commandite et des s\u00e9ances de mentorat qui forment les organisations artistiques \u00e0 obtenir le soutien du secteur priv\u00e9.<\/p>\n<p>Les organisations culturelles gagnent en confiance pour approcher la communaut\u00e9 des affaires et comprennent mieux l\u2019unique valeur qu\u2019elles peuvent apporter aux entreprises. En outre, artsvest offre des fonds de contrepartie pour les commandites obtenus par les organisations participantes pour aider \u00e0 susciter le soutien des entreprises locales aux arts et au patrimoine. En s\u2019associant au secteur priv\u00e9, les organisations culturelles d\u00e9veloppent des sources de revenus nouvelles et diverses, cr\u00e9ant ainsi un mod\u00e8le de financement plus durable.<\/p>\n<blockquote><p><strong><em>\u00ab Merci, artsvest ! La formation que vous offrez aux petites organisations est unique et d\u2019une importance \u00c9NORME pour notre secteur. Le d\u00e9veloppement professionnel est difficile \u00e0 trouver, alors suivre une formation pour quelque chose d\u2019aussi essentiel pour nos op\u00e9rations en cours que les commandites est aussi utile pour les membres du personnel et les b\u00e9n\u00e9voles qui participent au programme puisqu\u2019ils investissent dans la sant\u00e9 \u00e0 long terme de l\u2019organisation. \u00bb<\/em><\/strong> \u2013Orpheus Choir, Toronto<\/p><\/blockquote>\n<p style=\"text-align: center;\"><strong><span style=\"font-size: 25px;\"><span style=\"color: #0f7b62;\">Impact sur la planification culturelle locale<\/span><\/span><\/strong><\/p>\n<p>artsvest est \u00e9troitement align\u00e9 sur la planification culturelle municipale et provinciale et permet d\u2019activer les projets culturels en formant des alliances entre les secteurs public et culturel pour collaborer au d\u00e9veloppement des atouts culturels locaux.<\/p>\n<blockquote><p><em><strong>\u00ab artsvest s\u2019est av\u00e9r\u00e9 \u00eatre un moyen efficace pour \u00e9tablir des nouveaux partenariats novateurs entre les entreprises et les organisations artistiques. Les avantages \u00e9conomiques et sociaux de ces relations contribuent \u00e0 la vitalit\u00e9 et la croissance des secteurs artistique, culturel et patrimonial. Ils soutiennent la croissance de notre \u00e9conomie et renforcent notre qualit\u00e9 de vie que nombreux nous envient. \u00bb\u00a0 <\/strong><\/em>\u2013Kevin Doherty, l\u2019ancien ministre du Tourisme, des Parcs de la Culture et des Sports de la Saskatchewan<\/p><\/blockquote>\n<hr \/>\n<p><em>Banni\u00e8re principale : photos de gauche \u00e0 droite \u2014 Red Deer Centrefest Society (Alberta), North York Arts (Toronto), artsvest<\/em><\/p>\n<hr \/>\n","protected":false},"excerpt":{"rendered":"<p>R\u00e9sultats nationaux De 2011 \u00e0 2026, le gouvernement du Canada (Minist\u00e8re du Patrimoine canadien) a aid\u00e9 artsvest \u00e0 devenir un programme v\u00e9ritablement national, ayant un impact consid\u00e9rable sur les organismes artistiques \u00e0 travers le pays. Nous sommes profond\u00e9ment reconnaissants de<span class=\"ellipsis\">&hellip;<\/span><\/p>\n<div class=\"read-more\"><a href=\"https:\/\/www.businessandarts.org\/fr\/artsvest\/national-impact\/\">Lire plus de <span class=\"screen-reader-text\">artsvest Impact<\/span><span class=\"meta-nav\"> &#8250;<\/span><\/a><\/div>\n<p><!-- end of .read-more --><\/p>\n","protected":false},"author":1,"featured_media":0,"parent":17375,"menu_order":0,"comment_status":"closed","ping_status":"closed","template":"page-templates\/sidebar-with-CAS-tmp.php","meta":{"_acf_changed":false,"footnotes":""},"class_list":["post-29681","page","type-page","status-publish","hentry"],"acf":[],"yoast_head":"<!-- This site is optimized with the Yoast SEO plugin v23.7 - https:\/\/yoast.com\/wordpress\/plugins\/seo\/ -->\n<title>artsvest Impact - Business \/ Arts<\/title>\n<meta name=\"robots\" content=\"index, follow, max-snippet:-1, max-image-preview:large, max-video-preview:-1\" \/>\n<link rel=\"canonical\" href=\"https:\/\/www.businessandarts.org\/fr\/artsvest\/national-impact\/\" \/>\n<meta property=\"og:locale\" content=\"fr_FR\" \/>\n<meta property=\"og:type\" content=\"article\" \/>\n<meta property=\"og:title\" content=\"artsvest Impact - Business \/ Arts\" \/>\n<meta property=\"og:description\" content=\"R\u00e9sultats nationaux De 2011 \u00e0 2026, le gouvernement du Canada (Minist\u00e8re du Patrimoine canadien) a aid\u00e9 artsvest \u00e0 devenir un programme v\u00e9ritablement national, ayant un impact consid\u00e9rable sur les organismes artistiques \u00e0 travers le pays. Nous sommes profond\u00e9ment reconnaissants de&hellip;Lire plus de artsvest Impact &#8250;\" \/>\n<meta property=\"og:url\" content=\"https:\/\/www.businessandarts.org\/fr\/artsvest\/national-impact\/\" \/>\n<meta property=\"og:site_name\" content=\"Business \/ Arts\" \/>\n<meta property=\"article:modified_time\" content=\"2026-02-05T19:44:54+00:00\" \/>\n<meta property=\"og:image\" content=\"https:\/\/www.businessandarts.org\/wp-content\/uploads\/2026\/02\/NATIONAL-26F-1.png\" \/>\n\t<meta property=\"og:image:width\" content=\"2104\" \/>\n\t<meta property=\"og:image:height\" content=\"1415\" \/>\n\t<meta property=\"og:image:type\" content=\"image\/png\" \/>\n<meta name=\"twitter:card\" content=\"summary_large_image\" \/>\n<meta name=\"twitter:label1\" content=\"Dur\u00e9e de lecture estim\u00e9e\" \/>\n\t<meta name=\"twitter:data1\" content=\"3 minutes\" \/>\n<script type=\"application\/ld+json\" class=\"yoast-schema-graph\">{\"@context\":\"https:\/\/schema.org\",\"@graph\":[{\"@type\":\"WebPage\",\"@id\":\"https:\/\/www.businessandarts.org\/fr\/artsvest\/national-impact\/\",\"url\":\"https:\/\/www.businessandarts.org\/fr\/artsvest\/national-impact\/\",\"name\":\"artsvest Impact - Business \/ Arts\",\"isPartOf\":{\"@id\":\"https:\/\/www.businessandarts.org\/#website\"},\"primaryImageOfPage\":{\"@id\":\"https:\/\/www.businessandarts.org\/fr\/artsvest\/national-impact\/#primaryimage\"},\"image\":{\"@id\":\"https:\/\/www.businessandarts.org\/fr\/artsvest\/national-impact\/#primaryimage\"},\"thumbnailUrl\":\"https:\/\/www.businessandarts.org\/wp-content\/uploads\/2026\/02\/NATIONAL-26F-1.png\",\"datePublished\":\"2026-02-05T19:28:52+00:00\",\"dateModified\":\"2026-02-05T19:44:54+00:00\",\"breadcrumb\":{\"@id\":\"https:\/\/www.businessandarts.org\/fr\/artsvest\/national-impact\/#breadcrumb\"},\"inLanguage\":\"fr-FR\",\"potentialAction\":[{\"@type\":\"ReadAction\",\"target\":[\"https:\/\/www.businessandarts.org\/fr\/artsvest\/national-impact\/\"]}]},{\"@type\":\"ImageObject\",\"inLanguage\":\"fr-FR\",\"@id\":\"https:\/\/www.businessandarts.org\/fr\/artsvest\/national-impact\/#primaryimage\",\"url\":\"https:\/\/www.businessandarts.org\/wp-content\/uploads\/2026\/02\/NATIONAL-26F-1.png\",\"contentUrl\":\"https:\/\/www.businessandarts.org\/wp-content\/uploads\/2026\/02\/NATIONAL-26F-1.png\"},{\"@type\":\"BreadcrumbList\",\"@id\":\"https:\/\/www.businessandarts.org\/fr\/artsvest\/national-impact\/#breadcrumb\",\"itemListElement\":[{\"@type\":\"ListItem\",\"position\":1,\"name\":\"Home\",\"item\":\"https:\/\/www.businessandarts.org\/fr\/\"},{\"@type\":\"ListItem\",\"position\":2,\"name\":\"artsvest\",\"item\":\"https:\/\/www.businessandarts.org\/fr\/artsvest\/\"},{\"@type\":\"ListItem\",\"position\":3,\"name\":\"artsvest Impact\"}]},{\"@type\":\"WebSite\",\"@id\":\"https:\/\/www.businessandarts.org\/#website\",\"url\":\"https:\/\/www.businessandarts.org\/\",\"name\":\"Business \/ Arts\",\"description\":\"\",\"potentialAction\":[{\"@type\":\"SearchAction\",\"target\":{\"@type\":\"EntryPoint\",\"urlTemplate\":\"https:\/\/www.businessandarts.org\/?s={search_term_string}\"},\"query-input\":{\"@type\":\"PropertyValueSpecification\",\"valueRequired\":true,\"valueName\":\"search_term_string\"}}],\"inLanguage\":\"fr-FR\"}]}<\/script>\n<!-- \/ Yoast SEO plugin. -->","yoast_head_json":{"title":"artsvest Impact - Business \/ Arts","robots":{"index":"index","follow":"follow","max-snippet":"max-snippet:-1","max-image-preview":"max-image-preview:large","max-video-preview":"max-video-preview:-1"},"canonical":"https:\/\/www.businessandarts.org\/fr\/artsvest\/national-impact\/","og_locale":"fr_FR","og_type":"article","og_title":"artsvest Impact - Business \/ Arts","og_description":"R\u00e9sultats nationaux De 2011 \u00e0 2026, le gouvernement du Canada (Minist\u00e8re du Patrimoine canadien) a aid\u00e9 artsvest \u00e0 devenir un programme v\u00e9ritablement national, ayant un impact consid\u00e9rable sur les organismes artistiques \u00e0 travers le pays. Nous sommes profond\u00e9ment reconnaissants de&hellip;Lire plus de artsvest Impact &#8250;","og_url":"https:\/\/www.businessandarts.org\/fr\/artsvest\/national-impact\/","og_site_name":"Business \/ Arts","article_modified_time":"2026-02-05T19:44:54+00:00","og_image":[{"width":2104,"height":1415,"url":"https:\/\/www.businessandarts.org\/wp-content\/uploads\/2026\/02\/NATIONAL-26F-1.png","type":"image\/png"}],"twitter_card":"summary_large_image","twitter_misc":{"Dur\u00e9e de lecture estim\u00e9e":"3 minutes"},"schema":{"@context":"https:\/\/schema.org","@graph":[{"@type":"WebPage","@id":"https:\/\/www.businessandarts.org\/fr\/artsvest\/national-impact\/","url":"https:\/\/www.businessandarts.org\/fr\/artsvest\/national-impact\/","name":"artsvest Impact - Business \/ Arts","isPartOf":{"@id":"https:\/\/www.businessandarts.org\/#website"},"primaryImageOfPage":{"@id":"https:\/\/www.businessandarts.org\/fr\/artsvest\/national-impact\/#primaryimage"},"image":{"@id":"https:\/\/www.businessandarts.org\/fr\/artsvest\/national-impact\/#primaryimage"},"thumbnailUrl":"https:\/\/www.businessandarts.org\/wp-content\/uploads\/2026\/02\/NATIONAL-26F-1.png","datePublished":"2026-02-05T19:28:52+00:00","dateModified":"2026-02-05T19:44:54+00:00","breadcrumb":{"@id":"https:\/\/www.businessandarts.org\/fr\/artsvest\/national-impact\/#breadcrumb"},"inLanguage":"fr-FR","potentialAction":[{"@type":"ReadAction","target":["https:\/\/www.businessandarts.org\/fr\/artsvest\/national-impact\/"]}]},{"@type":"ImageObject","inLanguage":"fr-FR","@id":"https:\/\/www.businessandarts.org\/fr\/artsvest\/national-impact\/#primaryimage","url":"https:\/\/www.businessandarts.org\/wp-content\/uploads\/2026\/02\/NATIONAL-26F-1.png","contentUrl":"https:\/\/www.businessandarts.org\/wp-content\/uploads\/2026\/02\/NATIONAL-26F-1.png"},{"@type":"BreadcrumbList","@id":"https:\/\/www.businessandarts.org\/fr\/artsvest\/national-impact\/#breadcrumb","itemListElement":[{"@type":"ListItem","position":1,"name":"Home","item":"https:\/\/www.businessandarts.org\/fr\/"},{"@type":"ListItem","position":2,"name":"artsvest","item":"https:\/\/www.businessandarts.org\/fr\/artsvest\/"},{"@type":"ListItem","position":3,"name":"artsvest Impact"}]},{"@type":"WebSite","@id":"https:\/\/www.businessandarts.org\/#website","url":"https:\/\/www.businessandarts.org\/","name":"Business \/ Arts","description":"","potentialAction":[{"@type":"SearchAction","target":{"@type":"EntryPoint","urlTemplate":"https:\/\/www.businessandarts.org\/?s={search_term_string}"},"query-input":{"@type":"PropertyValueSpecification","valueRequired":true,"valueName":"search_term_string"}}],"inLanguage":"fr-FR"}]}},"_links":{"self":[{"href":"https:\/\/www.businessandarts.org\/fr\/wp-json\/wp\/v2\/pages\/29681","targetHints":{"allow":["GET"]}}],"collection":[{"href":"https:\/\/www.businessandarts.org\/fr\/wp-json\/wp\/v2\/pages"}],"about":[{"href":"https:\/\/www.businessandarts.org\/fr\/wp-json\/wp\/v2\/types\/page"}],"author":[{"embeddable":true,"href":"https:\/\/www.businessandarts.org\/fr\/wp-json\/wp\/v2\/users\/1"}],"replies":[{"embeddable":true,"href":"https:\/\/www.businessandarts.org\/fr\/wp-json\/wp\/v2\/comments?post=29681"}],"version-history":[{"count":4,"href":"https:\/\/www.businessandarts.org\/fr\/wp-json\/wp\/v2\/pages\/29681\/revisions"}],"predecessor-version":[{"id":29698,"href":"https:\/\/www.businessandarts.org\/fr\/wp-json\/wp\/v2\/pages\/29681\/revisions\/29698"}],"up":[{"embeddable":true,"href":"https:\/\/www.businessandarts.org\/fr\/wp-json\/wp\/v2\/pages\/17375"}],"wp:attachment":[{"href":"https:\/\/www.businessandarts.org\/fr\/wp-json\/wp\/v2\/media?parent=29681"}],"curies":[{"name":"wp","href":"https:\/\/api.w.org\/{rel}","templated":true}]}}