{"id":29384,"date":"2026-02-04T15:11:17","date_gmt":"2026-02-04T15:11:17","guid":{"rendered":"https:\/\/www.businessandarts.org\/?page_id=29384"},"modified":"2026-02-17T15:05:52","modified_gmt":"2026-02-17T15:05:52","slug":"national","status":"publish","type":"page","link":"https:\/\/www.businessandarts.org\/fr\/artsvest\/national\/","title":{"rendered":"artsvest national"},"content":{"rendered":"<p style=\"text-align: center;\"><strong><span style=\"font-size: 25px;\"><span style=\"color: #0f7b62;\">artsvest National<\/span><\/span><\/strong><\/p>\n<p><span><strong>artsvest National<\/strong> offre des opportunit\u00e9s de d\u00e9veloppement professionnel sur un vaste \u00e9ventail de sujets pertinents, comme <strong>les commandites et parrainages, le d\u00e9veloppement de fonds, le marketing, la gouvernance du conseil d&#8217;administration, le d\u00e9veloppement organisationnel, l&#8217;adaptation au changement, \u00c9DIA et l&#8217;engagement communautaire.\u00a0<\/strong><\/span><\/p>\n<p style=\"text-align: left;\"><strong><span style=\"font-size: 20px;\"><span style=\"color: #0f7b62;\">Crit\u00e8res d&#8217;admissibilit\u00e9\u00a0:<\/span><\/span><\/strong><\/p>\n<div class=\"pkg-desc\">\n<ul class=\"def-ul\">\n<li aria-level=\"1\"><span>Organisme sans but lucratif, soci\u00e9t\u00e9 ou organisme caritatif enregistr\u00e9 en activit\u00e9 au Canada<\/span><\/li>\n<li aria-level=\"1\"><span>Offre de programmation, de produits ou de services artistiques, culturels ou patrimoniaux accessibles au public\u00a0<\/span><\/li>\n<li aria-level=\"1\"><span>Engagement \u00e0 accro\u00eetre sa capacit\u00e9 organisationnelle par la voie de formation et de mentorat<\/span><\/li>\n<\/ul>\n<\/div>\n<p><span>De plus, les organismes doivent r\u00e9pondre \u00e0 au moins deux crit\u00e8res de la liste qui suit\u00a0:<\/span><\/p>\n<div class=\"pkg-desc\">\n<ul class=\"def-ul\">\n<li aria-level=\"1\"><span>Budget de fonctionnement annuel inf\u00e9rieur \u00e0 1,5 million de dollars<\/span><\/li>\n<li aria-level=\"1\"><span>Cinq employ\u00e9s.\u00e9es ou moins<\/span><\/li>\n<li aria-level=\"1\"><span>Mandat ou programmation ax\u00e9 sur des communaut\u00e9s rurales, mal desservies ou en qu\u00eate d&#8217;\u00e9quit\u00e9<\/span><\/li>\n<\/ul>\n<\/div>\n<p style=\"text-align: left;\"><strong><span style=\"font-size: 20px;\"><span style=\"color: #0f7b62;\">Organismes non admissibles\u00a0:<\/span><\/span><\/strong><\/p>\n<div class=\"pkg-desc\">\n<ul class=\"def-ul\">\n<li aria-level=\"1\"><span>Institutions religieuses<\/span><\/li>\n<li aria-level=\"1\"><span>Organismes des milieux de la sant\u00e9, des services sociaux et des sports<\/span><\/li>\n<li aria-level=\"1\"><span>Agences gouvernementales et partis politiques<\/span><\/li>\n<li aria-level=\"1\"><span>Institutions p\u00e9dagogiques (\u00e0 l&#8217;exception des \u00e9coles artistiques ind\u00e9pendantes \u00e0 but non lucratif)<\/span><\/li>\n<\/ul>\n<\/div>\n<h3 style=\"text-align: center;\"><span>Joignez-vous \u00e0 artsvest National!<\/span><\/h3>\n<p><span><strong>Les inscriptions sont accept\u00e9es en continu!<\/strong> Pour commencer votre aventure avec artsvest National, vous n&#8217;avez qu&#8217;\u00e0 remplir le formulaire d&#8217;inscription. Si vous avez besoin d&#8217;aide ou d&#8217;accommodement, veuillez communiquer avec notre \u00e9quipe au <a href=\"mailto:artsvest@businessforthearts.org\">artsvest@businessforthearts.org<\/a>.<\/span><\/p>\n<form action=\"https:\/\/fs7.formsite.com\/W1pYtS\/1zuxpfment\/index\" target=\"_blank\"><button style=\"background-color: #46b797; padding: 20px 28px; margin: auto; display: block; border-radius: 20px; font: bold 22px Arial; color: white;\">Inscrivez-vous<\/button><\/form>\n<hr \/>\n<p><em>Banni\u00e8re principale : photos de gauche \u00e0 droite \u2014 artsvest, Melfort Arts Council (Saskatchewan), RealWheels Theatre (Colombie-Britannique) <\/em><\/p>\n<hr \/>\n<h4 style=\"text-align: center;\">Bailleurs de fonds<\/h4>\n<p>&nbsp;<\/p>\n<div class=\"su-row\">\n<div class=\"su-column su-column-size-1-2\"><div class=\"su-column-inner su-u-clearfix su-u-trim\"><img loading=\"lazy\" decoding=\"async\" src=\"https:\/\/www.businessandarts.org\/wp-content\/uploads\/2024\/09\/Canada-1.png\" alt=\"\" width=\"154\" height=\"37\" class=\" wp-image-23768 aligncenter\" \/><\/div><\/div>\n<div class=\"su-column su-column-size-1-2\"><div class=\"su-column-inner su-u-clearfix su-u-trim\"><img loading=\"lazy\" decoding=\"async\" src=\"https:\/\/www.businessandarts.org\/wp-content\/uploads\/2026\/01\/CCC-F.png\" alt=\"\" width=\"338\" height=\"56\" class=\" wp-image-28474 aligncenter\" \/><\/div><\/div>\n<\/div>\n<div class=\"su-row\">\n<div class=\"su-column su-column-size-1-2\"><div class=\"su-column-inner su-u-clearfix su-u-trim\">\n<p><img loading=\"lazy\" decoding=\"async\" src=\"https:\/\/www.businessandarts.org\/wp-content\/uploads\/2023\/05\/AlbertaFoundationfortheArts.png\" alt=\"\" class=\"wp-image-18766 aligncenter\" width=\"209\" height=\"87\" \/><\/p>\n<\/div><\/div>\n<div class=\"su-column su-column-size-1-2\"><div class=\"su-column-inner su-u-clearfix su-u-trim\">\n<p><img loading=\"lazy\" decoding=\"async\" src=\"https:\/\/www.businessandarts.org\/wp-content\/uploads\/2024\/03\/BC-logo-upd-1.png\" alt=\"\" width=\"400\" height=\"129\" class=\" wp-image-22022 aligncenter\" \/><\/p>\n<\/div><\/div>\n<\/div>\n<div class=\"su-row\">\n<div class=\"su-column su-column-size-1-2\"><div class=\"su-column-inner su-u-clearfix su-u-trim\">\n<p><img loading=\"lazy\" decoding=\"async\" src=\"https:\/\/www.businessandarts.org\/wp-content\/uploads\/2025\/03\/ONtario-logos.png\" alt=\"\" width=\"429\" height=\"71\" class=\" wp-image-29988 aligncenter\" \/><\/p>\n<\/div><\/div>\n<div class=\"su-column su-column-size-1-2\"><div class=\"su-column-inner su-u-clearfix su-u-trim\">\n<p><img loading=\"lazy\" decoding=\"async\" src=\"https:\/\/www.businessandarts.org\/wp-content\/uploads\/2023\/05\/Saskatchewan-1.png\" alt=\"\" class=\" wp-image-18774 aligncenter\" width=\"223\" height=\"51\" \/><\/p>\n<\/div><\/div>\n<\/div>\n<div class=\"su-row\">\n<div class=\"su-column su-column-size-1-2\"><div class=\"su-column-inner su-u-clearfix su-u-trim\">\n<p><img loading=\"lazy\" decoding=\"async\" src=\"https:\/\/www.businessandarts.org\/wp-content\/uploads\/2025\/01\/Sudbury_artsvest.png\" alt=\"\" width=\"225\" height=\"85\" class=\" wp-image-24692 aligncenter\" \/><\/p>\n<\/div><\/div>\n<div class=\"su-column su-column-size-1-2\"><div class=\"su-column-inner su-u-clearfix su-u-trim\">\n<p><img loading=\"lazy\" decoding=\"async\" src=\"https:\/\/www.businessandarts.org\/wp-content\/uploads\/2023\/05\/Toronto-1.png\" alt=\"\" class=\"wp-image-18775 aligncenter\" width=\"182\" height=\"64\" \/><\/p>\n<\/div><\/div>\n<\/div>\n<div class=\"su-row\">\n<div class=\"su-column su-column-size-1-1\"><div class=\"su-column-inner su-u-clearfix su-u-trim\">\n<p><img loading=\"lazy\" decoding=\"async\" src=\"https:\/\/www.businessandarts.org\/wp-content\/uploads\/2025\/01\/WpgFdn_Logo_JPG_Colour.jpg\" alt=\"\" width=\"160\" height=\"79\" class=\" wp-image-24695 aligncenter\" \/><\/p>\n<\/div><\/div>\n<\/div>\n","protected":false},"excerpt":{"rendered":"<p>artsvest National artsvest National offre des opportunit\u00e9s de d\u00e9veloppement professionnel sur un vaste \u00e9ventail de sujets pertinents, comme les commandites et parrainages, le d\u00e9veloppement de fonds, le marketing, la gouvernance du conseil d&#8217;administration, le d\u00e9veloppement organisationnel, l&#8217;adaptation au changement, \u00c9DIA<span class=\"ellipsis\">&hellip;<\/span><\/p>\n<div class=\"read-more\"><a href=\"https:\/\/www.businessandarts.org\/fr\/artsvest\/national\/\">Lire plus de <span class=\"screen-reader-text\">artsvest national<\/span><span class=\"meta-nav\"> &#8250;<\/span><\/a><\/div>\n<p><!-- end of .read-more --><\/p>\n","protected":false},"author":1,"featured_media":0,"parent":17375,"menu_order":0,"comment_status":"closed","ping_status":"closed","template":"page-templates\/sidebar-with-CAS-tmp.php","meta":{"_acf_changed":false,"footnotes":""},"class_list":["post-29384","page","type-page","status-publish","hentry"],"acf":[],"yoast_head":"<!-- This site is optimized with the Yoast SEO plugin v23.7 - https:\/\/yoast.com\/wordpress\/plugins\/seo\/ -->\n<title>artsvest national - Business \/ Arts<\/title>\n<meta name=\"robots\" content=\"index, follow, max-snippet:-1, max-image-preview:large, max-video-preview:-1\" \/>\n<link rel=\"canonical\" href=\"https:\/\/www.businessandarts.org\/fr\/artsvest\/national\/\" \/>\n<meta property=\"og:locale\" content=\"fr_FR\" \/>\n<meta property=\"og:type\" content=\"article\" \/>\n<meta property=\"og:title\" content=\"artsvest national - Business \/ Arts\" \/>\n<meta property=\"og:description\" content=\"artsvest National artsvest National offre des opportunit\u00e9s de d\u00e9veloppement professionnel sur un vaste \u00e9ventail de sujets pertinents, comme les commandites et parrainages, le d\u00e9veloppement de fonds, le marketing, la gouvernance du conseil d&#8217;administration, le d\u00e9veloppement organisationnel, l&#8217;adaptation au changement, \u00c9DIA&hellip;Lire plus de artsvest national &#8250;\" \/>\n<meta property=\"og:url\" content=\"https:\/\/www.businessandarts.org\/fr\/artsvest\/national\/\" \/>\n<meta property=\"og:site_name\" content=\"Business \/ Arts\" \/>\n<meta property=\"article:modified_time\" content=\"2026-02-17T15:05:52+00:00\" \/>\n<meta property=\"og:image\" content=\"https:\/\/www.businessandarts.org\/wp-content\/uploads\/2024\/09\/Canada-1.png\" \/>\n\t<meta property=\"og:image:width\" content=\"280\" \/>\n\t<meta property=\"og:image:height\" content=\"67\" \/>\n\t<meta property=\"og:image:type\" content=\"image\/png\" \/>\n<meta name=\"twitter:card\" content=\"summary_large_image\" \/>\n<meta name=\"twitter:label1\" content=\"Dur\u00e9e de lecture estim\u00e9e\" \/>\n\t<meta name=\"twitter:data1\" content=\"4 minutes\" \/>\n<script type=\"application\/ld+json\" class=\"yoast-schema-graph\">{\"@context\":\"https:\/\/schema.org\",\"@graph\":[{\"@type\":\"WebPage\",\"@id\":\"https:\/\/www.businessandarts.org\/fr\/artsvest\/national\/\",\"url\":\"https:\/\/www.businessandarts.org\/fr\/artsvest\/national\/\",\"name\":\"artsvest national - Business \/ Arts\",\"isPartOf\":{\"@id\":\"https:\/\/www.businessandarts.org\/#website\"},\"primaryImageOfPage\":{\"@id\":\"https:\/\/www.businessandarts.org\/fr\/artsvest\/national\/#primaryimage\"},\"image\":{\"@id\":\"https:\/\/www.businessandarts.org\/fr\/artsvest\/national\/#primaryimage\"},\"thumbnailUrl\":\"https:\/\/www.businessandarts.org\/wp-content\/uploads\/2024\/09\/Canada-1.png\",\"datePublished\":\"2026-02-04T15:11:17+00:00\",\"dateModified\":\"2026-02-17T15:05:52+00:00\",\"breadcrumb\":{\"@id\":\"https:\/\/www.businessandarts.org\/fr\/artsvest\/national\/#breadcrumb\"},\"inLanguage\":\"fr-FR\",\"potentialAction\":[{\"@type\":\"ReadAction\",\"target\":[\"https:\/\/www.businessandarts.org\/fr\/artsvest\/national\/\"]}]},{\"@type\":\"ImageObject\",\"inLanguage\":\"fr-FR\",\"@id\":\"https:\/\/www.businessandarts.org\/fr\/artsvest\/national\/#primaryimage\",\"url\":\"https:\/\/www.businessandarts.org\/wp-content\/uploads\/2024\/09\/Canada-1.png\",\"contentUrl\":\"https:\/\/www.businessandarts.org\/wp-content\/uploads\/2024\/09\/Canada-1.png\"},{\"@type\":\"BreadcrumbList\",\"@id\":\"https:\/\/www.businessandarts.org\/fr\/artsvest\/national\/#breadcrumb\",\"itemListElement\":[{\"@type\":\"ListItem\",\"position\":1,\"name\":\"Home\",\"item\":\"https:\/\/www.businessandarts.org\/fr\/\"},{\"@type\":\"ListItem\",\"position\":2,\"name\":\"artsvest\",\"item\":\"https:\/\/www.businessandarts.org\/fr\/artsvest\/\"},{\"@type\":\"ListItem\",\"position\":3,\"name\":\"artsvest national\"}]},{\"@type\":\"WebSite\",\"@id\":\"https:\/\/www.businessandarts.org\/#website\",\"url\":\"https:\/\/www.businessandarts.org\/\",\"name\":\"Business \/ Arts\",\"description\":\"\",\"potentialAction\":[{\"@type\":\"SearchAction\",\"target\":{\"@type\":\"EntryPoint\",\"urlTemplate\":\"https:\/\/www.businessandarts.org\/?s={search_term_string}\"},\"query-input\":{\"@type\":\"PropertyValueSpecification\",\"valueRequired\":true,\"valueName\":\"search_term_string\"}}],\"inLanguage\":\"fr-FR\"}]}<\/script>\n<!-- \/ Yoast SEO plugin. -->","yoast_head_json":{"title":"artsvest national - Business \/ Arts","robots":{"index":"index","follow":"follow","max-snippet":"max-snippet:-1","max-image-preview":"max-image-preview:large","max-video-preview":"max-video-preview:-1"},"canonical":"https:\/\/www.businessandarts.org\/fr\/artsvest\/national\/","og_locale":"fr_FR","og_type":"article","og_title":"artsvest national - Business \/ Arts","og_description":"artsvest National artsvest National offre des opportunit\u00e9s de d\u00e9veloppement professionnel sur un vaste \u00e9ventail de sujets pertinents, comme les commandites et parrainages, le d\u00e9veloppement de fonds, le marketing, la gouvernance du conseil d&#8217;administration, le d\u00e9veloppement organisationnel, l&#8217;adaptation au changement, \u00c9DIA&hellip;Lire plus de artsvest national &#8250;","og_url":"https:\/\/www.businessandarts.org\/fr\/artsvest\/national\/","og_site_name":"Business \/ Arts","article_modified_time":"2026-02-17T15:05:52+00:00","og_image":[{"width":280,"height":67,"url":"https:\/\/www.businessandarts.org\/wp-content\/uploads\/2024\/09\/Canada-1.png","type":"image\/png"}],"twitter_card":"summary_large_image","twitter_misc":{"Dur\u00e9e de lecture estim\u00e9e":"4 minutes"},"schema":{"@context":"https:\/\/schema.org","@graph":[{"@type":"WebPage","@id":"https:\/\/www.businessandarts.org\/fr\/artsvest\/national\/","url":"https:\/\/www.businessandarts.org\/fr\/artsvest\/national\/","name":"artsvest national - Business \/ Arts","isPartOf":{"@id":"https:\/\/www.businessandarts.org\/#website"},"primaryImageOfPage":{"@id":"https:\/\/www.businessandarts.org\/fr\/artsvest\/national\/#primaryimage"},"image":{"@id":"https:\/\/www.businessandarts.org\/fr\/artsvest\/national\/#primaryimage"},"thumbnailUrl":"https:\/\/www.businessandarts.org\/wp-content\/uploads\/2024\/09\/Canada-1.png","datePublished":"2026-02-04T15:11:17+00:00","dateModified":"2026-02-17T15:05:52+00:00","breadcrumb":{"@id":"https:\/\/www.businessandarts.org\/fr\/artsvest\/national\/#breadcrumb"},"inLanguage":"fr-FR","potentialAction":[{"@type":"ReadAction","target":["https:\/\/www.businessandarts.org\/fr\/artsvest\/national\/"]}]},{"@type":"ImageObject","inLanguage":"fr-FR","@id":"https:\/\/www.businessandarts.org\/fr\/artsvest\/national\/#primaryimage","url":"https:\/\/www.businessandarts.org\/wp-content\/uploads\/2024\/09\/Canada-1.png","contentUrl":"https:\/\/www.businessandarts.org\/wp-content\/uploads\/2024\/09\/Canada-1.png"},{"@type":"BreadcrumbList","@id":"https:\/\/www.businessandarts.org\/fr\/artsvest\/national\/#breadcrumb","itemListElement":[{"@type":"ListItem","position":1,"name":"Home","item":"https:\/\/www.businessandarts.org\/fr\/"},{"@type":"ListItem","position":2,"name":"artsvest","item":"https:\/\/www.businessandarts.org\/fr\/artsvest\/"},{"@type":"ListItem","position":3,"name":"artsvest national"}]},{"@type":"WebSite","@id":"https:\/\/www.businessandarts.org\/#website","url":"https:\/\/www.businessandarts.org\/","name":"Business \/ Arts","description":"","potentialAction":[{"@type":"SearchAction","target":{"@type":"EntryPoint","urlTemplate":"https:\/\/www.businessandarts.org\/?s={search_term_string}"},"query-input":{"@type":"PropertyValueSpecification","valueRequired":true,"valueName":"search_term_string"}}],"inLanguage":"fr-FR"}]}},"_links":{"self":[{"href":"https:\/\/www.businessandarts.org\/fr\/wp-json\/wp\/v2\/pages\/29384","targetHints":{"allow":["GET"]}}],"collection":[{"href":"https:\/\/www.businessandarts.org\/fr\/wp-json\/wp\/v2\/pages"}],"about":[{"href":"https:\/\/www.businessandarts.org\/fr\/wp-json\/wp\/v2\/types\/page"}],"author":[{"embeddable":true,"href":"https:\/\/www.businessandarts.org\/fr\/wp-json\/wp\/v2\/users\/1"}],"replies":[{"embeddable":true,"href":"https:\/\/www.businessandarts.org\/fr\/wp-json\/wp\/v2\/comments?post=29384"}],"version-history":[{"count":13,"href":"https:\/\/www.businessandarts.org\/fr\/wp-json\/wp\/v2\/pages\/29384\/revisions"}],"predecessor-version":[{"id":30142,"href":"https:\/\/www.businessandarts.org\/fr\/wp-json\/wp\/v2\/pages\/29384\/revisions\/30142"}],"up":[{"embeddable":true,"href":"https:\/\/www.businessandarts.org\/fr\/wp-json\/wp\/v2\/pages\/17375"}],"wp:attachment":[{"href":"https:\/\/www.businessandarts.org\/fr\/wp-json\/wp\/v2\/media?parent=29384"}],"curies":[{"name":"wp","href":"https:\/\/api.w.org\/{rel}","templated":true}]}}