{"id":29367,"date":"2026-02-04T14:52:33","date_gmt":"2026-02-04T14:52:33","guid":{"rendered":"https:\/\/www.businessandarts.org\/?page_id=29367"},"modified":"2026-02-17T15:06:26","modified_gmt":"2026-02-17T15:06:26","slug":"regional","status":"publish","type":"page","link":"https:\/\/www.businessandarts.org\/fr\/artsvest\/regional\/","title":{"rendered":"artsvest R\u00e9gional"},"content":{"rendered":"<p style=\"text-align: center;\"><strong><span style=\"font-size: 25px;\"><span style=\"color: #0f7b62;\">Voici ce que vous offre artsvest R\u00e9gional?<\/span><\/span><\/strong><\/p>\n<p><span><strong>artsvest R\u00e9gional<\/strong> est un programme plus cibl\u00e9 qui est disponible dans certaines r\u00e9gions seulement, l\u00e0 o\u00f9 il est possible de travailler avec un partenaire de financement local. Ce programme vient s&#8217;ajouter \u00e0 <a href=\"https:\/\/www.businessandarts.org\/fr\/artsvest\/national\/\">artsvest national<\/a> et se concentre davantage sur le renforcement de capacit\u00e9 de parrainage pour certains organismes d&#8217;une r\u00e9gion donn\u00e9e. Il offre \u00e0 ces organismes des outils permettant d&#8217;attirer et de retenir des entreprises partenaires qui les aident \u00e0 grandir et \u00e0 s&#8217;\u00e9panouir \u00e0 long terme.<\/span><\/p>\n<p><span>Les demandes \u00e0 <strong>artsvest R\u00e9gional<\/strong> sont accept\u00e9es pendant une p\u00e9riode sp\u00e9cifique seulement. Les organismes re\u00e7oivent des fonds de contrepartie (en moyenne 5000\u00a0$) pour avoir attir\u00e9 un soutien du secteur priv\u00e9, en plus de profiter d&#8217;occasions de mentorat personnalis\u00e9. Un engagement minimal de 12 heures de formation est n\u00e9cessaire sur un cycle de 8 mois.<\/span><\/p>\n<p><span><strong>artsvest R\u00e9gional<\/strong> <strong>est actuellement actif en Colombie-Britannique, en Alberta, en Saskatchewan, en Ontario, \u00e0 Winnipeg, \u00e0 Sudbury et \u00e0 Toronto.\u00a0<\/strong><\/span><\/p>\n<p><strong><strong><span style=\"font-size: 12pt; color: #0d809b;\">Parcourez la carte pour en savoir plus sur les r\u00e9gions participantes et les partenaires.<\/span><\/strong><\/strong><\/p>\n<p><span>Pour contribuer \u00e0 l&#8217;arriv\u00e9e <strong>d&#8217;artsvest R\u00e9gional<\/strong> dans votre r\u00e9gion, communiquez avec nous au <\/span><a href=\"mailto:artsvest@businessforthearts.org\"><span>artsvest@businessforthearts.org<\/span><\/a><\/p>\n<p>&nbsp;<\/p>\n<hr \/>\n<div style=\"position: relative; width: 100%; height: 0; padding-top: 90.22%; \/* 830\/920*100 = 90.22% to keep aspect ratio *\/ overflow: hidden; max-width: 100vw;\"><iframe style=\"position: absolute; top: 0; left: 0; width: 100%; height: 100%; border: none;\" src=\"https:\/\/www.businessandarts.org\/artsvest2026\/map26-fre.html\" loading=\"lazy\"><br \/>\n<\/iframe><\/div>\n<hr \/>\n<p><em>Banni\u00e8re principale : photos de gauche \u00e0 droite \u2014 artsvest, Temiskaming Art Gallery (Ontario), Brampton Arts Organization (Ontario) <\/em><\/p>\n<hr \/>\n<h4 style=\"text-align: center;\">Bailleurs de fonds<\/h4>\n<p>&nbsp;<\/p>\n<div class=\"su-row\">\n<div class=\"su-column su-column-size-1-2\"><div class=\"su-column-inner su-u-clearfix su-u-trim\"><img loading=\"lazy\" decoding=\"async\" src=\"https:\/\/www.businessandarts.org\/wp-content\/uploads\/2024\/09\/Canada-1.png\" alt=\"\" width=\"154\" height=\"37\" class=\" wp-image-23768 aligncenter\" \/><\/div><\/div>\n<div class=\"su-column su-column-size-1-2\"><div class=\"su-column-inner su-u-clearfix su-u-trim\"><img loading=\"lazy\" decoding=\"async\" src=\"https:\/\/www.businessandarts.org\/wp-content\/uploads\/2026\/01\/CCC-F.png\" alt=\"\" width=\"338\" height=\"56\" class=\" wp-image-28474 aligncenter\" \/><\/div><\/div>\n<\/div>\n<div class=\"su-row\">\n<div class=\"su-column su-column-size-1-2\"><div class=\"su-column-inner su-u-clearfix su-u-trim\">\n<p><img loading=\"lazy\" decoding=\"async\" src=\"https:\/\/www.businessandarts.org\/wp-content\/uploads\/2023\/05\/AlbertaFoundationfortheArts.png\" alt=\"\" class=\"wp-image-18766 aligncenter\" width=\"209\" height=\"87\" \/><\/p>\n<\/div><\/div>\n<div class=\"su-column su-column-size-1-2\"><div class=\"su-column-inner su-u-clearfix su-u-trim\">\n<p><img loading=\"lazy\" decoding=\"async\" src=\"https:\/\/www.businessandarts.org\/wp-content\/uploads\/2024\/03\/BC-logo-upd-1.png\" alt=\"\" width=\"400\" height=\"129\" class=\" wp-image-22022 aligncenter\" \/><\/p>\n<\/div><\/div>\n<\/div>\n<div class=\"su-row\">\n<div class=\"su-column su-column-size-1-2\"><div class=\"su-column-inner su-u-clearfix su-u-trim\">\n<p><img loading=\"lazy\" decoding=\"async\" src=\"https:\/\/www.businessandarts.org\/wp-content\/uploads\/2025\/03\/ONtario-logos.png\" alt=\"\" width=\"429\" height=\"71\" class=\" wp-image-29988 aligncenter\" \/><\/p>\n<\/div><\/div>\n<div class=\"su-column su-column-size-1-2\"><div class=\"su-column-inner su-u-clearfix su-u-trim\">\n<p><img loading=\"lazy\" decoding=\"async\" src=\"https:\/\/www.businessandarts.org\/wp-content\/uploads\/2023\/05\/Saskatchewan-1.png\" alt=\"\" class=\" wp-image-18774 aligncenter\" width=\"223\" height=\"51\" \/><\/p>\n<\/div><\/div>\n<\/div>\n<div class=\"su-row\">\n<div class=\"su-column su-column-size-1-2\"><div class=\"su-column-inner su-u-clearfix su-u-trim\">\n<p><img loading=\"lazy\" decoding=\"async\" src=\"https:\/\/www.businessandarts.org\/wp-content\/uploads\/2025\/01\/Sudbury_artsvest.png\" alt=\"\" width=\"225\" height=\"85\" class=\" wp-image-24692 aligncenter\" \/><\/p>\n<\/div><\/div>\n<div class=\"su-column su-column-size-1-2\"><div class=\"su-column-inner su-u-clearfix su-u-trim\">\n<p><img loading=\"lazy\" decoding=\"async\" src=\"https:\/\/www.businessandarts.org\/wp-content\/uploads\/2023\/05\/Toronto-1.png\" alt=\"\" class=\"wp-image-18775 aligncenter\" width=\"182\" height=\"64\" \/><\/p>\n<\/div><\/div>\n<\/div>\n<div class=\"su-row\">\n<div class=\"su-column su-column-size-1-1\"><div class=\"su-column-inner su-u-clearfix su-u-trim\">\n<p><img loading=\"lazy\" decoding=\"async\" src=\"https:\/\/www.businessandarts.org\/wp-content\/uploads\/2025\/01\/WpgFdn_Logo_JPG_Colour.jpg\" alt=\"\" width=\"160\" height=\"79\" class=\" wp-image-24695 aligncenter\" \/><\/p>\n<\/div><\/div>\n<\/div>\n","protected":false},"excerpt":{"rendered":"<p>Voici ce que vous offre artsvest R\u00e9gional? artsvest R\u00e9gional est un programme plus cibl\u00e9 qui est disponible dans certaines r\u00e9gions seulement, l\u00e0 o\u00f9 il est possible de travailler avec un partenaire de financement local. Ce programme vient s&#8217;ajouter \u00e0 artsvest<span class=\"ellipsis\">&hellip;<\/span><\/p>\n<div class=\"read-more\"><a href=\"https:\/\/www.businessandarts.org\/fr\/artsvest\/regional\/\">Lire plus de <span class=\"screen-reader-text\">artsvest R\u00e9gional<\/span><span class=\"meta-nav\"> &#8250;<\/span><\/a><\/div>\n<p><!-- end of .read-more --><\/p>\n","protected":false},"author":1,"featured_media":0,"parent":17375,"menu_order":0,"comment_status":"closed","ping_status":"closed","template":"page-templates\/sidebar-with-CAS-tmp.php","meta":{"_acf_changed":false,"footnotes":""},"class_list":["post-29367","page","type-page","status-publish","hentry"],"acf":[],"yoast_head":"<!-- This site is optimized with the Yoast SEO plugin v23.7 - https:\/\/yoast.com\/wordpress\/plugins\/seo\/ -->\n<title>artsvest R\u00e9gional - Business \/ Arts<\/title>\n<meta name=\"robots\" content=\"index, follow, max-snippet:-1, max-image-preview:large, max-video-preview:-1\" \/>\n<link rel=\"canonical\" href=\"https:\/\/www.businessandarts.org\/fr\/artsvest\/regional\/\" \/>\n<meta property=\"og:locale\" content=\"fr_FR\" \/>\n<meta property=\"og:type\" content=\"article\" \/>\n<meta property=\"og:title\" content=\"artsvest R\u00e9gional - Business \/ Arts\" \/>\n<meta property=\"og:description\" content=\"Voici ce que vous offre artsvest R\u00e9gional? artsvest R\u00e9gional est un programme plus cibl\u00e9 qui est disponible dans certaines r\u00e9gions seulement, l\u00e0 o\u00f9 il est possible de travailler avec un partenaire de financement local. Ce programme vient s&#8217;ajouter \u00e0 artsvest&hellip;Lire plus de artsvest R\u00e9gional &#8250;\" \/>\n<meta property=\"og:url\" content=\"https:\/\/www.businessandarts.org\/fr\/artsvest\/regional\/\" \/>\n<meta property=\"og:site_name\" content=\"Business \/ Arts\" \/>\n<meta property=\"article:modified_time\" content=\"2026-02-17T15:06:26+00:00\" \/>\n<meta property=\"og:image\" content=\"https:\/\/www.businessandarts.org\/wp-content\/uploads\/2024\/09\/Canada-1.png\" \/>\n\t<meta property=\"og:image:width\" content=\"280\" \/>\n\t<meta property=\"og:image:height\" content=\"67\" \/>\n\t<meta property=\"og:image:type\" content=\"image\/png\" \/>\n<meta name=\"twitter:card\" content=\"summary_large_image\" \/>\n<meta name=\"twitter:label1\" content=\"Dur\u00e9e de lecture estim\u00e9e\" \/>\n\t<meta name=\"twitter:data1\" content=\"3 minutes\" \/>\n<script type=\"application\/ld+json\" class=\"yoast-schema-graph\">{\"@context\":\"https:\/\/schema.org\",\"@graph\":[{\"@type\":\"WebPage\",\"@id\":\"https:\/\/www.businessandarts.org\/fr\/artsvest\/regional\/\",\"url\":\"https:\/\/www.businessandarts.org\/fr\/artsvest\/regional\/\",\"name\":\"artsvest R\u00e9gional - Business \/ Arts\",\"isPartOf\":{\"@id\":\"https:\/\/www.businessandarts.org\/#website\"},\"primaryImageOfPage\":{\"@id\":\"https:\/\/www.businessandarts.org\/fr\/artsvest\/regional\/#primaryimage\"},\"image\":{\"@id\":\"https:\/\/www.businessandarts.org\/fr\/artsvest\/regional\/#primaryimage\"},\"thumbnailUrl\":\"https:\/\/www.businessandarts.org\/wp-content\/uploads\/2024\/09\/Canada-1.png\",\"datePublished\":\"2026-02-04T14:52:33+00:00\",\"dateModified\":\"2026-02-17T15:06:26+00:00\",\"breadcrumb\":{\"@id\":\"https:\/\/www.businessandarts.org\/fr\/artsvest\/regional\/#breadcrumb\"},\"inLanguage\":\"fr-FR\",\"potentialAction\":[{\"@type\":\"ReadAction\",\"target\":[\"https:\/\/www.businessandarts.org\/fr\/artsvest\/regional\/\"]}]},{\"@type\":\"ImageObject\",\"inLanguage\":\"fr-FR\",\"@id\":\"https:\/\/www.businessandarts.org\/fr\/artsvest\/regional\/#primaryimage\",\"url\":\"https:\/\/www.businessandarts.org\/wp-content\/uploads\/2024\/09\/Canada-1.png\",\"contentUrl\":\"https:\/\/www.businessandarts.org\/wp-content\/uploads\/2024\/09\/Canada-1.png\"},{\"@type\":\"BreadcrumbList\",\"@id\":\"https:\/\/www.businessandarts.org\/fr\/artsvest\/regional\/#breadcrumb\",\"itemListElement\":[{\"@type\":\"ListItem\",\"position\":1,\"name\":\"Home\",\"item\":\"https:\/\/www.businessandarts.org\/fr\/\"},{\"@type\":\"ListItem\",\"position\":2,\"name\":\"artsvest\",\"item\":\"https:\/\/www.businessandarts.org\/fr\/artsvest\/\"},{\"@type\":\"ListItem\",\"position\":3,\"name\":\"artsvest R\u00e9gional\"}]},{\"@type\":\"WebSite\",\"@id\":\"https:\/\/www.businessandarts.org\/#website\",\"url\":\"https:\/\/www.businessandarts.org\/\",\"name\":\"Business \/ Arts\",\"description\":\"\",\"potentialAction\":[{\"@type\":\"SearchAction\",\"target\":{\"@type\":\"EntryPoint\",\"urlTemplate\":\"https:\/\/www.businessandarts.org\/?s={search_term_string}\"},\"query-input\":{\"@type\":\"PropertyValueSpecification\",\"valueRequired\":true,\"valueName\":\"search_term_string\"}}],\"inLanguage\":\"fr-FR\"}]}<\/script>\n<!-- \/ Yoast SEO plugin. -->","yoast_head_json":{"title":"artsvest R\u00e9gional - Business \/ Arts","robots":{"index":"index","follow":"follow","max-snippet":"max-snippet:-1","max-image-preview":"max-image-preview:large","max-video-preview":"max-video-preview:-1"},"canonical":"https:\/\/www.businessandarts.org\/fr\/artsvest\/regional\/","og_locale":"fr_FR","og_type":"article","og_title":"artsvest R\u00e9gional - Business \/ Arts","og_description":"Voici ce que vous offre artsvest R\u00e9gional? artsvest R\u00e9gional est un programme plus cibl\u00e9 qui est disponible dans certaines r\u00e9gions seulement, l\u00e0 o\u00f9 il est possible de travailler avec un partenaire de financement local. Ce programme vient s&#8217;ajouter \u00e0 artsvest&hellip;Lire plus de artsvest R\u00e9gional &#8250;","og_url":"https:\/\/www.businessandarts.org\/fr\/artsvest\/regional\/","og_site_name":"Business \/ Arts","article_modified_time":"2026-02-17T15:06:26+00:00","og_image":[{"width":280,"height":67,"url":"https:\/\/www.businessandarts.org\/wp-content\/uploads\/2024\/09\/Canada-1.png","type":"image\/png"}],"twitter_card":"summary_large_image","twitter_misc":{"Dur\u00e9e de lecture estim\u00e9e":"3 minutes"},"schema":{"@context":"https:\/\/schema.org","@graph":[{"@type":"WebPage","@id":"https:\/\/www.businessandarts.org\/fr\/artsvest\/regional\/","url":"https:\/\/www.businessandarts.org\/fr\/artsvest\/regional\/","name":"artsvest R\u00e9gional - Business \/ Arts","isPartOf":{"@id":"https:\/\/www.businessandarts.org\/#website"},"primaryImageOfPage":{"@id":"https:\/\/www.businessandarts.org\/fr\/artsvest\/regional\/#primaryimage"},"image":{"@id":"https:\/\/www.businessandarts.org\/fr\/artsvest\/regional\/#primaryimage"},"thumbnailUrl":"https:\/\/www.businessandarts.org\/wp-content\/uploads\/2024\/09\/Canada-1.png","datePublished":"2026-02-04T14:52:33+00:00","dateModified":"2026-02-17T15:06:26+00:00","breadcrumb":{"@id":"https:\/\/www.businessandarts.org\/fr\/artsvest\/regional\/#breadcrumb"},"inLanguage":"fr-FR","potentialAction":[{"@type":"ReadAction","target":["https:\/\/www.businessandarts.org\/fr\/artsvest\/regional\/"]}]},{"@type":"ImageObject","inLanguage":"fr-FR","@id":"https:\/\/www.businessandarts.org\/fr\/artsvest\/regional\/#primaryimage","url":"https:\/\/www.businessandarts.org\/wp-content\/uploads\/2024\/09\/Canada-1.png","contentUrl":"https:\/\/www.businessandarts.org\/wp-content\/uploads\/2024\/09\/Canada-1.png"},{"@type":"BreadcrumbList","@id":"https:\/\/www.businessandarts.org\/fr\/artsvest\/regional\/#breadcrumb","itemListElement":[{"@type":"ListItem","position":1,"name":"Home","item":"https:\/\/www.businessandarts.org\/fr\/"},{"@type":"ListItem","position":2,"name":"artsvest","item":"https:\/\/www.businessandarts.org\/fr\/artsvest\/"},{"@type":"ListItem","position":3,"name":"artsvest R\u00e9gional"}]},{"@type":"WebSite","@id":"https:\/\/www.businessandarts.org\/#website","url":"https:\/\/www.businessandarts.org\/","name":"Business \/ Arts","description":"","potentialAction":[{"@type":"SearchAction","target":{"@type":"EntryPoint","urlTemplate":"https:\/\/www.businessandarts.org\/?s={search_term_string}"},"query-input":{"@type":"PropertyValueSpecification","valueRequired":true,"valueName":"search_term_string"}}],"inLanguage":"fr-FR"}]}},"_links":{"self":[{"href":"https:\/\/www.businessandarts.org\/fr\/wp-json\/wp\/v2\/pages\/29367","targetHints":{"allow":["GET"]}}],"collection":[{"href":"https:\/\/www.businessandarts.org\/fr\/wp-json\/wp\/v2\/pages"}],"about":[{"href":"https:\/\/www.businessandarts.org\/fr\/wp-json\/wp\/v2\/types\/page"}],"author":[{"embeddable":true,"href":"https:\/\/www.businessandarts.org\/fr\/wp-json\/wp\/v2\/users\/1"}],"replies":[{"embeddable":true,"href":"https:\/\/www.businessandarts.org\/fr\/wp-json\/wp\/v2\/comments?post=29367"}],"version-history":[{"count":15,"href":"https:\/\/www.businessandarts.org\/fr\/wp-json\/wp\/v2\/pages\/29367\/revisions"}],"predecessor-version":[{"id":30144,"href":"https:\/\/www.businessandarts.org\/fr\/wp-json\/wp\/v2\/pages\/29367\/revisions\/30144"}],"up":[{"embeddable":true,"href":"https:\/\/www.businessandarts.org\/fr\/wp-json\/wp\/v2\/pages\/17375"}],"wp:attachment":[{"href":"https:\/\/www.businessandarts.org\/fr\/wp-json\/wp\/v2\/media?parent=29367"}],"curies":[{"name":"wp","href":"https:\/\/api.w.org\/{rel}","templated":true}]}}