{"id":28911,"date":"2026-01-22T21:01:31","date_gmt":"2026-01-22T21:01:31","guid":{"rendered":"https:\/\/www.businessandarts.org\/?page_id=28911"},"modified":"2026-01-23T18:02:11","modified_gmt":"2026-01-23T18:02:11","slug":"our-team","status":"publish","type":"page","link":"https:\/\/www.businessandarts.org\/fr\/apropos\/our-team\/","title":{"rendered":"Our Team"},"content":{"rendered":"<div class=\"su-row\">\n<div class=\"su-column su-column-size-1-3\"><div class=\"su-column-inner su-u-clearfix su-u-trim\">\n<p><a href=\"#boxzilla-28907\"><img loading=\"lazy\" decoding=\"async\" src=\"https:\/\/www.businessandarts.org\/wp-content\/uploads\/2026\/01\/AubreyR.png\" alt=\"\" width=\"220\" height=\"218\" class=\" wp-image-22092 aligncenter\" \/><\/a><\/p>\n<p style=\"font-size: 17px; color: #000000; text-align: center;\"><strong>Aubrey Reeves<\/strong><br \/>\n<em>Pr\u00e9sidente et directrice g\u00e9n\u00e9rale<\/em><\/p>\n<\/div><\/div>\n<div class=\"su-column su-column-size-1-3\"><div class=\"su-column-inner su-u-clearfix su-u-trim\">\n<p><a href=\"#boxzilla-28906\"><img loading=\"lazy\" decoding=\"async\" src=\"https:\/\/www.businessandarts.org\/wp-content\/uploads\/2026\/01\/AmadeoV.png\" alt=\"\" width=\"220\" height=\"218\" class=\" wp-image-22092 aligncenter\" \/><\/a><\/p>\n<p style=\"font-size: 17px; color: #000000; text-align: center;\"><strong>Amadeo Ventura<\/strong><br \/>\n<em>Directeur principale des partenariats et du d\u00e9veloppement<\/em><br \/>\n(416) 869-3016 Ext 4235<br \/>\n<a href=\"mailto:amadeo@businessforthearts.org\">envoyer un courriel \u00e0 Amadeo<\/a><\/p>\n<\/div><\/div>\n<div class=\"su-column su-column-size-1-3\"><div class=\"su-column-inner su-u-clearfix su-u-trim\">\n<p><a href=\"#boxzilla-28905\"><img loading=\"lazy\" decoding=\"async\" src=\"https:\/\/www.businessandarts.org\/wp-content\/uploads\/2026\/01\/ReemaF.png\" alt=\"\" width=\"220\" height=\"218\" class=\" wp-image-22092 aligncenter\" \/><\/a><\/p>\n<p style=\"font-size: 17px; color: #000000; text-align: center;\"><strong>Reema Fuller<\/strong><br \/>\n<em>Directrice principale, artsvest<\/em><br \/>\n(416) 869-3016 Ext 4236<br \/>\n<a href=\"mailto:reema@businessforthearts.org\">envoyer un courriel \u00e0 Reema<\/a><\/p>\n<\/div><\/div>\n<\/div>\n<div class=\"su-row\">\n<div class=\"su-column su-column-size-1-3\"><div class=\"su-column-inner su-u-clearfix su-u-trim\">\n<p><a href=\"#boxzilla-28904\"><img loading=\"lazy\" decoding=\"async\" src=\"https:\/\/www.businessandarts.org\/wp-content\/uploads\/2026\/01\/ErinB.png\" alt=\"\" width=\"220\" height=\"218\" class=\" wp-image-22092 aligncenter\" \/><\/a><\/p>\n<p style=\"font-size: 17px; color: #000000; text-align: center;\"><strong>Erin Borch<\/strong><br \/>\n<em>Directrice des communications<\/em><br \/>\n<a href=\"mailto:erin@businessforthearts.org\">envoyer un courriel \u00e0 Erin<\/a><\/p>\n<\/div><\/div>\n<div class=\"su-column su-column-size-1-3\"><div class=\"su-column-inner su-u-clearfix su-u-trim\">\n<p><a href=\"#boxzilla-28903\"><img loading=\"lazy\" decoding=\"async\" src=\"https:\/\/www.businessandarts.org\/wp-content\/uploads\/2026\/01\/AnaR.png\" alt=\"\" width=\"220\" height=\"218\" class=\" wp-image-22092 aligncenter\" \/><\/a><\/p>\n<p style=\"font-size: 17px; color: #000000; text-align: center;\"><strong>Ana Ramirez<\/strong><br \/>\n<em>Cr\u00e9atrice principale<\/em><br \/>\n<a href=\"mailto:ana@businessforthearts.org\">envoyer un courriel \u00e0 Ana<\/a><\/p>\n<\/div><\/div>\n<div class=\"su-column su-column-size-1-3\"><div class=\"su-column-inner su-u-clearfix su-u-trim\">\n<p><a href=\"#boxzilla-28902\"><img loading=\"lazy\" decoding=\"async\" src=\"https:\/\/www.businessandarts.org\/wp-content\/uploads\/2026\/01\/JasperS.png\" alt=\"\" width=\"220\" height=\"218\" class=\" wp-image-22092 aligncenter\" \/><\/a><\/p>\n<p style=\"font-size: 17px; color: #000000; text-align: center;\"><strong>Jasper Sloan Yip<\/strong><br \/>\n<em>Directeur des programmes et partenariats, artsvest<\/em><br \/>\n(416) 869-3016 Ext 4238<br \/>\n<a href=\"mailto:jasper@businessforthearts.org \">envoyer un courriel \u00e0 Jasper<\/a><\/p>\n<\/div><\/div>\n<\/div>\n<div class=\"su-row\">\n<div class=\"su-column su-column-size-1-3\"><div class=\"su-column-inner su-u-clearfix su-u-trim\">\n<p><a href=\"#boxzilla-28900\"><img loading=\"lazy\" decoding=\"async\" src=\"https:\/\/www.businessandarts.org\/wp-content\/uploads\/2026\/01\/TateP.png\" alt=\"\" width=\"220\" height=\"218\" class=\" wp-image-22092 aligncenter\" \/><\/a><\/p>\n<p style=\"font-size: 17px; color: #000000; text-align: center;\"><strong>Tate Peacock<\/strong><br \/>\n<em>Associ\u00e9e aux programmes et \u00e9v\u00e9nements, artsvest<\/em><br \/>\n<a href=\"mailto:tate@businessforthearts.org\">envoyer un courriel \u00e0 Tate<\/a><\/p>\n<\/div><\/div>\n<div class=\"su-column su-column-size-1-3\"><div class=\"su-column-inner su-u-clearfix su-u-trim\">\n<a href=\"#boxzilla-28901\"><img loading=\"lazy\" decoding=\"async\" src=\"https:\/\/www.businessandarts.org\/wp-content\/uploads\/2026\/01\/LauraO.png\" alt=\"\" width=\"220\" height=\"218\" class=\" wp-image-22092 aligncenter\" \/><\/a><\/p>\n<p style=\"font-size: 17px; color: #000000; text-align: center;\"><strong>Laura O\u2019Brien<\/strong><br \/>\n<em>Associ\u00e9e aux programmes, artsvest<\/em><br \/>\n<a href=\"mailto:laura@businessforthearts.org \">envoyer un courriel \u00e0 Laura<\/a><\/p>\n<\/div><\/div>\n<div class=\"su-column su-column-size-1-3\"><div class=\"su-column-inner su-u-clearfix su-u-trim\">\n<p><a href=\"#boxzilla-28899\"><img loading=\"lazy\" decoding=\"async\" src=\"https:\/\/www.businessandarts.org\/wp-content\/uploads\/2026\/01\/SiqiW.png\" alt=\"\" width=\"220\" height=\"218\" class=\" wp-image-22092 aligncenter\" \/><\/a><\/p>\n<p style=\"font-size: 17px; color: #000000; text-align: center;\"><strong>Siqi Wang<\/strong><br \/>\n<em>Associ\u00e9e au d\u00e9veloppement<\/em><br \/>\n<a href=\"mailto:siqi@businessforthearts.org\">envoyer un courriel \u00e0 Siqi<\/a><\/p>\n<\/div><\/div>\n<\/div>\n<div class=\"su-row\">\n<div class=\"su-column su-column-size-1-3\"><div class=\"su-column-inner su-u-clearfix su-u-trim\">\n<\/div><\/div>\n<div class=\"su-column su-column-size-1-3\"><div class=\"su-column-inner su-u-clearfix su-u-trim\">\n<a href=\"#boxzilla-28898\"><img loading=\"lazy\" decoding=\"async\" src=\"https:\/\/www.businessandarts.org\/wp-content\/uploads\/2026\/01\/AnchalA.png\" alt=\"\" width=\"220\" height=\"218\" class=\" wp-image-22092 aligncenter\" \/><\/a><\/p>\n<p style=\"font-size: 17px; color: #000000; text-align: center;\"><strong>Anchal Ahmed<\/strong><br \/>\n<em>Comptable junior<\/em><br \/>\n<a href=\"mailto:anchal@businessforthearts.org\">envoyer un courriel \u00e0 Anchal<\/a><\/p>\n<\/div><\/div>\n<div class=\"su-column su-column-size-1-3\"><div class=\"su-column-inner su-u-clearfix su-u-trim\">\n<\/div><\/div>\n<\/div>\n","protected":false},"excerpt":{"rendered":"","protected":false},"author":1,"featured_media":0,"parent":2562,"menu_order":0,"comment_status":"closed","ping_status":"closed","template":"page-templates\/sidebar-with-CAS-tmp.php","meta":{"_acf_changed":false,"footnotes":""},"class_list":["post-28911","page","type-page","status-publish","hentry"],"acf":[],"yoast_head":"<!-- This site is optimized with the Yoast SEO plugin v23.7 - https:\/\/yoast.com\/wordpress\/plugins\/seo\/ -->\n<title>Our Team - Business \/ Arts<\/title>\n<meta name=\"robots\" content=\"index, follow, max-snippet:-1, max-image-preview:large, max-video-preview:-1\" \/>\n<link rel=\"canonical\" href=\"https:\/\/www.businessandarts.org\/fr\/apropos\/our-team\/\" \/>\n<meta property=\"og:locale\" content=\"fr_FR\" \/>\n<meta property=\"og:type\" content=\"article\" \/>\n<meta property=\"og:title\" content=\"Our Team - Business \/ Arts\" \/>\n<meta property=\"og:url\" content=\"https:\/\/www.businessandarts.org\/fr\/apropos\/our-team\/\" \/>\n<meta property=\"og:site_name\" content=\"Business \/ Arts\" \/>\n<meta property=\"article:modified_time\" content=\"2026-01-23T18:02:11+00:00\" \/>\n<meta property=\"og:image\" content=\"https:\/\/www.businessandarts.org\/wp-content\/uploads\/2024\/04\/Mieko-Ouchi.png\" \/>\n\t<meta property=\"og:image:width\" content=\"900\" \/>\n\t<meta property=\"og:image:height\" content=\"900\" \/>\n\t<meta property=\"og:image:type\" content=\"image\/png\" \/>\n<meta name=\"twitter:card\" content=\"summary_large_image\" \/>\n<meta name=\"twitter:label1\" content=\"Dur\u00e9e de lecture estim\u00e9e\" \/>\n\t<meta name=\"twitter:data1\" content=\"3 minutes\" \/>\n<script type=\"application\/ld+json\" class=\"yoast-schema-graph\">{\"@context\":\"https:\/\/schema.org\",\"@graph\":[{\"@type\":\"WebPage\",\"@id\":\"https:\/\/www.businessandarts.org\/fr\/apropos\/our-team\/\",\"url\":\"https:\/\/www.businessandarts.org\/fr\/apropos\/our-team\/\",\"name\":\"Our Team - Business \/ Arts\",\"isPartOf\":{\"@id\":\"https:\/\/www.businessandarts.org\/#website\"},\"primaryImageOfPage\":{\"@id\":\"https:\/\/www.businessandarts.org\/fr\/apropos\/our-team\/#primaryimage\"},\"image\":{\"@id\":\"https:\/\/www.businessandarts.org\/fr\/apropos\/our-team\/#primaryimage\"},\"thumbnailUrl\":\"https:\/\/www.businessandarts.org\/wp-content\/uploads\/2026\/01\/AubreyR.png\",\"datePublished\":\"2026-01-22T21:01:31+00:00\",\"dateModified\":\"2026-01-23T18:02:11+00:00\",\"breadcrumb\":{\"@id\":\"https:\/\/www.businessandarts.org\/fr\/apropos\/our-team\/#breadcrumb\"},\"inLanguage\":\"fr-FR\",\"potentialAction\":[{\"@type\":\"ReadAction\",\"target\":[\"https:\/\/www.businessandarts.org\/fr\/apropos\/our-team\/\"]}]},{\"@type\":\"ImageObject\",\"inLanguage\":\"fr-FR\",\"@id\":\"https:\/\/www.businessandarts.org\/fr\/apropos\/our-team\/#primaryimage\",\"url\":\"https:\/\/www.businessandarts.org\/wp-content\/uploads\/2026\/01\/AubreyR.png\",\"contentUrl\":\"https:\/\/www.businessandarts.org\/wp-content\/uploads\/2026\/01\/AubreyR.png\"},{\"@type\":\"BreadcrumbList\",\"@id\":\"https:\/\/www.businessandarts.org\/fr\/apropos\/our-team\/#breadcrumb\",\"itemListElement\":[{\"@type\":\"ListItem\",\"position\":1,\"name\":\"Home\",\"item\":\"https:\/\/www.businessandarts.org\/fr\/\"},{\"@type\":\"ListItem\",\"position\":2,\"name\":\"\u00c0 propos\",\"item\":\"https:\/\/www.businessandarts.org\/fr\/apropos\/\"},{\"@type\":\"ListItem\",\"position\":3,\"name\":\"Our Team\"}]},{\"@type\":\"WebSite\",\"@id\":\"https:\/\/www.businessandarts.org\/#website\",\"url\":\"https:\/\/www.businessandarts.org\/\",\"name\":\"Business \/ Arts\",\"description\":\"\",\"potentialAction\":[{\"@type\":\"SearchAction\",\"target\":{\"@type\":\"EntryPoint\",\"urlTemplate\":\"https:\/\/www.businessandarts.org\/?s={search_term_string}\"},\"query-input\":{\"@type\":\"PropertyValueSpecification\",\"valueRequired\":true,\"valueName\":\"search_term_string\"}}],\"inLanguage\":\"fr-FR\"}]}<\/script>\n<!-- \/ Yoast SEO plugin. -->","yoast_head_json":{"title":"Our Team - Business \/ Arts","robots":{"index":"index","follow":"follow","max-snippet":"max-snippet:-1","max-image-preview":"max-image-preview:large","max-video-preview":"max-video-preview:-1"},"canonical":"https:\/\/www.businessandarts.org\/fr\/apropos\/our-team\/","og_locale":"fr_FR","og_type":"article","og_title":"Our Team - Business \/ Arts","og_url":"https:\/\/www.businessandarts.org\/fr\/apropos\/our-team\/","og_site_name":"Business \/ Arts","article_modified_time":"2026-01-23T18:02:11+00:00","og_image":[{"width":900,"height":900,"url":"https:\/\/www.businessandarts.org\/wp-content\/uploads\/2024\/04\/Mieko-Ouchi.png","type":"image\/png"}],"twitter_card":"summary_large_image","twitter_misc":{"Dur\u00e9e de lecture estim\u00e9e":"3 minutes"},"schema":{"@context":"https:\/\/schema.org","@graph":[{"@type":"WebPage","@id":"https:\/\/www.businessandarts.org\/fr\/apropos\/our-team\/","url":"https:\/\/www.businessandarts.org\/fr\/apropos\/our-team\/","name":"Our Team - Business \/ Arts","isPartOf":{"@id":"https:\/\/www.businessandarts.org\/#website"},"primaryImageOfPage":{"@id":"https:\/\/www.businessandarts.org\/fr\/apropos\/our-team\/#primaryimage"},"image":{"@id":"https:\/\/www.businessandarts.org\/fr\/apropos\/our-team\/#primaryimage"},"thumbnailUrl":"https:\/\/www.businessandarts.org\/wp-content\/uploads\/2026\/01\/AubreyR.png","datePublished":"2026-01-22T21:01:31+00:00","dateModified":"2026-01-23T18:02:11+00:00","breadcrumb":{"@id":"https:\/\/www.businessandarts.org\/fr\/apropos\/our-team\/#breadcrumb"},"inLanguage":"fr-FR","potentialAction":[{"@type":"ReadAction","target":["https:\/\/www.businessandarts.org\/fr\/apropos\/our-team\/"]}]},{"@type":"ImageObject","inLanguage":"fr-FR","@id":"https:\/\/www.businessandarts.org\/fr\/apropos\/our-team\/#primaryimage","url":"https:\/\/www.businessandarts.org\/wp-content\/uploads\/2026\/01\/AubreyR.png","contentUrl":"https:\/\/www.businessandarts.org\/wp-content\/uploads\/2026\/01\/AubreyR.png"},{"@type":"BreadcrumbList","@id":"https:\/\/www.businessandarts.org\/fr\/apropos\/our-team\/#breadcrumb","itemListElement":[{"@type":"ListItem","position":1,"name":"Home","item":"https:\/\/www.businessandarts.org\/fr\/"},{"@type":"ListItem","position":2,"name":"\u00c0 propos","item":"https:\/\/www.businessandarts.org\/fr\/apropos\/"},{"@type":"ListItem","position":3,"name":"Our Team"}]},{"@type":"WebSite","@id":"https:\/\/www.businessandarts.org\/#website","url":"https:\/\/www.businessandarts.org\/","name":"Business \/ Arts","description":"","potentialAction":[{"@type":"SearchAction","target":{"@type":"EntryPoint","urlTemplate":"https:\/\/www.businessandarts.org\/?s={search_term_string}"},"query-input":{"@type":"PropertyValueSpecification","valueRequired":true,"valueName":"search_term_string"}}],"inLanguage":"fr-FR"}]}},"_links":{"self":[{"href":"https:\/\/www.businessandarts.org\/fr\/wp-json\/wp\/v2\/pages\/28911","targetHints":{"allow":["GET"]}}],"collection":[{"href":"https:\/\/www.businessandarts.org\/fr\/wp-json\/wp\/v2\/pages"}],"about":[{"href":"https:\/\/www.businessandarts.org\/fr\/wp-json\/wp\/v2\/types\/page"}],"author":[{"embeddable":true,"href":"https:\/\/www.businessandarts.org\/fr\/wp-json\/wp\/v2\/users\/1"}],"replies":[{"embeddable":true,"href":"https:\/\/www.businessandarts.org\/fr\/wp-json\/wp\/v2\/comments?post=28911"}],"version-history":[{"count":4,"href":"https:\/\/www.businessandarts.org\/fr\/wp-json\/wp\/v2\/pages\/28911\/revisions"}],"predecessor-version":[{"id":28915,"href":"https:\/\/www.businessandarts.org\/fr\/wp-json\/wp\/v2\/pages\/28911\/revisions\/28915"}],"up":[{"embeddable":true,"href":"https:\/\/www.businessandarts.org\/fr\/wp-json\/wp\/v2\/pages\/2562"}],"wp:attachment":[{"href":"https:\/\/www.businessandarts.org\/fr\/wp-json\/wp\/v2\/media?parent=28911"}],"curies":[{"name":"wp","href":"https:\/\/api.w.org\/{rel}","templated":true}]}}