{"id":28303,"date":"2025-12-10T17:19:08","date_gmt":"2025-12-10T17:19:08","guid":{"rendered":"https:\/\/www.businessandarts.org\/?page_id=28303"},"modified":"2026-03-19T18:43:08","modified_gmt":"2026-03-19T18:43:08","slug":"executive-leadership-program","status":"publish","type":"page","link":"https:\/\/www.businessandarts.org\/fr\/cas\/executive-leadership-program\/","title":{"rendered":"Executive Leadership Program"},"content":{"rendered":"<h1 style=\"text-align: center;\"><strong><span style=\"color: #346480;\">\u00a0Programme de leadership ex\u00e9cutif 2026-2027<\/span><\/strong><\/h1>\n<p>Ce programme s\u2019adresse aux personnes int\u00e9ress\u00e9es \u00e0 occuper un r\u00f4le de direction au sein d\u2019organismes artistiques, culturels et patrimoniaux d\u2019envergure, en leur offrant le mentorat et les r\u00e9seaux n\u00e9cessaires pour faire avancer leur carri\u00e8re. <a href=\"https:\/\/www.businessandarts.org\/fr\/executive-leadership-program\/\">Pour en savoir plus<\/a><\/p>\n<h4 style=\"text-align: left;\"><b><span style=\"color: #346480;\">Sommaire du programme (avril 2026 \u00e0 mai 2027) : <\/span><\/b><\/h4>\n<ul>\n<li>Participation et inscription gratuite au Sommet canadien des arts 2026<\/li>\n<li>Des s\u00e9ances mensuelles de mentorat individuel avec un d\u00e9l\u00e9gu\u00e9 du Sommet<\/li>\n<li>Des s\u00e9ances trimestrielles entre pairs avec d&#8217;autres participants<\/li>\n<\/ul>\n<h4 style=\"text-align: left;\"><b><span style=\"color: #346480;\">Participant.e.s<\/span><\/b><\/h4>\n<p>C&#8217;est avec plaisir que nous pr\u00e9sentons les 10 leaders qui participeront \u00e0 ce programme. <strong>Nous vous encourageons \u00e0 accueillir chaleureusement ces leaders lors de notre rassemblement de cette ann\u00e9e!<\/strong><\/p>\n<div class=\"su-row\">\n<div class=\"su-column su-column-size-1-3\"><div class=\"su-column-inner su-u-clearfix su-u-trim\">\n<img loading=\"lazy\" decoding=\"async\" src=\"https:\/\/www.businessandarts.org\/wp-content\/uploads\/2026\/03\/AbbyVincent.png\" alt=\"\" width=\"220\" height=\"220\" class=\" wp-image-22092 aligncenter\" \/><\/p>\n<p style=\"font-size: 19px; color: #1b396e; text-align: center;\"><span style=\"color: #000080;\"><strong>Abby Vincent<\/strong><\/span><\/p>\n<p style=\"text-align: center;\"><em>Head of Marketing &amp; Development<\/em><br \/>\nMuseum London<br \/>\n<\/div><\/div>\n<div class=\"su-column su-column-size-1-3\"><div class=\"su-column-inner su-u-clearfix su-u-trim\">\n<p><img loading=\"lazy\" decoding=\"async\" src=\"https:\/\/www.businessandarts.org\/wp-content\/uploads\/2026\/03\/CatherineDoyle.png\" alt=\"\" width=\"220\" height=\"220\" class=\" wp-image-22092 aligncenter\" \/><\/p>\n<p style=\"font-size: 19px; color: #1b396e; text-align: center;\"><span style=\"color: #000080;\"><strong>Catherine Doyle<\/strong><\/span><\/p>\n<p style=\"text-align: center;\"><em>Director, Philanthropic &amp; Strategic Development<\/em><br \/>\nOrchestre M\u00e9tropolitain<br \/>\n<\/div><\/div>\n<div class=\"su-column su-column-size-1-3\"><div class=\"su-column-inner su-u-clearfix su-u-trim\">\n<p><img loading=\"lazy\" decoding=\"async\" src=\"https:\/\/www.businessandarts.org\/wp-content\/uploads\/2026\/03\/EstelleShook.png\" alt=\"\" width=\"220\" height=\"220\" class=\" wp-image-22092 aligncenter\" \/><\/p>\n<p style=\"font-size: 19px; color: #1b396e; text-align: center;\"><span style=\"color: #000080;\"><strong>Estelle Shook<\/strong><\/span><\/p>\n<p style=\"text-align: center;\"><em>Artistic Director<\/em><br \/>\nCaravan Farm Theatre<br \/>\n<\/div><\/div>\n<\/div>\n<hr \/>\n<div class=\"su-row\">\n<div class=\"su-column su-column-size-1-3\"><div class=\"su-column-inner su-u-clearfix su-u-trim\">\n<p><img loading=\"lazy\" decoding=\"async\" src=\"https:\/\/www.businessandarts.org\/wp-content\/uploads\/2026\/03\/HayleyAndrew.png\" alt=\"\" width=\"220\" height=\"220\" class=\" wp-image-22092 aligncenter\" \/><\/p>\n<p style=\"font-size: 19px; color: #1b396e; text-align: center;\"><span style=\"color: #000080;\"><strong>Dr. Hayley Andrew<\/strong><\/span><\/p>\n<p style=\"text-align: center;\"><em>Senior Manager, Exhibitions &amp; Collections<\/em><br \/>\nAga Khan Museum<\/p>\n<\/div><\/div>\n<div class=\"su-column su-column-size-1-3\"><div class=\"su-column-inner su-u-clearfix su-u-trim\">\n<p><img loading=\"lazy\" decoding=\"async\" src=\"https:\/\/www.businessandarts.org\/wp-content\/uploads\/2026\/03\/JoellePeters.png\" alt=\"\" width=\"220\" height=\"220\" class=\" wp-image-22092 aligncenter\" \/><\/p>\n<p style=\"font-size: 19px; color: #1b396e; text-align: center;\"><span style=\"color: #000080;\"><strong>Joelle Peters<\/strong><\/span><\/p>\n<p style=\"text-align: center;\"><em>Artistic Director<\/em><br \/>\nNative Earth Performing Arts<\/p>\n<\/div><\/div>\n<div class=\"su-column su-column-size-1-3\"><div class=\"su-column-inner su-u-clearfix su-u-trim\">\n<p><img loading=\"lazy\" decoding=\"async\" src=\"https:\/\/www.businessandarts.org\/wp-content\/uploads\/2026\/03\/KareenLalicon.png\" alt=\"\" width=\"220\" height=\"220\" class=\" wp-image-22092 aligncenter\" \/><\/p>\n<p style=\"font-size: 19px; color: #1b396e; text-align: center;\"><span style=\"color: #000080;\"><strong>Kareen Lalicon<\/strong><\/span><\/p>\n<p style=\"text-align: center;\"><em>Manager of Ticketing Services &amp; Operations<\/em><br \/>\nThe Royal Conservatory of Music<br \/>\n<\/div><\/div>\n<\/div>\n<hr \/>\n<div class=\"su-row\">\n<div class=\"su-column su-column-size-1-2\"><div class=\"su-column-inner su-u-clearfix su-u-trim\">\n<p><img loading=\"lazy\" decoding=\"async\" src=\"https:\/\/www.businessandarts.org\/wp-content\/uploads\/2026\/03\/KeltieForsyth.png\" alt=\"\" width=\"220\" height=\"220\" class=\" wp-image-22092 aligncenter\" \/><\/p>\n<p style=\"font-size: 19px; color: #1b396e; text-align: center;\"><span style=\"color: #000080;\"><strong>Keltie Forsyth<\/strong><\/span><\/p>\n<p style=\"text-align: center;\"><em>Artistic Managing Director<\/em><br \/>\nPresentation House Cultural Society<br \/>\n<\/div><\/div>\n<div class=\"su-column su-column-size-1-2\"><div class=\"su-column-inner su-u-clearfix su-u-trim\">\n<p><img loading=\"lazy\" decoding=\"async\" src=\"https:\/\/www.businessandarts.org\/wp-content\/uploads\/2026\/03\/KevinTanner.png\" alt=\"\" width=\"220\" height=\"220\" class=\" wp-image-22092 aligncenter\" \/><\/p>\n<p style=\"font-size: 19px; color: #1b396e; text-align: center;\"><span style=\"color: #000080;\"><strong>Kevin Tanner<\/strong><\/span><\/p>\n<p style=\"text-align: center;\"><em>Executive Director<\/em><br \/>\nDalhousie Arts Centre<\/p>\n<\/div><\/div>\n<\/div>\n<hr \/>\n<div class=\"su-row\">\n<div class=\"su-column su-column-size-1-2\"><div class=\"su-column-inner su-u-clearfix su-u-trim\">\n<p><img loading=\"lazy\" decoding=\"async\" src=\"https:\/\/www.businessandarts.org\/wp-content\/uploads\/2026\/03\/MeghanMeisters.png\" alt=\"\" width=\"220\" height=\"220\" class=\" wp-image-22092 aligncenter\" \/><\/p>\n<p style=\"font-size: 19px; color: #1b396e; text-align: center;\"><span style=\"color: #000080;\"><strong>Meghan Meisters<\/strong><\/span><\/p>\n<p style=\"text-align: center;\"><em>Senior Manager, Community Partnerships<\/em><br \/>\nNational Arts Centre Orchestra<br \/>\n<\/div><\/div>\n<div class=\"su-column su-column-size-1-2\"><div class=\"su-column-inner su-u-clearfix su-u-trim\">\n<p><img loading=\"lazy\" decoding=\"async\" src=\"https:\/\/www.businessandarts.org\/wp-content\/uploads\/2026\/03\/TakPham.png\" alt=\"\" width=\"220\" height=\"220\" class=\" wp-image-22092 aligncenter\" \/><\/p>\n<p style=\"font-size: 19px; color: #1b396e; text-align: center;\"><span style=\"color: #000080;\"><strong>Tak Pham<\/strong><\/span><\/p>\n<p style=\"text-align: center;\"><em>Curator<\/em><br \/>\nIllingworth Kerr Gallery, AUArts<br \/>\n<\/div><\/div><\/div>\n<hr \/>\n<h4 style=\"text-align: left;\"><b><span style=\"color: #346480;\">Mentors<\/span><\/b><\/h4>\n<p>Un grand merci aux 13 d\u00e9l\u00e9gu\u00e9s qui participeront en tant que mentors dans ce programme d&#8217;une dur\u00e9e d&#8217;un an, qui d\u00e9butera lors du Sommet.<\/p>\n<div class=\"su-row\"><div class=\"su-column su-column-size-1-3\"><div class=\"su-column-inner su-u-clearfix su-u-trim\">\n<p><strong>Aileen Burns<\/strong><br \/>\n<em>Co-Executive Director and CEO<\/em><br \/>\n<span>Remai Modern<\/span><\/p>\n<p><strong>Alex Sarian<\/strong><br \/>\n<em>President &amp; CEO<\/em><br \/>\n<span>Werklund Centre<\/span><\/p>\n<p><strong>Alisa Palmer<\/strong><br \/>\n<em>Artistic Producer<\/em><br \/>\n<span>Vita Brevis Arts<\/span><\/p>\n<p><strong>Chris Lorway<\/strong><br \/>\n<em>President &amp; CEO<\/em><br \/>\n<span>Banff Centre for Arts and Creativity<\/span><\/p>\n<\/div><\/div>\n<div class=\"su-column su-column-size-1-3\"><div class=\"su-column-inner su-u-clearfix su-u-trim\">\n<p><strong>David Leinster<\/strong><br \/>\n<em>Chief Executive Officer<\/em><br \/>\n<span>Contemporary Calgary<\/span><\/p>\n<p><strong>John Hampton<\/strong><br \/>\n<em>Executive Director &amp; CEO<\/em><br \/>\n<span>MacKenzie Art Gallery<\/span><\/p>\n<p><strong>Kondwani Mwase<\/strong><br \/>\n<em>Executive Director, Audience Engagement<\/em><br \/>\n<span>National Arts Centre<\/span><\/p>\n<\/div><\/div>\n<div class=\"su-column su-column-size-1-3\"><div class=\"su-column-inner su-u-clearfix su-u-trim\">\n<p><strong>Marianne Perron<\/strong><br \/>\n<em>Chief Artistic Officer<\/em><br \/>\n<span>Orchestre symphonique de Montr\u00e9al<\/span><\/p>\n<p><strong>Paul Larocque<\/strong><br \/>\n<em>President &amp; CEO<\/em><br \/>\n<span>Arts Umbrella<\/span><\/p>\n<p><strong>Shelley Falconer<\/strong><br \/>\n<em>President &amp; CEO<\/em><br \/>\n<span>Art Gallery of Hamilton<\/span><\/div><\/div>\n<\/div>\n<hr \/>\n<p><strong>Partenaires du Programme de leadership ex\u00e9cutif<\/strong><\/p>\n<div class=\"su-row\">\n<div class=\"su-column su-column-size-1-5\"><div class=\"su-column-inner su-u-clearfix su-u-trim\">\n<p><img loading=\"lazy\" decoding=\"async\" src=\"https:\/\/www.businessandarts.org\/wp-content\/uploads\/2025\/03\/rbc-logo.png\" alt=\"\" width=\"75\" height=\"87\" class=\"wp-image-25843 aligncenter\" \/><\/p>\n<\/div><\/div>\n<div class=\"su-column su-column-size-1-5\"><div class=\"su-column-inner su-u-clearfix su-u-trim\">\n<p><img loading=\"lazy\" decoding=\"async\" src=\"https:\/\/www.businessandarts.org\/wp-content\/uploads\/2026\/03\/MetcalfFoundationLogo2.png\" alt=\"\" width=\"191\" height=\"72\" class=\" wp-image-30508 aligncenter\" \/><\/p>\n<\/div><\/div>\n<div class=\"su-column su-column-size-1-5\"><div class=\"su-column-inner su-u-clearfix su-u-trim\">\n<\/div><\/div>\n<div class=\"su-column su-column-size-1-5\"><div class=\"su-column-inner su-u-clearfix su-u-trim\">\n<\/div><\/div>\n<div class=\"su-column su-column-size-1-5\"><div class=\"su-column-inner su-u-clearfix su-u-trim\">\n<\/div><\/div>\n<\/div>\n<span style=\"font-size: 8.6pt;\"><em>\u00ae \/ MC Marque(s) de commerce de Banque Royale du Canada. RBC et Banque Royale sont des marques d\u00e9pos\u00e9es de Banque Royale du Canada. Utilis\u00e9es sous licence.<\/em><\/span><\/p>\n","protected":false},"excerpt":{"rendered":"<p>\u00a0Programme de leadership ex\u00e9cutif 2026-2027 Ce programme s\u2019adresse aux personnes int\u00e9ress\u00e9es \u00e0 occuper un r\u00f4le de direction au sein d\u2019organismes artistiques, culturels et patrimoniaux d\u2019envergure, en leur offrant le mentorat et les r\u00e9seaux n\u00e9cessaires pour faire avancer leur carri\u00e8re. Pour<span class=\"ellipsis\">&hellip;<\/span><\/p>\n<div class=\"read-more\"><a href=\"https:\/\/www.businessandarts.org\/fr\/cas\/executive-leadership-program\/\">Lire plus de <span class=\"screen-reader-text\">Executive Leadership Program<\/span><span class=\"meta-nav\"> &#8250;<\/span><\/a><\/div>\n<p><!-- end of .read-more --><\/p>\n","protected":false},"author":1,"featured_media":0,"parent":2625,"menu_order":0,"comment_status":"closed","ping_status":"closed","template":"page-templates\/sidebar-with-CAS-tmp.php","meta":{"_acf_changed":false,"footnotes":""},"class_list":["post-28303","page","type-page","status-publish","hentry"],"acf":[],"yoast_head":"<!-- This site is optimized with the Yoast SEO plugin v23.7 - https:\/\/yoast.com\/wordpress\/plugins\/seo\/ -->\n<title>Executive Leadership Program - Business \/ Arts<\/title>\n<meta name=\"robots\" content=\"index, follow, max-snippet:-1, max-image-preview:large, max-video-preview:-1\" \/>\n<link rel=\"canonical\" href=\"https:\/\/www.businessandarts.org\/fr\/cas\/executive-leadership-program\/\" \/>\n<meta property=\"og:locale\" content=\"fr_FR\" \/>\n<meta property=\"og:type\" content=\"article\" \/>\n<meta property=\"og:title\" content=\"Executive Leadership Program - Business \/ Arts\" \/>\n<meta property=\"og:description\" content=\"\u00a0Programme de leadership ex\u00e9cutif 2026-2027 Ce programme s\u2019adresse aux personnes int\u00e9ress\u00e9es \u00e0 occuper un r\u00f4le de direction au sein d\u2019organismes artistiques, culturels et patrimoniaux d\u2019envergure, en leur offrant le mentorat et les r\u00e9seaux n\u00e9cessaires pour faire avancer leur carri\u00e8re. Pour&hellip;Lire plus de Executive Leadership Program &#8250;\" \/>\n<meta property=\"og:url\" content=\"https:\/\/www.businessandarts.org\/fr\/cas\/executive-leadership-program\/\" \/>\n<meta property=\"og:site_name\" content=\"Business \/ Arts\" \/>\n<meta property=\"article:modified_time\" content=\"2026-03-19T18:43:08+00:00\" \/>\n<meta property=\"og:image\" content=\"https:\/\/www.businessandarts.org\/wp-content\/uploads\/2024\/04\/Mieko-Ouchi.png\" \/>\n\t<meta property=\"og:image:width\" content=\"900\" \/>\n\t<meta property=\"og:image:height\" content=\"900\" \/>\n\t<meta property=\"og:image:type\" content=\"image\/png\" \/>\n<meta name=\"twitter:card\" content=\"summary_large_image\" \/>\n<meta name=\"twitter:label1\" content=\"Dur\u00e9e de lecture estim\u00e9e\" \/>\n\t<meta name=\"twitter:data1\" content=\"5 minutes\" \/>\n<script type=\"application\/ld+json\" class=\"yoast-schema-graph\">{\"@context\":\"https:\/\/schema.org\",\"@graph\":[{\"@type\":\"WebPage\",\"@id\":\"https:\/\/www.businessandarts.org\/fr\/cas\/executive-leadership-program\/\",\"url\":\"https:\/\/www.businessandarts.org\/fr\/cas\/executive-leadership-program\/\",\"name\":\"Executive Leadership Program - Business \/ Arts\",\"isPartOf\":{\"@id\":\"https:\/\/www.businessandarts.org\/#website\"},\"primaryImageOfPage\":{\"@id\":\"https:\/\/www.businessandarts.org\/fr\/cas\/executive-leadership-program\/#primaryimage\"},\"image\":{\"@id\":\"https:\/\/www.businessandarts.org\/fr\/cas\/executive-leadership-program\/#primaryimage\"},\"thumbnailUrl\":\"https:\/\/www.businessandarts.org\/wp-content\/uploads\/2026\/03\/AbbyVincent.png\",\"datePublished\":\"2025-12-10T17:19:08+00:00\",\"dateModified\":\"2026-03-19T18:43:08+00:00\",\"breadcrumb\":{\"@id\":\"https:\/\/www.businessandarts.org\/fr\/cas\/executive-leadership-program\/#breadcrumb\"},\"inLanguage\":\"fr-FR\",\"potentialAction\":[{\"@type\":\"ReadAction\",\"target\":[\"https:\/\/www.businessandarts.org\/fr\/cas\/executive-leadership-program\/\"]}]},{\"@type\":\"ImageObject\",\"inLanguage\":\"fr-FR\",\"@id\":\"https:\/\/www.businessandarts.org\/fr\/cas\/executive-leadership-program\/#primaryimage\",\"url\":\"https:\/\/www.businessandarts.org\/wp-content\/uploads\/2026\/03\/AbbyVincent.png\",\"contentUrl\":\"https:\/\/www.businessandarts.org\/wp-content\/uploads\/2026\/03\/AbbyVincent.png\"},{\"@type\":\"BreadcrumbList\",\"@id\":\"https:\/\/www.businessandarts.org\/fr\/cas\/executive-leadership-program\/#breadcrumb\",\"itemListElement\":[{\"@type\":\"ListItem\",\"position\":1,\"name\":\"Home\",\"item\":\"https:\/\/www.businessandarts.org\/fr\/\"},{\"@type\":\"ListItem\",\"position\":2,\"name\":\"Le Sommet canadien des arts\",\"item\":\"https:\/\/www.businessandarts.org\/fr\/cas\/\"},{\"@type\":\"ListItem\",\"position\":3,\"name\":\"Executive Leadership Program\"}]},{\"@type\":\"WebSite\",\"@id\":\"https:\/\/www.businessandarts.org\/#website\",\"url\":\"https:\/\/www.businessandarts.org\/\",\"name\":\"Business \/ Arts\",\"description\":\"\",\"potentialAction\":[{\"@type\":\"SearchAction\",\"target\":{\"@type\":\"EntryPoint\",\"urlTemplate\":\"https:\/\/www.businessandarts.org\/?s={search_term_string}\"},\"query-input\":{\"@type\":\"PropertyValueSpecification\",\"valueRequired\":true,\"valueName\":\"search_term_string\"}}],\"inLanguage\":\"fr-FR\"}]}<\/script>\n<!-- \/ Yoast SEO plugin. -->","yoast_head_json":{"title":"Executive Leadership Program - Business \/ Arts","robots":{"index":"index","follow":"follow","max-snippet":"max-snippet:-1","max-image-preview":"max-image-preview:large","max-video-preview":"max-video-preview:-1"},"canonical":"https:\/\/www.businessandarts.org\/fr\/cas\/executive-leadership-program\/","og_locale":"fr_FR","og_type":"article","og_title":"Executive Leadership Program - Business \/ Arts","og_description":"\u00a0Programme de leadership ex\u00e9cutif 2026-2027 Ce programme s\u2019adresse aux personnes int\u00e9ress\u00e9es \u00e0 occuper un r\u00f4le de direction au sein d\u2019organismes artistiques, culturels et patrimoniaux d\u2019envergure, en leur offrant le mentorat et les r\u00e9seaux n\u00e9cessaires pour faire avancer leur carri\u00e8re. Pour&hellip;Lire plus de Executive Leadership Program &#8250;","og_url":"https:\/\/www.businessandarts.org\/fr\/cas\/executive-leadership-program\/","og_site_name":"Business \/ Arts","article_modified_time":"2026-03-19T18:43:08+00:00","og_image":[{"width":900,"height":900,"url":"https:\/\/www.businessandarts.org\/wp-content\/uploads\/2024\/04\/Mieko-Ouchi.png","type":"image\/png"}],"twitter_card":"summary_large_image","twitter_misc":{"Dur\u00e9e de lecture estim\u00e9e":"5 minutes"},"schema":{"@context":"https:\/\/schema.org","@graph":[{"@type":"WebPage","@id":"https:\/\/www.businessandarts.org\/fr\/cas\/executive-leadership-program\/","url":"https:\/\/www.businessandarts.org\/fr\/cas\/executive-leadership-program\/","name":"Executive Leadership Program - Business \/ Arts","isPartOf":{"@id":"https:\/\/www.businessandarts.org\/#website"},"primaryImageOfPage":{"@id":"https:\/\/www.businessandarts.org\/fr\/cas\/executive-leadership-program\/#primaryimage"},"image":{"@id":"https:\/\/www.businessandarts.org\/fr\/cas\/executive-leadership-program\/#primaryimage"},"thumbnailUrl":"https:\/\/www.businessandarts.org\/wp-content\/uploads\/2026\/03\/AbbyVincent.png","datePublished":"2025-12-10T17:19:08+00:00","dateModified":"2026-03-19T18:43:08+00:00","breadcrumb":{"@id":"https:\/\/www.businessandarts.org\/fr\/cas\/executive-leadership-program\/#breadcrumb"},"inLanguage":"fr-FR","potentialAction":[{"@type":"ReadAction","target":["https:\/\/www.businessandarts.org\/fr\/cas\/executive-leadership-program\/"]}]},{"@type":"ImageObject","inLanguage":"fr-FR","@id":"https:\/\/www.businessandarts.org\/fr\/cas\/executive-leadership-program\/#primaryimage","url":"https:\/\/www.businessandarts.org\/wp-content\/uploads\/2026\/03\/AbbyVincent.png","contentUrl":"https:\/\/www.businessandarts.org\/wp-content\/uploads\/2026\/03\/AbbyVincent.png"},{"@type":"BreadcrumbList","@id":"https:\/\/www.businessandarts.org\/fr\/cas\/executive-leadership-program\/#breadcrumb","itemListElement":[{"@type":"ListItem","position":1,"name":"Home","item":"https:\/\/www.businessandarts.org\/fr\/"},{"@type":"ListItem","position":2,"name":"Le Sommet canadien des arts","item":"https:\/\/www.businessandarts.org\/fr\/cas\/"},{"@type":"ListItem","position":3,"name":"Executive Leadership Program"}]},{"@type":"WebSite","@id":"https:\/\/www.businessandarts.org\/#website","url":"https:\/\/www.businessandarts.org\/","name":"Business \/ Arts","description":"","potentialAction":[{"@type":"SearchAction","target":{"@type":"EntryPoint","urlTemplate":"https:\/\/www.businessandarts.org\/?s={search_term_string}"},"query-input":{"@type":"PropertyValueSpecification","valueRequired":true,"valueName":"search_term_string"}}],"inLanguage":"fr-FR"}]}},"_links":{"self":[{"href":"https:\/\/www.businessandarts.org\/fr\/wp-json\/wp\/v2\/pages\/28303","targetHints":{"allow":["GET"]}}],"collection":[{"href":"https:\/\/www.businessandarts.org\/fr\/wp-json\/wp\/v2\/pages"}],"about":[{"href":"https:\/\/www.businessandarts.org\/fr\/wp-json\/wp\/v2\/types\/page"}],"author":[{"embeddable":true,"href":"https:\/\/www.businessandarts.org\/fr\/wp-json\/wp\/v2\/users\/1"}],"replies":[{"embeddable":true,"href":"https:\/\/www.businessandarts.org\/fr\/wp-json\/wp\/v2\/comments?post=28303"}],"version-history":[{"count":14,"href":"https:\/\/www.businessandarts.org\/fr\/wp-json\/wp\/v2\/pages\/28303\/revisions"}],"predecessor-version":[{"id":30714,"href":"https:\/\/www.businessandarts.org\/fr\/wp-json\/wp\/v2\/pages\/28303\/revisions\/30714"}],"up":[{"embeddable":true,"href":"https:\/\/www.businessandarts.org\/fr\/wp-json\/wp\/v2\/pages\/2625"}],"wp:attachment":[{"href":"https:\/\/www.businessandarts.org\/fr\/wp-json\/wp\/v2\/media?parent=28303"}],"curies":[{"name":"wp","href":"https:\/\/api.w.org\/{rel}","templated":true}]}}