{"id":28194,"date":"2025-11-25T14:29:45","date_gmt":"2025-11-25T14:29:45","guid":{"rendered":"https:\/\/www.businessandarts.org\/?page_id=28194"},"modified":"2026-02-04T18:50:36","modified_gmt":"2026-02-04T18:50:36","slug":"brampton-arts-organization","status":"publish","type":"page","link":"https:\/\/www.businessandarts.org\/fr\/artsvest\/brampton-arts-organization\/","title":{"rendered":"Brampton Arts Organization"},"content":{"rendered":"<h1 style=\"text-align: center;\">C\u00e9l\u00e9brons l&#8217;\u00e9lan cr\u00e9atif de Brampton avec artsvest<\/h1>\n<p>&nbsp;<\/p>\n<p><img loading=\"lazy\" decoding=\"async\" src=\"https:\/\/www.businessandarts.org\/wp-content\/uploads\/2025\/11\/BAO-logo.png\" alt=\"\" width=\"152\" height=\"90\" class=\" wp-image-28190 aligncenter\" \/><\/p>\n<div class=\"su-youtube su-u-responsive-media-yes\"><iframe loading=\"lazy\" width=\"600\" height=\"400\" src=\"https:\/\/www.youtube.com\/embed\/erBFnMuPdw4?\" frameborder=\"0\" allowfullscreen allow=\"autoplay; encrypted-media; picture-in-picture\" title=\"\"><\/iframe><\/div>\n<hr \/>\n<p>\u00c0 Brampton, la cr\u00e9ativit\u00e9 fait plus que s&#8217;\u00e9panouir, on la voit fleurir \u00e0 tous les coins de rue. Au c\u0153ur de cet \u00e9lan cr\u00e9atif se trouve <a href=\"https:\/\/bramptonartsorg.ca\/\" target=\"_blank\" rel=\"noopener\">BAO (Brampton Arts Organization)<\/a>, un carrefour anim\u00e9 par la passion et le d\u00e9vouement qui vient soutenir, c\u00e9l\u00e9brer et rassembler la communaut\u00e9 de cr\u00e9ation de la ville. <em>\u00ab La communaut\u00e9 que nous avons b\u00e2tie est ce qui compte le plus pour nous, affirme le directeur g\u00e9n\u00e9ral Michael Vickers. Les artistes veulent \u00eatre branch\u00e9s les uns sur les autres, et c&#8217;est notre r\u00f4le. \u00bb<\/em><\/p>\n<p>&nbsp;<\/p>\n<p><img loading=\"lazy\" decoding=\"async\" src=\"https:\/\/www.businessandarts.org\/wp-content\/uploads\/2025\/11\/BAO-quote-F.png\" alt=\"\" width=\"830\" height=\"202\" class=\" wp-image-25175 aligncenter\" \/><\/p>\n<p>&nbsp;<\/p>\n<p>BAO dessert l&#8217;une des villes les plus dynamiques et diversifi\u00e9es du Canada, o\u00f9 vivent plus de 800 000 personnes et o\u00f9 l&#8217;on trouve un spectre impressionnant de voix artistiques. L&#8217;organisme est fier d&#8217;avoir cr\u00e9\u00e9 un espace accueillant pour des artistes d&#8217;origines et de disciplines diverses, un endroit o\u00f9 les nouveaux artistes et les cr\u00e9ateurs \u00e9tablis peuvent exp\u00e9rimenter, collaborer et partager. En offrant gratuitement des occasions d&#8217;exposer, de profiter de d\u00e9veloppement professionnel, d&#8217;acc\u00e8s \u00e0 des lieux et \u00e0 du financement, BAO s&#8217;assure que la cr\u00e9ativit\u00e9 peut s&#8217;\u00e9panouir.<\/p>\n<p><strong><em>\u00ab Ce qui rend BAO unique, c&#8217;est justement le caract\u00e8re unique de Brampton, explique Vickers. Chaque communaut\u00e9 apporte sa propre \u00e9nergie de cr\u00e9ation. Notre devoir consiste \u00e0 lui donner des ailes. \u00bb<\/em><\/strong><\/p>\n<p>artsvest R\u00e9gional en Ontario a eu l&#8217;effet d&#8217;une m\u00e9tamorphose pour BAO. Le programme de mentorat et les fonds de contrepartie ont inspir\u00e9 une campagne de collecte de fonds qui a attir\u00e9 de nouveaux commanditaires et renforc\u00e9 les liens sur la sc\u00e8ne locale. <em>\u00ab C&#8217;\u00e9tait le jour et la nuit, affirme Vickers. Ce programme nous a donn\u00e9 les moyens d&#8217;\u00e9tablir des contacts avec non seulement des bailleurs de fonds importants, mais aussi avec des petites entreprises et un r\u00e9seau de soutien local pour qui l&#8217;avancement des arts \u00e0 Brampton compte beaucoup. \u00bb <\/em><\/p>\n<p>Avec l&#8217;aide d&#8217;artsvest R\u00e9gional, BAO a forg\u00e9 des relations importantes avec des partenaires, comme une entreprise d&#8217;impression locale et Iler Campbell LLP, un cabinet d&#8217;avocats sans but lucratif qui fournit son savoir-faire. Au-del\u00e0 du soutien financier, le programme de mentorat offrait aussi de l&#8217;encouragement et des perspectives professionnelles des plus utiles. <em>\u00ab Le mentorat et les formations \u00e9taient incroyables, souligne Vickers. Ils nous ont aid\u00e9s \u00e0 penser en termes de durabilit\u00e9, de dynamisme et \u00e0 aborder le r\u00f4le des arts dans la communaut\u00e9 sous un aspect plus \u00e9largi. \u00bb<\/em><\/p>\n<p>Aujourd&#8217;hui, BAO continue d&#8217;\u00e9voluer, de constamment mettre au point de nouveaux projets, comme l&#8217;\u00c9change de cr\u00e9ation des nouveaux artistes et des c\u00e9l\u00e9brations \u00e0 l&#8217;\u00e9chelle de la ville qui se veulent le reflet du pouls cr\u00e9atif de Brampton.<\/p>\n<p>Le message de Vickers est clair pour les organismes qui songent \u00e0 joindre les rangs d&#8217;artsvest : <em>\u00ab Allez-y! C&#8217;est une exp\u00e9rience fantastique. Vous faites r\u00e9ellement partie d&#8217;une famille qui croit dans la puissance des arts. \u00bb<\/em><\/p>\n<p>&nbsp;<\/p>\n\n<p>&nbsp;<\/p>\n<p style=\"text-align: center;\">Photos : Brampton Arts Organization (BAO)<\/p>\n<p>&nbsp;<\/p>\n<hr \/>\n<h5>Partenaires et bailleurs de fonds<\/h5>\n<p>artsvest en Ontario est rendu possible gr\u00e2ce au Gouvernement du Canada, au Conseil des arts du Canada et au Conseil des arts de l&#8217;Ontario<\/p>\n<p>&nbsp;<\/p>\n<div class=\"su-row\"><div class=\"su-column su-column-size-1-1\"><div class=\"su-column-inner su-u-clearfix su-u-trim\">\n<p><img loading=\"lazy\" decoding=\"async\" src=\"https:\/\/www.businessandarts.org\/wp-content\/uploads\/2024\/09\/Canada-1.png\" alt=\"\" width=\"150\" height=\"36\" class=\" wp-image-23768 aligncenter\" \/><\/p>\n<\/div><\/div>\n<\/div>\n<p>&nbsp;<\/p>\n<div class=\"su-row\"><div class=\"su-column su-column-size-1-2\"><div class=\"su-column-inner su-u-clearfix su-u-trim\">\n<p><img loading=\"lazy\" decoding=\"async\" src=\"https:\/\/www.businessandarts.org\/wp-content\/uploads\/2026\/01\/CCC-F.png\" alt=\"\" width=\"410\" height=\"68\" class=\" wp-image-28474 aligncenter\" \/><\/p>\n<\/div><\/div><div class=\"su-column su-column-size-1-2\"><div class=\"su-column-inner su-u-clearfix su-u-trim\">\n<p><img loading=\"lazy\" decoding=\"async\" src=\"https:\/\/www.businessandarts.org\/wp-content\/uploads\/2023\/05\/2015-OAC-logo-RGB-JPG.jpg\" alt=\"\" class=\"wp-image-16952 aligncenter\" width=\"268\" height=\"134\" \/><\/p>\n<\/div><\/div> <\/div>\n","protected":false},"excerpt":{"rendered":"<p>C\u00e9l\u00e9brons l&#8217;\u00e9lan cr\u00e9atif de Brampton avec artsvest &nbsp; \u00c0 Brampton, la cr\u00e9ativit\u00e9 fait plus que s&#8217;\u00e9panouir, on la voit fleurir \u00e0 tous les coins de rue. Au c\u0153ur de cet \u00e9lan cr\u00e9atif se trouve BAO (Brampton Arts Organization), un carrefour<span class=\"ellipsis\">&hellip;<\/span><\/p>\n<div class=\"read-more\"><a href=\"https:\/\/www.businessandarts.org\/fr\/artsvest\/brampton-arts-organization\/\">Lire plus de <span class=\"screen-reader-text\">Brampton Arts Organization<\/span><span class=\"meta-nav\"> &#8250;<\/span><\/a><\/div>\n<p><!-- end of .read-more --><\/p>\n","protected":false},"author":27,"featured_media":0,"parent":17375,"menu_order":0,"comment_status":"closed","ping_status":"closed","template":"page-templates\/sidebar-with-CAS-tmp.php","meta":{"_acf_changed":false,"footnotes":""},"class_list":["post-28194","page","type-page","status-publish","hentry"],"acf":[],"yoast_head":"<!-- This site is optimized with the Yoast SEO plugin v23.7 - https:\/\/yoast.com\/wordpress\/plugins\/seo\/ -->\n<title>Brampton Arts Organization - Business \/ Arts<\/title>\n<meta name=\"robots\" content=\"index, follow, max-snippet:-1, max-image-preview:large, max-video-preview:-1\" \/>\n<link rel=\"canonical\" href=\"https:\/\/www.businessandarts.org\/fr\/artsvest\/brampton-arts-organization\/\" \/>\n<meta property=\"og:locale\" content=\"fr_FR\" \/>\n<meta property=\"og:type\" content=\"article\" \/>\n<meta property=\"og:title\" content=\"Brampton Arts Organization - Business \/ Arts\" \/>\n<meta property=\"og:description\" content=\"C\u00e9l\u00e9brons l&#8217;\u00e9lan cr\u00e9atif de Brampton avec artsvest &nbsp; \u00c0 Brampton, la cr\u00e9ativit\u00e9 fait plus que s&#8217;\u00e9panouir, on la voit fleurir \u00e0 tous les coins de rue. Au c\u0153ur de cet \u00e9lan cr\u00e9atif se trouve BAO (Brampton Arts Organization), un carrefour&hellip;Lire plus de Brampton Arts Organization &#8250;\" \/>\n<meta property=\"og:url\" content=\"https:\/\/www.businessandarts.org\/fr\/artsvest\/brampton-arts-organization\/\" \/>\n<meta property=\"og:site_name\" content=\"Business \/ Arts\" \/>\n<meta property=\"article:modified_time\" content=\"2026-02-04T18:50:36+00:00\" \/>\n<meta property=\"og:image\" content=\"https:\/\/www.businessandarts.org\/wp-content\/uploads\/2025\/11\/BAO-logo.png\" \/>\n\t<meta property=\"og:image:width\" content=\"1011\" \/>\n\t<meta property=\"og:image:height\" content=\"599\" \/>\n\t<meta property=\"og:image:type\" content=\"image\/png\" \/>\n<meta name=\"twitter:card\" content=\"summary_large_image\" \/>\n<meta name=\"twitter:label1\" content=\"Dur\u00e9e de lecture estim\u00e9e\" \/>\n\t<meta name=\"twitter:data1\" content=\"4 minutes\" \/>\n<script type=\"application\/ld+json\" class=\"yoast-schema-graph\">{\"@context\":\"https:\/\/schema.org\",\"@graph\":[{\"@type\":\"WebPage\",\"@id\":\"https:\/\/www.businessandarts.org\/fr\/artsvest\/brampton-arts-organization\/\",\"url\":\"https:\/\/www.businessandarts.org\/fr\/artsvest\/brampton-arts-organization\/\",\"name\":\"Brampton Arts Organization - Business \/ Arts\",\"isPartOf\":{\"@id\":\"https:\/\/www.businessandarts.org\/#website\"},\"primaryImageOfPage\":{\"@id\":\"https:\/\/www.businessandarts.org\/fr\/artsvest\/brampton-arts-organization\/#primaryimage\"},\"image\":{\"@id\":\"https:\/\/www.businessandarts.org\/fr\/artsvest\/brampton-arts-organization\/#primaryimage\"},\"thumbnailUrl\":\"https:\/\/www.businessandarts.org\/wp-content\/uploads\/2025\/11\/BAO-logo.png\",\"datePublished\":\"2025-11-25T14:29:45+00:00\",\"dateModified\":\"2026-02-04T18:50:36+00:00\",\"breadcrumb\":{\"@id\":\"https:\/\/www.businessandarts.org\/fr\/artsvest\/brampton-arts-organization\/#breadcrumb\"},\"inLanguage\":\"fr-FR\",\"potentialAction\":[{\"@type\":\"ReadAction\",\"target\":[\"https:\/\/www.businessandarts.org\/fr\/artsvest\/brampton-arts-organization\/\"]}]},{\"@type\":\"ImageObject\",\"inLanguage\":\"fr-FR\",\"@id\":\"https:\/\/www.businessandarts.org\/fr\/artsvest\/brampton-arts-organization\/#primaryimage\",\"url\":\"https:\/\/www.businessandarts.org\/wp-content\/uploads\/2025\/11\/BAO-logo.png\",\"contentUrl\":\"https:\/\/www.businessandarts.org\/wp-content\/uploads\/2025\/11\/BAO-logo.png\"},{\"@type\":\"BreadcrumbList\",\"@id\":\"https:\/\/www.businessandarts.org\/fr\/artsvest\/brampton-arts-organization\/#breadcrumb\",\"itemListElement\":[{\"@type\":\"ListItem\",\"position\":1,\"name\":\"Home\",\"item\":\"https:\/\/www.businessandarts.org\/fr\/\"},{\"@type\":\"ListItem\",\"position\":2,\"name\":\"artsvest\",\"item\":\"https:\/\/www.businessandarts.org\/fr\/artsvest\/\"},{\"@type\":\"ListItem\",\"position\":3,\"name\":\"Brampton Arts Organization\"}]},{\"@type\":\"WebSite\",\"@id\":\"https:\/\/www.businessandarts.org\/#website\",\"url\":\"https:\/\/www.businessandarts.org\/\",\"name\":\"Business \/ Arts\",\"description\":\"\",\"potentialAction\":[{\"@type\":\"SearchAction\",\"target\":{\"@type\":\"EntryPoint\",\"urlTemplate\":\"https:\/\/www.businessandarts.org\/?s={search_term_string}\"},\"query-input\":{\"@type\":\"PropertyValueSpecification\",\"valueRequired\":true,\"valueName\":\"search_term_string\"}}],\"inLanguage\":\"fr-FR\"}]}<\/script>\n<!-- \/ Yoast SEO plugin. -->","yoast_head_json":{"title":"Brampton Arts Organization - Business \/ Arts","robots":{"index":"index","follow":"follow","max-snippet":"max-snippet:-1","max-image-preview":"max-image-preview:large","max-video-preview":"max-video-preview:-1"},"canonical":"https:\/\/www.businessandarts.org\/fr\/artsvest\/brampton-arts-organization\/","og_locale":"fr_FR","og_type":"article","og_title":"Brampton Arts Organization - Business \/ Arts","og_description":"C\u00e9l\u00e9brons l&#8217;\u00e9lan cr\u00e9atif de Brampton avec artsvest &nbsp; \u00c0 Brampton, la cr\u00e9ativit\u00e9 fait plus que s&#8217;\u00e9panouir, on la voit fleurir \u00e0 tous les coins de rue. Au c\u0153ur de cet \u00e9lan cr\u00e9atif se trouve BAO (Brampton Arts Organization), un carrefour&hellip;Lire plus de Brampton Arts Organization &#8250;","og_url":"https:\/\/www.businessandarts.org\/fr\/artsvest\/brampton-arts-organization\/","og_site_name":"Business \/ Arts","article_modified_time":"2026-02-04T18:50:36+00:00","og_image":[{"width":1011,"height":599,"url":"https:\/\/www.businessandarts.org\/wp-content\/uploads\/2025\/11\/BAO-logo.png","type":"image\/png"}],"twitter_card":"summary_large_image","twitter_misc":{"Dur\u00e9e de lecture estim\u00e9e":"4 minutes"},"schema":{"@context":"https:\/\/schema.org","@graph":[{"@type":"WebPage","@id":"https:\/\/www.businessandarts.org\/fr\/artsvest\/brampton-arts-organization\/","url":"https:\/\/www.businessandarts.org\/fr\/artsvest\/brampton-arts-organization\/","name":"Brampton Arts Organization - Business \/ Arts","isPartOf":{"@id":"https:\/\/www.businessandarts.org\/#website"},"primaryImageOfPage":{"@id":"https:\/\/www.businessandarts.org\/fr\/artsvest\/brampton-arts-organization\/#primaryimage"},"image":{"@id":"https:\/\/www.businessandarts.org\/fr\/artsvest\/brampton-arts-organization\/#primaryimage"},"thumbnailUrl":"https:\/\/www.businessandarts.org\/wp-content\/uploads\/2025\/11\/BAO-logo.png","datePublished":"2025-11-25T14:29:45+00:00","dateModified":"2026-02-04T18:50:36+00:00","breadcrumb":{"@id":"https:\/\/www.businessandarts.org\/fr\/artsvest\/brampton-arts-organization\/#breadcrumb"},"inLanguage":"fr-FR","potentialAction":[{"@type":"ReadAction","target":["https:\/\/www.businessandarts.org\/fr\/artsvest\/brampton-arts-organization\/"]}]},{"@type":"ImageObject","inLanguage":"fr-FR","@id":"https:\/\/www.businessandarts.org\/fr\/artsvest\/brampton-arts-organization\/#primaryimage","url":"https:\/\/www.businessandarts.org\/wp-content\/uploads\/2025\/11\/BAO-logo.png","contentUrl":"https:\/\/www.businessandarts.org\/wp-content\/uploads\/2025\/11\/BAO-logo.png"},{"@type":"BreadcrumbList","@id":"https:\/\/www.businessandarts.org\/fr\/artsvest\/brampton-arts-organization\/#breadcrumb","itemListElement":[{"@type":"ListItem","position":1,"name":"Home","item":"https:\/\/www.businessandarts.org\/fr\/"},{"@type":"ListItem","position":2,"name":"artsvest","item":"https:\/\/www.businessandarts.org\/fr\/artsvest\/"},{"@type":"ListItem","position":3,"name":"Brampton Arts Organization"}]},{"@type":"WebSite","@id":"https:\/\/www.businessandarts.org\/#website","url":"https:\/\/www.businessandarts.org\/","name":"Business \/ Arts","description":"","potentialAction":[{"@type":"SearchAction","target":{"@type":"EntryPoint","urlTemplate":"https:\/\/www.businessandarts.org\/?s={search_term_string}"},"query-input":{"@type":"PropertyValueSpecification","valueRequired":true,"valueName":"search_term_string"}}],"inLanguage":"fr-FR"}]}},"_links":{"self":[{"href":"https:\/\/www.businessandarts.org\/fr\/wp-json\/wp\/v2\/pages\/28194","targetHints":{"allow":["GET"]}}],"collection":[{"href":"https:\/\/www.businessandarts.org\/fr\/wp-json\/wp\/v2\/pages"}],"about":[{"href":"https:\/\/www.businessandarts.org\/fr\/wp-json\/wp\/v2\/types\/page"}],"author":[{"embeddable":true,"href":"https:\/\/www.businessandarts.org\/fr\/wp-json\/wp\/v2\/users\/27"}],"replies":[{"embeddable":true,"href":"https:\/\/www.businessandarts.org\/fr\/wp-json\/wp\/v2\/comments?post=28194"}],"version-history":[{"count":8,"href":"https:\/\/www.businessandarts.org\/fr\/wp-json\/wp\/v2\/pages\/28194\/revisions"}],"predecessor-version":[{"id":29515,"href":"https:\/\/www.businessandarts.org\/fr\/wp-json\/wp\/v2\/pages\/28194\/revisions\/29515"}],"up":[{"embeddable":true,"href":"https:\/\/www.businessandarts.org\/fr\/wp-json\/wp\/v2\/pages\/17375"}],"wp:attachment":[{"href":"https:\/\/www.businessandarts.org\/fr\/wp-json\/wp\/v2\/media?parent=28194"}],"curies":[{"name":"wp","href":"https:\/\/api.w.org\/{rel}","templated":true}]}}