{"id":26939,"date":"2025-08-14T13:20:49","date_gmt":"2025-08-14T13:20:49","guid":{"rendered":"https:\/\/www.businessandarts.org\/?page_id=26939"},"modified":"2025-09-24T15:52:18","modified_gmt":"2025-09-24T15:52:18","slug":"ambassadeurs-culturels","status":"publish","type":"page","link":"https:\/\/www.businessandarts.org\/fr\/ambassadeurs-culturels\/","title":{"rendered":"Ambassadeurs culturels"},"content":{"rendered":"<p style=\"font-size: 28px; text-align: center;\"><strong><span style=\"color: #3979a8;\">Ambassadeurs culturels distingu\u00e9s<\/span><\/strong><\/p>\n<p>Ces ambassadeurs pr\u00eateront leur voix et leur leadership \u00e0 l\u2019avancement du r\u00f4le des arts pour b\u00e2tir un Canada plus fort et prosp\u00e8re. Ces cinq figures de proue du monde des arts au Canada rayonnent tant par leur \u0153uvre artistique que par la cr\u00e9ation d\u2019entreprises contribuant \u00e0 la croissance du secteur culturel au Canada.<\/p>\n<p>Cette initiative verra Affaires \/ Arts travailler avec chaque ambassadeur pour :<\/p>\n<div class=\"pkg-desc\">\n<ul class=\"def-ul\">\n<li><strong>Inspirer de nouvelles g\u00e9n\u00e9rations d\u2019artistes<\/strong><\/li>\n<li><strong>Plaider en faveur d\u2019investissements soutenus dans les arts et la culture<\/strong><\/li>\n<li><strong>Promouvoir les arts comme levier de croissance \u00e9conomique, de mieux-\u00eatre et d\u2019engagement civil<\/strong><\/li>\n<\/ul>\n<\/div>\n<p>&nbsp;<\/p>\n<hr \/>\n<p style=\"font-size: 28px; text-align: center;\"><strong><span style=\"color: #3979a8;\">Ambassadeurs culturels distingu\u00e9s 2025<\/span><\/strong><\/p>\n<p>Chaque ambassadeur est un entrepreneur dont la vision cr\u00e9atrice se trouve \u00e0 la base d\u2019institutions, de transformation d\u2019industries et du rayonnement de la culture canadienne.<\/p>\n<style>\n  table {<br \/>    width: 100%;<br \/>    border-collapse: separate; \/* allows spacing between rows *\/<br \/>border-spacing: 0 8px; \/* 8px vertical space between rows *\/<br \/>  }<br \/>  th, td {<br \/>    padding: 8<span style=\"display: inline-block; width: 0px; overflow: hidden; line-height: 0;\" data-mce-type=\"bookmark\" class=\"mce_SELRES_start\">\ufeff<\/span>px 8px; \/* reduced horizontal space between columns *\/<br \/>    text-align: left;<br \/>    border: none;<br \/>  }<br \/>  colgroup col:first-child {<br \/>    width: 30%;<br \/>  }<br \/><\/style>\n<p>&nbsp;<\/p>\n<table>\n<colgroup>\n<col \/>\n<col \/> <\/colgroup>\n<tbody>\n<tr>\n<td><img loading=\"lazy\" decoding=\"async\" src=\"https:\/\/www.businessandarts.org\/wp-content\/uploads\/2025\/08\/MA_1.png\" alt=\"\" width=\"183\" height=\"183\" class=\"wp-image-22092 alignleft\" \/><\/p>\n<p style=\"font-size: 20px; text-align: left;\"><strong><span style=\"color: #bc793c;\">Margaret Atwood, C.C.<\/span><\/strong><\/p>\n<p>Margaret Atwood est l\u2019une des auteurs les plus r\u00e9put\u00e9es de l\u2019histoire canadienne. Son \u0153uvre compte plus de 50 titres traduits en 45 langues, et a donn\u00e9 forme \u00e0 un discours mondial sur la d\u00e9mocratie, la puissance et l\u2019environnement.<\/p>\n<p>&nbsp;<\/td>\n<\/tr>\n<tr>\n<td><img loading=\"lazy\" decoding=\"async\" src=\"https:\/\/www.businessandarts.org\/wp-content\/uploads\/2025\/08\/CM.png\" alt=\"\" width=\"183\" height=\"183\" class=\"wp-image-22092 alignleft\" \/><\/p>\n<p style=\"font-size: 20px; text-align: left;\"><strong><span style=\"color: #bc793c;\">Edward Burtynsky, O.C.<\/span><\/strong><\/p>\n<p>Edward Burtynsky compte parmi les photographes contemporains de renomm\u00e9e mondiale. Ses images \u00e0 grand d\u00e9ploiement, pr\u00e9sent\u00e9es dans plus de 80 mus\u00e9es d\u2019importance majeure, ont stimul\u00e9 des \u00e9changes \u00e0 l\u2019\u00e9chelle mondiale sur la durabilit\u00e9, le climat et l\u2019industrie.<\/p>\n<p>&nbsp;<\/td>\n<\/tr>\n<tr>\n<td><img loading=\"lazy\" decoding=\"async\" src=\"https:\/\/www.businessandarts.org\/wp-content\/uploads\/2025\/08\/RL_1.png\" alt=\"\" width=\"183\" height=\"183\" class=\"wp-image-22092 alignleft\" \/><\/p>\n<p style=\"font-size: 20px; text-align: left;\"><strong><span style=\"color: #bc793c;\">Robert Lepage, C.C.<\/span><\/strong><\/p>\n<p><span style=\"font-weight: 400;\">Robert Lepage est auteur dramatique, acteur et metteur en sc\u00e8ne qu\u00e9b\u00e9cois de renomm\u00e9e mondiale, reconnu pour son approche r\u00e9volutionnaire de l\u2019art de la sc\u00e8ne par la voie de narration multim\u00e9dia. En 1994, il a fond\u00e9 Ex Machina, une entreprise multidisciplinaire qui a port\u00e9 le th\u00e9\u00e2tre canadien sur la sc\u00e8ne mondiale.<\/span><\/p>\n<p>&nbsp;<\/td>\n<\/tr>\n<tr>\n<td><img loading=\"lazy\" decoding=\"async\" src=\"https:\/\/www.businessandarts.org\/wp-content\/uploads\/2025\/08\/SM_1.png\" alt=\"\" width=\"183\" height=\"183\" class=\"wp-image-22092 alignleft\" \/><\/p>\n<p style=\"font-size: 20px; text-align: left;\"><strong><span style=\"color: #bc793c;\">Sarah McLachlan, O.C.<\/span><\/strong><\/p>\n<p>Sarah McLachlan est l\u2019une des ic\u00f4nes musicales parmi les plus aim\u00e9es au Canada et cr\u00e9atrice de la tourn\u00e9e r\u00e9volutionnaire <em>Lilith Fair<\/em>. Cette tourn\u00e9e, dont les t\u00eates d\u2019affiche sont des musiciennes, a permis de r\u00e9colter plus de sept millions de dollars pour des organismes de bienfaisance qui aident les femmes, \u00e0 la fois au niveau national et local. Philanthrope engag\u00e9e, elle est la fondatrice de la <em>Sarah McLachlan School of Music<\/em>, o\u00f9 des enfants et jeunes \u00e0 risque non desservis qui sont confront\u00e9s \u00e0 des obstacles d&#8217;acc\u00e8s peuvent profiter d&#8217;une formation musicale de haute qualit\u00e9, et ce, gratuitement.<\/p>\n<p>&nbsp;<\/td>\n<\/tr>\n<tr>\n<td><img loading=\"lazy\" decoding=\"async\" src=\"https:\/\/www.businessandarts.org\/wp-content\/uploads\/2025\/08\/KM_1.png\" alt=\"\" width=\"183\" height=\"183\" class=\"wp-image-22092 alignleft\" \/><\/p>\n<p style=\"font-size: 20px; text-align: left;\"><strong><span style=\"color: #bc793c;\">Kent Monkman, O.C.<\/span><\/strong><\/p>\n<p>Kent Monkman est un artiste cri r\u00e9volutionnaire dont les interventions dans l\u2019histoire de l\u2019art occidentale explorent la colonisation, la sexualit\u00e9 et la r\u00e9silience. Son alter ego surnaturel, Miss Chief Eagle Testickle, redonne un espace aux narrations et identit\u00e9s autochtones.<\/td>\n<\/tr>\n<tr><\/tr>\n<\/tbody>\n<\/table>\n<hr \/>\n<p style=\"font-size: 14px;\">Margaret Atwood, C.C. &#8211; Photo de Jean Malek.<\/p>\n<p style=\"font-size: 14px;\">Edward Burtynsky, O.C. &#8211; Photo de Christopher Michel.<\/p>\n<p style=\"font-size: 14px;\">Robert Lepage, C.C. &#8211; Photo de H\u00e9l\u00e8ne Bouffard<\/p>\n","protected":false},"excerpt":{"rendered":"<p>Ambassadeurs culturels distingu\u00e9s Ces ambassadeurs pr\u00eateront leur voix et leur leadership \u00e0 l\u2019avancement du r\u00f4le des arts pour b\u00e2tir un Canada plus fort et prosp\u00e8re. Ces cinq figures de proue du monde des arts au Canada rayonnent tant par leur<span class=\"ellipsis\">&hellip;<\/span><\/p>\n<div class=\"read-more\"><a href=\"https:\/\/www.businessandarts.org\/fr\/ambassadeurs-culturels\/\">Lire plus de <span class=\"screen-reader-text\">Ambassadeurs culturels<\/span><span class=\"meta-nav\"> &#8250;<\/span><\/a><\/div>\n<p><!-- end of .read-more --><\/p>\n","protected":false},"author":27,"featured_media":0,"parent":0,"menu_order":0,"comment_status":"closed","ping_status":"closed","template":"page-templates\/sidebar-without-topmenu.php","meta":{"_acf_changed":false,"footnotes":""},"class_list":["post-26939","page","type-page","status-publish","hentry"],"acf":[],"yoast_head":"<!-- This site is optimized with the Yoast SEO plugin v23.7 - https:\/\/yoast.com\/wordpress\/plugins\/seo\/ -->\n<title>Ambassadeurs culturels - Business \/ Arts<\/title>\n<meta name=\"robots\" content=\"index, follow, max-snippet:-1, max-image-preview:large, max-video-preview:-1\" \/>\n<link rel=\"canonical\" href=\"https:\/\/www.businessandarts.org\/fr\/ambassadeurs-culturels\/\" \/>\n<meta property=\"og:locale\" content=\"fr_FR\" \/>\n<meta property=\"og:type\" content=\"article\" \/>\n<meta property=\"og:title\" content=\"Ambassadeurs culturels - Business \/ Arts\" \/>\n<meta property=\"og:description\" content=\"Ambassadeurs culturels distingu\u00e9s Ces ambassadeurs pr\u00eateront leur voix et leur leadership \u00e0 l\u2019avancement du r\u00f4le des arts pour b\u00e2tir un Canada plus fort et prosp\u00e8re. Ces cinq figures de proue du monde des arts au Canada rayonnent tant par leur&hellip;Lire plus de Ambassadeurs culturels &#8250;\" \/>\n<meta property=\"og:url\" content=\"https:\/\/www.businessandarts.org\/fr\/ambassadeurs-culturels\/\" \/>\n<meta property=\"og:site_name\" content=\"Business \/ Arts\" \/>\n<meta property=\"article:modified_time\" content=\"2025-09-24T15:52:18+00:00\" \/>\n<meta property=\"og:image\" content=\"https:\/\/www.businessandarts.org\/wp-content\/uploads\/2024\/04\/Mieko-Ouchi.png\" \/>\n\t<meta property=\"og:image:width\" content=\"900\" \/>\n\t<meta property=\"og:image:height\" content=\"900\" \/>\n\t<meta property=\"og:image:type\" content=\"image\/png\" \/>\n<meta name=\"twitter:card\" content=\"summary_large_image\" \/>\n<meta name=\"twitter:label1\" content=\"Dur\u00e9e de lecture estim\u00e9e\" \/>\n\t<meta name=\"twitter:data1\" content=\"3 minutes\" \/>\n<script type=\"application\/ld+json\" class=\"yoast-schema-graph\">{\"@context\":\"https:\/\/schema.org\",\"@graph\":[{\"@type\":\"WebPage\",\"@id\":\"https:\/\/www.businessandarts.org\/fr\/ambassadeurs-culturels\/\",\"url\":\"https:\/\/www.businessandarts.org\/fr\/ambassadeurs-culturels\/\",\"name\":\"Ambassadeurs culturels - Business \/ Arts\",\"isPartOf\":{\"@id\":\"https:\/\/www.businessandarts.org\/#website\"},\"primaryImageOfPage\":{\"@id\":\"https:\/\/www.businessandarts.org\/fr\/ambassadeurs-culturels\/#primaryimage\"},\"image\":{\"@id\":\"https:\/\/www.businessandarts.org\/fr\/ambassadeurs-culturels\/#primaryimage\"},\"thumbnailUrl\":\"https:\/\/www.businessandarts.org\/wp-content\/uploads\/2025\/08\/MA_1.png\",\"datePublished\":\"2025-08-14T13:20:49+00:00\",\"dateModified\":\"2025-09-24T15:52:18+00:00\",\"breadcrumb\":{\"@id\":\"https:\/\/www.businessandarts.org\/fr\/ambassadeurs-culturels\/#breadcrumb\"},\"inLanguage\":\"fr-FR\",\"potentialAction\":[{\"@type\":\"ReadAction\",\"target\":[\"https:\/\/www.businessandarts.org\/fr\/ambassadeurs-culturels\/\"]}]},{\"@type\":\"ImageObject\",\"inLanguage\":\"fr-FR\",\"@id\":\"https:\/\/www.businessandarts.org\/fr\/ambassadeurs-culturels\/#primaryimage\",\"url\":\"https:\/\/www.businessandarts.org\/wp-content\/uploads\/2025\/08\/MA_1.png\",\"contentUrl\":\"https:\/\/www.businessandarts.org\/wp-content\/uploads\/2025\/08\/MA_1.png\"},{\"@type\":\"BreadcrumbList\",\"@id\":\"https:\/\/www.businessandarts.org\/fr\/ambassadeurs-culturels\/#breadcrumb\",\"itemListElement\":[{\"@type\":\"ListItem\",\"position\":1,\"name\":\"Home\",\"item\":\"https:\/\/www.businessandarts.org\/fr\/\"},{\"@type\":\"ListItem\",\"position\":2,\"name\":\"Ambassadeurs culturels\"}]},{\"@type\":\"WebSite\",\"@id\":\"https:\/\/www.businessandarts.org\/#website\",\"url\":\"https:\/\/www.businessandarts.org\/\",\"name\":\"Business \/ Arts\",\"description\":\"\",\"potentialAction\":[{\"@type\":\"SearchAction\",\"target\":{\"@type\":\"EntryPoint\",\"urlTemplate\":\"https:\/\/www.businessandarts.org\/?s={search_term_string}\"},\"query-input\":{\"@type\":\"PropertyValueSpecification\",\"valueRequired\":true,\"valueName\":\"search_term_string\"}}],\"inLanguage\":\"fr-FR\"}]}<\/script>\n<!-- \/ Yoast SEO plugin. -->","yoast_head_json":{"title":"Ambassadeurs culturels - Business \/ Arts","robots":{"index":"index","follow":"follow","max-snippet":"max-snippet:-1","max-image-preview":"max-image-preview:large","max-video-preview":"max-video-preview:-1"},"canonical":"https:\/\/www.businessandarts.org\/fr\/ambassadeurs-culturels\/","og_locale":"fr_FR","og_type":"article","og_title":"Ambassadeurs culturels - Business \/ Arts","og_description":"Ambassadeurs culturels distingu\u00e9s Ces ambassadeurs pr\u00eateront leur voix et leur leadership \u00e0 l\u2019avancement du r\u00f4le des arts pour b\u00e2tir un Canada plus fort et prosp\u00e8re. Ces cinq figures de proue du monde des arts au Canada rayonnent tant par leur&hellip;Lire plus de Ambassadeurs culturels &#8250;","og_url":"https:\/\/www.businessandarts.org\/fr\/ambassadeurs-culturels\/","og_site_name":"Business \/ Arts","article_modified_time":"2025-09-24T15:52:18+00:00","og_image":[{"width":900,"height":900,"url":"https:\/\/www.businessandarts.org\/wp-content\/uploads\/2024\/04\/Mieko-Ouchi.png","type":"image\/png"}],"twitter_card":"summary_large_image","twitter_misc":{"Dur\u00e9e de lecture estim\u00e9e":"3 minutes"},"schema":{"@context":"https:\/\/schema.org","@graph":[{"@type":"WebPage","@id":"https:\/\/www.businessandarts.org\/fr\/ambassadeurs-culturels\/","url":"https:\/\/www.businessandarts.org\/fr\/ambassadeurs-culturels\/","name":"Ambassadeurs culturels - Business \/ Arts","isPartOf":{"@id":"https:\/\/www.businessandarts.org\/#website"},"primaryImageOfPage":{"@id":"https:\/\/www.businessandarts.org\/fr\/ambassadeurs-culturels\/#primaryimage"},"image":{"@id":"https:\/\/www.businessandarts.org\/fr\/ambassadeurs-culturels\/#primaryimage"},"thumbnailUrl":"https:\/\/www.businessandarts.org\/wp-content\/uploads\/2025\/08\/MA_1.png","datePublished":"2025-08-14T13:20:49+00:00","dateModified":"2025-09-24T15:52:18+00:00","breadcrumb":{"@id":"https:\/\/www.businessandarts.org\/fr\/ambassadeurs-culturels\/#breadcrumb"},"inLanguage":"fr-FR","potentialAction":[{"@type":"ReadAction","target":["https:\/\/www.businessandarts.org\/fr\/ambassadeurs-culturels\/"]}]},{"@type":"ImageObject","inLanguage":"fr-FR","@id":"https:\/\/www.businessandarts.org\/fr\/ambassadeurs-culturels\/#primaryimage","url":"https:\/\/www.businessandarts.org\/wp-content\/uploads\/2025\/08\/MA_1.png","contentUrl":"https:\/\/www.businessandarts.org\/wp-content\/uploads\/2025\/08\/MA_1.png"},{"@type":"BreadcrumbList","@id":"https:\/\/www.businessandarts.org\/fr\/ambassadeurs-culturels\/#breadcrumb","itemListElement":[{"@type":"ListItem","position":1,"name":"Home","item":"https:\/\/www.businessandarts.org\/fr\/"},{"@type":"ListItem","position":2,"name":"Ambassadeurs culturels"}]},{"@type":"WebSite","@id":"https:\/\/www.businessandarts.org\/#website","url":"https:\/\/www.businessandarts.org\/","name":"Business \/ Arts","description":"","potentialAction":[{"@type":"SearchAction","target":{"@type":"EntryPoint","urlTemplate":"https:\/\/www.businessandarts.org\/?s={search_term_string}"},"query-input":{"@type":"PropertyValueSpecification","valueRequired":true,"valueName":"search_term_string"}}],"inLanguage":"fr-FR"}]}},"_links":{"self":[{"href":"https:\/\/www.businessandarts.org\/fr\/wp-json\/wp\/v2\/pages\/26939","targetHints":{"allow":["GET"]}}],"collection":[{"href":"https:\/\/www.businessandarts.org\/fr\/wp-json\/wp\/v2\/pages"}],"about":[{"href":"https:\/\/www.businessandarts.org\/fr\/wp-json\/wp\/v2\/types\/page"}],"author":[{"embeddable":true,"href":"https:\/\/www.businessandarts.org\/fr\/wp-json\/wp\/v2\/users\/27"}],"replies":[{"embeddable":true,"href":"https:\/\/www.businessandarts.org\/fr\/wp-json\/wp\/v2\/comments?post=26939"}],"version-history":[{"count":8,"href":"https:\/\/www.businessandarts.org\/fr\/wp-json\/wp\/v2\/pages\/26939\/revisions"}],"predecessor-version":[{"id":27091,"href":"https:\/\/www.businessandarts.org\/fr\/wp-json\/wp\/v2\/pages\/26939\/revisions\/27091"}],"wp:attachment":[{"href":"https:\/\/www.businessandarts.org\/fr\/wp-json\/wp\/v2\/media?parent=26939"}],"curies":[{"name":"wp","href":"https:\/\/api.w.org\/{rel}","templated":true}]}}