{"id":2630,"date":"2018-06-11T12:47:25","date_gmt":"2018-06-11T12:47:25","guid":{"rendered":"https:\/\/www.businessandarts.org\/partnership-opportunities\/"},"modified":"2025-06-27T16:35:32","modified_gmt":"2025-06-27T16:35:32","slug":"partenariat","status":"publish","type":"page","link":"https:\/\/www.businessandarts.org\/fr\/partenariat\/","title":{"rendered":"Possibilit\u00e9s de partenariat"},"content":{"rendered":"<h2 class=\"section-title\">Possibilit\u00e9s de partenariat<\/h2>\n<p>Investir dans les arts repr\u00e9sente plus qu\u2019une donation ponctuelle, c\u2019est un multiplicateur qui d\u00e9clenche une r\u00e9action en cha\u00eene et produit un \u00e9cosyst\u00e8me durable pour la croissance continue du secteur des arts au Canada. Pour vous et votre entreprise, cela signifie une r\u00e9compense culturelle, des possibilit\u00e9s de r\u00e9seautage, l&#8217;engagement de vos employ\u00e9s et le d\u00e9veloppement des comp\u00e9tences.<\/p>\n<p>En tant que leader dans le secteur des affaires, votre partenariat d\u2019entreprise avec Arts \/ Affaires est vital. En investissant votre expertise et vos ressources, vous aiderez \u00e0 d\u00e9velopper la capacit\u00e9 et \u00e0 assurer la stabilit\u00e9 des organisations artistiques au Canada qui, en cons\u00e9quence, am\u00e9liore la qualit\u00e9 de vie de tous.<\/p>\n<p>Si vous souhaitez devenir partenaire, veuillez contacter Amadeo Ventura, directeur principale des partenariats et du d\u00e9veloppement , \u00e0 l&#8217;adresse <a href=\"mailto:amadeo@businessforthearts.org\">amadeo@businessforthearts.org<\/a> ou au 416-869-3016, poste 4235.<\/p>\n","protected":false},"excerpt":{"rendered":"<p>Possibilit\u00e9s de partenariat Investir dans les arts repr\u00e9sente plus qu\u2019une donation ponctuelle, c\u2019est un multiplicateur qui d\u00e9clenche une r\u00e9action en cha\u00eene et produit un \u00e9cosyst\u00e8me durable pour la croissance continue du secteur des arts au Canada. Pour vous et votre<span class=\"ellipsis\">&hellip;<\/span><\/p>\n<div class=\"read-more\"><a href=\"https:\/\/www.businessandarts.org\/fr\/partenariat\/\">Lire plus de <span class=\"screen-reader-text\">Possibilit\u00e9s de partenariat<\/span><span class=\"meta-nav\"> &#8250;<\/span><\/a><\/div>\n<p><!-- end of .read-more --><\/p>\n","protected":false},"author":1,"featured_media":0,"parent":0,"menu_order":0,"comment_status":"closed","ping_status":"closed","template":"page-templates\/sidebar-without-topmenu.php","meta":{"_acf_changed":false,"footnotes":""},"class_list":["post-2630","page","type-page","status-publish","hentry"],"acf":[],"yoast_head":"<!-- This site is optimized with the Yoast SEO plugin v23.7 - https:\/\/yoast.com\/wordpress\/plugins\/seo\/ -->\n<title>Possibilit\u00e9s de partenariat - Business \/ Arts<\/title>\n<meta name=\"robots\" content=\"index, follow, max-snippet:-1, max-image-preview:large, max-video-preview:-1\" \/>\n<link rel=\"canonical\" href=\"https:\/\/www.businessandarts.org\/fr\/partenariat\/\" \/>\n<meta property=\"og:locale\" content=\"fr_FR\" \/>\n<meta property=\"og:type\" content=\"article\" \/>\n<meta property=\"og:title\" content=\"Possibilit\u00e9s de partenariat - Business \/ Arts\" \/>\n<meta property=\"og:description\" content=\"Possibilit\u00e9s de partenariat Investir dans les arts repr\u00e9sente plus qu\u2019une donation ponctuelle, c\u2019est un multiplicateur qui d\u00e9clenche une r\u00e9action en cha\u00eene et produit un \u00e9cosyst\u00e8me durable pour la croissance continue du secteur des arts au Canada. Pour vous et votre&hellip;Lire plus de Possibilit\u00e9s de partenariat &#8250;\" \/>\n<meta property=\"og:url\" content=\"https:\/\/www.businessandarts.org\/fr\/partenariat\/\" \/>\n<meta property=\"og:site_name\" content=\"Business \/ Arts\" \/>\n<meta property=\"article:modified_time\" content=\"2025-06-27T16:35:32+00:00\" \/>\n<meta name=\"twitter:card\" content=\"summary_large_image\" \/>\n<meta name=\"twitter:label1\" content=\"Dur\u00e9e de lecture estim\u00e9e\" \/>\n\t<meta name=\"twitter:data1\" content=\"1 minute\" \/>\n<script type=\"application\/ld+json\" class=\"yoast-schema-graph\">{\"@context\":\"https:\/\/schema.org\",\"@graph\":[{\"@type\":\"WebPage\",\"@id\":\"https:\/\/www.businessandarts.org\/fr\/partenariat\/\",\"url\":\"https:\/\/www.businessandarts.org\/fr\/partenariat\/\",\"name\":\"Possibilit\u00e9s de partenariat - Business \/ Arts\",\"isPartOf\":{\"@id\":\"https:\/\/www.businessandarts.org\/#website\"},\"datePublished\":\"2018-06-11T12:47:25+00:00\",\"dateModified\":\"2025-06-27T16:35:32+00:00\",\"breadcrumb\":{\"@id\":\"https:\/\/www.businessandarts.org\/fr\/partenariat\/#breadcrumb\"},\"inLanguage\":\"fr-FR\",\"potentialAction\":[{\"@type\":\"ReadAction\",\"target\":[\"https:\/\/www.businessandarts.org\/fr\/partenariat\/\"]}]},{\"@type\":\"BreadcrumbList\",\"@id\":\"https:\/\/www.businessandarts.org\/fr\/partenariat\/#breadcrumb\",\"itemListElement\":[{\"@type\":\"ListItem\",\"position\":1,\"name\":\"Home\",\"item\":\"https:\/\/www.businessandarts.org\/fr\/\"},{\"@type\":\"ListItem\",\"position\":2,\"name\":\"Possibilit\u00e9s de partenariat\"}]},{\"@type\":\"WebSite\",\"@id\":\"https:\/\/www.businessandarts.org\/#website\",\"url\":\"https:\/\/www.businessandarts.org\/\",\"name\":\"Business \/ Arts\",\"description\":\"\",\"potentialAction\":[{\"@type\":\"SearchAction\",\"target\":{\"@type\":\"EntryPoint\",\"urlTemplate\":\"https:\/\/www.businessandarts.org\/?s={search_term_string}\"},\"query-input\":{\"@type\":\"PropertyValueSpecification\",\"valueRequired\":true,\"valueName\":\"search_term_string\"}}],\"inLanguage\":\"fr-FR\"}]}<\/script>\n<!-- \/ Yoast SEO plugin. -->","yoast_head_json":{"title":"Possibilit\u00e9s de partenariat - Business \/ Arts","robots":{"index":"index","follow":"follow","max-snippet":"max-snippet:-1","max-image-preview":"max-image-preview:large","max-video-preview":"max-video-preview:-1"},"canonical":"https:\/\/www.businessandarts.org\/fr\/partenariat\/","og_locale":"fr_FR","og_type":"article","og_title":"Possibilit\u00e9s de partenariat - Business \/ Arts","og_description":"Possibilit\u00e9s de partenariat Investir dans les arts repr\u00e9sente plus qu\u2019une donation ponctuelle, c\u2019est un multiplicateur qui d\u00e9clenche une r\u00e9action en cha\u00eene et produit un \u00e9cosyst\u00e8me durable pour la croissance continue du secteur des arts au Canada. Pour vous et votre&hellip;Lire plus de Possibilit\u00e9s de partenariat &#8250;","og_url":"https:\/\/www.businessandarts.org\/fr\/partenariat\/","og_site_name":"Business \/ Arts","article_modified_time":"2025-06-27T16:35:32+00:00","twitter_card":"summary_large_image","twitter_misc":{"Dur\u00e9e de lecture estim\u00e9e":"1 minute"},"schema":{"@context":"https:\/\/schema.org","@graph":[{"@type":"WebPage","@id":"https:\/\/www.businessandarts.org\/fr\/partenariat\/","url":"https:\/\/www.businessandarts.org\/fr\/partenariat\/","name":"Possibilit\u00e9s de partenariat - Business \/ Arts","isPartOf":{"@id":"https:\/\/www.businessandarts.org\/#website"},"datePublished":"2018-06-11T12:47:25+00:00","dateModified":"2025-06-27T16:35:32+00:00","breadcrumb":{"@id":"https:\/\/www.businessandarts.org\/fr\/partenariat\/#breadcrumb"},"inLanguage":"fr-FR","potentialAction":[{"@type":"ReadAction","target":["https:\/\/www.businessandarts.org\/fr\/partenariat\/"]}]},{"@type":"BreadcrumbList","@id":"https:\/\/www.businessandarts.org\/fr\/partenariat\/#breadcrumb","itemListElement":[{"@type":"ListItem","position":1,"name":"Home","item":"https:\/\/www.businessandarts.org\/fr\/"},{"@type":"ListItem","position":2,"name":"Possibilit\u00e9s de partenariat"}]},{"@type":"WebSite","@id":"https:\/\/www.businessandarts.org\/#website","url":"https:\/\/www.businessandarts.org\/","name":"Business \/ Arts","description":"","potentialAction":[{"@type":"SearchAction","target":{"@type":"EntryPoint","urlTemplate":"https:\/\/www.businessandarts.org\/?s={search_term_string}"},"query-input":{"@type":"PropertyValueSpecification","valueRequired":true,"valueName":"search_term_string"}}],"inLanguage":"fr-FR"}]}},"_links":{"self":[{"href":"https:\/\/www.businessandarts.org\/fr\/wp-json\/wp\/v2\/pages\/2630","targetHints":{"allow":["GET"]}}],"collection":[{"href":"https:\/\/www.businessandarts.org\/fr\/wp-json\/wp\/v2\/pages"}],"about":[{"href":"https:\/\/www.businessandarts.org\/fr\/wp-json\/wp\/v2\/types\/page"}],"author":[{"embeddable":true,"href":"https:\/\/www.businessandarts.org\/fr\/wp-json\/wp\/v2\/users\/1"}],"replies":[{"embeddable":true,"href":"https:\/\/www.businessandarts.org\/fr\/wp-json\/wp\/v2\/comments?post=2630"}],"version-history":[{"count":2,"href":"https:\/\/www.businessandarts.org\/fr\/wp-json\/wp\/v2\/pages\/2630\/revisions"}],"predecessor-version":[{"id":26737,"href":"https:\/\/www.businessandarts.org\/fr\/wp-json\/wp\/v2\/pages\/2630\/revisions\/26737"}],"wp:attachment":[{"href":"https:\/\/www.businessandarts.org\/fr\/wp-json\/wp\/v2\/media?parent=2630"}],"curies":[{"name":"wp","href":"https:\/\/api.w.org\/{rel}","templated":true}]}}