{"id":2628,"date":"2018-06-19T10:25:52","date_gmt":"2018-06-19T10:25:52","guid":{"rendered":"https:\/\/www.businessandarts.org\/overview-canadian-art-summit\/protocol\/"},"modified":"2025-06-25T19:06:35","modified_gmt":"2025-06-25T19:06:35","slug":"rapports","status":"publish","type":"page","link":"https:\/\/www.businessandarts.org\/fr\/cas\/rapports\/","title":{"rendered":"Rapports"},"content":{"rendered":"<div class=\"cms-page\">\n<div class=\"txt-ovrvw\">\n<div class=\"section-title\">Rapports<\/div>\n<p>Chaque ann\u00e9e, un rapport est r\u00e9dig\u00e9 \u00e0 la suite du Sommet canadien des arts. Il contient les points saillants de la programmation, les activit\u00e9s de plaidoyer et les principales conclusions de la rencontre. Le rapport est distribu\u00e9 \u00e0 tous les d\u00e9l\u00e9gu\u00e9s du Sommet et est mis \u00e0 la disposition du public.<\/p>\n<div class=\"fortheart-ctnt text-center pkg-desc\">\n<ul class=\"def-ul center-ul\">\n<li><a href=\"https:\/\/www.businessandarts.org\/wp-content\/uploads\/2025\/06\/CAS2025-Report_FRE.pdf\">T\u00e9l\u00e9charger le rapport du Sommet canadien des arts 2025<\/a><\/li>\n<li><a href=\"https:\/\/www.businessandarts.org\/wp-content\/uploads\/2024\/06\/SCA2024Rapport.pdf\">T\u00e9l\u00e9charger le rapport du Sommet canadien des arts 2024<\/a><\/li>\n<li><a href=\"https:\/\/www.businessandarts.org\/wp-content\/uploads\/2023\/07\/SCA2023_Rapport-sommaire_French.pdf\">T\u00e9l\u00e9charger le rapport du Sommet canadien des arts 2023<\/a><\/li>\n<li><a href=\"https:\/\/www.businessandarts.org\/wp-content\/uploads\/2022\/05\/CAS_summary_FRE.pdf\">T\u00e9l\u00e9charger le rapport du Sommet canadien des arts 2022<\/a><\/li>\n<li><a href=\"https:\/\/www.businessandarts.org\/wp-content\/uploads\/2021\/08\/2021-Canadian-Arts-Summit-Report.pdf\">T\u00e9l\u00e9charger le rapport du Sommet canadien des arts 2021<\/a><\/li>\n<li><a href=\"https:\/\/www.businessandarts.org\/wp-content\/uploads\/2019\/10\/CAS22-Report.pdf\">T\u00e9l\u00e9chargez le rapport du Sommet canadien des arts 2019<\/a><\/li>\n<\/ul>\n<\/div>\n<\/div>\n<\/div>\n","protected":false},"excerpt":{"rendered":"<p>Rapports Chaque ann\u00e9e, un rapport est r\u00e9dig\u00e9 \u00e0 la suite du Sommet canadien des arts. Il contient les points saillants de la programmation, les activit\u00e9s de plaidoyer et les principales conclusions de la rencontre. Le rapport est distribu\u00e9 \u00e0 tous<span class=\"ellipsis\">&hellip;<\/span><\/p>\n<div class=\"read-more\"><a href=\"https:\/\/www.businessandarts.org\/fr\/cas\/rapports\/\">Lire plus de <span class=\"screen-reader-text\">Rapports<\/span><span class=\"meta-nav\"> &#8250;<\/span><\/a><\/div>\n<p><!-- end of .read-more --><\/p>\n","protected":false},"author":1,"featured_media":0,"parent":2625,"menu_order":0,"comment_status":"closed","ping_status":"closed","template":"page-templates\/sidebar-withtopmenu.php","meta":{"_acf_changed":false,"footnotes":""},"class_list":["post-2628","page","type-page","status-publish","hentry"],"acf":[],"yoast_head":"<!-- This site is optimized with the Yoast SEO plugin v23.7 - https:\/\/yoast.com\/wordpress\/plugins\/seo\/ -->\n<title>Rapports - Business \/ Arts<\/title>\n<meta name=\"robots\" content=\"index, follow, max-snippet:-1, max-image-preview:large, max-video-preview:-1\" \/>\n<link rel=\"canonical\" href=\"https:\/\/www.businessandarts.org\/fr\/cas\/rapports\/\" \/>\n<meta property=\"og:locale\" content=\"fr_FR\" \/>\n<meta property=\"og:type\" content=\"article\" \/>\n<meta property=\"og:title\" content=\"Rapports - Business \/ Arts\" \/>\n<meta property=\"og:description\" content=\"Rapports Chaque ann\u00e9e, un rapport est r\u00e9dig\u00e9 \u00e0 la suite du Sommet canadien des arts. Il contient les points saillants de la programmation, les activit\u00e9s de plaidoyer et les principales conclusions de la rencontre. Le rapport est distribu\u00e9 \u00e0 tous&hellip;Lire plus de Rapports &#8250;\" \/>\n<meta property=\"og:url\" content=\"https:\/\/www.businessandarts.org\/fr\/cas\/rapports\/\" \/>\n<meta property=\"og:site_name\" content=\"Business \/ Arts\" \/>\n<meta property=\"article:modified_time\" content=\"2025-06-25T19:06:35+00:00\" \/>\n<meta name=\"twitter:card\" content=\"summary_large_image\" \/>\n<meta name=\"twitter:label1\" content=\"Dur\u00e9e de lecture estim\u00e9e\" \/>\n\t<meta name=\"twitter:data1\" content=\"1 minute\" \/>\n<script type=\"application\/ld+json\" class=\"yoast-schema-graph\">{\"@context\":\"https:\/\/schema.org\",\"@graph\":[{\"@type\":\"WebPage\",\"@id\":\"https:\/\/www.businessandarts.org\/fr\/cas\/rapports\/\",\"url\":\"https:\/\/www.businessandarts.org\/fr\/cas\/rapports\/\",\"name\":\"Rapports - Business \/ Arts\",\"isPartOf\":{\"@id\":\"https:\/\/www.businessandarts.org\/#website\"},\"datePublished\":\"2018-06-19T10:25:52+00:00\",\"dateModified\":\"2025-06-25T19:06:35+00:00\",\"breadcrumb\":{\"@id\":\"https:\/\/www.businessandarts.org\/fr\/cas\/rapports\/#breadcrumb\"},\"inLanguage\":\"fr-FR\",\"potentialAction\":[{\"@type\":\"ReadAction\",\"target\":[\"https:\/\/www.businessandarts.org\/fr\/cas\/rapports\/\"]}]},{\"@type\":\"BreadcrumbList\",\"@id\":\"https:\/\/www.businessandarts.org\/fr\/cas\/rapports\/#breadcrumb\",\"itemListElement\":[{\"@type\":\"ListItem\",\"position\":1,\"name\":\"Home\",\"item\":\"https:\/\/www.businessandarts.org\/fr\/\"},{\"@type\":\"ListItem\",\"position\":2,\"name\":\"Le Sommet canadien des arts\",\"item\":\"https:\/\/www.businessandarts.org\/fr\/cas\/\"},{\"@type\":\"ListItem\",\"position\":3,\"name\":\"Rapports\"}]},{\"@type\":\"WebSite\",\"@id\":\"https:\/\/www.businessandarts.org\/#website\",\"url\":\"https:\/\/www.businessandarts.org\/\",\"name\":\"Business \/ Arts\",\"description\":\"\",\"potentialAction\":[{\"@type\":\"SearchAction\",\"target\":{\"@type\":\"EntryPoint\",\"urlTemplate\":\"https:\/\/www.businessandarts.org\/?s={search_term_string}\"},\"query-input\":{\"@type\":\"PropertyValueSpecification\",\"valueRequired\":true,\"valueName\":\"search_term_string\"}}],\"inLanguage\":\"fr-FR\"}]}<\/script>\n<!-- \/ Yoast SEO plugin. -->","yoast_head_json":{"title":"Rapports - Business \/ Arts","robots":{"index":"index","follow":"follow","max-snippet":"max-snippet:-1","max-image-preview":"max-image-preview:large","max-video-preview":"max-video-preview:-1"},"canonical":"https:\/\/www.businessandarts.org\/fr\/cas\/rapports\/","og_locale":"fr_FR","og_type":"article","og_title":"Rapports - Business \/ Arts","og_description":"Rapports Chaque ann\u00e9e, un rapport est r\u00e9dig\u00e9 \u00e0 la suite du Sommet canadien des arts. Il contient les points saillants de la programmation, les activit\u00e9s de plaidoyer et les principales conclusions de la rencontre. Le rapport est distribu\u00e9 \u00e0 tous&hellip;Lire plus de Rapports &#8250;","og_url":"https:\/\/www.businessandarts.org\/fr\/cas\/rapports\/","og_site_name":"Business \/ Arts","article_modified_time":"2025-06-25T19:06:35+00:00","twitter_card":"summary_large_image","twitter_misc":{"Dur\u00e9e de lecture estim\u00e9e":"1 minute"},"schema":{"@context":"https:\/\/schema.org","@graph":[{"@type":"WebPage","@id":"https:\/\/www.businessandarts.org\/fr\/cas\/rapports\/","url":"https:\/\/www.businessandarts.org\/fr\/cas\/rapports\/","name":"Rapports - Business \/ Arts","isPartOf":{"@id":"https:\/\/www.businessandarts.org\/#website"},"datePublished":"2018-06-19T10:25:52+00:00","dateModified":"2025-06-25T19:06:35+00:00","breadcrumb":{"@id":"https:\/\/www.businessandarts.org\/fr\/cas\/rapports\/#breadcrumb"},"inLanguage":"fr-FR","potentialAction":[{"@type":"ReadAction","target":["https:\/\/www.businessandarts.org\/fr\/cas\/rapports\/"]}]},{"@type":"BreadcrumbList","@id":"https:\/\/www.businessandarts.org\/fr\/cas\/rapports\/#breadcrumb","itemListElement":[{"@type":"ListItem","position":1,"name":"Home","item":"https:\/\/www.businessandarts.org\/fr\/"},{"@type":"ListItem","position":2,"name":"Le Sommet canadien des arts","item":"https:\/\/www.businessandarts.org\/fr\/cas\/"},{"@type":"ListItem","position":3,"name":"Rapports"}]},{"@type":"WebSite","@id":"https:\/\/www.businessandarts.org\/#website","url":"https:\/\/www.businessandarts.org\/","name":"Business \/ Arts","description":"","potentialAction":[{"@type":"SearchAction","target":{"@type":"EntryPoint","urlTemplate":"https:\/\/www.businessandarts.org\/?s={search_term_string}"},"query-input":{"@type":"PropertyValueSpecification","valueRequired":true,"valueName":"search_term_string"}}],"inLanguage":"fr-FR"}]}},"_links":{"self":[{"href":"https:\/\/www.businessandarts.org\/fr\/wp-json\/wp\/v2\/pages\/2628","targetHints":{"allow":["GET"]}}],"collection":[{"href":"https:\/\/www.businessandarts.org\/fr\/wp-json\/wp\/v2\/pages"}],"about":[{"href":"https:\/\/www.businessandarts.org\/fr\/wp-json\/wp\/v2\/types\/page"}],"author":[{"embeddable":true,"href":"https:\/\/www.businessandarts.org\/fr\/wp-json\/wp\/v2\/users\/1"}],"replies":[{"embeddable":true,"href":"https:\/\/www.businessandarts.org\/fr\/wp-json\/wp\/v2\/comments?post=2628"}],"version-history":[{"count":1,"href":"https:\/\/www.businessandarts.org\/fr\/wp-json\/wp\/v2\/pages\/2628\/revisions"}],"predecessor-version":[{"id":26724,"href":"https:\/\/www.businessandarts.org\/fr\/wp-json\/wp\/v2\/pages\/2628\/revisions\/26724"}],"up":[{"embeddable":true,"href":"https:\/\/www.businessandarts.org\/fr\/wp-json\/wp\/v2\/pages\/2625"}],"wp:attachment":[{"href":"https:\/\/www.businessandarts.org\/fr\/wp-json\/wp\/v2\/media?parent=2628"}],"curies":[{"name":"wp","href":"https:\/\/api.w.org\/{rel}","templated":true}]}}