{"id":2626,"date":"2018-06-19T10:25:29","date_gmt":"2018-06-19T10:25:29","guid":{"rendered":"https:\/\/www.businessandarts.org\/overview-canadian-art-summit\/background\/"},"modified":"2023-12-08T15:15:56","modified_gmt":"2023-12-08T15:15:56","slug":"background","status":"publish","type":"page","link":"https:\/\/www.businessandarts.org\/fr\/cas\/background\/","title":{"rendered":"Historique"},"content":{"rendered":"<div class=\"cms-page\">\n<div class=\"txt-ovrvw\">\n<div class=\"section-title\">Historique<\/div>\n<p>En 1998, Le Conseil pour le monde des affaires et des arts du Canada et le Banff Centre ont invite\u0301 les pre\u0301sidents, directeurs administratifs et directeurs artistiques des 20 plus grandes organisations des arts du Canada a\u0300 un \u00ab Sommet \u00bb. Ce premier Sommet e\u0301tait base\u0301 sur la conviction que ces e\u0301minents leaders \u2013 be\u0301ne\u0301voles, artistes et directeurs \u2013 pouvaient, en travaillant ensemble, mieux appuyer les aspirations artistiques canadiennes.<\/p>\n<p><span>Au fil des ans, le Sommet canadien des arts est devenu un forum unique de leadership culturel. Il se tient chaque ann\u00e9e au printemp. Il r\u00e9unit les dirigeants, directeurs artistiques et pr\u00e9sidents des conseils d\u2019administration des principales institutions culturelles canadiennes \u00e0 but non-lucratif : des orchestres symphoniques, des th\u00e9\u00e2tres, des maisons d\u2019op\u00e9ra, des compagnies de ballet, des mus\u00e9es d\u2019art et des sites patrimoniaux, ainsi que d\u2019autres acteurs cl\u00e9s ayant un int\u00e9r\u00eat direct \u00e0 encourager et maintenir le dynamisme de l\u2019\u00e9cosyst\u00e8me artistique au Canada. <\/span><\/p>\n<p><strong>La mission du Sommet canadien des arts est d&#8217;inspirer un engagement significatif dans les arts en :<\/strong><\/p>\n<div class=\"fortheart-ctnt text-center pkg-desc\">\n<ul class=\"def-ul center-ul\">\n<li>cr\u00e9ant un forum o\u00f9 les leaders institutionnels du secteur des arts et de la culture peuvent se rencontrer, r\u00e9seauter, \u00e9changer des id\u00e9es, partager les meilleures pratiques et collaborer<\/li>\n<li>dirigeant des interactions et des initiatives qui contribuent strat\u00e9giquement \u00e0 l&#8217;avancement des questions cl\u00e9s dans le secteur des arts et de la culture<\/li>\n<li>promouvoir les avantages des arts et de la culture aupr\u00e8s du gouvernement, des entreprises et du grand public<\/li>\n<\/ul>\n<\/div>\n<p><span>Le Sommet est fond\u00e9 sur la certitude que ce sont les participants qui donnent vie \u00e0 sa mission. C\u2019est pourquoi, depuis son lancement, le Sommet est un weekend de rencontres et un r\u00e9seau dynamique de leaders artistiques qui collaborent tout au long de l\u2019ann\u00e9e.<\/span><\/p>\n<\/div>\n<\/div>\n","protected":false},"excerpt":{"rendered":"<p>Historique En 1998, Le Conseil pour le monde des affaires et des arts du Canada et le Banff Centre ont invite\u0301 les pre\u0301sidents, directeurs administratifs et directeurs artistiques des 20 plus grandes organisations des arts du Canada a\u0300 un \u00ab<span class=\"ellipsis\">&hellip;<\/span><\/p>\n<div class=\"read-more\"><a href=\"https:\/\/www.businessandarts.org\/fr\/cas\/background\/\">Lire plus de <span class=\"screen-reader-text\">Historique<\/span><span class=\"meta-nav\"> &#8250;<\/span><\/a><\/div>\n<p><!-- end of .read-more --><\/p>\n","protected":false},"author":1,"featured_media":0,"parent":2625,"menu_order":0,"comment_status":"closed","ping_status":"closed","template":"page-templates\/sidebar-withtopmenu.php","meta":{"_acf_changed":false,"footnotes":""},"class_list":["post-2626","page","type-page","status-publish","hentry"],"acf":[],"yoast_head":"<!-- This site is optimized with the Yoast SEO plugin v23.7 - https:\/\/yoast.com\/wordpress\/plugins\/seo\/ -->\n<title>Historique - Business \/ Arts<\/title>\n<meta name=\"robots\" content=\"index, follow, max-snippet:-1, max-image-preview:large, max-video-preview:-1\" \/>\n<link rel=\"canonical\" href=\"https:\/\/www.businessandarts.org\/fr\/cas\/background\/\" \/>\n<meta property=\"og:locale\" content=\"fr_FR\" \/>\n<meta property=\"og:type\" content=\"article\" \/>\n<meta property=\"og:title\" content=\"Historique - Business \/ Arts\" \/>\n<meta property=\"og:description\" content=\"Historique En 1998, Le Conseil pour le monde des affaires et des arts du Canada et le Banff Centre ont invite\u0301 les pre\u0301sidents, directeurs administratifs et directeurs artistiques des 20 plus grandes organisations des arts du Canada a\u0300 un \u00ab&hellip;Lire plus de Historique &#8250;\" \/>\n<meta property=\"og:url\" content=\"https:\/\/www.businessandarts.org\/fr\/cas\/background\/\" \/>\n<meta property=\"og:site_name\" content=\"Business \/ Arts\" \/>\n<meta property=\"article:modified_time\" content=\"2023-12-08T15:15:56+00:00\" \/>\n<meta name=\"twitter:card\" content=\"summary_large_image\" \/>\n<meta name=\"twitter:label1\" content=\"Dur\u00e9e de lecture estim\u00e9e\" \/>\n\t<meta name=\"twitter:data1\" content=\"2 minutes\" \/>\n<script type=\"application\/ld+json\" class=\"yoast-schema-graph\">{\"@context\":\"https:\/\/schema.org\",\"@graph\":[{\"@type\":\"WebPage\",\"@id\":\"https:\/\/www.businessandarts.org\/fr\/cas\/background\/\",\"url\":\"https:\/\/www.businessandarts.org\/fr\/cas\/background\/\",\"name\":\"Historique - Business \/ Arts\",\"isPartOf\":{\"@id\":\"https:\/\/www.businessandarts.org\/#website\"},\"datePublished\":\"2018-06-19T10:25:29+00:00\",\"dateModified\":\"2023-12-08T15:15:56+00:00\",\"breadcrumb\":{\"@id\":\"https:\/\/www.businessandarts.org\/fr\/cas\/background\/#breadcrumb\"},\"inLanguage\":\"fr-FR\",\"potentialAction\":[{\"@type\":\"ReadAction\",\"target\":[\"https:\/\/www.businessandarts.org\/fr\/cas\/background\/\"]}]},{\"@type\":\"BreadcrumbList\",\"@id\":\"https:\/\/www.businessandarts.org\/fr\/cas\/background\/#breadcrumb\",\"itemListElement\":[{\"@type\":\"ListItem\",\"position\":1,\"name\":\"Home\",\"item\":\"https:\/\/www.businessandarts.org\/fr\/\"},{\"@type\":\"ListItem\",\"position\":2,\"name\":\"Le Sommet canadien des arts\",\"item\":\"https:\/\/www.businessandarts.org\/fr\/cas\/\"},{\"@type\":\"ListItem\",\"position\":3,\"name\":\"Historique\"}]},{\"@type\":\"WebSite\",\"@id\":\"https:\/\/www.businessandarts.org\/#website\",\"url\":\"https:\/\/www.businessandarts.org\/\",\"name\":\"Business \/ Arts\",\"description\":\"\",\"potentialAction\":[{\"@type\":\"SearchAction\",\"target\":{\"@type\":\"EntryPoint\",\"urlTemplate\":\"https:\/\/www.businessandarts.org\/?s={search_term_string}\"},\"query-input\":{\"@type\":\"PropertyValueSpecification\",\"valueRequired\":true,\"valueName\":\"search_term_string\"}}],\"inLanguage\":\"fr-FR\"}]}<\/script>\n<!-- \/ Yoast SEO plugin. -->","yoast_head_json":{"title":"Historique - Business \/ Arts","robots":{"index":"index","follow":"follow","max-snippet":"max-snippet:-1","max-image-preview":"max-image-preview:large","max-video-preview":"max-video-preview:-1"},"canonical":"https:\/\/www.businessandarts.org\/fr\/cas\/background\/","og_locale":"fr_FR","og_type":"article","og_title":"Historique - Business \/ Arts","og_description":"Historique En 1998, Le Conseil pour le monde des affaires et des arts du Canada et le Banff Centre ont invite\u0301 les pre\u0301sidents, directeurs administratifs et directeurs artistiques des 20 plus grandes organisations des arts du Canada a\u0300 un \u00ab&hellip;Lire plus de Historique &#8250;","og_url":"https:\/\/www.businessandarts.org\/fr\/cas\/background\/","og_site_name":"Business \/ Arts","article_modified_time":"2023-12-08T15:15:56+00:00","twitter_card":"summary_large_image","twitter_misc":{"Dur\u00e9e de lecture estim\u00e9e":"2 minutes"},"schema":{"@context":"https:\/\/schema.org","@graph":[{"@type":"WebPage","@id":"https:\/\/www.businessandarts.org\/fr\/cas\/background\/","url":"https:\/\/www.businessandarts.org\/fr\/cas\/background\/","name":"Historique - Business \/ Arts","isPartOf":{"@id":"https:\/\/www.businessandarts.org\/#website"},"datePublished":"2018-06-19T10:25:29+00:00","dateModified":"2023-12-08T15:15:56+00:00","breadcrumb":{"@id":"https:\/\/www.businessandarts.org\/fr\/cas\/background\/#breadcrumb"},"inLanguage":"fr-FR","potentialAction":[{"@type":"ReadAction","target":["https:\/\/www.businessandarts.org\/fr\/cas\/background\/"]}]},{"@type":"BreadcrumbList","@id":"https:\/\/www.businessandarts.org\/fr\/cas\/background\/#breadcrumb","itemListElement":[{"@type":"ListItem","position":1,"name":"Home","item":"https:\/\/www.businessandarts.org\/fr\/"},{"@type":"ListItem","position":2,"name":"Le Sommet canadien des arts","item":"https:\/\/www.businessandarts.org\/fr\/cas\/"},{"@type":"ListItem","position":3,"name":"Historique"}]},{"@type":"WebSite","@id":"https:\/\/www.businessandarts.org\/#website","url":"https:\/\/www.businessandarts.org\/","name":"Business \/ Arts","description":"","potentialAction":[{"@type":"SearchAction","target":{"@type":"EntryPoint","urlTemplate":"https:\/\/www.businessandarts.org\/?s={search_term_string}"},"query-input":{"@type":"PropertyValueSpecification","valueRequired":true,"valueName":"search_term_string"}}],"inLanguage":"fr-FR"}]}},"_links":{"self":[{"href":"https:\/\/www.businessandarts.org\/fr\/wp-json\/wp\/v2\/pages\/2626","targetHints":{"allow":["GET"]}}],"collection":[{"href":"https:\/\/www.businessandarts.org\/fr\/wp-json\/wp\/v2\/pages"}],"about":[{"href":"https:\/\/www.businessandarts.org\/fr\/wp-json\/wp\/v2\/types\/page"}],"author":[{"embeddable":true,"href":"https:\/\/www.businessandarts.org\/fr\/wp-json\/wp\/v2\/users\/1"}],"replies":[{"embeddable":true,"href":"https:\/\/www.businessandarts.org\/fr\/wp-json\/wp\/v2\/comments?post=2626"}],"version-history":[{"count":0,"href":"https:\/\/www.businessandarts.org\/fr\/wp-json\/wp\/v2\/pages\/2626\/revisions"}],"up":[{"embeddable":true,"href":"https:\/\/www.businessandarts.org\/fr\/wp-json\/wp\/v2\/pages\/2625"}],"wp:attachment":[{"href":"https:\/\/www.businessandarts.org\/fr\/wp-json\/wp\/v2\/media?parent=2626"}],"curies":[{"name":"wp","href":"https:\/\/api.w.org\/{rel}","templated":true}]}}