{"id":2625,"date":"2018-06-19T10:19:07","date_gmt":"2018-06-19T10:19:07","guid":{"rendered":"https:\/\/www.businessandarts.org\/overview-canadian-art-summit\/"},"modified":"2025-11-06T19:24:13","modified_gmt":"2025-11-06T19:24:13","slug":"cas","status":"publish","type":"page","link":"https:\/\/www.businessandarts.org\/fr\/cas\/","title":{"rendered":"Le Sommet canadien des arts"},"content":{"rendered":"<h3><strong>\u00c0 propos du Sommet canadien des arts\u00a0<\/strong><\/h3>\n<p>Le Sommet canadien des arts est un rassemblement de hauts dirigeants du secteur artistique, notamment de directeurs artistiques, de directeurs ex\u00e9cutifs et de pr\u00e9sidents b\u00e9n\u00e9voles de conseils d&#8217;administration des plus grandes institutions artistiques du Canada. Le Sommet\u00a0joue un r\u00f4le essentiel en rassemblant des voix \u00e9minentes du Canada et de l&#8217;\u00e9tranger pour aider \u00e0 fa\u00e7onner l&#8217;avenir des arts au Canada.<\/p>\n<p>Du 9 au 11 avril 2026, nous aurons le plaisir d\u2019accueillir les d\u00e9l\u00e9gu\u00e9s au Banff Centre \u00e0 l\u2019occasion du Sommet canadien des arts 2026.<\/p>\n<p>&nbsp;<\/p>\n<hr style=\"height: 1px; background: #2C343D; border-top: none;\" \/>\n<div class=\"su-row\"><div class=\"su-column su-column-size-1-3\"><div class=\"su-column-inner su-u-clearfix su-u-trim\"><strong>Organis\u00e9 par<\/strong><\/p>\n<p><img loading=\"lazy\" decoding=\"async\" src=\"https:\/\/www.businessandarts.org\/wp-content\/uploads\/2020\/01\/ba-french-cas.png\" alt=\"\" class=\" wp-image-11330 alignnone\" width=\"350\" height=\"175\" \/><\/div><\/div> <div class=\"su-column su-column-size-1-3\"><div class=\"su-column-inner su-u-clearfix su-u-trim\"><strong>Organis\u00e9 en partenariat avec<br \/>\n<\/strong><\/p>\n<p><img loading=\"lazy\" decoding=\"async\" src=\"https:\/\/www.businessandarts.org\/wp-content\/uploads\/2020\/01\/BC_LOGO_FH_C_RGB_FR.png\" alt=\"\" class=\" wp-image-11327 alignnone\" width=\"306\" height=\"153\" \/><\/div><\/div>\n<div class=\"su-column su-column-size-1-3\"><div class=\"su-column-inner su-u-clearfix su-u-trim\">\n<p>&nbsp;<\/p>\n<\/div><\/div>\n<\/div>\n","protected":false},"excerpt":{"rendered":"<p>\u00c0 propos du Sommet canadien des arts\u00a0 Le Sommet canadien des arts est un rassemblement de hauts dirigeants du secteur artistique, notamment de directeurs artistiques, de directeurs ex\u00e9cutifs et de pr\u00e9sidents b\u00e9n\u00e9voles de conseils d&#8217;administration des plus grandes institutions artistiques<span class=\"ellipsis\">&hellip;<\/span><\/p>\n<div class=\"read-more\"><a href=\"https:\/\/www.businessandarts.org\/fr\/cas\/\">Lire plus de <span class=\"screen-reader-text\">Le Sommet canadien des arts<\/span><span class=\"meta-nav\"> &#8250;<\/span><\/a><\/div>\n<p><!-- end of .read-more --><\/p>\n","protected":false},"author":1,"featured_media":0,"parent":0,"menu_order":0,"comment_status":"closed","ping_status":"closed","template":"page-templates\/sidebar-with-CAS-tmp.php","meta":{"_acf_changed":false,"footnotes":""},"class_list":["post-2625","page","type-page","status-publish","hentry"],"acf":[],"yoast_head":"<!-- This site is optimized with the Yoast SEO plugin v23.7 - https:\/\/yoast.com\/wordpress\/plugins\/seo\/ -->\n<title>Le Sommet canadien des arts - Business \/ Arts<\/title>\n<meta name=\"robots\" content=\"index, follow, max-snippet:-1, max-image-preview:large, max-video-preview:-1\" \/>\n<link rel=\"canonical\" href=\"https:\/\/www.businessandarts.org\/fr\/cas\/\" \/>\n<meta property=\"og:locale\" content=\"fr_FR\" \/>\n<meta property=\"og:type\" content=\"article\" \/>\n<meta property=\"og:title\" content=\"Le Sommet canadien des arts - Business \/ Arts\" \/>\n<meta property=\"og:description\" content=\"\u00c0 propos du Sommet canadien des arts\u00a0 Le Sommet canadien des arts est un rassemblement de hauts dirigeants du secteur artistique, notamment de directeurs artistiques, de directeurs ex\u00e9cutifs et de pr\u00e9sidents b\u00e9n\u00e9voles de conseils d&#8217;administration des plus grandes institutions artistiques&hellip;Lire plus de Le Sommet canadien des arts &#8250;\" \/>\n<meta property=\"og:url\" content=\"https:\/\/www.businessandarts.org\/fr\/cas\/\" \/>\n<meta property=\"og:site_name\" content=\"Business \/ Arts\" \/>\n<meta property=\"article:modified_time\" content=\"2025-11-06T19:24:13+00:00\" \/>\n<meta property=\"og:image\" content=\"https:\/\/www.businessandarts.org\/wp-content\/uploads\/2020\/01\/ba-french-cas.png\" \/>\n\t<meta property=\"og:image:width\" content=\"400\" \/>\n\t<meta property=\"og:image:height\" content=\"200\" \/>\n\t<meta property=\"og:image:type\" content=\"image\/png\" \/>\n<meta name=\"twitter:card\" content=\"summary_large_image\" \/>\n<meta name=\"twitter:label1\" content=\"Dur\u00e9e de lecture estim\u00e9e\" \/>\n\t<meta name=\"twitter:data1\" content=\"1 minute\" \/>\n<script type=\"application\/ld+json\" class=\"yoast-schema-graph\">{\"@context\":\"https:\/\/schema.org\",\"@graph\":[{\"@type\":\"WebPage\",\"@id\":\"https:\/\/www.businessandarts.org\/fr\/cas\/\",\"url\":\"https:\/\/www.businessandarts.org\/fr\/cas\/\",\"name\":\"Le Sommet canadien des arts - Business \/ Arts\",\"isPartOf\":{\"@id\":\"https:\/\/www.businessandarts.org\/#website\"},\"primaryImageOfPage\":{\"@id\":\"https:\/\/www.businessandarts.org\/fr\/cas\/#primaryimage\"},\"image\":{\"@id\":\"https:\/\/www.businessandarts.org\/fr\/cas\/#primaryimage\"},\"thumbnailUrl\":\"https:\/\/www.businessandarts.org\/wp-content\/uploads\/2020\/01\/ba-french-cas.png\",\"datePublished\":\"2018-06-19T10:19:07+00:00\",\"dateModified\":\"2025-11-06T19:24:13+00:00\",\"breadcrumb\":{\"@id\":\"https:\/\/www.businessandarts.org\/fr\/cas\/#breadcrumb\"},\"inLanguage\":\"fr-FR\",\"potentialAction\":[{\"@type\":\"ReadAction\",\"target\":[\"https:\/\/www.businessandarts.org\/fr\/cas\/\"]}]},{\"@type\":\"ImageObject\",\"inLanguage\":\"fr-FR\",\"@id\":\"https:\/\/www.businessandarts.org\/fr\/cas\/#primaryimage\",\"url\":\"https:\/\/www.businessandarts.org\/wp-content\/uploads\/2020\/01\/ba-french-cas.png\",\"contentUrl\":\"https:\/\/www.businessandarts.org\/wp-content\/uploads\/2020\/01\/ba-french-cas.png\"},{\"@type\":\"BreadcrumbList\",\"@id\":\"https:\/\/www.businessandarts.org\/fr\/cas\/#breadcrumb\",\"itemListElement\":[{\"@type\":\"ListItem\",\"position\":1,\"name\":\"Home\",\"item\":\"https:\/\/www.businessandarts.org\/fr\/\"},{\"@type\":\"ListItem\",\"position\":2,\"name\":\"Le Sommet canadien des arts\"}]},{\"@type\":\"WebSite\",\"@id\":\"https:\/\/www.businessandarts.org\/#website\",\"url\":\"https:\/\/www.businessandarts.org\/\",\"name\":\"Business \/ Arts\",\"description\":\"\",\"potentialAction\":[{\"@type\":\"SearchAction\",\"target\":{\"@type\":\"EntryPoint\",\"urlTemplate\":\"https:\/\/www.businessandarts.org\/?s={search_term_string}\"},\"query-input\":{\"@type\":\"PropertyValueSpecification\",\"valueRequired\":true,\"valueName\":\"search_term_string\"}}],\"inLanguage\":\"fr-FR\"}]}<\/script>\n<!-- \/ Yoast SEO plugin. -->","yoast_head_json":{"title":"Le Sommet canadien des arts - Business \/ Arts","robots":{"index":"index","follow":"follow","max-snippet":"max-snippet:-1","max-image-preview":"max-image-preview:large","max-video-preview":"max-video-preview:-1"},"canonical":"https:\/\/www.businessandarts.org\/fr\/cas\/","og_locale":"fr_FR","og_type":"article","og_title":"Le Sommet canadien des arts - Business \/ Arts","og_description":"\u00c0 propos du Sommet canadien des arts\u00a0 Le Sommet canadien des arts est un rassemblement de hauts dirigeants du secteur artistique, notamment de directeurs artistiques, de directeurs ex\u00e9cutifs et de pr\u00e9sidents b\u00e9n\u00e9voles de conseils d&#8217;administration des plus grandes institutions artistiques&hellip;Lire plus de Le Sommet canadien des arts &#8250;","og_url":"https:\/\/www.businessandarts.org\/fr\/cas\/","og_site_name":"Business \/ Arts","article_modified_time":"2025-11-06T19:24:13+00:00","og_image":[{"width":400,"height":200,"url":"https:\/\/www.businessandarts.org\/wp-content\/uploads\/2020\/01\/ba-french-cas.png","type":"image\/png"}],"twitter_card":"summary_large_image","twitter_misc":{"Dur\u00e9e de lecture estim\u00e9e":"1 minute"},"schema":{"@context":"https:\/\/schema.org","@graph":[{"@type":"WebPage","@id":"https:\/\/www.businessandarts.org\/fr\/cas\/","url":"https:\/\/www.businessandarts.org\/fr\/cas\/","name":"Le Sommet canadien des arts - Business \/ Arts","isPartOf":{"@id":"https:\/\/www.businessandarts.org\/#website"},"primaryImageOfPage":{"@id":"https:\/\/www.businessandarts.org\/fr\/cas\/#primaryimage"},"image":{"@id":"https:\/\/www.businessandarts.org\/fr\/cas\/#primaryimage"},"thumbnailUrl":"https:\/\/www.businessandarts.org\/wp-content\/uploads\/2020\/01\/ba-french-cas.png","datePublished":"2018-06-19T10:19:07+00:00","dateModified":"2025-11-06T19:24:13+00:00","breadcrumb":{"@id":"https:\/\/www.businessandarts.org\/fr\/cas\/#breadcrumb"},"inLanguage":"fr-FR","potentialAction":[{"@type":"ReadAction","target":["https:\/\/www.businessandarts.org\/fr\/cas\/"]}]},{"@type":"ImageObject","inLanguage":"fr-FR","@id":"https:\/\/www.businessandarts.org\/fr\/cas\/#primaryimage","url":"https:\/\/www.businessandarts.org\/wp-content\/uploads\/2020\/01\/ba-french-cas.png","contentUrl":"https:\/\/www.businessandarts.org\/wp-content\/uploads\/2020\/01\/ba-french-cas.png"},{"@type":"BreadcrumbList","@id":"https:\/\/www.businessandarts.org\/fr\/cas\/#breadcrumb","itemListElement":[{"@type":"ListItem","position":1,"name":"Home","item":"https:\/\/www.businessandarts.org\/fr\/"},{"@type":"ListItem","position":2,"name":"Le Sommet canadien des arts"}]},{"@type":"WebSite","@id":"https:\/\/www.businessandarts.org\/#website","url":"https:\/\/www.businessandarts.org\/","name":"Business \/ Arts","description":"","potentialAction":[{"@type":"SearchAction","target":{"@type":"EntryPoint","urlTemplate":"https:\/\/www.businessandarts.org\/?s={search_term_string}"},"query-input":{"@type":"PropertyValueSpecification","valueRequired":true,"valueName":"search_term_string"}}],"inLanguage":"fr-FR"}]}},"_links":{"self":[{"href":"https:\/\/www.businessandarts.org\/fr\/wp-json\/wp\/v2\/pages\/2625","targetHints":{"allow":["GET"]}}],"collection":[{"href":"https:\/\/www.businessandarts.org\/fr\/wp-json\/wp\/v2\/pages"}],"about":[{"href":"https:\/\/www.businessandarts.org\/fr\/wp-json\/wp\/v2\/types\/page"}],"author":[{"embeddable":true,"href":"https:\/\/www.businessandarts.org\/fr\/wp-json\/wp\/v2\/users\/1"}],"replies":[{"embeddable":true,"href":"https:\/\/www.businessandarts.org\/fr\/wp-json\/wp\/v2\/comments?post=2625"}],"version-history":[{"count":14,"href":"https:\/\/www.businessandarts.org\/fr\/wp-json\/wp\/v2\/pages\/2625\/revisions"}],"predecessor-version":[{"id":27944,"href":"https:\/\/www.businessandarts.org\/fr\/wp-json\/wp\/v2\/pages\/2625\/revisions\/27944"}],"wp:attachment":[{"href":"https:\/\/www.businessandarts.org\/fr\/wp-json\/wp\/v2\/media?parent=2625"}],"curies":[{"name":"wp","href":"https:\/\/api.w.org\/{rel}","templated":true}]}}