{"id":2601,"date":"2018-06-21T06:15:59","date_gmt":"2018-06-21T06:15:59","guid":{"rendered":"https:\/\/www.businessandarts.org\/learn-what-audiences-need\/research\/"},"modified":"2024-01-23T18:26:50","modified_gmt":"2024-01-23T18:26:50","slug":"resultats-nationaux","status":"publish","type":"page","link":"https:\/\/www.businessandarts.org\/fr\/culture-track-canada\/resultats-nationaux\/","title":{"rendered":"R\u00e9sultats nationaux"},"content":{"rendered":"<h2 class=\"section-title variable-font\">R\u00e9sultats nationaux<\/h2>\n<p><span>Culture Track : Canada est une \u00e9tude sur l\u2019attitude et le comportement des consommateurs culturels canadiens. C\u2019est la premi\u00e8re \u00e9tude de Culture Track r\u00e9alis\u00e9e au Canada, s&#8217;appuyant sur le projet de recherche de longue dur\u00e9e men\u00e9 par LaPlaca Cohen, une soci\u00e9t\u00e9 de conception, de marketing et de strat\u00e9gie bas\u00e9e \u00e0 New York et sp\u00e9cialis\u00e9e dans les domaines de la cr\u00e9ation et de la culture. Culture Track : Canada constitue une base de r\u00e9f\u00e9rence importante pour mieux comprendre les orientations uniques du public culturel canadien et les besoins des futurs projets de recherche d\u00e9velopp\u00e9s \u00e0 partir des r\u00e9sultats qui seront d\u00e9voil\u00e9s ici.<\/span><\/p>\n","protected":false},"excerpt":{"rendered":"<p>R\u00e9sultats nationaux Culture Track : Canada est une \u00e9tude sur l\u2019attitude et le comportement des consommateurs culturels canadiens. C\u2019est la premi\u00e8re \u00e9tude de Culture Track r\u00e9alis\u00e9e au Canada, s&#8217;appuyant sur le projet de recherche de longue dur\u00e9e men\u00e9 par LaPlaca<span class=\"ellipsis\">&hellip;<\/span><\/p>\n<div class=\"read-more\"><a href=\"https:\/\/www.businessandarts.org\/fr\/culture-track-canada\/resultats-nationaux\/\">Lire plus de <span class=\"screen-reader-text\">R\u00e9sultats nationaux<\/span><span class=\"meta-nav\"> &#8250;<\/span><\/a><\/div>\n<p><!-- end of .read-more --><\/p>\n","protected":false},"author":1,"featured_media":0,"parent":2598,"menu_order":0,"comment_status":"closed","ping_status":"closed","template":"page-templates\/tmp-research-landing.php","meta":{"_acf_changed":false,"footnotes":""},"class_list":["post-2601","page","type-page","status-publish","hentry"],"acf":[],"yoast_head":"<!-- This site is optimized with the Yoast SEO plugin v23.7 - https:\/\/yoast.com\/wordpress\/plugins\/seo\/ -->\n<title>R\u00e9sultats nationaux - Business \/ Arts<\/title>\n<meta name=\"robots\" content=\"index, follow, max-snippet:-1, max-image-preview:large, max-video-preview:-1\" \/>\n<link rel=\"canonical\" href=\"https:\/\/www.businessandarts.org\/fr\/culture-track-canada\/resultats-nationaux\/\" \/>\n<meta property=\"og:locale\" content=\"fr_FR\" \/>\n<meta property=\"og:type\" content=\"article\" \/>\n<meta property=\"og:title\" content=\"R\u00e9sultats nationaux - Business \/ Arts\" \/>\n<meta property=\"og:description\" content=\"R\u00e9sultats nationaux Culture Track : Canada est une \u00e9tude sur l\u2019attitude et le comportement des consommateurs culturels canadiens. C\u2019est la premi\u00e8re \u00e9tude de Culture Track r\u00e9alis\u00e9e au Canada, s&#8217;appuyant sur le projet de recherche de longue dur\u00e9e men\u00e9 par LaPlaca&hellip;Lire plus de R\u00e9sultats nationaux &#8250;\" \/>\n<meta property=\"og:url\" content=\"https:\/\/www.businessandarts.org\/fr\/culture-track-canada\/resultats-nationaux\/\" \/>\n<meta property=\"og:site_name\" content=\"Business \/ Arts\" \/>\n<meta property=\"article:modified_time\" content=\"2024-01-23T18:26:50+00:00\" \/>\n<meta name=\"twitter:card\" content=\"summary_large_image\" \/>\n<meta name=\"twitter:label1\" content=\"Dur\u00e9e de lecture estim\u00e9e\" \/>\n\t<meta name=\"twitter:data1\" content=\"1 minute\" \/>\n<script type=\"application\/ld+json\" class=\"yoast-schema-graph\">{\"@context\":\"https:\/\/schema.org\",\"@graph\":[{\"@type\":\"WebPage\",\"@id\":\"https:\/\/www.businessandarts.org\/fr\/culture-track-canada\/resultats-nationaux\/\",\"url\":\"https:\/\/www.businessandarts.org\/fr\/culture-track-canada\/resultats-nationaux\/\",\"name\":\"R\u00e9sultats nationaux - Business \/ Arts\",\"isPartOf\":{\"@id\":\"https:\/\/www.businessandarts.org\/#website\"},\"datePublished\":\"2018-06-21T06:15:59+00:00\",\"dateModified\":\"2024-01-23T18:26:50+00:00\",\"breadcrumb\":{\"@id\":\"https:\/\/www.businessandarts.org\/fr\/culture-track-canada\/resultats-nationaux\/#breadcrumb\"},\"inLanguage\":\"fr-FR\",\"potentialAction\":[{\"@type\":\"ReadAction\",\"target\":[\"https:\/\/www.businessandarts.org\/fr\/culture-track-canada\/resultats-nationaux\/\"]}]},{\"@type\":\"BreadcrumbList\",\"@id\":\"https:\/\/www.businessandarts.org\/fr\/culture-track-canada\/resultats-nationaux\/#breadcrumb\",\"itemListElement\":[{\"@type\":\"ListItem\",\"position\":1,\"name\":\"Home\",\"item\":\"https:\/\/www.businessandarts.org\/fr\/\"},{\"@type\":\"ListItem\",\"position\":2,\"name\":\"Culture Track: Canada\",\"item\":\"https:\/\/www.businessandarts.org\/fr\/culture-track-canada\/\"},{\"@type\":\"ListItem\",\"position\":3,\"name\":\"R\u00e9sultats nationaux\"}]},{\"@type\":\"WebSite\",\"@id\":\"https:\/\/www.businessandarts.org\/#website\",\"url\":\"https:\/\/www.businessandarts.org\/\",\"name\":\"Business \/ Arts\",\"description\":\"\",\"potentialAction\":[{\"@type\":\"SearchAction\",\"target\":{\"@type\":\"EntryPoint\",\"urlTemplate\":\"https:\/\/www.businessandarts.org\/?s={search_term_string}\"},\"query-input\":{\"@type\":\"PropertyValueSpecification\",\"valueRequired\":true,\"valueName\":\"search_term_string\"}}],\"inLanguage\":\"fr-FR\"}]}<\/script>\n<!-- \/ Yoast SEO plugin. -->","yoast_head_json":{"title":"R\u00e9sultats nationaux - Business \/ Arts","robots":{"index":"index","follow":"follow","max-snippet":"max-snippet:-1","max-image-preview":"max-image-preview:large","max-video-preview":"max-video-preview:-1"},"canonical":"https:\/\/www.businessandarts.org\/fr\/culture-track-canada\/resultats-nationaux\/","og_locale":"fr_FR","og_type":"article","og_title":"R\u00e9sultats nationaux - Business \/ Arts","og_description":"R\u00e9sultats nationaux Culture Track : Canada est une \u00e9tude sur l\u2019attitude et le comportement des consommateurs culturels canadiens. C\u2019est la premi\u00e8re \u00e9tude de Culture Track r\u00e9alis\u00e9e au Canada, s&#8217;appuyant sur le projet de recherche de longue dur\u00e9e men\u00e9 par LaPlaca&hellip;Lire plus de R\u00e9sultats nationaux &#8250;","og_url":"https:\/\/www.businessandarts.org\/fr\/culture-track-canada\/resultats-nationaux\/","og_site_name":"Business \/ Arts","article_modified_time":"2024-01-23T18:26:50+00:00","twitter_card":"summary_large_image","twitter_misc":{"Dur\u00e9e de lecture estim\u00e9e":"1 minute"},"schema":{"@context":"https:\/\/schema.org","@graph":[{"@type":"WebPage","@id":"https:\/\/www.businessandarts.org\/fr\/culture-track-canada\/resultats-nationaux\/","url":"https:\/\/www.businessandarts.org\/fr\/culture-track-canada\/resultats-nationaux\/","name":"R\u00e9sultats nationaux - Business \/ Arts","isPartOf":{"@id":"https:\/\/www.businessandarts.org\/#website"},"datePublished":"2018-06-21T06:15:59+00:00","dateModified":"2024-01-23T18:26:50+00:00","breadcrumb":{"@id":"https:\/\/www.businessandarts.org\/fr\/culture-track-canada\/resultats-nationaux\/#breadcrumb"},"inLanguage":"fr-FR","potentialAction":[{"@type":"ReadAction","target":["https:\/\/www.businessandarts.org\/fr\/culture-track-canada\/resultats-nationaux\/"]}]},{"@type":"BreadcrumbList","@id":"https:\/\/www.businessandarts.org\/fr\/culture-track-canada\/resultats-nationaux\/#breadcrumb","itemListElement":[{"@type":"ListItem","position":1,"name":"Home","item":"https:\/\/www.businessandarts.org\/fr\/"},{"@type":"ListItem","position":2,"name":"Culture Track: Canada","item":"https:\/\/www.businessandarts.org\/fr\/culture-track-canada\/"},{"@type":"ListItem","position":3,"name":"R\u00e9sultats nationaux"}]},{"@type":"WebSite","@id":"https:\/\/www.businessandarts.org\/#website","url":"https:\/\/www.businessandarts.org\/","name":"Business \/ Arts","description":"","potentialAction":[{"@type":"SearchAction","target":{"@type":"EntryPoint","urlTemplate":"https:\/\/www.businessandarts.org\/?s={search_term_string}"},"query-input":{"@type":"PropertyValueSpecification","valueRequired":true,"valueName":"search_term_string"}}],"inLanguage":"fr-FR"}]}},"_links":{"self":[{"href":"https:\/\/www.businessandarts.org\/fr\/wp-json\/wp\/v2\/pages\/2601","targetHints":{"allow":["GET"]}}],"collection":[{"href":"https:\/\/www.businessandarts.org\/fr\/wp-json\/wp\/v2\/pages"}],"about":[{"href":"https:\/\/www.businessandarts.org\/fr\/wp-json\/wp\/v2\/types\/page"}],"author":[{"embeddable":true,"href":"https:\/\/www.businessandarts.org\/fr\/wp-json\/wp\/v2\/users\/1"}],"replies":[{"embeddable":true,"href":"https:\/\/www.businessandarts.org\/fr\/wp-json\/wp\/v2\/comments?post=2601"}],"version-history":[{"count":0,"href":"https:\/\/www.businessandarts.org\/fr\/wp-json\/wp\/v2\/pages\/2601\/revisions"}],"up":[{"embeddable":true,"href":"https:\/\/www.businessandarts.org\/fr\/wp-json\/wp\/v2\/pages\/2598"}],"wp:attachment":[{"href":"https:\/\/www.businessandarts.org\/fr\/wp-json\/wp\/v2\/media?parent=2601"}],"curies":[{"name":"wp","href":"https:\/\/api.w.org\/{rel}","templated":true}]}}