{"id":2598,"date":"2018-06-14T10:15:36","date_gmt":"2018-06-14T10:15:36","guid":{"rendered":"https:\/\/www.businessandarts.org\/learn-what-audiences-need\/"},"modified":"2019-11-22T17:09:08","modified_gmt":"2019-11-22T17:09:08","slug":"culture-track-canada","status":"publish","type":"page","link":"https:\/\/www.businessandarts.org\/fr\/culture-track-canada\/","title":{"rendered":"Culture Track: Canada"},"content":{"rendered":"<div class=\"container\">\n<div class=\"cms-page\">\n<div class=\"img-wrap\"><\/div>\n<div class=\"txt-ovrvw\">\n<h2 class=\"section-title\" style=\"text-align: center;\">Culture Track: Canada<\/h2>\n<div>\n<p><span style=\"font-weight: 400;\">Culture Track : Canada est une \u00e9tude sur l\u2019attitude et le comportement des consommateurs culturels canadiens. C\u2019est la premi\u00e8re \u00e9tude de Culture Track r\u00e9alis\u00e9e au Canada, s&#8217;appuyant sur le projet de recherche de longue dur\u00e9e men\u00e9 par LaPlaca Cohen, une soci\u00e9t\u00e9 de conception, de marketing et de strat\u00e9gie bas\u00e9e \u00e0 New York et sp\u00e9cialis\u00e9e dans les domaines de la cr\u00e9ation et de la culture. Culture Track : Canada constitue une base de r\u00e9f\u00e9rence importante pour mieux comprendre les orientations uniques du public culturel canadien et les besoins des futurs projets de recherche d\u00e9velopp\u00e9s \u00e0 partir des r\u00e9sultats qui seront d\u00e9voil\u00e9s ici.<\/span><\/p>\n<hr \/>\n<h3 style=\"text-align: center;\">Le rapport national<\/h3>\n<p><strong>Rapport complet\u00a0<\/strong><\/p>\n<p><span style=\"font-weight: 400;\">Une analyse plus approfondie des r\u00e9sultats.\u00a0<\/span><\/p>\n<p><a href=\"https:\/\/www.businessandarts.org\/wp-content\/uploads\/2019\/01\/CT-Canada-report_072318-FRENCH.pdf\"><span style=\"font-weight: 400;\">T\u00e9l\u00e9charger<\/span><\/a><\/p>\n<p><strong>Sommaire (anglais)<\/strong><\/p>\n<p><span style=\"font-weight: 400;\">La pr\u00e9sentation du lancement de Culture Track : Canada \u00e0 Toronto<\/span><\/p>\n<p><a href=\"https:\/\/www.businessandarts.org\/wp-content\/uploads\/2018\/07\/CT-Canada-Summary.pdf\"><span style=\"font-weight: 400;\">T\u00e9l\u00e9charger<\/span><\/a><\/p>\n<p><strong>Donn\u00e9es brutes (anglais)<\/strong><\/p>\n<p><span style=\"font-weight: 400;\">Consulter la feuille de calcul de toutes les donn\u00e9es recueillies.<\/span><\/p>\n<p><a href=\"https:\/\/www.businessandarts.org\/wp-content\/uploads\/2018\/07\/CT-Raw-Data.xlsx\"><span style=\"font-weight: 400;\">T\u00e9l\u00e9charger<\/span><\/a><\/p>\n<hr \/>\n<\/div>\n<p><a name=\"regional\"><\/a><\/p>\n<h3 style=\"text-align: center;\">Les rapports r\u00e9gionaux<\/h3>\n<h4>Alberta<\/h4>\n<p><a href=\"https:\/\/www.businessandarts.org\/wp-content\/uploads\/2019\/09\/The-Regional-Report-Alberta.pdf\">Le rapport r\u00e9gional &#8211; Alberta<\/a><br \/>\n<a href=\"https:\/\/www.businessandarts.org\/wp-content\/uploads\/2019\/09\/The-Regionsal-Report-Alberta-Raw-Data.xlsx\">Le rapport r\u00e9gional &#8211; Alberta donn\u00e9es brutes<\/a><\/p>\n<h4>Ontario<\/h4>\n<div class=\"su-youtube su-u-responsive-media-yes\"><iframe loading=\"lazy\" width=\"600\" height=\"400\" src=\"https:\/\/www.youtube.com\/embed\/0GKJtBwOzdc?\" frameborder=\"0\" allowfullscreen allow=\"autoplay; encrypted-media; picture-in-picture\" title=\"\"><\/iframe><\/div>\n<p><a href=\"https:\/\/www.businessandarts.org\/wp-content\/uploads\/2019\/11\/Ontario-Regional-Report.pdf\">Le rapport r\u00e9gional &#8211; Ontario (Nanos Research)<\/a><br \/>\n<a href=\"https:\/\/www.businessandarts.org\/wp-content\/uploads\/2019\/11\/Culture-Track-Ontario_103118-FINAL.pdf\">Le rapport r\u00e9gional &#8211; Ontario (La Placa Cohen)<\/a><br \/>\n<a href=\"https:\/\/www.businessandarts.org\/wp-content\/uploads\/2019\/11\/The-Regional-Report-Ontario-Raw-Data.xlsx.xlsx\">Le rapport r\u00e9gional &#8211; Ontario donn\u00e9es brutes<\/a><\/p>\n<p><span style=\"font-weight: 400;\">Les rapports r\u00e9gionaux bas\u00e9s sur l\u2019\u00e9tude Culture Track : Canada seront bient\u00f4t publi\u00e9s. <a href=\"\/?page_id=9249\">Inscrivez-vous \u00e0 notre liste d&#8217;envois \u00e9lectroniques<\/a> pour recevoir des informations imm\u00e9diatement !<\/span><\/p>\n<hr \/>\n<p>Culture Track Canada est une \u00e9tude de r\u00e9f\u00e9rence men\u00e9e sur 6400 amateurs de la culture et pilot\u00e9e par Affaires \/ Arts avec le soutien important de chefs d\u2019entreprises et des participants du Sommet canadien des arts.<\/p>\n<p>Conduite par Nanos Research et LaPlaca Cohen, l\u2019\u00e9tude Culture Track Canada est la premi\u00e8re en son genre au Canada depuis plus de deux d\u00e9cennies.<\/p>\n<\/div>\n<\/div>\n<\/div>\n","protected":false},"excerpt":{"rendered":"<p>Culture Track: Canada Culture Track : Canada est une \u00e9tude sur l\u2019attitude et le comportement des consommateurs culturels canadiens. C\u2019est la premi\u00e8re \u00e9tude de Culture Track r\u00e9alis\u00e9e au Canada, s&#8217;appuyant sur le projet de recherche de longue dur\u00e9e men\u00e9 par<span class=\"ellipsis\">&hellip;<\/span><\/p>\n<div class=\"read-more\"><a href=\"https:\/\/www.businessandarts.org\/fr\/culture-track-canada\/\">Lire plus de <span class=\"screen-reader-text\">Culture Track: Canada<\/span><span class=\"meta-nav\"> &#8250;<\/span><\/a><\/div>\n<p><!-- end of .read-more --><\/p>\n","protected":false},"author":1,"featured_media":0,"parent":0,"menu_order":0,"comment_status":"closed","ping_status":"closed","template":"page-templates\/nosidebar-with-culture-track-bottom-logo.php","meta":{"_acf_changed":false,"footnotes":""},"class_list":["post-2598","page","type-page","status-publish","hentry"],"acf":[],"yoast_head":"<!-- This site is optimized with the Yoast SEO plugin v23.7 - https:\/\/yoast.com\/wordpress\/plugins\/seo\/ -->\n<title>Culture Track: Canada<\/title>\n<meta name=\"description\" content=\"Culture Track: Canada is a landmark study of 6,400 culture goers spearheaded by Business \/ Arts with substantial support from business leaders and Canadian Arts Summit members.\" \/>\n<meta name=\"robots\" content=\"index, follow, max-snippet:-1, max-image-preview:large, max-video-preview:-1\" \/>\n<link rel=\"canonical\" href=\"https:\/\/www.businessandarts.org\/fr\/culture-track-canada\/\" \/>\n<meta property=\"og:locale\" content=\"fr_FR\" \/>\n<meta property=\"og:type\" content=\"article\" \/>\n<meta property=\"og:title\" content=\"Culture Track: Canada\" \/>\n<meta property=\"og:description\" content=\"Culture Track: Canada is a landmark study of 6,400 culture goers spearheaded by Business \/ Arts with substantial support from business leaders and Canadian Arts Summit members.\" \/>\n<meta property=\"og:url\" content=\"https:\/\/www.businessandarts.org\/fr\/culture-track-canada\/\" \/>\n<meta property=\"og:site_name\" content=\"Business \/ Arts\" \/>\n<meta property=\"article:modified_time\" content=\"2019-11-22T17:09:08+00:00\" \/>\n<meta name=\"twitter:card\" content=\"summary_large_image\" \/>\n<meta name=\"twitter:label1\" content=\"Dur\u00e9e de lecture estim\u00e9e\" \/>\n\t<meta name=\"twitter:data1\" content=\"2 minutes\" \/>\n<script type=\"application\/ld+json\" class=\"yoast-schema-graph\">{\"@context\":\"https:\/\/schema.org\",\"@graph\":[{\"@type\":\"WebPage\",\"@id\":\"https:\/\/www.businessandarts.org\/fr\/culture-track-canada\/\",\"url\":\"https:\/\/www.businessandarts.org\/fr\/culture-track-canada\/\",\"name\":\"Culture Track: Canada\",\"isPartOf\":{\"@id\":\"https:\/\/www.businessandarts.org\/#website\"},\"datePublished\":\"2018-06-14T10:15:36+00:00\",\"dateModified\":\"2019-11-22T17:09:08+00:00\",\"description\":\"Culture Track: Canada is a landmark study of 6,400 culture goers spearheaded by Business \/ Arts with substantial support from business leaders and Canadian Arts Summit members.\",\"breadcrumb\":{\"@id\":\"https:\/\/www.businessandarts.org\/fr\/culture-track-canada\/#breadcrumb\"},\"inLanguage\":\"fr-FR\",\"potentialAction\":[{\"@type\":\"ReadAction\",\"target\":[\"https:\/\/www.businessandarts.org\/fr\/culture-track-canada\/\"]}]},{\"@type\":\"BreadcrumbList\",\"@id\":\"https:\/\/www.businessandarts.org\/fr\/culture-track-canada\/#breadcrumb\",\"itemListElement\":[{\"@type\":\"ListItem\",\"position\":1,\"name\":\"Home\",\"item\":\"https:\/\/www.businessandarts.org\/fr\/\"},{\"@type\":\"ListItem\",\"position\":2,\"name\":\"Culture Track: Canada\"}]},{\"@type\":\"WebSite\",\"@id\":\"https:\/\/www.businessandarts.org\/#website\",\"url\":\"https:\/\/www.businessandarts.org\/\",\"name\":\"Business \/ Arts\",\"description\":\"\",\"potentialAction\":[{\"@type\":\"SearchAction\",\"target\":{\"@type\":\"EntryPoint\",\"urlTemplate\":\"https:\/\/www.businessandarts.org\/?s={search_term_string}\"},\"query-input\":{\"@type\":\"PropertyValueSpecification\",\"valueRequired\":true,\"valueName\":\"search_term_string\"}}],\"inLanguage\":\"fr-FR\"}]}<\/script>\n<!-- \/ Yoast SEO plugin. -->","yoast_head_json":{"title":"Culture Track: Canada","description":"Culture Track: Canada is a landmark study of 6,400 culture goers spearheaded by Business \/ Arts with substantial support from business leaders and Canadian Arts Summit members.","robots":{"index":"index","follow":"follow","max-snippet":"max-snippet:-1","max-image-preview":"max-image-preview:large","max-video-preview":"max-video-preview:-1"},"canonical":"https:\/\/www.businessandarts.org\/fr\/culture-track-canada\/","og_locale":"fr_FR","og_type":"article","og_title":"Culture Track: Canada","og_description":"Culture Track: Canada is a landmark study of 6,400 culture goers spearheaded by Business \/ Arts with substantial support from business leaders and Canadian Arts Summit members.","og_url":"https:\/\/www.businessandarts.org\/fr\/culture-track-canada\/","og_site_name":"Business \/ Arts","article_modified_time":"2019-11-22T17:09:08+00:00","twitter_card":"summary_large_image","twitter_misc":{"Dur\u00e9e de lecture estim\u00e9e":"2 minutes"},"schema":{"@context":"https:\/\/schema.org","@graph":[{"@type":"WebPage","@id":"https:\/\/www.businessandarts.org\/fr\/culture-track-canada\/","url":"https:\/\/www.businessandarts.org\/fr\/culture-track-canada\/","name":"Culture Track: Canada","isPartOf":{"@id":"https:\/\/www.businessandarts.org\/#website"},"datePublished":"2018-06-14T10:15:36+00:00","dateModified":"2019-11-22T17:09:08+00:00","description":"Culture Track: Canada is a landmark study of 6,400 culture goers spearheaded by Business \/ Arts with substantial support from business leaders and Canadian Arts Summit members.","breadcrumb":{"@id":"https:\/\/www.businessandarts.org\/fr\/culture-track-canada\/#breadcrumb"},"inLanguage":"fr-FR","potentialAction":[{"@type":"ReadAction","target":["https:\/\/www.businessandarts.org\/fr\/culture-track-canada\/"]}]},{"@type":"BreadcrumbList","@id":"https:\/\/www.businessandarts.org\/fr\/culture-track-canada\/#breadcrumb","itemListElement":[{"@type":"ListItem","position":1,"name":"Home","item":"https:\/\/www.businessandarts.org\/fr\/"},{"@type":"ListItem","position":2,"name":"Culture Track: Canada"}]},{"@type":"WebSite","@id":"https:\/\/www.businessandarts.org\/#website","url":"https:\/\/www.businessandarts.org\/","name":"Business \/ Arts","description":"","potentialAction":[{"@type":"SearchAction","target":{"@type":"EntryPoint","urlTemplate":"https:\/\/www.businessandarts.org\/?s={search_term_string}"},"query-input":{"@type":"PropertyValueSpecification","valueRequired":true,"valueName":"search_term_string"}}],"inLanguage":"fr-FR"}]}},"_links":{"self":[{"href":"https:\/\/www.businessandarts.org\/fr\/wp-json\/wp\/v2\/pages\/2598","targetHints":{"allow":["GET"]}}],"collection":[{"href":"https:\/\/www.businessandarts.org\/fr\/wp-json\/wp\/v2\/pages"}],"about":[{"href":"https:\/\/www.businessandarts.org\/fr\/wp-json\/wp\/v2\/types\/page"}],"author":[{"embeddable":true,"href":"https:\/\/www.businessandarts.org\/fr\/wp-json\/wp\/v2\/users\/1"}],"replies":[{"embeddable":true,"href":"https:\/\/www.businessandarts.org\/fr\/wp-json\/wp\/v2\/comments?post=2598"}],"version-history":[{"count":0,"href":"https:\/\/www.businessandarts.org\/fr\/wp-json\/wp\/v2\/pages\/2598\/revisions"}],"wp:attachment":[{"href":"https:\/\/www.businessandarts.org\/fr\/wp-json\/wp\/v2\/media?parent=2598"}],"curies":[{"name":"wp","href":"https:\/\/api.w.org\/{rel}","templated":true}]}}