{"id":2562,"date":"2018-06-11T05:40:16","date_gmt":"2018-06-11T05:40:16","guid":{"rendered":"https:\/\/www.businessandarts.org\/our-story\/"},"modified":"2025-10-21T18:28:24","modified_gmt":"2025-10-21T18:28:24","slug":"apropos","status":"publish","type":"page","link":"https:\/\/www.businessandarts.org\/fr\/apropos\/","title":{"rendered":"\u00c0 propos"},"content":{"rendered":"<h4 style=\"text-align: center;\"><strong>Affaires \/ Arts est une association caritative nationale qui encourage l\u2019investissement des entreprises dans les arts.\u00a0<\/strong><\/h4>\n<p>&nbsp;<\/p>\n<div class=\"su-youtube su-u-responsive-media-yes\"><iframe loading=\"lazy\" width=\"600\" height=\"400\" src=\"https:\/\/www.youtube.com\/embed\/xGUihqnOY9E?\" frameborder=\"0\" allowfullscreen allow=\"autoplay; encrypted-media; picture-in-picture\" title=\"50 years of Business \/ Arts\"><\/iframe><\/div>\n<p>Vid\u00e9o r\u00e9alis\u00e9e en partenariat avec <a href=\"https:\/\/philipmaglieri.com\/\" class=\"variable-font\" tabindex=\"54\">Philip Maglieri<\/a><span>\u00a0et\u00a0<\/span><a href=\"https:\/\/artfulstrategies.ca\/\" class=\"variable-font\" tabindex=\"55\">Artful Strategies.<\/a><\/p>\n<p>&nbsp;<\/p>\n<h2 style=\"text-align: center;\">\u00c0 propos d&#8217;Affaires \/ Arts<\/h2>\n<p><span>Notre mission est de stimuler les investissements corporatifs dans les arts et d&#8217;\u00e9tablir des partenariats durables et puissants entre le monde des arts, celui des affaires et le gouvernement au Canada.<\/span><\/p>\n<p>Affaires \/ Arts se trouve dans une position unique o\u00f9 elle peut r\u00e9unir les entreprises, les m\u00e9c\u00e8nes, le gouvernement et les arts, tous au service de la croissance du secteur des arts au Canada. Nous nous concentrons sur trois objectifs principaux, qui sont pertinents pour les secteurs des affaires, des arts et du gouvernement, individuellement et collectivement.<\/p>\n<div class=\"pkg-desc\">\n<ul class=\"def-ul\">\n<li><strong><span style=\"color: #3069c4;\">Rassembler et diriger<\/span><\/strong><\/li>\n<\/ul>\n<p><span>Affaires \/ Arts recherchera des occasions de r\u00e9unir des organismes et des personnes afin de soutenir le secteur des arts, \u00e0 l&#8217;\u00e9chelle locale et nationale.<br \/>\n<\/span><\/p>\n<div class=\"pkg-desc\">\n<ul class=\"def-ul\">\n<li><strong><span style=\"color: #3069c4;\">Soutenir et faciliter<\/span><\/strong><\/li>\n<\/ul>\n<p><span>Affaires \/ Arts facilite le partage d&#8217;informations et de ressources vitales \u00e0 l&#8217;\u00e9chelle du secteur artistique, des plus petits groupes communautaires aux plus grands organismes nationaux, et mobilise les publics cl\u00e9s du monde des affaires et du gouvernement.<br \/>\n<\/span><\/p>\n<div class=\"pkg-desc\">\n<ul class=\"def-ul\">\n<li><strong><span style=\"color: #3069c4;\">Partager, amplifier et d\u00e9fendre<\/span><\/strong><\/li>\n<\/ul>\n<p><span>Nous reconnaissons et c\u00e9l\u00e9brons les partenariats entre le monde des affaires et des arts, en \u00e9tablissant des profilages de leadership exceptionnel dans ces communaut\u00e9s, en partageant les donn\u00e9es de recherche et en fournissant une plateforme innovatrice propice aux discussions et \u00e0 l&#8217;\u00e9change d&#8217;id\u00e9es.<\/span><\/p>\n<p><b>Num\u00e9ro d&#8217;enregistrement d&#8217;organisme de bienfaisance 118877471RR0001<br \/>\n<\/b><\/p>\n<p>&nbsp;<\/p>\n<hr \/>\n<h2 class=\"section-title\" style=\"text-align: center;\">Notre histoire<\/h2>\n<p>En 1974, Edmund C. Bovey a r\u00e9pondu \u00e0 un appel du Conseil des arts du Canada pour mobiliser les entreprises en faveur des arts. Avec plus de 50 chefs d&#8217;entreprise de tout le Canada, ils ont cr\u00e9\u00e9 <em>le Conseil pour le monde des affaires et des arts au Canada,<\/em> afin d&#8217;\u00e9tablir des partenariats entre le monde des affaires et les arts.<\/p>\n<\/div>\n<div class=\"pkg-desc variable-font\">\n<p class=\"variable-font\"><span class=\"variable-font\"><strong class=\"variable-font\">\u00c0 l&#8217;occasion de notre 50e anniversaire, nous rendons hommage \u00e0 quelques pionniers et programmes cl\u00e9s qui ont fa\u00e7onn\u00e9 notre histoire et positionn\u00e9 Affaires \/ Arts en tant que rassembleur et agent de changement. <a href=\"\/?page_id=22460\">D\u00e9couvrez la chronologie d&#8217;Affaires \/ Arts ICI.<\/a><\/strong><\/span><\/p>\n<\/div>\n<\/div>\n<\/div>\n","protected":false},"excerpt":{"rendered":"<p>Affaires \/ Arts est une association caritative nationale qui encourage l\u2019investissement des entreprises dans les arts.\u00a0 &nbsp; Vid\u00e9o r\u00e9alis\u00e9e en partenariat avec Philip Maglieri\u00a0et\u00a0Artful Strategies. &nbsp; \u00c0 propos d&#8217;Affaires \/ Arts Notre mission est de stimuler les investissements corporatifs dans<span class=\"ellipsis\">&hellip;<\/span><\/p>\n<div class=\"read-more\"><a href=\"https:\/\/www.businessandarts.org\/fr\/apropos\/\">Lire plus de <span class=\"screen-reader-text\">\u00c0 propos<\/span><span class=\"meta-nav\"> &#8250;<\/span><\/a><\/div>\n<p><!-- end of .read-more --><\/p>\n","protected":false},"author":1,"featured_media":0,"parent":0,"menu_order":0,"comment_status":"closed","ping_status":"closed","template":"page-templates\/sidebar-without-topmenu.php","meta":{"_acf_changed":false,"footnotes":""},"class_list":["post-2562","page","type-page","status-publish","hentry"],"acf":[],"yoast_head":"<!-- This site is optimized with the Yoast SEO plugin v23.7 - https:\/\/yoast.com\/wordpress\/plugins\/seo\/ -->\n<title>\u00c0 propos - Business \/ Arts<\/title>\n<meta name=\"robots\" content=\"index, follow, max-snippet:-1, max-image-preview:large, max-video-preview:-1\" \/>\n<link rel=\"canonical\" href=\"https:\/\/www.businessandarts.org\/fr\/apropos\/\" \/>\n<meta property=\"og:locale\" content=\"fr_FR\" \/>\n<meta property=\"og:type\" content=\"article\" \/>\n<meta property=\"og:title\" content=\"\u00c0 propos - Business \/ Arts\" \/>\n<meta property=\"og:description\" content=\"Affaires \/ Arts est une association caritative nationale qui encourage l\u2019investissement des entreprises dans les arts.\u00a0 &nbsp; Vid\u00e9o r\u00e9alis\u00e9e en partenariat avec Philip Maglieri\u00a0et\u00a0Artful Strategies. &nbsp; \u00c0 propos d&#8217;Affaires \/ Arts Notre mission est de stimuler les investissements corporatifs dans&hellip;Lire plus de \u00c0 propos &#8250;\" \/>\n<meta property=\"og:url\" content=\"https:\/\/www.businessandarts.org\/fr\/apropos\/\" \/>\n<meta property=\"og:site_name\" content=\"Business \/ Arts\" \/>\n<meta property=\"article:modified_time\" content=\"2025-10-21T18:28:24+00:00\" \/>\n<meta name=\"twitter:card\" content=\"summary_large_image\" \/>\n<meta name=\"twitter:label1\" content=\"Dur\u00e9e de lecture estim\u00e9e\" \/>\n\t<meta name=\"twitter:data1\" content=\"2 minutes\" \/>\n<script type=\"application\/ld+json\" class=\"yoast-schema-graph\">{\"@context\":\"https:\/\/schema.org\",\"@graph\":[{\"@type\":\"WebPage\",\"@id\":\"https:\/\/www.businessandarts.org\/fr\/apropos\/\",\"url\":\"https:\/\/www.businessandarts.org\/fr\/apropos\/\",\"name\":\"\u00c0 propos - Business \/ Arts\",\"isPartOf\":{\"@id\":\"https:\/\/www.businessandarts.org\/#website\"},\"datePublished\":\"2018-06-11T05:40:16+00:00\",\"dateModified\":\"2025-10-21T18:28:24+00:00\",\"breadcrumb\":{\"@id\":\"https:\/\/www.businessandarts.org\/fr\/apropos\/#breadcrumb\"},\"inLanguage\":\"fr-FR\",\"potentialAction\":[{\"@type\":\"ReadAction\",\"target\":[\"https:\/\/www.businessandarts.org\/fr\/apropos\/\"]}]},{\"@type\":\"BreadcrumbList\",\"@id\":\"https:\/\/www.businessandarts.org\/fr\/apropos\/#breadcrumb\",\"itemListElement\":[{\"@type\":\"ListItem\",\"position\":1,\"name\":\"Home\",\"item\":\"https:\/\/www.businessandarts.org\/fr\/\"},{\"@type\":\"ListItem\",\"position\":2,\"name\":\"\u00c0 propos\"}]},{\"@type\":\"WebSite\",\"@id\":\"https:\/\/www.businessandarts.org\/#website\",\"url\":\"https:\/\/www.businessandarts.org\/\",\"name\":\"Business \/ Arts\",\"description\":\"\",\"potentialAction\":[{\"@type\":\"SearchAction\",\"target\":{\"@type\":\"EntryPoint\",\"urlTemplate\":\"https:\/\/www.businessandarts.org\/?s={search_term_string}\"},\"query-input\":{\"@type\":\"PropertyValueSpecification\",\"valueRequired\":true,\"valueName\":\"search_term_string\"}}],\"inLanguage\":\"fr-FR\"}]}<\/script>\n<!-- \/ Yoast SEO plugin. -->","yoast_head_json":{"title":"\u00c0 propos - Business \/ Arts","robots":{"index":"index","follow":"follow","max-snippet":"max-snippet:-1","max-image-preview":"max-image-preview:large","max-video-preview":"max-video-preview:-1"},"canonical":"https:\/\/www.businessandarts.org\/fr\/apropos\/","og_locale":"fr_FR","og_type":"article","og_title":"\u00c0 propos - Business \/ Arts","og_description":"Affaires \/ Arts est une association caritative nationale qui encourage l\u2019investissement des entreprises dans les arts.\u00a0 &nbsp; Vid\u00e9o r\u00e9alis\u00e9e en partenariat avec Philip Maglieri\u00a0et\u00a0Artful Strategies. &nbsp; \u00c0 propos d&#8217;Affaires \/ Arts Notre mission est de stimuler les investissements corporatifs dans&hellip;Lire plus de \u00c0 propos &#8250;","og_url":"https:\/\/www.businessandarts.org\/fr\/apropos\/","og_site_name":"Business \/ Arts","article_modified_time":"2025-10-21T18:28:24+00:00","twitter_card":"summary_large_image","twitter_misc":{"Dur\u00e9e de lecture estim\u00e9e":"2 minutes"},"schema":{"@context":"https:\/\/schema.org","@graph":[{"@type":"WebPage","@id":"https:\/\/www.businessandarts.org\/fr\/apropos\/","url":"https:\/\/www.businessandarts.org\/fr\/apropos\/","name":"\u00c0 propos - Business \/ Arts","isPartOf":{"@id":"https:\/\/www.businessandarts.org\/#website"},"datePublished":"2018-06-11T05:40:16+00:00","dateModified":"2025-10-21T18:28:24+00:00","breadcrumb":{"@id":"https:\/\/www.businessandarts.org\/fr\/apropos\/#breadcrumb"},"inLanguage":"fr-FR","potentialAction":[{"@type":"ReadAction","target":["https:\/\/www.businessandarts.org\/fr\/apropos\/"]}]},{"@type":"BreadcrumbList","@id":"https:\/\/www.businessandarts.org\/fr\/apropos\/#breadcrumb","itemListElement":[{"@type":"ListItem","position":1,"name":"Home","item":"https:\/\/www.businessandarts.org\/fr\/"},{"@type":"ListItem","position":2,"name":"\u00c0 propos"}]},{"@type":"WebSite","@id":"https:\/\/www.businessandarts.org\/#website","url":"https:\/\/www.businessandarts.org\/","name":"Business \/ Arts","description":"","potentialAction":[{"@type":"SearchAction","target":{"@type":"EntryPoint","urlTemplate":"https:\/\/www.businessandarts.org\/?s={search_term_string}"},"query-input":{"@type":"PropertyValueSpecification","valueRequired":true,"valueName":"search_term_string"}}],"inLanguage":"fr-FR"}]}},"_links":{"self":[{"href":"https:\/\/www.businessandarts.org\/fr\/wp-json\/wp\/v2\/pages\/2562","targetHints":{"allow":["GET"]}}],"collection":[{"href":"https:\/\/www.businessandarts.org\/fr\/wp-json\/wp\/v2\/pages"}],"about":[{"href":"https:\/\/www.businessandarts.org\/fr\/wp-json\/wp\/v2\/types\/page"}],"author":[{"embeddable":true,"href":"https:\/\/www.businessandarts.org\/fr\/wp-json\/wp\/v2\/users\/1"}],"replies":[{"embeddable":true,"href":"https:\/\/www.businessandarts.org\/fr\/wp-json\/wp\/v2\/comments?post=2562"}],"version-history":[{"count":2,"href":"https:\/\/www.businessandarts.org\/fr\/wp-json\/wp\/v2\/pages\/2562\/revisions"}],"predecessor-version":[{"id":27532,"href":"https:\/\/www.businessandarts.org\/fr\/wp-json\/wp\/v2\/pages\/2562\/revisions\/27532"}],"wp:attachment":[{"href":"https:\/\/www.businessandarts.org\/fr\/wp-json\/wp\/v2\/media?parent=2562"}],"curies":[{"name":"wp","href":"https:\/\/api.w.org\/{rel}","templated":true}]}}