{"id":2551,"date":"2018-06-23T03:37:16","date_gmt":"2018-06-23T03:37:16","guid":{"rendered":"https:\/\/www.businessandarts.org\/press\/"},"modified":"2019-05-31T10:26:50","modified_gmt":"2019-05-31T10:26:50","slug":"press","status":"publish","type":"page","link":"https:\/\/www.businessandarts.org\/fr\/press\/","title":{"rendered":"Press"},"content":{"rendered":"<div class=\"fortheart-ctnt text-center\">\n<div class=\"img-wrap\"><\/div>\n<div class=\"section-title\">Presse<\/div>\n<p>Les repr\u00e9sentants des m\u00e9dias sont pri\u00e9s de communiquer avec Maggie Fairs :<a href=\"mailto:info@businessforthearts.org\">info@businessforthearts.org<\/a><\/p>\n<p>Pour obtenir des informations g\u00e9n\u00e9rales sur les affaires et les arts, veuillez consulter la section \u00c0 propos de nous et programmes du site Web. Pour obtenir des coordonn\u00e9es g\u00e9n\u00e9rales, veuillez consulter notre page Contactez-nous ou appelez le 416-869-3016.<\/p><\/div>\n","protected":false},"excerpt":{"rendered":"<p>Presse Les repr\u00e9sentants des m\u00e9dias sont pri\u00e9s de communiquer avec Maggie Fairs :info@businessforthearts.org Pour obtenir des informations g\u00e9n\u00e9rales sur les affaires et les arts, veuillez consulter la section \u00c0 propos de nous et programmes du site Web. Pour obtenir des<span class=\"ellipsis\">&hellip;<\/span><\/p>\n<div class=\"read-more\"><a href=\"https:\/\/www.businessandarts.org\/fr\/press\/\">Lire plus de <span class=\"screen-reader-text\">Press<\/span><span class=\"meta-nav\"> &#8250;<\/span><\/a><\/div>\n<p><!-- end of .read-more --><\/p>\n","protected":false},"author":1,"featured_media":0,"parent":0,"menu_order":0,"comment_status":"closed","ping_status":"closed","template":"","meta":{"_acf_changed":false,"footnotes":""},"class_list":["post-2551","page","type-page","status-publish","hentry"],"acf":[],"yoast_head":"<!-- This site is optimized with the Yoast SEO plugin v23.7 - https:\/\/yoast.com\/wordpress\/plugins\/seo\/ -->\n<title>Press - Business \/ Arts<\/title>\n<meta name=\"robots\" content=\"index, follow, max-snippet:-1, max-image-preview:large, max-video-preview:-1\" \/>\n<link rel=\"canonical\" href=\"https:\/\/www.businessandarts.org\/fr\/press\/\" \/>\n<meta property=\"og:locale\" content=\"fr_FR\" \/>\n<meta property=\"og:type\" content=\"article\" \/>\n<meta property=\"og:title\" content=\"Press - Business \/ Arts\" \/>\n<meta property=\"og:description\" content=\"Presse Les repr\u00e9sentants des m\u00e9dias sont pri\u00e9s de communiquer avec Maggie Fairs :info@businessforthearts.org Pour obtenir des informations g\u00e9n\u00e9rales sur les affaires et les arts, veuillez consulter la section \u00c0 propos de nous et programmes du site Web. Pour obtenir des&hellip;Lire plus de Press &#8250;\" \/>\n<meta property=\"og:url\" content=\"https:\/\/www.businessandarts.org\/fr\/press\/\" \/>\n<meta property=\"og:site_name\" content=\"Business \/ Arts\" \/>\n<meta property=\"article:modified_time\" content=\"2019-05-31T10:26:50+00:00\" \/>\n<meta name=\"twitter:card\" content=\"summary_large_image\" \/>\n<script type=\"application\/ld+json\" class=\"yoast-schema-graph\">{\"@context\":\"https:\/\/schema.org\",\"@graph\":[{\"@type\":\"WebPage\",\"@id\":\"https:\/\/www.businessandarts.org\/fr\/press\/\",\"url\":\"https:\/\/www.businessandarts.org\/fr\/press\/\",\"name\":\"Press - Business \/ Arts\",\"isPartOf\":{\"@id\":\"https:\/\/www.businessandarts.org\/#website\"},\"datePublished\":\"2018-06-23T03:37:16+00:00\",\"dateModified\":\"2019-05-31T10:26:50+00:00\",\"breadcrumb\":{\"@id\":\"https:\/\/www.businessandarts.org\/fr\/press\/#breadcrumb\"},\"inLanguage\":\"fr-FR\",\"potentialAction\":[{\"@type\":\"ReadAction\",\"target\":[\"https:\/\/www.businessandarts.org\/fr\/press\/\"]}]},{\"@type\":\"BreadcrumbList\",\"@id\":\"https:\/\/www.businessandarts.org\/fr\/press\/#breadcrumb\",\"itemListElement\":[{\"@type\":\"ListItem\",\"position\":1,\"name\":\"Home\",\"item\":\"https:\/\/www.businessandarts.org\/fr\/\"},{\"@type\":\"ListItem\",\"position\":2,\"name\":\"Press\"}]},{\"@type\":\"WebSite\",\"@id\":\"https:\/\/www.businessandarts.org\/#website\",\"url\":\"https:\/\/www.businessandarts.org\/\",\"name\":\"Business \/ Arts\",\"description\":\"\",\"potentialAction\":[{\"@type\":\"SearchAction\",\"target\":{\"@type\":\"EntryPoint\",\"urlTemplate\":\"https:\/\/www.businessandarts.org\/?s={search_term_string}\"},\"query-input\":{\"@type\":\"PropertyValueSpecification\",\"valueRequired\":true,\"valueName\":\"search_term_string\"}}],\"inLanguage\":\"fr-FR\"}]}<\/script>\n<!-- \/ Yoast SEO plugin. -->","yoast_head_json":{"title":"Press - Business \/ Arts","robots":{"index":"index","follow":"follow","max-snippet":"max-snippet:-1","max-image-preview":"max-image-preview:large","max-video-preview":"max-video-preview:-1"},"canonical":"https:\/\/www.businessandarts.org\/fr\/press\/","og_locale":"fr_FR","og_type":"article","og_title":"Press - Business \/ Arts","og_description":"Presse Les repr\u00e9sentants des m\u00e9dias sont pri\u00e9s de communiquer avec Maggie Fairs :info@businessforthearts.org Pour obtenir des informations g\u00e9n\u00e9rales sur les affaires et les arts, veuillez consulter la section \u00c0 propos de nous et programmes du site Web. Pour obtenir des&hellip;Lire plus de Press &#8250;","og_url":"https:\/\/www.businessandarts.org\/fr\/press\/","og_site_name":"Business \/ Arts","article_modified_time":"2019-05-31T10:26:50+00:00","twitter_card":"summary_large_image","schema":{"@context":"https:\/\/schema.org","@graph":[{"@type":"WebPage","@id":"https:\/\/www.businessandarts.org\/fr\/press\/","url":"https:\/\/www.businessandarts.org\/fr\/press\/","name":"Press - Business \/ Arts","isPartOf":{"@id":"https:\/\/www.businessandarts.org\/#website"},"datePublished":"2018-06-23T03:37:16+00:00","dateModified":"2019-05-31T10:26:50+00:00","breadcrumb":{"@id":"https:\/\/www.businessandarts.org\/fr\/press\/#breadcrumb"},"inLanguage":"fr-FR","potentialAction":[{"@type":"ReadAction","target":["https:\/\/www.businessandarts.org\/fr\/press\/"]}]},{"@type":"BreadcrumbList","@id":"https:\/\/www.businessandarts.org\/fr\/press\/#breadcrumb","itemListElement":[{"@type":"ListItem","position":1,"name":"Home","item":"https:\/\/www.businessandarts.org\/fr\/"},{"@type":"ListItem","position":2,"name":"Press"}]},{"@type":"WebSite","@id":"https:\/\/www.businessandarts.org\/#website","url":"https:\/\/www.businessandarts.org\/","name":"Business \/ Arts","description":"","potentialAction":[{"@type":"SearchAction","target":{"@type":"EntryPoint","urlTemplate":"https:\/\/www.businessandarts.org\/?s={search_term_string}"},"query-input":{"@type":"PropertyValueSpecification","valueRequired":true,"valueName":"search_term_string"}}],"inLanguage":"fr-FR"}]}},"_links":{"self":[{"href":"https:\/\/www.businessandarts.org\/fr\/wp-json\/wp\/v2\/pages\/2551","targetHints":{"allow":["GET"]}}],"collection":[{"href":"https:\/\/www.businessandarts.org\/fr\/wp-json\/wp\/v2\/pages"}],"about":[{"href":"https:\/\/www.businessandarts.org\/fr\/wp-json\/wp\/v2\/types\/page"}],"author":[{"embeddable":true,"href":"https:\/\/www.businessandarts.org\/fr\/wp-json\/wp\/v2\/users\/1"}],"replies":[{"embeddable":true,"href":"https:\/\/www.businessandarts.org\/fr\/wp-json\/wp\/v2\/comments?post=2551"}],"version-history":[{"count":0,"href":"https:\/\/www.businessandarts.org\/fr\/wp-json\/wp\/v2\/pages\/2551\/revisions"}],"wp:attachment":[{"href":"https:\/\/www.businessandarts.org\/fr\/wp-json\/wp\/v2\/media?parent=2551"}],"curies":[{"name":"wp","href":"https:\/\/api.w.org\/{rel}","templated":true}]}}