{"id":25507,"date":"2025-03-06T15:47:36","date_gmt":"2025-03-06T15:47:36","guid":{"rendered":"https:\/\/www.businessandarts.org\/?page_id=25507"},"modified":"2026-02-04T18:49:32","modified_gmt":"2026-02-04T18:49:32","slug":"north-york-arts","status":"publish","type":"page","link":"https:\/\/www.businessandarts.org\/fr\/artsvest\/north-york-arts\/","title":{"rendered":"North York Arts"},"content":{"rendered":"<h1 style=\"text-align: center;\">North York Arts : Tirer parti du mentorat pour la durabilit\u00e9 \u00e0 long terme<\/h1>\n<p>&nbsp;<\/p>\n<p><img loading=\"lazy\" decoding=\"async\" src=\"https:\/\/www.businessandarts.org\/wp-content\/uploads\/2025\/03\/NYA_logo.png\" alt=\"\" width=\"180\" height=\"117\" class=\" wp-image-25330 aligncenter\" \/><\/p>\n<hr \/>\n<p><strong>Christina Giannelia est directrice g\u00e9n\u00e9rale de <a href=\"https:\/\/www.northyorkarts.org\/\" target=\"_blank\" rel=\"noopener\">North York Arts (NYA)<\/a><\/strong>, un organisme qui se consacre \u00e0 rendre les arts accessibles et attrayants pour plus de 500 000 r\u00e9sidents de North York. NYA offre une programmation diversifi\u00e9e, incluant initiatives d&#8217;arts publics, festivals, ateliers et r\u00e9sidences pour artistes, en plus de procurer aux artistes des opportunit\u00e9s r\u00e9mun\u00e9r\u00e9es. Giannelia est particuli\u00e8rement fi\u00e8re de l&#8217;esprit de collaboration qui habite l&#8217;organisme, de chaque membre du personnel, au conseil d&#8217;administration, des artistes aux animateurs, qui travaillent tous et toutes ensemble pour enrichir la communaut\u00e9. <em>\u00ab Nous avons un groupe fantastique de personnes intelligentes et ambitieuses qui sont pr\u00eates \u00e0 partager les arts avec la communaut\u00e9 \u00bb,<\/em> affirme-t-elle, soulignant la r\u00e9putation croissante de NYA, particuli\u00e8rement depuis la fin de la pand\u00e9mie.<\/p>\n<p>Pour NYA, artsvest a \u00e9t\u00e9 un catalyseur de croissance et de durabilit\u00e9. Lors d&#8217;un entretien avec l&#8217;\u00e9quipe d&#8217;artsvest, elle louangeait l&#8217;impact particulier du programme de mentorat, dont une s\u00e9ance personnelle pivot avec le mentor Derek Stevenson. Ses conseils sur la durabilit\u00e9 d&#8217;un organisme sans but lucratif et la priorisation strat\u00e9gique de la programmation ont contribu\u00e9 \u00e0 la mise au point du plan quinquennal de NYA, pla\u00e7ant l&#8217;organisme sur une voie durable et plus profil\u00e9e pour r\u00e9aliser ses objectifs. Les fonds de contrepartie accord\u00e9s par artsvest ont aussi \u00e9t\u00e9 transformateurs, permettant \u00e0 NYA d&#8217;\u00eatre l&#8217;h\u00f4te du festival Inspire North, un \u00e9v\u00e9nement communautaire qui a mis en vedette des artistes de la sc\u00e8ne locale et qui a renforci les liens avec des entreprises et la ZAC locale. Selon Giannelia, les fonds de contrepartie accord\u00e9s par artsvest ont repr\u00e9sent\u00e9 le soutien financier dont l&#8217;organisme avait r\u00e9ellement besoin pour \u00e9tablir de nouveaux partenariats communautaires et soutenir des artistes locaux.<\/p>\n<p>&nbsp;<\/p>\n<p><img loading=\"lazy\" decoding=\"async\" src=\"https:\/\/www.businessandarts.org\/wp-content\/uploads\/2025\/03\/nya-qufr.png\" alt=\"\" width=\"830\" height=\"202\" class=\" wp-image-25175 aligncenter\" \/><\/p>\n<p>&nbsp;<\/p>\n<p>En mati\u00e8re de relations entre les entreprises locales et les arts, Giannelia remarque qu&#8217;il est essentiel de rester concentr\u00e9 sur des objectifs communs. <em>\u00ab Les arts font progresser les communaut\u00e9s locales, tout comme le font les entreprises, et lorsque nous travaillons ensemble, tout le monde y gagne. Nous sommes tous engag\u00e9s \u00e0 b\u00e2tir des quartiers dynamiques et florissants. \u00bb<\/em><\/p>\n<p>Giannella encourage d&#8217;autres organismes \u00e0 songer \u00e0 artsvest, non seulement pour les ressources financi\u00e8res et strat\u00e9giques qui y sont offertes, mais aussi pour la pr\u00e9cieuse collaboration inspir\u00e9e par ce programme. <strong>L&#8217;approche unique d&#8217;artsvest envers la formation et le mentorat permet aux organismes de partout au pays de trouver innovation et inspiration dans un vaste r\u00e9seau de mentors et de coll\u00e8gues du secteur.<\/strong> Gr\u00e2ce au soutien apport\u00e9 par artsvest jusqu&#8217;\u00e0 maintenant, Giannelia sent que NYA est mieux \u00e9quip\u00e9 que jamais pour continuer \u00e0 offrir des exp\u00e9riences artistiques percutantes qui c\u00e9l\u00e8brent la communaut\u00e9 et les arts \u00e0 North York.<\/p>\n<p>&nbsp;<\/p>\n\n<p>&nbsp;<\/p>\n<p style=\"text-align: center;\">Photos : Maria Vega Photography \/ North York Arts<\/p>\n<p>&nbsp;<\/p>\n<hr \/>\n<h5>Partenaires et bailleurs de fonds<\/h5>\n<p>artsvest \u00e0 Toronto est rendu possible gr\u00e2ce au Gouvernement du Canada, au Conseil des arts du Canada et \u00e0 la Ville de Toronto<\/p>\n<p>&nbsp;<\/p>\n<div class=\"su-row\"><div class=\"su-column su-column-size-1-1\"><div class=\"su-column-inner su-u-clearfix su-u-trim\">\n<p><img loading=\"lazy\" decoding=\"async\" src=\"https:\/\/www.businessandarts.org\/wp-content\/uploads\/2024\/09\/Canada-1.png\" alt=\"\" width=\"150\" height=\"36\" class=\" wp-image-23768 aligncenter\" \/><\/p>\n<\/div><\/div>\n<\/div>\n<p>&nbsp;<\/p>\n<div class=\"su-row\"><div class=\"su-column su-column-size-1-2\"><div class=\"su-column-inner su-u-clearfix su-u-trim\">\n<p><img loading=\"lazy\" decoding=\"async\" src=\"https:\/\/www.businessandarts.org\/wp-content\/uploads\/2026\/01\/CCC-F.png\" alt=\"\" width=\"410\" height=\"68\" class=\" wp-image-28474 aligncenter\" \/><\/p>\n<\/div><\/div><div class=\"su-column su-column-size-1-2\"><div class=\"su-column-inner su-u-clearfix su-u-trim\">\n<p><img loading=\"lazy\" decoding=\"async\" src=\"https:\/\/www.businessandarts.org\/wp-content\/uploads\/2024\/09\/CityTo-2.png\" alt=\"\" width=\"241\" height=\"108\" class=\" wp-image-23772 aligncenter\" \/><\/p>\n<\/div><\/div> <\/div>\n","protected":false},"excerpt":{"rendered":"<p>North York Arts : Tirer parti du mentorat pour la durabilit\u00e9 \u00e0 long terme &nbsp; Christina Giannelia est directrice g\u00e9n\u00e9rale de North York Arts (NYA), un organisme qui se consacre \u00e0 rendre les arts accessibles et attrayants pour plus de<span class=\"ellipsis\">&hellip;<\/span><\/p>\n<div class=\"read-more\"><a href=\"https:\/\/www.businessandarts.org\/fr\/artsvest\/north-york-arts\/\">Lire plus de <span class=\"screen-reader-text\">North York Arts<\/span><span class=\"meta-nav\"> &#8250;<\/span><\/a><\/div>\n<p><!-- end of .read-more --><\/p>\n","protected":false},"author":27,"featured_media":0,"parent":17375,"menu_order":0,"comment_status":"closed","ping_status":"closed","template":"page-templates\/sidebar-with-CAS-tmp.php","meta":{"_acf_changed":false,"footnotes":""},"class_list":["post-25507","page","type-page","status-publish","hentry"],"acf":[],"yoast_head":"<!-- This site is optimized with the Yoast SEO plugin v23.7 - https:\/\/yoast.com\/wordpress\/plugins\/seo\/ -->\n<title>North York Arts - Business \/ Arts<\/title>\n<meta name=\"robots\" content=\"index, follow, max-snippet:-1, max-image-preview:large, max-video-preview:-1\" \/>\n<link rel=\"canonical\" href=\"https:\/\/www.businessandarts.org\/fr\/artsvest\/north-york-arts\/\" \/>\n<meta property=\"og:locale\" content=\"fr_FR\" \/>\n<meta property=\"og:type\" content=\"article\" \/>\n<meta property=\"og:title\" content=\"North York Arts - Business \/ Arts\" \/>\n<meta property=\"og:description\" content=\"North York Arts : Tirer parti du mentorat pour la durabilit\u00e9 \u00e0 long terme &nbsp; Christina Giannelia est directrice g\u00e9n\u00e9rale de North York Arts (NYA), un organisme qui se consacre \u00e0 rendre les arts accessibles et attrayants pour plus de&hellip;Lire plus de North York Arts &#8250;\" \/>\n<meta property=\"og:url\" content=\"https:\/\/www.businessandarts.org\/fr\/artsvest\/north-york-arts\/\" \/>\n<meta property=\"og:site_name\" content=\"Business \/ Arts\" \/>\n<meta property=\"article:modified_time\" content=\"2026-02-04T18:49:32+00:00\" \/>\n<meta property=\"og:image\" content=\"https:\/\/www.businessandarts.org\/wp-content\/uploads\/2025\/03\/NYA_logo.png\" \/>\n\t<meta property=\"og:image:width\" content=\"417\" \/>\n\t<meta property=\"og:image:height\" content=\"271\" \/>\n\t<meta property=\"og:image:type\" content=\"image\/png\" \/>\n<meta name=\"twitter:card\" content=\"summary_large_image\" \/>\n<meta name=\"twitter:label1\" content=\"Dur\u00e9e de lecture estim\u00e9e\" \/>\n\t<meta name=\"twitter:data1\" content=\"4 minutes\" \/>\n<script type=\"application\/ld+json\" class=\"yoast-schema-graph\">{\"@context\":\"https:\/\/schema.org\",\"@graph\":[{\"@type\":\"WebPage\",\"@id\":\"https:\/\/www.businessandarts.org\/fr\/artsvest\/north-york-arts\/\",\"url\":\"https:\/\/www.businessandarts.org\/fr\/artsvest\/north-york-arts\/\",\"name\":\"North York Arts - Business \/ Arts\",\"isPartOf\":{\"@id\":\"https:\/\/www.businessandarts.org\/#website\"},\"primaryImageOfPage\":{\"@id\":\"https:\/\/www.businessandarts.org\/fr\/artsvest\/north-york-arts\/#primaryimage\"},\"image\":{\"@id\":\"https:\/\/www.businessandarts.org\/fr\/artsvest\/north-york-arts\/#primaryimage\"},\"thumbnailUrl\":\"https:\/\/www.businessandarts.org\/wp-content\/uploads\/2025\/03\/NYA_logo.png\",\"datePublished\":\"2025-03-06T15:47:36+00:00\",\"dateModified\":\"2026-02-04T18:49:32+00:00\",\"breadcrumb\":{\"@id\":\"https:\/\/www.businessandarts.org\/fr\/artsvest\/north-york-arts\/#breadcrumb\"},\"inLanguage\":\"fr-FR\",\"potentialAction\":[{\"@type\":\"ReadAction\",\"target\":[\"https:\/\/www.businessandarts.org\/fr\/artsvest\/north-york-arts\/\"]}]},{\"@type\":\"ImageObject\",\"inLanguage\":\"fr-FR\",\"@id\":\"https:\/\/www.businessandarts.org\/fr\/artsvest\/north-york-arts\/#primaryimage\",\"url\":\"https:\/\/www.businessandarts.org\/wp-content\/uploads\/2025\/03\/NYA_logo.png\",\"contentUrl\":\"https:\/\/www.businessandarts.org\/wp-content\/uploads\/2025\/03\/NYA_logo.png\"},{\"@type\":\"BreadcrumbList\",\"@id\":\"https:\/\/www.businessandarts.org\/fr\/artsvest\/north-york-arts\/#breadcrumb\",\"itemListElement\":[{\"@type\":\"ListItem\",\"position\":1,\"name\":\"Home\",\"item\":\"https:\/\/www.businessandarts.org\/fr\/\"},{\"@type\":\"ListItem\",\"position\":2,\"name\":\"artsvest\",\"item\":\"https:\/\/www.businessandarts.org\/fr\/artsvest\/\"},{\"@type\":\"ListItem\",\"position\":3,\"name\":\"North York Arts\"}]},{\"@type\":\"WebSite\",\"@id\":\"https:\/\/www.businessandarts.org\/#website\",\"url\":\"https:\/\/www.businessandarts.org\/\",\"name\":\"Business \/ Arts\",\"description\":\"\",\"potentialAction\":[{\"@type\":\"SearchAction\",\"target\":{\"@type\":\"EntryPoint\",\"urlTemplate\":\"https:\/\/www.businessandarts.org\/?s={search_term_string}\"},\"query-input\":{\"@type\":\"PropertyValueSpecification\",\"valueRequired\":true,\"valueName\":\"search_term_string\"}}],\"inLanguage\":\"fr-FR\"}]}<\/script>\n<!-- \/ Yoast SEO plugin. -->","yoast_head_json":{"title":"North York Arts - Business \/ Arts","robots":{"index":"index","follow":"follow","max-snippet":"max-snippet:-1","max-image-preview":"max-image-preview:large","max-video-preview":"max-video-preview:-1"},"canonical":"https:\/\/www.businessandarts.org\/fr\/artsvest\/north-york-arts\/","og_locale":"fr_FR","og_type":"article","og_title":"North York Arts - Business \/ Arts","og_description":"North York Arts : Tirer parti du mentorat pour la durabilit\u00e9 \u00e0 long terme &nbsp; Christina Giannelia est directrice g\u00e9n\u00e9rale de North York Arts (NYA), un organisme qui se consacre \u00e0 rendre les arts accessibles et attrayants pour plus de&hellip;Lire plus de North York Arts &#8250;","og_url":"https:\/\/www.businessandarts.org\/fr\/artsvest\/north-york-arts\/","og_site_name":"Business \/ Arts","article_modified_time":"2026-02-04T18:49:32+00:00","og_image":[{"width":417,"height":271,"url":"https:\/\/www.businessandarts.org\/wp-content\/uploads\/2025\/03\/NYA_logo.png","type":"image\/png"}],"twitter_card":"summary_large_image","twitter_misc":{"Dur\u00e9e de lecture estim\u00e9e":"4 minutes"},"schema":{"@context":"https:\/\/schema.org","@graph":[{"@type":"WebPage","@id":"https:\/\/www.businessandarts.org\/fr\/artsvest\/north-york-arts\/","url":"https:\/\/www.businessandarts.org\/fr\/artsvest\/north-york-arts\/","name":"North York Arts - Business \/ Arts","isPartOf":{"@id":"https:\/\/www.businessandarts.org\/#website"},"primaryImageOfPage":{"@id":"https:\/\/www.businessandarts.org\/fr\/artsvest\/north-york-arts\/#primaryimage"},"image":{"@id":"https:\/\/www.businessandarts.org\/fr\/artsvest\/north-york-arts\/#primaryimage"},"thumbnailUrl":"https:\/\/www.businessandarts.org\/wp-content\/uploads\/2025\/03\/NYA_logo.png","datePublished":"2025-03-06T15:47:36+00:00","dateModified":"2026-02-04T18:49:32+00:00","breadcrumb":{"@id":"https:\/\/www.businessandarts.org\/fr\/artsvest\/north-york-arts\/#breadcrumb"},"inLanguage":"fr-FR","potentialAction":[{"@type":"ReadAction","target":["https:\/\/www.businessandarts.org\/fr\/artsvest\/north-york-arts\/"]}]},{"@type":"ImageObject","inLanguage":"fr-FR","@id":"https:\/\/www.businessandarts.org\/fr\/artsvest\/north-york-arts\/#primaryimage","url":"https:\/\/www.businessandarts.org\/wp-content\/uploads\/2025\/03\/NYA_logo.png","contentUrl":"https:\/\/www.businessandarts.org\/wp-content\/uploads\/2025\/03\/NYA_logo.png"},{"@type":"BreadcrumbList","@id":"https:\/\/www.businessandarts.org\/fr\/artsvest\/north-york-arts\/#breadcrumb","itemListElement":[{"@type":"ListItem","position":1,"name":"Home","item":"https:\/\/www.businessandarts.org\/fr\/"},{"@type":"ListItem","position":2,"name":"artsvest","item":"https:\/\/www.businessandarts.org\/fr\/artsvest\/"},{"@type":"ListItem","position":3,"name":"North York Arts"}]},{"@type":"WebSite","@id":"https:\/\/www.businessandarts.org\/#website","url":"https:\/\/www.businessandarts.org\/","name":"Business \/ Arts","description":"","potentialAction":[{"@type":"SearchAction","target":{"@type":"EntryPoint","urlTemplate":"https:\/\/www.businessandarts.org\/?s={search_term_string}"},"query-input":{"@type":"PropertyValueSpecification","valueRequired":true,"valueName":"search_term_string"}}],"inLanguage":"fr-FR"}]}},"_links":{"self":[{"href":"https:\/\/www.businessandarts.org\/fr\/wp-json\/wp\/v2\/pages\/25507","targetHints":{"allow":["GET"]}}],"collection":[{"href":"https:\/\/www.businessandarts.org\/fr\/wp-json\/wp\/v2\/pages"}],"about":[{"href":"https:\/\/www.businessandarts.org\/fr\/wp-json\/wp\/v2\/types\/page"}],"author":[{"embeddable":true,"href":"https:\/\/www.businessandarts.org\/fr\/wp-json\/wp\/v2\/users\/27"}],"replies":[{"embeddable":true,"href":"https:\/\/www.businessandarts.org\/fr\/wp-json\/wp\/v2\/comments?post=25507"}],"version-history":[{"count":12,"href":"https:\/\/www.businessandarts.org\/fr\/wp-json\/wp\/v2\/pages\/25507\/revisions"}],"predecessor-version":[{"id":29510,"href":"https:\/\/www.businessandarts.org\/fr\/wp-json\/wp\/v2\/pages\/25507\/revisions\/29510"}],"up":[{"embeddable":true,"href":"https:\/\/www.businessandarts.org\/fr\/wp-json\/wp\/v2\/pages\/17375"}],"wp:attachment":[{"href":"https:\/\/www.businessandarts.org\/fr\/wp-json\/wp\/v2\/media?parent=25507"}],"curies":[{"name":"wp","href":"https:\/\/api.w.org\/{rel}","templated":true}]}}