{"id":25498,"date":"2025-03-06T14:54:57","date_gmt":"2025-03-06T14:54:57","guid":{"rendered":"https:\/\/www.businessandarts.org\/?page_id=25498"},"modified":"2026-02-05T18:13:57","modified_gmt":"2026-02-05T18:13:57","slug":"chlavm","status":"publish","type":"page","link":"https:\/\/www.businessandarts.org\/fr\/artsvest\/chlavm\/","title":{"rendered":"Canadian Hispanic-Latin American Virtual Museum"},"content":{"rendered":"<h1 style=\"text-align: center;\">Canadian Hispanic-Latin American Virtual Museum : Le mentorat et le d\u00e9veloppement num\u00e9rique pour une visibilit\u00e9 culturelle renforc\u00e9e<\/h1>\n<p>&nbsp;<\/p>\n<p><img loading=\"lazy\" decoding=\"async\" src=\"https:\/\/www.businessandarts.org\/wp-content\/uploads\/2025\/03\/CH-logo.jpg\" alt=\"\" width=\"304\" height=\"90\" class=\" wp-image-25349 aligncenter\" \/><\/p>\n<p>&nbsp;<\/p>\n<p>&nbsp;<\/p>\n<div class=\"su-youtube su-u-responsive-media-yes\"><iframe loading=\"lazy\" width=\"600\" height=\"400\" src=\"https:\/\/www.youtube.com\/embed\/Ax_PXy355dE?\" frameborder=\"0\" allowfullscreen allow=\"autoplay; encrypted-media; picture-in-picture\" title=\"\"><\/iframe><\/div>\n<hr \/>\n<p><a href=\"https:\/\/www.chlavm.ca\/en\/\" target=\"_blank\" rel=\"noopener\"><strong>Le Mus\u00e9e Virtuel Hispano-Latino-Am\u00e9ricain du Canada<\/strong><\/a>, sous la direction de la <strong>pr\u00e9sidente et fondatrice Elvira Sanchez de Malicki,<\/strong> a r\u00e9invent\u00e9 la pens\u00e9e cr\u00e9ative. \u00c0 titre de mus\u00e9e virtuel consacr\u00e9 aux r\u00e9alisations des membres de la communaut\u00e9 latino-am\u00e9ricaine au Canada, son mod\u00e8le num\u00e9rique lui conf\u00e8re un acc\u00e8s national, o\u00f9 partager et pr\u00e9server la culture latino-am\u00e9ricaine au Canada. Le mus\u00e9e n&#8217;a que trois ans, mais il conna\u00eet des d\u00e9buts impressionnants gr\u00e2ce \u00e0 une programmation innovatrice et un engagement envers l&#8217;excellence.<em> \u00ab Nous sommes les seuls \u00e0 pouvoir raconter notre histoire \u00bb,<\/em> soutient Elvira, soulignant l&#8217;importance de ce travail dans un paysage culturel o\u00f9 les voix hispaniques ont \u00e9t\u00e9 historiquement sous-repr\u00e9sent\u00e9es.<\/p>\n<p>&nbsp;<\/p>\n<p><img loading=\"lazy\" decoding=\"async\" src=\"https:\/\/www.businessandarts.org\/wp-content\/uploads\/2025\/03\/ch-qufr.png\" alt=\"\" width=\"830\" height=\"202\" class=\" wp-image-25175 aligncenter\" \/><\/p>\n<p>&nbsp;<\/p>\n<p><span>artsvest a jou\u00e9 un r\u00f4le crucial pour aider le mus\u00e9e \u00e0 r\u00e9aliser ses objectifs et \u00e0 \u00e9largir sa port\u00e9e. Par la voie du programme de mentorat, Elvira et son \u00e9quipe ont travaill\u00e9 avec Jeffery Herd \u00e0 parfaire leur narratif et \u00e0 mettre au point un portefeuille de parrainage raffin\u00e9 qui a ouvert les portes d&#8217;entreprises et d&#8217;organismes de plus grande envergure. Le mentorat leur a aussi donn\u00e9 acc\u00e8s \u00e0 des ressources insoup\u00e7onn\u00e9es qui leur ont permis d&#8217;attirer des b\u00e9n\u00e9voles de comp\u00e9tences recherch\u00e9es et plus de parties prenantes. En participant aux webinaires d&#8217;artsvest, MVHLAC a \u00e9tabli des liens avec des pairs et des sp\u00e9cialistes qui ont pu offrir leur appui pour naviguer les enjeux inh\u00e9rents \u00e0 l&#8217;\u00e9tablissement d&#8217;un organisme \u00e0 but non lucratif. Sanchez de Malicki d\u00e9crit artsvest comme un programme <em>\u00ab\u00a0inspirant et transformationnel\u00a0\u00bb<\/em>, qui a donn\u00e9 au mus\u00e9e les connaissances et la confiance pour communiquer et int\u00e9resser efficacement des bailleurs de fonds et des collaborateurs.\u00a0\u00a0<\/span><\/p>\n<p><span>De l&#8217;opinion d&#8217;Elvia, les organismes artistiques sont plus que des carrefours de cr\u00e9ation; ils sont le reflet de la soci\u00e9t\u00e9 et des catalyseurs de croissance de la communaut\u00e9. <em>\u00ab\u00a0Les arts et la communaut\u00e9 s&#8217;\u00e9panouissent au m\u00eame rythme\u00a0\u00bb<\/em>, affirme-t-elle, en misant sur le r\u00f4le essentiel des arts pour favoriser la connexion et la communication. <strong>Gr\u00e2ce \u00e0 artsvest, le mus\u00e9e se trouve dans une meilleure position pour amplifier sa mission\u00a0: assurer aux communaut\u00e9s hispaniques la visibilit\u00e9 qu&#8217;ils m\u00e9ritent au Canada.<\/strong> Son conseil est clair pour les personnes qui songent \u00e0 participer \u00e0 artsvest\u00a0: <em>\u00ab\u00a0Allez-y! Le soutien, le mentorat et les possibilit\u00e9s financi\u00e8res que l\u2019on y trouve sont in\u00e9gal\u00e9s\u00a0\u00bb.\u00a0<\/em><\/span><\/p>\n<p>&nbsp;<\/p>\n<p>&nbsp;<\/p>\n\n<p>&nbsp;<\/p>\n<p style=\"text-align: center;\">Photos : The Canadian Hispanic-Latin American Virtual Museum (CHLAVM)<\/p>\n<p>&nbsp;<\/p>\n<hr \/>\n<h5>Partenaires et bailleurs de fonds<\/h5>\n<p>artsvest en Ontario est rendu possible gr\u00e2ce au Gouvernement du Canada, au Conseil des arts du Canada et au Conseil des arts de l&#8217;Ontario<\/p>\n<p>&nbsp;<\/p>\n<div class=\"su-row\"><div class=\"su-column su-column-size-1-1\"><div class=\"su-column-inner su-u-clearfix su-u-trim\">\n<p><img loading=\"lazy\" decoding=\"async\" src=\"https:\/\/www.businessandarts.org\/wp-content\/uploads\/2024\/09\/Canada-1.png\" alt=\"\" width=\"150\" height=\"36\" class=\" wp-image-23768 aligncenter\" \/><\/p>\n<\/div><\/div>\n<\/div>\n<p>&nbsp;<\/p>\n<div class=\"su-row\"><div class=\"su-column su-column-size-1-2\"><div class=\"su-column-inner su-u-clearfix su-u-trim\">\n<p><img loading=\"lazy\" decoding=\"async\" src=\"https:\/\/www.businessandarts.org\/wp-content\/uploads\/2026\/01\/CCC-F.png\" alt=\"\" width=\"410\" height=\"68\" class=\" wp-image-28474 aligncenter\" \/><\/p>\n<\/div><\/div><div class=\"su-column su-column-size-1-2\"><div class=\"su-column-inner su-u-clearfix su-u-trim\">\n<p><img loading=\"lazy\" decoding=\"async\" src=\"https:\/\/www.businessandarts.org\/wp-content\/uploads\/2023\/05\/2015-OAC-logo-RGB-JPG.jpg\" alt=\"\" class=\"wp-image-16952 aligncenter\" width=\"268\" height=\"134\" \/><\/p>\n<\/div><\/div> <\/div>\n","protected":false},"excerpt":{"rendered":"<p>Canadian Hispanic-Latin American Virtual Museum : Le mentorat et le d\u00e9veloppement num\u00e9rique pour une visibilit\u00e9 culturelle renforc\u00e9e &nbsp; &nbsp; &nbsp; Le Mus\u00e9e Virtuel Hispano-Latino-Am\u00e9ricain du Canada, sous la direction de la pr\u00e9sidente et fondatrice Elvira Sanchez de Malicki, a r\u00e9invent\u00e9<span class=\"ellipsis\">&hellip;<\/span><\/p>\n<div class=\"read-more\"><a href=\"https:\/\/www.businessandarts.org\/fr\/artsvest\/chlavm\/\">Lire plus de <span class=\"screen-reader-text\">Canadian Hispanic-Latin American Virtual Museum<\/span><span class=\"meta-nav\"> &#8250;<\/span><\/a><\/div>\n<p><!-- end of .read-more --><\/p>\n","protected":false},"author":27,"featured_media":0,"parent":17375,"menu_order":0,"comment_status":"closed","ping_status":"closed","template":"page-templates\/sidebar-with-CAS-tmp.php","meta":{"_acf_changed":false,"footnotes":""},"class_list":["post-25498","page","type-page","status-publish","hentry"],"acf":[],"yoast_head":"<!-- This site is optimized with the Yoast SEO plugin v23.7 - https:\/\/yoast.com\/wordpress\/plugins\/seo\/ -->\n<title>Canadian Hispanic-Latin American Virtual Museum - Business \/ Arts<\/title>\n<meta name=\"robots\" content=\"index, follow, max-snippet:-1, max-image-preview:large, max-video-preview:-1\" \/>\n<link rel=\"canonical\" href=\"https:\/\/www.businessandarts.org\/fr\/artsvest\/chlavm\/\" \/>\n<meta property=\"og:locale\" content=\"fr_FR\" \/>\n<meta property=\"og:type\" content=\"article\" \/>\n<meta property=\"og:title\" content=\"Canadian Hispanic-Latin American Virtual Museum - Business \/ Arts\" \/>\n<meta property=\"og:description\" content=\"Canadian Hispanic-Latin American Virtual Museum : Le mentorat et le d\u00e9veloppement num\u00e9rique pour une visibilit\u00e9 culturelle renforc\u00e9e &nbsp; &nbsp; &nbsp; Le Mus\u00e9e Virtuel Hispano-Latino-Am\u00e9ricain du Canada, sous la direction de la pr\u00e9sidente et fondatrice Elvira Sanchez de Malicki, a r\u00e9invent\u00e9&hellip;Lire plus de Canadian Hispanic-Latin American Virtual Museum &#8250;\" \/>\n<meta property=\"og:url\" content=\"https:\/\/www.businessandarts.org\/fr\/artsvest\/chlavm\/\" \/>\n<meta property=\"og:site_name\" content=\"Business \/ Arts\" \/>\n<meta property=\"article:modified_time\" content=\"2026-02-05T18:13:57+00:00\" \/>\n<meta property=\"og:image\" content=\"https:\/\/www.businessandarts.org\/wp-content\/uploads\/2025\/03\/CH-logo.jpg\" \/>\n\t<meta property=\"og:image:width\" content=\"960\" \/>\n\t<meta property=\"og:image:height\" content=\"284\" \/>\n\t<meta property=\"og:image:type\" content=\"image\/jpeg\" \/>\n<meta name=\"twitter:card\" content=\"summary_large_image\" \/>\n<meta name=\"twitter:label1\" content=\"Dur\u00e9e de lecture estim\u00e9e\" \/>\n\t<meta name=\"twitter:data1\" content=\"3 minutes\" \/>\n<script type=\"application\/ld+json\" class=\"yoast-schema-graph\">{\"@context\":\"https:\/\/schema.org\",\"@graph\":[{\"@type\":\"WebPage\",\"@id\":\"https:\/\/www.businessandarts.org\/fr\/artsvest\/chlavm\/\",\"url\":\"https:\/\/www.businessandarts.org\/fr\/artsvest\/chlavm\/\",\"name\":\"Canadian Hispanic-Latin American Virtual Museum - Business \/ Arts\",\"isPartOf\":{\"@id\":\"https:\/\/www.businessandarts.org\/#website\"},\"primaryImageOfPage\":{\"@id\":\"https:\/\/www.businessandarts.org\/fr\/artsvest\/chlavm\/#primaryimage\"},\"image\":{\"@id\":\"https:\/\/www.businessandarts.org\/fr\/artsvest\/chlavm\/#primaryimage\"},\"thumbnailUrl\":\"https:\/\/www.businessandarts.org\/wp-content\/uploads\/2025\/03\/CH-logo.jpg\",\"datePublished\":\"2025-03-06T14:54:57+00:00\",\"dateModified\":\"2026-02-05T18:13:57+00:00\",\"breadcrumb\":{\"@id\":\"https:\/\/www.businessandarts.org\/fr\/artsvest\/chlavm\/#breadcrumb\"},\"inLanguage\":\"fr-FR\",\"potentialAction\":[{\"@type\":\"ReadAction\",\"target\":[\"https:\/\/www.businessandarts.org\/fr\/artsvest\/chlavm\/\"]}]},{\"@type\":\"ImageObject\",\"inLanguage\":\"fr-FR\",\"@id\":\"https:\/\/www.businessandarts.org\/fr\/artsvest\/chlavm\/#primaryimage\",\"url\":\"https:\/\/www.businessandarts.org\/wp-content\/uploads\/2025\/03\/CH-logo.jpg\",\"contentUrl\":\"https:\/\/www.businessandarts.org\/wp-content\/uploads\/2025\/03\/CH-logo.jpg\"},{\"@type\":\"BreadcrumbList\",\"@id\":\"https:\/\/www.businessandarts.org\/fr\/artsvest\/chlavm\/#breadcrumb\",\"itemListElement\":[{\"@type\":\"ListItem\",\"position\":1,\"name\":\"Home\",\"item\":\"https:\/\/www.businessandarts.org\/fr\/\"},{\"@type\":\"ListItem\",\"position\":2,\"name\":\"artsvest\",\"item\":\"https:\/\/www.businessandarts.org\/fr\/artsvest\/\"},{\"@type\":\"ListItem\",\"position\":3,\"name\":\"Canadian Hispanic-Latin American Virtual Museum\"}]},{\"@type\":\"WebSite\",\"@id\":\"https:\/\/www.businessandarts.org\/#website\",\"url\":\"https:\/\/www.businessandarts.org\/\",\"name\":\"Business \/ Arts\",\"description\":\"\",\"potentialAction\":[{\"@type\":\"SearchAction\",\"target\":{\"@type\":\"EntryPoint\",\"urlTemplate\":\"https:\/\/www.businessandarts.org\/?s={search_term_string}\"},\"query-input\":{\"@type\":\"PropertyValueSpecification\",\"valueRequired\":true,\"valueName\":\"search_term_string\"}}],\"inLanguage\":\"fr-FR\"}]}<\/script>\n<!-- \/ Yoast SEO plugin. -->","yoast_head_json":{"title":"Canadian Hispanic-Latin American Virtual Museum - Business \/ Arts","robots":{"index":"index","follow":"follow","max-snippet":"max-snippet:-1","max-image-preview":"max-image-preview:large","max-video-preview":"max-video-preview:-1"},"canonical":"https:\/\/www.businessandarts.org\/fr\/artsvest\/chlavm\/","og_locale":"fr_FR","og_type":"article","og_title":"Canadian Hispanic-Latin American Virtual Museum - Business \/ Arts","og_description":"Canadian Hispanic-Latin American Virtual Museum : Le mentorat et le d\u00e9veloppement num\u00e9rique pour une visibilit\u00e9 culturelle renforc\u00e9e &nbsp; &nbsp; &nbsp; Le Mus\u00e9e Virtuel Hispano-Latino-Am\u00e9ricain du Canada, sous la direction de la pr\u00e9sidente et fondatrice Elvira Sanchez de Malicki, a r\u00e9invent\u00e9&hellip;Lire plus de Canadian Hispanic-Latin American Virtual Museum &#8250;","og_url":"https:\/\/www.businessandarts.org\/fr\/artsvest\/chlavm\/","og_site_name":"Business \/ Arts","article_modified_time":"2026-02-05T18:13:57+00:00","og_image":[{"width":960,"height":284,"url":"https:\/\/www.businessandarts.org\/wp-content\/uploads\/2025\/03\/CH-logo.jpg","type":"image\/jpeg"}],"twitter_card":"summary_large_image","twitter_misc":{"Dur\u00e9e de lecture estim\u00e9e":"3 minutes"},"schema":{"@context":"https:\/\/schema.org","@graph":[{"@type":"WebPage","@id":"https:\/\/www.businessandarts.org\/fr\/artsvest\/chlavm\/","url":"https:\/\/www.businessandarts.org\/fr\/artsvest\/chlavm\/","name":"Canadian Hispanic-Latin American Virtual Museum - Business \/ Arts","isPartOf":{"@id":"https:\/\/www.businessandarts.org\/#website"},"primaryImageOfPage":{"@id":"https:\/\/www.businessandarts.org\/fr\/artsvest\/chlavm\/#primaryimage"},"image":{"@id":"https:\/\/www.businessandarts.org\/fr\/artsvest\/chlavm\/#primaryimage"},"thumbnailUrl":"https:\/\/www.businessandarts.org\/wp-content\/uploads\/2025\/03\/CH-logo.jpg","datePublished":"2025-03-06T14:54:57+00:00","dateModified":"2026-02-05T18:13:57+00:00","breadcrumb":{"@id":"https:\/\/www.businessandarts.org\/fr\/artsvest\/chlavm\/#breadcrumb"},"inLanguage":"fr-FR","potentialAction":[{"@type":"ReadAction","target":["https:\/\/www.businessandarts.org\/fr\/artsvest\/chlavm\/"]}]},{"@type":"ImageObject","inLanguage":"fr-FR","@id":"https:\/\/www.businessandarts.org\/fr\/artsvest\/chlavm\/#primaryimage","url":"https:\/\/www.businessandarts.org\/wp-content\/uploads\/2025\/03\/CH-logo.jpg","contentUrl":"https:\/\/www.businessandarts.org\/wp-content\/uploads\/2025\/03\/CH-logo.jpg"},{"@type":"BreadcrumbList","@id":"https:\/\/www.businessandarts.org\/fr\/artsvest\/chlavm\/#breadcrumb","itemListElement":[{"@type":"ListItem","position":1,"name":"Home","item":"https:\/\/www.businessandarts.org\/fr\/"},{"@type":"ListItem","position":2,"name":"artsvest","item":"https:\/\/www.businessandarts.org\/fr\/artsvest\/"},{"@type":"ListItem","position":3,"name":"Canadian Hispanic-Latin American Virtual Museum"}]},{"@type":"WebSite","@id":"https:\/\/www.businessandarts.org\/#website","url":"https:\/\/www.businessandarts.org\/","name":"Business \/ Arts","description":"","potentialAction":[{"@type":"SearchAction","target":{"@type":"EntryPoint","urlTemplate":"https:\/\/www.businessandarts.org\/?s={search_term_string}"},"query-input":{"@type":"PropertyValueSpecification","valueRequired":true,"valueName":"search_term_string"}}],"inLanguage":"fr-FR"}]}},"_links":{"self":[{"href":"https:\/\/www.businessandarts.org\/fr\/wp-json\/wp\/v2\/pages\/25498","targetHints":{"allow":["GET"]}}],"collection":[{"href":"https:\/\/www.businessandarts.org\/fr\/wp-json\/wp\/v2\/pages"}],"about":[{"href":"https:\/\/www.businessandarts.org\/fr\/wp-json\/wp\/v2\/types\/page"}],"author":[{"embeddable":true,"href":"https:\/\/www.businessandarts.org\/fr\/wp-json\/wp\/v2\/users\/27"}],"replies":[{"embeddable":true,"href":"https:\/\/www.businessandarts.org\/fr\/wp-json\/wp\/v2\/comments?post=25498"}],"version-history":[{"count":13,"href":"https:\/\/www.businessandarts.org\/fr\/wp-json\/wp\/v2\/pages\/25498\/revisions"}],"predecessor-version":[{"id":29630,"href":"https:\/\/www.businessandarts.org\/fr\/wp-json\/wp\/v2\/pages\/25498\/revisions\/29630"}],"up":[{"embeddable":true,"href":"https:\/\/www.businessandarts.org\/fr\/wp-json\/wp\/v2\/pages\/17375"}],"wp:attachment":[{"href":"https:\/\/www.businessandarts.org\/fr\/wp-json\/wp\/v2\/media?parent=25498"}],"curies":[{"name":"wp","href":"https:\/\/api.w.org\/{rel}","templated":true}]}}