{"id":25490,"date":"2025-03-06T14:44:13","date_gmt":"2025-03-06T14:44:13","guid":{"rendered":"https:\/\/www.businessandarts.org\/?page_id=25490"},"modified":"2026-02-05T18:13:50","modified_gmt":"2026-02-05T18:13:50","slug":"red-deer-centrefest-society","status":"publish","type":"page","link":"https:\/\/www.businessandarts.org\/fr\/artsvest\/red-deer-centrefest-society\/","title":{"rendered":"Red Deer Centrefest Society"},"content":{"rendered":"<h1 style=\"text-align: center;\">Red Deer Summer Centrefest Society : le soutien flexible pour la culture locale<\/h1>\n<p>&nbsp;<\/p>\n<p><img loading=\"lazy\" decoding=\"async\" src=\"https:\/\/www.businessandarts.org\/wp-content\/uploads\/2025\/03\/centrefest_logo.png\" alt=\"\" width=\"233\" height=\"113\" class=\" wp-image-25371 aligncenter\" \/><\/p>\n<p>&nbsp;<\/p>\n<div class=\"su-youtube su-u-responsive-media-yes\"><iframe loading=\"lazy\" width=\"600\" height=\"400\" src=\"https:\/\/www.youtube.com\/embed\/qtIV607T5Gk?\" frameborder=\"0\" allowfullscreen allow=\"autoplay; encrypted-media; picture-in-picture\" title=\"\"><\/iframe><\/div>\n<hr \/>\n<p><a href=\"https:\/\/www.centrefest.ca\/\" target=\"_blank\" rel=\"noopener\"><strong>Red Deer Summer Centrefest<\/strong> <\/a>s\u00e8me la joie des spectacles de rue dans la r\u00e9gion du Centre de l&#8217;Alberta depuis 25 ans. Il cr\u00e9e un espace o\u00f9 les familles se r\u00e9unissent pour vivre une exp\u00e9rience artistique magique en direct. De l&#8217;avis de <strong>Chelsea Bates, copr\u00e9sidente du festival<\/strong>, artsvest R\u00e9gional a jou\u00e9 un r\u00f4le crucial pour revitaliser cet \u00e9v\u00e9nement apr\u00e8s la pand\u00e9mie. Dans une ville o\u00f9 la programmation artistique est parfois \u00e9clips\u00e9e, Bates croit en l&#8217;importance de c\u00e9l\u00e9brer et de ch\u00e9rir ce qui existe dans la communaut\u00e9, parce que chaque opportunit\u00e9 de s&#8217;engager dans les arts compte.<\/p>\n<p>&nbsp;<\/p>\n<p><img loading=\"lazy\" decoding=\"async\" src=\"https:\/\/www.businessandarts.org\/wp-content\/uploads\/2025\/03\/centrefest-qufr.png\" alt=\"\" width=\"830\" height=\"202\" class=\" wp-image-25175 aligncenter\" \/><\/p>\n<p>&nbsp;<\/p>\n<p><strong>Pour Centrefest, artsvest a chang\u00e9 la donne. La flexibilit\u00e9 du programme a rev\u00eatu une importance inestimable pour un conseil d&#8217;administration form\u00e9 de b\u00e9n\u00e9voles qui jonglent avec des emplois \u00e0 temps plein, car il leur a permis d&#8217;\u00eatre tout de m\u00eame en mesure de participer activement \u00e0 des s\u00e9ances de mentorat et de formation continue.<\/strong> Bates souligne la promotion de nouveaux partenariats qui fait partie int\u00e9grante du r\u00f4le du programme, ce qui aide les organismes \u00e0 \u00e9viter d&#8217;exercer un recours trop pressant sur ses partenaires actuels et encourage la formation de nouvelles connexions. Les fonds de contrepartie accord\u00e9s par artsvest ont \u00e9t\u00e9 achemin\u00e9s directement au fonctionnement du festival, pour en faire un succ\u00e8s continu. De plus, la composante de mentorat d&#8217;artsvest, et particuli\u00e8rement le regard \u00e9clair\u00e9 de la mentore Rachel Hilton, a aid\u00e9 Centrefest \u00e0 naviguer parmi les complexit\u00e9s de la gouvernance et du financement.<\/p>\n<p>Lorsqu&#8217;on lui demande pourquoi les entreprises locales devraient appuyer les arts, Bates r\u00e9pond d&#8217;embl\u00e9e : <em>\u00ab Sans partenaire de financement, nous n&#8217;existerions pas \u00bb<\/em>. Dans le Centre de l&#8217;Alberta, o\u00f9 beaucoup de financement est accord\u00e9 aux sports, les organismes artistiques fonctionnent souvent en marge. L&#8217;appui des entreprises locales procure non seulement une stabilit\u00e9 financi\u00e8re, mais il valide l&#8217;importance des arts dans la communaut\u00e9. Bates encourage d&#8217;autres organismes \u00e0 se joindre \u00e0 artsvest, expliquant que le tout peut para\u00eetre intimidant au d\u00e9part, mais qu&#8217;il s&#8217;agit en fait d&#8217;une exp\u00e9rience hautement enrichissante et r\u00e9alisable. artsvest a \u00e9t\u00e9 une source pr\u00e9cieuse d&#8217;apprentissage et de connexion, qui a aid\u00e9 Centrefest \u00e0 \u00e9voluer et \u00e0 grandir pour cr\u00e9er des exp\u00e9riences magiques ann\u00e9e apr\u00e8s ann\u00e9e dans la communaut\u00e9 de Red Deer.<\/p>\n<p>&nbsp;<\/p>\n\n<p>&nbsp;<\/p>\n<p style=\"text-align: center;\">Photos : Red Deer Centrefest Society<\/p>\n<p>&nbsp;<\/p>\n<hr \/>\n<h5>Partenaires et bailleurs de fonds<\/h5>\n<p>artsvest en Alberta est rendu possible gr\u00e2ce au Gouvernement du Canada, au Conseil des arts du Canada et \u00e0 l&#8217;Alberta Foundation for the Arts<\/p>\n<p>&nbsp;<\/p>\n<div class=\"su-row\"><div class=\"su-column su-column-size-1-1\"><div class=\"su-column-inner su-u-clearfix su-u-trim\">\n<p><img loading=\"lazy\" decoding=\"async\" src=\"https:\/\/www.businessandarts.org\/wp-content\/uploads\/2024\/09\/Canada-1.png\" alt=\"\" width=\"150\" height=\"36\" class=\" wp-image-23768 aligncenter\" \/><\/p>\n<\/div><\/div>\n<\/div>\n<p>&nbsp;<\/p>\n<div class=\"su-row\"><div class=\"su-column su-column-size-1-2\"><div class=\"su-column-inner su-u-clearfix su-u-trim\">\n<p><img loading=\"lazy\" decoding=\"async\" src=\"https:\/\/www.businessandarts.org\/wp-content\/uploads\/2026\/01\/CCC-F.png\" alt=\"\" width=\"410\" height=\"68\" class=\" wp-image-28474 aligncenter\" \/><\/p>\n<\/div><\/div><div class=\"su-column su-column-size-1-2\"><div class=\"su-column-inner su-u-clearfix su-u-trim\">\n<p><img loading=\"lazy\" decoding=\"async\" src=\"https:\/\/www.businessandarts.org\/wp-content\/uploads\/2026\/01\/alberta_logo2.png\" alt=\"\" width=\"185\" height=\"54\" class=\" wp-image-28536 aligncenter\" \/><\/p>\n<\/div><\/div> <\/div>\n","protected":false},"excerpt":{"rendered":"<p>Red Deer Summer Centrefest Society : le soutien flexible pour la culture locale &nbsp; &nbsp; Red Deer Summer Centrefest s\u00e8me la joie des spectacles de rue dans la r\u00e9gion du Centre de l&#8217;Alberta depuis 25 ans. Il cr\u00e9e un espace<span class=\"ellipsis\">&hellip;<\/span><\/p>\n<div class=\"read-more\"><a href=\"https:\/\/www.businessandarts.org\/fr\/artsvest\/red-deer-centrefest-society\/\">Lire plus de <span class=\"screen-reader-text\">Red Deer Centrefest Society<\/span><span class=\"meta-nav\"> &#8250;<\/span><\/a><\/div>\n<p><!-- end of .read-more --><\/p>\n","protected":false},"author":27,"featured_media":0,"parent":17375,"menu_order":0,"comment_status":"closed","ping_status":"closed","template":"page-templates\/sidebar-with-CAS-tmp.php","meta":{"_acf_changed":false,"footnotes":""},"class_list":["post-25490","page","type-page","status-publish","hentry"],"acf":[],"yoast_head":"<!-- This site is optimized with the Yoast SEO plugin v23.7 - https:\/\/yoast.com\/wordpress\/plugins\/seo\/ -->\n<title>Red Deer Centrefest Society - Business \/ Arts<\/title>\n<meta name=\"robots\" content=\"index, follow, max-snippet:-1, max-image-preview:large, max-video-preview:-1\" \/>\n<link rel=\"canonical\" href=\"https:\/\/www.businessandarts.org\/fr\/artsvest\/red-deer-centrefest-society\/\" \/>\n<meta property=\"og:locale\" content=\"fr_FR\" \/>\n<meta property=\"og:type\" content=\"article\" \/>\n<meta property=\"og:title\" content=\"Red Deer Centrefest Society - Business \/ Arts\" \/>\n<meta property=\"og:description\" content=\"Red Deer Summer Centrefest Society : le soutien flexible pour la culture locale &nbsp; &nbsp; Red Deer Summer Centrefest s\u00e8me la joie des spectacles de rue dans la r\u00e9gion du Centre de l&#8217;Alberta depuis 25 ans. Il cr\u00e9e un espace&hellip;Lire plus de Red Deer Centrefest Society &#8250;\" \/>\n<meta property=\"og:url\" content=\"https:\/\/www.businessandarts.org\/fr\/artsvest\/red-deer-centrefest-society\/\" \/>\n<meta property=\"og:site_name\" content=\"Business \/ Arts\" \/>\n<meta property=\"article:modified_time\" content=\"2026-02-05T18:13:50+00:00\" \/>\n<meta property=\"og:image\" content=\"https:\/\/www.businessandarts.org\/wp-content\/uploads\/2025\/03\/centrefest_logo.png\" \/>\n\t<meta property=\"og:image:width\" content=\"1155\" \/>\n\t<meta property=\"og:image:height\" content=\"561\" \/>\n\t<meta property=\"og:image:type\" content=\"image\/png\" \/>\n<meta name=\"twitter:card\" content=\"summary_large_image\" \/>\n<meta name=\"twitter:label1\" content=\"Dur\u00e9e de lecture estim\u00e9e\" \/>\n\t<meta name=\"twitter:data1\" content=\"3 minutes\" \/>\n<script type=\"application\/ld+json\" class=\"yoast-schema-graph\">{\"@context\":\"https:\/\/schema.org\",\"@graph\":[{\"@type\":\"WebPage\",\"@id\":\"https:\/\/www.businessandarts.org\/fr\/artsvest\/red-deer-centrefest-society\/\",\"url\":\"https:\/\/www.businessandarts.org\/fr\/artsvest\/red-deer-centrefest-society\/\",\"name\":\"Red Deer Centrefest Society - Business \/ Arts\",\"isPartOf\":{\"@id\":\"https:\/\/www.businessandarts.org\/#website\"},\"primaryImageOfPage\":{\"@id\":\"https:\/\/www.businessandarts.org\/fr\/artsvest\/red-deer-centrefest-society\/#primaryimage\"},\"image\":{\"@id\":\"https:\/\/www.businessandarts.org\/fr\/artsvest\/red-deer-centrefest-society\/#primaryimage\"},\"thumbnailUrl\":\"https:\/\/www.businessandarts.org\/wp-content\/uploads\/2025\/03\/centrefest_logo.png\",\"datePublished\":\"2025-03-06T14:44:13+00:00\",\"dateModified\":\"2026-02-05T18:13:50+00:00\",\"breadcrumb\":{\"@id\":\"https:\/\/www.businessandarts.org\/fr\/artsvest\/red-deer-centrefest-society\/#breadcrumb\"},\"inLanguage\":\"fr-FR\",\"potentialAction\":[{\"@type\":\"ReadAction\",\"target\":[\"https:\/\/www.businessandarts.org\/fr\/artsvest\/red-deer-centrefest-society\/\"]}]},{\"@type\":\"ImageObject\",\"inLanguage\":\"fr-FR\",\"@id\":\"https:\/\/www.businessandarts.org\/fr\/artsvest\/red-deer-centrefest-society\/#primaryimage\",\"url\":\"https:\/\/www.businessandarts.org\/wp-content\/uploads\/2025\/03\/centrefest_logo.png\",\"contentUrl\":\"https:\/\/www.businessandarts.org\/wp-content\/uploads\/2025\/03\/centrefest_logo.png\"},{\"@type\":\"BreadcrumbList\",\"@id\":\"https:\/\/www.businessandarts.org\/fr\/artsvest\/red-deer-centrefest-society\/#breadcrumb\",\"itemListElement\":[{\"@type\":\"ListItem\",\"position\":1,\"name\":\"Home\",\"item\":\"https:\/\/www.businessandarts.org\/fr\/\"},{\"@type\":\"ListItem\",\"position\":2,\"name\":\"artsvest\",\"item\":\"https:\/\/www.businessandarts.org\/fr\/artsvest\/\"},{\"@type\":\"ListItem\",\"position\":3,\"name\":\"Red Deer Centrefest Society\"}]},{\"@type\":\"WebSite\",\"@id\":\"https:\/\/www.businessandarts.org\/#website\",\"url\":\"https:\/\/www.businessandarts.org\/\",\"name\":\"Business \/ Arts\",\"description\":\"\",\"potentialAction\":[{\"@type\":\"SearchAction\",\"target\":{\"@type\":\"EntryPoint\",\"urlTemplate\":\"https:\/\/www.businessandarts.org\/?s={search_term_string}\"},\"query-input\":{\"@type\":\"PropertyValueSpecification\",\"valueRequired\":true,\"valueName\":\"search_term_string\"}}],\"inLanguage\":\"fr-FR\"}]}<\/script>\n<!-- \/ Yoast SEO plugin. -->","yoast_head_json":{"title":"Red Deer Centrefest Society - Business \/ Arts","robots":{"index":"index","follow":"follow","max-snippet":"max-snippet:-1","max-image-preview":"max-image-preview:large","max-video-preview":"max-video-preview:-1"},"canonical":"https:\/\/www.businessandarts.org\/fr\/artsvest\/red-deer-centrefest-society\/","og_locale":"fr_FR","og_type":"article","og_title":"Red Deer Centrefest Society - Business \/ Arts","og_description":"Red Deer Summer Centrefest Society : le soutien flexible pour la culture locale &nbsp; &nbsp; Red Deer Summer Centrefest s\u00e8me la joie des spectacles de rue dans la r\u00e9gion du Centre de l&#8217;Alberta depuis 25 ans. Il cr\u00e9e un espace&hellip;Lire plus de Red Deer Centrefest Society &#8250;","og_url":"https:\/\/www.businessandarts.org\/fr\/artsvest\/red-deer-centrefest-society\/","og_site_name":"Business \/ Arts","article_modified_time":"2026-02-05T18:13:50+00:00","og_image":[{"width":1155,"height":561,"url":"https:\/\/www.businessandarts.org\/wp-content\/uploads\/2025\/03\/centrefest_logo.png","type":"image\/png"}],"twitter_card":"summary_large_image","twitter_misc":{"Dur\u00e9e de lecture estim\u00e9e":"3 minutes"},"schema":{"@context":"https:\/\/schema.org","@graph":[{"@type":"WebPage","@id":"https:\/\/www.businessandarts.org\/fr\/artsvest\/red-deer-centrefest-society\/","url":"https:\/\/www.businessandarts.org\/fr\/artsvest\/red-deer-centrefest-society\/","name":"Red Deer Centrefest Society - Business \/ Arts","isPartOf":{"@id":"https:\/\/www.businessandarts.org\/#website"},"primaryImageOfPage":{"@id":"https:\/\/www.businessandarts.org\/fr\/artsvest\/red-deer-centrefest-society\/#primaryimage"},"image":{"@id":"https:\/\/www.businessandarts.org\/fr\/artsvest\/red-deer-centrefest-society\/#primaryimage"},"thumbnailUrl":"https:\/\/www.businessandarts.org\/wp-content\/uploads\/2025\/03\/centrefest_logo.png","datePublished":"2025-03-06T14:44:13+00:00","dateModified":"2026-02-05T18:13:50+00:00","breadcrumb":{"@id":"https:\/\/www.businessandarts.org\/fr\/artsvest\/red-deer-centrefest-society\/#breadcrumb"},"inLanguage":"fr-FR","potentialAction":[{"@type":"ReadAction","target":["https:\/\/www.businessandarts.org\/fr\/artsvest\/red-deer-centrefest-society\/"]}]},{"@type":"ImageObject","inLanguage":"fr-FR","@id":"https:\/\/www.businessandarts.org\/fr\/artsvest\/red-deer-centrefest-society\/#primaryimage","url":"https:\/\/www.businessandarts.org\/wp-content\/uploads\/2025\/03\/centrefest_logo.png","contentUrl":"https:\/\/www.businessandarts.org\/wp-content\/uploads\/2025\/03\/centrefest_logo.png"},{"@type":"BreadcrumbList","@id":"https:\/\/www.businessandarts.org\/fr\/artsvest\/red-deer-centrefest-society\/#breadcrumb","itemListElement":[{"@type":"ListItem","position":1,"name":"Home","item":"https:\/\/www.businessandarts.org\/fr\/"},{"@type":"ListItem","position":2,"name":"artsvest","item":"https:\/\/www.businessandarts.org\/fr\/artsvest\/"},{"@type":"ListItem","position":3,"name":"Red Deer Centrefest Society"}]},{"@type":"WebSite","@id":"https:\/\/www.businessandarts.org\/#website","url":"https:\/\/www.businessandarts.org\/","name":"Business \/ Arts","description":"","potentialAction":[{"@type":"SearchAction","target":{"@type":"EntryPoint","urlTemplate":"https:\/\/www.businessandarts.org\/?s={search_term_string}"},"query-input":{"@type":"PropertyValueSpecification","valueRequired":true,"valueName":"search_term_string"}}],"inLanguage":"fr-FR"}]}},"_links":{"self":[{"href":"https:\/\/www.businessandarts.org\/fr\/wp-json\/wp\/v2\/pages\/25490","targetHints":{"allow":["GET"]}}],"collection":[{"href":"https:\/\/www.businessandarts.org\/fr\/wp-json\/wp\/v2\/pages"}],"about":[{"href":"https:\/\/www.businessandarts.org\/fr\/wp-json\/wp\/v2\/types\/page"}],"author":[{"embeddable":true,"href":"https:\/\/www.businessandarts.org\/fr\/wp-json\/wp\/v2\/users\/27"}],"replies":[{"embeddable":true,"href":"https:\/\/www.businessandarts.org\/fr\/wp-json\/wp\/v2\/comments?post=25490"}],"version-history":[{"count":11,"href":"https:\/\/www.businessandarts.org\/fr\/wp-json\/wp\/v2\/pages\/25490\/revisions"}],"predecessor-version":[{"id":29629,"href":"https:\/\/www.businessandarts.org\/fr\/wp-json\/wp\/v2\/pages\/25490\/revisions\/29629"}],"up":[{"embeddable":true,"href":"https:\/\/www.businessandarts.org\/fr\/wp-json\/wp\/v2\/pages\/17375"}],"wp:attachment":[{"href":"https:\/\/www.businessandarts.org\/fr\/wp-json\/wp\/v2\/media?parent=25490"}],"curies":[{"name":"wp","href":"https:\/\/api.w.org\/{rel}","templated":true}]}}