{"id":25478,"date":"2025-03-06T13:45:38","date_gmt":"2025-03-06T13:45:38","guid":{"rendered":"https:\/\/www.businessandarts.org\/?page_id=25478"},"modified":"2026-02-05T18:14:28","modified_gmt":"2026-02-05T18:14:28","slug":"realwheels-theatre","status":"publish","type":"page","link":"https:\/\/www.businessandarts.org\/fr\/artsvest\/realwheels-theatre\/","title":{"rendered":"Realwheels Theatre"},"content":{"rendered":"<h1 style=\"text-align: center;\">Realwheels Theatre : renforcement des partenariats locaux<\/h1>\n<p>&nbsp;<\/p>\n<p><img loading=\"lazy\" decoding=\"async\" src=\"https:\/\/www.businessandarts.org\/wp-content\/uploads\/2025\/02\/RealWheelsLogo.png\" alt=\"\" width=\"243\" height=\"109\" class=\" wp-image-25173 aligncenter\" \/><\/p>\n<p>&nbsp;<\/p>\n<div class=\"su-youtube su-u-responsive-media-yes\"><iframe loading=\"lazy\" width=\"600\" height=\"400\" src=\"https:\/\/www.youtube.com\/embed\/rhyfffeMkUA?\" frameborder=\"0\" allowfullscreen allow=\"autoplay; encrypted-media; picture-in-picture\" title=\"\"><\/iframe><\/div>\n<hr \/>\n<p>Lorsque l\u2019on entreprend un nouveau r\u00f4le, certains enjeux peuvent sembler insurmontables, surtout en pr\u00e9sence d\u2019instabilit\u00e9 et de rotation du personnel. <strong>Shawn MacDonald, co-directeur artistique du <a href=\"https:\/\/realwheels.ca\/\" target=\"_blank\" rel=\"noopener\">RealWheels Theatre<\/a><\/strong>, \u00e0 Vancouver (Colombie-Britannique), a appr\u00e9ci\u00e9 l\u2019aide re\u00e7ue d\u2019artsvest \u00e0 un moment crucial o\u00f9 il avait besoin de soutien et de conseils pour diriger le RealWheels Theatre dans un contexte sans pr\u00e9c\u00e9dent.<\/p>\n<p>Recommand\u00e9 par des pairs pour faciliter sa transition vers le leadership de RealWheels Theatre, <strong>artsvest s\u2019est av\u00e9r\u00e9e la ressource id\u00e9ale pour apprendre les bases du m\u00e9tier, en offrant les outils et le mentorat qui permettent de r\u00e9aliser tout le potentiel du partenariat qui existe dans la communaut\u00e9.<\/strong><\/p>\n<p>&nbsp;<\/p>\n<p><img loading=\"lazy\" decoding=\"async\" src=\"https:\/\/www.businessandarts.org\/wp-content\/uploads\/2025\/03\/RWquotefr.png\" alt=\"\" width=\"830\" height=\"202\" class=\" wp-image-25175 aligncenter\" \/><\/p>\n<p>&nbsp;<\/p>\n<p>Shawn MacDonald a particuli\u00e8rement appr\u00e9ci\u00e9 le soutien fourni par Kathy Mackenzie, mentore d\u2019artsvest. Selon lui, le mentorat est l\u2019un des aspects les plus importants du programme, qui l\u2019a aid\u00e9 \u00e0 transformer sa vision organisationnelle en mesures concr\u00e8tes. Gr\u00e2ce \u00e0 une pr\u00e9cieuse assistance budg\u00e9taire et une meilleure compr\u00e9hension de la gouvernance du conseil d\u2019administration, artsvest a donn\u00e9 \u00e0 Shawn MacDonald et au RealWheels Theatre la confiance n\u00e9cessaire pour naviguer dans le paysage peu familier des collectes de fonds, du d\u00e9veloppement du leadership et bien plus encore.<\/p>\n<p>En particulier, un s\u00e9minaire en ligne organis\u00e9 par Michelle Yeung a \u00e9t\u00e9 l\u2019\u00e9l\u00e9ment d\u00e9clencheur d\u2019une initiative qui a entra\u00een\u00e9 une transformation remarquable : le RealWheels Theatre, qui avait peu d\u2019exp\u00e9rience dans la collecte de fonds, est devenu une \u00e9quipe profond\u00e9ment engag\u00e9e dans les efforts de collecte. Depuis, il a engag\u00e9 une soci\u00e9t\u00e9 de collecte de fonds charg\u00e9e de donner suite \u00e0 sa d\u00e9marche fructueuse en vue d\u2019assurer une stabilit\u00e9 financi\u00e8re et des partenariats \u00e0 long terme.<\/p>\n<p>Le programme artsvest a non seulement aid\u00e9 \u00e0 mettre en place de nouvelles initiatives de collecte de fonds, comme le James Brown Memorial Creativity Fund qui soutient les nouvelles \u0153uvres d\u2019artistes handicap\u00e9s, mais il a \u00e9galement donn\u00e9 \u00e0 l\u2019organisme la confiance n\u00e9cessaire pour \u00e9tablir des partenariats communautaires durables. Les ressources d\u2019artsvest continuent \u00e0 servir de mod\u00e8le \u00e0 son approche envers la gouvernance et les r\u00f4les du conseil d\u2019administration pour que les comp\u00e9tences acquises gr\u00e2ce au programme restent pertinentes par rapport \u00e0 ses objectifs actuels et futurs. Voici le conseil que Shawn MacDonald a \u00e0 donner aux organismes qui se demandent si artsvest est pour eux : <em>\u00ab Faites-le! \u00bb \u00c9tablissez vos besoins urgents et trouvez la tranquillit\u00e9 d\u2019esprit gr\u00e2ce au r\u00e9seau de soutien d\u2019artsvest.<\/em><\/p>\n<p>&nbsp;<\/p>\n\n<p>&nbsp;<\/p>\n<p style=\"text-align: center;\">Photos : RealWheels Theatre<\/p>\n<p>&nbsp;<\/p>\n<hr \/>\n<h5 style=\"text-align: left;\">Partenaires et bailleurs de fonds<\/h5>\n<p style=\"text-align: left;\">artsvest en Colombie-Britannique est rendu possible gr\u00e2ce au Gouvernement du Canada, au Conseil des arts du Canada et \u00e0 la province de la Colombie-Britannique \/ BC Arts Council<\/p>\n<p>&nbsp;<\/p>\n<div class=\"su-row\"><div class=\"su-column su-column-size-1-1\"><div class=\"su-column-inner su-u-clearfix su-u-trim\">\n<p><img loading=\"lazy\" decoding=\"async\" src=\"https:\/\/www.businessandarts.org\/wp-content\/uploads\/2024\/09\/Canada-1.png\" alt=\"\" width=\"150\" height=\"36\" class=\" wp-image-23768 aligncenter\" \/><\/p>\n<\/div><\/div>\n<\/div>\n<p>&nbsp;<\/p>\n<div class=\"su-row\"><div class=\"su-column su-column-size-1-2\"><div class=\"su-column-inner su-u-clearfix su-u-trim\">\n<p><img loading=\"lazy\" decoding=\"async\" src=\"https:\/\/www.businessandarts.org\/wp-content\/uploads\/2026\/01\/CCC-F.png\" alt=\"\" width=\"410\" height=\"68\" class=\" wp-image-28474 aligncenter\" \/><\/p>\n<\/div><\/div><div class=\"su-column su-column-size-1-2\"><div class=\"su-column-inner su-u-clearfix su-u-trim\">\n<p><img loading=\"lazy\" decoding=\"async\" src=\"https:\/\/www.businessandarts.org\/wp-content\/uploads\/2026\/01\/BC-logo-upd-1.png\" alt=\"\" width=\"429\" height=\"72\" class=\" wp-image-28540 aligncenter\" \/><\/p>\n<\/div><\/div> <\/div>\n<p>&nbsp;<\/p>\n","protected":false},"excerpt":{"rendered":"<p>Realwheels Theatre : renforcement des partenariats locaux &nbsp; &nbsp; Lorsque l\u2019on entreprend un nouveau r\u00f4le, certains enjeux peuvent sembler insurmontables, surtout en pr\u00e9sence d\u2019instabilit\u00e9 et de rotation du personnel. Shawn MacDonald, co-directeur artistique du RealWheels Theatre, \u00e0 Vancouver (Colombie-Britannique), a<span class=\"ellipsis\">&hellip;<\/span><\/p>\n<div class=\"read-more\"><a href=\"https:\/\/www.businessandarts.org\/fr\/artsvest\/realwheels-theatre\/\">Lire plus de <span class=\"screen-reader-text\">Realwheels Theatre<\/span><span class=\"meta-nav\"> &#8250;<\/span><\/a><\/div>\n<p><!-- end of .read-more --><\/p>\n","protected":false},"author":27,"featured_media":0,"parent":17375,"menu_order":0,"comment_status":"closed","ping_status":"closed","template":"page-templates\/sidebar-with-bottom-logo.php","meta":{"_acf_changed":false,"footnotes":""},"class_list":["post-25478","page","type-page","status-publish","hentry"],"acf":[],"yoast_head":"<!-- This site is optimized with the Yoast SEO plugin v23.7 - https:\/\/yoast.com\/wordpress\/plugins\/seo\/ -->\n<title>Realwheels Theatre - Business \/ Arts<\/title>\n<meta name=\"robots\" content=\"index, follow, max-snippet:-1, max-image-preview:large, max-video-preview:-1\" \/>\n<link rel=\"canonical\" href=\"https:\/\/www.businessandarts.org\/fr\/artsvest\/realwheels-theatre\/\" \/>\n<meta property=\"og:locale\" content=\"fr_FR\" \/>\n<meta property=\"og:type\" content=\"article\" \/>\n<meta property=\"og:title\" content=\"Realwheels Theatre - Business \/ Arts\" \/>\n<meta property=\"og:description\" content=\"Realwheels Theatre : renforcement des partenariats locaux &nbsp; &nbsp; Lorsque l\u2019on entreprend un nouveau r\u00f4le, certains enjeux peuvent sembler insurmontables, surtout en pr\u00e9sence d\u2019instabilit\u00e9 et de rotation du personnel. Shawn MacDonald, co-directeur artistique du RealWheels Theatre, \u00e0 Vancouver (Colombie-Britannique), a&hellip;Lire plus de Realwheels Theatre &#8250;\" \/>\n<meta property=\"og:url\" content=\"https:\/\/www.businessandarts.org\/fr\/artsvest\/realwheels-theatre\/\" \/>\n<meta property=\"og:site_name\" content=\"Business \/ Arts\" \/>\n<meta property=\"article:modified_time\" content=\"2026-02-05T18:14:28+00:00\" \/>\n<meta property=\"og:image\" content=\"https:\/\/www.businessandarts.org\/wp-content\/uploads\/2025\/02\/RealWheelsLogo.png\" \/>\n\t<meta property=\"og:image:width\" content=\"540\" \/>\n\t<meta property=\"og:image:height\" content=\"242\" \/>\n\t<meta property=\"og:image:type\" content=\"image\/png\" \/>\n<meta name=\"twitter:card\" content=\"summary_large_image\" \/>\n<meta name=\"twitter:label1\" content=\"Dur\u00e9e de lecture estim\u00e9e\" \/>\n\t<meta name=\"twitter:data1\" content=\"3 minutes\" \/>\n<script type=\"application\/ld+json\" class=\"yoast-schema-graph\">{\"@context\":\"https:\/\/schema.org\",\"@graph\":[{\"@type\":\"WebPage\",\"@id\":\"https:\/\/www.businessandarts.org\/fr\/artsvest\/realwheels-theatre\/\",\"url\":\"https:\/\/www.businessandarts.org\/fr\/artsvest\/realwheels-theatre\/\",\"name\":\"Realwheels Theatre - Business \/ Arts\",\"isPartOf\":{\"@id\":\"https:\/\/www.businessandarts.org\/#website\"},\"primaryImageOfPage\":{\"@id\":\"https:\/\/www.businessandarts.org\/fr\/artsvest\/realwheels-theatre\/#primaryimage\"},\"image\":{\"@id\":\"https:\/\/www.businessandarts.org\/fr\/artsvest\/realwheels-theatre\/#primaryimage\"},\"thumbnailUrl\":\"https:\/\/www.businessandarts.org\/wp-content\/uploads\/2025\/02\/RealWheelsLogo.png\",\"datePublished\":\"2025-03-06T13:45:38+00:00\",\"dateModified\":\"2026-02-05T18:14:28+00:00\",\"breadcrumb\":{\"@id\":\"https:\/\/www.businessandarts.org\/fr\/artsvest\/realwheels-theatre\/#breadcrumb\"},\"inLanguage\":\"fr-FR\",\"potentialAction\":[{\"@type\":\"ReadAction\",\"target\":[\"https:\/\/www.businessandarts.org\/fr\/artsvest\/realwheels-theatre\/\"]}]},{\"@type\":\"ImageObject\",\"inLanguage\":\"fr-FR\",\"@id\":\"https:\/\/www.businessandarts.org\/fr\/artsvest\/realwheels-theatre\/#primaryimage\",\"url\":\"https:\/\/www.businessandarts.org\/wp-content\/uploads\/2025\/02\/RealWheelsLogo.png\",\"contentUrl\":\"https:\/\/www.businessandarts.org\/wp-content\/uploads\/2025\/02\/RealWheelsLogo.png\"},{\"@type\":\"BreadcrumbList\",\"@id\":\"https:\/\/www.businessandarts.org\/fr\/artsvest\/realwheels-theatre\/#breadcrumb\",\"itemListElement\":[{\"@type\":\"ListItem\",\"position\":1,\"name\":\"Home\",\"item\":\"https:\/\/www.businessandarts.org\/fr\/\"},{\"@type\":\"ListItem\",\"position\":2,\"name\":\"artsvest\",\"item\":\"https:\/\/www.businessandarts.org\/fr\/artsvest\/\"},{\"@type\":\"ListItem\",\"position\":3,\"name\":\"Realwheels Theatre\"}]},{\"@type\":\"WebSite\",\"@id\":\"https:\/\/www.businessandarts.org\/#website\",\"url\":\"https:\/\/www.businessandarts.org\/\",\"name\":\"Business \/ Arts\",\"description\":\"\",\"potentialAction\":[{\"@type\":\"SearchAction\",\"target\":{\"@type\":\"EntryPoint\",\"urlTemplate\":\"https:\/\/www.businessandarts.org\/?s={search_term_string}\"},\"query-input\":{\"@type\":\"PropertyValueSpecification\",\"valueRequired\":true,\"valueName\":\"search_term_string\"}}],\"inLanguage\":\"fr-FR\"}]}<\/script>\n<!-- \/ Yoast SEO plugin. -->","yoast_head_json":{"title":"Realwheels Theatre - Business \/ Arts","robots":{"index":"index","follow":"follow","max-snippet":"max-snippet:-1","max-image-preview":"max-image-preview:large","max-video-preview":"max-video-preview:-1"},"canonical":"https:\/\/www.businessandarts.org\/fr\/artsvest\/realwheels-theatre\/","og_locale":"fr_FR","og_type":"article","og_title":"Realwheels Theatre - Business \/ Arts","og_description":"Realwheels Theatre : renforcement des partenariats locaux &nbsp; &nbsp; Lorsque l\u2019on entreprend un nouveau r\u00f4le, certains enjeux peuvent sembler insurmontables, surtout en pr\u00e9sence d\u2019instabilit\u00e9 et de rotation du personnel. Shawn MacDonald, co-directeur artistique du RealWheels Theatre, \u00e0 Vancouver (Colombie-Britannique), a&hellip;Lire plus de Realwheels Theatre &#8250;","og_url":"https:\/\/www.businessandarts.org\/fr\/artsvest\/realwheels-theatre\/","og_site_name":"Business \/ Arts","article_modified_time":"2026-02-05T18:14:28+00:00","og_image":[{"width":540,"height":242,"url":"https:\/\/www.businessandarts.org\/wp-content\/uploads\/2025\/02\/RealWheelsLogo.png","type":"image\/png"}],"twitter_card":"summary_large_image","twitter_misc":{"Dur\u00e9e de lecture estim\u00e9e":"3 minutes"},"schema":{"@context":"https:\/\/schema.org","@graph":[{"@type":"WebPage","@id":"https:\/\/www.businessandarts.org\/fr\/artsvest\/realwheels-theatre\/","url":"https:\/\/www.businessandarts.org\/fr\/artsvest\/realwheels-theatre\/","name":"Realwheels Theatre - Business \/ Arts","isPartOf":{"@id":"https:\/\/www.businessandarts.org\/#website"},"primaryImageOfPage":{"@id":"https:\/\/www.businessandarts.org\/fr\/artsvest\/realwheels-theatre\/#primaryimage"},"image":{"@id":"https:\/\/www.businessandarts.org\/fr\/artsvest\/realwheels-theatre\/#primaryimage"},"thumbnailUrl":"https:\/\/www.businessandarts.org\/wp-content\/uploads\/2025\/02\/RealWheelsLogo.png","datePublished":"2025-03-06T13:45:38+00:00","dateModified":"2026-02-05T18:14:28+00:00","breadcrumb":{"@id":"https:\/\/www.businessandarts.org\/fr\/artsvest\/realwheels-theatre\/#breadcrumb"},"inLanguage":"fr-FR","potentialAction":[{"@type":"ReadAction","target":["https:\/\/www.businessandarts.org\/fr\/artsvest\/realwheels-theatre\/"]}]},{"@type":"ImageObject","inLanguage":"fr-FR","@id":"https:\/\/www.businessandarts.org\/fr\/artsvest\/realwheels-theatre\/#primaryimage","url":"https:\/\/www.businessandarts.org\/wp-content\/uploads\/2025\/02\/RealWheelsLogo.png","contentUrl":"https:\/\/www.businessandarts.org\/wp-content\/uploads\/2025\/02\/RealWheelsLogo.png"},{"@type":"BreadcrumbList","@id":"https:\/\/www.businessandarts.org\/fr\/artsvest\/realwheels-theatre\/#breadcrumb","itemListElement":[{"@type":"ListItem","position":1,"name":"Home","item":"https:\/\/www.businessandarts.org\/fr\/"},{"@type":"ListItem","position":2,"name":"artsvest","item":"https:\/\/www.businessandarts.org\/fr\/artsvest\/"},{"@type":"ListItem","position":3,"name":"Realwheels Theatre"}]},{"@type":"WebSite","@id":"https:\/\/www.businessandarts.org\/#website","url":"https:\/\/www.businessandarts.org\/","name":"Business \/ Arts","description":"","potentialAction":[{"@type":"SearchAction","target":{"@type":"EntryPoint","urlTemplate":"https:\/\/www.businessandarts.org\/?s={search_term_string}"},"query-input":{"@type":"PropertyValueSpecification","valueRequired":true,"valueName":"search_term_string"}}],"inLanguage":"fr-FR"}]}},"_links":{"self":[{"href":"https:\/\/www.businessandarts.org\/fr\/wp-json\/wp\/v2\/pages\/25478","targetHints":{"allow":["GET"]}}],"collection":[{"href":"https:\/\/www.businessandarts.org\/fr\/wp-json\/wp\/v2\/pages"}],"about":[{"href":"https:\/\/www.businessandarts.org\/fr\/wp-json\/wp\/v2\/types\/page"}],"author":[{"embeddable":true,"href":"https:\/\/www.businessandarts.org\/fr\/wp-json\/wp\/v2\/users\/27"}],"replies":[{"embeddable":true,"href":"https:\/\/www.businessandarts.org\/fr\/wp-json\/wp\/v2\/comments?post=25478"}],"version-history":[{"count":22,"href":"https:\/\/www.businessandarts.org\/fr\/wp-json\/wp\/v2\/pages\/25478\/revisions"}],"predecessor-version":[{"id":29635,"href":"https:\/\/www.businessandarts.org\/fr\/wp-json\/wp\/v2\/pages\/25478\/revisions\/29635"}],"up":[{"embeddable":true,"href":"https:\/\/www.businessandarts.org\/fr\/wp-json\/wp\/v2\/pages\/17375"}],"wp:attachment":[{"href":"https:\/\/www.businessandarts.org\/fr\/wp-json\/wp\/v2\/media?parent=25478"}],"curies":[{"name":"wp","href":"https:\/\/api.w.org\/{rel}","templated":true}]}}