{"id":25475,"date":"2025-03-06T13:46:29","date_gmt":"2025-03-06T13:46:29","guid":{"rendered":"https:\/\/www.businessandarts.org\/?page_id=25475"},"modified":"2026-02-04T18:30:07","modified_gmt":"2026-02-04T18:30:07","slug":"artsvest-impact-stories","status":"publish","type":"page","link":"https:\/\/www.businessandarts.org\/fr\/artsvest\/artsvest-impact-stories\/","title":{"rendered":"artsvest Impact Stories"},"content":{"rendered":"<p style=\"text-align: center;\"><strong><span style=\"font-size: 30px;\"><span style=\"color: #1ab995;\">Histoires percutantes d&#8217;artsvest R\u00e9gional<br \/>\n<\/span><\/span><\/strong><\/p>\n<p style=\"text-align: center;\"><strong><span style=\"font-size: 25px;\"><span style=\"color: #0f7b62;\">Pour donner aux petits organismes artistiques les moyens de grandir et de s&#8217;\u00e9panouir<\/span><\/span><\/strong><\/p>\n<p>Partout au Canada, les organismes artistiques, culturels et patrimoniaux de petite et de moyenne envergure deviennent plus durables chaque jour gr\u00e2ce \u00e0 la formation fournie par <a href=\"https:\/\/www.businessandarts.org\/fr\/artsvest\/\">artsvest<\/a>. Con\u00e7u pour s&#8217;adapter aux besoins changeants du secteur, ce programme procure des formations approfondies, de mentorat personnalis\u00e9es et des occasions de r\u00e9seautage avec des pairs qui aident les organismes \u00e0 \u00e9tablir des partenariats significatifs avec des entreprises. Les organismes qui op\u00e8rent en r\u00e9gion et qui ont trouv\u00e9 un partenaire de financement local peuvent aussi recevoir des fonds de contrepartie d&#8217;artsvest R\u00e9gional, et ainsi doubler l&#8217;impact de nouveaux parrainages.<\/p>\n<p><strong>Les histoires percutantes que nous partageons mettent en lumi\u00e8re le pouvoir transformatif d&#8217;artsvest R\u00e9gional et montrent comment ces organismes ont profit\u00e9 du programme pour s&#8217;assurer des parrainages, \u00e9largir leur port\u00e9e et faire une diff\u00e9rence durable dans leurs communaut\u00e9s.<\/strong><\/p>\n<div class=\"su-row\">\n<div class=\"su-column su-column-size-1-2\"><div class=\"su-column-inner su-u-clearfix su-u-trim\">\n<p><a href=\"https:\/\/www.businessandarts.org\/fr\/artsvest\/realwheels-theatre\/\" rel=\"noopener\"><img loading=\"lazy\" decoding=\"async\" src=\"https:\/\/www.businessandarts.org\/wp-content\/uploads\/2025\/03\/Ralwhels-fr.png\" alt=\"\" width=\"368\" height=\"179\" class=\" wp-image-24815 aligncenter\" \/><\/a><\/div><\/div>\n<div class=\"su-column su-column-size-1-2\"><div class=\"su-column-inner su-u-clearfix su-u-trim\">\n<p><a href=\"https:\/\/www.businessandarts.org\/fr\/artsvest\/north-york-arts\/\" rel=\"noopener\"><img loading=\"lazy\" decoding=\"async\" src=\"https:\/\/www.businessandarts.org\/wp-content\/uploads\/2025\/03\/north-york-fr.png\" alt=\"\" width=\"368\" height=\"179\" class=\" wp-image-24817 aligncenter\" \/><\/a><\/div><\/div>\n<\/div>\n<div class=\"su-row\">\n<div class=\"su-column su-column-size-1-2\"><div class=\"su-column-inner su-u-clearfix su-u-trim\">\n<p><a href=\"https:\/\/www.businessandarts.org\/fr\/artsvest\/melfort-arts-council\/\" rel=\"noopener\"><img loading=\"lazy\" decoding=\"async\" src=\"https:\/\/www.businessandarts.org\/wp-content\/uploads\/2025\/03\/melfort-fre.png\" alt=\"\" width=\"368\" height=\"178\" class=\" wp-image-24815 aligncenter\" \/><\/a><\/div><\/div>\n<div class=\"su-column su-column-size-1-2\"><div class=\"su-column-inner su-u-clearfix su-u-trim\">\n<p><a href=\"https:\/\/www.businessandarts.org\/fr\/artsvest\/chlavm\/\" rel=\"noopener\"><img loading=\"lazy\" decoding=\"async\" src=\"https:\/\/www.businessandarts.org\/wp-content\/uploads\/2025\/03\/ch-fr.png\" alt=\"\" width=\"368\" height=\"179\" class=\" wp-image-24817 aligncenter\" \/><\/a><\/div><\/div>\n<\/div>\n<div class=\"su-row\">\n<div class=\"su-column su-column-size-1-2\"><div class=\"su-column-inner su-u-clearfix su-u-trim\">\n<p><a href=\"https:\/\/www.businessandarts.org\/fr\/artsvest\/red-deer-centrefest-society\/\" rel=\"noopener\"><img loading=\"lazy\" decoding=\"async\" src=\"https:\/\/www.businessandarts.org\/wp-content\/uploads\/2025\/09\/Red-Deer-Button-FR.png\" alt=\"\" width=\"368\" height=\"179\" class=\" wp-image-24815 aligncenter\" \/><\/a><\/div><\/div>\n<div class=\"su-column su-column-size-1-2\"><div class=\"su-column-inner su-u-clearfix su-u-trim\">\n<p><a href=\"https:\/\/www.businessandarts.org\/fr\/artsvest\/temiskaming-art-gallery\/\" rel=\"noopener\"><img loading=\"lazy\" decoding=\"async\" src=\"https:\/\/www.businessandarts.org\/wp-content\/uploads\/2025\/09\/TAG-Button-FR.png\" alt=\"\" width=\"368\" height=\"179\" class=\" wp-image-24817 aligncenter\" \/><\/a><\/div><\/div>\n<\/div>\n<p><a href=\"https:\/\/www.businessandarts.org\/fr\/artsvest\/brampton-arts-organization\/\" rel=\"noopener\"><img loading=\"lazy\" decoding=\"async\" src=\"https:\/\/www.businessandarts.org\/wp-content\/uploads\/2025\/12\/BAO-updF.png\" alt=\"\" width=\"368\" height=\"179\" class=\" wp-image-24817 aligncenter\" \/><\/a><\/p>\n<hr \/>\n<p style=\"text-align: center;\"><strong><span style=\"font-size: 20px;\"><span style=\"color: #1ab995;\">Joignez-vous \u00e0 artsvest et faites grandir votre impact<\/span><\/span><\/strong><\/p>\n<p>Le programme artsvest est con\u00e7u pour \u00e9quiper les organismes de comp\u00e9tences, de connaissances et du soutien n\u00e9cessaire pour b\u00e2tir des parrainages durables avec des entreprises. Que votre objectif soit d&#8217;assurer votre durabilit\u00e9 financi\u00e8re, d&#8217;accro\u00eetre l&#8217;engagement communautaire ou d&#8217;\u00e9largir votre port\u00e9e, artsvest vous donne les outils pour r\u00e9ussir.<\/p>\n<p><span style=\"font-weight: 400;\">Apprenez-en plus sur les avantages que votre organisme pourrait tirer d&#8217;artsvest et <a href=\"https:\/\/www.businessandarts.org\/fr\/artsvest\/\">joignez-vous au programme ici<\/a>.<\/span><\/p>\n<hr \/>\n<h4 style=\"text-align: center;\">Bailleurs de fonds<\/h4>\n<p>&nbsp;<\/p>\n<div class=\"su-row\">\n<div class=\"su-column su-column-size-1-2\"><div class=\"su-column-inner su-u-clearfix su-u-trim\"><img loading=\"lazy\" decoding=\"async\" src=\"https:\/\/www.businessandarts.org\/wp-content\/uploads\/2024\/09\/Canada-1.png\" alt=\"\" width=\"154\" height=\"37\" class=\" wp-image-23768 aligncenter\" \/><\/div><\/div>\n<div class=\"su-column su-column-size-1-2\"><div class=\"su-column-inner su-u-clearfix su-u-trim\"><img loading=\"lazy\" decoding=\"async\" src=\"https:\/\/www.businessandarts.org\/wp-content\/uploads\/2026\/01\/CCC-F.png\" alt=\"\" width=\"338\" height=\"56\" class=\" wp-image-28474 aligncenter\" \/><\/div><\/div>\n<\/div>\n<div class=\"su-row\">\n<div class=\"su-column su-column-size-1-2\"><div class=\"su-column-inner su-u-clearfix su-u-trim\">\n<p><img loading=\"lazy\" decoding=\"async\" src=\"https:\/\/www.businessandarts.org\/wp-content\/uploads\/2023\/05\/AlbertaFoundationfortheArts.png\" alt=\"\" class=\"wp-image-18765 aligncenter\" width=\"226\" height=\"94\" \/><\/p>\n<\/div><\/div>\n<div class=\"su-column su-column-size-1-2\"><div class=\"su-column-inner su-u-clearfix su-u-trim\">\n<p><img loading=\"lazy\" decoding=\"async\" src=\"https:\/\/www.businessandarts.org\/wp-content\/uploads\/2024\/03\/BC-logo-upd-1.png\" alt=\"\" width=\"400\" height=\"129\" class=\" wp-image-22021 aligncenter\" \/><\/p>\n<\/div><\/div>\n<\/div>\n<div class=\"su-row\">\n<div class=\"su-column su-column-size-1-2\"><div class=\"su-column-inner su-u-clearfix su-u-trim\">\n<p><img loading=\"lazy\" decoding=\"async\" src=\"https:\/\/www.businessandarts.org\/wp-content\/uploads\/2023\/05\/2015-OAC-logo-RGB-JPG.jpg\" alt=\"\" class=\"wp-image-18579 aligncenter\" width=\"252\" height=\"70\" \/><\/p>\n<\/div><\/div>\n<div class=\"su-column su-column-size-1-2\"><div class=\"su-column-inner su-u-clearfix su-u-trim\">\n<p><img loading=\"lazy\" decoding=\"async\" src=\"https:\/\/www.businessandarts.org\/wp-content\/uploads\/2023\/05\/Saskatchewan-1.png\" alt=\"\" class=\" wp-image-18773 aligncenter\" width=\"236\" height=\"54\" \/><\/p>\n<\/div><\/div>\n<\/div>\n<div class=\"su-row\">\n<div class=\"su-column su-column-size-1-2\"><div class=\"su-column-inner su-u-clearfix su-u-trim\">\n<p><img loading=\"lazy\" decoding=\"async\" src=\"https:\/\/www.businessandarts.org\/wp-content\/uploads\/2025\/01\/Sudbury_artsvest.png\" alt=\"\" width=\"225\" height=\"85\" class=\" wp-image-24692 aligncenter\" \/><\/p>\n<\/div><\/div>\n<div class=\"su-column su-column-size-1-2\"><div class=\"su-column-inner su-u-clearfix su-u-trim\">\n<p><img loading=\"lazy\" decoding=\"async\" src=\"https:\/\/www.businessandarts.org\/wp-content\/uploads\/2023\/05\/Toronto-1.png\" alt=\"\" class=\"wp-image-18775 aligncenter\" width=\"182\" height=\"64\" \/><\/p>\n<\/div><\/div>\n<\/div>\n<div class=\"su-row\">\n<div class=\"su-column su-column-size-1-1\"><div class=\"su-column-inner su-u-clearfix su-u-trim\">\n<p><img loading=\"lazy\" decoding=\"async\" src=\"https:\/\/www.businessandarts.org\/wp-content\/uploads\/2025\/01\/WpgFdn_Logo_JPG_Colour.jpg\" alt=\"\" width=\"160\" height=\"79\" class=\" wp-image-24695 aligncenter\" \/><\/p>\n<\/div><\/div>\n<\/div>\n","protected":false},"excerpt":{"rendered":"<p>Histoires percutantes d&#8217;artsvest R\u00e9gional Pour donner aux petits organismes artistiques les moyens de grandir et de s&#8217;\u00e9panouir Partout au Canada, les organismes artistiques, culturels et patrimoniaux de petite et de moyenne envergure deviennent plus durables chaque jour gr\u00e2ce \u00e0 la<span class=\"ellipsis\">&hellip;<\/span><\/p>\n<div class=\"read-more\"><a href=\"https:\/\/www.businessandarts.org\/fr\/artsvest\/artsvest-impact-stories\/\">Lire plus de <span class=\"screen-reader-text\">artsvest Impact Stories<\/span><span class=\"meta-nav\"> &#8250;<\/span><\/a><\/div>\n<p><!-- end of .read-more --><\/p>\n","protected":false},"author":27,"featured_media":0,"parent":17375,"menu_order":0,"comment_status":"closed","ping_status":"closed","template":"page-templates\/sidebar-with-CAS-tmp.php","meta":{"_acf_changed":false,"footnotes":""},"class_list":["post-25475","page","type-page","status-publish","hentry"],"acf":[],"yoast_head":"<!-- This site is optimized with the Yoast SEO plugin v23.7 - https:\/\/yoast.com\/wordpress\/plugins\/seo\/ -->\n<title>artsvest Impact Stories - Business \/ Arts<\/title>\n<meta name=\"robots\" content=\"index, follow, max-snippet:-1, max-image-preview:large, max-video-preview:-1\" \/>\n<link rel=\"canonical\" href=\"https:\/\/www.businessandarts.org\/fr\/artsvest\/artsvest-impact-stories\/\" \/>\n<meta property=\"og:locale\" content=\"fr_FR\" \/>\n<meta property=\"og:type\" content=\"article\" \/>\n<meta property=\"og:title\" content=\"artsvest Impact Stories - Business \/ Arts\" \/>\n<meta property=\"og:description\" content=\"Histoires percutantes d&#8217;artsvest R\u00e9gional Pour donner aux petits organismes artistiques les moyens de grandir et de s&#8217;\u00e9panouir Partout au Canada, les organismes artistiques, culturels et patrimoniaux de petite et de moyenne envergure deviennent plus durables chaque jour gr\u00e2ce \u00e0 la&hellip;Lire plus de artsvest Impact Stories &#8250;\" \/>\n<meta property=\"og:url\" content=\"https:\/\/www.businessandarts.org\/fr\/artsvest\/artsvest-impact-stories\/\" \/>\n<meta property=\"og:site_name\" content=\"Business \/ Arts\" \/>\n<meta property=\"article:modified_time\" content=\"2026-02-04T18:30:07+00:00\" \/>\n<meta property=\"og:image\" content=\"https:\/\/www.businessandarts.org\/wp-content\/uploads\/2025\/01\/AB-apply.png\" \/>\n\t<meta property=\"og:image:width\" content=\"3382\" \/>\n\t<meta property=\"og:image:height\" content=\"1644\" \/>\n\t<meta property=\"og:image:type\" content=\"image\/png\" \/>\n<meta name=\"twitter:card\" content=\"summary_large_image\" \/>\n<meta name=\"twitter:label1\" content=\"Dur\u00e9e de lecture estim\u00e9e\" \/>\n\t<meta name=\"twitter:data1\" content=\"5 minutes\" \/>\n<script type=\"application\/ld+json\" class=\"yoast-schema-graph\">{\"@context\":\"https:\/\/schema.org\",\"@graph\":[{\"@type\":\"WebPage\",\"@id\":\"https:\/\/www.businessandarts.org\/fr\/artsvest\/artsvest-impact-stories\/\",\"url\":\"https:\/\/www.businessandarts.org\/fr\/artsvest\/artsvest-impact-stories\/\",\"name\":\"artsvest Impact Stories - Business \/ Arts\",\"isPartOf\":{\"@id\":\"https:\/\/www.businessandarts.org\/#website\"},\"primaryImageOfPage\":{\"@id\":\"https:\/\/www.businessandarts.org\/fr\/artsvest\/artsvest-impact-stories\/#primaryimage\"},\"image\":{\"@id\":\"https:\/\/www.businessandarts.org\/fr\/artsvest\/artsvest-impact-stories\/#primaryimage\"},\"thumbnailUrl\":\"https:\/\/www.businessandarts.org\/wp-content\/uploads\/2025\/03\/Ralwhels-fr.png\",\"datePublished\":\"2025-03-06T13:46:29+00:00\",\"dateModified\":\"2026-02-04T18:30:07+00:00\",\"breadcrumb\":{\"@id\":\"https:\/\/www.businessandarts.org\/fr\/artsvest\/artsvest-impact-stories\/#breadcrumb\"},\"inLanguage\":\"fr-FR\",\"potentialAction\":[{\"@type\":\"ReadAction\",\"target\":[\"https:\/\/www.businessandarts.org\/fr\/artsvest\/artsvest-impact-stories\/\"]}]},{\"@type\":\"ImageObject\",\"inLanguage\":\"fr-FR\",\"@id\":\"https:\/\/www.businessandarts.org\/fr\/artsvest\/artsvest-impact-stories\/#primaryimage\",\"url\":\"https:\/\/www.businessandarts.org\/wp-content\/uploads\/2025\/03\/Ralwhels-fr.png\",\"contentUrl\":\"https:\/\/www.businessandarts.org\/wp-content\/uploads\/2025\/03\/Ralwhels-fr.png\"},{\"@type\":\"BreadcrumbList\",\"@id\":\"https:\/\/www.businessandarts.org\/fr\/artsvest\/artsvest-impact-stories\/#breadcrumb\",\"itemListElement\":[{\"@type\":\"ListItem\",\"position\":1,\"name\":\"Home\",\"item\":\"https:\/\/www.businessandarts.org\/fr\/\"},{\"@type\":\"ListItem\",\"position\":2,\"name\":\"artsvest\",\"item\":\"https:\/\/www.businessandarts.org\/fr\/artsvest\/\"},{\"@type\":\"ListItem\",\"position\":3,\"name\":\"artsvest Impact Stories\"}]},{\"@type\":\"WebSite\",\"@id\":\"https:\/\/www.businessandarts.org\/#website\",\"url\":\"https:\/\/www.businessandarts.org\/\",\"name\":\"Business \/ Arts\",\"description\":\"\",\"potentialAction\":[{\"@type\":\"SearchAction\",\"target\":{\"@type\":\"EntryPoint\",\"urlTemplate\":\"https:\/\/www.businessandarts.org\/?s={search_term_string}\"},\"query-input\":{\"@type\":\"PropertyValueSpecification\",\"valueRequired\":true,\"valueName\":\"search_term_string\"}}],\"inLanguage\":\"fr-FR\"}]}<\/script>\n<!-- \/ Yoast SEO plugin. -->","yoast_head_json":{"title":"artsvest Impact Stories - Business \/ Arts","robots":{"index":"index","follow":"follow","max-snippet":"max-snippet:-1","max-image-preview":"max-image-preview:large","max-video-preview":"max-video-preview:-1"},"canonical":"https:\/\/www.businessandarts.org\/fr\/artsvest\/artsvest-impact-stories\/","og_locale":"fr_FR","og_type":"article","og_title":"artsvest Impact Stories - Business \/ Arts","og_description":"Histoires percutantes d&#8217;artsvest R\u00e9gional Pour donner aux petits organismes artistiques les moyens de grandir et de s&#8217;\u00e9panouir Partout au Canada, les organismes artistiques, culturels et patrimoniaux de petite et de moyenne envergure deviennent plus durables chaque jour gr\u00e2ce \u00e0 la&hellip;Lire plus de artsvest Impact Stories &#8250;","og_url":"https:\/\/www.businessandarts.org\/fr\/artsvest\/artsvest-impact-stories\/","og_site_name":"Business \/ Arts","article_modified_time":"2026-02-04T18:30:07+00:00","og_image":[{"width":3382,"height":1644,"url":"https:\/\/www.businessandarts.org\/wp-content\/uploads\/2025\/01\/AB-apply.png","type":"image\/png"}],"twitter_card":"summary_large_image","twitter_misc":{"Dur\u00e9e de lecture estim\u00e9e":"5 minutes"},"schema":{"@context":"https:\/\/schema.org","@graph":[{"@type":"WebPage","@id":"https:\/\/www.businessandarts.org\/fr\/artsvest\/artsvest-impact-stories\/","url":"https:\/\/www.businessandarts.org\/fr\/artsvest\/artsvest-impact-stories\/","name":"artsvest Impact Stories - Business \/ Arts","isPartOf":{"@id":"https:\/\/www.businessandarts.org\/#website"},"primaryImageOfPage":{"@id":"https:\/\/www.businessandarts.org\/fr\/artsvest\/artsvest-impact-stories\/#primaryimage"},"image":{"@id":"https:\/\/www.businessandarts.org\/fr\/artsvest\/artsvest-impact-stories\/#primaryimage"},"thumbnailUrl":"https:\/\/www.businessandarts.org\/wp-content\/uploads\/2025\/03\/Ralwhels-fr.png","datePublished":"2025-03-06T13:46:29+00:00","dateModified":"2026-02-04T18:30:07+00:00","breadcrumb":{"@id":"https:\/\/www.businessandarts.org\/fr\/artsvest\/artsvest-impact-stories\/#breadcrumb"},"inLanguage":"fr-FR","potentialAction":[{"@type":"ReadAction","target":["https:\/\/www.businessandarts.org\/fr\/artsvest\/artsvest-impact-stories\/"]}]},{"@type":"ImageObject","inLanguage":"fr-FR","@id":"https:\/\/www.businessandarts.org\/fr\/artsvest\/artsvest-impact-stories\/#primaryimage","url":"https:\/\/www.businessandarts.org\/wp-content\/uploads\/2025\/03\/Ralwhels-fr.png","contentUrl":"https:\/\/www.businessandarts.org\/wp-content\/uploads\/2025\/03\/Ralwhels-fr.png"},{"@type":"BreadcrumbList","@id":"https:\/\/www.businessandarts.org\/fr\/artsvest\/artsvest-impact-stories\/#breadcrumb","itemListElement":[{"@type":"ListItem","position":1,"name":"Home","item":"https:\/\/www.businessandarts.org\/fr\/"},{"@type":"ListItem","position":2,"name":"artsvest","item":"https:\/\/www.businessandarts.org\/fr\/artsvest\/"},{"@type":"ListItem","position":3,"name":"artsvest Impact Stories"}]},{"@type":"WebSite","@id":"https:\/\/www.businessandarts.org\/#website","url":"https:\/\/www.businessandarts.org\/","name":"Business \/ Arts","description":"","potentialAction":[{"@type":"SearchAction","target":{"@type":"EntryPoint","urlTemplate":"https:\/\/www.businessandarts.org\/?s={search_term_string}"},"query-input":{"@type":"PropertyValueSpecification","valueRequired":true,"valueName":"search_term_string"}}],"inLanguage":"fr-FR"}]}},"_links":{"self":[{"href":"https:\/\/www.businessandarts.org\/fr\/wp-json\/wp\/v2\/pages\/25475","targetHints":{"allow":["GET"]}}],"collection":[{"href":"https:\/\/www.businessandarts.org\/fr\/wp-json\/wp\/v2\/pages"}],"about":[{"href":"https:\/\/www.businessandarts.org\/fr\/wp-json\/wp\/v2\/types\/page"}],"author":[{"embeddable":true,"href":"https:\/\/www.businessandarts.org\/fr\/wp-json\/wp\/v2\/users\/27"}],"replies":[{"embeddable":true,"href":"https:\/\/www.businessandarts.org\/fr\/wp-json\/wp\/v2\/comments?post=25475"}],"version-history":[{"count":19,"href":"https:\/\/www.businessandarts.org\/fr\/wp-json\/wp\/v2\/pages\/25475\/revisions"}],"predecessor-version":[{"id":29479,"href":"https:\/\/www.businessandarts.org\/fr\/wp-json\/wp\/v2\/pages\/25475\/revisions\/29479"}],"up":[{"embeddable":true,"href":"https:\/\/www.businessandarts.org\/fr\/wp-json\/wp\/v2\/pages\/17375"}],"wp:attachment":[{"href":"https:\/\/www.businessandarts.org\/fr\/wp-json\/wp\/v2\/media?parent=25475"}],"curies":[{"name":"wp","href":"https:\/\/api.w.org\/{rel}","templated":true}]}}