{"id":2536,"date":"2018-06-25T10:28:01","date_gmt":"2018-06-25T10:28:01","guid":{"rendered":"https:\/\/www.businessandarts.org\/expand-your-sponsorship-strategy\/become-a-mentor\/"},"modified":"2026-02-05T18:28:28","modified_gmt":"2026-02-05T18:28:28","slug":"become-a-mentor","status":"publish","type":"page","link":"https:\/\/www.businessandarts.org\/fr\/artsvest\/mentorat\/become-a-mentor\/","title":{"rendered":"Devenir un mentor"},"content":{"rendered":"<div class=\"fortheart-ctnt pkg-desc text-center\">\n<h2 style=\"text-align: center;\"><strong>Devenez un mentor<\/strong><\/h2>\n<\/div>\n<p><span style=\"font-weight: 400;\">Joignez-vous au r\u00e9seau national de mentors d\u2019artsvest! Nous invitons actuellement de nouveaux mentors b\u00e9n\u00e9voles \u00e0 joindre notre communaut\u00e9 grandissante de leaders des arts et des affaires pour travailler ensemble \u00e0 cr\u00e9er un changement notable. Les mentors artsvest re\u00e7oivent une honoraire pour les webinaires et les pr\u00e9sentations effectu\u00e9es.<\/span><\/p>\n<div class=\"fortheart-ctnt pkg-desc text-center\">\n<h3><b>Qui devrait faire une demande ?<\/b><\/h3>\n<ul>\n<li><span style=\"font-weight: 400;\">Des professionnels des arts et des affaires comptant au moins cinq ans d\u2019exp\u00e9rience dans un r\u00f4le de direction dans l\u2019un des secteurs qui suivent\u00a0: commandites, marketing, gouvernance du conseil d\u2019administration, d\u00e9veloppement organisationnel, d\u00e9veloppement de fonds et viabilit\u00e9 financi\u00e8re, planification strat\u00e9gique, adaptation au changement, engagement communautaire et \u00c9DIA.<\/span><\/li>\n<\/ul>\n<h3><b>Quel est l\u2019engagement escompt\u00e9 en mati\u00e8re de disponibilit\u00e9 ?<\/b><\/h3>\n<ul>\n<li style=\"font-weight: 400;\"><span style=\"font-weight: 400;\">Les mentors s\u2019engagent \u00e0 donner un minimum de deux (2) heures par mois de mentorat pendant la p\u00e9riode de programmation en cours. Ces sessions de mentorat personnalis\u00e9es ne constituent aucunement un engagement \u00e0 long terme; il s\u2019agit plut\u00f4t de r\u00e9unions virtuelles isol\u00e9es o\u00f9 les participants demandent conseil et re\u00e7oivent un soutien individuel aupr\u00e8s d\u2019un mentor d\u2019artsvest.\u00a0\u00a0<\/span><\/li>\n<li style=\"font-weight: 400;\"><span style=\"font-weight: 400;\"><\/span><span style=\"font-weight: 400;\">Les mentors b\u00e9n\u00e9voles ont le choix de renouveler leur engagement sur une base annuelle et ils peuvent se joindre le programme n\u2019importe quand.<\/span><\/li>\n<\/ul>\n<h3><span style=\"font-weight: 400;\"><\/span><strong><b>Quelles sont les exigences des b\u00e9n\u00e9voles ?<\/b>\u00a0<\/strong><\/h3>\n<ul>\n<li style=\"font-weight: 400;\" aria-level=\"1\"><span style=\"font-weight: 400;\">Partager des connaissances, du savoir-faire et de l\u2019expertise par la voie de webinaires ou de rencontres virtuelles personnelles, ou les deux, pendant lesquels les participants demandes conseil sur des sujets sp\u00e9cifiques. Les mentors peuvent choisir le niveau de participation, et des honoraires sont offerts pour la pr\u00e9sentation par webinaire.<\/span><\/li>\n<li style=\"font-weight: 400;\" aria-level=\"1\"><span style=\"font-weight: 400;\">Assister \u00e0 des sessions d\u2019orientation et d\u2019information, incluant l\u2019apprentissage de la plateforme logicielle de mentorat de A\/A.<\/span><\/li>\n<li style=\"font-weight: 400;\" aria-level=\"1\"><span style=\"font-weight: 400;\">S\u2019engager \u00e0 respecter l\u2019entente communautaire d\u2019artsvest qui assure un environnement s\u00e9curitaire et respectueux \u00e0 tout le monde.<\/span><\/li>\n<li style=\"font-weight: 400;\" aria-level=\"1\"><span style=\"font-weight: 400;\">Contribuer au processus d\u2019\u00e9valuation du programme en fournissant des commentaires constructifs.<\/span><\/li>\n<li style=\"font-weight: 400;\"><span style=\"font-weight: 400;\">S\u2019engager \u00e0 consacrer un minimum de deux (2) heures par mois au mentorat. Ceci inclut les webinaires et les sessions de mentorat individualis\u00e9es.<\/span><\/li>\n<\/ul>\n<h3><strong>Les avantages dont b\u00e9n\u00e9ficie un mentor:\u00a0<\/strong><\/h3>\n<ul>\n<li style=\"font-weight: 400;\" aria-level=\"1\"><span style=\"font-weight: 400;\">La possibilit\u00e9 de s\u2019engager dans un r\u00e9seau et une communaut\u00e9 compos\u00e9e d\u2019organisations culturelles, artistiques et patrimoniales, d\u2019autres mentors et de professionnels des arts venus de tout le Canada.<\/span><\/li>\n<li aria-level=\"1\">Du d\u00e9veloppement personnel et professionnel par l&#8217;\u00e9change et l&#8217;apprentissage mutuel<\/li>\n<li style=\"font-weight: 400;\" aria-level=\"1\"><span style=\"font-weight: 400;\">Un acc\u00e8s complet aux documents de formation du programme artsvest notamment des ressources, des mod\u00e8les et des webinaires sur des sujets comme la commandite, la gouvernance de conseil d\u2019administration et le marketing.\u00a0<\/span><\/li>\n<li style=\"font-weight: 400;\" aria-level=\"1\"><span style=\"font-weight: 400;\">Une reconnaissance officielle comme mentor artsvest sur notre site Web, notre bulletin d\u2019informations, nos rapports, nos r\u00e9seaux sociaux et d\u2019autres documents utilis\u00e9s pour nos communications et nos \u00e9v\u00e9nements sp\u00e9ciaux.\u00a0<\/span><\/li>\n<li style=\"font-weight: 400;\" aria-level=\"1\"><span style=\"font-weight: 400;\">D\u00e9velopper des relations r\u00e9ciproques avec des leaders artistiques, avoir un impact positif et contribuer \u00e0 la cr\u00e9ation d\u2019un secteur artistique et culturel sain, dynamique et durable.<\/span><\/li>\n<\/ul>\n<h3><strong>Qu&#8217;en pensent les autres mentors ?<\/strong><\/h3>\n<p><i>\u00ab Le mentorat artsvest a \u00e9t\u00e9 une exp\u00e9rience incroyable. J\u2019ai rencontr\u00e9 de nombreuses personnes et organisations artistiques merveilleuses dans tout le pays qui partagent tous des objectifs et des d\u00e9fis similaires.\u00a0 Ma r\u00e9compense pour chaque minute pass\u00e9e \u00e0 parler avec ces organisations a \u00e9t\u00e9 de recevoir un coup de fil me disant qu\u2019elles avaient r\u00e9alis\u00e9 une avanc\u00e9e avec une entreprise partenaire nouvelle ou existante. Chaque avanc\u00e9e est une victoire pour la communaut\u00e9 artistique et culturelle dans son ensemble. La plupart du temps, j\u2019ai l\u2019impression de b\u00e9n\u00e9ficier de ce mentorat plus que les personnes mentor\u00e9es avec lesquelles je travaille. \u00bb &#8211; <\/i>Mary Ellen Davies, directrice du d\u00e9veloppement au Centre des arts de la Conf\u00e9d\u00e9ration, IPE<\/p>\n<p><i>\u00ab Le programme artsvest fournit des connaissances et des comp\u00e9tences fondamentales pour d\u00e9velopper le secteur culturel du Canada. Il permet aux organisations de toute taille d\u2019apprendre l\u2019art de la collecte de fonds et du renforcement des capacit\u00e9s. C\u2019est un privil\u00e8ge d\u2019\u00eatre un mentor artsvest et c\u2019est tr\u00e8s satisfaisant de voir les groupes avec lesquels nous travaillons s\u2019\u00e9panouir au cours du programme. \u00bb &#8211; <\/i>Jenn Shah, directrice du marketing de la commandite, Hot Docs, Toronto<\/p>\n<h3 style=\"text-align: center;\"><strong>Comment faire acte de candidature ?\u00a0<\/strong><\/h3>\n<p>Si vous souhaitez devenir un mentor, veuillez compl\u00e9ter <strong><a href=\"https:\/\/fs7.formsite.com\/W1pYtS\/rmmr6sfvpf\/index\" target=\"_blank\" rel=\"noopener\">la d\u00e9claration d&#8217;int\u00e9r\u00eat des mentors<\/a><\/strong> et nous vous contacterons. Si vous avez des questions sur le programme de mentorat artsvest, veuillez contacter <a href=\"mailto:artsvest@businessforthearts.org\"><span>artsvest@businessforthearts.org<\/span><\/a><\/p>\n<p>Nous reconnaissons, respectons et c\u00e9l\u00e9brons la diversit\u00e9 de notre personnel, de notre conseil d&#8217;administration, de nos b\u00e9n\u00e9voles, des participants \u00e0 nos programmes, de nos partenaires, de nos collaborateurs, de nos intervenants et de notre public. \u00c0 ce titre, Business \/ Arts s&#8217;efforce d&#8217;\u00eatre une organisation inclusive et \u00e9quitable o\u00f9 nous respectons et valorisons les diverses exp\u00e9riences de vie et les h\u00e9ritages et o\u00f9 nous veillons \u00e0 ce que toutes les voix soient valoris\u00e9es et entendues.<\/p>\n<p>Le programme artsvest s&#8217;engage \u00e0 cr\u00e9er une communaut\u00e9 de mentors canadiens qui refl\u00e8te la diversit\u00e9 des organismes artistiques, culturels et patrimoniaux que nous servons \u00e0 l&#8217;\u00e9chelle nationale. \u00c0 ce titre, artsvest accueille les demandes de mentorat de toutes les personnes qualifi\u00e9es. Nous sommes particuli\u00e8rement int\u00e9ress\u00e9s et nous encourageons les demandes provenant des communaut\u00e9s en qu\u00eate d&#8217;\u00e9quit\u00e9, y compris les femmes, les personnes racialis\u00e9es et autochtones, les personnes handicap\u00e9es et les personnes de toutes orientations sexuelles et identit\u00e9s\/expressions de genre. Nous nous engageons \u00e0 fournir un acc\u00e8s sans obstacle et des am\u00e9nagements raisonnables dans le programme artsvest pour les personnes handicap\u00e9es, dans la mesure de nos possibilit\u00e9s.<\/p>\n<\/div>\n","protected":false},"excerpt":{"rendered":"<p>Devenez un mentor Joignez-vous au r\u00e9seau national de mentors d\u2019artsvest! Nous invitons actuellement de nouveaux mentors b\u00e9n\u00e9voles \u00e0 joindre notre communaut\u00e9 grandissante de leaders des arts et des affaires pour travailler ensemble \u00e0 cr\u00e9er un changement notable. Les mentors artsvest<span class=\"ellipsis\">&hellip;<\/span><\/p>\n<div class=\"read-more\"><a href=\"https:\/\/www.businessandarts.org\/fr\/artsvest\/mentorat\/become-a-mentor\/\">Lire plus de <span class=\"screen-reader-text\">Devenir un mentor<\/span><span class=\"meta-nav\"> &#8250;<\/span><\/a><\/div>\n<p><!-- end of .read-more --><\/p>\n","protected":false},"author":1,"featured_media":0,"parent":2535,"menu_order":0,"comment_status":"closed","ping_status":"closed","template":"page-templates\/sidebar-withtopmenu.php","meta":{"_acf_changed":false,"footnotes":""},"class_list":["post-2536","page","type-page","status-publish","hentry"],"acf":[],"yoast_head":"<!-- This site is optimized with the Yoast SEO plugin v23.7 - https:\/\/yoast.com\/wordpress\/plugins\/seo\/ -->\n<title>Devenir un mentor - Business \/ Arts<\/title>\n<meta name=\"robots\" content=\"index, follow, max-snippet:-1, max-image-preview:large, max-video-preview:-1\" \/>\n<link rel=\"canonical\" href=\"https:\/\/www.businessandarts.org\/fr\/artsvest\/mentorat\/become-a-mentor\/\" \/>\n<meta property=\"og:locale\" content=\"fr_FR\" \/>\n<meta property=\"og:type\" content=\"article\" \/>\n<meta property=\"og:title\" content=\"Devenir un mentor - Business \/ Arts\" \/>\n<meta property=\"og:description\" content=\"Devenez un mentor Joignez-vous au r\u00e9seau national de mentors d\u2019artsvest! Nous invitons actuellement de nouveaux mentors b\u00e9n\u00e9voles \u00e0 joindre notre communaut\u00e9 grandissante de leaders des arts et des affaires pour travailler ensemble \u00e0 cr\u00e9er un changement notable. Les mentors artsvest&hellip;Lire plus de Devenir un mentor &#8250;\" \/>\n<meta property=\"og:url\" content=\"https:\/\/www.businessandarts.org\/fr\/artsvest\/mentorat\/become-a-mentor\/\" \/>\n<meta property=\"og:site_name\" content=\"Business \/ Arts\" \/>\n<meta property=\"article:modified_time\" content=\"2026-02-05T18:28:28+00:00\" \/>\n<meta name=\"twitter:card\" content=\"summary_large_image\" \/>\n<meta name=\"twitter:label1\" content=\"Dur\u00e9e de lecture estim\u00e9e\" \/>\n\t<meta name=\"twitter:data1\" content=\"4 minutes\" \/>\n<script type=\"application\/ld+json\" class=\"yoast-schema-graph\">{\"@context\":\"https:\/\/schema.org\",\"@graph\":[{\"@type\":\"WebPage\",\"@id\":\"https:\/\/www.businessandarts.org\/fr\/artsvest\/mentorat\/become-a-mentor\/\",\"url\":\"https:\/\/www.businessandarts.org\/fr\/artsvest\/mentorat\/become-a-mentor\/\",\"name\":\"Devenir un mentor - Business \/ Arts\",\"isPartOf\":{\"@id\":\"https:\/\/www.businessandarts.org\/#website\"},\"datePublished\":\"2018-06-25T10:28:01+00:00\",\"dateModified\":\"2026-02-05T18:28:28+00:00\",\"breadcrumb\":{\"@id\":\"https:\/\/www.businessandarts.org\/fr\/artsvest\/mentorat\/become-a-mentor\/#breadcrumb\"},\"inLanguage\":\"fr-FR\",\"potentialAction\":[{\"@type\":\"ReadAction\",\"target\":[\"https:\/\/www.businessandarts.org\/fr\/artsvest\/mentorat\/become-a-mentor\/\"]}]},{\"@type\":\"BreadcrumbList\",\"@id\":\"https:\/\/www.businessandarts.org\/fr\/artsvest\/mentorat\/become-a-mentor\/#breadcrumb\",\"itemListElement\":[{\"@type\":\"ListItem\",\"position\":1,\"name\":\"Home\",\"item\":\"https:\/\/www.businessandarts.org\/fr\/\"},{\"@type\":\"ListItem\",\"position\":2,\"name\":\"artsvest\",\"item\":\"https:\/\/www.businessandarts.org\/fr\/artsvest\/\"},{\"@type\":\"ListItem\",\"position\":3,\"name\":\"Le mentorat\",\"item\":\"https:\/\/www.businessandarts.org\/fr\/artsvest\/mentorat\/\"},{\"@type\":\"ListItem\",\"position\":4,\"name\":\"Devenir un mentor\"}]},{\"@type\":\"WebSite\",\"@id\":\"https:\/\/www.businessandarts.org\/#website\",\"url\":\"https:\/\/www.businessandarts.org\/\",\"name\":\"Business \/ Arts\",\"description\":\"\",\"potentialAction\":[{\"@type\":\"SearchAction\",\"target\":{\"@type\":\"EntryPoint\",\"urlTemplate\":\"https:\/\/www.businessandarts.org\/?s={search_term_string}\"},\"query-input\":{\"@type\":\"PropertyValueSpecification\",\"valueRequired\":true,\"valueName\":\"search_term_string\"}}],\"inLanguage\":\"fr-FR\"}]}<\/script>\n<!-- \/ Yoast SEO plugin. -->","yoast_head_json":{"title":"Devenir un mentor - Business \/ Arts","robots":{"index":"index","follow":"follow","max-snippet":"max-snippet:-1","max-image-preview":"max-image-preview:large","max-video-preview":"max-video-preview:-1"},"canonical":"https:\/\/www.businessandarts.org\/fr\/artsvest\/mentorat\/become-a-mentor\/","og_locale":"fr_FR","og_type":"article","og_title":"Devenir un mentor - Business \/ Arts","og_description":"Devenez un mentor Joignez-vous au r\u00e9seau national de mentors d\u2019artsvest! Nous invitons actuellement de nouveaux mentors b\u00e9n\u00e9voles \u00e0 joindre notre communaut\u00e9 grandissante de leaders des arts et des affaires pour travailler ensemble \u00e0 cr\u00e9er un changement notable. Les mentors artsvest&hellip;Lire plus de Devenir un mentor &#8250;","og_url":"https:\/\/www.businessandarts.org\/fr\/artsvest\/mentorat\/become-a-mentor\/","og_site_name":"Business \/ Arts","article_modified_time":"2026-02-05T18:28:28+00:00","twitter_card":"summary_large_image","twitter_misc":{"Dur\u00e9e de lecture estim\u00e9e":"4 minutes"},"schema":{"@context":"https:\/\/schema.org","@graph":[{"@type":"WebPage","@id":"https:\/\/www.businessandarts.org\/fr\/artsvest\/mentorat\/become-a-mentor\/","url":"https:\/\/www.businessandarts.org\/fr\/artsvest\/mentorat\/become-a-mentor\/","name":"Devenir un mentor - Business \/ Arts","isPartOf":{"@id":"https:\/\/www.businessandarts.org\/#website"},"datePublished":"2018-06-25T10:28:01+00:00","dateModified":"2026-02-05T18:28:28+00:00","breadcrumb":{"@id":"https:\/\/www.businessandarts.org\/fr\/artsvest\/mentorat\/become-a-mentor\/#breadcrumb"},"inLanguage":"fr-FR","potentialAction":[{"@type":"ReadAction","target":["https:\/\/www.businessandarts.org\/fr\/artsvest\/mentorat\/become-a-mentor\/"]}]},{"@type":"BreadcrumbList","@id":"https:\/\/www.businessandarts.org\/fr\/artsvest\/mentorat\/become-a-mentor\/#breadcrumb","itemListElement":[{"@type":"ListItem","position":1,"name":"Home","item":"https:\/\/www.businessandarts.org\/fr\/"},{"@type":"ListItem","position":2,"name":"artsvest","item":"https:\/\/www.businessandarts.org\/fr\/artsvest\/"},{"@type":"ListItem","position":3,"name":"Le mentorat","item":"https:\/\/www.businessandarts.org\/fr\/artsvest\/mentorat\/"},{"@type":"ListItem","position":4,"name":"Devenir un mentor"}]},{"@type":"WebSite","@id":"https:\/\/www.businessandarts.org\/#website","url":"https:\/\/www.businessandarts.org\/","name":"Business \/ Arts","description":"","potentialAction":[{"@type":"SearchAction","target":{"@type":"EntryPoint","urlTemplate":"https:\/\/www.businessandarts.org\/?s={search_term_string}"},"query-input":{"@type":"PropertyValueSpecification","valueRequired":true,"valueName":"search_term_string"}}],"inLanguage":"fr-FR"}]}},"_links":{"self":[{"href":"https:\/\/www.businessandarts.org\/fr\/wp-json\/wp\/v2\/pages\/2536","targetHints":{"allow":["GET"]}}],"collection":[{"href":"https:\/\/www.businessandarts.org\/fr\/wp-json\/wp\/v2\/pages"}],"about":[{"href":"https:\/\/www.businessandarts.org\/fr\/wp-json\/wp\/v2\/types\/page"}],"author":[{"embeddable":true,"href":"https:\/\/www.businessandarts.org\/fr\/wp-json\/wp\/v2\/users\/1"}],"replies":[{"embeddable":true,"href":"https:\/\/www.businessandarts.org\/fr\/wp-json\/wp\/v2\/comments?post=2536"}],"version-history":[{"count":2,"href":"https:\/\/www.businessandarts.org\/fr\/wp-json\/wp\/v2\/pages\/2536\/revisions"}],"predecessor-version":[{"id":29649,"href":"https:\/\/www.businessandarts.org\/fr\/wp-json\/wp\/v2\/pages\/2536\/revisions\/29649"}],"up":[{"embeddable":true,"href":"https:\/\/www.businessandarts.org\/fr\/wp-json\/wp\/v2\/pages\/2535"}],"wp:attachment":[{"href":"https:\/\/www.businessandarts.org\/fr\/wp-json\/wp\/v2\/media?parent=2536"}],"curies":[{"name":"wp","href":"https:\/\/api.w.org\/{rel}","templated":true}]}}