{"id":2535,"date":"2018-06-21T04:59:46","date_gmt":"2018-06-21T04:59:46","guid":{"rendered":"https:\/\/www.businessandarts.org\/expand-your-sponsorship-strategy\/artsvest-mentorship\/"},"modified":"2026-02-05T18:28:23","modified_gmt":"2026-02-05T18:28:23","slug":"mentorat","status":"publish","type":"page","link":"https:\/\/www.businessandarts.org\/fr\/artsvest\/mentorat\/","title":{"rendered":"Le mentorat"},"content":{"rendered":"<div class=\"fortheart-ctnt text-center\">\n<h2 style=\"text-align: center;\">Aper\u00e7u<\/h2>\n<p>Les mentors d&#8217;artsvest constituent une communaut\u00e9 b\u00e9n\u00e9vole de leaders des arts et des affaires qui fournissent un soutien, des conseils et une formation aux organismes artistiques et culturels de petite et moyenne taille sous la forme d&#8217;une combinaison de webinaires, de r\u00e9soutage facilit\u00e9s et de sessions de mentorat individuelles. Les mentors artsvest re\u00e7oivent une honoraire pour les webinaires et les pr\u00e9sentations effectu\u00e9es.<\/p>\n<p>En 2023, les mentors soutiendront la r\u00e9alisation d&#8217;un programme de formation \u00e9largi comprenant\u00a0le marketing, les commandites, la gouvernance du conseil d&#8217;administration, le d\u00e9veloppement organisationnel, le d\u00e9veloppement de fonds et la viabilit\u00e9 financi\u00e8re, la planification strat\u00e9gique, l&#8217;adaptation au changement, l&#8217;engagement communautaire et l&#8217;\u00e9quit\u00e9, la diversit\u00e9 et l&#8217;inclusion. Les mentors contribuent \u00e9galement \u00e0 la r\u00e9alisation des programmes r\u00e9gionaux d&#8217;artsvest.<\/p>\n<p><span>Nous invitons actuellement de nouveaux mentors b\u00e9n\u00e9voles \u00e0 joindre notre communaut\u00e9 grandissante de leaders des arts et des affaires pour travailler ensemble \u00e0 cr\u00e9er un changement notable.<\/span> <a href=\"\/?page_id=2536\" style=\"background-color: #ffffff;\">Cliquez ici pour en savoir plus<\/a>.<\/p>\n<p>Si vous avez des questions sur le mentorat artsvest, veuillez contacter <a href=\"mailto:artsvest@businessforthearts.org\" style=\"background-color: #ffffff;\">artsvest@businessforthearts.org<\/a><\/p>\n<\/div>\n","protected":false},"excerpt":{"rendered":"<p>Aper\u00e7u Les mentors d&#8217;artsvest constituent une communaut\u00e9 b\u00e9n\u00e9vole de leaders des arts et des affaires qui fournissent un soutien, des conseils et une formation aux organismes artistiques et culturels de petite et moyenne taille sous la forme d&#8217;une combinaison de<span class=\"ellipsis\">&hellip;<\/span><\/p>\n<div class=\"read-more\"><a href=\"https:\/\/www.businessandarts.org\/fr\/artsvest\/mentorat\/\">Lire plus de <span class=\"screen-reader-text\">Le mentorat<\/span><span class=\"meta-nav\"> &#8250;<\/span><\/a><\/div>\n<p><!-- end of .read-more --><\/p>\n","protected":false},"author":1,"featured_media":0,"parent":17375,"menu_order":0,"comment_status":"closed","ping_status":"closed","template":"page-templates\/sidebar-withtopmenu.php","meta":{"_acf_changed":false,"footnotes":""},"class_list":["post-2535","page","type-page","status-publish","hentry"],"acf":[],"yoast_head":"<!-- This site is optimized with the Yoast SEO plugin v23.7 - https:\/\/yoast.com\/wordpress\/plugins\/seo\/ -->\n<title>Le mentorat - Business \/ Arts<\/title>\n<meta name=\"robots\" content=\"index, follow, max-snippet:-1, max-image-preview:large, max-video-preview:-1\" \/>\n<link rel=\"canonical\" href=\"https:\/\/www.businessandarts.org\/fr\/artsvest\/mentorat\/\" \/>\n<meta property=\"og:locale\" content=\"fr_FR\" \/>\n<meta property=\"og:type\" content=\"article\" \/>\n<meta property=\"og:title\" content=\"Le mentorat - Business \/ Arts\" \/>\n<meta property=\"og:description\" content=\"Aper\u00e7u Les mentors d&#8217;artsvest constituent une communaut\u00e9 b\u00e9n\u00e9vole de leaders des arts et des affaires qui fournissent un soutien, des conseils et une formation aux organismes artistiques et culturels de petite et moyenne taille sous la forme d&#8217;une combinaison de&hellip;Lire plus de Le mentorat &#8250;\" \/>\n<meta property=\"og:url\" content=\"https:\/\/www.businessandarts.org\/fr\/artsvest\/mentorat\/\" \/>\n<meta property=\"og:site_name\" content=\"Business \/ Arts\" \/>\n<meta property=\"article:modified_time\" content=\"2026-02-05T18:28:23+00:00\" \/>\n<meta name=\"twitter:card\" content=\"summary_large_image\" \/>\n<meta name=\"twitter:label1\" content=\"Dur\u00e9e de lecture estim\u00e9e\" \/>\n\t<meta name=\"twitter:data1\" content=\"1 minute\" \/>\n<script type=\"application\/ld+json\" class=\"yoast-schema-graph\">{\"@context\":\"https:\/\/schema.org\",\"@graph\":[{\"@type\":\"WebPage\",\"@id\":\"https:\/\/www.businessandarts.org\/fr\/artsvest\/mentorat\/\",\"url\":\"https:\/\/www.businessandarts.org\/fr\/artsvest\/mentorat\/\",\"name\":\"Le mentorat - Business \/ Arts\",\"isPartOf\":{\"@id\":\"https:\/\/www.businessandarts.org\/#website\"},\"datePublished\":\"2018-06-21T04:59:46+00:00\",\"dateModified\":\"2026-02-05T18:28:23+00:00\",\"breadcrumb\":{\"@id\":\"https:\/\/www.businessandarts.org\/fr\/artsvest\/mentorat\/#breadcrumb\"},\"inLanguage\":\"fr-FR\",\"potentialAction\":[{\"@type\":\"ReadAction\",\"target\":[\"https:\/\/www.businessandarts.org\/fr\/artsvest\/mentorat\/\"]}]},{\"@type\":\"BreadcrumbList\",\"@id\":\"https:\/\/www.businessandarts.org\/fr\/artsvest\/mentorat\/#breadcrumb\",\"itemListElement\":[{\"@type\":\"ListItem\",\"position\":1,\"name\":\"Home\",\"item\":\"https:\/\/www.businessandarts.org\/fr\/\"},{\"@type\":\"ListItem\",\"position\":2,\"name\":\"artsvest\",\"item\":\"https:\/\/www.businessandarts.org\/fr\/artsvest\/\"},{\"@type\":\"ListItem\",\"position\":3,\"name\":\"Le mentorat\"}]},{\"@type\":\"WebSite\",\"@id\":\"https:\/\/www.businessandarts.org\/#website\",\"url\":\"https:\/\/www.businessandarts.org\/\",\"name\":\"Business \/ Arts\",\"description\":\"\",\"potentialAction\":[{\"@type\":\"SearchAction\",\"target\":{\"@type\":\"EntryPoint\",\"urlTemplate\":\"https:\/\/www.businessandarts.org\/?s={search_term_string}\"},\"query-input\":{\"@type\":\"PropertyValueSpecification\",\"valueRequired\":true,\"valueName\":\"search_term_string\"}}],\"inLanguage\":\"fr-FR\"}]}<\/script>\n<!-- \/ Yoast SEO plugin. -->","yoast_head_json":{"title":"Le mentorat - Business \/ Arts","robots":{"index":"index","follow":"follow","max-snippet":"max-snippet:-1","max-image-preview":"max-image-preview:large","max-video-preview":"max-video-preview:-1"},"canonical":"https:\/\/www.businessandarts.org\/fr\/artsvest\/mentorat\/","og_locale":"fr_FR","og_type":"article","og_title":"Le mentorat - Business \/ Arts","og_description":"Aper\u00e7u Les mentors d&#8217;artsvest constituent une communaut\u00e9 b\u00e9n\u00e9vole de leaders des arts et des affaires qui fournissent un soutien, des conseils et une formation aux organismes artistiques et culturels de petite et moyenne taille sous la forme d&#8217;une combinaison de&hellip;Lire plus de Le mentorat &#8250;","og_url":"https:\/\/www.businessandarts.org\/fr\/artsvest\/mentorat\/","og_site_name":"Business \/ Arts","article_modified_time":"2026-02-05T18:28:23+00:00","twitter_card":"summary_large_image","twitter_misc":{"Dur\u00e9e de lecture estim\u00e9e":"1 minute"},"schema":{"@context":"https:\/\/schema.org","@graph":[{"@type":"WebPage","@id":"https:\/\/www.businessandarts.org\/fr\/artsvest\/mentorat\/","url":"https:\/\/www.businessandarts.org\/fr\/artsvest\/mentorat\/","name":"Le mentorat - Business \/ Arts","isPartOf":{"@id":"https:\/\/www.businessandarts.org\/#website"},"datePublished":"2018-06-21T04:59:46+00:00","dateModified":"2026-02-05T18:28:23+00:00","breadcrumb":{"@id":"https:\/\/www.businessandarts.org\/fr\/artsvest\/mentorat\/#breadcrumb"},"inLanguage":"fr-FR","potentialAction":[{"@type":"ReadAction","target":["https:\/\/www.businessandarts.org\/fr\/artsvest\/mentorat\/"]}]},{"@type":"BreadcrumbList","@id":"https:\/\/www.businessandarts.org\/fr\/artsvest\/mentorat\/#breadcrumb","itemListElement":[{"@type":"ListItem","position":1,"name":"Home","item":"https:\/\/www.businessandarts.org\/fr\/"},{"@type":"ListItem","position":2,"name":"artsvest","item":"https:\/\/www.businessandarts.org\/fr\/artsvest\/"},{"@type":"ListItem","position":3,"name":"Le mentorat"}]},{"@type":"WebSite","@id":"https:\/\/www.businessandarts.org\/#website","url":"https:\/\/www.businessandarts.org\/","name":"Business \/ Arts","description":"","potentialAction":[{"@type":"SearchAction","target":{"@type":"EntryPoint","urlTemplate":"https:\/\/www.businessandarts.org\/?s={search_term_string}"},"query-input":{"@type":"PropertyValueSpecification","valueRequired":true,"valueName":"search_term_string"}}],"inLanguage":"fr-FR"}]}},"_links":{"self":[{"href":"https:\/\/www.businessandarts.org\/fr\/wp-json\/wp\/v2\/pages\/2535","targetHints":{"allow":["GET"]}}],"collection":[{"href":"https:\/\/www.businessandarts.org\/fr\/wp-json\/wp\/v2\/pages"}],"about":[{"href":"https:\/\/www.businessandarts.org\/fr\/wp-json\/wp\/v2\/types\/page"}],"author":[{"embeddable":true,"href":"https:\/\/www.businessandarts.org\/fr\/wp-json\/wp\/v2\/users\/1"}],"replies":[{"embeddable":true,"href":"https:\/\/www.businessandarts.org\/fr\/wp-json\/wp\/v2\/comments?post=2535"}],"version-history":[{"count":2,"href":"https:\/\/www.businessandarts.org\/fr\/wp-json\/wp\/v2\/pages\/2535\/revisions"}],"predecessor-version":[{"id":29647,"href":"https:\/\/www.businessandarts.org\/fr\/wp-json\/wp\/v2\/pages\/2535\/revisions\/29647"}],"up":[{"embeddable":true,"href":"https:\/\/www.businessandarts.org\/fr\/wp-json\/wp\/v2\/pages\/17375"}],"wp:attachment":[{"href":"https:\/\/www.businessandarts.org\/fr\/wp-json\/wp\/v2\/media?parent=2535"}],"curies":[{"name":"wp","href":"https:\/\/api.w.org\/{rel}","templated":true}]}}