{"id":2529,"date":"2017-09-26T12:36:47","date_gmt":"2017-09-26T12:36:47","guid":{"rendered":"https:\/\/www.businessandarts.org\/overview-young-professionals\/boardlink\/"},"modified":"2024-12-18T17:41:01","modified_gmt":"2024-12-18T17:41:01","slug":"boardlink","status":"publish","type":"page","link":"https:\/\/www.businessandarts.org\/fr\/boardlink\/","title":{"rendered":"boardlink"},"content":{"rendered":"<h3>boardlink<\/h3>\n<p>boardlink est un programme national qui met en relation des jeunes professionnels avec des organisations artistiques pour pourvoir des postes de b\u00e9n\u00e9voles dans les conseils d\u2019administration et des comit\u00e9s dans les arts. <\/p>\n<p>Gr\u00e2ce au portail en ligne boardlink, des jeunes professionnels voulant s\u2019impliquer dans les arts peuvent d\u00e9sormais voir des postes disponibles et prendre contact \u00e0 tout moment avec des organisations artistiques partout au Canada.   <\/p>\n<p>Pour les organisations artistiques recherchant des b\u00e9n\u00e9voles, nous vous invitons \u00e0 d\u00e9poser vos postes vacants au sein de conseils d\u2019administration et de comit\u00e9s. <\/p>\n<p>Pour les jeunes professionnels, nous vous invitons \u00e0 v\u00e9rifier chaque vendredi les nouveaux postes disponibles. <\/p>\n<p>Pour afficher un poste disponible au sein d\u2019un conseil d\u2019administration sur boardlink en ligne, veuillez remplir le formulaire suivant. <\/p>\n<div class=\"su-button-center\"><a href=\"https:\/\/fs7.formsite.com\/W1pYtS\/boardlink\/index\" class=\"su-button su-button-style-flat\" style=\"color:#FFFFFF;background-color:#45afff;border-color:#388ccc;border-radius:12px\" target=\"_blank\" rel=\"noopener noreferrer\"><span style=\"color:#FFFFFF;padding:0px 30px;font-size:22px;line-height:44px;border-color:#7dc7ff;border-radius:12px;text-shadow:none\"> Ajouter un poste<\/span><\/a><\/div>\n<div class=\"job_listings\" data-location=\"\" data-keywords=\"\" data-show_filters=\"true\" data-show_pagination=\"false\" data-per_page=\"10\" data-orderby=\"featured\" data-order=\"DESC\" data-categories=\"\" data-disable-form-state-storage=\"\" data-featured_first=\"false\" data-post_id=\"2529\" >\n<form class=\"job_filters\">\n\t\n\t<div class=\"search_jobs\">\n\t\t\n\t\t<div class=\"search_keywords\">\n\t\t\t<label for=\"search_keywords\">Keywords<\/label>\n\t\t\t<input type=\"text\" name=\"search_keywords\" id=\"search_keywords\" placeholder=\"Keywords\" value=\"\" \/>\n\t\t<\/div>\n\n\t\t<div class=\"search_location\">\n\t\t\t<label for=\"search_location\">Location<\/label>\n\t\t\t<input type=\"text\" name=\"search_location\" id=\"search_location\" placeholder=\"Location\" value=\"\" \/>\n\t\t<\/div>\n\n\t\t\n\t\t\t<\/div>\n\n\t\t<ul class=\"job_types\">\n\t\t\t\t\t<li><label for=\"job_type_board-position-fr\" class=\"board-position\"><input type=\"checkbox\" name=\"filter_job_type[]\" value=\"board-position-fr\"  checked='checked' id=\"job_type_board-position-fr\" \/> <span class=\"txt-labl\">Board Position<\/span><\/label><\/li>\n\t\t\t\t\t<li><label for=\"job_type_committee-member-fr\" class=\"committee-member\"><input type=\"checkbox\" name=\"filter_job_type[]\" value=\"committee-member-fr\"  checked='checked' id=\"job_type_committee-member-fr\" \/> <span class=\"txt-labl\">Committee Member<\/span><\/label><\/li>\n\t\t\t\t\t<li><label for=\"job_type_volunteer-position-fr\" class=\"volunteer-position\"><input type=\"checkbox\" name=\"filter_job_type[]\" value=\"volunteer-position-fr\"  checked='checked' id=\"job_type_volunteer-position-fr\" \/> <span class=\"txt-labl\">Volunteer Position<\/span><\/label><\/li>\n\t\t\t<\/ul>\n\t<input type=\"hidden\" name=\"filter_job_type[]\" value=\"\" \/>\n<div class=\"showing_jobs\"><\/div><\/form>\n\n\n<noscript>Your browser does not support JavaScript, or it is disabled. JavaScript must be enabled in order to view listings.<\/noscript><ul class=\"job_listings\">\n<\/ul>\n<a class=\"load_more_jobs\" href=\"#\" style=\"display:none;\"><strong>Load more listings<\/strong><\/a><\/div>\n","protected":false},"excerpt":{"rendered":"<p>boardlink boardlink est un programme national qui met en relation des jeunes professionnels avec des organisations artistiques pour pourvoir des postes de b\u00e9n\u00e9voles dans les conseils d\u2019administration et des comit\u00e9s dans les arts. Gr\u00e2ce au portail en ligne boardlink, des<span class=\"ellipsis\">&hellip;<\/span><\/p>\n<div class=\"read-more\"><a href=\"https:\/\/www.businessandarts.org\/fr\/boardlink\/\">Lire plus de <span class=\"screen-reader-text\">boardlink<\/span><span class=\"meta-nav\"> &#8250;<\/span><\/a><\/div>\n<p><!-- end of .read-more --><\/p>\n","protected":false},"author":1,"featured_media":0,"parent":0,"menu_order":0,"comment_status":"closed","ping_status":"closed","template":"page-templates\/sidebar-with-CAS-tmp.php","meta":{"_acf_changed":false,"footnotes":""},"class_list":["post-2529","page","type-page","status-publish","hentry"],"acf":[],"yoast_head":"<!-- This site is optimized with the Yoast SEO plugin v23.7 - https:\/\/yoast.com\/wordpress\/plugins\/seo\/ -->\n<title>boardlink - Business \/ Arts<\/title>\n<meta name=\"robots\" content=\"index, follow, max-snippet:-1, max-image-preview:large, max-video-preview:-1\" \/>\n<link rel=\"canonical\" href=\"https:\/\/www.businessandarts.org\/fr\/abx\/boardlink\/\" \/>\n<meta property=\"og:locale\" content=\"fr_FR\" \/>\n<meta property=\"og:type\" content=\"article\" \/>\n<meta property=\"og:title\" content=\"boardlink - Business \/ Arts\" \/>\n<meta property=\"og:description\" content=\"boardlink boardlink est un programme national qui met en relation des jeunes professionnels avec des organisations artistiques pour pourvoir des postes de b\u00e9n\u00e9voles dans les conseils d\u2019administration et des comit\u00e9s dans les arts. Gr\u00e2ce au portail en ligne boardlink, des&hellip;Lire plus de boardlink &#8250;\" \/>\n<meta property=\"og:url\" content=\"https:\/\/www.businessandarts.org\/fr\/abx\/boardlink\/\" \/>\n<meta property=\"og:site_name\" content=\"Business \/ Arts\" \/>\n<meta property=\"article:modified_time\" content=\"2024-12-18T17:41:01+00:00\" \/>\n<meta name=\"twitter:card\" content=\"summary_large_image\" \/>\n<meta name=\"twitter:label1\" content=\"Dur\u00e9e de lecture estim\u00e9e\" \/>\n\t<meta name=\"twitter:data1\" content=\"1 minute\" \/>\n<script type=\"application\/ld+json\" class=\"yoast-schema-graph\">{\"@context\":\"https:\/\/schema.org\",\"@graph\":[{\"@type\":\"WebPage\",\"@id\":\"https:\/\/www.businessandarts.org\/fr\/abx\/boardlink\/\",\"url\":\"https:\/\/www.businessandarts.org\/fr\/abx\/boardlink\/\",\"name\":\"boardlink - Business \/ Arts\",\"isPartOf\":{\"@id\":\"https:\/\/www.businessandarts.org\/#website\"},\"datePublished\":\"2017-09-26T12:36:47+00:00\",\"dateModified\":\"2024-12-18T17:41:01+00:00\",\"breadcrumb\":{\"@id\":\"https:\/\/www.businessandarts.org\/fr\/abx\/boardlink\/#breadcrumb\"},\"inLanguage\":\"fr-FR\",\"potentialAction\":[{\"@type\":\"ReadAction\",\"target\":[\"https:\/\/www.businessandarts.org\/fr\/abx\/boardlink\/\"]}]},{\"@type\":\"BreadcrumbList\",\"@id\":\"https:\/\/www.businessandarts.org\/fr\/abx\/boardlink\/#breadcrumb\",\"itemListElement\":[{\"@type\":\"ListItem\",\"position\":1,\"name\":\"Home\",\"item\":\"https:\/\/www.businessandarts.org\/fr\/\"},{\"@type\":\"ListItem\",\"position\":2,\"name\":\"arts &#038; business exchange\",\"item\":\"https:\/\/www.businessandarts.org\/fr\/abx\/\"},{\"@type\":\"ListItem\",\"position\":3,\"name\":\"boardlink\"}]},{\"@type\":\"WebSite\",\"@id\":\"https:\/\/www.businessandarts.org\/#website\",\"url\":\"https:\/\/www.businessandarts.org\/\",\"name\":\"Business \/ Arts\",\"description\":\"\",\"potentialAction\":[{\"@type\":\"SearchAction\",\"target\":{\"@type\":\"EntryPoint\",\"urlTemplate\":\"https:\/\/www.businessandarts.org\/?s={search_term_string}\"},\"query-input\":{\"@type\":\"PropertyValueSpecification\",\"valueRequired\":true,\"valueName\":\"search_term_string\"}}],\"inLanguage\":\"fr-FR\"}]}<\/script>\n<!-- \/ Yoast SEO plugin. -->","yoast_head_json":{"title":"boardlink - Business \/ Arts","robots":{"index":"index","follow":"follow","max-snippet":"max-snippet:-1","max-image-preview":"max-image-preview:large","max-video-preview":"max-video-preview:-1"},"canonical":"https:\/\/www.businessandarts.org\/fr\/abx\/boardlink\/","og_locale":"fr_FR","og_type":"article","og_title":"boardlink - Business \/ Arts","og_description":"boardlink boardlink est un programme national qui met en relation des jeunes professionnels avec des organisations artistiques pour pourvoir des postes de b\u00e9n\u00e9voles dans les conseils d\u2019administration et des comit\u00e9s dans les arts. Gr\u00e2ce au portail en ligne boardlink, des&hellip;Lire plus de boardlink &#8250;","og_url":"https:\/\/www.businessandarts.org\/fr\/abx\/boardlink\/","og_site_name":"Business \/ Arts","article_modified_time":"2024-12-18T17:41:01+00:00","twitter_card":"summary_large_image","twitter_misc":{"Dur\u00e9e de lecture estim\u00e9e":"1 minute"},"schema":{"@context":"https:\/\/schema.org","@graph":[{"@type":"WebPage","@id":"https:\/\/www.businessandarts.org\/fr\/abx\/boardlink\/","url":"https:\/\/www.businessandarts.org\/fr\/abx\/boardlink\/","name":"boardlink - Business \/ Arts","isPartOf":{"@id":"https:\/\/www.businessandarts.org\/#website"},"datePublished":"2017-09-26T12:36:47+00:00","dateModified":"2024-12-18T17:41:01+00:00","breadcrumb":{"@id":"https:\/\/www.businessandarts.org\/fr\/abx\/boardlink\/#breadcrumb"},"inLanguage":"fr-FR","potentialAction":[{"@type":"ReadAction","target":["https:\/\/www.businessandarts.org\/fr\/abx\/boardlink\/"]}]},{"@type":"BreadcrumbList","@id":"https:\/\/www.businessandarts.org\/fr\/abx\/boardlink\/#breadcrumb","itemListElement":[{"@type":"ListItem","position":1,"name":"Home","item":"https:\/\/www.businessandarts.org\/fr\/"},{"@type":"ListItem","position":2,"name":"arts &#038; business exchange","item":"https:\/\/www.businessandarts.org\/fr\/abx\/"},{"@type":"ListItem","position":3,"name":"boardlink"}]},{"@type":"WebSite","@id":"https:\/\/www.businessandarts.org\/#website","url":"https:\/\/www.businessandarts.org\/","name":"Business \/ Arts","description":"","potentialAction":[{"@type":"SearchAction","target":{"@type":"EntryPoint","urlTemplate":"https:\/\/www.businessandarts.org\/?s={search_term_string}"},"query-input":{"@type":"PropertyValueSpecification","valueRequired":true,"valueName":"search_term_string"}}],"inLanguage":"fr-FR"}]}},"_links":{"self":[{"href":"https:\/\/www.businessandarts.org\/fr\/wp-json\/wp\/v2\/pages\/2529","targetHints":{"allow":["GET"]}}],"collection":[{"href":"https:\/\/www.businessandarts.org\/fr\/wp-json\/wp\/v2\/pages"}],"about":[{"href":"https:\/\/www.businessandarts.org\/fr\/wp-json\/wp\/v2\/types\/page"}],"author":[{"embeddable":true,"href":"https:\/\/www.businessandarts.org\/fr\/wp-json\/wp\/v2\/users\/1"}],"replies":[{"embeddable":true,"href":"https:\/\/www.businessandarts.org\/fr\/wp-json\/wp\/v2\/comments?post=2529"}],"version-history":[{"count":3,"href":"https:\/\/www.businessandarts.org\/fr\/wp-json\/wp\/v2\/pages\/2529\/revisions"}],"predecessor-version":[{"id":24638,"href":"https:\/\/www.businessandarts.org\/fr\/wp-json\/wp\/v2\/pages\/2529\/revisions\/24638"}],"wp:attachment":[{"href":"https:\/\/www.businessandarts.org\/fr\/wp-json\/wp\/v2\/media?parent=2529"}],"curies":[{"name":"wp","href":"https:\/\/api.w.org\/{rel}","templated":true}]}}