{"id":2477,"date":"2018-06-23T06:37:47","date_gmt":"2018-06-23T06:37:47","guid":{"rendered":"https:\/\/www.businessandarts.org\/cookie-policy\/"},"modified":"2019-06-13T10:09:30","modified_gmt":"2019-06-13T10:09:30","slug":"politique-de-cookie","status":"publish","type":"page","link":"https:\/\/www.businessandarts.org\/fr\/politique-de-cookie\/","title":{"rendered":"Politique De Cookie"},"content":{"rendered":"<div class=\"section-title\">Politique en mati\u00e8re de t\u00e9moins<\/div>\n<div class=\"def-cmspage-content cookie-page-main\">\n<h2 class=\"hd-typ14\">Qu&#8217;est-ce qu&#8217;un t\u00e9moin ?<\/h2>\n<p>Un t\u00e9moin est un petit fichier texte qui est stock\u00e9 dans le disque dur de votre ordinateur ou de votre appareil mobile par le serveur d\u2019un site web. Seul ce serveur pourra r\u00e9cup\u00e9rer et lire le contenu de ce t\u00e9moin. Chaque t\u00e9moin est unique \u00e0 votre navigateur. Il contiendra des informations anonymes comme un identifiant unique, le nom du site et quelques chiffres ou num\u00e9ros. Cela permet \u00e0 un site web de garder en m\u00e9moire des \u00e9l\u00e9ments comme vos pr\u00e9f\u00e9rences ou ce qu\u2019il y a dans votre panier d\u2019achat.<\/p>\n<h2 class=\"hd-typ14\" style=\"margin-top: 20px;\">Quels t\u00e9moins sont utilis\u00e9s sur ce site web ?<\/h2>\n<div class=\"table-typ1-div\">\n<table class=\"table-typ1\" width=\"100%\" cellspacing=\"0\" cellpadding=\"0\">\n<tbody>\n<tr class=\"tr-head\">\n<th><strong style=\"font-size: 16px;\">T\u00e9moin<\/strong><\/th>\n<th><strong style=\"font-size: 16px;\">Objectif<\/strong><\/th>\n<\/tr>\n<tr>\n<th data-title=\"Cookie\"><strong style=\"font-size: 16px;\">PHPSESSID<\/strong><\/th>\n<td data-title=\"Objectif\">C\u2019est un t\u00e9moin de session utilis\u00e9 pour conserver les donn\u00e9es lors d&#8217;acc\u00e8s ult\u00e9rieurs. C\u2019est un t\u00e9moin temporaire qui demeure dans le fichier de t\u00e9moins de votre navigateur jusqu&#8217;\u00e0 ce que vous fermiez votre navigateur. Il est principalement utilis\u00e9 pour maintenir votre identit\u00e9.<\/td>\n<\/tr>\n<tr>\n<th data-title=\"Cookie\"><strong style=\"font-size: 16px;\">_ga<\/strong><\/th>\n<td data-title=\"Objectif\">C\u2019est un service d&#8217;analyse de site internet fourni par Google Inc. Google Analytics cr\u00e9e un t\u00e9moin pour \u00e9valuer votre utilisation et pour compiler des rapports significatifs de trafic. Pour en savoir plus, cliquez ici : <a href=\"https:\/\/developers.google.com\/analytics\/devguides\/collection\/analyticsjs\/cookie-usage?csw=1\" rel=\"nofollow noopener noreferrer\" class=\"lnk-typ1\" target=\"_blank\">https:\/\/developers.google.com\/analytics\/devguides\/collection\/analyticsjs\/cookie-usage?csw=1<\/a><\/td>\n<\/tr>\n<tr>\n<th data-title=\"Cookie\"><strong style=\"font-size: 16px;\">wp-settings-time-25<\/strong><\/th>\n<td data-title=\"Objectif\">WordPress cr\u00e9e aussi quelques t\u00e9moins. Le nombre final est votre identifiant personnel d\u2019une table de base de donn\u00e9es des utilisateurs. Ces donn\u00e9es sont utilis\u00e9es pour personnaliser l&#8217;apparence de l&#8217;interface d&#8217;administration et \u00e9ventuellement l\u2019interface du site web principal.<\/td>\n<\/tr>\n<tr>\n<th data-title=\"Cookie\"><strong style=\"font-size: 16px;\"> _icl_current_language<\/strong><\/th>\n<td data-title=\"Objectif\">Il conserve la langue pr\u00e9f\u00e9r\u00e9e lorsque de multiples langues sont disponibles.<\/td>\n<\/tr>\n<tr>\n<th data-title=\"Cookie\"><strong style=\"font-size: 16px;\">wordpress_test_cookie<\/strong><\/th>\n<td data-title=\"Objectif\">Il v\u00e9rifie que les t\u00e9moins sont activ\u00e9s pour fournir une exp\u00e9rience d&#8217;utilisation id\u00e9ale.<\/td>\n<\/tr>\n<tr>\n<th data-title=\"Cookie\"><strong style=\"font-size: 16px;\">wordpress_logged_in_x<\/strong><\/th>\n<td data-title=\"Objectif\">Un t\u00e9moin du syst\u00e8me central qui est utilis\u00e9 pour maintenir les identifiants des sites web.<\/td>\n<\/tr>\n<tr>\n<th data-title=\"Cookie\"><strong style=\"font-size: 16px;\">wordpress_sec_x<\/strong><\/th>\n<td data-title=\"Objectif\">Un t\u00e9moin du syst\u00e8me central est utilis\u00e9 pour maintenir les identifiants des sites web.<\/td>\n<\/tr>\n<tr>\n<th data-title=\"Cookie\"><strong style=\"font-size: 16px;\">CookiesDirective<\/strong><\/th>\n<td data-title=\"Objectif\">Il est utilis\u00e9 par le site web pour vous informer que des t\u00e9moins sont utilis\u00e9s.<\/td>\n<\/tr>\n<\/tbody>\n<\/table>\n<\/div>\n<h2 class=\"hd-typ14\" style=\"margin-top: 40px;\">Comment activer ou d\u00e9sactiver les t\u00e9moins via votre navigateur ?<\/h2>\n<p><strong style=\"font-size: 16px;\">Google Chrome<\/strong><\/p>\n<ul>\n<li>Cliquez sur l&#8217;ic\u00f4ne repr\u00e9sentant une cl\u00e9, qui se trouve habituellement dans le coin sup\u00e9rieur droit de votre navigateur, afin d\u2019ouvrir le menu \u201cOutils\u201d.<\/li>\n<li>Dans le menu \u201cOutils\u201d, s\u00e9lectionnez Options.<\/li>\n<li>Cliquez sur l&#8217;onglet \u201cOptions avanc\u00e9es\u201d dans le menu de gauche.<\/li>\n<li>Dans la section &#8220;Confidentialit\u00e9&#8221;, cliquez sur le bouton &#8220;Param\u00e8tres de contenu&#8221;.<\/li>\n<li>Pour autoriser les fichiers t\u00e9moins, s\u00e9lectionnez l&#8217;option &#8220;Autoriser le stockage des donn\u00e9es locales&#8221;.<\/li>\n<li>Pour d\u00e9sactiver les t\u00e9moins, d\u00e9placez le curseur vers le haut pour bloquer tous les t\u00e9moins.<\/li>\n<li>Veuillez noter qu\u2019il y a de nombreux niveaux d\u2019activation et de d\u00e9sactivation de t\u00e9moins dans Chrome. Pour plus d\u2019informations sur les autres param\u00e8tres de t\u00e9moins offerts dans Chrome, veuillez vous r\u00e9f\u00e9rer \u00e0 la page suivante de Google : <a href=\"http:\/\/support.google.com\/chrome\/bin\/answer.py?hl=en&amp;answer=95647\" rel=\"nofollow noopener noreferrer\" class=\"lnk-typ1\" target=\"_blank\">http:\/\/support.google.com\/chrome\/bin\/answer.py?hl=en&amp;answer=95647<\/a><\/li>\n<\/ul>\n<p><strong style=\"font-size: 16px;\">Mozilla Firefox<\/strong><\/p>\n<ul>\n<li>Cliquez sur \u201cOutils\u201d dans le menu du navigateur et s\u00e9lectionnez \u201cOptions\u201d.<\/li>\n<li>S\u00e9lectionnez l&#8217;ic\u00f4ne \u201cConfidentialit\u00e9\u201d.<\/li>\n<li>Pour activer les t\u00e9moins, s\u00e9lectionnez \u201cAccepter les t\u00e9moins pour les sites\u201d.<\/li>\n<li>Pour d\u00e9sactiver les t\u00e9moins, d\u00e9s\u00e9lectionnez \u201cAccepter les t\u00e9moins pour les sites\u201d.<\/li>\n<li>Veuillez noter qu\u2019il y a de nombreux niveaux d\u2019activation et de d\u00e9sactivation de t\u00e9moins dans Firefox. Pour plus d\u2019informations, veuillez vous r\u00e9f\u00e9rer \u00e0 la page suivante de Mozilla : <a href=\"http:\/\/support.mozilla.org\/en-US\/kb\/Enabling%20and%20disabling%20cookies\" rel=\"nofollow noopener noreferrer\" class=\"lnk-typ1\" target=\"_blank\">http:\/\/support.mozilla.org\/en-US\/kb\/Enabling%20and%20disabling%20cookies<\/a><\/li>\n<\/ul>\n<p><strong style=\"font-size: 16px;\">Opera<\/strong><\/p>\n<ul>\n<li>Cliquez sur \u201cParam\u00e8tre\u201d dans le menu du navigateur et s\u00e9lectionnez \u201cParam\u00e8tres\u201d.<\/li>\n<li>S\u00e9lectionnez &#8220;Pr\u00e9f\u00e9rences rapides&#8221;.<\/li>\n<li>Pour activer les t\u00e9moins, s\u00e9lectionnez \u201cActivez les t\u00e9moins\u201d.<\/li>\n<li>Pour d\u00e9sactiver les t\u00e9moins, s\u00e9lectionnez \u201cD\u00e9sactivez les t\u00e9moins\u201d.<\/li>\n<li>Veuillez noter qu\u2019il y a de nombreux niveaux d\u2019activation et de d\u00e9sactivation de t\u00e9moins dans Opera. Pour plus d\u2019informations, veuillez vous r\u00e9f\u00e9rer \u00e0 la page suivante du logiciel Opera : <a href=\"http:\/\/www.opera.com\/browser\/tutorials\/security\/privacy\/\" rel=\"nofollow noopener noreferrer\" class=\"lnk-typ1\" target=\"_blank\">http:\/\/www.opera.com\/browser\/tutorials\/security\/privacy\/<\/a><\/li>\n<\/ul>\n<p><strong style=\"font-size: 16px;\">Safari on OSX<\/strong><\/p>\n<ul>\n<li>Cliquez sur \u2018Safari\u2019 dans la barre de menu et s\u00e9lectionnez l\u2019option \u201cPr\u00e9f\u00e9rences\u201d.<\/li>\n<li>Cliquez sur \u201cS\u00e9curit\u00e9\u201d.<\/li>\n<li>Pour activer les t\u00e9moins, dans la section \u201cActiver les t\u00e9moins\u201d, s\u00e9lectionnez \u201cseulement \u00e0 partir du site vers lequel vous naviguez\u201d.<\/li>\n<li>Pour d\u00e9sactiver les t\u00e9moins, dans la section \u201cActiver les t\u00e9moins\u201d, s\u00e9lectionnez \u201cJamais\u201d.<\/li>\n<li>Veuillez noter qu\u2019il y a de nombreux niveaux d\u2019activation et de d\u00e9sactivation de t\u00e9moins dans Safari. Pour plus d\u2019informations sur d\u2019autres param\u00e8tres de t\u00e9moins dans Safari, veuillez vous r\u00e9f\u00e9rer \u00e0 la page suivante d\u2019Apple : <a href=\"http:\/\/docs.info.apple.com\/article.html?path=Safari\/3.0\/en\/9277.html\" rel=\"nofollow noopener noreferrer\" class=\"lnk-typ1\" target=\"_blank\">http:\/\/docs.info.apple.com\/article.html?path=Safari\/3.0\/en\/9277.html<\/a><\/li>\n<\/ul>\n<p><strong style=\"font-size: 16px;\">Pour tous les autres navigateurs<\/strong><\/p>\n<ul>\n<li>Veuillez trouver le bouton \u201cAide\u201d dans le navigateur ou contacter votre fournisseur de navigateur. Vous pouvez aussi trouver plus d\u2019informations sur la page suivante : <a href=\"http:\/\/www.allaboutcookies.org\/manage-cookies\/\" rel=\"nofollow noopener noreferrer\" class=\"lnk-typ1\" target=\"_blank\">http:\/\/www.allaboutcookies.org\/manage-cookies\/<\/a><\/li>\n<\/ul>\n<\/div>\n","protected":false},"excerpt":{"rendered":"<p>Politique en mati\u00e8re de t\u00e9moins Qu&#8217;est-ce qu&#8217;un t\u00e9moin ? Un t\u00e9moin est un petit fichier texte qui est stock\u00e9 dans le disque dur de votre ordinateur ou de votre appareil mobile par le serveur d\u2019un site web. Seul ce serveur<span class=\"ellipsis\">&hellip;<\/span><\/p>\n<div class=\"read-more\"><a href=\"https:\/\/www.businessandarts.org\/fr\/politique-de-cookie\/\">Lire plus de <span class=\"screen-reader-text\">Politique De Cookie<\/span><span class=\"meta-nav\"> &#8250;<\/span><\/a><\/div>\n<p><!-- end of .read-more --><\/p>\n","protected":false},"author":1,"featured_media":0,"parent":0,"menu_order":0,"comment_status":"closed","ping_status":"closed","template":"page-templates\/tmp-CMS.php","meta":{"_acf_changed":false,"footnotes":""},"class_list":["post-2477","page","type-page","status-publish","hentry"],"acf":[],"yoast_head":"<!-- This site is optimized with the Yoast SEO plugin v23.7 - https:\/\/yoast.com\/wordpress\/plugins\/seo\/ -->\n<title>Politique De Cookie - Business \/ Arts<\/title>\n<meta name=\"robots\" content=\"index, follow, max-snippet:-1, max-image-preview:large, max-video-preview:-1\" \/>\n<link rel=\"canonical\" href=\"https:\/\/www.businessandarts.org\/fr\/politique-de-cookie\/\" \/>\n<meta property=\"og:locale\" content=\"fr_FR\" \/>\n<meta property=\"og:type\" content=\"article\" \/>\n<meta property=\"og:title\" content=\"Politique De Cookie - Business \/ Arts\" \/>\n<meta property=\"og:description\" content=\"Politique en mati\u00e8re de t\u00e9moins Qu&#8217;est-ce qu&#8217;un t\u00e9moin ? Un t\u00e9moin est un petit fichier texte qui est stock\u00e9 dans le disque dur de votre ordinateur ou de votre appareil mobile par le serveur d\u2019un site web. Seul ce serveur&hellip;Lire plus de Politique De Cookie &#8250;\" \/>\n<meta property=\"og:url\" content=\"https:\/\/www.businessandarts.org\/fr\/politique-de-cookie\/\" \/>\n<meta property=\"og:site_name\" content=\"Business \/ Arts\" \/>\n<meta property=\"article:modified_time\" content=\"2019-06-13T10:09:30+00:00\" \/>\n<meta name=\"twitter:card\" content=\"summary_large_image\" \/>\n<meta name=\"twitter:label1\" content=\"Dur\u00e9e de lecture estim\u00e9e\" \/>\n\t<meta name=\"twitter:data1\" content=\"4 minutes\" \/>\n<script type=\"application\/ld+json\" class=\"yoast-schema-graph\">{\"@context\":\"https:\/\/schema.org\",\"@graph\":[{\"@type\":\"WebPage\",\"@id\":\"https:\/\/www.businessandarts.org\/fr\/politique-de-cookie\/\",\"url\":\"https:\/\/www.businessandarts.org\/fr\/politique-de-cookie\/\",\"name\":\"Politique De Cookie - Business \/ Arts\",\"isPartOf\":{\"@id\":\"https:\/\/www.businessandarts.org\/#website\"},\"datePublished\":\"2018-06-23T06:37:47+00:00\",\"dateModified\":\"2019-06-13T10:09:30+00:00\",\"breadcrumb\":{\"@id\":\"https:\/\/www.businessandarts.org\/fr\/politique-de-cookie\/#breadcrumb\"},\"inLanguage\":\"fr-FR\",\"potentialAction\":[{\"@type\":\"ReadAction\",\"target\":[\"https:\/\/www.businessandarts.org\/fr\/politique-de-cookie\/\"]}]},{\"@type\":\"BreadcrumbList\",\"@id\":\"https:\/\/www.businessandarts.org\/fr\/politique-de-cookie\/#breadcrumb\",\"itemListElement\":[{\"@type\":\"ListItem\",\"position\":1,\"name\":\"Home\",\"item\":\"https:\/\/www.businessandarts.org\/fr\/\"},{\"@type\":\"ListItem\",\"position\":2,\"name\":\"Politique De Cookie\"}]},{\"@type\":\"WebSite\",\"@id\":\"https:\/\/www.businessandarts.org\/#website\",\"url\":\"https:\/\/www.businessandarts.org\/\",\"name\":\"Business \/ Arts\",\"description\":\"\",\"potentialAction\":[{\"@type\":\"SearchAction\",\"target\":{\"@type\":\"EntryPoint\",\"urlTemplate\":\"https:\/\/www.businessandarts.org\/?s={search_term_string}\"},\"query-input\":{\"@type\":\"PropertyValueSpecification\",\"valueRequired\":true,\"valueName\":\"search_term_string\"}}],\"inLanguage\":\"fr-FR\"}]}<\/script>\n<!-- \/ Yoast SEO plugin. -->","yoast_head_json":{"title":"Politique De Cookie - Business \/ Arts","robots":{"index":"index","follow":"follow","max-snippet":"max-snippet:-1","max-image-preview":"max-image-preview:large","max-video-preview":"max-video-preview:-1"},"canonical":"https:\/\/www.businessandarts.org\/fr\/politique-de-cookie\/","og_locale":"fr_FR","og_type":"article","og_title":"Politique De Cookie - Business \/ Arts","og_description":"Politique en mati\u00e8re de t\u00e9moins Qu&#8217;est-ce qu&#8217;un t\u00e9moin ? Un t\u00e9moin est un petit fichier texte qui est stock\u00e9 dans le disque dur de votre ordinateur ou de votre appareil mobile par le serveur d\u2019un site web. Seul ce serveur&hellip;Lire plus de Politique De Cookie &#8250;","og_url":"https:\/\/www.businessandarts.org\/fr\/politique-de-cookie\/","og_site_name":"Business \/ Arts","article_modified_time":"2019-06-13T10:09:30+00:00","twitter_card":"summary_large_image","twitter_misc":{"Dur\u00e9e de lecture estim\u00e9e":"4 minutes"},"schema":{"@context":"https:\/\/schema.org","@graph":[{"@type":"WebPage","@id":"https:\/\/www.businessandarts.org\/fr\/politique-de-cookie\/","url":"https:\/\/www.businessandarts.org\/fr\/politique-de-cookie\/","name":"Politique De Cookie - Business \/ Arts","isPartOf":{"@id":"https:\/\/www.businessandarts.org\/#website"},"datePublished":"2018-06-23T06:37:47+00:00","dateModified":"2019-06-13T10:09:30+00:00","breadcrumb":{"@id":"https:\/\/www.businessandarts.org\/fr\/politique-de-cookie\/#breadcrumb"},"inLanguage":"fr-FR","potentialAction":[{"@type":"ReadAction","target":["https:\/\/www.businessandarts.org\/fr\/politique-de-cookie\/"]}]},{"@type":"BreadcrumbList","@id":"https:\/\/www.businessandarts.org\/fr\/politique-de-cookie\/#breadcrumb","itemListElement":[{"@type":"ListItem","position":1,"name":"Home","item":"https:\/\/www.businessandarts.org\/fr\/"},{"@type":"ListItem","position":2,"name":"Politique De Cookie"}]},{"@type":"WebSite","@id":"https:\/\/www.businessandarts.org\/#website","url":"https:\/\/www.businessandarts.org\/","name":"Business \/ Arts","description":"","potentialAction":[{"@type":"SearchAction","target":{"@type":"EntryPoint","urlTemplate":"https:\/\/www.businessandarts.org\/?s={search_term_string}"},"query-input":{"@type":"PropertyValueSpecification","valueRequired":true,"valueName":"search_term_string"}}],"inLanguage":"fr-FR"}]}},"_links":{"self":[{"href":"https:\/\/www.businessandarts.org\/fr\/wp-json\/wp\/v2\/pages\/2477","targetHints":{"allow":["GET"]}}],"collection":[{"href":"https:\/\/www.businessandarts.org\/fr\/wp-json\/wp\/v2\/pages"}],"about":[{"href":"https:\/\/www.businessandarts.org\/fr\/wp-json\/wp\/v2\/types\/page"}],"author":[{"embeddable":true,"href":"https:\/\/www.businessandarts.org\/fr\/wp-json\/wp\/v2\/users\/1"}],"replies":[{"embeddable":true,"href":"https:\/\/www.businessandarts.org\/fr\/wp-json\/wp\/v2\/comments?post=2477"}],"version-history":[{"count":0,"href":"https:\/\/www.businessandarts.org\/fr\/wp-json\/wp\/v2\/pages\/2477\/revisions"}],"wp:attachment":[{"href":"https:\/\/www.businessandarts.org\/fr\/wp-json\/wp\/v2\/media?parent=2477"}],"curies":[{"name":"wp","href":"https:\/\/api.w.org\/{rel}","templated":true}]}}