{"id":24708,"date":"2025-01-21T15:11:00","date_gmt":"2025-01-21T15:11:00","guid":{"rendered":"https:\/\/www.businessandarts.org\/?page_id=24708"},"modified":"2026-02-17T19:21:30","modified_gmt":"2026-02-17T19:21:30","slug":"sudbury","status":"publish","type":"page","link":"https:\/\/www.businessandarts.org\/fr\/artsvest\/sudbury\/","title":{"rendered":"\u00c0 propos Sudbury"},"content":{"rendered":"<div class=\"fortheart-ctnt text-center\">\n<h2 class=\"section-title\" style=\"text-align: center;\"><g class=\"gr_ gr_13 gr-alert gr_spell gr_inline_cards gr_run_anim ContextualSpelling ins-del multiReplace\" id=\"13\" data-gr-id=\"13\"><span style=\"color: #7b6899;\">artsvest R\u00e9gional \u2013 Sudbury<\/span><\/g><\/h2>\n<\/div>\n<p>Offert en compl\u00e9ment du programme national, artsvest r\u00e9gional en Sudbury propose aux organismes s\u00e9lectionn\u00e9s une formation cibl\u00e9e en commandite ainsi qu\u2019un soutien au renforcement des capacit\u00e9s. La formation est offerte par le biais de webinaires mensuels, de r\u00e9seautage entre pairs et de s\u00e9ances de mentorat individualis\u00e9es anim\u00e9es par un groupe diversifi\u00e9 de mentors experts. Les organismes ont \u00e9galement acc\u00e8s \u00e0 des fonds de contrepartie pouvant servir d\u2019incitatif pour d\u00e9velopper des partenariats de commandite avec le secteur des affaires.<\/p>\n<p><strong>Les candidatures sont actuellement ferm\u00e9es pour artsvest r\u00e9gional en Sudbury. Veuillez revenir bient\u00f4t pour des mises \u00e0 jour.<\/strong><\/p>\n<div class=\"pkg-desc\">\n<hr \/>\n<p>Contactez-nous : <a href=\"mailto:artsvest@businessforthearts.org\">artsvest@businessforthearts.org<\/a><\/p>\n<hr \/>\n<h4 class=\"variable-font\"><strong class=\"variable-font\">\u00c0 propos des programmes artsvest et artsvest R\u00e9gional :<\/strong><\/h4>\n<p class=\"variable-font\"><strong>artsvest<\/strong> est le programme principal de mentorat et de formation d\u2019Affaires \/ Arts et permet de d\u00e9velopper la capacit\u00e9 du secteur culturel canadien.<\/p>\n<p><strong>artsvest R\u00e9gional<\/strong> est un programme r\u00e9gional disponible dans certaines communaut\u00e9s dot\u00e9es d\u2019un partenaire financier local. Ce programme r\u00e9gional est pr\u00e9sent\u00e9 en compl\u00e9ment au segment national et offre une formation plus cibl\u00e9e en mati\u00e8re de commandite ainsi que des fonds de contrepartie. Il est n\u00e9cessaire de s\u2019inscrire au programme national d\u2019artsvest pour postuler aux programmes d\u2019artsvest R\u00e9gional.<\/p>\n<p>Pour plus d\u2019informations sur le programme national artsvest,<a data-cke-saved-href=\"\/?page_id=17375\" href=\"\/?page_id=17375\" target=\"_blank\" rel=\"noopener\"><span><u>cliquez ici<\/u><\/span><\/a>.<\/p>\n<p>&nbsp;<\/p>\n<div class=\"pkg-desc\">\n<hr \/>\n<h5><\/h5>\n<h5><span style=\"color: black;\">Partenaires et bailleurs de fonds<\/span><\/h5>\n<p>&nbsp;<\/p>\n<div class=\"su-row\"><div class=\"su-column su-column-size-1-1\"><div class=\"su-column-inner su-u-clearfix su-u-trim\">\n<p><img loading=\"lazy\" decoding=\"async\" src=\"https:\/\/www.businessandarts.org\/wp-content\/uploads\/2024\/09\/Canada-1.png\" alt=\"\" width=\"150\" height=\"36\" class=\" wp-image-23768 aligncenter\" \/><\/p>\n<\/div><\/div>\n<\/div>\n<p>&nbsp;<\/p>\n<div class=\"su-row\"><div class=\"su-column su-column-size-1-2\"><div class=\"su-column-inner su-u-clearfix su-u-trim\">\n<p><img loading=\"lazy\" decoding=\"async\" src=\"https:\/\/www.businessandarts.org\/wp-content\/uploads\/2026\/01\/CCC-F.png\" alt=\"\" width=\"410\" height=\"68\" class=\" wp-image-28474 aligncenter\" \/><\/p>\n<\/div><\/div><div class=\"su-column su-column-size-1-2\"><div class=\"su-column-inner su-u-clearfix su-u-trim\">\n<p><img loading=\"lazy\" decoding=\"async\" src=\"https:\/\/www.businessandarts.org\/wp-content\/uploads\/2025\/01\/Sudbury_artsvest.png\" alt=\"\" width=\"257\" height=\"97\" class=\" wp-image-24692 aligncenter\" \/><\/p>\n<\/div><\/div> <\/div>\n<\/div>\n<\/div>\n","protected":false},"excerpt":{"rendered":"<p>artsvest R\u00e9gional \u2013 Sudbury Offert en compl\u00e9ment du programme national, artsvest r\u00e9gional en Sudbury propose aux organismes s\u00e9lectionn\u00e9s une formation cibl\u00e9e en commandite ainsi qu\u2019un soutien au renforcement des capacit\u00e9s. La formation est offerte par le biais de webinaires mensuels,<span class=\"ellipsis\">&hellip;<\/span><\/p>\n<div class=\"read-more\"><a href=\"https:\/\/www.businessandarts.org\/fr\/artsvest\/sudbury\/\">Lire plus de <span class=\"screen-reader-text\">\u00c0 propos Sudbury<\/span><span class=\"meta-nav\"> &#8250;<\/span><\/a><\/div>\n<p><!-- end of .read-more --><\/p>\n","protected":false},"author":27,"featured_media":0,"parent":17375,"menu_order":0,"comment_status":"closed","ping_status":"closed","template":"page-templates\/sidebar-with-bottom-logo.php","meta":{"_acf_changed":false,"footnotes":""},"class_list":["post-24708","page","type-page","status-publish","hentry"],"acf":[],"yoast_head":"<!-- This site is optimized with the Yoast SEO plugin v23.7 - https:\/\/yoast.com\/wordpress\/plugins\/seo\/ -->\n<title>\u00c0 propos Sudbury - Business \/ Arts<\/title>\n<meta name=\"robots\" content=\"index, follow, max-snippet:-1, max-image-preview:large, max-video-preview:-1\" \/>\n<link rel=\"canonical\" href=\"https:\/\/www.businessandarts.org\/fr\/artsvest\/sudbury\/\" \/>\n<meta property=\"og:locale\" content=\"fr_FR\" \/>\n<meta property=\"og:type\" content=\"article\" \/>\n<meta property=\"og:title\" content=\"\u00c0 propos Sudbury - Business \/ Arts\" \/>\n<meta property=\"og:description\" content=\"artsvest R\u00e9gional \u2013 Sudbury Offert en compl\u00e9ment du programme national, artsvest r\u00e9gional en Sudbury propose aux organismes s\u00e9lectionn\u00e9s une formation cibl\u00e9e en commandite ainsi qu\u2019un soutien au renforcement des capacit\u00e9s. La formation est offerte par le biais de webinaires mensuels,&hellip;Lire plus de \u00c0 propos Sudbury &#8250;\" \/>\n<meta property=\"og:url\" content=\"https:\/\/www.businessandarts.org\/fr\/artsvest\/sudbury\/\" \/>\n<meta property=\"og:site_name\" content=\"Business \/ Arts\" \/>\n<meta property=\"article:modified_time\" content=\"2026-02-17T19:21:30+00:00\" \/>\n<meta property=\"og:image\" content=\"https:\/\/www.businessandarts.org\/wp-content\/uploads\/2024\/09\/Canada-1.png\" \/>\n\t<meta property=\"og:image:width\" content=\"280\" \/>\n\t<meta property=\"og:image:height\" content=\"67\" \/>\n\t<meta property=\"og:image:type\" content=\"image\/png\" \/>\n<meta name=\"twitter:card\" content=\"summary_large_image\" \/>\n<meta name=\"twitter:label1\" content=\"Dur\u00e9e de lecture estim\u00e9e\" \/>\n\t<meta name=\"twitter:data1\" content=\"2 minutes\" \/>\n<script type=\"application\/ld+json\" class=\"yoast-schema-graph\">{\"@context\":\"https:\/\/schema.org\",\"@graph\":[{\"@type\":\"WebPage\",\"@id\":\"https:\/\/www.businessandarts.org\/fr\/artsvest\/sudbury\/\",\"url\":\"https:\/\/www.businessandarts.org\/fr\/artsvest\/sudbury\/\",\"name\":\"\u00c0 propos Sudbury - Business \/ Arts\",\"isPartOf\":{\"@id\":\"https:\/\/www.businessandarts.org\/#website\"},\"primaryImageOfPage\":{\"@id\":\"https:\/\/www.businessandarts.org\/fr\/artsvest\/sudbury\/#primaryimage\"},\"image\":{\"@id\":\"https:\/\/www.businessandarts.org\/fr\/artsvest\/sudbury\/#primaryimage\"},\"thumbnailUrl\":\"https:\/\/www.businessandarts.org\/wp-content\/uploads\/2024\/09\/Canada-1.png\",\"datePublished\":\"2025-01-21T15:11:00+00:00\",\"dateModified\":\"2026-02-17T19:21:30+00:00\",\"breadcrumb\":{\"@id\":\"https:\/\/www.businessandarts.org\/fr\/artsvest\/sudbury\/#breadcrumb\"},\"inLanguage\":\"fr-FR\",\"potentialAction\":[{\"@type\":\"ReadAction\",\"target\":[\"https:\/\/www.businessandarts.org\/fr\/artsvest\/sudbury\/\"]}]},{\"@type\":\"ImageObject\",\"inLanguage\":\"fr-FR\",\"@id\":\"https:\/\/www.businessandarts.org\/fr\/artsvest\/sudbury\/#primaryimage\",\"url\":\"https:\/\/www.businessandarts.org\/wp-content\/uploads\/2024\/09\/Canada-1.png\",\"contentUrl\":\"https:\/\/www.businessandarts.org\/wp-content\/uploads\/2024\/09\/Canada-1.png\"},{\"@type\":\"BreadcrumbList\",\"@id\":\"https:\/\/www.businessandarts.org\/fr\/artsvest\/sudbury\/#breadcrumb\",\"itemListElement\":[{\"@type\":\"ListItem\",\"position\":1,\"name\":\"Home\",\"item\":\"https:\/\/www.businessandarts.org\/fr\/\"},{\"@type\":\"ListItem\",\"position\":2,\"name\":\"artsvest\",\"item\":\"https:\/\/www.businessandarts.org\/fr\/artsvest\/\"},{\"@type\":\"ListItem\",\"position\":3,\"name\":\"\u00c0 propos Sudbury\"}]},{\"@type\":\"WebSite\",\"@id\":\"https:\/\/www.businessandarts.org\/#website\",\"url\":\"https:\/\/www.businessandarts.org\/\",\"name\":\"Business \/ Arts\",\"description\":\"\",\"potentialAction\":[{\"@type\":\"SearchAction\",\"target\":{\"@type\":\"EntryPoint\",\"urlTemplate\":\"https:\/\/www.businessandarts.org\/?s={search_term_string}\"},\"query-input\":{\"@type\":\"PropertyValueSpecification\",\"valueRequired\":true,\"valueName\":\"search_term_string\"}}],\"inLanguage\":\"fr-FR\"}]}<\/script>\n<!-- \/ Yoast SEO plugin. -->","yoast_head_json":{"title":"\u00c0 propos Sudbury - Business \/ Arts","robots":{"index":"index","follow":"follow","max-snippet":"max-snippet:-1","max-image-preview":"max-image-preview:large","max-video-preview":"max-video-preview:-1"},"canonical":"https:\/\/www.businessandarts.org\/fr\/artsvest\/sudbury\/","og_locale":"fr_FR","og_type":"article","og_title":"\u00c0 propos Sudbury - Business \/ Arts","og_description":"artsvest R\u00e9gional \u2013 Sudbury Offert en compl\u00e9ment du programme national, artsvest r\u00e9gional en Sudbury propose aux organismes s\u00e9lectionn\u00e9s une formation cibl\u00e9e en commandite ainsi qu\u2019un soutien au renforcement des capacit\u00e9s. La formation est offerte par le biais de webinaires mensuels,&hellip;Lire plus de \u00c0 propos Sudbury &#8250;","og_url":"https:\/\/www.businessandarts.org\/fr\/artsvest\/sudbury\/","og_site_name":"Business \/ Arts","article_modified_time":"2026-02-17T19:21:30+00:00","og_image":[{"width":280,"height":67,"url":"https:\/\/www.businessandarts.org\/wp-content\/uploads\/2024\/09\/Canada-1.png","type":"image\/png"}],"twitter_card":"summary_large_image","twitter_misc":{"Dur\u00e9e de lecture estim\u00e9e":"2 minutes"},"schema":{"@context":"https:\/\/schema.org","@graph":[{"@type":"WebPage","@id":"https:\/\/www.businessandarts.org\/fr\/artsvest\/sudbury\/","url":"https:\/\/www.businessandarts.org\/fr\/artsvest\/sudbury\/","name":"\u00c0 propos Sudbury - Business \/ Arts","isPartOf":{"@id":"https:\/\/www.businessandarts.org\/#website"},"primaryImageOfPage":{"@id":"https:\/\/www.businessandarts.org\/fr\/artsvest\/sudbury\/#primaryimage"},"image":{"@id":"https:\/\/www.businessandarts.org\/fr\/artsvest\/sudbury\/#primaryimage"},"thumbnailUrl":"https:\/\/www.businessandarts.org\/wp-content\/uploads\/2024\/09\/Canada-1.png","datePublished":"2025-01-21T15:11:00+00:00","dateModified":"2026-02-17T19:21:30+00:00","breadcrumb":{"@id":"https:\/\/www.businessandarts.org\/fr\/artsvest\/sudbury\/#breadcrumb"},"inLanguage":"fr-FR","potentialAction":[{"@type":"ReadAction","target":["https:\/\/www.businessandarts.org\/fr\/artsvest\/sudbury\/"]}]},{"@type":"ImageObject","inLanguage":"fr-FR","@id":"https:\/\/www.businessandarts.org\/fr\/artsvest\/sudbury\/#primaryimage","url":"https:\/\/www.businessandarts.org\/wp-content\/uploads\/2024\/09\/Canada-1.png","contentUrl":"https:\/\/www.businessandarts.org\/wp-content\/uploads\/2024\/09\/Canada-1.png"},{"@type":"BreadcrumbList","@id":"https:\/\/www.businessandarts.org\/fr\/artsvest\/sudbury\/#breadcrumb","itemListElement":[{"@type":"ListItem","position":1,"name":"Home","item":"https:\/\/www.businessandarts.org\/fr\/"},{"@type":"ListItem","position":2,"name":"artsvest","item":"https:\/\/www.businessandarts.org\/fr\/artsvest\/"},{"@type":"ListItem","position":3,"name":"\u00c0 propos Sudbury"}]},{"@type":"WebSite","@id":"https:\/\/www.businessandarts.org\/#website","url":"https:\/\/www.businessandarts.org\/","name":"Business \/ Arts","description":"","potentialAction":[{"@type":"SearchAction","target":{"@type":"EntryPoint","urlTemplate":"https:\/\/www.businessandarts.org\/?s={search_term_string}"},"query-input":{"@type":"PropertyValueSpecification","valueRequired":true,"valueName":"search_term_string"}}],"inLanguage":"fr-FR"}]}},"_links":{"self":[{"href":"https:\/\/www.businessandarts.org\/fr\/wp-json\/wp\/v2\/pages\/24708","targetHints":{"allow":["GET"]}}],"collection":[{"href":"https:\/\/www.businessandarts.org\/fr\/wp-json\/wp\/v2\/pages"}],"about":[{"href":"https:\/\/www.businessandarts.org\/fr\/wp-json\/wp\/v2\/types\/page"}],"author":[{"embeddable":true,"href":"https:\/\/www.businessandarts.org\/fr\/wp-json\/wp\/v2\/users\/27"}],"replies":[{"embeddable":true,"href":"https:\/\/www.businessandarts.org\/fr\/wp-json\/wp\/v2\/comments?post=24708"}],"version-history":[{"count":22,"href":"https:\/\/www.businessandarts.org\/fr\/wp-json\/wp\/v2\/pages\/24708\/revisions"}],"predecessor-version":[{"id":30212,"href":"https:\/\/www.businessandarts.org\/fr\/wp-json\/wp\/v2\/pages\/24708\/revisions\/30212"}],"up":[{"embeddable":true,"href":"https:\/\/www.businessandarts.org\/fr\/wp-json\/wp\/v2\/pages\/17375"}],"wp:attachment":[{"href":"https:\/\/www.businessandarts.org\/fr\/wp-json\/wp\/v2\/media?parent=24708"}],"curies":[{"name":"wp","href":"https:\/\/api.w.org\/{rel}","templated":true}]}}