{"id":24672,"date":"2025-01-15T19:09:58","date_gmt":"2025-01-15T19:09:58","guid":{"rendered":"https:\/\/www.businessandarts.org\/?page_id=24672"},"modified":"2026-03-23T16:39:48","modified_gmt":"2026-03-23T16:39:48","slug":"winnipeg","status":"publish","type":"page","link":"https:\/\/www.businessandarts.org\/fr\/artsvest\/winnipeg\/","title":{"rendered":"\u00c0 propos Winnipeg"},"content":{"rendered":"<div class=\"fortheart-ctnt text-center\">\n<h2 class=\"section-title\" style=\"text-align: center;\"><g class=\"gr_ gr_13 gr-alert gr_spell gr_inline_cards gr_run_anim ContextualSpelling ins-del multiReplace\" id=\"13\" data-gr-id=\"13\"><span style=\"color: #a8873d;\">artsvest R\u00e9gional &#8211; Winnipeg<\/span><\/g><\/h2>\n<\/div>\n<p style=\"text-align: center;\"><strong>Nous vous remercions de l&#8217;int\u00e9r\u00eat que vous portez \u00e0 artsvest R\u00e9gional \u00e0 Winnipeg. <strong class=\"variable-font\">Les candidatures sont maintenant closes pour l\u2019ann\u00e9e 2026.<\/strong><br \/>\nEn 2026, le programme accueillera 15 organismes artistiques, culturels et patrimoniaux de petite ou de moyenne taille.\u00a0<\/strong><span style=\"font-weight: 400;\"><\/span><\/p>\n<p><span>Les organismes qui participent au programme b\u00e9n\u00e9ficient d&#8217;un soutien, de conseils, d&#8217;outils et d&#8217;une formation pr\u00e9sent\u00e9s sous forme de webinaires de groupe, de r\u00e9seautage entre pairs et de sessions de mentorat personnalis\u00e9es. Les organismes s\u00e9lectionn\u00e9s auront acc\u00e8s \u00e0 des fonds de contrepartie (jusqu&#8217;\u00e0 5 000 dollars chacun) qui pourront \u00eatre utilis\u00e9s comme incitation \u00e0 la poursuite d&#8217;opportunit\u00e9s de parrainage.<\/span><\/p>\n<h4><b><span style=\"color: black;\">Pour pr\u00e9senter une demande:<\/span><\/b><\/h4>\n<div class=\"fortheart-ctnt text-center\">\n<div class=\"pkg-desc\">\n<div class=\"pkg-desc\">\n<div class=\"fortheart-ctnt text-center\">\n<p data-pm-slice=\"1 1 []\"><em><span>Lorsque vous postulez \u00e0 <\/span><strong><span>artsvest R\u00e9gional<\/span><\/strong><span>, vous \u00eates automatiquement inscrit \u00e0 <\/span><\/em><a href=\"https:\/\/www.businessandarts.org\/fr\/artsvest\/national\/\" target=\"_blank\" rel=\"noopener\" tabindex=\"-1\"><em><strong><span>artsvest National<\/span><\/strong><\/em><\/a><em><span>, programme virtuel de mentorat et de formation accessible et gratuit qui vise \u00e0 renforcer les capacit\u00e9s des organismes culturels partout au Canada. <\/span><\/em><\/p>\n<p>Les organismes int\u00e9ress\u00e9s sont invit\u00e9s \u00e0 remplir une demande en ligne qui sera \u00e9valu\u00e9e par le comit\u00e9 en fonction des crit\u00e8res suivants :<\/p>\n<\/div>\n<\/div>\n<\/div>\n<\/div>\n<div class=\"pkg-desc\">\n<ul class=\"def-ul\">\n<li><span style=\"font-weight: 400;\">Les besoins de votre organisme en mati\u00e8re de formation artsvest et votre engagement \u00e0 suivre ces formations.<\/span><\/li>\n<li><span style=\"font-weight: 400;\">L&#8217;engagement de votre organisme envers les communaut\u00e9s rurales, \u00e9loign\u00e9es ou qui sont soucieuses d&#8217;\u00e9quit\u00e9.<\/span><\/li>\n<\/ul>\n<\/div>\n<div class=\"pkg-desc\">\n<h3 style=\"text-align: center;\">Les candidatures sont maintenant closes pour l\u2019ann\u00e9e 2026.<\/h3>\n<\/div>\n<div class=\"pkg-desc\">\n<hr \/>\n<p>Contactez-nous : <a href=\"mailto:artsvest@businessforthearts.org\">artsvest@businessforthearts.org<\/a><\/p>\n<hr \/>\n<h4 class=\"variable-font\"><strong class=\"variable-font\"><span style=\"color: black;\">\u00c0 propos des programmes artsvest et artsvest R\u00e9gional :<\/span><\/strong><\/h4>\n<p><b>artsvest<\/b><span style=\"font-weight: 400;\"> est le programme principal de mentorat et de formation d\u2019Affaires \/ Arts et permet de d\u00e9velopper la capacit\u00e9 du secteur culturel canadien.<\/span><\/p>\n<p><b>artsvest R\u00e9gional<\/b><span style=\"font-weight: 400;\"> est un programme r\u00e9gional disponible dans certaines communaut\u00e9s dot\u00e9es d\u2019un partenaire financier local. Ce programme r\u00e9gional est pr\u00e9sent\u00e9 en compl\u00e9ment au segment national et offre une formation plus cibl\u00e9e en mati\u00e8re de commandite ainsi que des fonds de contrepartie. Lorsque vous postulez \u00e0 artsvest R\u00e9gional, vous \u00eates automatiquement inscrit \u00e0 artsvest National.\u00a0<\/span><\/p>\n<p><span style=\"font-weight: 400;\">Pour plus d\u2019informations sur le programme national artsvest, <\/span><a href=\"https:\/\/www.businessandarts.org\/fr\/artsvest\/national\/\"><span style=\"font-weight: 400;\">cliquez ici<\/span><\/a><span style=\"font-weight: 400;\">.<\/span><\/p>\n<p>&nbsp;<\/p>\n<hr \/>\n<h5><\/h5>\n<h5><span style=\"color: black;\">Partenaires et bailleurs de fonds<\/span><\/h5>\n<p>&nbsp;<\/p>\n<div class=\"su-row\"><div class=\"su-column su-column-size-1-1\"><div class=\"su-column-inner su-u-clearfix su-u-trim\">\n<p><img loading=\"lazy\" decoding=\"async\" src=\"https:\/\/www.businessandarts.org\/wp-content\/uploads\/2024\/09\/Canada-1.png\" alt=\"\" width=\"150\" height=\"36\" class=\" wp-image-23768 aligncenter\" \/><\/p>\n<\/div><\/div>\n<\/div>\n<p>&nbsp;<\/p>\n<div class=\"su-row\"><div class=\"su-column su-column-size-1-2\"><div class=\"su-column-inner su-u-clearfix su-u-trim\">\n<p><img loading=\"lazy\" decoding=\"async\" src=\"https:\/\/www.businessandarts.org\/wp-content\/uploads\/2026\/01\/CCC-F.png\" alt=\"\" width=\"410\" height=\"68\" class=\" wp-image-28474 aligncenter\" \/><\/p>\n<\/div><\/div><div class=\"su-column su-column-size-1-2\"><div class=\"su-column-inner su-u-clearfix su-u-trim\">\n<p><img loading=\"lazy\" decoding=\"async\" src=\"https:\/\/www.businessandarts.org\/wp-content\/uploads\/2025\/01\/WpgFdn_Logo_JPG_Colour.jpg\" alt=\"\" width=\"166\" height=\"82\" class=\" wp-image-24695 aligncenter\" \/><\/p>\n<\/div><\/div> <\/div>\n<\/div>\n","protected":false},"excerpt":{"rendered":"<p>artsvest R\u00e9gional &#8211; Winnipeg Nous vous remercions de l&#8217;int\u00e9r\u00eat que vous portez \u00e0 artsvest R\u00e9gional \u00e0 Winnipeg. Les candidatures sont maintenant closes pour l\u2019ann\u00e9e 2026. En 2026, le programme accueillera 15 organismes artistiques, culturels et patrimoniaux de petite ou de<span class=\"ellipsis\">&hellip;<\/span><\/p>\n<div class=\"read-more\"><a href=\"https:\/\/www.businessandarts.org\/fr\/artsvest\/winnipeg\/\">Lire plus de <span class=\"screen-reader-text\">\u00c0 propos Winnipeg<\/span><span class=\"meta-nav\"> &#8250;<\/span><\/a><\/div>\n<p><!-- end of .read-more --><\/p>\n","protected":false},"author":27,"featured_media":0,"parent":17375,"menu_order":0,"comment_status":"closed","ping_status":"closed","template":"page-templates\/sidebar-with-bottom-logo.php","meta":{"_acf_changed":false,"footnotes":""},"class_list":["post-24672","page","type-page","status-publish","hentry"],"acf":[],"yoast_head":"<!-- This site is optimized with the Yoast SEO plugin v23.7 - https:\/\/yoast.com\/wordpress\/plugins\/seo\/ -->\n<title>\u00c0 propos Winnipeg - Business \/ Arts<\/title>\n<meta name=\"robots\" content=\"index, follow, max-snippet:-1, max-image-preview:large, max-video-preview:-1\" \/>\n<link rel=\"canonical\" href=\"https:\/\/www.businessandarts.org\/fr\/artsvest\/winnipeg\/\" \/>\n<meta property=\"og:locale\" content=\"fr_FR\" \/>\n<meta property=\"og:type\" content=\"article\" \/>\n<meta property=\"og:title\" content=\"\u00c0 propos Winnipeg - Business \/ Arts\" \/>\n<meta property=\"og:description\" content=\"artsvest R\u00e9gional &#8211; Winnipeg Nous vous remercions de l&#8217;int\u00e9r\u00eat que vous portez \u00e0 artsvest R\u00e9gional \u00e0 Winnipeg. Les candidatures sont maintenant closes pour l\u2019ann\u00e9e 2026. En 2026, le programme accueillera 15 organismes artistiques, culturels et patrimoniaux de petite ou de&hellip;Lire plus de \u00c0 propos Winnipeg &#8250;\" \/>\n<meta property=\"og:url\" content=\"https:\/\/www.businessandarts.org\/fr\/artsvest\/winnipeg\/\" \/>\n<meta property=\"og:site_name\" content=\"Business \/ Arts\" \/>\n<meta property=\"article:modified_time\" content=\"2026-03-23T16:39:48+00:00\" \/>\n<meta property=\"og:image\" content=\"https:\/\/www.businessandarts.org\/wp-content\/uploads\/2024\/09\/Canada-1.png\" \/>\n\t<meta property=\"og:image:width\" content=\"280\" \/>\n\t<meta property=\"og:image:height\" content=\"67\" \/>\n\t<meta property=\"og:image:type\" content=\"image\/png\" \/>\n<meta name=\"twitter:card\" content=\"summary_large_image\" \/>\n<meta name=\"twitter:label1\" content=\"Dur\u00e9e de lecture estim\u00e9e\" \/>\n\t<meta name=\"twitter:data1\" content=\"3 minutes\" \/>\n<script type=\"application\/ld+json\" class=\"yoast-schema-graph\">{\"@context\":\"https:\/\/schema.org\",\"@graph\":[{\"@type\":\"WebPage\",\"@id\":\"https:\/\/www.businessandarts.org\/fr\/artsvest\/winnipeg\/\",\"url\":\"https:\/\/www.businessandarts.org\/fr\/artsvest\/winnipeg\/\",\"name\":\"\u00c0 propos Winnipeg - Business \/ Arts\",\"isPartOf\":{\"@id\":\"https:\/\/www.businessandarts.org\/#website\"},\"primaryImageOfPage\":{\"@id\":\"https:\/\/www.businessandarts.org\/fr\/artsvest\/winnipeg\/#primaryimage\"},\"image\":{\"@id\":\"https:\/\/www.businessandarts.org\/fr\/artsvest\/winnipeg\/#primaryimage\"},\"thumbnailUrl\":\"https:\/\/www.businessandarts.org\/wp-content\/uploads\/2024\/09\/Canada-1.png\",\"datePublished\":\"2025-01-15T19:09:58+00:00\",\"dateModified\":\"2026-03-23T16:39:48+00:00\",\"breadcrumb\":{\"@id\":\"https:\/\/www.businessandarts.org\/fr\/artsvest\/winnipeg\/#breadcrumb\"},\"inLanguage\":\"fr-FR\",\"potentialAction\":[{\"@type\":\"ReadAction\",\"target\":[\"https:\/\/www.businessandarts.org\/fr\/artsvest\/winnipeg\/\"]}]},{\"@type\":\"ImageObject\",\"inLanguage\":\"fr-FR\",\"@id\":\"https:\/\/www.businessandarts.org\/fr\/artsvest\/winnipeg\/#primaryimage\",\"url\":\"https:\/\/www.businessandarts.org\/wp-content\/uploads\/2024\/09\/Canada-1.png\",\"contentUrl\":\"https:\/\/www.businessandarts.org\/wp-content\/uploads\/2024\/09\/Canada-1.png\"},{\"@type\":\"BreadcrumbList\",\"@id\":\"https:\/\/www.businessandarts.org\/fr\/artsvest\/winnipeg\/#breadcrumb\",\"itemListElement\":[{\"@type\":\"ListItem\",\"position\":1,\"name\":\"Home\",\"item\":\"https:\/\/www.businessandarts.org\/fr\/\"},{\"@type\":\"ListItem\",\"position\":2,\"name\":\"artsvest\",\"item\":\"https:\/\/www.businessandarts.org\/fr\/artsvest\/\"},{\"@type\":\"ListItem\",\"position\":3,\"name\":\"\u00c0 propos Winnipeg\"}]},{\"@type\":\"WebSite\",\"@id\":\"https:\/\/www.businessandarts.org\/#website\",\"url\":\"https:\/\/www.businessandarts.org\/\",\"name\":\"Business \/ Arts\",\"description\":\"\",\"potentialAction\":[{\"@type\":\"SearchAction\",\"target\":{\"@type\":\"EntryPoint\",\"urlTemplate\":\"https:\/\/www.businessandarts.org\/?s={search_term_string}\"},\"query-input\":{\"@type\":\"PropertyValueSpecification\",\"valueRequired\":true,\"valueName\":\"search_term_string\"}}],\"inLanguage\":\"fr-FR\"}]}<\/script>\n<!-- \/ Yoast SEO plugin. -->","yoast_head_json":{"title":"\u00c0 propos Winnipeg - Business \/ Arts","robots":{"index":"index","follow":"follow","max-snippet":"max-snippet:-1","max-image-preview":"max-image-preview:large","max-video-preview":"max-video-preview:-1"},"canonical":"https:\/\/www.businessandarts.org\/fr\/artsvest\/winnipeg\/","og_locale":"fr_FR","og_type":"article","og_title":"\u00c0 propos Winnipeg - Business \/ Arts","og_description":"artsvest R\u00e9gional &#8211; Winnipeg Nous vous remercions de l&#8217;int\u00e9r\u00eat que vous portez \u00e0 artsvest R\u00e9gional \u00e0 Winnipeg. Les candidatures sont maintenant closes pour l\u2019ann\u00e9e 2026. En 2026, le programme accueillera 15 organismes artistiques, culturels et patrimoniaux de petite ou de&hellip;Lire plus de \u00c0 propos Winnipeg &#8250;","og_url":"https:\/\/www.businessandarts.org\/fr\/artsvest\/winnipeg\/","og_site_name":"Business \/ Arts","article_modified_time":"2026-03-23T16:39:48+00:00","og_image":[{"width":280,"height":67,"url":"https:\/\/www.businessandarts.org\/wp-content\/uploads\/2024\/09\/Canada-1.png","type":"image\/png"}],"twitter_card":"summary_large_image","twitter_misc":{"Dur\u00e9e de lecture estim\u00e9e":"3 minutes"},"schema":{"@context":"https:\/\/schema.org","@graph":[{"@type":"WebPage","@id":"https:\/\/www.businessandarts.org\/fr\/artsvest\/winnipeg\/","url":"https:\/\/www.businessandarts.org\/fr\/artsvest\/winnipeg\/","name":"\u00c0 propos Winnipeg - Business \/ Arts","isPartOf":{"@id":"https:\/\/www.businessandarts.org\/#website"},"primaryImageOfPage":{"@id":"https:\/\/www.businessandarts.org\/fr\/artsvest\/winnipeg\/#primaryimage"},"image":{"@id":"https:\/\/www.businessandarts.org\/fr\/artsvest\/winnipeg\/#primaryimage"},"thumbnailUrl":"https:\/\/www.businessandarts.org\/wp-content\/uploads\/2024\/09\/Canada-1.png","datePublished":"2025-01-15T19:09:58+00:00","dateModified":"2026-03-23T16:39:48+00:00","breadcrumb":{"@id":"https:\/\/www.businessandarts.org\/fr\/artsvest\/winnipeg\/#breadcrumb"},"inLanguage":"fr-FR","potentialAction":[{"@type":"ReadAction","target":["https:\/\/www.businessandarts.org\/fr\/artsvest\/winnipeg\/"]}]},{"@type":"ImageObject","inLanguage":"fr-FR","@id":"https:\/\/www.businessandarts.org\/fr\/artsvest\/winnipeg\/#primaryimage","url":"https:\/\/www.businessandarts.org\/wp-content\/uploads\/2024\/09\/Canada-1.png","contentUrl":"https:\/\/www.businessandarts.org\/wp-content\/uploads\/2024\/09\/Canada-1.png"},{"@type":"BreadcrumbList","@id":"https:\/\/www.businessandarts.org\/fr\/artsvest\/winnipeg\/#breadcrumb","itemListElement":[{"@type":"ListItem","position":1,"name":"Home","item":"https:\/\/www.businessandarts.org\/fr\/"},{"@type":"ListItem","position":2,"name":"artsvest","item":"https:\/\/www.businessandarts.org\/fr\/artsvest\/"},{"@type":"ListItem","position":3,"name":"\u00c0 propos Winnipeg"}]},{"@type":"WebSite","@id":"https:\/\/www.businessandarts.org\/#website","url":"https:\/\/www.businessandarts.org\/","name":"Business \/ Arts","description":"","potentialAction":[{"@type":"SearchAction","target":{"@type":"EntryPoint","urlTemplate":"https:\/\/www.businessandarts.org\/?s={search_term_string}"},"query-input":{"@type":"PropertyValueSpecification","valueRequired":true,"valueName":"search_term_string"}}],"inLanguage":"fr-FR"}]}},"_links":{"self":[{"href":"https:\/\/www.businessandarts.org\/fr\/wp-json\/wp\/v2\/pages\/24672","targetHints":{"allow":["GET"]}}],"collection":[{"href":"https:\/\/www.businessandarts.org\/fr\/wp-json\/wp\/v2\/pages"}],"about":[{"href":"https:\/\/www.businessandarts.org\/fr\/wp-json\/wp\/v2\/types\/page"}],"author":[{"embeddable":true,"href":"https:\/\/www.businessandarts.org\/fr\/wp-json\/wp\/v2\/users\/27"}],"replies":[{"embeddable":true,"href":"https:\/\/www.businessandarts.org\/fr\/wp-json\/wp\/v2\/comments?post=24672"}],"version-history":[{"count":25,"href":"https:\/\/www.businessandarts.org\/fr\/wp-json\/wp\/v2\/pages\/24672\/revisions"}],"predecessor-version":[{"id":30729,"href":"https:\/\/www.businessandarts.org\/fr\/wp-json\/wp\/v2\/pages\/24672\/revisions\/30729"}],"up":[{"embeddable":true,"href":"https:\/\/www.businessandarts.org\/fr\/wp-json\/wp\/v2\/pages\/17375"}],"wp:attachment":[{"href":"https:\/\/www.businessandarts.org\/fr\/wp-json\/wp\/v2\/media?parent=24672"}],"curies":[{"name":"wp","href":"https:\/\/api.w.org\/{rel}","templated":true}]}}