{"id":2462,"date":"2018-06-18T12:50:14","date_gmt":"2018-06-18T12:50:14","guid":{"rendered":"https:\/\/www.businessandarts.org\/about-british-columbia\/"},"modified":"2026-04-02T03:40:37","modified_gmt":"2026-04-02T03:40:37","slug":"britishcolumbia","status":"publish","type":"page","link":"https:\/\/www.businessandarts.org\/fr\/artsvest\/britishcolumbia\/","title":{"rendered":"\u00c0 propos Colombie Britannique"},"content":{"rendered":"<div class=\"fortheart-ctnt text-center\">\n<h2 class=\"section-title\" style=\"text-align: center;\"><g class=\"gr_ gr_13 gr-alert gr_spell gr_inline_cards gr_run_anim ContextualSpelling ins-del multiReplace\" id=\"13\" data-gr-id=\"13\"><span style=\"color: #7fbd42;\">artsvest R\u00e9gional &#8211; Colombie-Britannique<\/span><\/g><\/h2>\n<\/div>\n<div class=\"fortheart-ctnt text-center\">\n<p class=\"variable-font\" style=\"text-align: center;\"><strong class=\"variable-font\">Nous vous remercions de l\u2019int\u00e9r\u00eat que vous portez \u00e0 artsvest R\u00e9gional en Colombie-Brittanique.<br \/>\n<\/strong><strong class=\"variable-font\">En 2026, le programme accueillera 20 organismes artistiques, culturels et patrimoniaux de petite ou de moyenne taille.\u00a0<\/strong><\/p>\n<p>artsvest R\u00e9gional en Colombie-Brittanique peut vous aider votre organisation \u00e0 d\u00e9velopper la capacit\u00e9 dans le secteur des commandites, \u00e0 b\u00e9n\u00e9ficier de mentorats personnalis\u00e9s et \u00e0 suivre une formation sp\u00e9cialis\u00e9e dans un grande vari\u00e9t\u00e9 de comp\u00e9tences et de sujets. Alli\u00e9 \u00e0 des fonds incitatifs de contrepartie pour les nouvelles commandites jusqu\u2019\u00e0 3 750 $, ce programme r\u00e9gional fournit aux organismes les outils n\u00e9cessaires pour attirer et conserver des partenaires corporatifs, afin de leur permettre de progresser et de s\u2019\u00e9panouir.<\/p>\n<\/div>\n<p>&nbsp;<\/p>\n<div class=\"fortheart-ctnt text-center variable-font\">\n<h4 class=\"variable-font\"><b class=\"variable-font\">Pour pr\u00e9senter une demande :<\/b><\/h4>\n<p data-pm-slice=\"1 1 []\" class=\"variable-font\"><em class=\"variable-font\"><span class=\"variable-font\">Lorsque vous postulez \u00e0<span>\u00a0<\/span><\/span><strong class=\"variable-font\"><span class=\"variable-font\">artsvest R\u00e9gional<\/span><\/strong><span class=\"variable-font\">, vous \u00eates automatiquement inscrit \u00e0<span>\u00a0<\/span><\/span><\/em><a href=\"https:\/\/www.businessandarts.org\/fr\/artsvest\/national\/\" target=\"_blank\" rel=\"noopener\" class=\"variable-font\" tabindex=\"55\"><em class=\"variable-font\"><strong class=\"variable-font\"><span class=\"variable-font\">artsvest National<\/span><\/strong><\/em><\/a>.<\/p>\n<p data-pm-slice=\"1 1 []\" class=\"variable-font\">Les organismes int\u00e9ress\u00e9s sont invit\u00e9s \u00e0 remplir une demande en ligne qui sera \u00e9valu\u00e9e par le comit\u00e9<span>\u00a0<\/span><span class=\"variable-font\">en fonction<span>\u00a0<\/span><\/span>des crit\u00e8res suivants :<\/p>\n<\/div>\n<div class=\"pkg-desc variable-font\">\n<ul class=\"def-ul variable-font\">\n<li class=\"variable-font\"><span class=\"variable-font\">Les besoins de votre organisme en mati\u00e8re de formation artsvest et votre engagement \u00e0 suivre ces formations.<\/span><\/li>\n<li class=\"variable-font\"><span class=\"variable-font\">L\u2019engagement de votre organisme envers les communaut\u00e9s rurales, \u00e9loign\u00e9es ou qui sont soucieuses d\u2019\u00e9quit\u00e9.<\/span><\/li>\n<\/ul>\n<\/div>\n<div class=\"fortheart-ctnt text-center\">\n<h3 style=\"text-align: center;\"><strong>Pr\u00e9sentez votre demande d&#8217;ici le 23 avril 2026.<\/strong><\/h3>\n<div class=\"pkg-desc\">\n<div style=\"width: 300px; background: #68a9db; color: #ffffff; text-align: center; padding: .5em; font-size: 24px; border-radius: .5em; font-family: avenir, helvetica, arial, san-serif; margin: 1em auto;\"><a href=\"https:\/\/fs7.formsite.com\/W1pYtS\/8oyiuho270\/index\"><strong><span style=\"color: #ffffff;\">Pour postuler<\/span><\/strong><\/a><\/div>\n<\/div>\n<\/div>\n<div class=\"pkg-desc\">\n<div class=\"pkg-desc\">\n<div class=\"fortheart-ctnt text-center\">\n<div class=\"pkg-desc\">\n<div class=\"pkg-desc\">\n<div class=\"fortheart-ctnt text-center\">\n<div class=\"pkg-desc\">\n<div class=\"pkg-desc\">\n<hr \/>\n<p>Contactez-nous : <a href=\"mailto:artsvest@businessforthearts.org\">artsvest@businessforthearts.org<\/a><\/p>\n<hr \/>\n<h3 style=\"text-align: center;\"><span style=\"color: #7fbd42;\">L&#8217;impact du programme artsvest en Colombie Britannique<\/span><\/h3>\n<p>Nous avons lanc\u00e9 le programme en Colombie-Britannique en 2012. Depuis, 456 organismes ont accumul\u00e9 3 724 heures de formation et recueilli 4,08 millions de dollars aupr\u00e8s d&#8217;entreprises locales. Avec les fonds de contrepartie, cela a rapport\u00e9 5,74 millions de dollars directement aux organismes artistiques de la province.<\/p>\n<p><img loading=\"lazy\" decoding=\"async\" src=\"https:\/\/www.businessandarts.org\/wp-content\/uploads\/2026\/02\/BC-impact-F.png\" alt=\"\" width=\"782\" height=\"275\" class=\" wp-image-29323 aligncenter\" \/><\/p>\n<hr \/>\n<h4><strong>\u00c0 propos des programmes artsvest et artsvest R\u00e9gional :<\/strong><\/h4>\n<p class=\"variable-font\"><b class=\"variable-font\">artsvest<\/b><span class=\"variable-font\">\u00a0est le programme principal de mentorat et de formation d\u2019Affaires \/ Arts et permet de d\u00e9velopper la capacit\u00e9 du secteur culturel canadien.<br \/>\n<\/span><b class=\"variable-font\">artsvest R\u00e9gional<\/b><span class=\"variable-font\">\u00a0est un programme r\u00e9gional disponible dans certaines communaut\u00e9s dot\u00e9es d\u2019un partenaire financier local. Ce programme r\u00e9gional est pr\u00e9sent\u00e9 en compl\u00e9ment au segment national et offre une formation plus cibl\u00e9e en mati\u00e8re de commandite ainsi que des fonds de contrepartie. Lorsque vous postulez \u00e0 artsvest R\u00e9gional, vous \u00eates automatiquement inscrit \u00e0 artsvest National.\u00a0<\/span><\/p>\n<p>Pour plus d\u2019informations sur le programme national artsvest, <a data-cke-saved-href=\"\/?page_id=17375\" href=\"\/?page_id=17375\" target=\"_blank\" rel=\"noopener\"><span><u>cliquez ici<\/u><\/span><\/a>.<\/p>\n<\/div>\n<hr \/>\n<h5 style=\"text-align: left;\">Partenaires et bailleurs de fonds<\/h5>\n<p>&nbsp;<\/p>\n<div class=\"su-row\"><div class=\"su-column su-column-size-1-1\"><div class=\"su-column-inner su-u-clearfix su-u-trim\">\n<p><img loading=\"lazy\" decoding=\"async\" src=\"https:\/\/www.businessandarts.org\/wp-content\/uploads\/2024\/09\/Canada-1.png\" alt=\"\" width=\"150\" height=\"36\" class=\" wp-image-23768 aligncenter\" \/><\/p>\n<\/div><\/div>\n<\/div>\n<p>&nbsp;<\/p>\n<div class=\"su-row\"><div class=\"su-column su-column-size-1-2\"><div class=\"su-column-inner su-u-clearfix su-u-trim\">\n<p><img loading=\"lazy\" decoding=\"async\" src=\"https:\/\/www.businessandarts.org\/wp-content\/uploads\/2026\/01\/CCC-F.png\" alt=\"\" width=\"410\" height=\"68\" class=\" wp-image-28474 aligncenter\" \/><\/p>\n<\/div><\/div><div class=\"su-column su-column-size-1-2\"><div class=\"su-column-inner su-u-clearfix su-u-trim\">\n<p><img loading=\"lazy\" decoding=\"async\" src=\"https:\/\/www.businessandarts.org\/wp-content\/uploads\/2026\/01\/BC-logo-upd-1.png\" alt=\"\" width=\"429\" height=\"72\" class=\" wp-image-28540 aligncenter\" \/><\/p>\n<\/div><\/div> <\/div>\n<\/div>\n<\/div>\n<\/div>\n<\/div>\n<\/div>\n<\/div>\n<\/div>\n","protected":false},"excerpt":{"rendered":"<p>artsvest R\u00e9gional &#8211; Colombie-Britannique Nous vous remercions de l\u2019int\u00e9r\u00eat que vous portez \u00e0 artsvest R\u00e9gional en Colombie-Brittanique. En 2026, le programme accueillera 20 organismes artistiques, culturels et patrimoniaux de petite ou de moyenne taille.\u00a0 artsvest R\u00e9gional en Colombie-Brittanique peut vous<span class=\"ellipsis\">&hellip;<\/span><\/p>\n<div class=\"read-more\"><a href=\"https:\/\/www.businessandarts.org\/fr\/artsvest\/britishcolumbia\/\">Lire plus de <span class=\"screen-reader-text\">\u00c0 propos Colombie Britannique<\/span><span class=\"meta-nav\"> &#8250;<\/span><\/a><\/div>\n<p><!-- end of .read-more --><\/p>\n","protected":false},"author":1,"featured_media":0,"parent":17375,"menu_order":0,"comment_status":"closed","ping_status":"closed","template":"page-templates\/artvest-about.php","meta":{"_acf_changed":false,"footnotes":""},"class_list":["post-2462","page","type-page","status-publish","hentry"],"acf":[],"yoast_head":"<!-- This site is optimized with the Yoast SEO plugin v23.7 - https:\/\/yoast.com\/wordpress\/plugins\/seo\/ -->\n<title>\u00c0 propos Colombie Britannique - Business \/ Arts<\/title>\n<meta name=\"robots\" content=\"index, follow, max-snippet:-1, max-image-preview:large, max-video-preview:-1\" \/>\n<link rel=\"canonical\" href=\"https:\/\/www.businessandarts.org\/fr\/artsvest\/britishcolumbia\/\" \/>\n<meta property=\"og:locale\" content=\"fr_FR\" \/>\n<meta property=\"og:type\" content=\"article\" \/>\n<meta property=\"og:title\" content=\"\u00c0 propos Colombie Britannique - Business \/ Arts\" \/>\n<meta property=\"og:description\" content=\"artsvest R\u00e9gional &#8211; Colombie-Britannique Nous vous remercions de l\u2019int\u00e9r\u00eat que vous portez \u00e0 artsvest R\u00e9gional en Colombie-Brittanique. En 2026, le programme accueillera 20 organismes artistiques, culturels et patrimoniaux de petite ou de moyenne taille.\u00a0 artsvest R\u00e9gional en Colombie-Brittanique peut vous&hellip;Lire plus de \u00c0 propos Colombie Britannique &#8250;\" \/>\n<meta property=\"og:url\" content=\"https:\/\/www.businessandarts.org\/fr\/artsvest\/britishcolumbia\/\" \/>\n<meta property=\"og:site_name\" content=\"Business \/ Arts\" \/>\n<meta property=\"article:modified_time\" content=\"2026-04-02T03:40:37+00:00\" \/>\n<meta property=\"og:image\" content=\"https:\/\/www.businessandarts.org\/wp-content\/uploads\/2026\/02\/BC-impact-F.png\" \/>\n\t<meta property=\"og:image:width\" content=\"1600\" \/>\n\t<meta property=\"og:image:height\" content=\"563\" \/>\n\t<meta property=\"og:image:type\" content=\"image\/png\" \/>\n<meta name=\"twitter:card\" content=\"summary_large_image\" \/>\n<meta name=\"twitter:label1\" content=\"Dur\u00e9e de lecture estim\u00e9e\" \/>\n\t<meta name=\"twitter:data1\" content=\"3 minutes\" \/>\n<script type=\"application\/ld+json\" class=\"yoast-schema-graph\">{\"@context\":\"https:\/\/schema.org\",\"@graph\":[{\"@type\":\"WebPage\",\"@id\":\"https:\/\/www.businessandarts.org\/fr\/artsvest\/britishcolumbia\/\",\"url\":\"https:\/\/www.businessandarts.org\/fr\/artsvest\/britishcolumbia\/\",\"name\":\"\u00c0 propos Colombie Britannique - Business \/ Arts\",\"isPartOf\":{\"@id\":\"https:\/\/www.businessandarts.org\/#website\"},\"primaryImageOfPage\":{\"@id\":\"https:\/\/www.businessandarts.org\/fr\/artsvest\/britishcolumbia\/#primaryimage\"},\"image\":{\"@id\":\"https:\/\/www.businessandarts.org\/fr\/artsvest\/britishcolumbia\/#primaryimage\"},\"thumbnailUrl\":\"https:\/\/www.businessandarts.org\/wp-content\/uploads\/2026\/02\/BC-impact-F.png\",\"datePublished\":\"2018-06-18T12:50:14+00:00\",\"dateModified\":\"2026-04-02T03:40:37+00:00\",\"breadcrumb\":{\"@id\":\"https:\/\/www.businessandarts.org\/fr\/artsvest\/britishcolumbia\/#breadcrumb\"},\"inLanguage\":\"fr-FR\",\"potentialAction\":[{\"@type\":\"ReadAction\",\"target\":[\"https:\/\/www.businessandarts.org\/fr\/artsvest\/britishcolumbia\/\"]}]},{\"@type\":\"ImageObject\",\"inLanguage\":\"fr-FR\",\"@id\":\"https:\/\/www.businessandarts.org\/fr\/artsvest\/britishcolumbia\/#primaryimage\",\"url\":\"https:\/\/www.businessandarts.org\/wp-content\/uploads\/2026\/02\/BC-impact-F.png\",\"contentUrl\":\"https:\/\/www.businessandarts.org\/wp-content\/uploads\/2026\/02\/BC-impact-F.png\"},{\"@type\":\"BreadcrumbList\",\"@id\":\"https:\/\/www.businessandarts.org\/fr\/artsvest\/britishcolumbia\/#breadcrumb\",\"itemListElement\":[{\"@type\":\"ListItem\",\"position\":1,\"name\":\"Home\",\"item\":\"https:\/\/www.businessandarts.org\/fr\/\"},{\"@type\":\"ListItem\",\"position\":2,\"name\":\"artsvest\",\"item\":\"https:\/\/www.businessandarts.org\/fr\/artsvest\/\"},{\"@type\":\"ListItem\",\"position\":3,\"name\":\"\u00c0 propos Colombie Britannique\"}]},{\"@type\":\"WebSite\",\"@id\":\"https:\/\/www.businessandarts.org\/#website\",\"url\":\"https:\/\/www.businessandarts.org\/\",\"name\":\"Business \/ Arts\",\"description\":\"\",\"potentialAction\":[{\"@type\":\"SearchAction\",\"target\":{\"@type\":\"EntryPoint\",\"urlTemplate\":\"https:\/\/www.businessandarts.org\/?s={search_term_string}\"},\"query-input\":{\"@type\":\"PropertyValueSpecification\",\"valueRequired\":true,\"valueName\":\"search_term_string\"}}],\"inLanguage\":\"fr-FR\"}]}<\/script>\n<!-- \/ Yoast SEO plugin. -->","yoast_head_json":{"title":"\u00c0 propos Colombie Britannique - Business \/ Arts","robots":{"index":"index","follow":"follow","max-snippet":"max-snippet:-1","max-image-preview":"max-image-preview:large","max-video-preview":"max-video-preview:-1"},"canonical":"https:\/\/www.businessandarts.org\/fr\/artsvest\/britishcolumbia\/","og_locale":"fr_FR","og_type":"article","og_title":"\u00c0 propos Colombie Britannique - Business \/ Arts","og_description":"artsvest R\u00e9gional &#8211; Colombie-Britannique Nous vous remercions de l\u2019int\u00e9r\u00eat que vous portez \u00e0 artsvest R\u00e9gional en Colombie-Brittanique. En 2026, le programme accueillera 20 organismes artistiques, culturels et patrimoniaux de petite ou de moyenne taille.\u00a0 artsvest R\u00e9gional en Colombie-Brittanique peut vous&hellip;Lire plus de \u00c0 propos Colombie Britannique &#8250;","og_url":"https:\/\/www.businessandarts.org\/fr\/artsvest\/britishcolumbia\/","og_site_name":"Business \/ Arts","article_modified_time":"2026-04-02T03:40:37+00:00","og_image":[{"width":1600,"height":563,"url":"https:\/\/www.businessandarts.org\/wp-content\/uploads\/2026\/02\/BC-impact-F.png","type":"image\/png"}],"twitter_card":"summary_large_image","twitter_misc":{"Dur\u00e9e de lecture estim\u00e9e":"3 minutes"},"schema":{"@context":"https:\/\/schema.org","@graph":[{"@type":"WebPage","@id":"https:\/\/www.businessandarts.org\/fr\/artsvest\/britishcolumbia\/","url":"https:\/\/www.businessandarts.org\/fr\/artsvest\/britishcolumbia\/","name":"\u00c0 propos Colombie Britannique - Business \/ Arts","isPartOf":{"@id":"https:\/\/www.businessandarts.org\/#website"},"primaryImageOfPage":{"@id":"https:\/\/www.businessandarts.org\/fr\/artsvest\/britishcolumbia\/#primaryimage"},"image":{"@id":"https:\/\/www.businessandarts.org\/fr\/artsvest\/britishcolumbia\/#primaryimage"},"thumbnailUrl":"https:\/\/www.businessandarts.org\/wp-content\/uploads\/2026\/02\/BC-impact-F.png","datePublished":"2018-06-18T12:50:14+00:00","dateModified":"2026-04-02T03:40:37+00:00","breadcrumb":{"@id":"https:\/\/www.businessandarts.org\/fr\/artsvest\/britishcolumbia\/#breadcrumb"},"inLanguage":"fr-FR","potentialAction":[{"@type":"ReadAction","target":["https:\/\/www.businessandarts.org\/fr\/artsvest\/britishcolumbia\/"]}]},{"@type":"ImageObject","inLanguage":"fr-FR","@id":"https:\/\/www.businessandarts.org\/fr\/artsvest\/britishcolumbia\/#primaryimage","url":"https:\/\/www.businessandarts.org\/wp-content\/uploads\/2026\/02\/BC-impact-F.png","contentUrl":"https:\/\/www.businessandarts.org\/wp-content\/uploads\/2026\/02\/BC-impact-F.png"},{"@type":"BreadcrumbList","@id":"https:\/\/www.businessandarts.org\/fr\/artsvest\/britishcolumbia\/#breadcrumb","itemListElement":[{"@type":"ListItem","position":1,"name":"Home","item":"https:\/\/www.businessandarts.org\/fr\/"},{"@type":"ListItem","position":2,"name":"artsvest","item":"https:\/\/www.businessandarts.org\/fr\/artsvest\/"},{"@type":"ListItem","position":3,"name":"\u00c0 propos Colombie Britannique"}]},{"@type":"WebSite","@id":"https:\/\/www.businessandarts.org\/#website","url":"https:\/\/www.businessandarts.org\/","name":"Business \/ Arts","description":"","potentialAction":[{"@type":"SearchAction","target":{"@type":"EntryPoint","urlTemplate":"https:\/\/www.businessandarts.org\/?s={search_term_string}"},"query-input":{"@type":"PropertyValueSpecification","valueRequired":true,"valueName":"search_term_string"}}],"inLanguage":"fr-FR"}]}},"_links":{"self":[{"href":"https:\/\/www.businessandarts.org\/fr\/wp-json\/wp\/v2\/pages\/2462","targetHints":{"allow":["GET"]}}],"collection":[{"href":"https:\/\/www.businessandarts.org\/fr\/wp-json\/wp\/v2\/pages"}],"about":[{"href":"https:\/\/www.businessandarts.org\/fr\/wp-json\/wp\/v2\/types\/page"}],"author":[{"embeddable":true,"href":"https:\/\/www.businessandarts.org\/fr\/wp-json\/wp\/v2\/users\/1"}],"replies":[{"embeddable":true,"href":"https:\/\/www.businessandarts.org\/fr\/wp-json\/wp\/v2\/comments?post=2462"}],"version-history":[{"count":29,"href":"https:\/\/www.businessandarts.org\/fr\/wp-json\/wp\/v2\/pages\/2462\/revisions"}],"predecessor-version":[{"id":30884,"href":"https:\/\/www.businessandarts.org\/fr\/wp-json\/wp\/v2\/pages\/2462\/revisions\/30884"}],"up":[{"embeddable":true,"href":"https:\/\/www.businessandarts.org\/fr\/wp-json\/wp\/v2\/pages\/17375"}],"wp:attachment":[{"href":"https:\/\/www.businessandarts.org\/fr\/wp-json\/wp\/v2\/media?parent=2462"}],"curies":[{"name":"wp","href":"https:\/\/api.w.org\/{rel}","templated":true}]}}