{"id":24615,"date":"2024-12-17T15:41:26","date_gmt":"2024-12-17T15:41:26","guid":{"rendered":"https:\/\/www.businessandarts.org\/?page_id=24615"},"modified":"2025-11-20T12:19:14","modified_gmt":"2025-11-20T12:19:14","slug":"reflexions-de-leaders-emergents-sur-les-arts-et-la-culture-au-canada","status":"publish","type":"page","link":"https:\/\/www.businessandarts.org\/fr\/executive-leadership-program\/reflexions-de-leaders-emergents-sur-les-arts-et-la-culture-au-canada\/","title":{"rendered":"R\u00e9flexions de leaders \u00e9mergents sur les arts et la culture au Canada"},"content":{"rendered":"<h3 style=\"text-align: center;\"><span style=\"color: #4077a6;\">R\u00e9flexions de leaders \u00e9mergents sur les arts et la culture au Canada<\/span><\/h3>\n<p><span style=\"font-weight: 400;\">Le secteur des arts et de la culture du Canada \u00e9volue vers un avenir dynamique o\u00f9 les enjeux et les nouvelles possibilit\u00e9s se c\u00f4toient chaque jour. <a href=\"https:\/\/www.businessandarts.org\/fr\/programme-emmergence-de-leadership\/\">Le programme \u00c9mergence de leadership<\/a> pr\u00e9sente des acteurs cl\u00e9s qui feront avancer la prochaine vague de d\u00e9veloppement artistique \u00e0 l&#8217;\u00e9chelle du pays.<\/span><\/p>\n<p><span style=\"font-weight: 400;\">Plus t\u00f4t cette ann\u00e9e, \u00e0 l\u2019occasion du <a href=\"https:\/\/www.businessandarts.org\/fr\/cas\/\">Sommet canadien des arts 2024<\/a>, ces acteurs se sont r\u00e9unis pour \u00e9changer des id\u00e9es, lancer de nouvelles initiatives et envisager un avenir o\u00f9 les arts et la culture pourront continuer \u00e0 prosp\u00e9rer. Une s\u00e9rie de discussions, d&#8217;ateliers et d&#8217;occasions de r\u00e9seautage ont permis \u00e0 cette cohorte de se pencher sur ce que signifie pour elle le leadership dans les arts en d\u00e9couvrant les valeurs partag\u00e9es qui motivent son engagement dans le secteur.<\/span><\/p>\n<p><span style=\"font-weight: 400;\">Explorez de courtes vid\u00e9os qui pr\u00e9sentent les r\u00e9flexions de plusieurs participant.e.s, ainsi que leur vision, leurs valeurs et leurs motivations.<\/span><\/p>\n<div class=\"su-row\"><div class=\"su-column su-column-size-1-2\"><div class=\"su-column-inner su-u-clearfix su-u-trim\">\n<p><iframe loading=\"lazy\" width=\"560\" height=\"315\" src=\"https:\/\/www.youtube.com\/embed\/YRkgUaVs56g?si=ALUIIsJlLqL2_kw1\" title=\"YouTube video player\" frameborder=\"0\" allow=\"accelerometer; autoplay; clipboard-write; encrypted-media; gyroscope; picture-in-picture; web-share\" referrerpolicy=\"strict-origin-when-cross-origin\" allowfullscreen=\"allowfullscreen\"><\/iframe><\/p>\n<\/div><\/div> <div class=\"su-column su-column-size-1-2\"><div class=\"su-column-inner su-u-clearfix su-u-trim\">\n<h3 style=\"text-align: left;\"><span style=\"color: #4077a6;\">Quels sont vos souhaits pour le secteur des arts et de la culture au Canada pour les 50 prochaines ann\u00e9es?<\/span><\/h3>\n<p><strong>R\u00e9ponses fournies par les leaders \u00e9mergents suivants\u00a0:<\/strong><\/p>\n<ul>\n<li><span style=\"font-weight: 400;\"><strong>Joshua Dalledonne<\/strong>, directeur associ\u00e9 de la cr\u00e9ation, Arts Commons<\/span><\/li>\n<li><span style=\"font-weight: 400;\"><strong>Simon Ouellette<\/strong>, directeur g\u00e9n\u00e9ral, Orchestre symphonique de Laval<\/span><\/li>\n<\/ul>\n<ul><\/ul>\n<\/div><\/div> <\/div>\n<ul><\/ul>\n<hr \/>\n<div class=\"su-row\"><div class=\"su-column su-column-size-1-2\"><div class=\"su-column-inner su-u-clearfix su-u-trim\">\n<p><iframe loading=\"lazy\" width=\"560\" height=\"315\" src=\"https:\/\/www.youtube.com\/embed\/YMZ7Mh2SZrM?si=4GNYQn-AyOIOm2Vl\" title=\"YouTube video player\" frameborder=\"0\" allow=\"accelerometer; autoplay; clipboard-write; encrypted-media; gyroscope; picture-in-picture; web-share\" referrerpolicy=\"strict-origin-when-cross-origin\" allowfullscreen=\"allowfullscreen\"><\/iframe><\/p>\n<\/div><\/div> <div class=\"su-column su-column-size-1-2\"><div class=\"su-column-inner su-u-clearfix su-u-trim\">\n<h3 style=\"text-align: left;\"><span style=\"color: #4077a6;\">Que signifie pour vous le leadership dans les arts?<\/span><\/h3>\n<p><span style=\"font-weight: 400;\"><strong>R\u00e9ponses fournies par les leaders \u00e9mergents suivants\u00a0:<\/strong> <\/span><\/p>\n<ul>\n<li><span style=\"font-weight: 400;\"><strong>Charlie Wall-Andrews<\/strong>, directrice g\u00e9n\u00e9rale, Fondation SOCAN<\/span><\/li>\n<li><span style=\"font-weight: 400;\"><strong>Toyin Lafenwa Oladele<\/strong>, directrice ex\u00e9cutive, Immigrant Council for Arts Innovation<\/span><\/li>\n<\/ul>\n<\/div><\/div> <\/div>\n<hr \/>\n<div class=\"su-row\"><div class=\"su-column su-column-size-1-2\"><div class=\"su-column-inner su-u-clearfix su-u-trim\">\n<p><iframe loading=\"lazy\" width=\"560\" height=\"315\" src=\"https:\/\/www.youtube.com\/embed\/jAYjfh7K8fY?si=KuFu8lVzavN4Mrki\" title=\"YouTube video player\" frameborder=\"0\" allow=\"accelerometer; autoplay; clipboard-write; encrypted-media; gyroscope; picture-in-picture; web-share\" referrerpolicy=\"strict-origin-when-cross-origin\" allowfullscreen=\"allowfullscreen\"><\/iframe><\/p>\n<\/div><\/div> <div class=\"su-column su-column-size-1-2\"><div class=\"su-column-inner su-u-clearfix su-u-trim\">\n<h3 style=\"text-align: left;\"><span style=\"color: #4077a6;\">Qu&#8217;est-ce qui alimente votre passion pour les arts?<\/span><\/h3>\n<p><strong>R\u00e9ponses fournies par les leaders \u00e9mergents suivants\u00a0:<\/strong><\/p>\n<ul>\n<li><span style=\"font-weight: 400;\"><span style=\"font-weight: 400;\"><strong>Rohan Kulkarni<\/strong>, <\/span><\/span>directeur de la formation et de l&#8217;engagement communautaire, Soulpepper Theatre Company<\/li>\n<li><span style=\"font-weight: 400;\"><strong>Alethea Bakogeorge<\/strong>, directrice des programmes et du d\u00e9veloppement, Office de la repr\u00e9sentation des personnes handicap\u00e9es \u00e0 l\u2019\u00e9cran<\/span><\/li>\n<li><span style=\"font-weight: 400;\"><span style=\"font-weight: 400;\"><strong>Jocelyn Tsui, <\/strong><\/span><\/span>productrice, Momentum 180<\/li>\n<\/ul>\n<\/div><\/div> <\/div>\n<hr \/>\n<div class=\"su-row\"><div class=\"su-column su-column-size-1-2\"><div class=\"su-column-inner su-u-clearfix su-u-trim\">\n<p><iframe loading=\"lazy\" width=\"560\" height=\"315\" src=\"https:\/\/www.youtube.com\/embed\/tkGTulh1pu0?si=C71xKgIYLTPeGqct\" title=\"YouTube video player\" frameborder=\"0\" allow=\"accelerometer; autoplay; clipboard-write; encrypted-media; gyroscope; picture-in-picture; web-share\" referrerpolicy=\"strict-origin-when-cross-origin\" allowfullscreen=\"allowfullscreen\"><\/iframe><\/p>\n<\/div><\/div> <div class=\"su-column su-column-size-1-2\"><div class=\"su-column-inner su-u-clearfix su-u-trim\">\n<h3 style=\"text-align: left;\"><span style=\"color: #4077a6;\">Quel changement souhaitez-vous dans le secteur?<\/span><\/h3>\n<p><strong>R\u00e9ponses fournies par les leaders \u00e9mergents suivants\u00a0: <\/strong><\/p>\n<ul>\n<li><span style=\"font-weight: 400;\"><strong>Courtney Ch\u2019ang Lancaster,<\/strong> co-fondatrice et co-directrice artistique, The Howland Company<\/span><\/li>\n<li><span style=\"font-weight: 400;\"><strong>Su Yin Strang<\/strong>, directrice ex\u00e9cutive, Southern Alberta Art Gallery Maansiksikaitsitapiitsinikssin<\/span><\/li>\n<\/ul>\n<\/div><\/div> <\/div>\n<p>&nbsp;<\/p>\n<p><span style=\"font-weight: 400;\">Les r\u00e9flexions de ces participant.e.s au programme donnent un aper\u00e7u sur l&#8217;avenir des arts et de la culture au Canada, un avenir o\u00f9 les arts continuent d&#8217;enrichir la vie, de favoriser la compr\u00e9hension et de susciter l&#8217;innovation pour les g\u00e9n\u00e9rations \u00e0 venir.<\/span><\/p>\n<hr \/>\n<h3 style=\"text-align: center;\"><span style=\"color: #4077a6;\">\u00c0 propos du programme d&#8217;\u00e9mergence de leadership<\/span><\/h3>\n<p class=\"variable-font\"><span class=\"variable-font\">Le programme d&#8217;\u00e9mergence de leadership d\u2019une dur\u00e9e d\u2019un an visant \u00e0 soutenir et \u00e0 outiller 25 leaders du monde des arts, de la culture et du patrimoine, partout au Canada. <\/span>Cr\u00e9\u00e9 \u00e0 l\u2019intention de personnes int\u00e9ress\u00e9es \u00e0 occuper un r\u00f4le de direction au sein d\u2019organismes artistiques, culturels et patrimoniaux d\u2019envergure, ce programme vise \u00e0 favoriser des occasions de croissance professionnelle, et \u00e0 \u00e9tablir des liens entre les participant.e.s et des leaders \u00e9tablis dans la direction d\u2019importants organismes culturels canadiens. <span>Entre mars 2024 et f\u00e9vrier 2025, ce programme d\u2019un an accueille jusqu\u2019\u00e0 25 leaders artistiques de partout au Canada dans un programme de d\u00e9veloppement de carri\u00e8re. <\/span><strong><span class=\"variable-font\"><a href=\"https:\/\/www.businessandarts.org\/fr\/leaders-emergents\/\" class=\"variable-font\" tabindex=\"56\">Rencontrez nos leaders \u00e9mergents d&#8217;ici.<\/a><\/span><\/strong><\/p>\n<hr \/>\n<div class=\"su-row\">\n<div class=\"su-column su-column-size-1-3\"><div class=\"su-column-inner su-u-clearfix su-u-trim\"><strong>Partenaire de leadership \u00e9mergent<\/strong><\/p>\n<p><img loading=\"lazy\" decoding=\"async\" src=\"https:\/\/www.businessandarts.org\/wp-content\/uploads\/2025\/03\/rbc-logo.png\" alt=\"\" width=\"77\" height=\"88\" class=\" wp-image-25843 alignleft\" \/><\/div><\/div>\n<div class=\"su-column su-column-size-1-3\"><div class=\"su-column-inner su-u-clearfix su-u-trim\"><\/div><\/div>\n<div class=\"su-column su-column-size-1-3\"><div class=\"su-column-inner su-u-clearfix su-u-trim\"><\/div><\/div>\n<\/div>\n<hr \/>\n<p><b><strong>Partenaires de soutien<\/strong><\/b><\/p>\n<div class=\"su-row\"><div class=\"su-column su-column-size-1-4\"><div class=\"su-column-inner su-u-clearfix su-u-trim\"><img loading=\"lazy\" decoding=\"async\" src=\"https:\/\/www.businessandarts.org\/wp-content\/uploads\/2025\/01\/ACGlogo.png\" alt=\"\" width=\"142\" height=\"55\" class=\"wp-image-25105 alignleft\" \/><\/div><\/div>\n<div class=\"su-column su-column-size-1-4\"><div class=\"su-column-inner su-u-clearfix su-u-trim\"><img loading=\"lazy\" decoding=\"async\" src=\"https:\/\/www.businessandarts.org\/wp-content\/uploads\/2025\/06\/DuaneGreen.png\" alt=\"\" width=\"64\" height=\"53\" class=\" wp-image-26588 alignleft\" \/><\/div><\/div>\n<div class=\"su-column su-column-size-1-4\"><div class=\"su-column-inner su-u-clearfix su-u-trim\"><\/div><\/div>\n<div class=\"su-column su-column-size-1-4\"><div class=\"su-column-inner su-u-clearfix su-u-trim\"><\/div><\/div>\n<\/div>\n","protected":false},"excerpt":{"rendered":"<p>R\u00e9flexions de leaders \u00e9mergents sur les arts et la culture au Canada Le secteur des arts et de la culture du Canada \u00e9volue vers un avenir dynamique o\u00f9 les enjeux et les nouvelles possibilit\u00e9s se c\u00f4toient chaque jour. Le programme<span class=\"ellipsis\">&hellip;<\/span><\/p>\n<div class=\"read-more\"><a href=\"https:\/\/www.businessandarts.org\/fr\/executive-leadership-program\/reflexions-de-leaders-emergents-sur-les-arts-et-la-culture-au-canada\/\">Lire plus de <span class=\"screen-reader-text\">R\u00e9flexions de leaders \u00e9mergents sur les arts et la culture au Canada<\/span><span class=\"meta-nav\"> &#8250;<\/span><\/a><\/div>\n<p><!-- end of .read-more --><\/p>\n","protected":false},"author":1,"featured_media":0,"parent":22529,"menu_order":0,"comment_status":"closed","ping_status":"closed","template":"page-templates\/sidebar-with-CAS-tmp.php","meta":{"_acf_changed":false,"footnotes":""},"class_list":["post-24615","page","type-page","status-publish","hentry"],"acf":[],"yoast_head":"<!-- This site is optimized with the Yoast SEO plugin v23.7 - https:\/\/yoast.com\/wordpress\/plugins\/seo\/ -->\n<title>R\u00e9flexions de leaders \u00e9mergents sur les arts et la culture au Canada - Business \/ Arts<\/title>\n<meta name=\"robots\" content=\"index, follow, max-snippet:-1, max-image-preview:large, max-video-preview:-1\" \/>\n<link rel=\"canonical\" href=\"https:\/\/www.businessandarts.org\/fr\/reflexions-de-leaders-emergents-sur-les-arts-et-la-culture-au-canada\/\" \/>\n<meta property=\"og:locale\" content=\"fr_FR\" \/>\n<meta property=\"og:type\" content=\"article\" \/>\n<meta property=\"og:title\" content=\"R\u00e9flexions de leaders \u00e9mergents sur les arts et la culture au Canada - Business \/ Arts\" \/>\n<meta property=\"og:description\" content=\"R\u00e9flexions de leaders \u00e9mergents sur les arts et la culture au Canada Le secteur des arts et de la culture du Canada \u00e9volue vers un avenir dynamique o\u00f9 les enjeux et les nouvelles possibilit\u00e9s se c\u00f4toient chaque jour. Le programme&hellip;Lire plus de R\u00e9flexions de leaders \u00e9mergents sur les arts et la culture au Canada &#8250;\" \/>\n<meta property=\"og:url\" content=\"https:\/\/www.businessandarts.org\/fr\/reflexions-de-leaders-emergents-sur-les-arts-et-la-culture-au-canada\/\" \/>\n<meta property=\"og:site_name\" content=\"Business \/ Arts\" \/>\n<meta property=\"article:modified_time\" content=\"2025-11-20T12:19:14+00:00\" \/>\n<meta property=\"og:image\" content=\"https:\/\/www.businessandarts.org\/wp-content\/uploads\/2025\/03\/rbc-logo.png\" \/>\n\t<meta property=\"og:image:width\" content=\"470\" \/>\n\t<meta property=\"og:image:height\" content=\"540\" \/>\n\t<meta property=\"og:image:type\" content=\"image\/png\" \/>\n<meta name=\"twitter:card\" content=\"summary_large_image\" \/>\n<meta name=\"twitter:label1\" content=\"Dur\u00e9e de lecture estim\u00e9e\" \/>\n\t<meta name=\"twitter:data1\" content=\"4 minutes\" \/>\n<script type=\"application\/ld+json\" class=\"yoast-schema-graph\">{\"@context\":\"https:\/\/schema.org\",\"@graph\":[{\"@type\":\"WebPage\",\"@id\":\"https:\/\/www.businessandarts.org\/fr\/reflexions-de-leaders-emergents-sur-les-arts-et-la-culture-au-canada\/\",\"url\":\"https:\/\/www.businessandarts.org\/fr\/reflexions-de-leaders-emergents-sur-les-arts-et-la-culture-au-canada\/\",\"name\":\"R\u00e9flexions de leaders \u00e9mergents sur les arts et la culture au Canada - Business \/ Arts\",\"isPartOf\":{\"@id\":\"https:\/\/www.businessandarts.org\/#website\"},\"primaryImageOfPage\":{\"@id\":\"https:\/\/www.businessandarts.org\/fr\/reflexions-de-leaders-emergents-sur-les-arts-et-la-culture-au-canada\/#primaryimage\"},\"image\":{\"@id\":\"https:\/\/www.businessandarts.org\/fr\/reflexions-de-leaders-emergents-sur-les-arts-et-la-culture-au-canada\/#primaryimage\"},\"thumbnailUrl\":\"https:\/\/www.businessandarts.org\/wp-content\/uploads\/2025\/03\/rbc-logo.png\",\"datePublished\":\"2024-12-17T15:41:26+00:00\",\"dateModified\":\"2025-11-20T12:19:14+00:00\",\"breadcrumb\":{\"@id\":\"https:\/\/www.businessandarts.org\/fr\/reflexions-de-leaders-emergents-sur-les-arts-et-la-culture-au-canada\/#breadcrumb\"},\"inLanguage\":\"fr-FR\",\"potentialAction\":[{\"@type\":\"ReadAction\",\"target\":[\"https:\/\/www.businessandarts.org\/fr\/reflexions-de-leaders-emergents-sur-les-arts-et-la-culture-au-canada\/\"]}]},{\"@type\":\"ImageObject\",\"inLanguage\":\"fr-FR\",\"@id\":\"https:\/\/www.businessandarts.org\/fr\/reflexions-de-leaders-emergents-sur-les-arts-et-la-culture-au-canada\/#primaryimage\",\"url\":\"https:\/\/www.businessandarts.org\/wp-content\/uploads\/2025\/03\/rbc-logo.png\",\"contentUrl\":\"https:\/\/www.businessandarts.org\/wp-content\/uploads\/2025\/03\/rbc-logo.png\"},{\"@type\":\"BreadcrumbList\",\"@id\":\"https:\/\/www.businessandarts.org\/fr\/reflexions-de-leaders-emergents-sur-les-arts-et-la-culture-au-canada\/#breadcrumb\",\"itemListElement\":[{\"@type\":\"ListItem\",\"position\":1,\"name\":\"Home\",\"item\":\"https:\/\/www.businessandarts.org\/fr\/\"},{\"@type\":\"ListItem\",\"position\":2,\"name\":\"R\u00e9flexions de leaders \u00e9mergents sur les arts et la culture au Canada\"}]},{\"@type\":\"WebSite\",\"@id\":\"https:\/\/www.businessandarts.org\/#website\",\"url\":\"https:\/\/www.businessandarts.org\/\",\"name\":\"Business \/ Arts\",\"description\":\"\",\"potentialAction\":[{\"@type\":\"SearchAction\",\"target\":{\"@type\":\"EntryPoint\",\"urlTemplate\":\"https:\/\/www.businessandarts.org\/?s={search_term_string}\"},\"query-input\":{\"@type\":\"PropertyValueSpecification\",\"valueRequired\":true,\"valueName\":\"search_term_string\"}}],\"inLanguage\":\"fr-FR\"}]}<\/script>\n<!-- \/ Yoast SEO plugin. -->","yoast_head_json":{"title":"R\u00e9flexions de leaders \u00e9mergents sur les arts et la culture au Canada - Business \/ Arts","robots":{"index":"index","follow":"follow","max-snippet":"max-snippet:-1","max-image-preview":"max-image-preview:large","max-video-preview":"max-video-preview:-1"},"canonical":"https:\/\/www.businessandarts.org\/fr\/reflexions-de-leaders-emergents-sur-les-arts-et-la-culture-au-canada\/","og_locale":"fr_FR","og_type":"article","og_title":"R\u00e9flexions de leaders \u00e9mergents sur les arts et la culture au Canada - Business \/ Arts","og_description":"R\u00e9flexions de leaders \u00e9mergents sur les arts et la culture au Canada Le secteur des arts et de la culture du Canada \u00e9volue vers un avenir dynamique o\u00f9 les enjeux et les nouvelles possibilit\u00e9s se c\u00f4toient chaque jour. Le programme&hellip;Lire plus de R\u00e9flexions de leaders \u00e9mergents sur les arts et la culture au Canada &#8250;","og_url":"https:\/\/www.businessandarts.org\/fr\/reflexions-de-leaders-emergents-sur-les-arts-et-la-culture-au-canada\/","og_site_name":"Business \/ Arts","article_modified_time":"2025-11-20T12:19:14+00:00","og_image":[{"width":470,"height":540,"url":"https:\/\/www.businessandarts.org\/wp-content\/uploads\/2025\/03\/rbc-logo.png","type":"image\/png"}],"twitter_card":"summary_large_image","twitter_misc":{"Dur\u00e9e de lecture estim\u00e9e":"4 minutes"},"schema":{"@context":"https:\/\/schema.org","@graph":[{"@type":"WebPage","@id":"https:\/\/www.businessandarts.org\/fr\/reflexions-de-leaders-emergents-sur-les-arts-et-la-culture-au-canada\/","url":"https:\/\/www.businessandarts.org\/fr\/reflexions-de-leaders-emergents-sur-les-arts-et-la-culture-au-canada\/","name":"R\u00e9flexions de leaders \u00e9mergents sur les arts et la culture au Canada - Business \/ Arts","isPartOf":{"@id":"https:\/\/www.businessandarts.org\/#website"},"primaryImageOfPage":{"@id":"https:\/\/www.businessandarts.org\/fr\/reflexions-de-leaders-emergents-sur-les-arts-et-la-culture-au-canada\/#primaryimage"},"image":{"@id":"https:\/\/www.businessandarts.org\/fr\/reflexions-de-leaders-emergents-sur-les-arts-et-la-culture-au-canada\/#primaryimage"},"thumbnailUrl":"https:\/\/www.businessandarts.org\/wp-content\/uploads\/2025\/03\/rbc-logo.png","datePublished":"2024-12-17T15:41:26+00:00","dateModified":"2025-11-20T12:19:14+00:00","breadcrumb":{"@id":"https:\/\/www.businessandarts.org\/fr\/reflexions-de-leaders-emergents-sur-les-arts-et-la-culture-au-canada\/#breadcrumb"},"inLanguage":"fr-FR","potentialAction":[{"@type":"ReadAction","target":["https:\/\/www.businessandarts.org\/fr\/reflexions-de-leaders-emergents-sur-les-arts-et-la-culture-au-canada\/"]}]},{"@type":"ImageObject","inLanguage":"fr-FR","@id":"https:\/\/www.businessandarts.org\/fr\/reflexions-de-leaders-emergents-sur-les-arts-et-la-culture-au-canada\/#primaryimage","url":"https:\/\/www.businessandarts.org\/wp-content\/uploads\/2025\/03\/rbc-logo.png","contentUrl":"https:\/\/www.businessandarts.org\/wp-content\/uploads\/2025\/03\/rbc-logo.png"},{"@type":"BreadcrumbList","@id":"https:\/\/www.businessandarts.org\/fr\/reflexions-de-leaders-emergents-sur-les-arts-et-la-culture-au-canada\/#breadcrumb","itemListElement":[{"@type":"ListItem","position":1,"name":"Home","item":"https:\/\/www.businessandarts.org\/fr\/"},{"@type":"ListItem","position":2,"name":"R\u00e9flexions de leaders \u00e9mergents sur les arts et la culture au Canada"}]},{"@type":"WebSite","@id":"https:\/\/www.businessandarts.org\/#website","url":"https:\/\/www.businessandarts.org\/","name":"Business \/ Arts","description":"","potentialAction":[{"@type":"SearchAction","target":{"@type":"EntryPoint","urlTemplate":"https:\/\/www.businessandarts.org\/?s={search_term_string}"},"query-input":{"@type":"PropertyValueSpecification","valueRequired":true,"valueName":"search_term_string"}}],"inLanguage":"fr-FR"}]}},"_links":{"self":[{"href":"https:\/\/www.businessandarts.org\/fr\/wp-json\/wp\/v2\/pages\/24615","targetHints":{"allow":["GET"]}}],"collection":[{"href":"https:\/\/www.businessandarts.org\/fr\/wp-json\/wp\/v2\/pages"}],"about":[{"href":"https:\/\/www.businessandarts.org\/fr\/wp-json\/wp\/v2\/types\/page"}],"author":[{"embeddable":true,"href":"https:\/\/www.businessandarts.org\/fr\/wp-json\/wp\/v2\/users\/1"}],"replies":[{"embeddable":true,"href":"https:\/\/www.businessandarts.org\/fr\/wp-json\/wp\/v2\/comments?post=24615"}],"version-history":[{"count":11,"href":"https:\/\/www.businessandarts.org\/fr\/wp-json\/wp\/v2\/pages\/24615\/revisions"}],"predecessor-version":[{"id":24622,"href":"https:\/\/www.businessandarts.org\/fr\/wp-json\/wp\/v2\/pages\/24615\/revisions\/24622"}],"up":[{"embeddable":true,"href":"https:\/\/www.businessandarts.org\/fr\/wp-json\/wp\/v2\/pages\/22529"}],"wp:attachment":[{"href":"https:\/\/www.businessandarts.org\/fr\/wp-json\/wp\/v2\/media?parent=24615"}],"curies":[{"name":"wp","href":"https:\/\/api.w.org\/{rel}","templated":true}]}}