{"id":18871,"date":"2023-06-05T05:02:15","date_gmt":"2023-06-05T05:02:15","guid":{"rendered":"https:\/\/www.businessandarts.org\/?page_id=18871"},"modified":"2026-04-02T15:49:41","modified_gmt":"2026-04-02T15:49:41","slug":"prix","status":"publish","type":"page","link":"https:\/\/www.businessandarts.org\/fr\/prix\/","title":{"rendered":"Les Prix Affaires \/ Arts"},"content":{"rendered":"<p style=\"font-size: 28px; text-align: center;\"><strong><span style=\"color: #194726;\">C\u00e9l\u00e9bration annuelle remise des prix d\u2019Affaires \/ Arts<\/span><\/strong><\/p>\n<p>Les Prix Affaires \/ Arts soulignent, chaque ann\u00e9e, des partenariats innovateurs entre le secteur des affaires et celui des arts pour mettre en lumi\u00e8re des leaders et des organismes exceptionnels dont la contribution au monde des arts canadiens est remarquable.<\/p>\n<p>Comme le Canada est fort d\u2019une communaut\u00e9 de leaders qui consacrent des ressources inestimables en mati\u00e8re de temps, de talent et de tr\u00e9sor \u00e0 l\u2019avancement des arts, nous sommes fiers de reconna\u00eetre leur d\u00e9vouement et de partager leurs parcours dans l\u2019espoir qu\u2019ils deviennent source d\u2019inspiration.<\/p>\n<hr \/>\n<p style=\"font-size: 28px; text-align: center;\"><strong><span style=\"color: #194726;\">R\u00e9servez la date pour les prix d\u2019Affaires \/ Arts 2026<\/span><\/strong><\/p>\n<p style=\"font-size: 18px; text-align: center;\"><strong>Nous avons le plaisir d&#8217;annoncer que la C\u00e9l\u00e9bration de remise des prix Affaires \/ Arts de 2026<br \/>\naura lieu le lundi 5 octobre 2026 au Mus\u00e9e royal de l&#8217;Ontario \u00e0 Toronto.<\/strong><\/p>\n<p style=\"font-size: 18px; text-align: center;\"><strong>We look forward to announcing this year\u2019s award recipients and opening ticket and table sales later this spring.<\/strong><\/p>\n<p style=\"text-align: center;\">Pour toute question, veuillez contacter Amadeo Ventura,<br \/>\n<em>directeur principal des partenariats et du d\u00e9veloppement<\/em>, \u00e0 l\u2019adresse <a href=\"mailto:amadeo@businessforthearts.org\">amadeo@businessforthearts.org<\/a><\/p>\n<p>&nbsp;<\/p>\n<p><img loading=\"lazy\" decoding=\"async\" src=\"https:\/\/www.businessandarts.org\/wp-content\/uploads\/2026\/04\/savethedate_collage2.png\" alt=\"\" width=\"791\" height=\"640\" class=\"wp-image-30904 aligncenter\" \/><\/p>\n","protected":false},"excerpt":{"rendered":"<p>C\u00e9l\u00e9bration annuelle remise des prix d\u2019Affaires \/ Arts Les Prix Affaires \/ Arts soulignent, chaque ann\u00e9e, des partenariats innovateurs entre le secteur des affaires et celui des arts pour mettre en lumi\u00e8re des leaders et des organismes exceptionnels dont la<span class=\"ellipsis\">&hellip;<\/span><\/p>\n<div class=\"read-more\"><a href=\"https:\/\/www.businessandarts.org\/fr\/prix\/\">Lire plus de <span class=\"screen-reader-text\">Les Prix Affaires \/ Arts<\/span><span class=\"meta-nav\"> &#8250;<\/span><\/a><\/div>\n<p><!-- end of .read-more --><\/p>\n","protected":false},"author":1,"featured_media":0,"parent":0,"menu_order":0,"comment_status":"closed","ping_status":"closed","template":"page-templates\/sidebar-with-CAS-tmp.php","meta":{"_acf_changed":false,"footnotes":""},"class_list":["post-18871","page","type-page","status-publish","hentry"],"acf":[],"yoast_head":"<!-- This site is optimized with the Yoast SEO plugin v23.7 - https:\/\/yoast.com\/wordpress\/plugins\/seo\/ -->\n<title>Les Prix Affaires \/ Arts - Business \/ Arts<\/title>\n<meta name=\"robots\" content=\"index, follow, max-snippet:-1, max-image-preview:large, max-video-preview:-1\" \/>\n<link rel=\"canonical\" href=\"https:\/\/www.businessandarts.org\/fr\/prix\/\" \/>\n<meta property=\"og:locale\" content=\"fr_FR\" \/>\n<meta property=\"og:type\" content=\"article\" \/>\n<meta property=\"og:title\" content=\"Les Prix Affaires \/ Arts - Business \/ Arts\" \/>\n<meta property=\"og:description\" content=\"C\u00e9l\u00e9bration annuelle remise des prix d\u2019Affaires \/ Arts Les Prix Affaires \/ Arts soulignent, chaque ann\u00e9e, des partenariats innovateurs entre le secteur des affaires et celui des arts pour mettre en lumi\u00e8re des leaders et des organismes exceptionnels dont la&hellip;Lire plus de Les Prix Affaires \/ Arts &#8250;\" \/>\n<meta property=\"og:url\" content=\"https:\/\/www.businessandarts.org\/fr\/prix\/\" \/>\n<meta property=\"og:site_name\" content=\"Business \/ Arts\" \/>\n<meta property=\"article:modified_time\" content=\"2026-04-02T15:49:41+00:00\" \/>\n<meta property=\"og:image\" content=\"https:\/\/www.businessandarts.org\/wp-content\/uploads\/2026\/04\/savethedate_collage2.png\" \/>\n\t<meta property=\"og:image:width\" content=\"2000\" \/>\n\t<meta property=\"og:image:height\" content=\"1619\" \/>\n\t<meta property=\"og:image:type\" content=\"image\/png\" \/>\n<meta name=\"twitter:card\" content=\"summary_large_image\" \/>\n<meta name=\"twitter:label1\" content=\"Dur\u00e9e de lecture estim\u00e9e\" \/>\n\t<meta name=\"twitter:data1\" content=\"1 minute\" \/>\n<script type=\"application\/ld+json\" class=\"yoast-schema-graph\">{\"@context\":\"https:\/\/schema.org\",\"@graph\":[{\"@type\":\"WebPage\",\"@id\":\"https:\/\/www.businessandarts.org\/fr\/prix\/\",\"url\":\"https:\/\/www.businessandarts.org\/fr\/prix\/\",\"name\":\"Les Prix Affaires \/ Arts - Business \/ Arts\",\"isPartOf\":{\"@id\":\"https:\/\/www.businessandarts.org\/#website\"},\"primaryImageOfPage\":{\"@id\":\"https:\/\/www.businessandarts.org\/fr\/prix\/#primaryimage\"},\"image\":{\"@id\":\"https:\/\/www.businessandarts.org\/fr\/prix\/#primaryimage\"},\"thumbnailUrl\":\"https:\/\/www.businessandarts.org\/wp-content\/uploads\/2026\/04\/savethedate_collage2.png\",\"datePublished\":\"2023-06-05T05:02:15+00:00\",\"dateModified\":\"2026-04-02T15:49:41+00:00\",\"breadcrumb\":{\"@id\":\"https:\/\/www.businessandarts.org\/fr\/prix\/#breadcrumb\"},\"inLanguage\":\"fr-FR\",\"potentialAction\":[{\"@type\":\"ReadAction\",\"target\":[\"https:\/\/www.businessandarts.org\/fr\/prix\/\"]}]},{\"@type\":\"ImageObject\",\"inLanguage\":\"fr-FR\",\"@id\":\"https:\/\/www.businessandarts.org\/fr\/prix\/#primaryimage\",\"url\":\"https:\/\/www.businessandarts.org\/wp-content\/uploads\/2026\/04\/savethedate_collage2.png\",\"contentUrl\":\"https:\/\/www.businessandarts.org\/wp-content\/uploads\/2026\/04\/savethedate_collage2.png\"},{\"@type\":\"BreadcrumbList\",\"@id\":\"https:\/\/www.businessandarts.org\/fr\/prix\/#breadcrumb\",\"itemListElement\":[{\"@type\":\"ListItem\",\"position\":1,\"name\":\"Home\",\"item\":\"https:\/\/www.businessandarts.org\/fr\/\"},{\"@type\":\"ListItem\",\"position\":2,\"name\":\"Les Prix Affaires \/ Arts\"}]},{\"@type\":\"WebSite\",\"@id\":\"https:\/\/www.businessandarts.org\/#website\",\"url\":\"https:\/\/www.businessandarts.org\/\",\"name\":\"Business \/ Arts\",\"description\":\"\",\"potentialAction\":[{\"@type\":\"SearchAction\",\"target\":{\"@type\":\"EntryPoint\",\"urlTemplate\":\"https:\/\/www.businessandarts.org\/?s={search_term_string}\"},\"query-input\":{\"@type\":\"PropertyValueSpecification\",\"valueRequired\":true,\"valueName\":\"search_term_string\"}}],\"inLanguage\":\"fr-FR\"}]}<\/script>\n<!-- \/ Yoast SEO plugin. -->","yoast_head_json":{"title":"Les Prix Affaires \/ Arts - Business \/ Arts","robots":{"index":"index","follow":"follow","max-snippet":"max-snippet:-1","max-image-preview":"max-image-preview:large","max-video-preview":"max-video-preview:-1"},"canonical":"https:\/\/www.businessandarts.org\/fr\/prix\/","og_locale":"fr_FR","og_type":"article","og_title":"Les Prix Affaires \/ Arts - Business \/ Arts","og_description":"C\u00e9l\u00e9bration annuelle remise des prix d\u2019Affaires \/ Arts Les Prix Affaires \/ Arts soulignent, chaque ann\u00e9e, des partenariats innovateurs entre le secteur des affaires et celui des arts pour mettre en lumi\u00e8re des leaders et des organismes exceptionnels dont la&hellip;Lire plus de Les Prix Affaires \/ Arts &#8250;","og_url":"https:\/\/www.businessandarts.org\/fr\/prix\/","og_site_name":"Business \/ Arts","article_modified_time":"2026-04-02T15:49:41+00:00","og_image":[{"url":"https:\/\/www.businessandarts.org\/wp-content\/uploads\/2026\/04\/savethedate_collage2.png","width":2000,"height":1619,"type":"image\/png"}],"twitter_card":"summary_large_image","twitter_misc":{"Dur\u00e9e de lecture estim\u00e9e":"1 minute"},"schema":{"@context":"https:\/\/schema.org","@graph":[{"@type":"WebPage","@id":"https:\/\/www.businessandarts.org\/fr\/prix\/","url":"https:\/\/www.businessandarts.org\/fr\/prix\/","name":"Les Prix Affaires \/ Arts - Business \/ Arts","isPartOf":{"@id":"https:\/\/www.businessandarts.org\/#website"},"primaryImageOfPage":{"@id":"https:\/\/www.businessandarts.org\/fr\/prix\/#primaryimage"},"image":{"@id":"https:\/\/www.businessandarts.org\/fr\/prix\/#primaryimage"},"thumbnailUrl":"https:\/\/www.businessandarts.org\/wp-content\/uploads\/2026\/04\/savethedate_collage2.png","datePublished":"2023-06-05T05:02:15+00:00","dateModified":"2026-04-02T15:49:41+00:00","breadcrumb":{"@id":"https:\/\/www.businessandarts.org\/fr\/prix\/#breadcrumb"},"inLanguage":"fr-FR","potentialAction":[{"@type":"ReadAction","target":["https:\/\/www.businessandarts.org\/fr\/prix\/"]}]},{"@type":"ImageObject","inLanguage":"fr-FR","@id":"https:\/\/www.businessandarts.org\/fr\/prix\/#primaryimage","url":"https:\/\/www.businessandarts.org\/wp-content\/uploads\/2026\/04\/savethedate_collage2.png","contentUrl":"https:\/\/www.businessandarts.org\/wp-content\/uploads\/2026\/04\/savethedate_collage2.png"},{"@type":"BreadcrumbList","@id":"https:\/\/www.businessandarts.org\/fr\/prix\/#breadcrumb","itemListElement":[{"@type":"ListItem","position":1,"name":"Home","item":"https:\/\/www.businessandarts.org\/fr\/"},{"@type":"ListItem","position":2,"name":"Les Prix Affaires \/ Arts"}]},{"@type":"WebSite","@id":"https:\/\/www.businessandarts.org\/#website","url":"https:\/\/www.businessandarts.org\/","name":"Business \/ Arts","description":"","potentialAction":[{"@type":"SearchAction","target":{"@type":"EntryPoint","urlTemplate":"https:\/\/www.businessandarts.org\/?s={search_term_string}"},"query-input":{"@type":"PropertyValueSpecification","valueRequired":true,"valueName":"search_term_string"}}],"inLanguage":"fr-FR"}]}},"_links":{"self":[{"href":"https:\/\/www.businessandarts.org\/fr\/wp-json\/wp\/v2\/pages\/18871","targetHints":{"allow":["GET"]}}],"collection":[{"href":"https:\/\/www.businessandarts.org\/fr\/wp-json\/wp\/v2\/pages"}],"about":[{"href":"https:\/\/www.businessandarts.org\/fr\/wp-json\/wp\/v2\/types\/page"}],"author":[{"embeddable":true,"href":"https:\/\/www.businessandarts.org\/fr\/wp-json\/wp\/v2\/users\/1"}],"replies":[{"embeddable":true,"href":"https:\/\/www.businessandarts.org\/fr\/wp-json\/wp\/v2\/comments?post=18871"}],"version-history":[{"count":36,"href":"https:\/\/www.businessandarts.org\/fr\/wp-json\/wp\/v2\/pages\/18871\/revisions"}],"predecessor-version":[{"id":30910,"href":"https:\/\/www.businessandarts.org\/fr\/wp-json\/wp\/v2\/pages\/18871\/revisions\/30910"}],"wp:attachment":[{"href":"https:\/\/www.businessandarts.org\/fr\/wp-json\/wp\/v2\/media?parent=18871"}],"curies":[{"name":"wp","href":"https:\/\/api.w.org\/{rel}","templated":true}]}}