{"id":18747,"date":"2023-05-15T16:23:14","date_gmt":"2023-05-15T16:23:14","guid":{"rendered":"https:\/\/www.businessandarts.org\/?page_id=18747"},"modified":"2026-03-30T16:02:55","modified_gmt":"2026-03-30T16:02:55","slug":"ontario","status":"publish","type":"page","link":"https:\/\/www.businessandarts.org\/fr\/artsvest\/ontario\/","title":{"rendered":"\u00c0 propos Ontario"},"content":{"rendered":"<div class=\"fortheart-ctnt text-center\">\n<h2 class=\"section-title\" style=\"text-align: center;\"><g class=\"gr_ gr_13 gr-alert gr_spell gr_inline_cards gr_run_anim ContextualSpelling ins-del multiReplace\" id=\"13\" data-gr-id=\"13\"><span style=\"color: #f36e21;\">artsvest R\u00e9gional &#8211; Ontario<\/span><\/g><\/h2>\n<p style=\"text-align: center;\"><strong class=\"variable-font\">Nous vous remercions de l\u2019int\u00e9r\u00eat que vous portez \u00e0 artsvest R\u00e9gional en Ontario. Les candidatures sont maintenant closes pour l\u2019ann\u00e9e 2026.<br class=\"variable-font\" \/>En 2026, le programme accueillera 15 organismes artistiques, culturels et patrimoniaux de petite ou de moyenne taille.<\/p>\n<p><\/strong><\/p>\n<\/div>\n<p>artsvest R\u00e9gional en Ontario peut vous aider votre organisation \u00e0 d\u00e9velopper la capacit\u00e9 dans le secteur des commandites, \u00e0 b\u00e9n\u00e9ficier de mentorats personnalis\u00e9s et \u00e0 suivre une formation sp\u00e9cialis\u00e9e dans un grande vari\u00e9t\u00e9 de comp\u00e9tences et de sujets. Alli\u00e9 \u00e0 des fonds incitatifs de contrepartie pour les nouvelles commandites jusqu&#8217;\u00e0 5 000 $, ce programme r\u00e9gional fournit aux organismes les outils n\u00e9cessaires pour attirer et conserver des partenaires corporatifs, afin de leur permettre de progresser et de s\u2019\u00e9panouir.<\/p>\n<p>Le programme 2026 revient avec le soutien continu du <strong>Conseil des arts de l&#8217;Ontario (CAO)<\/strong> et accueille un nouveau partenaire provincial, les <strong>Fonds pour les manifestations culturelles de l&#8217;Ontario<\/strong> (FMCO), qui renforcera le programme avec des ressources de formation centr\u00e9es sur le tourisme culturel. Le programme de 2026 accueillera 15 organismes. Les organismes peuvent participer \u00e0 plusieurs reprises, mais la priorit\u00e9 est accord\u00e9e aux nouveaux organismes.<\/p>\n<h4><b>Pour d\u00e9poser une demande:<\/b><\/h4>\n<p><em>Lorsque vous postulez \u00e0 artsvest R\u00e9gional, vous \u00eates automatiquement inscrit \u00e0 <a href=\"https:\/\/www.businessandarts.org\/fr\/artsvest\/national\/\">artsvest National<\/a>, programme virtuel de mentorat et de formation accessible et gratuit qui vise \u00e0 renforcer les capacit\u00e9s des organismes culturels partout au Canada. <\/em><\/p>\n<p>Pour \u00eatre admissibles, les organismes doivent remplir les crit\u00e8res suivants.<\/p>\n<div class=\"pkg-desc\">\n<ul class=\"def-ul\">\n<li>\u00eatre situ\u00e9s en dehors de la <span style=\"font-weight: 400;\">ville de Toronto<\/span>\n<ul class=\"def-ul\">\n<li>La priorit\u00e9 sera accord\u00e9e aux organismes op\u00e9rant dans les r\u00e9gions suivantes : Centre-sud de l&#8217;Ontario (Durham, Halton, Peel, York); Nord de l&#8217;Ontario; et Sud-ouest de l&#8217;Ontario (Brant, Chatham-Kent, Essex, Haldimand-Norfolk, Hamilton, Huron, Lambton, Middlesex, Niagara, Oxford, Perth, Waterloo, Wellington)<\/li>\n<\/ul>\n<\/li>\n<li><span style=\"font-weight: 400;\">\u00eatre un organisme, soci\u00e9t\u00e9 ou organisme caritatif sans but lucratif constitu\u00e9 en personne morale qui op\u00e8rent en Ontario et fournissent des programmes, des produits ou des services artistiques, culturels ou patrimoniaux accessibles au public<\/span><\/li>\n<\/ul>\n<p>En plus, les organismes doivent satisfaire \u00e0 <strong>au moins deux des trois crit\u00e8res<\/strong> \u00e9num\u00e9r\u00e9s ci-dessous :<\/p>\n<ul class=\"def-ul\">\n<li>avoir un budget de fonctionnement situ\u00e9 sous les 1,5 million $<\/li>\n<li><span style=\"font-weight: 400;\">compter moins de cinq employ\u00e9s<\/span><\/li>\n<li>avoir un mandat ou une programmation qui sert <span style=\"font-weight: 400;\">les communaut\u00e9s rurales, \u00e9loign\u00e9es ou qui sont soucieuses d&#8217;\u00e9quit\u00e9<\/span><\/li>\n<\/ul>\n<h3 class=\"variable-font\" style=\"text-align: center;\">Les candidatures sont maintenant closes pour l\u2019ann\u00e9e 2026.<\/h3>\n<hr \/>\n<\/div>\n<p>Contactez-nous : <a href=\"mailto:artsvest@businessforthearts.org\">artsvest@businessforthearts.org<\/a><\/p>\n<hr \/>\n<h3 style=\"text-align: center;\"><span style=\"color: #f36e21;\">L&#8217;impact d&#8217;artsvest en Ontario<\/span><\/h3>\n<p>L&#8217;Ontario est notre toute premi\u00e8re province, cr\u00e9\u00e9e en 2002. Depuis, nous avons rejoint plus de 500 organisations dans 41 collectivit\u00e9s.<\/p>\n<p><img loading=\"lazy\" decoding=\"async\" src=\"https:\/\/www.businessandarts.org\/wp-content\/uploads\/2026\/02\/ON-impact-F.png\" alt=\"\" width=\"790\" height=\"275\" class=\" wp-image-29313 aligncenter\" \/><\/p>\n<hr \/>\n<div class=\"pkg-desc variable-font\">\n<h4 class=\"variable-font\"><strong class=\"variable-font\">\u00c0 propos des programmes artsvest et artsvest R\u00e9gional :<\/strong><\/h4>\n<p class=\"variable-font\"><strong>artsvest<\/strong> est le programme principal de mentorat et de formation d\u2019Affaires \/ Arts et permet de d\u00e9velopper la capacit\u00e9 du secteur culturel canadien.<\/p>\n<p><strong>artsvest R\u00e9gional<\/strong> est un programme r\u00e9gional disponible dans certaines communaut\u00e9s dot\u00e9es d\u2019un partenaire financier local. Ce programme r\u00e9gional est pr\u00e9sent\u00e9 en compl\u00e9ment au segment national et offre une formation plus cibl\u00e9e en mati\u00e8re de commandite ainsi que des fonds de contrepartie. Lorsque vous postulez \u00e0 artsvest R\u00e9gional, vous \u00eates automatiquement inscrit \u00e0 artsvest National.<\/p>\n<p>Pour plus d\u2019informations sur le programme national artsvest,<span>\u00a0<\/span><a data-cke-saved-href=\"\/?page_id=17375\" href=\"\/?page_id=17375\" target=\"_blank\" rel=\"noopener\"><span><u>cliquez ici<\/u><\/span><\/a>.<\/p>\n<\/div>\n<p>&nbsp;<\/p>\n<div class=\"pkg-desc\">\n<hr \/>\n<h5><\/h5>\n<h5>Partenaires et bailleurs de fonds<\/h5>\n<p>&nbsp;<\/p>\n<div class=\"su-row\"><div class=\"su-column su-column-size-1-1\"><div class=\"su-column-inner su-u-clearfix su-u-trim\">\n<p><img loading=\"lazy\" decoding=\"async\" src=\"https:\/\/www.businessandarts.org\/wp-content\/uploads\/2024\/09\/Canada-1.png\" alt=\"\" width=\"150\" height=\"36\" class=\" wp-image-23768 aligncenter\" \/><\/p>\n<\/div><\/div>\n<\/div>\n<p>&nbsp;<\/p>\n<div class=\"su-row\"><div class=\"su-column su-column-size-1-2\"><div class=\"su-column-inner su-u-clearfix su-u-trim\">\n<p><img loading=\"lazy\" decoding=\"async\" src=\"https:\/\/www.businessandarts.org\/wp-content\/uploads\/2026\/01\/CCC-F.png\" alt=\"\" width=\"368\" height=\"61\" class=\" wp-image-28474 aligncenter\" \/><\/p>\n<\/div><\/div><div class=\"su-column su-column-size-1-2\"><div class=\"su-column-inner su-u-clearfix su-u-trim\">\n<p><img loading=\"lazy\" decoding=\"async\" src=\"https:\/\/www.businessandarts.org\/wp-content\/uploads\/2025\/03\/ONtario-logos.png\" alt=\"\" width=\"412\" height=\"68\" class=\" wp-image-29988 aligncenter\" \/><\/p>\n<\/div><\/div> <\/div>\n<\/div>\n","protected":false},"excerpt":{"rendered":"<p>artsvest R\u00e9gional &#8211; Ontario Nous vous remercions de l\u2019int\u00e9r\u00eat que vous portez \u00e0 artsvest R\u00e9gional en Ontario. Les candidatures sont maintenant closes pour l\u2019ann\u00e9e 2026.En 2026, le programme accueillera 15 organismes artistiques, culturels et patrimoniaux de petite ou de moyenne<span class=\"ellipsis\">&hellip;<\/span><\/p>\n<div class=\"read-more\"><a href=\"https:\/\/www.businessandarts.org\/fr\/artsvest\/ontario\/\">Lire plus de <span class=\"screen-reader-text\">\u00c0 propos Ontario<\/span><span class=\"meta-nav\"> &#8250;<\/span><\/a><\/div>\n<p><!-- end of .read-more --><\/p>\n","protected":false},"author":1,"featured_media":0,"parent":17375,"menu_order":0,"comment_status":"closed","ping_status":"closed","template":"page-templates\/artvest-about.php","meta":{"_acf_changed":false,"footnotes":""},"class_list":["post-18747","page","type-page","status-publish","hentry"],"acf":[],"yoast_head":"<!-- This site is optimized with the Yoast SEO plugin v23.7 - https:\/\/yoast.com\/wordpress\/plugins\/seo\/ -->\n<title>\u00c0 propos Ontario - Business \/ Arts<\/title>\n<meta name=\"robots\" content=\"index, follow, max-snippet:-1, max-image-preview:large, max-video-preview:-1\" \/>\n<link rel=\"canonical\" href=\"https:\/\/www.businessandarts.org\/fr\/artsvest\/ontario\/\" \/>\n<meta property=\"og:locale\" content=\"fr_FR\" \/>\n<meta property=\"og:type\" content=\"article\" \/>\n<meta property=\"og:title\" content=\"\u00c0 propos Ontario - Business \/ Arts\" \/>\n<meta property=\"og:description\" content=\"artsvest R\u00e9gional &#8211; Ontario Nous vous remercions de l\u2019int\u00e9r\u00eat que vous portez \u00e0 artsvest R\u00e9gional en Ontario. Les candidatures sont maintenant closes pour l\u2019ann\u00e9e 2026.En 2026, le programme accueillera 15 organismes artistiques, culturels et patrimoniaux de petite ou de moyenne&hellip;Lire plus de \u00c0 propos Ontario &#8250;\" \/>\n<meta property=\"og:url\" content=\"https:\/\/www.businessandarts.org\/fr\/artsvest\/ontario\/\" \/>\n<meta property=\"og:site_name\" content=\"Business \/ Arts\" \/>\n<meta property=\"article:modified_time\" content=\"2026-03-30T16:02:55+00:00\" \/>\n<meta property=\"og:image\" content=\"https:\/\/www.businessandarts.org\/wp-content\/uploads\/2026\/02\/ON-impact-F.png\" \/>\n\t<meta property=\"og:image:width\" content=\"1600\" \/>\n\t<meta property=\"og:image:height\" content=\"557\" \/>\n\t<meta property=\"og:image:type\" content=\"image\/png\" \/>\n<meta name=\"twitter:card\" content=\"summary_large_image\" \/>\n<meta name=\"twitter:label1\" content=\"Dur\u00e9e de lecture estim\u00e9e\" \/>\n\t<meta name=\"twitter:data1\" content=\"4 minutes\" \/>\n<script type=\"application\/ld+json\" class=\"yoast-schema-graph\">{\"@context\":\"https:\/\/schema.org\",\"@graph\":[{\"@type\":\"WebPage\",\"@id\":\"https:\/\/www.businessandarts.org\/fr\/artsvest\/ontario\/\",\"url\":\"https:\/\/www.businessandarts.org\/fr\/artsvest\/ontario\/\",\"name\":\"\u00c0 propos Ontario - Business \/ Arts\",\"isPartOf\":{\"@id\":\"https:\/\/www.businessandarts.org\/#website\"},\"primaryImageOfPage\":{\"@id\":\"https:\/\/www.businessandarts.org\/fr\/artsvest\/ontario\/#primaryimage\"},\"image\":{\"@id\":\"https:\/\/www.businessandarts.org\/fr\/artsvest\/ontario\/#primaryimage\"},\"thumbnailUrl\":\"https:\/\/www.businessandarts.org\/wp-content\/uploads\/2026\/02\/ON-impact-F.png\",\"datePublished\":\"2023-05-15T16:23:14+00:00\",\"dateModified\":\"2026-03-30T16:02:55+00:00\",\"breadcrumb\":{\"@id\":\"https:\/\/www.businessandarts.org\/fr\/artsvest\/ontario\/#breadcrumb\"},\"inLanguage\":\"fr-FR\",\"potentialAction\":[{\"@type\":\"ReadAction\",\"target\":[\"https:\/\/www.businessandarts.org\/fr\/artsvest\/ontario\/\"]}]},{\"@type\":\"ImageObject\",\"inLanguage\":\"fr-FR\",\"@id\":\"https:\/\/www.businessandarts.org\/fr\/artsvest\/ontario\/#primaryimage\",\"url\":\"https:\/\/www.businessandarts.org\/wp-content\/uploads\/2026\/02\/ON-impact-F.png\",\"contentUrl\":\"https:\/\/www.businessandarts.org\/wp-content\/uploads\/2026\/02\/ON-impact-F.png\"},{\"@type\":\"BreadcrumbList\",\"@id\":\"https:\/\/www.businessandarts.org\/fr\/artsvest\/ontario\/#breadcrumb\",\"itemListElement\":[{\"@type\":\"ListItem\",\"position\":1,\"name\":\"Home\",\"item\":\"https:\/\/www.businessandarts.org\/fr\/\"},{\"@type\":\"ListItem\",\"position\":2,\"name\":\"artsvest\",\"item\":\"https:\/\/www.businessandarts.org\/fr\/artsvest\/\"},{\"@type\":\"ListItem\",\"position\":3,\"name\":\"\u00c0 propos Ontario\"}]},{\"@type\":\"WebSite\",\"@id\":\"https:\/\/www.businessandarts.org\/#website\",\"url\":\"https:\/\/www.businessandarts.org\/\",\"name\":\"Business \/ Arts\",\"description\":\"\",\"potentialAction\":[{\"@type\":\"SearchAction\",\"target\":{\"@type\":\"EntryPoint\",\"urlTemplate\":\"https:\/\/www.businessandarts.org\/?s={search_term_string}\"},\"query-input\":{\"@type\":\"PropertyValueSpecification\",\"valueRequired\":true,\"valueName\":\"search_term_string\"}}],\"inLanguage\":\"fr-FR\"}]}<\/script>\n<!-- \/ Yoast SEO plugin. -->","yoast_head_json":{"title":"\u00c0 propos Ontario - Business \/ Arts","robots":{"index":"index","follow":"follow","max-snippet":"max-snippet:-1","max-image-preview":"max-image-preview:large","max-video-preview":"max-video-preview:-1"},"canonical":"https:\/\/www.businessandarts.org\/fr\/artsvest\/ontario\/","og_locale":"fr_FR","og_type":"article","og_title":"\u00c0 propos Ontario - Business \/ Arts","og_description":"artsvest R\u00e9gional &#8211; Ontario Nous vous remercions de l\u2019int\u00e9r\u00eat que vous portez \u00e0 artsvest R\u00e9gional en Ontario. Les candidatures sont maintenant closes pour l\u2019ann\u00e9e 2026.En 2026, le programme accueillera 15 organismes artistiques, culturels et patrimoniaux de petite ou de moyenne&hellip;Lire plus de \u00c0 propos Ontario &#8250;","og_url":"https:\/\/www.businessandarts.org\/fr\/artsvest\/ontario\/","og_site_name":"Business \/ Arts","article_modified_time":"2026-03-30T16:02:55+00:00","og_image":[{"width":1600,"height":557,"url":"https:\/\/www.businessandarts.org\/wp-content\/uploads\/2026\/02\/ON-impact-F.png","type":"image\/png"}],"twitter_card":"summary_large_image","twitter_misc":{"Dur\u00e9e de lecture estim\u00e9e":"4 minutes"},"schema":{"@context":"https:\/\/schema.org","@graph":[{"@type":"WebPage","@id":"https:\/\/www.businessandarts.org\/fr\/artsvest\/ontario\/","url":"https:\/\/www.businessandarts.org\/fr\/artsvest\/ontario\/","name":"\u00c0 propos Ontario - Business \/ Arts","isPartOf":{"@id":"https:\/\/www.businessandarts.org\/#website"},"primaryImageOfPage":{"@id":"https:\/\/www.businessandarts.org\/fr\/artsvest\/ontario\/#primaryimage"},"image":{"@id":"https:\/\/www.businessandarts.org\/fr\/artsvest\/ontario\/#primaryimage"},"thumbnailUrl":"https:\/\/www.businessandarts.org\/wp-content\/uploads\/2026\/02\/ON-impact-F.png","datePublished":"2023-05-15T16:23:14+00:00","dateModified":"2026-03-30T16:02:55+00:00","breadcrumb":{"@id":"https:\/\/www.businessandarts.org\/fr\/artsvest\/ontario\/#breadcrumb"},"inLanguage":"fr-FR","potentialAction":[{"@type":"ReadAction","target":["https:\/\/www.businessandarts.org\/fr\/artsvest\/ontario\/"]}]},{"@type":"ImageObject","inLanguage":"fr-FR","@id":"https:\/\/www.businessandarts.org\/fr\/artsvest\/ontario\/#primaryimage","url":"https:\/\/www.businessandarts.org\/wp-content\/uploads\/2026\/02\/ON-impact-F.png","contentUrl":"https:\/\/www.businessandarts.org\/wp-content\/uploads\/2026\/02\/ON-impact-F.png"},{"@type":"BreadcrumbList","@id":"https:\/\/www.businessandarts.org\/fr\/artsvest\/ontario\/#breadcrumb","itemListElement":[{"@type":"ListItem","position":1,"name":"Home","item":"https:\/\/www.businessandarts.org\/fr\/"},{"@type":"ListItem","position":2,"name":"artsvest","item":"https:\/\/www.businessandarts.org\/fr\/artsvest\/"},{"@type":"ListItem","position":3,"name":"\u00c0 propos Ontario"}]},{"@type":"WebSite","@id":"https:\/\/www.businessandarts.org\/#website","url":"https:\/\/www.businessandarts.org\/","name":"Business \/ Arts","description":"","potentialAction":[{"@type":"SearchAction","target":{"@type":"EntryPoint","urlTemplate":"https:\/\/www.businessandarts.org\/?s={search_term_string}"},"query-input":{"@type":"PropertyValueSpecification","valueRequired":true,"valueName":"search_term_string"}}],"inLanguage":"fr-FR"}]}},"_links":{"self":[{"href":"https:\/\/www.businessandarts.org\/fr\/wp-json\/wp\/v2\/pages\/18747","targetHints":{"allow":["GET"]}}],"collection":[{"href":"https:\/\/www.businessandarts.org\/fr\/wp-json\/wp\/v2\/pages"}],"about":[{"href":"https:\/\/www.businessandarts.org\/fr\/wp-json\/wp\/v2\/types\/page"}],"author":[{"embeddable":true,"href":"https:\/\/www.businessandarts.org\/fr\/wp-json\/wp\/v2\/users\/1"}],"replies":[{"embeddable":true,"href":"https:\/\/www.businessandarts.org\/fr\/wp-json\/wp\/v2\/comments?post=18747"}],"version-history":[{"count":34,"href":"https:\/\/www.businessandarts.org\/fr\/wp-json\/wp\/v2\/pages\/18747\/revisions"}],"predecessor-version":[{"id":25740,"href":"https:\/\/www.businessandarts.org\/fr\/wp-json\/wp\/v2\/pages\/18747\/revisions\/25740"}],"up":[{"embeddable":true,"href":"https:\/\/www.businessandarts.org\/fr\/wp-json\/wp\/v2\/pages\/17375"}],"wp:attachment":[{"href":"https:\/\/www.businessandarts.org\/fr\/wp-json\/wp\/v2\/media?parent=18747"}],"curies":[{"name":"wp","href":"https:\/\/api.w.org\/{rel}","templated":true}]}}