{"id":17551,"date":"2023-02-07T22:55:01","date_gmt":"2023-02-07T22:55:01","guid":{"rendered":"https:\/\/www.businessandarts.org\/?page_id=17551"},"modified":"2026-01-23T18:05:29","modified_gmt":"2026-01-23T18:05:29","slug":"reconnaissanceterritoriale","status":"publish","type":"page","link":"https:\/\/www.businessandarts.org\/fr\/reconnaissanceterritoriale\/","title":{"rendered":"Reconnaissance territoriale"},"content":{"rendered":"<p><span style=\"font-weight: 400;\">La pr\u00e9sente reconnaissance territoriale est une d\u00e9marche intentionnellement progressive, qui se veut un miroir de notre parcours d&#8217;apprentissage, tant \u00e0 titre personnel qu&#8217;organisationnel.\u00a0<\/span><\/p>\n<p><span style=\"font-weight: 400;\">Affaires\u00a0\/\u00a0Arts a \u00e9t\u00e9 fond\u00e9e en 1974 avec comme mission de stimuler les investissements corporatifs dans les arts. En r\u00e9fl\u00e9chissant sur notre histoire, nous reconnaissons les structures et institutions coloniales qui ont form\u00e9 notre patrimoine, et nous nous engageons \u00e0 faire mieux en tant qu&#8217;organisme dans notre qu\u00eate pour une soci\u00e9t\u00e9 juste, honorable, inclusive et \u00e9quitable.<\/span><\/p>\n<p><span style=\"font-weight: 400;\">Notre si\u00e8ge social est situ\u00e9 \u00e0 Tkaronto (Toronto), qui a \u00e9t\u00e9, pendant des milliers d&#8217;ann\u00e9es, un lieu de rencontre traditionnel pour bon nombre de nations, notamment les nations Anishinaabe, Wendat, Haudenosaunee et Mississaugas of the Credit, et o\u00f9 r\u00e9sident maintenant beaucoup de membres des Premi\u00e8res-Nations, des Inuits et des M\u00e9tis. Nous reconnaissons que Toronto est vis\u00e9e par le Trait\u00e9 n<\/span><span style=\"font-weight: 400;\">o<\/span><span style=\"font-weight: 400;\"> 13 sign\u00e9 par les Mississaugas of the Credit, et les trait\u00e9s Williams sign\u00e9s par bon nombre de bandes de Mississaugas et de Chippewa. Les colons ont \u00e9t\u00e9 invit\u00e9s dans ce trait\u00e9 dans un esprit de paix, d&#8217;amiti\u00e9 et de respect, et nous avons le devoir de respecter ces valeurs.<\/span><\/p>\n<p><span style=\"font-weight: 400;\">Nous sommes \u00e9galement un organisme national qui repose sur du personnel, des membres du conseil d&#8217;administration, des artistes et des b\u00e9n\u00e9voles \u00e0 la grandeur du pays. Les programmes que nous offrons desservent un vaste \u00e9ventail d&#8217;organismes artistiques et culturels, et nous reconnaissons que les membres de notre \u00e9quipe occupent des territoires traditionnels et des territoires autochtones non c\u00e9d\u00e9s.<\/span><\/p>\n<p><span style=\"font-weight: 400;\">En tant qu&#8217;organisme, nous tenons \u00e0 faire notre part pour faire progresser la d\u00e9colonisation, amplifier des voix diverses et cr\u00e9er un espace pour ceux et celles qui ont \u00e9t\u00e9 syst\u00e9matiquement et historiquement marginalis\u00e9s. La reconnaissance du territoire o\u00f9 nous vivons et travaillons marque un premier pas dans cette direction. Nous croyons que les arts et la culture doivent \u00eatre inclusifs et accessibles \u00e0 tous et \u00e0 toutes, et comme tel, nous poursuivons l&#8217;\u00e9valuation de nos programmes, services et mod\u00e8les afin de nous assurer qu&#8217;ils sont \u00e0 l&#8217;image de la richesse culturelle et de la diversit\u00e9 des communaut\u00e9s que nous nous effor\u00e7ons de servir.<\/span><\/p>\n<p><span style=\"font-weight: 400;\">Nous sommes engag\u00e9s \u00e0 \u00e9lever les voix, la culture, l&#8217;histoire, les connaissances et des organismes autochtones par l&#8217;entremise de nos programmes. Nous sommes engag\u00e9s \u00e0 rendre l&#8217;acc\u00e8s \u00e0 nos programmes plus \u00e9quitable et \u00e0 nous assurer que nos services peuvent rejoindre les personnes qui ont \u00e9t\u00e9 historiquement moins bien desservis. Nous sommes engag\u00e9s, \u00e0 titre personnel et organisationnel, \u00e0 consacrer plus de temps \u00e0 l&#8217;apprentissage et \u00e0 la r\u00e9flexion sur notre relation avec le territoire, et sur les p\u00e9riples qui nous ont amen\u00e9s jusqu&#8217;ici.<\/span><\/p>\n<p><span style=\"font-weight: 400;\">Voici quelques exemples de ressources d&#8217;apprentissage utilis\u00e9es\u00a0:<\/span><\/p>\n<ul>\n<li><a href=\"https:\/\/native-land.ca\/?lang=fr\" target=\"_blank\" rel=\"noopener\">Native Land Digital<\/a><\/li>\n<li><a href=\"https:\/\/ehprnh2mwo3.exactdn.com\/wp-content\/uploads\/2021\/01\/Calls_to_Action_English2.pdf\" target=\"_blank\" rel=\"noopener\"><span>Truth and Reconciliation Commission of Canada: Calls to Action<\/span><\/a><\/li>\n<li><a href=\"\/?page_id=13289\" target=\"_blank\" rel=\"noopener\"><span>B\/A equity and inclusion policy<\/span><\/a><\/li>\n<\/ul>\n","protected":false},"excerpt":{"rendered":"<p>La pr\u00e9sente reconnaissance territoriale est une d\u00e9marche intentionnellement progressive, qui se veut un miroir de notre parcours d&#8217;apprentissage, tant \u00e0 titre personnel qu&#8217;organisationnel.\u00a0 Affaires\u00a0\/\u00a0Arts a \u00e9t\u00e9 fond\u00e9e en 1974 avec comme mission de stimuler les investissements corporatifs dans les arts.<span class=\"ellipsis\">&hellip;<\/span><\/p>\n<div class=\"read-more\"><a href=\"https:\/\/www.businessandarts.org\/fr\/reconnaissanceterritoriale\/\">Lire plus de <span class=\"screen-reader-text\">Reconnaissance territoriale<\/span><span class=\"meta-nav\"> &#8250;<\/span><\/a><\/div>\n<p><!-- end of .read-more --><\/p>\n","protected":false},"author":1,"featured_media":0,"parent":0,"menu_order":0,"comment_status":"closed","ping_status":"closed","template":"","meta":{"_acf_changed":false,"footnotes":""},"class_list":["post-17551","page","type-page","status-publish","hentry"],"acf":[],"yoast_head":"<!-- This site is optimized with the Yoast SEO plugin v23.7 - https:\/\/yoast.com\/wordpress\/plugins\/seo\/ -->\n<title>Reconnaissance territoriale - Business \/ Arts<\/title>\n<meta name=\"robots\" content=\"index, follow, max-snippet:-1, max-image-preview:large, max-video-preview:-1\" \/>\n<link rel=\"canonical\" href=\"https:\/\/www.businessandarts.org\/fr\/reconnaissanceterritoriale\/\" \/>\n<meta property=\"og:locale\" content=\"fr_FR\" \/>\n<meta property=\"og:type\" content=\"article\" \/>\n<meta property=\"og:title\" content=\"Reconnaissance territoriale - Business \/ Arts\" \/>\n<meta property=\"og:description\" content=\"La pr\u00e9sente reconnaissance territoriale est une d\u00e9marche intentionnellement progressive, qui se veut un miroir de notre parcours d&#8217;apprentissage, tant \u00e0 titre personnel qu&#8217;organisationnel.\u00a0 Affaires\u00a0\/\u00a0Arts a \u00e9t\u00e9 fond\u00e9e en 1974 avec comme mission de stimuler les investissements corporatifs dans les arts.&hellip;Lire plus de Reconnaissance territoriale &#8250;\" \/>\n<meta property=\"og:url\" content=\"https:\/\/www.businessandarts.org\/fr\/reconnaissanceterritoriale\/\" \/>\n<meta property=\"og:site_name\" content=\"Business \/ Arts\" \/>\n<meta property=\"article:modified_time\" content=\"2026-01-23T18:05:29+00:00\" \/>\n<meta name=\"twitter:card\" content=\"summary_large_image\" \/>\n<meta name=\"twitter:label1\" content=\"Dur\u00e9e de lecture estim\u00e9e\" \/>\n\t<meta name=\"twitter:data1\" content=\"3 minutes\" \/>\n<script type=\"application\/ld+json\" class=\"yoast-schema-graph\">{\"@context\":\"https:\/\/schema.org\",\"@graph\":[{\"@type\":\"WebPage\",\"@id\":\"https:\/\/www.businessandarts.org\/fr\/reconnaissanceterritoriale\/\",\"url\":\"https:\/\/www.businessandarts.org\/fr\/reconnaissanceterritoriale\/\",\"name\":\"Reconnaissance territoriale - Business \/ Arts\",\"isPartOf\":{\"@id\":\"https:\/\/www.businessandarts.org\/#website\"},\"datePublished\":\"2023-02-07T22:55:01+00:00\",\"dateModified\":\"2026-01-23T18:05:29+00:00\",\"breadcrumb\":{\"@id\":\"https:\/\/www.businessandarts.org\/fr\/reconnaissanceterritoriale\/#breadcrumb\"},\"inLanguage\":\"fr-FR\",\"potentialAction\":[{\"@type\":\"ReadAction\",\"target\":[\"https:\/\/www.businessandarts.org\/fr\/reconnaissanceterritoriale\/\"]}]},{\"@type\":\"BreadcrumbList\",\"@id\":\"https:\/\/www.businessandarts.org\/fr\/reconnaissanceterritoriale\/#breadcrumb\",\"itemListElement\":[{\"@type\":\"ListItem\",\"position\":1,\"name\":\"Home\",\"item\":\"https:\/\/www.businessandarts.org\/fr\/\"},{\"@type\":\"ListItem\",\"position\":2,\"name\":\"Reconnaissance territoriale\"}]},{\"@type\":\"WebSite\",\"@id\":\"https:\/\/www.businessandarts.org\/#website\",\"url\":\"https:\/\/www.businessandarts.org\/\",\"name\":\"Business \/ Arts\",\"description\":\"\",\"potentialAction\":[{\"@type\":\"SearchAction\",\"target\":{\"@type\":\"EntryPoint\",\"urlTemplate\":\"https:\/\/www.businessandarts.org\/?s={search_term_string}\"},\"query-input\":{\"@type\":\"PropertyValueSpecification\",\"valueRequired\":true,\"valueName\":\"search_term_string\"}}],\"inLanguage\":\"fr-FR\"}]}<\/script>\n<!-- \/ Yoast SEO plugin. -->","yoast_head_json":{"title":"Reconnaissance territoriale - Business \/ Arts","robots":{"index":"index","follow":"follow","max-snippet":"max-snippet:-1","max-image-preview":"max-image-preview:large","max-video-preview":"max-video-preview:-1"},"canonical":"https:\/\/www.businessandarts.org\/fr\/reconnaissanceterritoriale\/","og_locale":"fr_FR","og_type":"article","og_title":"Reconnaissance territoriale - Business \/ Arts","og_description":"La pr\u00e9sente reconnaissance territoriale est une d\u00e9marche intentionnellement progressive, qui se veut un miroir de notre parcours d&#8217;apprentissage, tant \u00e0 titre personnel qu&#8217;organisationnel.\u00a0 Affaires\u00a0\/\u00a0Arts a \u00e9t\u00e9 fond\u00e9e en 1974 avec comme mission de stimuler les investissements corporatifs dans les arts.&hellip;Lire plus de Reconnaissance territoriale &#8250;","og_url":"https:\/\/www.businessandarts.org\/fr\/reconnaissanceterritoriale\/","og_site_name":"Business \/ Arts","article_modified_time":"2026-01-23T18:05:29+00:00","twitter_card":"summary_large_image","twitter_misc":{"Dur\u00e9e de lecture estim\u00e9e":"3 minutes"},"schema":{"@context":"https:\/\/schema.org","@graph":[{"@type":"WebPage","@id":"https:\/\/www.businessandarts.org\/fr\/reconnaissanceterritoriale\/","url":"https:\/\/www.businessandarts.org\/fr\/reconnaissanceterritoriale\/","name":"Reconnaissance territoriale - Business \/ Arts","isPartOf":{"@id":"https:\/\/www.businessandarts.org\/#website"},"datePublished":"2023-02-07T22:55:01+00:00","dateModified":"2026-01-23T18:05:29+00:00","breadcrumb":{"@id":"https:\/\/www.businessandarts.org\/fr\/reconnaissanceterritoriale\/#breadcrumb"},"inLanguage":"fr-FR","potentialAction":[{"@type":"ReadAction","target":["https:\/\/www.businessandarts.org\/fr\/reconnaissanceterritoriale\/"]}]},{"@type":"BreadcrumbList","@id":"https:\/\/www.businessandarts.org\/fr\/reconnaissanceterritoriale\/#breadcrumb","itemListElement":[{"@type":"ListItem","position":1,"name":"Home","item":"https:\/\/www.businessandarts.org\/fr\/"},{"@type":"ListItem","position":2,"name":"Reconnaissance territoriale"}]},{"@type":"WebSite","@id":"https:\/\/www.businessandarts.org\/#website","url":"https:\/\/www.businessandarts.org\/","name":"Business \/ Arts","description":"","potentialAction":[{"@type":"SearchAction","target":{"@type":"EntryPoint","urlTemplate":"https:\/\/www.businessandarts.org\/?s={search_term_string}"},"query-input":{"@type":"PropertyValueSpecification","valueRequired":true,"valueName":"search_term_string"}}],"inLanguage":"fr-FR"}]}},"_links":{"self":[{"href":"https:\/\/www.businessandarts.org\/fr\/wp-json\/wp\/v2\/pages\/17551","targetHints":{"allow":["GET"]}}],"collection":[{"href":"https:\/\/www.businessandarts.org\/fr\/wp-json\/wp\/v2\/pages"}],"about":[{"href":"https:\/\/www.businessandarts.org\/fr\/wp-json\/wp\/v2\/types\/page"}],"author":[{"embeddable":true,"href":"https:\/\/www.businessandarts.org\/fr\/wp-json\/wp\/v2\/users\/1"}],"replies":[{"embeddable":true,"href":"https:\/\/www.businessandarts.org\/fr\/wp-json\/wp\/v2\/comments?post=17551"}],"version-history":[{"count":1,"href":"https:\/\/www.businessandarts.org\/fr\/wp-json\/wp\/v2\/pages\/17551\/revisions"}],"predecessor-version":[{"id":29100,"href":"https:\/\/www.businessandarts.org\/fr\/wp-json\/wp\/v2\/pages\/17551\/revisions\/29100"}],"wp:attachment":[{"href":"https:\/\/www.businessandarts.org\/fr\/wp-json\/wp\/v2\/media?parent=17551"}],"curies":[{"name":"wp","href":"https:\/\/api.w.org\/{rel}","templated":true}]}}