{"id":17375,"date":"2023-02-05T19:22:53","date_gmt":"2023-02-05T19:22:53","guid":{"rendered":"https:\/\/www.businessandarts.org\/?page_id=17375"},"modified":"2026-02-17T15:05:17","modified_gmt":"2026-02-17T15:05:17","slug":"artsvest","status":"publish","type":"page","link":"https:\/\/www.businessandarts.org\/fr\/artsvest\/","title":{"rendered":"artsvest"},"content":{"rendered":"<p style=\"text-align: center;\"><strong><span style=\"font-size: 25px;\"><span style=\"color: #0f7b62;\">Au sujet du programme artsvest<\/span><\/span><\/strong><\/p>\n<p><span>artsvest est un programme virtuel de mentorat et de formation accessible et gratuit, dont le succ\u00e8s n&#8217;est plus \u00e0 faire au chapitre du renforcement des capacit\u00e9s d&#8217;organismes culturels partout au Canada. Depuis son lancement en 2005, artsvest a \u00e9paul\u00e9 plus de 3 000 organismes participants. Ensemble, nous cr\u00e9ons un r\u00e9seau robuste d&#8217;organismes artistiques diversifi\u00e9s qui sont en mesure d&#8217;apporter des changements notables dans les communit\u00e9s d&#8217;un oc\u00e9an \u00e0 l&#8217;autre.<\/span><\/p>\n<p style=\"text-align: center;\"><strong><span style=\"font-size: 25px;\"><span style=\"color: #0f7b62;\">2025 en revue<\/span><\/span><\/strong><\/p>\n<p><img loading=\"lazy\" decoding=\"async\" src=\"https:\/\/www.businessandarts.org\/wp-content\/uploads\/2026\/02\/2025ataglance-FR.png\" alt=\"\" width=\"772\" height=\"392\" class=\" wp-image-29434 aligncenter\" \/><\/p>\n<p style=\"text-align: center;\"><strong><span style=\"font-size: 25px;\"><span style=\"color: #0f7b62;\">Voici ce que vous offre artsvest\u00a0:<\/span><\/span><\/strong><\/p>\n<div class=\"pkg-desc\">\n<ul class=\"def-ul\">\n<li>D\u00e9veloppement professionnel pour organismes artistiques, culturels et patrimoniaux de petite et moyenne taille<\/li>\n<li>Apprentissage pour le personnel, le conseil et les b\u00e9n\u00e9voles<\/li>\n<li>Webinaires, r\u00e9seautage avec des pairs et mentorat<\/li>\n<li>Formation virtuelle autodidacte et flexible, adapt\u00e9e aux diff\u00e9rents besoins des organismes, de leurs int\u00e9r\u00eats et de leurs capacit\u00e9s<\/li>\n<li>Accent plac\u00e9 sur les communaut\u00e9s rurales, \u00e9loign\u00e9es, syst\u00e9matiquement mal desservies et en qu\u00eate d&#8217;\u00e9quit\u00e9<\/li>\n<li>R\u00e9seau national d&#8217;organismes engag\u00e9s envers le partage de connaissances et la r\u00e9silience<\/li>\n<li>Occasion (dans certaines r\u00e9gions) d&#8217;obtenir des fonds de contrepartie et des formations personnalis\u00e9es par l&#8217;entremise <a href=\"https:\/\/www.businessandarts.org\/fr\/artsvest\/regional\/\">d&#8217;artsvest R\u00e9gional<\/a><\/li>\n<\/ul>\n<\/div>\n<h4 style=\"text-align: center;\"><span>Joignez-vous \u00e0 artsvest! <\/span><\/h4>\n<h4 style=\"text-align: center;\"><span>Vous pouvez vous inscrire en tout temps et en un clin d&#8217;\u0153il. <\/span><\/h4>\n<h4 style=\"text-align: center;\"><span>Commencez votre aventure d\u00e8s aujourd&#8217;hui!\u00a0<\/span><\/h4>\n<h5 style=\"text-align: center;\"><\/h5>\n<form action=\"https:\/\/fs7.formsite.com\/W1pYtS\/1zuxpfment\/index\" target=\"_blank\"><button style=\"background-color: #46b797; padding: 20px 28px; margin: auto; display: block; border-radius: 20px; font: bold 22px Arial; color: white;\">Inscrivez-vous<\/button><\/form>\n<p>&nbsp;<\/p>\n<div class=\"our-mission\" style=\"text-align: left;\">\n<div data-mode=\"id\" dir=\"ltr\"><\/div>\n<h3><b>Questions<\/b><\/h3>\n<p><span>Merci de l\u2019int\u00e9r\u00eat manifest\u00e9 envers le programme artsvest. Nous vous prions de lire notre <a href=\"\/?page_id=17293\">foire aux questions.<\/a> Si vous avez d&#8217;autres questions, veuillez contacter notre \u00e9quipe au <a href=\"mailto:artsvest@businessforthearts.org\">artsvest@businessforthearts.org<\/a><br \/>\n<\/span><\/p>\n<p><span>Nous vous invitons \u00e9galement \u00e0 vous inscrire \u00e0 <\/span><a href=\"\/?page_id=9249\"><span>notre liste de diffusion<\/span><\/a><span> pour recevoir les nouvelles r\u00e9centes sur les programmes et occasions de r\u00e9seautage offerts par Affaires \/ Arts, comme notre s\u00e9rie de conf\u00e9rences mensuelles.<\/span><span><\/span><\/p>\n<\/div>\n<hr \/>\n<p><em>Banni\u00e8re principale : photos de gauche \u00e0 droite \u2014 Red Deer Centrefest Society (Alberta), North York Arts (Toronto), artsvest<\/em><\/p>\n<hr \/>\n<h4 style=\"text-align: center;\">Bailleurs de fonds<\/h4>\n<p>&nbsp;<\/p>\n<div class=\"su-row\">\n<div class=\"su-column su-column-size-1-2\"><div class=\"su-column-inner su-u-clearfix su-u-trim\"><img loading=\"lazy\" decoding=\"async\" src=\"https:\/\/www.businessandarts.org\/wp-content\/uploads\/2024\/09\/Canada-1.png\" alt=\"\" width=\"154\" height=\"37\" class=\" wp-image-23768 aligncenter\" \/><\/div><\/div>\n<div class=\"su-column su-column-size-1-2\"><div class=\"su-column-inner su-u-clearfix su-u-trim\"><img loading=\"lazy\" decoding=\"async\" src=\"https:\/\/www.businessandarts.org\/wp-content\/uploads\/2026\/01\/CCC-F.png\" alt=\"\" width=\"338\" height=\"56\" class=\" wp-image-28474 aligncenter\" \/><\/div><\/div>\n<\/div>\n<div class=\"su-row\">\n<div class=\"su-column su-column-size-1-2\"><div class=\"su-column-inner su-u-clearfix su-u-trim\">\n<p><img loading=\"lazy\" decoding=\"async\" src=\"https:\/\/www.businessandarts.org\/wp-content\/uploads\/2023\/05\/AlbertaFoundationfortheArts.png\" alt=\"\" class=\"wp-image-18766 aligncenter\" width=\"209\" height=\"87\" \/><\/p>\n<\/div><\/div>\n<div class=\"su-column su-column-size-1-2\"><div class=\"su-column-inner su-u-clearfix su-u-trim\">\n<p><img loading=\"lazy\" decoding=\"async\" src=\"https:\/\/www.businessandarts.org\/wp-content\/uploads\/2024\/03\/BC-logo-upd-1.png\" alt=\"\" width=\"400\" height=\"129\" class=\" wp-image-22022 aligncenter\" \/><\/p>\n<\/div><\/div>\n<\/div>\n<div class=\"su-row\">\n<div class=\"su-column su-column-size-1-2\"><div class=\"su-column-inner su-u-clearfix su-u-trim\">\n<p><img loading=\"lazy\" decoding=\"async\" src=\"https:\/\/www.businessandarts.org\/wp-content\/uploads\/2025\/03\/ONtario-logos.png\" alt=\"\" width=\"429\" height=\"71\" class=\" wp-image-29988 aligncenter\" \/><\/p>\n<\/div><\/div>\n<div class=\"su-column su-column-size-1-2\"><div class=\"su-column-inner su-u-clearfix su-u-trim\">\n<p><img loading=\"lazy\" decoding=\"async\" src=\"https:\/\/www.businessandarts.org\/wp-content\/uploads\/2023\/05\/Saskatchewan-1.png\" alt=\"\" class=\" wp-image-18774 aligncenter\" width=\"223\" height=\"51\" \/><\/p>\n<\/div><\/div>\n<\/div>\n<div class=\"su-row\">\n<div class=\"su-column su-column-size-1-2\"><div class=\"su-column-inner su-u-clearfix su-u-trim\">\n<p><img loading=\"lazy\" decoding=\"async\" src=\"https:\/\/www.businessandarts.org\/wp-content\/uploads\/2025\/01\/Sudbury_artsvest.png\" alt=\"\" width=\"225\" height=\"85\" class=\" wp-image-24692 aligncenter\" \/><\/p>\n<\/div><\/div>\n<div class=\"su-column su-column-size-1-2\"><div class=\"su-column-inner su-u-clearfix su-u-trim\">\n<p><img loading=\"lazy\" decoding=\"async\" src=\"https:\/\/www.businessandarts.org\/wp-content\/uploads\/2023\/05\/Toronto-1.png\" alt=\"\" class=\"wp-image-18775 aligncenter\" width=\"182\" height=\"64\" \/><\/p>\n<\/div><\/div>\n<\/div>\n<div class=\"su-row\">\n<div class=\"su-column su-column-size-1-1\"><div class=\"su-column-inner su-u-clearfix su-u-trim\">\n<p><img loading=\"lazy\" decoding=\"async\" src=\"https:\/\/www.businessandarts.org\/wp-content\/uploads\/2025\/01\/WpgFdn_Logo_JPG_Colour.jpg\" alt=\"\" width=\"160\" height=\"79\" class=\" wp-image-24695 aligncenter\" \/><\/p>\n<\/div><\/div>\n<\/div>\n","protected":false},"excerpt":{"rendered":"<p>Au sujet du programme artsvest artsvest est un programme virtuel de mentorat et de formation accessible et gratuit, dont le succ\u00e8s n&#8217;est plus \u00e0 faire au chapitre du renforcement des capacit\u00e9s d&#8217;organismes culturels partout au Canada. Depuis son lancement en<span class=\"ellipsis\">&hellip;<\/span><\/p>\n<div class=\"read-more\"><a href=\"https:\/\/www.businessandarts.org\/fr\/artsvest\/\">Lire plus de <span class=\"screen-reader-text\">artsvest<\/span><span class=\"meta-nav\"> &#8250;<\/span><\/a><\/div>\n<p><!-- end of .read-more --><\/p>\n","protected":false},"author":1,"featured_media":0,"parent":0,"menu_order":0,"comment_status":"closed","ping_status":"closed","template":"page-templates\/sidebar-with-bottom-logo.php","meta":{"_acf_changed":false,"footnotes":""},"class_list":["post-17375","page","type-page","status-publish","hentry"],"acf":[],"yoast_head":"<!-- This site is optimized with the Yoast SEO plugin v23.7 - https:\/\/yoast.com\/wordpress\/plugins\/seo\/ -->\n<title>artsvest - Business \/ Arts<\/title>\n<meta name=\"robots\" content=\"index, follow, max-snippet:-1, max-image-preview:large, max-video-preview:-1\" \/>\n<link rel=\"canonical\" href=\"https:\/\/www.businessandarts.org\/fr\/artsvest\/\" \/>\n<meta property=\"og:locale\" content=\"fr_FR\" \/>\n<meta property=\"og:type\" content=\"article\" \/>\n<meta property=\"og:title\" content=\"artsvest - Business \/ Arts\" \/>\n<meta property=\"og:description\" content=\"Au sujet du programme artsvest artsvest est un programme virtuel de mentorat et de formation accessible et gratuit, dont le succ\u00e8s n&#8217;est plus \u00e0 faire au chapitre du renforcement des capacit\u00e9s d&#8217;organismes culturels partout au Canada. Depuis son lancement en&hellip;Lire plus de artsvest &#8250;\" \/>\n<meta property=\"og:url\" content=\"https:\/\/www.businessandarts.org\/fr\/artsvest\/\" \/>\n<meta property=\"og:site_name\" content=\"Business \/ Arts\" \/>\n<meta property=\"article:modified_time\" content=\"2026-02-17T15:05:17+00:00\" \/>\n<meta property=\"og:image\" content=\"https:\/\/www.businessandarts.org\/wp-content\/uploads\/2026\/02\/2025ataglance-FR.png\" \/>\n\t<meta property=\"og:image:width\" content=\"1962\" \/>\n\t<meta property=\"og:image:height\" content=\"995\" \/>\n\t<meta property=\"og:image:type\" content=\"image\/png\" \/>\n<meta name=\"twitter:card\" content=\"summary_large_image\" \/>\n<meta name=\"twitter:label1\" content=\"Dur\u00e9e de lecture estim\u00e9e\" \/>\n\t<meta name=\"twitter:data1\" content=\"4 minutes\" \/>\n<script type=\"application\/ld+json\" class=\"yoast-schema-graph\">{\"@context\":\"https:\/\/schema.org\",\"@graph\":[{\"@type\":\"WebPage\",\"@id\":\"https:\/\/www.businessandarts.org\/fr\/artsvest\/\",\"url\":\"https:\/\/www.businessandarts.org\/fr\/artsvest\/\",\"name\":\"artsvest - Business \/ Arts\",\"isPartOf\":{\"@id\":\"https:\/\/www.businessandarts.org\/#website\"},\"primaryImageOfPage\":{\"@id\":\"https:\/\/www.businessandarts.org\/fr\/artsvest\/#primaryimage\"},\"image\":{\"@id\":\"https:\/\/www.businessandarts.org\/fr\/artsvest\/#primaryimage\"},\"thumbnailUrl\":\"https:\/\/www.businessandarts.org\/wp-content\/uploads\/2026\/02\/2025ataglance-FR.png\",\"datePublished\":\"2023-02-05T19:22:53+00:00\",\"dateModified\":\"2026-02-17T15:05:17+00:00\",\"breadcrumb\":{\"@id\":\"https:\/\/www.businessandarts.org\/fr\/artsvest\/#breadcrumb\"},\"inLanguage\":\"fr-FR\",\"potentialAction\":[{\"@type\":\"ReadAction\",\"target\":[\"https:\/\/www.businessandarts.org\/fr\/artsvest\/\"]}]},{\"@type\":\"ImageObject\",\"inLanguage\":\"fr-FR\",\"@id\":\"https:\/\/www.businessandarts.org\/fr\/artsvest\/#primaryimage\",\"url\":\"https:\/\/www.businessandarts.org\/wp-content\/uploads\/2026\/02\/2025ataglance-FR.png\",\"contentUrl\":\"https:\/\/www.businessandarts.org\/wp-content\/uploads\/2026\/02\/2025ataglance-FR.png\"},{\"@type\":\"BreadcrumbList\",\"@id\":\"https:\/\/www.businessandarts.org\/fr\/artsvest\/#breadcrumb\",\"itemListElement\":[{\"@type\":\"ListItem\",\"position\":1,\"name\":\"Home\",\"item\":\"https:\/\/www.businessandarts.org\/fr\/\"},{\"@type\":\"ListItem\",\"position\":2,\"name\":\"artsvest\"}]},{\"@type\":\"WebSite\",\"@id\":\"https:\/\/www.businessandarts.org\/#website\",\"url\":\"https:\/\/www.businessandarts.org\/\",\"name\":\"Business \/ Arts\",\"description\":\"\",\"potentialAction\":[{\"@type\":\"SearchAction\",\"target\":{\"@type\":\"EntryPoint\",\"urlTemplate\":\"https:\/\/www.businessandarts.org\/?s={search_term_string}\"},\"query-input\":{\"@type\":\"PropertyValueSpecification\",\"valueRequired\":true,\"valueName\":\"search_term_string\"}}],\"inLanguage\":\"fr-FR\"}]}<\/script>\n<!-- \/ Yoast SEO plugin. -->","yoast_head_json":{"title":"artsvest - Business \/ Arts","robots":{"index":"index","follow":"follow","max-snippet":"max-snippet:-1","max-image-preview":"max-image-preview:large","max-video-preview":"max-video-preview:-1"},"canonical":"https:\/\/www.businessandarts.org\/fr\/artsvest\/","og_locale":"fr_FR","og_type":"article","og_title":"artsvest - Business \/ Arts","og_description":"Au sujet du programme artsvest artsvest est un programme virtuel de mentorat et de formation accessible et gratuit, dont le succ\u00e8s n&#8217;est plus \u00e0 faire au chapitre du renforcement des capacit\u00e9s d&#8217;organismes culturels partout au Canada. Depuis son lancement en&hellip;Lire plus de artsvest &#8250;","og_url":"https:\/\/www.businessandarts.org\/fr\/artsvest\/","og_site_name":"Business \/ Arts","article_modified_time":"2026-02-17T15:05:17+00:00","og_image":[{"width":1962,"height":995,"url":"https:\/\/www.businessandarts.org\/wp-content\/uploads\/2026\/02\/2025ataglance-FR.png","type":"image\/png"}],"twitter_card":"summary_large_image","twitter_misc":{"Dur\u00e9e de lecture estim\u00e9e":"4 minutes"},"schema":{"@context":"https:\/\/schema.org","@graph":[{"@type":"WebPage","@id":"https:\/\/www.businessandarts.org\/fr\/artsvest\/","url":"https:\/\/www.businessandarts.org\/fr\/artsvest\/","name":"artsvest - Business \/ Arts","isPartOf":{"@id":"https:\/\/www.businessandarts.org\/#website"},"primaryImageOfPage":{"@id":"https:\/\/www.businessandarts.org\/fr\/artsvest\/#primaryimage"},"image":{"@id":"https:\/\/www.businessandarts.org\/fr\/artsvest\/#primaryimage"},"thumbnailUrl":"https:\/\/www.businessandarts.org\/wp-content\/uploads\/2026\/02\/2025ataglance-FR.png","datePublished":"2023-02-05T19:22:53+00:00","dateModified":"2026-02-17T15:05:17+00:00","breadcrumb":{"@id":"https:\/\/www.businessandarts.org\/fr\/artsvest\/#breadcrumb"},"inLanguage":"fr-FR","potentialAction":[{"@type":"ReadAction","target":["https:\/\/www.businessandarts.org\/fr\/artsvest\/"]}]},{"@type":"ImageObject","inLanguage":"fr-FR","@id":"https:\/\/www.businessandarts.org\/fr\/artsvest\/#primaryimage","url":"https:\/\/www.businessandarts.org\/wp-content\/uploads\/2026\/02\/2025ataglance-FR.png","contentUrl":"https:\/\/www.businessandarts.org\/wp-content\/uploads\/2026\/02\/2025ataglance-FR.png"},{"@type":"BreadcrumbList","@id":"https:\/\/www.businessandarts.org\/fr\/artsvest\/#breadcrumb","itemListElement":[{"@type":"ListItem","position":1,"name":"Home","item":"https:\/\/www.businessandarts.org\/fr\/"},{"@type":"ListItem","position":2,"name":"artsvest"}]},{"@type":"WebSite","@id":"https:\/\/www.businessandarts.org\/#website","url":"https:\/\/www.businessandarts.org\/","name":"Business \/ Arts","description":"","potentialAction":[{"@type":"SearchAction","target":{"@type":"EntryPoint","urlTemplate":"https:\/\/www.businessandarts.org\/?s={search_term_string}"},"query-input":{"@type":"PropertyValueSpecification","valueRequired":true,"valueName":"search_term_string"}}],"inLanguage":"fr-FR"}]}},"_links":{"self":[{"href":"https:\/\/www.businessandarts.org\/fr\/wp-json\/wp\/v2\/pages\/17375","targetHints":{"allow":["GET"]}}],"collection":[{"href":"https:\/\/www.businessandarts.org\/fr\/wp-json\/wp\/v2\/pages"}],"about":[{"href":"https:\/\/www.businessandarts.org\/fr\/wp-json\/wp\/v2\/types\/page"}],"author":[{"embeddable":true,"href":"https:\/\/www.businessandarts.org\/fr\/wp-json\/wp\/v2\/users\/1"}],"replies":[{"embeddable":true,"href":"https:\/\/www.businessandarts.org\/fr\/wp-json\/wp\/v2\/comments?post=17375"}],"version-history":[{"count":42,"href":"https:\/\/www.businessandarts.org\/fr\/wp-json\/wp\/v2\/pages\/17375\/revisions"}],"predecessor-version":[{"id":30139,"href":"https:\/\/www.businessandarts.org\/fr\/wp-json\/wp\/v2\/pages\/17375\/revisions\/30139"}],"wp:attachment":[{"href":"https:\/\/www.businessandarts.org\/fr\/wp-json\/wp\/v2\/media?parent=17375"}],"curies":[{"name":"wp","href":"https:\/\/api.w.org\/{rel}","templated":true}]}}