{"id":17293,"date":"2023-02-04T18:48:49","date_gmt":"2023-02-04T18:48:49","guid":{"rendered":"https:\/\/www.businessandarts.org\/?page_id=17293"},"modified":"2026-02-05T19:53:46","modified_gmt":"2026-02-05T19:53:46","slug":"faq-artsvest","status":"publish","type":"page","link":"https:\/\/www.businessandarts.org\/fr\/artsvest\/faq-artsvest\/","title":{"rendered":"FAQ &#8211; artsvest"},"content":{"rendered":"            <div class=\"qae-faqs-container qae-faqs-toggle-container\">\n\t\t\t\t\t\t<div id=\"qaef-17130\" class=\"qe-faq-toggle \">\n\t\t\t<div class=\"qe-toggle-title\">\n\t\t\t\t<h4>\n\t\t\t\t\t<i class=\"fa fa-minus-circle\"><\/i> Comment fonctionne le programme artsvest national ?\t\t\t\t<\/h4>\n\t\t\t<\/div>\n\t\t\t<div class=\"qe-toggle-content\">\n\t\t\t\t<p><span><\/span><span>artsvest est un programme de mentorat et de formation national, virtuel et gratuit, qui est accessible partout au Canada. La programmation est offerte sous forme de webinaire, de sessions de r\u00e9seautage entre pairs et de mentorat personnalis\u00e9<\/span><span>. L\u2019objectif du programme est le d\u00e9veloppement de capacit\u00e9 et de r\u00e9silience dans le secteur culturel, en mettant un accent particulier sur les organismes artistiques, culturels et patrimoniaux de petite et moyenne taille.<\/span><\/p>\n\t\t\t<\/div>\n\t\t<\/div>\n\t\t\t\t<div id=\"qaef-17656\" class=\"qe-faq-toggle \">\n\t\t\t<div class=\"qe-toggle-title\">\n\t\t\t\t<h4>\n\t\t\t\t\t<i class=\"fa fa-minus-circle\"><\/i> Combien de temps est requis pour participer \u00e0 artsvest ?\t\t\t\t<\/h4>\n\t\t\t<\/div>\n\t\t\t<div class=\"qe-toggle-content\">\n\t\t\t\t<p>La formation comprend des webinaires mensuels (\u00e0 partir de mars 2023), des sessions entre pairs tous les 2 ou 3 mois (\u00e0 partir du printemps 2023) et l&#8217;acc\u00e8s \u00e0 des mentors pour deux sessions d&#8217;une heure maximum (\u00e0 partir de l&#8217;automne 2023).<\/p>\n<p>Nous recommandons aux organismes de participer \u00e0 un minimum de 12 heures de formation, quelle que soit la combinaison, afin de maximiser leur apprentissage du programme. Cependant, les organismes individuels peuvent choisir leur propre engagement temporel en fonction de leurs objectifs et de leur capacit\u00e9 d&#8217;apprentissage. L&#8217;objectif du programme est d&#8217;\u00eatre flexible et r\u00e9actif, et non contraignant.<\/p>\n\t\t\t<\/div>\n\t\t<\/div>\n\t\t\t\t<div id=\"qaef-17307\" class=\"qe-faq-toggle \">\n\t\t\t<div class=\"qe-toggle-title\">\n\t\t\t\t<h4>\n\t\t\t\t\t<i class=\"fa fa-minus-circle\"><\/i> Quels sont les sujets de formation offerts ?\t\t\t\t<\/h4>\n\t\t\t<\/div>\n\t\t\t<div class=\"qe-toggle-content\">\n\t\t\t\t<p><span>Les sessions de formation couvrent un \u00e9ventail de sujets, incluant :<\/span><span><\/span><span><\/span><\/p>\n<div class=\"pkg-desc\">\n<ul class=\"def-ul\">\n<li><span>\u00c9quit\u00e9, diversit\u00e9, acc\u00e8s et inclusion <\/span><\/li>\n<li><span>Commandites du secteur priv\u00e9<\/span><\/li>\n<li><span>Gouvernance du conseil d\u2019administration<\/span><\/li>\n<li><span>Marketing et communication<\/span><\/li>\n<li><span>D\u00e9veloppement organisationnel<\/span><\/li>\n<li><span>D\u00e9veloppement de fonds et viabilit\u00e9 financi\u00e8re<\/span><\/li>\n<li><span>Planification strat\u00e9gique<\/span><\/li>\n<li><span>Adaptation au changement<\/span><\/li>\n<li><span>Engagement communautaire<\/span><\/li>\n<\/ul>\n<\/div>\n\t\t\t<\/div>\n\t\t<\/div>\n\t\t\t\t<div id=\"qaef-17308\" class=\"qe-faq-toggle \">\n\t\t\t<div class=\"qe-toggle-title\">\n\t\t\t\t<h4>\n\t\t\t\t\t<i class=\"fa fa-minus-circle\"><\/i> En quoi cette it\u00e9ration d\u2019artsvest est-elle diff\u00e9rente des pr\u00e9c\u00e9dentes ?\t\t\t\t<\/h4>\n\t\t\t<\/div>\n\t\t\t<div class=\"qe-toggle-content\">\n\t\t\t\t<div class=\"pkg-desc\">\n<ul class=\"def-ul\">\n<li><span>Cette it\u00e9ration repr\u00e9sente la premi\u00e8re pr\u00e9sentation v\u00e9ritablement nationale du programme artvest. Par le pass\u00e9, le programme a \u00e9t\u00e9 pr\u00e9sent\u00e9 dans diff\u00e9rentes communaut\u00e9s \u00e0 divers moments, mais pour la premi\u00e8re fois, les programmes de formation et de mentorat seront offerts simultan\u00e9ement \u00e0 l\u2019\u00e9chelle du pays.<\/span><\/li>\n<li><span>La port\u00e9e, le format et la pr\u00e9sentation de cette it\u00e9ration d\u2019artsvest accordent une priorit\u00e9 aux communaut\u00e9s rurales, \u00e9loign\u00e9es, \u00e0 celles qui souffrent d&#8217;un manque de ressources syst\u00e9miques ou qui sont soucieuses d&#8217;\u00e9quit\u00e9.<\/span><\/li>\n<li><span>Le programme de formation est plus flexible pour permettre aux participants de l\u2019adapter \u00e0 leur propre cheminement selon les besoins, int\u00e9r\u00eats et capacit\u00e9s de leur organisme.\u00a0<\/span><\/li>\n<li><span>La port\u00e9e de la formation et les sujets qu\u2019elle comporte sont beaucoup plus vastes, adoptant une approche de capacit\u00e9 organisationnelle dans l\u2019ensemble, au lieu de se pencher uniquement sur les commandites, le marketing et la gouvernance du conseil d\u2019administration.<\/span><\/li>\n<li><span>Le segment de fonds de contrepartie pour les commandites se poursuit, sous r\u00e9serve toutefois de partenariat avec un investisseur local pour la contrepartie; la disponibilit\u00e9 est limit\u00e9e \u00e0 certaines r\u00e9gions pour le moment. Nous sommes toujours \u00e0 la recherche de nouveaux partenaires de financement dans le but de donner de l\u2019expansion au programme de fonds de contrepartie pour les commandites \u00e0 l\u2019\u00e9chelle du pays.<\/span><\/li>\n<\/ul>\n<\/div>\n\t\t\t<\/div>\n\t\t<\/div>\n\t\t\t\t<div id=\"qaef-17309\" class=\"qe-faq-toggle \">\n\t\t\t<div class=\"qe-toggle-title\">\n\t\t\t\t<h4>\n\t\t\t\t\t<i class=\"fa fa-minus-circle\"><\/i> Qui est admissible \u00e0 participer ?\t\t\t\t<\/h4>\n\t\t\t<\/div>\n\t\t\t<div class=\"qe-toggle-content\">\n\t\t\t\t<p><span>Nous invitons les organismes artistiques, culturels et patrimoniaux de petite et moyenne taille, qui r\u00e9pondent \u00e0 <strong>au moins deux des trois crit\u00e8res<\/strong> \u00e9num\u00e9r\u00e9s ci-dessous :<\/span><\/p>\n<ul><\/ul>\n<div class=\"pkg-desc\">\n<ul class=\"def-ul\">\n<li><span>avoir un budget de fonctionnement annuel sous les 1,5 million $<\/span><\/li>\n<li><span>compter cinq employ\u00e9s \u00e0 temps plein ou moins<\/span><\/li>\n<li><span>avoir un mandat ou une programmation cibl\u00e9e pour servir les communaut\u00e9s rurales, qui souffrent d&#8217;un manque de ressources syst\u00e9miques ou qui sont soucieuses d&#8217;\u00e9quit\u00e9<\/span><\/li>\n<\/ul>\n<\/div>\n\t\t\t<\/div>\n\t\t<\/div>\n\t\t\t\t<div id=\"qaef-17310\" class=\"qe-faq-toggle \">\n\t\t\t<div class=\"qe-toggle-title\">\n\t\t\t\t<h4>\n\t\t\t\t\t<i class=\"fa fa-minus-circle\"><\/i> Les anciens participants peuvent-ils participer \u00e0 nouveau ?\t\t\t\t<\/h4>\n\t\t\t<\/div>\n\t\t\t<div class=\"qe-toggle-content\">\n\t\t\t\t<p><span>L\u2019invitation est ouverte \u00e0 tous les organismes int\u00e9ress\u00e9s, mais dans l\u2019\u00e9ventualit\u00e9 o\u00f9 les capacit\u00e9s sont atteintes dans certains programmes ou activit\u00e9s, une priorit\u00e9 sera accord\u00e9e aux communaut\u00e9s rurales, \u00e9loign\u00e9es, \u00e0 celles qui souffrent d&#8217;un manque de ressources syst\u00e9miques ou qui sont soucieuses d&#8217;\u00e9quit\u00e9, ainsi qu&#8217;aux r\u00e9gions\/organismes qui n&#8217;ont pas particip\u00e9 \u00e0 artsvest dans les derni\u00e8res ann\u00e9es.<\/span><\/p>\n<p><span>\u00a0<\/span><\/p>\n\t\t\t<\/div>\n\t\t<\/div>\n\t\t\t\t<div id=\"qaef-17311\" class=\"qe-faq-toggle \">\n\t\t\t<div class=\"qe-toggle-title\">\n\t\t\t\t<h4>\n\t\t\t\t\t<i class=\"fa fa-minus-circle\"><\/i> Comment puis-je m&#8217;inscrire ?\t\t\t\t<\/h4>\n\t\t\t<\/div>\n\t\t\t<div class=\"qe-toggle-content\">\n\t\t\t\t<div class=\"pkg-desc\">\n<ul>\n<li><span>Vous devez remplir <a href=\"https:\/\/fs7.formsite.com\/W1pYtS\/1zuxpfment\/index\" target=\"_blank\" rel=\"noopener\">le formulaire d&#8217;inscription en ligne<\/a>, en fournissant des informations de base sur votre organisme et vos besoins ou int\u00e9r\u00eats en mati\u00e8re de formation. Le formulaire prend environ 10 minutes \u00e0 compl\u00e9ter.<\/span><\/li>\n<li><span>Les nouveaux participants seront accueillis et ajout\u00e9s au programme vers la fin de chaque mois.<\/span><\/li>\n<li><span>Le programme est con\u00e7u de mani\u00e8re \u00e0 ce que chaque module de formation s&#8217;appuie sur les sessions pr\u00e9c\u00e9dentes ; nous vous encourageons donc \u00e0 vous inscrire d\u00e8s que possible. <\/span><\/li>\n<li>L&#8217;inscription est ouverte et les organismes sont invit\u00e9s \u00e0 remplir le formulaire d&#8217;inscription \u00e0 tout moment. L&#8217;orientation et l&#8217;accueil auront lieu la derni\u00e8re semaine de chaque mois.<\/li>\n<\/ul>\n<ul><\/ul>\n<\/div>\n\t\t\t<\/div>\n\t\t<\/div>\n\t\t\t\t<div id=\"qaef-17312\" class=\"qe-faq-toggle \">\n\t\t\t<div class=\"qe-toggle-title\">\n\t\t\t\t<h4>\n\t\t\t\t\t<i class=\"fa fa-minus-circle\"><\/i> Quelles sont les \u00e9l\u00e9ments du programme ?\t\t\t\t<\/h4>\n\t\t\t<\/div>\n\t\t\t<div class=\"qe-toggle-content\">\n\t\t\t\t<p><b>Webinaires : <\/b><span>Webinaires mensuels anim\u00e9s par des professionnels des arts et des affaires, via Zoom.<\/span><\/p>\n<p><b>Sessions de r\u00e9seautage entre pairs<\/b><span>: Sessions de groupe virtuelles, anim\u00e9es par des membres du personnel ou des mentors d&#8217;arstvest. Ces rencontres offrent une occasion structur\u00e9e aux organismes d&#8217;affinit\u00e9 commune de se mettre en r\u00e9seau, de discuter de d\u00e9fis communs, de partager des ressources et d&#8217;apprendre les uns des autres.<\/span><\/p>\n<p><b>Mentorat :<\/b><span> Des sessions virtuelles en t\u00eate-\u00e0-t\u00eate avec une liste de mentors qualifi\u00e9s sur les sujets de votre choix.<\/span><\/p>\n<p>&nbsp;<\/p>\n\t\t\t<\/div>\n\t\t<\/div>\n\t\t\t\t<div id=\"qaef-17313\" class=\"qe-faq-toggle \">\n\t\t\t<div class=\"qe-toggle-title\">\n\t\t\t\t<h4>\n\t\t\t\t\t<i class=\"fa fa-minus-circle\"><\/i> En quoi consiste le programme artsvest R\u00e9gional?\t\t\t\t<\/h4>\n\t\t\t<\/div>\n\t\t\t<div class=\"qe-toggle-content\">\n\t\t\t\t<p><strong>artsvest R\u00e9giona<\/strong><span><strong>l<\/strong> est un programme plus cibl\u00e9 et de moindre envergure qui est disponible dans certaines r\u00e9gions comme compl\u00e9ment au programme national. artsvest R\u00e9gional vise \u00e0 renforcer la capacit\u00e9 des organismes participants dans le secteur des commandites, en particulier, par la voie de formation, de mentorat et de fonds incitatifs de contrepartie.\u00a0<\/span><\/p>\n<p><span>Les organismes retenus dans le cadre d&#8217;artsvest R\u00e9gional seront pr\u00e9-approuv\u00e9s pour recevoir jusqu&#8217;\u00e0 5 000 $ de fonds de contrepartie provenant des commandites assur\u00e9es par le secteur priv\u00e9. Le soutien de ce programme provient de partenariat avec des bailleurs de fond r\u00e9gionaux. En 2023-2024, les r\u00e9gions de ce programme comprennent la ville de Toronto, la Saskatchewan, la Colombie-Britannique, l&#8217;Ontario et l&#8217;Alberta.<\/span><\/p>\n<p class=\"our-mission variable-font\"><a href=\"https:\/\/www.businessandarts.org\/fr\/artsvest\/regional\/\">artsvest R\u00e9gional<\/a><\/p>\n<p>&nbsp;<\/p>\n\t\t\t<\/div>\n\t\t<\/div>\n\t\t\t\t<div id=\"qaef-17314\" class=\"qe-faq-toggle \">\n\t\t\t<div class=\"qe-toggle-title\">\n\t\t\t\t<h4>\n\t\t\t\t\t<i class=\"fa fa-minus-circle\"><\/i> Comment puis-je offrir artsvest R\u00e9gional \u00e0 ma communaut\u00e9 ?\t\t\t\t<\/h4>\n\t\t\t<\/div>\n\t\t\t<div class=\"qe-toggle-content\">\n\t\t\t\t<p><span>Nous cherchons \u00e0 diffuser artsvest R\u00e9gional dans des communaut\u00e9s \u00e0 travers le pays. Pour nous aider \u00e0 introduire artsvest R\u00e9gional dans votre r\u00e9gion, veuillez nous contacter \u00e0 l&#8217;adresse suivante : <a href=\"mailto:artsvest@businessforthearts.org\">artsvest@businessforthearts.org<\/a>.<\/span><\/p>\n<p><a href=\"mailto:artsvest@businessforthearts.org\"><span><\/span><\/a><\/p>\n\t\t\t<\/div>\n\t\t<\/div>\n\t\t\t\t<div id=\"qaef-17315\" class=\"qe-faq-toggle \">\n\t\t\t<div class=\"qe-toggle-title\">\n\t\t\t\t<h4>\n\t\t\t\t\t<i class=\"fa fa-minus-circle\"><\/i> Comment puis-je devenir un mentor ?\t\t\t\t<\/h4>\n\t\t\t<\/div>\n\t\t\t<div class=\"qe-toggle-content\">\n\t\t\t\t<p><span>Nous invitons actuellement de nouveaux mentors b\u00e9n\u00e9voles \u00e0 joindre notre communaut\u00e9 grandissante de leaders des arts et des affaires pour travailler ensemble \u00e0 cr\u00e9er un changement notable. Apprenez-en plus sur notre <a href=\"\/?page_id=2535\">programme de mentorat ici<\/a>.<\/span><\/p>\n<p>&nbsp;<\/p>\n<p><span><a href=\"\/?page_id=1264\"><\/a><\/span><\/p>\n\t\t\t<\/div>\n\t\t<\/div>\n\t\t\t\t<div id=\"qaef-17316\" class=\"qe-faq-toggle \">\n\t\t\t<div class=\"qe-toggle-title\">\n\t\t\t\t<h4>\n\t\t\t\t\t<i class=\"fa fa-minus-circle\"><\/i> Qui sont les membres de l&#8217;\u00e9quipe d&#8217;artsvest ?\t\t\t\t<\/h4>\n\t\t\t<\/div>\n\t\t\t<div class=\"qe-toggle-content\">\n\t\t\t\t<p><span>Nous sommes fiers d&#8217;avoir une \u00e9quipe diversifi\u00e9e provenant de partout au pays, qui travaille \u00e0 la r\u00e9alisation de la programmation d&#8217;artsvest. Pour en savoir plus sur l&#8217;\u00e9quipe, <a href=\"https:\/\/www.businessandarts.org\/fr\/apropos\/our-team\/\">cliquez ici.<\/a><\/span><\/p>\n\t\t\t<\/div>\n\t\t<\/div>\n\t\t\t\t<div id=\"qaef-17317\" class=\"qe-faq-toggle \">\n\t\t\t<div class=\"qe-toggle-title\">\n\t\t\t\t<h4>\n\t\t\t\t\t<i class=\"fa fa-minus-circle\"><\/i> Qui puis-je contacter pour d&#8217;autres questions sur artsvest ?\t\t\t\t<\/h4>\n\t\t\t<\/div>\n\t\t\t<div class=\"qe-toggle-content\">\n\t\t\t\t<p><span>Veuillez nous envoyer un courriel \u00e0 <a href=\"mailto:artsvest@businessforthearts.org\">artsvest@businessforthearts.org<\/a>, et un membre de notre \u00e9quipe vous r\u00e9pondra.<\/span><\/p>\n<p>&nbsp;<\/p>\n\t\t\t<\/div>\n\t\t<\/div>\n\t\t            <\/div>\n\t\t\n<hr \/>\n<p><em>Banner photos from left to right: artsvest, Melfort Arts Council (Saskatchewan), RealWheels Theatre (British Columbia) <\/em><\/p>\n<p><em>Banni\u00e8re principale : photos de gauche \u00e0 droite \u2014 artsvest, Melfort Arts Council (Saskatchewan), RealWheels Theatre (Colombie-Britannique) <\/em><\/p>\n<hr \/>\n","protected":false},"excerpt":{"rendered":"<p>Banner photos from left to right: artsvest, Melfort Arts Council (Saskatchewan), RealWheels Theatre (British Columbia) Banni\u00e8re principale : photos de gauche \u00e0 droite \u2014 artsvest, Melfort Arts Council (Saskatchewan), RealWheels Theatre (Colombie-Britannique)<\/p>\n","protected":false},"author":1,"featured_media":0,"parent":17375,"menu_order":0,"comment_status":"closed","ping_status":"closed","template":"page-templates\/sidebar-withtopmenu.php","meta":{"_acf_changed":false,"footnotes":""},"class_list":["post-17293","page","type-page","status-publish","hentry"],"acf":[],"yoast_head":"<!-- This site is optimized with the Yoast SEO plugin v23.7 - https:\/\/yoast.com\/wordpress\/plugins\/seo\/ -->\n<title>FAQ - artsvest - Business \/ Arts<\/title>\n<meta name=\"robots\" content=\"index, follow, max-snippet:-1, max-image-preview:large, max-video-preview:-1\" \/>\n<link rel=\"canonical\" href=\"https:\/\/www.businessandarts.org\/fr\/artsvest\/faq-artsvest\/\" \/>\n<meta property=\"og:locale\" content=\"fr_FR\" \/>\n<meta property=\"og:type\" content=\"article\" \/>\n<meta property=\"og:title\" content=\"FAQ - artsvest - Business \/ Arts\" \/>\n<meta property=\"og:description\" content=\"Banner photos from left to right: artsvest, Melfort Arts Council (Saskatchewan), RealWheels Theatre (British Columbia) Banni\u00e8re principale : photos de gauche \u00e0 droite \u2014 artsvest, Melfort Arts Council (Saskatchewan), RealWheels Theatre (Colombie-Britannique)\" \/>\n<meta property=\"og:url\" content=\"https:\/\/www.businessandarts.org\/fr\/artsvest\/faq-artsvest\/\" \/>\n<meta property=\"og:site_name\" content=\"Business \/ Arts\" \/>\n<meta property=\"article:modified_time\" content=\"2026-02-05T19:53:46+00:00\" \/>\n<meta name=\"twitter:card\" content=\"summary_large_image\" \/>\n<meta name=\"twitter:label1\" content=\"Dur\u00e9e de lecture estim\u00e9e\" \/>\n\t<meta name=\"twitter:data1\" content=\"1 minute\" \/>\n<script type=\"application\/ld+json\" class=\"yoast-schema-graph\">{\"@context\":\"https:\/\/schema.org\",\"@graph\":[{\"@type\":\"WebPage\",\"@id\":\"https:\/\/www.businessandarts.org\/fr\/artsvest\/faq-artsvest\/\",\"url\":\"https:\/\/www.businessandarts.org\/fr\/artsvest\/faq-artsvest\/\",\"name\":\"FAQ - artsvest - Business \/ Arts\",\"isPartOf\":{\"@id\":\"https:\/\/www.businessandarts.org\/#website\"},\"datePublished\":\"2023-02-04T18:48:49+00:00\",\"dateModified\":\"2026-02-05T19:53:46+00:00\",\"breadcrumb\":{\"@id\":\"https:\/\/www.businessandarts.org\/fr\/artsvest\/faq-artsvest\/#breadcrumb\"},\"inLanguage\":\"fr-FR\",\"potentialAction\":[{\"@type\":\"ReadAction\",\"target\":[\"https:\/\/www.businessandarts.org\/fr\/artsvest\/faq-artsvest\/\"]}]},{\"@type\":\"BreadcrumbList\",\"@id\":\"https:\/\/www.businessandarts.org\/fr\/artsvest\/faq-artsvest\/#breadcrumb\",\"itemListElement\":[{\"@type\":\"ListItem\",\"position\":1,\"name\":\"Home\",\"item\":\"https:\/\/www.businessandarts.org\/fr\/\"},{\"@type\":\"ListItem\",\"position\":2,\"name\":\"artsvest\",\"item\":\"https:\/\/www.businessandarts.org\/fr\/artsvest\/\"},{\"@type\":\"ListItem\",\"position\":3,\"name\":\"FAQ &#8211; artsvest\"}]},{\"@type\":\"WebSite\",\"@id\":\"https:\/\/www.businessandarts.org\/#website\",\"url\":\"https:\/\/www.businessandarts.org\/\",\"name\":\"Business \/ Arts\",\"description\":\"\",\"potentialAction\":[{\"@type\":\"SearchAction\",\"target\":{\"@type\":\"EntryPoint\",\"urlTemplate\":\"https:\/\/www.businessandarts.org\/?s={search_term_string}\"},\"query-input\":{\"@type\":\"PropertyValueSpecification\",\"valueRequired\":true,\"valueName\":\"search_term_string\"}}],\"inLanguage\":\"fr-FR\"}]}<\/script>\n<!-- \/ Yoast SEO plugin. -->","yoast_head_json":{"title":"FAQ - artsvest - Business \/ Arts","robots":{"index":"index","follow":"follow","max-snippet":"max-snippet:-1","max-image-preview":"max-image-preview:large","max-video-preview":"max-video-preview:-1"},"canonical":"https:\/\/www.businessandarts.org\/fr\/artsvest\/faq-artsvest\/","og_locale":"fr_FR","og_type":"article","og_title":"FAQ - artsvest - Business \/ Arts","og_description":"Banner photos from left to right: artsvest, Melfort Arts Council (Saskatchewan), RealWheels Theatre (British Columbia) Banni\u00e8re principale : photos de gauche \u00e0 droite \u2014 artsvest, Melfort Arts Council (Saskatchewan), RealWheels Theatre (Colombie-Britannique)","og_url":"https:\/\/www.businessandarts.org\/fr\/artsvest\/faq-artsvest\/","og_site_name":"Business \/ Arts","article_modified_time":"2026-02-05T19:53:46+00:00","twitter_card":"summary_large_image","twitter_misc":{"Dur\u00e9e de lecture estim\u00e9e":"1 minute"},"schema":{"@context":"https:\/\/schema.org","@graph":[{"@type":"WebPage","@id":"https:\/\/www.businessandarts.org\/fr\/artsvest\/faq-artsvest\/","url":"https:\/\/www.businessandarts.org\/fr\/artsvest\/faq-artsvest\/","name":"FAQ - artsvest - Business \/ Arts","isPartOf":{"@id":"https:\/\/www.businessandarts.org\/#website"},"datePublished":"2023-02-04T18:48:49+00:00","dateModified":"2026-02-05T19:53:46+00:00","breadcrumb":{"@id":"https:\/\/www.businessandarts.org\/fr\/artsvest\/faq-artsvest\/#breadcrumb"},"inLanguage":"fr-FR","potentialAction":[{"@type":"ReadAction","target":["https:\/\/www.businessandarts.org\/fr\/artsvest\/faq-artsvest\/"]}]},{"@type":"BreadcrumbList","@id":"https:\/\/www.businessandarts.org\/fr\/artsvest\/faq-artsvest\/#breadcrumb","itemListElement":[{"@type":"ListItem","position":1,"name":"Home","item":"https:\/\/www.businessandarts.org\/fr\/"},{"@type":"ListItem","position":2,"name":"artsvest","item":"https:\/\/www.businessandarts.org\/fr\/artsvest\/"},{"@type":"ListItem","position":3,"name":"FAQ &#8211; artsvest"}]},{"@type":"WebSite","@id":"https:\/\/www.businessandarts.org\/#website","url":"https:\/\/www.businessandarts.org\/","name":"Business \/ Arts","description":"","potentialAction":[{"@type":"SearchAction","target":{"@type":"EntryPoint","urlTemplate":"https:\/\/www.businessandarts.org\/?s={search_term_string}"},"query-input":{"@type":"PropertyValueSpecification","valueRequired":true,"valueName":"search_term_string"}}],"inLanguage":"fr-FR"}]}},"_links":{"self":[{"href":"https:\/\/www.businessandarts.org\/fr\/wp-json\/wp\/v2\/pages\/17293","targetHints":{"allow":["GET"]}}],"collection":[{"href":"https:\/\/www.businessandarts.org\/fr\/wp-json\/wp\/v2\/pages"}],"about":[{"href":"https:\/\/www.businessandarts.org\/fr\/wp-json\/wp\/v2\/types\/page"}],"author":[{"embeddable":true,"href":"https:\/\/www.businessandarts.org\/fr\/wp-json\/wp\/v2\/users\/1"}],"replies":[{"embeddable":true,"href":"https:\/\/www.businessandarts.org\/fr\/wp-json\/wp\/v2\/comments?post=17293"}],"version-history":[{"count":3,"href":"https:\/\/www.businessandarts.org\/fr\/wp-json\/wp\/v2\/pages\/17293\/revisions"}],"predecessor-version":[{"id":29702,"href":"https:\/\/www.businessandarts.org\/fr\/wp-json\/wp\/v2\/pages\/17293\/revisions\/29702"}],"up":[{"embeddable":true,"href":"https:\/\/www.businessandarts.org\/fr\/wp-json\/wp\/v2\/pages\/17375"}],"wp:attachment":[{"href":"https:\/\/www.businessandarts.org\/fr\/wp-json\/wp\/v2\/media?parent=17293"}],"curies":[{"name":"wp","href":"https:\/\/api.w.org\/{rel}","templated":true}]}}