{"id":15205,"date":"2022-08-17T21:04:34","date_gmt":"2022-08-17T21:04:34","guid":{"rendered":"https:\/\/www.businessandarts.org\/careers-and-opportunities\/"},"modified":"2026-02-09T18:01:54","modified_gmt":"2026-02-09T18:01:54","slug":"carrieres-et-opportunites","status":"publish","type":"page","link":"https:\/\/www.businessandarts.org\/fr\/carrieres-et-opportunites\/","title":{"rendered":"Carri\u00e8res et opportunit\u00e9s"},"content":{"rendered":"<p><span>Affaires \/ Arts est un organisme caritatif national qui met en valeur la force des partenariats entre les affaires et les arts.<\/span> Notre mission est de promouvoir l&#8217;investissement des entreprises dans les arts et d&#8217;\u00e9tablir des partenariats solides et durables entre les arts, les entreprises et le gouvernement au Canada. Notre \u00e9quipe est compos\u00e9e de personnes qui se consacrent \u00e0 rassembler les entreprises, les m\u00e9c\u00e8nes priv\u00e9s, le gouvernement et les arts, dans le but de soutenir la croissance du secteur artistique canadien. Si cela vous int\u00e9resse, contactez-nous !<\/p>\n<p>Affaires \/ Arts s&#8217;engage \u00e0 respecter l&#8217;\u00e9quit\u00e9 dans ses politiques, ses pratiques et ses programmes. Nous encourageons fortement et accueillons les candidatures de personnes qui s&#8217;identifient comme autochtones, racialis\u00e9es, 2SLGBTQ+, vivant avec un handicap, une minorit\u00e9 religieuse ou linguistique.<\/p>\n<h4 class=\"variable-font\"><em><strong class=\"variable-font\">Merci de votre int\u00e9r\u00eat. Il n\u2019y a actuellement aucune offre disponible.<\/strong><\/em><\/h4>\n","protected":false},"excerpt":{"rendered":"<p>Affaires \/ Arts est un organisme caritatif national qui met en valeur la force des partenariats entre les affaires et les arts. Notre mission est de promouvoir l&#8217;investissement des entreprises dans les arts et d&#8217;\u00e9tablir des partenariats solides et durables<span class=\"ellipsis\">&hellip;<\/span><\/p>\n<div class=\"read-more\"><a href=\"https:\/\/www.businessandarts.org\/fr\/carrieres-et-opportunites\/\">Lire plus de <span class=\"screen-reader-text\">Carri\u00e8res et opportunit\u00e9s<\/span><span class=\"meta-nav\"> &#8250;<\/span><\/a><\/div>\n<p><!-- end of .read-more --><\/p>\n","protected":false},"author":1,"featured_media":0,"parent":0,"menu_order":0,"comment_status":"closed","ping_status":"closed","template":"","meta":{"_acf_changed":false,"footnotes":""},"class_list":["post-15205","page","type-page","status-publish","hentry"],"acf":[],"yoast_head":"<!-- This site is optimized with the Yoast SEO plugin v23.7 - https:\/\/yoast.com\/wordpress\/plugins\/seo\/ -->\n<title>Carri\u00e8res et opportunit\u00e9s - Business \/ Arts<\/title>\n<meta name=\"robots\" content=\"index, follow, max-snippet:-1, max-image-preview:large, max-video-preview:-1\" \/>\n<link rel=\"canonical\" href=\"https:\/\/www.businessandarts.org\/fr\/carrieres-et-opportunites\/\" \/>\n<meta property=\"og:locale\" content=\"fr_FR\" \/>\n<meta property=\"og:type\" content=\"article\" \/>\n<meta property=\"og:title\" content=\"Carri\u00e8res et opportunit\u00e9s - Business \/ Arts\" \/>\n<meta property=\"og:description\" content=\"Affaires \/ Arts est un organisme caritatif national qui met en valeur la force des partenariats entre les affaires et les arts. Notre mission est de promouvoir l&#8217;investissement des entreprises dans les arts et d&#8217;\u00e9tablir des partenariats solides et durables&hellip;Lire plus de Carri\u00e8res et opportunit\u00e9s &#8250;\" \/>\n<meta property=\"og:url\" content=\"https:\/\/www.businessandarts.org\/fr\/carrieres-et-opportunites\/\" \/>\n<meta property=\"og:site_name\" content=\"Business \/ Arts\" \/>\n<meta property=\"article:modified_time\" content=\"2026-02-09T18:01:54+00:00\" \/>\n<meta name=\"twitter:card\" content=\"summary_large_image\" \/>\n<meta name=\"twitter:label1\" content=\"Dur\u00e9e de lecture estim\u00e9e\" \/>\n\t<meta name=\"twitter:data1\" content=\"1 minute\" \/>\n<script type=\"application\/ld+json\" class=\"yoast-schema-graph\">{\"@context\":\"https:\/\/schema.org\",\"@graph\":[{\"@type\":\"WebPage\",\"@id\":\"https:\/\/www.businessandarts.org\/fr\/carrieres-et-opportunites\/\",\"url\":\"https:\/\/www.businessandarts.org\/fr\/carrieres-et-opportunites\/\",\"name\":\"Carri\u00e8res et opportunit\u00e9s - Business \/ Arts\",\"isPartOf\":{\"@id\":\"https:\/\/www.businessandarts.org\/#website\"},\"datePublished\":\"2022-08-17T21:04:34+00:00\",\"dateModified\":\"2026-02-09T18:01:54+00:00\",\"breadcrumb\":{\"@id\":\"https:\/\/www.businessandarts.org\/fr\/carrieres-et-opportunites\/#breadcrumb\"},\"inLanguage\":\"fr-FR\",\"potentialAction\":[{\"@type\":\"ReadAction\",\"target\":[\"https:\/\/www.businessandarts.org\/fr\/carrieres-et-opportunites\/\"]}]},{\"@type\":\"BreadcrumbList\",\"@id\":\"https:\/\/www.businessandarts.org\/fr\/carrieres-et-opportunites\/#breadcrumb\",\"itemListElement\":[{\"@type\":\"ListItem\",\"position\":1,\"name\":\"Home\",\"item\":\"https:\/\/www.businessandarts.org\/fr\/\"},{\"@type\":\"ListItem\",\"position\":2,\"name\":\"Carri\u00e8res et opportunit\u00e9s\"}]},{\"@type\":\"WebSite\",\"@id\":\"https:\/\/www.businessandarts.org\/#website\",\"url\":\"https:\/\/www.businessandarts.org\/\",\"name\":\"Business \/ Arts\",\"description\":\"\",\"potentialAction\":[{\"@type\":\"SearchAction\",\"target\":{\"@type\":\"EntryPoint\",\"urlTemplate\":\"https:\/\/www.businessandarts.org\/?s={search_term_string}\"},\"query-input\":{\"@type\":\"PropertyValueSpecification\",\"valueRequired\":true,\"valueName\":\"search_term_string\"}}],\"inLanguage\":\"fr-FR\"}]}<\/script>\n<!-- \/ Yoast SEO plugin. -->","yoast_head_json":{"title":"Carri\u00e8res et opportunit\u00e9s - Business \/ Arts","robots":{"index":"index","follow":"follow","max-snippet":"max-snippet:-1","max-image-preview":"max-image-preview:large","max-video-preview":"max-video-preview:-1"},"canonical":"https:\/\/www.businessandarts.org\/fr\/carrieres-et-opportunites\/","og_locale":"fr_FR","og_type":"article","og_title":"Carri\u00e8res et opportunit\u00e9s - Business \/ Arts","og_description":"Affaires \/ Arts est un organisme caritatif national qui met en valeur la force des partenariats entre les affaires et les arts. Notre mission est de promouvoir l&#8217;investissement des entreprises dans les arts et d&#8217;\u00e9tablir des partenariats solides et durables&hellip;Lire plus de Carri\u00e8res et opportunit\u00e9s &#8250;","og_url":"https:\/\/www.businessandarts.org\/fr\/carrieres-et-opportunites\/","og_site_name":"Business \/ Arts","article_modified_time":"2026-02-09T18:01:54+00:00","twitter_card":"summary_large_image","twitter_misc":{"Dur\u00e9e de lecture estim\u00e9e":"1 minute"},"schema":{"@context":"https:\/\/schema.org","@graph":[{"@type":"WebPage","@id":"https:\/\/www.businessandarts.org\/fr\/carrieres-et-opportunites\/","url":"https:\/\/www.businessandarts.org\/fr\/carrieres-et-opportunites\/","name":"Carri\u00e8res et opportunit\u00e9s - Business \/ Arts","isPartOf":{"@id":"https:\/\/www.businessandarts.org\/#website"},"datePublished":"2022-08-17T21:04:34+00:00","dateModified":"2026-02-09T18:01:54+00:00","breadcrumb":{"@id":"https:\/\/www.businessandarts.org\/fr\/carrieres-et-opportunites\/#breadcrumb"},"inLanguage":"fr-FR","potentialAction":[{"@type":"ReadAction","target":["https:\/\/www.businessandarts.org\/fr\/carrieres-et-opportunites\/"]}]},{"@type":"BreadcrumbList","@id":"https:\/\/www.businessandarts.org\/fr\/carrieres-et-opportunites\/#breadcrumb","itemListElement":[{"@type":"ListItem","position":1,"name":"Home","item":"https:\/\/www.businessandarts.org\/fr\/"},{"@type":"ListItem","position":2,"name":"Carri\u00e8res et opportunit\u00e9s"}]},{"@type":"WebSite","@id":"https:\/\/www.businessandarts.org\/#website","url":"https:\/\/www.businessandarts.org\/","name":"Business \/ Arts","description":"","potentialAction":[{"@type":"SearchAction","target":{"@type":"EntryPoint","urlTemplate":"https:\/\/www.businessandarts.org\/?s={search_term_string}"},"query-input":{"@type":"PropertyValueSpecification","valueRequired":true,"valueName":"search_term_string"}}],"inLanguage":"fr-FR"}]}},"_links":{"self":[{"href":"https:\/\/www.businessandarts.org\/fr\/wp-json\/wp\/v2\/pages\/15205","targetHints":{"allow":["GET"]}}],"collection":[{"href":"https:\/\/www.businessandarts.org\/fr\/wp-json\/wp\/v2\/pages"}],"about":[{"href":"https:\/\/www.businessandarts.org\/fr\/wp-json\/wp\/v2\/types\/page"}],"author":[{"embeddable":true,"href":"https:\/\/www.businessandarts.org\/fr\/wp-json\/wp\/v2\/users\/1"}],"replies":[{"embeddable":true,"href":"https:\/\/www.businessandarts.org\/fr\/wp-json\/wp\/v2\/comments?post=15205"}],"version-history":[{"count":10,"href":"https:\/\/www.businessandarts.org\/fr\/wp-json\/wp\/v2\/pages\/15205\/revisions"}],"predecessor-version":[{"id":29790,"href":"https:\/\/www.businessandarts.org\/fr\/wp-json\/wp\/v2\/pages\/15205\/revisions\/29790"}],"wp:attachment":[{"href":"https:\/\/www.businessandarts.org\/fr\/wp-json\/wp\/v2\/media?parent=15205"}],"curies":[{"name":"wp","href":"https:\/\/api.w.org\/{rel}","templated":true}]}}