{"id":15131,"date":"2022-08-22T18:46:39","date_gmt":"2022-08-22T18:46:39","guid":{"rendered":"https:\/\/www.businessandarts.org\/?page_id=15131"},"modified":"2022-08-29T18:02:38","modified_gmt":"2022-08-29T18:02:38","slug":"directeur-de-la-programmation","status":"publish","type":"page","link":"https:\/\/www.businessandarts.org\/fr\/carrieres-et-opportunites\/directeur-de-la-programmation\/","title":{"rendered":"Directeur(trice) de la programmation, Sommet canadien des arts"},"content":{"rendered":"<p>Le\/la directeur(trice) de la programmation, en collaboration avec Affaires \/ Arts et le comit\u00e9 directeur du Sommet canadien des arts, \u00e9labore et met en \u0153uvre la strat\u00e9gie et la programmation du Sommet canadien des arts 2023, pr\u00e9vu pour avril 2023 \u00e0 Toronto.<\/p>\n<p><span style=\"color: #3366ff;\"><b>\u00c0 propos du Sommet canadien des arts :\u00a0<\/b><\/span><\/p>\n<p>Le Sommet canadien des arts (SCA) est une organisation virtuelle qui a \u00e9t\u00e9 fond\u00e9e en 1998 par le ( ancien ) Conseil pour le monde des affaires et des arts au Canada (maintenant Business \/ Arts) et le Centre des arts de Banff. Le Sommet annuel est un forum de leadership national unique, qui se tient chaque ann\u00e9e au printemps. Il r\u00e9unit les directeurs g\u00e9n\u00e9raux, les directeurs artistiques et les pr\u00e9sidents des conseils d&#8217;administration des plus grandes institutions artistiques et culturelles \u00e0 but non lucratif du Canada, y compris les orchestres symphoniques, les th\u00e9\u00e2tres, les compagnies d&#8217;op\u00e9ra et de ballet, les mus\u00e9es d&#8217;art et du patrimoine, ainsi que d&#8217;autres intervenants cl\u00e9s ayant un int\u00e9r\u00eat direct dans le d\u00e9veloppement et la promotion du milieu artistique au Canada.<\/p>\n<p>Le Sommet est fond\u00e9 sur le principe fondamental qu&#8217;il s&#8217;agit d&#8217;un rassemblement de leaders, dont le r\u00e9sultat est fa\u00e7onn\u00e9 par les participants. Pour cette raison, le Sommet est devenu, au cours de ses 24 ann\u00e9es d&#8217;existence, non seulement un \u00e9v\u00e9nement d&#8217;un week-end au printemps, mais aussi un r\u00e9seau continu de leaders artistiques travaillant ensemble, tout au long de l&#8217;ann\u00e9e. Le SCA s&#8217;appuie sur les efforts b\u00e9n\u00e9voles de personnes qui se joignent \u00e0 un comit\u00e9 directeur pour aider \u00e0 la programmation et \u00e0 la supervision d&#8217;un Sommet annuel.<\/p>\n<p><span style=\"color: #3366ff;\"><b>Candidats:<\/b><\/span><\/p>\n<p>Affaires \/ Arts s&#8217;engage \u00e0 respecter l&#8217;\u00e9quit\u00e9 dans ses politiques, ses pratiques et ses programmes. Nous encourageons fortement et accueillons les candidatures de personnes qui s&#8217;identifient comme appartenant \u00e0 une communaut\u00e9 en qu\u00eate d&#8217;\u00e9quit\u00e9, notamment les autochtones, les personnes racialis\u00e9es, les 2SLGBTQ+, les personnes vivant avec un handicap, les minorit\u00e9s religieuses ou linguistiques. Veuillez nous informer de toute mesure d&#8217;adaptation n\u00e9cessaire pour vous permettre d&#8217;avoir acc\u00e8s \u00e0 un processus juste et \u00e9quitable. Comme il s&#8217;agit d&#8217;un poste de travail \u00e0 distance, nous sommes pr\u00eats \u00e0 accepter des candidatures de partout au Canada.<\/p>\n<p><span><b><span style=\"color: #3366ff;\">Principales responsabilit\u00e9s :<\/span><br \/>\n<\/b><\/span><\/p>\n<p><strong>Travailler avec Affaires \/ Arts et le comit\u00e9 directeur du Sommet canadien des arts pour \u00e9laborer l&#8217;orientation strat\u00e9gique du Sommet, notamment :<\/strong><\/p>\n<ul>\n<li>Revoir la vision et le mandat du Sommet canadien des arts.<\/li>\n<li>D\u00e9finir les buts et les objectifs du Sommet de 2023.<\/li>\n<li>Concevoir et mettre en \u0153uvre des strat\u00e9gies pour atteindre les buts et les objectifs, conform\u00e9ment \u00e0 la vision et au mandat.<\/li>\n<li>Examiner les principales politiques et lignes directrices du Sommet canadien des arts, telles que l&#8217;admissibilit\u00e9 des membres du<\/li>\n<li>Sommet, la participation aux \u00e9v\u00e9nements, le r\u00f4le du Comit\u00e9 du plaidoyer, les politiques de traduction, etc.<\/li>\n<li>Aider la pr\u00e9sidente et chef de la direction \u00e0 int\u00e9grer les objectifs du Sommet canadien des arts, y compris la d\u00e9fense des int\u00e9r\u00eats, dans la planification organisationnelle annuelle et \u00e0 long terme.<\/li>\n<\/ul>\n<p><strong>Travailler avec les employ\u00e9s d&#8217;Affaires \/ Arts, les consultants, les copr\u00e9sidents du Sommet canadien des arts et les membres du Comit\u00e9 directeur pour \u00e9laborer la programmation du Sommet, notamment :<\/strong><\/p>\n<ul>\n<li>Assister aux r\u00e9unions r\u00e9guli\u00e8res du comit\u00e9 directeur et aider les copr\u00e9sidents \u00e0 diriger l&#8217;ordre du jour et le processus d\u00e9cisionnel avec le comit\u00e9.<\/li>\n<li>Communiquer r\u00e9guli\u00e8rement avec la haute direction d&#8217;A\/A et le Comit\u00e9 directeur sur la programmation du Sommet.<br \/>\ndemander l&#8217;avis et le retour d&#8217;information des membres du Comit\u00e9 directeur, des consultants et des conseillers sur la programmation et la logistique.<\/li>\n<li>Consolider leur contribution pour \u00e9laborer un programme complet pour le Sommet.<\/li>\n<li>\u00c9laborer la programmation du Sommet des arts, y compris les th\u00e8mes, les sujets, le format, les intervenants, le r\u00e9seautage et les \u00e9v\u00e9nements sociaux.<\/li>\n<\/ul>\n<p><strong>Collaborer avec l&#8217;\u00e9quipe Affaires \/ Arts (y compris la pr\u00e9sidente et chef de la direction, la vice-pr\u00e9sidente et l&#8217;\u00e9quipe des communications) \u00e0 la coordination et \u00e0 l&#8217;ex\u00e9cution du Sommet canadien des arts. Les t\u00e2ches de collaboration comprennent :<\/strong><\/p>\n<ul>\n<li>Assister aux sessions trimestrielles entre pairs pour les groupes de d\u00e9l\u00e9gu\u00e9s du Sommet canadien des arts (pr\u00e9sidents, directeurs ex\u00e9cutifs, directeurs artistiques) et en recueillir les id\u00e9es.<\/li>\n<li>Assurer une circulation fluide de l&#8217;information entre la programmation, les communications et la gestion des \u00e9v\u00e9nements.<\/li>\n<li>Aider la vice-pr\u00e9sidente et PDG \u00e0 cultiver des partenariats pour le Sommet canadien des arts.<\/li>\n<li>Planifier, promouvoir et ex\u00e9cuter l&#8217;inscription des d\u00e9l\u00e9gu\u00e9s au Sommet.<\/li>\n<li>Soutenir la gestion par l&#8217;\u00e9quipe A\/A des sponsors et des supporters du SCA en assurant une reconnaissance et une activation appropri\u00e9es.<\/li>\n<\/ul>\n<p><strong>R\u00e9capitulation et \u00e9valuation :<\/strong><\/p>\n<ul>\n<li>\u00c9valuer les r\u00e9sultats du Sommet canadien des arts par rapport aux buts et objectifs pr\u00e9vus, en faisant des recommandations pour les sommets futurs.<\/li>\n<li>G\u00e9rer la production d&#8217;un rapport final apr\u00e8s le Sommet canadien des arts au printemps 2023, qui sera distribu\u00e9 au comit\u00e9 directeur et aux membres du Sommet avant le 31 mai 2023.<\/li>\n<\/ul>\n<p><span style=\"color: #3366ff;\"><b>Qualifications :<\/b><\/span><\/p>\n<ul>\n<li>Un solide porte-parole et d\u00e9fenseur des arts avec une compr\u00e9hension approfondie des questions d&#8217;int\u00e9r\u00eat pour les leaders du secteur, en particulier ceux des grandes institutions.<\/li>\n<li>Exp\u00e9rience dans l&#8217;\u00e9laboration de contenu et une d\u00e9termination \u00e0 offrir une programmation novatrice et stimulante qui est pertinente et r\u00e9pond aux besoins d&#8217;un large \u00e9ventail de participants provenant des organisations artistiques, culturelles et patrimoniales dans les r\u00e9gions du Canada.<\/li>\n<li>Exp\u00e9rience dans le d\u00e9veloppement et la facilitation de relations de collaboration avec les partenaires, en particulier les membres b\u00e9n\u00e9voles du comit\u00e9 et les membres de l&#8217;\u00e9quipe, ainsi que les partenaires communautaires.<\/li>\n<li>Solides comp\u00e9tences interpersonnelles, faisant preuve d&#8217;un jugement s\u00fbr, de tact et de diplomatie dans le travail avec les autres.<\/li>\n<li>Compr\u00e9hension \u00e9vidente et engagement prouv\u00e9 envers les valeurs d&#8217;\u00e9quit\u00e9, d&#8217;inclusion et de diversit\u00e9.<\/li>\n<li>Comp\u00e9tences exceptionnelles en mati\u00e8re de communication \u00e9crite et verbale.<\/li>\n<li>Solides comp\u00e9tences en mati\u00e8re d&#8217;organisation et de r\u00e9solution de probl\u00e8mes, avec une forte attention aux d\u00e9tails et une capacit\u00e9 \u00e0 effectuer plusieurs t\u00e2ches et \u00e0 les g\u00e9rer dans un environnement de travail \u00e0 distance.<\/li>\n<li>Comp\u00e9tences en mati\u00e8re de gestion de projets et exp\u00e9rience en mati\u00e8re de planification et de projets urgents.<\/li>\n<li>\u00c0 l&#8217;aise dans le travail autonome et en \u00e9quipe, avec de solides comp\u00e9tences dans Google Workspace, MS Office, Zoom et les syst\u00e8mes de gestion de projets en ligne.<\/li>\n<li>\u00c9tudes post-secondaires dans un domaine pertinent ou connaissances et exp\u00e9rience \u00e9quivalentes dans les secteurs des arts et de la culture ou des affaires.<\/li>\n<li>La capacit\u00e9 de parler dans les deux langues officielles est un avantage consid\u00e9rable.<\/li>\n<\/ul>\n<p><span style=\"color: #3366ff;\"><b>\u00c0 propos d&#8217;Affaires \/ Arts :\u00a0 <\/b><\/span><\/p>\n<p class=\"variable-font\">Affaires \/ Arts est un organisme caritatif national qui met en valeur la force des partenariats entre les affaires et les arts. \u00c0 travers des initiatives comme le Sommet canadien des arts, nous collaborons avec la communaut\u00e9 des leaders du secteur artistique, du gouvernement et des entreprises pour assurer la vitalit\u00e9 de la culture au Canada. Nous guidons la recherche et dirigeons des projets de promotion pour plaider en faveur des arts. Notre programme national de mentorat et de formation artsvest a cr\u00e9\u00e9 pr\u00e8s de 5000 partenariats entre les entreprises et les organisations artistiques et g\u00e9n\u00e9r\u00e9 plus de 26 millions de dollars de financement du secteur priv\u00e9 dans les arts. Combin\u00e9 avec les fonds de contrepartie, l\u2019impact g\u00e9n\u00e9ral est de 37,25 millions de dollars sur le secteur culturel du Canada.<\/p>\n<p>Pendant la pand\u00e9mie, Affaires \/ Arts a \u00e9t\u00e9 une ligne de vie pour le secteur en travaillant sans rel\u00e2che pour fournir un soutien, une formation, des informations importantes et des donn\u00e9es vitales. Des milliers d&#8217;organisations artistiques, allant des grandes institutions culturelles aux petits groupes artistiques communautaires, se sont tourn\u00e9es vers notre organisation pour les aider \u00e0 naviguer dans les vagues de fermetures, de restrictions, de changements num\u00e9riques et maintenant de r\u00e9ouvertures et de r\u00e9tablissement. en toute s\u00e9curit\u00e9. Notre s\u00e9rie de conf\u00e9rences mensuelles en ligne a \u00e9t\u00e9 l&#8217;un des moyens par lesquels nous avons soutenu le secteur pendant la pand\u00e9mie. Depuis mars 2020, Affaires \/ Arts a organis\u00e9 plus de 40 sessions en ligne qui ont attir\u00e9 plus de 18 000 spectateurs, fournissant des informations, des comp\u00e9tences, des formations et un r\u00e9confort indispensables \u00e0 des milliers d&#8217;organisations artistiques dans tout le pays.<\/p>\n<p><span style=\"color: #3366ff;\"><b>Ce \u00e0 quoi vous pouvez vous attendre :<\/b><\/span><\/p>\n<p>Ce poste est assorti d&#8217;une r\u00e9mun\u00e9ration mensuelle de 5400 $ par mois, la dur\u00e9e du mandat \u00e9tant n\u00e9gociable. Comme il s&#8217;agit d&#8217;un poste de travail \u00e0 distance, nous sommes pr\u00eats \u00e0 accepter des candidatures de partout au Canada.<\/p>\n<p><strong><span style=\"color: #3366ff;\">Date limite de candidature :<\/span><\/strong><\/p>\n<p>Vendredi, 9 septembre 2022<\/p>\n<div style=\"width: 300px; background: #54AFFF; color: #ffffff; text-align: center; padding: .25em; font-size: 20px; border-radius: .5em; font-family: avenir, helvetica, arial, san-serif; margin: 1em auto;\"><strong><a style=\"color: white; text-decoration: none;\" href=\"https:\/\/fs7.formsite.com\/W1pYtS\/drdo3r0kah\/index.html\">Soumettez votre candidature<\/a><\/strong><\/div>\n","protected":false},"excerpt":{"rendered":"<p>Le\/la directeur(trice) de la programmation, en collaboration avec Affaires \/ Arts et le comit\u00e9 directeur du Sommet canadien des arts, \u00e9labore et met en \u0153uvre la strat\u00e9gie et la programmation du Sommet canadien des arts 2023, pr\u00e9vu pour avril 2023<span class=\"ellipsis\">&hellip;<\/span><\/p>\n<div class=\"read-more\"><a href=\"https:\/\/www.businessandarts.org\/fr\/carrieres-et-opportunites\/directeur-de-la-programmation\/\">Lire plus de <span class=\"screen-reader-text\">Directeur(trice) de la programmation, Sommet canadien des arts<\/span><span class=\"meta-nav\"> &#8250;<\/span><\/a><\/div>\n<p><!-- end of .read-more --><\/p>\n","protected":false},"author":1,"featured_media":13984,"parent":15205,"menu_order":0,"comment_status":"closed","ping_status":"closed","template":"","meta":{"_acf_changed":false,"footnotes":""},"class_list":["post-15131","page","type-page","status-publish","has-post-thumbnail","hentry"],"acf":[],"yoast_head":"<!-- This site is optimized with the Yoast SEO plugin v23.7 - https:\/\/yoast.com\/wordpress\/plugins\/seo\/ -->\n<title>Directeur(trice) de la programmation, Sommet canadien des arts - Business \/ Arts<\/title>\n<meta name=\"robots\" content=\"index, follow, max-snippet:-1, max-image-preview:large, max-video-preview:-1\" \/>\n<link rel=\"canonical\" href=\"https:\/\/www.businessandarts.org\/fr\/carrieres-et-opportunites\/directeur-de-la-programmation\/\" \/>\n<meta property=\"og:locale\" content=\"fr_FR\" \/>\n<meta property=\"og:type\" content=\"article\" \/>\n<meta property=\"og:title\" content=\"Directeur(trice) de la programmation, Sommet canadien des arts - Business \/ Arts\" \/>\n<meta property=\"og:description\" content=\"Le\/la directeur(trice) de la programmation, en collaboration avec Affaires \/ Arts et le comit\u00e9 directeur du Sommet canadien des arts, \u00e9labore et met en \u0153uvre la strat\u00e9gie et la programmation du Sommet canadien des arts 2023, pr\u00e9vu pour avril 2023&hellip;Lire plus de Directeur(trice) de la programmation, Sommet canadien des arts &#8250;\" \/>\n<meta property=\"og:url\" content=\"https:\/\/www.businessandarts.org\/fr\/carrieres-et-opportunites\/directeur-de-la-programmation\/\" \/>\n<meta property=\"og:site_name\" content=\"Business \/ Arts\" \/>\n<meta property=\"article:modified_time\" content=\"2022-08-29T18:02:38+00:00\" \/>\n<meta property=\"og:image\" content=\"https:\/\/www.businessandarts.org\/wp-content\/uploads\/2021\/09\/Events-Program-Manager-www.businessandarts.orgcareers-2.png\" \/>\n\t<meta property=\"og:image:width\" content=\"1200\" \/>\n\t<meta property=\"og:image:height\" content=\"628\" \/>\n\t<meta property=\"og:image:type\" content=\"image\/png\" \/>\n<meta name=\"twitter:card\" content=\"summary_large_image\" \/>\n<meta name=\"twitter:label1\" content=\"Dur\u00e9e de lecture estim\u00e9e\" \/>\n\t<meta name=\"twitter:data1\" content=\"5 minutes\" \/>\n<script type=\"application\/ld+json\" class=\"yoast-schema-graph\">{\"@context\":\"https:\/\/schema.org\",\"@graph\":[{\"@type\":\"WebPage\",\"@id\":\"https:\/\/www.businessandarts.org\/fr\/carrieres-et-opportunites\/directeur-de-la-programmation\/\",\"url\":\"https:\/\/www.businessandarts.org\/fr\/carrieres-et-opportunites\/directeur-de-la-programmation\/\",\"name\":\"Directeur(trice) de la programmation, Sommet canadien des arts - Business \/ Arts\",\"isPartOf\":{\"@id\":\"https:\/\/www.businessandarts.org\/#website\"},\"primaryImageOfPage\":{\"@id\":\"https:\/\/www.businessandarts.org\/fr\/carrieres-et-opportunites\/directeur-de-la-programmation\/#primaryimage\"},\"image\":{\"@id\":\"https:\/\/www.businessandarts.org\/fr\/carrieres-et-opportunites\/directeur-de-la-programmation\/#primaryimage\"},\"thumbnailUrl\":\"https:\/\/www.businessandarts.org\/wp-content\/uploads\/2021\/09\/Events-Program-Manager-www.businessandarts.orgcareers-2.png\",\"datePublished\":\"2022-08-22T18:46:39+00:00\",\"dateModified\":\"2022-08-29T18:02:38+00:00\",\"breadcrumb\":{\"@id\":\"https:\/\/www.businessandarts.org\/fr\/carrieres-et-opportunites\/directeur-de-la-programmation\/#breadcrumb\"},\"inLanguage\":\"fr-FR\",\"potentialAction\":[{\"@type\":\"ReadAction\",\"target\":[\"https:\/\/www.businessandarts.org\/fr\/carrieres-et-opportunites\/directeur-de-la-programmation\/\"]}]},{\"@type\":\"ImageObject\",\"inLanguage\":\"fr-FR\",\"@id\":\"https:\/\/www.businessandarts.org\/fr\/carrieres-et-opportunites\/directeur-de-la-programmation\/#primaryimage\",\"url\":\"https:\/\/www.businessandarts.org\/wp-content\/uploads\/2021\/09\/Events-Program-Manager-www.businessandarts.orgcareers-2.png\",\"contentUrl\":\"https:\/\/www.businessandarts.org\/wp-content\/uploads\/2021\/09\/Events-Program-Manager-www.businessandarts.orgcareers-2.png\",\"width\":1200,\"height\":628},{\"@type\":\"BreadcrumbList\",\"@id\":\"https:\/\/www.businessandarts.org\/fr\/carrieres-et-opportunites\/directeur-de-la-programmation\/#breadcrumb\",\"itemListElement\":[{\"@type\":\"ListItem\",\"position\":1,\"name\":\"Home\",\"item\":\"https:\/\/www.businessandarts.org\/fr\/\"},{\"@type\":\"ListItem\",\"position\":2,\"name\":\"Carri\u00e8res et opportunit\u00e9s\",\"item\":\"https:\/\/www.businessandarts.org\/fr\/carrieres-et-opportunites\/\"},{\"@type\":\"ListItem\",\"position\":3,\"name\":\"Directeur(trice) de la programmation, Sommet canadien des arts\"}]},{\"@type\":\"WebSite\",\"@id\":\"https:\/\/www.businessandarts.org\/#website\",\"url\":\"https:\/\/www.businessandarts.org\/\",\"name\":\"Business \/ Arts\",\"description\":\"\",\"potentialAction\":[{\"@type\":\"SearchAction\",\"target\":{\"@type\":\"EntryPoint\",\"urlTemplate\":\"https:\/\/www.businessandarts.org\/?s={search_term_string}\"},\"query-input\":{\"@type\":\"PropertyValueSpecification\",\"valueRequired\":true,\"valueName\":\"search_term_string\"}}],\"inLanguage\":\"fr-FR\"}]}<\/script>\n<!-- \/ Yoast SEO plugin. -->","yoast_head_json":{"title":"Directeur(trice) de la programmation, Sommet canadien des arts - Business \/ Arts","robots":{"index":"index","follow":"follow","max-snippet":"max-snippet:-1","max-image-preview":"max-image-preview:large","max-video-preview":"max-video-preview:-1"},"canonical":"https:\/\/www.businessandarts.org\/fr\/carrieres-et-opportunites\/directeur-de-la-programmation\/","og_locale":"fr_FR","og_type":"article","og_title":"Directeur(trice) de la programmation, Sommet canadien des arts - Business \/ Arts","og_description":"Le\/la directeur(trice) de la programmation, en collaboration avec Affaires \/ Arts et le comit\u00e9 directeur du Sommet canadien des arts, \u00e9labore et met en \u0153uvre la strat\u00e9gie et la programmation du Sommet canadien des arts 2023, pr\u00e9vu pour avril 2023&hellip;Lire plus de Directeur(trice) de la programmation, Sommet canadien des arts &#8250;","og_url":"https:\/\/www.businessandarts.org\/fr\/carrieres-et-opportunites\/directeur-de-la-programmation\/","og_site_name":"Business \/ Arts","article_modified_time":"2022-08-29T18:02:38+00:00","og_image":[{"width":1200,"height":628,"url":"https:\/\/www.businessandarts.org\/wp-content\/uploads\/2021\/09\/Events-Program-Manager-www.businessandarts.orgcareers-2.png","type":"image\/png"}],"twitter_card":"summary_large_image","twitter_misc":{"Dur\u00e9e de lecture estim\u00e9e":"5 minutes"},"schema":{"@context":"https:\/\/schema.org","@graph":[{"@type":"WebPage","@id":"https:\/\/www.businessandarts.org\/fr\/carrieres-et-opportunites\/directeur-de-la-programmation\/","url":"https:\/\/www.businessandarts.org\/fr\/carrieres-et-opportunites\/directeur-de-la-programmation\/","name":"Directeur(trice) de la programmation, Sommet canadien des arts - Business \/ Arts","isPartOf":{"@id":"https:\/\/www.businessandarts.org\/#website"},"primaryImageOfPage":{"@id":"https:\/\/www.businessandarts.org\/fr\/carrieres-et-opportunites\/directeur-de-la-programmation\/#primaryimage"},"image":{"@id":"https:\/\/www.businessandarts.org\/fr\/carrieres-et-opportunites\/directeur-de-la-programmation\/#primaryimage"},"thumbnailUrl":"https:\/\/www.businessandarts.org\/wp-content\/uploads\/2021\/09\/Events-Program-Manager-www.businessandarts.orgcareers-2.png","datePublished":"2022-08-22T18:46:39+00:00","dateModified":"2022-08-29T18:02:38+00:00","breadcrumb":{"@id":"https:\/\/www.businessandarts.org\/fr\/carrieres-et-opportunites\/directeur-de-la-programmation\/#breadcrumb"},"inLanguage":"fr-FR","potentialAction":[{"@type":"ReadAction","target":["https:\/\/www.businessandarts.org\/fr\/carrieres-et-opportunites\/directeur-de-la-programmation\/"]}]},{"@type":"ImageObject","inLanguage":"fr-FR","@id":"https:\/\/www.businessandarts.org\/fr\/carrieres-et-opportunites\/directeur-de-la-programmation\/#primaryimage","url":"https:\/\/www.businessandarts.org\/wp-content\/uploads\/2021\/09\/Events-Program-Manager-www.businessandarts.orgcareers-2.png","contentUrl":"https:\/\/www.businessandarts.org\/wp-content\/uploads\/2021\/09\/Events-Program-Manager-www.businessandarts.orgcareers-2.png","width":1200,"height":628},{"@type":"BreadcrumbList","@id":"https:\/\/www.businessandarts.org\/fr\/carrieres-et-opportunites\/directeur-de-la-programmation\/#breadcrumb","itemListElement":[{"@type":"ListItem","position":1,"name":"Home","item":"https:\/\/www.businessandarts.org\/fr\/"},{"@type":"ListItem","position":2,"name":"Carri\u00e8res et opportunit\u00e9s","item":"https:\/\/www.businessandarts.org\/fr\/carrieres-et-opportunites\/"},{"@type":"ListItem","position":3,"name":"Directeur(trice) de la programmation, Sommet canadien des arts"}]},{"@type":"WebSite","@id":"https:\/\/www.businessandarts.org\/#website","url":"https:\/\/www.businessandarts.org\/","name":"Business \/ Arts","description":"","potentialAction":[{"@type":"SearchAction","target":{"@type":"EntryPoint","urlTemplate":"https:\/\/www.businessandarts.org\/?s={search_term_string}"},"query-input":{"@type":"PropertyValueSpecification","valueRequired":true,"valueName":"search_term_string"}}],"inLanguage":"fr-FR"}]}},"_links":{"self":[{"href":"https:\/\/www.businessandarts.org\/fr\/wp-json\/wp\/v2\/pages\/15131","targetHints":{"allow":["GET"]}}],"collection":[{"href":"https:\/\/www.businessandarts.org\/fr\/wp-json\/wp\/v2\/pages"}],"about":[{"href":"https:\/\/www.businessandarts.org\/fr\/wp-json\/wp\/v2\/types\/page"}],"author":[{"embeddable":true,"href":"https:\/\/www.businessandarts.org\/fr\/wp-json\/wp\/v2\/users\/1"}],"replies":[{"embeddable":true,"href":"https:\/\/www.businessandarts.org\/fr\/wp-json\/wp\/v2\/comments?post=15131"}],"version-history":[{"count":0,"href":"https:\/\/www.businessandarts.org\/fr\/wp-json\/wp\/v2\/pages\/15131\/revisions"}],"up":[{"embeddable":true,"href":"https:\/\/www.businessandarts.org\/fr\/wp-json\/wp\/v2\/pages\/15205"}],"wp:featuredmedia":[{"embeddable":true,"href":"https:\/\/www.businessandarts.org\/fr\/wp-json\/wp\/v2\/media\/13984"}],"wp:attachment":[{"href":"https:\/\/www.businessandarts.org\/fr\/wp-json\/wp\/v2\/media?parent=15131"}],"curies":[{"name":"wp","href":"https:\/\/api.w.org\/{rel}","templated":true}]}}