{"id":13802,"date":"2021-07-28T16:03:51","date_gmt":"2021-07-28T16:03:51","guid":{"rendered":"https:\/\/www.businessandarts.org\/talks\/"},"modified":"2026-03-19T18:49:06","modified_gmt":"2026-03-19T18:49:06","slug":"la-serie-de-conferences","status":"publish","type":"page","link":"https:\/\/www.businessandarts.org\/fr\/la-serie-de-conferences\/","title":{"rendered":"La s\u00e9rie de conf\u00e9rences"},"content":{"rendered":"<h1>La s\u00e9rie de conf\u00e9rences<\/h1>\n<p>Affairs \/ Arts invite des leaders provenant du secteur des affaires et du secteur culturel \u00e0 partager des conseils, des r\u00e9flexions et des pratiques exemplaires. Offerte comme un espace inclusif pour l&#8217;\u00e9change d&#8217;id\u00e9es innovantes, la s\u00e9rie de conf\u00e9rences aborde une vari\u00e9t\u00e9 de sujets li\u00e9s aux partenariats, \u00e0 la collecte de fonds, \u00e0 la programmation, \u00e0 l&#8217;engagement num\u00e9rique et plus encore. Gr\u00e2ce \u00e0 une programmation diversifi\u00e9e de sujets et de conf\u00e9renciers, la s\u00e9rie de conf\u00e9rences a pour but d&#8217;informer et d&#8217;inspirer les professionnels de tous les milieux et de tous les niveaux d&#8217;exp\u00e9rience.<\/p>\n<p>La s\u00e9rie de conf\u00e9rences est diffus\u00e9e en direct sur Zoom le troisi\u00e8me mercredi de chaque mois. Pour savoir comment y assister, veuillez vous inscrire \u00e0 la <a href=\"\/?page_id=9249\">liste de diffusion de Affairs \/ Arts<\/a>.<\/p>\n<hr \/>\n<p><b>Partenaire<\/b><strong> principale<\/strong><br \/>\n<img loading=\"lazy\" decoding=\"async\" src=\"https:\/\/www.businessandarts.org\/wp-content\/uploads\/2022\/06\/power-corporation-du-canada_700x454-e1655321380645.png\" alt=\"\" class=\"alignnone wp-image-14791\" width=\"194\" height=\"50\" \/><\/p>\n<p><strong>Partenaire de soutien<\/strong><\/p>\n<p><img loading=\"lazy\" decoding=\"async\" src=\"https:\/\/www.businessandarts.org\/wp-content\/uploads\/2020\/01\/RBC-Shield.png\" alt=\"\" width=\"57\" height=\"67\" class=\"alignnone wp-image-11231\" \/><\/p>\n<p><span style=\"font-size: 8.6pt;\"><em>\u00ae \/ MC Marque(s) de commerce de Banque Royale du Canada. RBC et Banque Royale sont des marques d\u00e9pos\u00e9es de Banque Royale du Canada. Utilis\u00e9es sous licence.<\/em><\/span><\/p>\n","protected":false},"excerpt":{"rendered":"<p>La s\u00e9rie de conf\u00e9rences Affairs \/ Arts invite des leaders provenant du secteur des affaires et du secteur culturel \u00e0 partager des conseils, des r\u00e9flexions et des pratiques exemplaires. Offerte comme un espace inclusif pour l&#8217;\u00e9change d&#8217;id\u00e9es innovantes, la s\u00e9rie<span class=\"ellipsis\">&hellip;<\/span><\/p>\n<div class=\"read-more\"><a href=\"https:\/\/www.businessandarts.org\/fr\/la-serie-de-conferences\/\">Lire plus de <span class=\"screen-reader-text\">La s\u00e9rie de conf\u00e9rences<\/span><span class=\"meta-nav\"> &#8250;<\/span><\/a><\/div>\n<p><!-- end of .read-more --><\/p>\n","protected":false},"author":1,"featured_media":0,"parent":0,"menu_order":0,"comment_status":"closed","ping_status":"closed","template":"page-templates\/sidebar-with-CAS-tmp.php","meta":{"_acf_changed":false,"footnotes":""},"class_list":["post-13802","page","type-page","status-publish","hentry"],"acf":[],"yoast_head":"<!-- This site is optimized with the Yoast SEO plugin v23.7 - https:\/\/yoast.com\/wordpress\/plugins\/seo\/ -->\n<title>La s\u00e9rie de conf\u00e9rences - Business \/ Arts<\/title>\n<meta name=\"robots\" content=\"index, follow, max-snippet:-1, max-image-preview:large, max-video-preview:-1\" \/>\n<link rel=\"canonical\" href=\"https:\/\/www.businessandarts.org\/fr\/la-serie-de-conferences\/\" \/>\n<meta property=\"og:locale\" content=\"fr_FR\" \/>\n<meta property=\"og:type\" content=\"article\" \/>\n<meta property=\"og:title\" content=\"La s\u00e9rie de conf\u00e9rences - Business \/ Arts\" \/>\n<meta property=\"og:description\" content=\"La s\u00e9rie de conf\u00e9rences Affairs \/ Arts invite des leaders provenant du secteur des affaires et du secteur culturel \u00e0 partager des conseils, des r\u00e9flexions et des pratiques exemplaires. Offerte comme un espace inclusif pour l&#8217;\u00e9change d&#8217;id\u00e9es innovantes, la s\u00e9rie&hellip;Lire plus de La s\u00e9rie de conf\u00e9rences &#8250;\" \/>\n<meta property=\"og:url\" content=\"https:\/\/www.businessandarts.org\/fr\/la-serie-de-conferences\/\" \/>\n<meta property=\"og:site_name\" content=\"Business \/ Arts\" \/>\n<meta property=\"article:modified_time\" content=\"2026-03-19T18:49:06+00:00\" \/>\n<meta property=\"og:image\" content=\"https:\/\/www.businessandarts.org\/wp-content\/uploads\/2022\/06\/power-corporation-du-canada_700x454-e1655321380645.png\" \/>\n\t<meta property=\"og:image:width\" content=\"628\" \/>\n\t<meta property=\"og:image:height\" content=\"162\" \/>\n\t<meta property=\"og:image:type\" content=\"image\/png\" \/>\n<meta name=\"twitter:card\" content=\"summary_large_image\" \/>\n<meta name=\"twitter:label1\" content=\"Dur\u00e9e de lecture estim\u00e9e\" \/>\n\t<meta name=\"twitter:data1\" content=\"1 minute\" \/>\n<script type=\"application\/ld+json\" class=\"yoast-schema-graph\">{\"@context\":\"https:\/\/schema.org\",\"@graph\":[{\"@type\":\"WebPage\",\"@id\":\"https:\/\/www.businessandarts.org\/fr\/la-serie-de-conferences\/\",\"url\":\"https:\/\/www.businessandarts.org\/fr\/la-serie-de-conferences\/\",\"name\":\"La s\u00e9rie de conf\u00e9rences - Business \/ Arts\",\"isPartOf\":{\"@id\":\"https:\/\/www.businessandarts.org\/#website\"},\"primaryImageOfPage\":{\"@id\":\"https:\/\/www.businessandarts.org\/fr\/la-serie-de-conferences\/#primaryimage\"},\"image\":{\"@id\":\"https:\/\/www.businessandarts.org\/fr\/la-serie-de-conferences\/#primaryimage\"},\"thumbnailUrl\":\"https:\/\/www.businessandarts.org\/wp-content\/uploads\/2022\/06\/power-corporation-du-canada_700x454-e1655321380645.png\",\"datePublished\":\"2021-07-28T16:03:51+00:00\",\"dateModified\":\"2026-03-19T18:49:06+00:00\",\"breadcrumb\":{\"@id\":\"https:\/\/www.businessandarts.org\/fr\/la-serie-de-conferences\/#breadcrumb\"},\"inLanguage\":\"fr-FR\",\"potentialAction\":[{\"@type\":\"ReadAction\",\"target\":[\"https:\/\/www.businessandarts.org\/fr\/la-serie-de-conferences\/\"]}]},{\"@type\":\"ImageObject\",\"inLanguage\":\"fr-FR\",\"@id\":\"https:\/\/www.businessandarts.org\/fr\/la-serie-de-conferences\/#primaryimage\",\"url\":\"https:\/\/www.businessandarts.org\/wp-content\/uploads\/2022\/06\/power-corporation-du-canada_700x454-e1655321380645.png\",\"contentUrl\":\"https:\/\/www.businessandarts.org\/wp-content\/uploads\/2022\/06\/power-corporation-du-canada_700x454-e1655321380645.png\"},{\"@type\":\"BreadcrumbList\",\"@id\":\"https:\/\/www.businessandarts.org\/fr\/la-serie-de-conferences\/#breadcrumb\",\"itemListElement\":[{\"@type\":\"ListItem\",\"position\":1,\"name\":\"Home\",\"item\":\"https:\/\/www.businessandarts.org\/fr\/\"},{\"@type\":\"ListItem\",\"position\":2,\"name\":\"La s\u00e9rie de conf\u00e9rences\"}]},{\"@type\":\"WebSite\",\"@id\":\"https:\/\/www.businessandarts.org\/#website\",\"url\":\"https:\/\/www.businessandarts.org\/\",\"name\":\"Business \/ Arts\",\"description\":\"\",\"potentialAction\":[{\"@type\":\"SearchAction\",\"target\":{\"@type\":\"EntryPoint\",\"urlTemplate\":\"https:\/\/www.businessandarts.org\/?s={search_term_string}\"},\"query-input\":{\"@type\":\"PropertyValueSpecification\",\"valueRequired\":true,\"valueName\":\"search_term_string\"}}],\"inLanguage\":\"fr-FR\"}]}<\/script>\n<!-- \/ Yoast SEO plugin. -->","yoast_head_json":{"title":"La s\u00e9rie de conf\u00e9rences - Business \/ Arts","robots":{"index":"index","follow":"follow","max-snippet":"max-snippet:-1","max-image-preview":"max-image-preview:large","max-video-preview":"max-video-preview:-1"},"canonical":"https:\/\/www.businessandarts.org\/fr\/la-serie-de-conferences\/","og_locale":"fr_FR","og_type":"article","og_title":"La s\u00e9rie de conf\u00e9rences - Business \/ Arts","og_description":"La s\u00e9rie de conf\u00e9rences Affairs \/ Arts invite des leaders provenant du secteur des affaires et du secteur culturel \u00e0 partager des conseils, des r\u00e9flexions et des pratiques exemplaires. Offerte comme un espace inclusif pour l&#8217;\u00e9change d&#8217;id\u00e9es innovantes, la s\u00e9rie&hellip;Lire plus de La s\u00e9rie de conf\u00e9rences &#8250;","og_url":"https:\/\/www.businessandarts.org\/fr\/la-serie-de-conferences\/","og_site_name":"Business \/ Arts","article_modified_time":"2026-03-19T18:49:06+00:00","og_image":[{"width":628,"height":162,"url":"https:\/\/www.businessandarts.org\/wp-content\/uploads\/2022\/06\/power-corporation-du-canada_700x454-e1655321380645.png","type":"image\/png"}],"twitter_card":"summary_large_image","twitter_misc":{"Dur\u00e9e de lecture estim\u00e9e":"1 minute"},"schema":{"@context":"https:\/\/schema.org","@graph":[{"@type":"WebPage","@id":"https:\/\/www.businessandarts.org\/fr\/la-serie-de-conferences\/","url":"https:\/\/www.businessandarts.org\/fr\/la-serie-de-conferences\/","name":"La s\u00e9rie de conf\u00e9rences - Business \/ Arts","isPartOf":{"@id":"https:\/\/www.businessandarts.org\/#website"},"primaryImageOfPage":{"@id":"https:\/\/www.businessandarts.org\/fr\/la-serie-de-conferences\/#primaryimage"},"image":{"@id":"https:\/\/www.businessandarts.org\/fr\/la-serie-de-conferences\/#primaryimage"},"thumbnailUrl":"https:\/\/www.businessandarts.org\/wp-content\/uploads\/2022\/06\/power-corporation-du-canada_700x454-e1655321380645.png","datePublished":"2021-07-28T16:03:51+00:00","dateModified":"2026-03-19T18:49:06+00:00","breadcrumb":{"@id":"https:\/\/www.businessandarts.org\/fr\/la-serie-de-conferences\/#breadcrumb"},"inLanguage":"fr-FR","potentialAction":[{"@type":"ReadAction","target":["https:\/\/www.businessandarts.org\/fr\/la-serie-de-conferences\/"]}]},{"@type":"ImageObject","inLanguage":"fr-FR","@id":"https:\/\/www.businessandarts.org\/fr\/la-serie-de-conferences\/#primaryimage","url":"https:\/\/www.businessandarts.org\/wp-content\/uploads\/2022\/06\/power-corporation-du-canada_700x454-e1655321380645.png","contentUrl":"https:\/\/www.businessandarts.org\/wp-content\/uploads\/2022\/06\/power-corporation-du-canada_700x454-e1655321380645.png"},{"@type":"BreadcrumbList","@id":"https:\/\/www.businessandarts.org\/fr\/la-serie-de-conferences\/#breadcrumb","itemListElement":[{"@type":"ListItem","position":1,"name":"Home","item":"https:\/\/www.businessandarts.org\/fr\/"},{"@type":"ListItem","position":2,"name":"La s\u00e9rie de conf\u00e9rences"}]},{"@type":"WebSite","@id":"https:\/\/www.businessandarts.org\/#website","url":"https:\/\/www.businessandarts.org\/","name":"Business \/ Arts","description":"","potentialAction":[{"@type":"SearchAction","target":{"@type":"EntryPoint","urlTemplate":"https:\/\/www.businessandarts.org\/?s={search_term_string}"},"query-input":{"@type":"PropertyValueSpecification","valueRequired":true,"valueName":"search_term_string"}}],"inLanguage":"fr-FR"}]}},"_links":{"self":[{"href":"https:\/\/www.businessandarts.org\/fr\/wp-json\/wp\/v2\/pages\/13802","targetHints":{"allow":["GET"]}}],"collection":[{"href":"https:\/\/www.businessandarts.org\/fr\/wp-json\/wp\/v2\/pages"}],"about":[{"href":"https:\/\/www.businessandarts.org\/fr\/wp-json\/wp\/v2\/types\/page"}],"author":[{"embeddable":true,"href":"https:\/\/www.businessandarts.org\/fr\/wp-json\/wp\/v2\/users\/1"}],"replies":[{"embeddable":true,"href":"https:\/\/www.businessandarts.org\/fr\/wp-json\/wp\/v2\/comments?post=13802"}],"version-history":[{"count":8,"href":"https:\/\/www.businessandarts.org\/fr\/wp-json\/wp\/v2\/pages\/13802\/revisions"}],"predecessor-version":[{"id":30725,"href":"https:\/\/www.businessandarts.org\/fr\/wp-json\/wp\/v2\/pages\/13802\/revisions\/30725"}],"wp:attachment":[{"href":"https:\/\/www.businessandarts.org\/fr\/wp-json\/wp\/v2\/media?parent=13802"}],"curies":[{"name":"wp","href":"https:\/\/api.w.org\/{rel}","templated":true}]}}