{"id":12001,"date":"2020-06-09T13:00:53","date_gmt":"2020-06-09T13:00:53","guid":{"rendered":"https:\/\/www.businessandarts.org\/resources\/arts-response-tracking-study\/"},"modified":"2026-02-24T13:13:26","modified_gmt":"2026-02-24T13:13:26","slug":"arts-response-tracking-study","status":"publish","type":"page","link":"https:\/\/www.businessandarts.org\/fr\/resources\/arts-response-tracking-study\/","title":{"rendered":"Arts Response Tracking Study"},"content":{"rendered":"<p><span style=\"font-weight: 400;\">ARTS est une s\u00e9rie d&#8217;enqu\u00eates sur l&#8217;opinion publique \u00e0 l&#8217;\u00e9gard des arts, qui ex\u00e9cut\u00e9 en partenariat incluant Affaires\u00a0\/\u00a0Arts, le Centre national des Arts et Nanos Research. Depuis son lancement en mai 2020, ARTS a effectu\u00e9 des enqu\u00eates trimestrielles aupr\u00e8s de plus de 1\u00a0000 amateurs d\u2019\u00e9v\u00e9nements culturels au Canada, pour d\u00e9gager des \u00e9l\u00e9ments \u00e9clair\u00e9s concernant les comportements des publics et leurs intentions \u00e0 prendre part \u00e0 des \u00e9v\u00e9nements culturels et artistiques pr\u00e9sent\u00e9s dans des espaces int\u00e9rieurs et ext\u00e9rieurs.<\/span><\/p>\n<p><span style=\"font-weight: 400;\">Tout au long de la pand\u00e9mie, ARTS s\u2019est impos\u00e9 comme une ressource fiable aupr\u00e8s de centaines d\u2019organismes artistiques, culturels et patrimoniaux partout au Canada. Il offre des donn\u00e9es pertinentes et opportunes, et joue un r\u00f4le crucial pour guider les processus de r\u00e9ouverture et les mod\u00e8les de programmation des organismes artistiques \u00e0 l\u2019\u00e9chelle nationale.<\/span><\/p>\n<p><span style=\"font-weight: 400;\">ARTS a suivi l\u2019\u00e9volution des besoins du secteur des arts et de la culture dans un contexte postpand\u00e9mie instable, ce qui lui permet d\u2019entreprendre, d\u00e8s mai 2023, une nouvelle phase d\u2019ex\u00e9cution qui s\u2019\u00e9chelonnera sur une p\u00e9riode de deux ans. En empruntant une approche structurelle renouvel\u00e9e, ARTS continue de fournir des donn\u00e9es sur les comportements et les intentions des publics sur une base trimestrielle, en d\u00e9diant chaque trimestre a un sujet d\u2019enqu\u00eate pr\u00e9cis.<\/span><\/p>\n<p><span style=\"font-weight: 400;\">Ainsi, l\u2019hiver est consacr\u00e9 au marketing, alors qu\u2019au printemps, on parlera des ventes. L\u2019\u00e9t\u00e9 porte sur les perceptions et l\u2019engagement des publics, alors que l\u2019automne sur le financement. Cette approche assure l\u2019apport de donn\u00e9es pertinentes et opportunes, pour permettre aux organismes de s\u2019adapter aux tendances et aux virages qui touchent le secteur.<\/span><span style=\"font-weight: 400;\"><\/span><\/p>\n<p>&nbsp;<\/p>\n<hr \/>\n<h2 style=\"text-align: center;\"><strong>ARTS R\u00e9sum\u00e9 &#8211; f\u00e9vrier 2026<\/strong><\/h2>\n<h4 style=\"text-align: center;\"><a href=\"https:\/\/www.businessandarts.org\/wp-content\/uploads\/2026\/02\/ARTS-Feb-26-FR.pdf\">T\u00e9l\u00e9charger le rapport complet ici\u00a0<\/a><\/h4>\n<p><img loading=\"lazy\" decoding=\"async\" src=\"https:\/\/www.businessandarts.org\/wp-content\/uploads\/2026\/02\/ARTS-web-feb26-FR.jpg\" alt=\"\" width=\"1128\" height=\"587\" class=\" wp-image-26509 aligncenter\" \/><\/p>\n<h1><div class=\"su-heading su-heading-style-default su-heading-align-center body { color: black; }\" id=\"\" style=\"font-size:22px;margin-bottom:10px\"><div class=\"su-heading-inner\">Rapports complet &#8211; 2026 <\/div><\/div><\/h1>\n<div class=\"pkg-desc\">\n<ul class=\"def-ul\">\n<li><a href=\"https:\/\/www.businessandarts.org\/wp-content\/uploads\/2026\/02\/ARTS-Feb-26-FR.pdf\">T\u00e9l\u00e9charger &#8211; f\u00e9vrier 2026<\/a><\/li>\n<\/ul>\n<\/div>\n<h1><div class=\"su-heading su-heading-style-default su-heading-align-center body { color: black; }\" id=\"\" style=\"font-size:22px;margin-bottom:10px\"><div class=\"su-heading-inner\">Rapports ant\u00e9rieurs <\/div><\/div><\/h1>\n<div class=\"su-tabs su-tabs-style-default su-tabs-mobile-stack\" data-active=\"1\" data-scroll-offset=\"0\" data-anchor-in-url=\"no\"><div class=\"su-tabs-nav\"><span class=\"\" data-anchor=\"sgs\" data-url=\"\" data-target=\"blank\" tabindex=\"0\" role=\"button\">2025<\/span><span class=\"\" data-anchor=\"sgs\" data-url=\"\" data-target=\"blank\" tabindex=\"0\" role=\"button\">2024<\/span><span class=\"\" data-anchor=\"sgs\" data-url=\"\" data-target=\"blank\" tabindex=\"0\" role=\"button\">2023<\/span><span class=\"\" data-anchor=\"sgs\" data-url=\"\" data-target=\"blank\" tabindex=\"0\" role=\"button\">2022<\/span><span class=\"\" data-anchor=\"sgs\" data-url=\"\" data-target=\"blank\" tabindex=\"0\" role=\"button\">2021<\/span><span class=\"\" data-anchor=\"sgs\" data-url=\"\" data-target=\"blank\" tabindex=\"0\" role=\"button\">2020<\/span><\/div><div class=\"su-tabs-panes\"><div class=\"su-tabs-pane su-u-clearfix su-u-trim\" data-title=\"2025\">\n<div class=\"pkg-desc\">\n<ul class=\"def-ul\">\n<li><a href=\"https:\/\/www.businessandarts.org\/wp-content\/uploads\/2025\/11\/2025-2929-BAA-NAC-ARTS-Oct-Populated-report-FR.pdf\">T\u00e9l\u00e9charger &#8211; novembre 2025<\/a><\/li>\n<li><a href=\"https:\/\/www.businessandarts.org\/wp-content\/uploads\/2025\/09\/2025-2856-BAA-NAC-Populated-report-FR.pdf\">T\u00e9l\u00e9charger &#8211; septembre 2025<\/a><\/li>\n<li><a href=\"https:\/\/www.businessandarts.org\/wp-content\/uploads\/2025\/05\/2025-2823-BAA-NAC-Populated-report-FR.pdf\">T\u00e9l\u00e9charger &#8211; mai 2025<\/a><\/li>\n<li><a href=\"https:\/\/www.businessandarts.org\/wp-content\/uploads\/2025\/02\/ARTS-Feb2025-Fre.pdf\">T\u00e9l\u00e9charger &#8211; f\u00e9vrier 2025<\/a><\/li>\n<\/ul>\n<\/div>\n<\/div>\n<div class=\"su-tabs-pane su-u-clearfix su-u-trim\" data-title=\"2024\">\n<div class=\"pkg-desc\">\n<ul class=\"def-ul\">\n<li><a href=\"https:\/\/www.businessandarts.org\/wp-content\/uploads\/2024\/11\/2024-2721-BAA-NAC-Oct-Populated-report-FR.pdf\">T\u00e9l\u00e9charger &#8211; novembre 2024<\/a><\/li>\n<li><a href=\"https:\/\/www.businessandarts.org\/wp-content\/uploads\/2024\/09\/2024-2647-BAA-July-Populated-report-FR.pdf\">T\u00e9l\u00e9charger &#8211; septembre 2024<\/a><\/li>\n<li><a href=\"https:\/\/www.businessandarts.org\/wp-content\/uploads\/2024\/05\/2024-ARTS-May-FR.pdf\">T\u00e9l\u00e9charger &#8211; mai 2024<\/a><\/li>\n<li><a href=\"https:\/\/www.businessandarts.org\/wp-content\/uploads\/2024\/02\/2024-ARTS-Feb-FR-2.pdf\">T\u00e9l\u00e9charger &#8211; f\u00e9vrier 2024<\/a><\/li>\n<\/ul>\n<\/div>\n<\/div>\n<div class=\"su-tabs-pane su-u-clearfix su-u-trim\" data-title=\"2023\">\n<div class=\"pkg-desc\">\n<ul class=\"def-ul\">\n<li><a href=\"https:\/\/www.businessandarts.org\/wp-content\/uploads\/2023\/11\/2023-ARTS-Novembre.pdf\">T\u00e9l\u00e9charger &#8211; novembre 2023<\/a><\/li>\n<li><a href=\"https:\/\/www.businessandarts.org\/wp-content\/uploads\/2023\/09\/2023-ARTS-September-FR.pdf\">T\u00e9l\u00e9charger &#8211; septembre 2023<\/a><\/li>\n<li><a href=\"https:\/\/www.businessandarts.org\/wp-content\/uploads\/2023\/05\/2023_ARTS_MAY_F.pdf\">T\u00e9l\u00e9charger &#8211; mai 2023<\/a><\/li>\n<li><a href=\"https:\/\/www.businessandarts.org\/wp-content\/uploads\/2023\/01\/ARTS_janvier2023_FRE.pdf\">T\u00e9l\u00e9charger &#8211; janvier 2023<\/a><\/li>\n<\/ul>\n<\/div>\n<\/div>\n<div class=\"su-tabs-pane su-u-clearfix su-u-trim\" data-title=\"2022\">\n<div class=\"pkg-desc\">\n<ul class=\"def-ul\">\n<li><a href=\"https:\/\/www.businessandarts.org\/wp-content\/uploads\/2022\/10\/2022-2205-B4A-Sept-Populated-Report-FR.pdf\">T\u00e9l\u00e9charger &#8211; octobre 2022<\/a><\/li>\n<li><a href=\"https:\/\/www.businessandarts.org\/wp-content\/uploads\/2022\/06\/June-2022-ARTS-FRE.pdf\">T\u00e9l\u00e9charger &#8211; juin 2022<\/a><\/li>\n<li><a href=\"https:\/\/www.businessandarts.org\/wp-content\/uploads\/2022\/03\/2022-2100-Business-for-the-Arts-February-Tracking-Populated-Report-FR.pdf\">T\u00e9l\u00e9charger &#8211; f\u00e9vrier 2022<\/a><\/li>\n<li><a href=\"https:\/\/www.businessandarts.org\/wp-content\/uploads\/2022\/01\/2021-2051-Business-for-the-Arts-December-Tracking-Populated-Report-FR.pdf\">T\u00e9l\u00e9charger &#8211; janvier 2022<\/a><\/li>\n<\/ul>\n<\/div>\n<\/div>\n<div class=\"su-tabs-pane su-u-clearfix su-u-trim\" data-title=\"2021\">\n<div class=\"pkg-desc\">\n<ul class=\"def-ul\">\n<li><a href=\"https:\/\/www.businessandarts.org\/wp-content\/uploads\/2021\/10\/2021-1954-Business-for-the-Arts-August-Tracking-Populated-Report-Updated-FR-with-tabs.pdf\">T\u00e9l\u00e9charger &#8211; octobre 2021<\/a><a href=\"https:\/\/www.businessandarts.org\/wp-content\/uploads\/2021\/03\/2021-1815-Business-for-the-Arts-February-Tracking-Populated-Report-FR.pdf\"><\/a><\/li>\n<li><a href=\"https:\/\/www.businessandarts.org\/wp-content\/uploads\/2021\/07\/2021-1901-Business-for-the-Arts-May-Tracking-Populated-Report-FR.pdf\">T\u00e9l\u00e9charger &#8211; juillet 2021<\/a><\/li>\n<li><a href=\"https:\/\/www.businessandarts.org\/wp-content\/uploads\/2021\/03\/2021-1815-Business-for-the-Arts-February-Tracking-Populated-Report-FR.pdf\">T\u00e9l\u00e9charger &#8211; mars 2021<\/a><\/li>\n<li><a href=\"https:\/\/www.businessandarts.org\/wp-content\/uploads\/2021\/01\/Arts-Response-Tracking-Study-French.pdf\">T\u00e9l\u00e9charger &#8211; janvier 2021<\/a><span style=\"color: #333333; font-size: 14px;\"><\/span><\/li>\n<\/ul>\n<\/div>\n<\/div>\n<div class=\"su-tabs-pane su-u-clearfix su-u-trim\" data-title=\"2020\">\n<div class=\"pkg-desc\">\n<ul class=\"def-ul\">\n<li><a href=\"https:\/\/www.businessandarts.org\/wp-content\/uploads\/2020\/09\/Business-and-Arts-Populated-Report-French.pdf\">T\u00e9l\u00e9charger &#8211; juillet 2020<\/a><\/li>\n<li><a href=\"https:\/\/www.businessandarts.org\/wp-content\/uploads\/2020\/06\/2020-1642-Business-for-the-Arts-Populated-Report-Culture-Goers-FR.pdf\">T\u00e9l\u00e9charger &#8211; mai 2020<\/a><\/li>\n<\/ul>\n<\/div>\n<\/div><\/div><\/div>\n<hr \/>\n<p>Arts Response Tracking Survey (ARTS)<\/p>\n<div class=\"su-row\">\n<div class=\"su-column su-column-size-1-4\"><div class=\"su-column-inner su-u-clearfix su-u-trim\"><img loading=\"lazy\" decoding=\"async\" src=\"https:\/\/www.businessandarts.org\/wp-content\/uploads\/2020\/02\/ba-french-cas.png\" alt=\"\" class=\"aligncenter size-full wp-image-11621\" width=\"600\" height=\"300\" \/><\/div><\/div>\n<div class=\"su-column su-column-size-1-4\"><div class=\"su-column-inner su-u-clearfix su-u-trim\"><img loading=\"lazy\" decoding=\"async\" src=\"https:\/\/www.businessandarts.org\/wp-content\/uploads\/2020\/06\/Nanos.png\" alt=\"\" class=\"aligncenter  wp-image-11983\" width=\"464\" height=\"232\" \/><\/div><\/div>\n<div class=\"su-column su-column-size-1-4\"><div class=\"su-column-inner su-u-clearfix su-u-trim\"><\/div><\/div>\n<div class=\"su-column su-column-size-1-4\"><div class=\"su-column-inner su-u-clearfix su-u-trim\"><\/div><\/div>\n<\/div>\n<div class=\"su-row\">\n<div class=\"su-column su-column-size-1-4\"><div class=\"su-column-inner su-u-clearfix su-u-trim\">Partenaire fondateur (ARTS)<img loading=\"lazy\" decoding=\"async\" src=\"https:\/\/www.businessandarts.org\/wp-content\/uploads\/2020\/06\/NAC-French-colour.png\" alt=\"\" class=\"aligncenter size-full wp-image-11985\" width=\"600\" height=\"300\" \/><\/div><\/div>\n<div class=\"su-column su-column-size-1-4\"><div class=\"su-column-inner su-u-clearfix su-u-trim\">Partenaires de soutien<\/p>\n<p><img loading=\"lazy\" decoding=\"async\" src=\"https:\/\/www.businessandarts.org\/wp-content\/uploads\/2025\/05\/IR.png\" alt=\"\" width=\"99\" height=\"69\" class=\" wp-image-26571 aligncenter\" \/><\/div><\/div>\n<div class=\"su-column su-column-size-1-4\"><div class=\"su-column-inner su-u-clearfix su-u-trim\">\n<p><img loading=\"lazy\" decoding=\"async\" src=\"https:\/\/www.businessandarts.org\/wp-content\/uploads\/2024\/05\/CAMDO-logo.png\" alt=\"\" width=\"186\" height=\"45\" class=\"wp-image-23124 aligncenter\" \/><\/p>\n<\/div><\/div>\n<\/div>\n","protected":false},"excerpt":{"rendered":"<p>ARTS est une s\u00e9rie d&#8217;enqu\u00eates sur l&#8217;opinion publique \u00e0 l&#8217;\u00e9gard des arts, qui ex\u00e9cut\u00e9 en partenariat incluant Affaires\u00a0\/\u00a0Arts, le Centre national des Arts et Nanos Research. Depuis son lancement en mai 2020, ARTS a effectu\u00e9 des enqu\u00eates trimestrielles aupr\u00e8s de<span class=\"ellipsis\">&hellip;<\/span><\/p>\n<div class=\"read-more\"><a href=\"https:\/\/www.businessandarts.org\/fr\/resources\/arts-response-tracking-study\/\">Lire plus de <span class=\"screen-reader-text\">Arts Response Tracking Study<\/span><span class=\"meta-nav\"> &#8250;<\/span><\/a><\/div>\n<p><!-- end of .read-more --><\/p>\n","protected":false},"author":1,"featured_media":0,"parent":2638,"menu_order":0,"comment_status":"closed","ping_status":"closed","template":"","meta":{"_acf_changed":false,"footnotes":""},"class_list":["post-12001","page","type-page","status-publish","hentry"],"acf":[],"yoast_head":"<!-- This site is optimized with the Yoast SEO plugin v23.7 - https:\/\/yoast.com\/wordpress\/plugins\/seo\/ -->\n<title>Arts Response Tracking Study - Business \/ Arts<\/title>\n<meta name=\"robots\" content=\"index, follow, max-snippet:-1, max-image-preview:large, max-video-preview:-1\" \/>\n<link rel=\"canonical\" href=\"https:\/\/www.businessandarts.org\/fr\/resources\/arts-response-tracking-study\/\" \/>\n<meta property=\"og:locale\" content=\"fr_FR\" \/>\n<meta property=\"og:type\" content=\"article\" \/>\n<meta property=\"og:title\" content=\"Arts Response Tracking Study - Business \/ Arts\" \/>\n<meta property=\"og:description\" content=\"ARTS est une s\u00e9rie d&#8217;enqu\u00eates sur l&#8217;opinion publique \u00e0 l&#8217;\u00e9gard des arts, qui ex\u00e9cut\u00e9 en partenariat incluant Affaires\u00a0\/\u00a0Arts, le Centre national des Arts et Nanos Research. Depuis son lancement en mai 2020, ARTS a effectu\u00e9 des enqu\u00eates trimestrielles aupr\u00e8s de&hellip;Lire plus de Arts Response Tracking Study &#8250;\" \/>\n<meta property=\"og:url\" content=\"https:\/\/www.businessandarts.org\/fr\/resources\/arts-response-tracking-study\/\" \/>\n<meta property=\"og:site_name\" content=\"Business \/ Arts\" \/>\n<meta property=\"article:modified_time\" content=\"2026-02-24T13:13:26+00:00\" \/>\n<meta name=\"twitter:card\" content=\"summary_large_image\" \/>\n<meta name=\"twitter:label1\" content=\"Dur\u00e9e de lecture estim\u00e9e\" \/>\n\t<meta name=\"twitter:data1\" content=\"4 minutes\" \/>\n<script type=\"application\/ld+json\" class=\"yoast-schema-graph\">{\"@context\":\"https:\/\/schema.org\",\"@graph\":[{\"@type\":\"WebPage\",\"@id\":\"https:\/\/www.businessandarts.org\/fr\/resources\/arts-response-tracking-study\/\",\"url\":\"https:\/\/www.businessandarts.org\/fr\/resources\/arts-response-tracking-study\/\",\"name\":\"Arts Response Tracking Study - Business \/ Arts\",\"isPartOf\":{\"@id\":\"https:\/\/www.businessandarts.org\/#website\"},\"primaryImageOfPage\":{\"@id\":\"https:\/\/www.businessandarts.org\/fr\/resources\/arts-response-tracking-study\/#primaryimage\"},\"image\":{\"@id\":\"https:\/\/www.businessandarts.org\/fr\/resources\/arts-response-tracking-study\/#primaryimage\"},\"thumbnailUrl\":\"https:\/\/www.businessandarts.org\/wp-content\/uploads\/2026\/02\/ARTS-web-feb26-FR.jpg\",\"datePublished\":\"2020-06-09T13:00:53+00:00\",\"dateModified\":\"2026-02-24T13:13:26+00:00\",\"breadcrumb\":{\"@id\":\"https:\/\/www.businessandarts.org\/fr\/resources\/arts-response-tracking-study\/#breadcrumb\"},\"inLanguage\":\"fr-FR\",\"potentialAction\":[{\"@type\":\"ReadAction\",\"target\":[\"https:\/\/www.businessandarts.org\/fr\/resources\/arts-response-tracking-study\/\"]}]},{\"@type\":\"ImageObject\",\"inLanguage\":\"fr-FR\",\"@id\":\"https:\/\/www.businessandarts.org\/fr\/resources\/arts-response-tracking-study\/#primaryimage\",\"url\":\"https:\/\/www.businessandarts.org\/wp-content\/uploads\/2026\/02\/ARTS-web-feb26-FR.jpg\",\"contentUrl\":\"https:\/\/www.businessandarts.org\/wp-content\/uploads\/2026\/02\/ARTS-web-feb26-FR.jpg\"},{\"@type\":\"BreadcrumbList\",\"@id\":\"https:\/\/www.businessandarts.org\/fr\/resources\/arts-response-tracking-study\/#breadcrumb\",\"itemListElement\":[{\"@type\":\"ListItem\",\"position\":1,\"name\":\"Home\",\"item\":\"https:\/\/www.businessandarts.org\/fr\/\"},{\"@type\":\"ListItem\",\"position\":2,\"name\":\"Ressources\",\"item\":\"https:\/\/www.businessandarts.org\/fr\/resources\/\"},{\"@type\":\"ListItem\",\"position\":3,\"name\":\"Arts Response Tracking Study\"}]},{\"@type\":\"WebSite\",\"@id\":\"https:\/\/www.businessandarts.org\/#website\",\"url\":\"https:\/\/www.businessandarts.org\/\",\"name\":\"Business \/ Arts\",\"description\":\"\",\"potentialAction\":[{\"@type\":\"SearchAction\",\"target\":{\"@type\":\"EntryPoint\",\"urlTemplate\":\"https:\/\/www.businessandarts.org\/?s={search_term_string}\"},\"query-input\":{\"@type\":\"PropertyValueSpecification\",\"valueRequired\":true,\"valueName\":\"search_term_string\"}}],\"inLanguage\":\"fr-FR\"}]}<\/script>\n<!-- \/ Yoast SEO plugin. -->","yoast_head_json":{"title":"Arts Response Tracking Study - Business \/ Arts","robots":{"index":"index","follow":"follow","max-snippet":"max-snippet:-1","max-image-preview":"max-image-preview:large","max-video-preview":"max-video-preview:-1"},"canonical":"https:\/\/www.businessandarts.org\/fr\/resources\/arts-response-tracking-study\/","og_locale":"fr_FR","og_type":"article","og_title":"Arts Response Tracking Study - Business \/ Arts","og_description":"ARTS est une s\u00e9rie d&#8217;enqu\u00eates sur l&#8217;opinion publique \u00e0 l&#8217;\u00e9gard des arts, qui ex\u00e9cut\u00e9 en partenariat incluant Affaires\u00a0\/\u00a0Arts, le Centre national des Arts et Nanos Research. Depuis son lancement en mai 2020, ARTS a effectu\u00e9 des enqu\u00eates trimestrielles aupr\u00e8s de&hellip;Lire plus de Arts Response Tracking Study &#8250;","og_url":"https:\/\/www.businessandarts.org\/fr\/resources\/arts-response-tracking-study\/","og_site_name":"Business \/ Arts","article_modified_time":"2026-02-24T13:13:26+00:00","twitter_card":"summary_large_image","twitter_misc":{"Dur\u00e9e de lecture estim\u00e9e":"4 minutes"},"schema":{"@context":"https:\/\/schema.org","@graph":[{"@type":"WebPage","@id":"https:\/\/www.businessandarts.org\/fr\/resources\/arts-response-tracking-study\/","url":"https:\/\/www.businessandarts.org\/fr\/resources\/arts-response-tracking-study\/","name":"Arts Response Tracking Study - Business \/ Arts","isPartOf":{"@id":"https:\/\/www.businessandarts.org\/#website"},"primaryImageOfPage":{"@id":"https:\/\/www.businessandarts.org\/fr\/resources\/arts-response-tracking-study\/#primaryimage"},"image":{"@id":"https:\/\/www.businessandarts.org\/fr\/resources\/arts-response-tracking-study\/#primaryimage"},"thumbnailUrl":"https:\/\/www.businessandarts.org\/wp-content\/uploads\/2026\/02\/ARTS-web-feb26-FR.jpg","datePublished":"2020-06-09T13:00:53+00:00","dateModified":"2026-02-24T13:13:26+00:00","breadcrumb":{"@id":"https:\/\/www.businessandarts.org\/fr\/resources\/arts-response-tracking-study\/#breadcrumb"},"inLanguage":"fr-FR","potentialAction":[{"@type":"ReadAction","target":["https:\/\/www.businessandarts.org\/fr\/resources\/arts-response-tracking-study\/"]}]},{"@type":"ImageObject","inLanguage":"fr-FR","@id":"https:\/\/www.businessandarts.org\/fr\/resources\/arts-response-tracking-study\/#primaryimage","url":"https:\/\/www.businessandarts.org\/wp-content\/uploads\/2026\/02\/ARTS-web-feb26-FR.jpg","contentUrl":"https:\/\/www.businessandarts.org\/wp-content\/uploads\/2026\/02\/ARTS-web-feb26-FR.jpg"},{"@type":"BreadcrumbList","@id":"https:\/\/www.businessandarts.org\/fr\/resources\/arts-response-tracking-study\/#breadcrumb","itemListElement":[{"@type":"ListItem","position":1,"name":"Home","item":"https:\/\/www.businessandarts.org\/fr\/"},{"@type":"ListItem","position":2,"name":"Ressources","item":"https:\/\/www.businessandarts.org\/fr\/resources\/"},{"@type":"ListItem","position":3,"name":"Arts Response Tracking Study"}]},{"@type":"WebSite","@id":"https:\/\/www.businessandarts.org\/#website","url":"https:\/\/www.businessandarts.org\/","name":"Business \/ Arts","description":"","potentialAction":[{"@type":"SearchAction","target":{"@type":"EntryPoint","urlTemplate":"https:\/\/www.businessandarts.org\/?s={search_term_string}"},"query-input":{"@type":"PropertyValueSpecification","valueRequired":true,"valueName":"search_term_string"}}],"inLanguage":"fr-FR"}]}},"_links":{"self":[{"href":"https:\/\/www.businessandarts.org\/fr\/wp-json\/wp\/v2\/pages\/12001","targetHints":{"allow":["GET"]}}],"collection":[{"href":"https:\/\/www.businessandarts.org\/fr\/wp-json\/wp\/v2\/pages"}],"about":[{"href":"https:\/\/www.businessandarts.org\/fr\/wp-json\/wp\/v2\/types\/page"}],"author":[{"embeddable":true,"href":"https:\/\/www.businessandarts.org\/fr\/wp-json\/wp\/v2\/users\/1"}],"replies":[{"embeddable":true,"href":"https:\/\/www.businessandarts.org\/fr\/wp-json\/wp\/v2\/comments?post=12001"}],"version-history":[{"count":16,"href":"https:\/\/www.businessandarts.org\/fr\/wp-json\/wp\/v2\/pages\/12001\/revisions"}],"predecessor-version":[{"id":30276,"href":"https:\/\/www.businessandarts.org\/fr\/wp-json\/wp\/v2\/pages\/12001\/revisions\/30276"}],"up":[{"embeddable":true,"href":"https:\/\/www.businessandarts.org\/fr\/wp-json\/wp\/v2\/pages\/2638"}],"wp:attachment":[{"href":"https:\/\/www.businessandarts.org\/fr\/wp-json\/wp\/v2\/media?parent=12001"}],"curies":[{"name":"wp","href":"https:\/\/api.w.org\/{rel}","templated":true}]}}