{"id":11220,"date":"2020-01-15T16:38:25","date_gmt":"2020-01-15T16:38:25","guid":{"rendered":"https:\/\/www.businessandarts.org\/leadership\/"},"modified":"2021-05-12T18:52:04","modified_gmt":"2021-05-12T18:52:04","slug":"leadership","status":"publish","type":"page","link":"https:\/\/www.businessandarts.org\/fr\/leadership\/","title":{"rendered":"Leadership ex\u00e9cutif"},"content":{"rendered":"<h4>Les objectifs du programme<\/h4>\n<p>Le programme de leadership ex\u00e9cutif d\u2019Affaires \/ Arts est un programme de d\u00e9veloppement de mentorat et de leadership offert \u00e0 des dirigeants prometteurs d\u2019organisations artistiques, culturelles et patrimoniales situ\u00e9es dans tout le Canada. Ce programme offre aux aspirants dirigeants la possibilit\u00e9 de rentrer en contact avec des dirigeants artistiques qui travaillent dans des grandes organisations culturelles canadiennes et de cr\u00e9er une relation de mentorat qui\u00a0:<\/p>\n<ul>\n<li>Rendra possible une mobilit\u00e9 verticale \u00e0 travers le leadership et le perfectionnement professionnel.<\/li>\n<li>Permettra de partager des connaissances et des informations, d\u2019avoir un r\u00f4le mod\u00e8le et d\u2019obtenir de l\u2019aide.<\/li>\n<li>Cr\u00e9era un capital social \u00e0 travers le perfectionnement professionnel et le r\u00e9seautage.<\/li>\n<\/ul>\n<p><strong>Composantes du programme :<\/strong><\/p>\n<ul>\n<li>Le programme se d\u00e9roulera sur une p\u00e9riode d\u2019un an.<\/li>\n<li>Dix participants venant de tout le Canada seront accept\u00e9s dans le programme.<\/li>\n<li>Les participants seront jumel\u00e9s avec des PDG et \/ ou des dirigeants de grandes organisations culturelles pour des s\u00e9ances de mentorat mensuelles d\u2019une heure.<\/li>\n<li>Des s\u00e9ances de mentorat de groupe mensuelles offriront des occasions de communiquer avec des conf\u00e9renciers invit\u00e9s pour d\u00e9velopper des comp\u00e9tences dans des domaines sp\u00e9cifiques et hautement prioritaires identifi\u00e9s par les PDG et les dirigeants actuels.<\/li>\n<li>Le programme offrira des opportunit\u00e9s cibl\u00e9es et structur\u00e9es de d\u00e9veloppement professionnel et de r\u00e9seautage afin de cr\u00e9er un capital social.<\/li>\n<li>Les participants prendront part au Sommet canadien des arts de 2021 et 2022, o\u00f9 ils auront l&#8217;occasion de s&#8217;engager dans des activit\u00e9s en ligne et des conversations facilit\u00e9es avec les membres du Sommet.<\/li>\n<\/ul>\n<p>La participation \u00e0 ce programme se fait par le biais d&#8217;un processus de candidature comp\u00e9titif et sans frais pour les participants.<\/p>\n<p><strong>Aper\u00e7u du programme<\/strong><\/p>\n<ul>\n<li><strong>S\u00e9ances de mentorat individuelles:<\/strong>\n<ul>\n<li>R\u00e9unions mensuelles d&#8217;une heure o\u00f9 les participants ont acc\u00e8s \u00e0 un soutien hautement personnalis\u00e9 de leur mentor. Le mentor et le mentor\u00e9 travaillent ensemble pour cr\u00e9er un plan de travail pour relever les d\u00e9fis et identifier les buts et objectifs \u00e0 atteindre tout au long du programme. Ces s\u00e9ances auront lieu en personne et \/ ou par vid\u00e9oconf\u00e9rence.<\/li>\n<li><strong>Domaine d\u2019intervention<\/strong> : Les besoins individuels en mati\u00e8re de d\u00e9veloppement de carri\u00e8re et de leadership, les aspirations professionnelles et l\u2019alignement avec les valeurs et les objectifs personnels et organisationnels.<\/li>\n<\/ul>\n<\/li>\n<li><strong>S\u00e9ances de mentorat de groupe<\/strong>\n<ul>\n<li>Les participants se joignent \u00e0 des mentors, des conf\u00e9renciers invit\u00e9s et des experts pour des s\u00e9ances de mentorat de groupe en ligne ou en personne, qui mettent l&#8217;accent sur les sujets de comp\u00e9tence prioritaires et les besoins de leadership plus importants. Le mentorat de groupe se fera \u00e9galement lors d\u2019occasions de r\u00e9seautage structur\u00e9es et intentionnelles facilit\u00e9es par le mentor pour fournir un soutien personnalis\u00e9 et assurer le d\u00e9veloppement du capital social.<\/li>\n<li>Domaine d\u2019intervention : Les sujets de leadership, y compris l&#8217;innovation et la gestion du changement, le renforcement du capital humain, social et politique, le leadership strat\u00e9gique et partag\u00e9, la collecte de fonds et la responsabilit\u00e9 financi\u00e8re.<\/li>\n<\/ul>\n<\/li>\n<li><strong>S\u00e9ances de mentorat entre pairs<\/strong>\n<ul>\n<li>Deux s\u00e9ances en personne entre pairs sont propos\u00e9es au d\u00e9but et \u00e0 la fin du programme, offrant aux participants l&#8217;occasion de dialoguer et d&#8217;apprendre les uns des autres gr\u00e2ce \u00e0 des exp\u00e9riences partag\u00e9es, des ateliers et un apprentissage exp\u00e9rientiel. Tous ces \u00e9l\u00e9ments de mentorat, de coaching et de r\u00e9seautage sont li\u00e9s de mani\u00e8re \u00e0 produire un syst\u00e8me int\u00e9gr\u00e9 de d\u00e9veloppement du leadership.<\/li>\n<li>Domaine d\u2019intervention : les d\u00e9fis pratiques et les probl\u00e8mes actuels; le co-apprentissage, le co-mentorat, les solutions collectives.<\/li>\n<\/ul>\n<\/li>\n<\/ul>\n<ul><\/ul>\n<ul><\/ul>\n<hr \/>\n<h3 style=\"text-align: center;\">Les partenaires<\/h3>\n<div class=\"su-row\">\n<div class=\"su-column su-column-size-1-3\"><div class=\"su-column-inner su-u-clearfix su-u-trim\">\n<p><img loading=\"lazy\" decoding=\"async\" src=\"https:\/\/www.businessandarts.org\/wp-content\/uploads\/2020\/03\/Canada-1.png\" alt=\"\" width=\"600\" height=\"300\" class=\"aligncenter size-full wp-image-11723\" \/><\/p>\n<\/div><\/div>\n<div class=\"su-column su-column-size-1-3\"><div class=\"su-column-inner su-u-clearfix su-u-trim\">\n<p><img loading=\"lazy\" decoding=\"async\" src=\"https:\/\/www.businessandarts.org\/wp-content\/uploads\/2020\/03\/RBC.png\" alt=\"\" width=\"600\" height=\"300\" class=\"aligncenter size-full wp-image-11725\" \/><\/p>\n<\/div><\/div>\n<div class=\"su-column su-column-size-1-3\"><div class=\"su-column-inner su-u-clearfix su-u-trim\">\n<\/div><\/div>\n<\/div>\n","protected":false},"excerpt":{"rendered":"<p>Les objectifs du programme Le programme de leadership ex\u00e9cutif d\u2019Affaires \/ Arts est un programme de d\u00e9veloppement de mentorat et de leadership offert \u00e0 des dirigeants prometteurs d\u2019organisations artistiques, culturelles et patrimoniales situ\u00e9es dans tout le Canada. Ce programme offre<span class=\"ellipsis\">&hellip;<\/span><\/p>\n<div class=\"read-more\"><a href=\"https:\/\/www.businessandarts.org\/fr\/leadership\/\">Lire plus de <span class=\"screen-reader-text\">Leadership ex\u00e9cutif<\/span><span class=\"meta-nav\"> &#8250;<\/span><\/a><\/div>\n<p><!-- end of .read-more --><\/p>\n","protected":false},"author":1,"featured_media":12101,"parent":0,"menu_order":0,"comment_status":"closed","ping_status":"closed","template":"page-templates\/sidebar-with-CAS-tmp.php","meta":{"_acf_changed":false,"footnotes":""},"class_list":["post-11220","page","type-page","status-publish","has-post-thumbnail","hentry"],"acf":[],"yoast_head":"<!-- This site is optimized with the Yoast SEO plugin v23.7 - https:\/\/yoast.com\/wordpress\/plugins\/seo\/ -->\n<title>Leadership ex\u00e9cutif - Business \/ Arts<\/title>\n<meta name=\"robots\" content=\"index, follow, max-snippet:-1, max-image-preview:large, max-video-preview:-1\" \/>\n<link rel=\"canonical\" href=\"https:\/\/www.businessandarts.org\/fr\/leadership\/\" \/>\n<meta property=\"og:locale\" content=\"fr_FR\" \/>\n<meta property=\"og:type\" content=\"article\" \/>\n<meta property=\"og:title\" content=\"Leadership ex\u00e9cutif\" \/>\n<meta property=\"og:description\" content=\"Affaires \/ Arts est ravi de lancer son premier programme de leadership ex\u00e9cutif qui associera 10 participants avec 10 leaders artistiques principaux pour des s\u00e9ances de mentorat individuelles, en groupes et entre pairs sur une p\u00e9riode d\u2019un an.\u00a0\" \/>\n<meta property=\"og:url\" content=\"https:\/\/www.businessandarts.org\/fr\/leadership\/\" \/>\n<meta property=\"og:site_name\" content=\"Business \/ Arts\" \/>\n<meta property=\"article:modified_time\" content=\"2021-05-12T18:52:04+00:00\" \/>\n<meta property=\"og:image\" content=\"https:\/\/www.businessandarts.org\/wp-content\/uploads\/2020\/07\/Launch-Email2.png\" \/>\n\t<meta property=\"og:image:width\" content=\"1000\" \/>\n\t<meta property=\"og:image:height\" content=\"800\" \/>\n\t<meta property=\"og:image:type\" content=\"image\/png\" \/>\n<meta name=\"twitter:card\" content=\"summary_large_image\" \/>\n<meta name=\"twitter:title\" content=\"Leadership ex\u00e9cutif\" \/>\n<meta name=\"twitter:description\" content=\"Affaires \/ Arts est ravi de lancer son premier programme de leadership ex\u00e9cutif qui associera 10 participants avec 10 leaders artistiques principaux pour des s\u00e9ances de mentorat individuelles, en groupes et entre pairs sur une p\u00e9riode d\u2019un an.\u00a0\" \/>\n<meta name=\"twitter:image\" content=\"https:\/\/www.businessandarts.org\/wp-content\/uploads\/2020\/07\/Launch-Email2.png\" \/>\n<meta name=\"twitter:label1\" content=\"Dur\u00e9e de lecture estim\u00e9e\" \/>\n\t<meta name=\"twitter:data1\" content=\"3 minutes\" \/>\n<script type=\"application\/ld+json\" class=\"yoast-schema-graph\">{\"@context\":\"https:\/\/schema.org\",\"@graph\":[{\"@type\":\"WebPage\",\"@id\":\"https:\/\/www.businessandarts.org\/fr\/leadership\/\",\"url\":\"https:\/\/www.businessandarts.org\/fr\/leadership\/\",\"name\":\"Leadership ex\u00e9cutif - Business \/ Arts\",\"isPartOf\":{\"@id\":\"https:\/\/www.businessandarts.org\/#website\"},\"primaryImageOfPage\":{\"@id\":\"https:\/\/www.businessandarts.org\/fr\/leadership\/#primaryimage\"},\"image\":{\"@id\":\"https:\/\/www.businessandarts.org\/fr\/leadership\/#primaryimage\"},\"thumbnailUrl\":\"https:\/\/www.businessandarts.org\/wp-content\/uploads\/2020\/07\/Launch-Email2.png\",\"datePublished\":\"2020-01-15T16:38:25+00:00\",\"dateModified\":\"2021-05-12T18:52:04+00:00\",\"breadcrumb\":{\"@id\":\"https:\/\/www.businessandarts.org\/fr\/leadership\/#breadcrumb\"},\"inLanguage\":\"fr-FR\",\"potentialAction\":[{\"@type\":\"ReadAction\",\"target\":[\"https:\/\/www.businessandarts.org\/fr\/leadership\/\"]}]},{\"@type\":\"ImageObject\",\"inLanguage\":\"fr-FR\",\"@id\":\"https:\/\/www.businessandarts.org\/fr\/leadership\/#primaryimage\",\"url\":\"https:\/\/www.businessandarts.org\/wp-content\/uploads\/2020\/07\/Launch-Email2.png\",\"contentUrl\":\"https:\/\/www.businessandarts.org\/wp-content\/uploads\/2020\/07\/Launch-Email2.png\",\"width\":1000,\"height\":800},{\"@type\":\"BreadcrumbList\",\"@id\":\"https:\/\/www.businessandarts.org\/fr\/leadership\/#breadcrumb\",\"itemListElement\":[{\"@type\":\"ListItem\",\"position\":1,\"name\":\"Home\",\"item\":\"https:\/\/www.businessandarts.org\/fr\/\"},{\"@type\":\"ListItem\",\"position\":2,\"name\":\"Leadership ex\u00e9cutif\"}]},{\"@type\":\"WebSite\",\"@id\":\"https:\/\/www.businessandarts.org\/#website\",\"url\":\"https:\/\/www.businessandarts.org\/\",\"name\":\"Business \/ Arts\",\"description\":\"\",\"potentialAction\":[{\"@type\":\"SearchAction\",\"target\":{\"@type\":\"EntryPoint\",\"urlTemplate\":\"https:\/\/www.businessandarts.org\/?s={search_term_string}\"},\"query-input\":{\"@type\":\"PropertyValueSpecification\",\"valueRequired\":true,\"valueName\":\"search_term_string\"}}],\"inLanguage\":\"fr-FR\"}]}<\/script>\n<!-- \/ Yoast SEO plugin. -->","yoast_head_json":{"title":"Leadership ex\u00e9cutif - Business \/ Arts","robots":{"index":"index","follow":"follow","max-snippet":"max-snippet:-1","max-image-preview":"max-image-preview:large","max-video-preview":"max-video-preview:-1"},"canonical":"https:\/\/www.businessandarts.org\/fr\/leadership\/","og_locale":"fr_FR","og_type":"article","og_title":"Leadership ex\u00e9cutif","og_description":"Affaires \/ Arts est ravi de lancer son premier programme de leadership ex\u00e9cutif qui associera 10 participants avec 10 leaders artistiques principaux pour des s\u00e9ances de mentorat individuelles, en groupes et entre pairs sur une p\u00e9riode d\u2019un an.\u00a0","og_url":"https:\/\/www.businessandarts.org\/fr\/leadership\/","og_site_name":"Business \/ Arts","article_modified_time":"2021-05-12T18:52:04+00:00","og_image":[{"width":1000,"height":800,"url":"https:\/\/www.businessandarts.org\/wp-content\/uploads\/2020\/07\/Launch-Email2.png","type":"image\/png"}],"twitter_card":"summary_large_image","twitter_title":"Leadership ex\u00e9cutif","twitter_description":"Affaires \/ Arts est ravi de lancer son premier programme de leadership ex\u00e9cutif qui associera 10 participants avec 10 leaders artistiques principaux pour des s\u00e9ances de mentorat individuelles, en groupes et entre pairs sur une p\u00e9riode d\u2019un an.\u00a0","twitter_image":"https:\/\/www.businessandarts.org\/wp-content\/uploads\/2020\/07\/Launch-Email2.png","twitter_misc":{"Dur\u00e9e de lecture estim\u00e9e":"3 minutes"},"schema":{"@context":"https:\/\/schema.org","@graph":[{"@type":"WebPage","@id":"https:\/\/www.businessandarts.org\/fr\/leadership\/","url":"https:\/\/www.businessandarts.org\/fr\/leadership\/","name":"Leadership ex\u00e9cutif - Business \/ Arts","isPartOf":{"@id":"https:\/\/www.businessandarts.org\/#website"},"primaryImageOfPage":{"@id":"https:\/\/www.businessandarts.org\/fr\/leadership\/#primaryimage"},"image":{"@id":"https:\/\/www.businessandarts.org\/fr\/leadership\/#primaryimage"},"thumbnailUrl":"https:\/\/www.businessandarts.org\/wp-content\/uploads\/2020\/07\/Launch-Email2.png","datePublished":"2020-01-15T16:38:25+00:00","dateModified":"2021-05-12T18:52:04+00:00","breadcrumb":{"@id":"https:\/\/www.businessandarts.org\/fr\/leadership\/#breadcrumb"},"inLanguage":"fr-FR","potentialAction":[{"@type":"ReadAction","target":["https:\/\/www.businessandarts.org\/fr\/leadership\/"]}]},{"@type":"ImageObject","inLanguage":"fr-FR","@id":"https:\/\/www.businessandarts.org\/fr\/leadership\/#primaryimage","url":"https:\/\/www.businessandarts.org\/wp-content\/uploads\/2020\/07\/Launch-Email2.png","contentUrl":"https:\/\/www.businessandarts.org\/wp-content\/uploads\/2020\/07\/Launch-Email2.png","width":1000,"height":800},{"@type":"BreadcrumbList","@id":"https:\/\/www.businessandarts.org\/fr\/leadership\/#breadcrumb","itemListElement":[{"@type":"ListItem","position":1,"name":"Home","item":"https:\/\/www.businessandarts.org\/fr\/"},{"@type":"ListItem","position":2,"name":"Leadership ex\u00e9cutif"}]},{"@type":"WebSite","@id":"https:\/\/www.businessandarts.org\/#website","url":"https:\/\/www.businessandarts.org\/","name":"Business \/ Arts","description":"","potentialAction":[{"@type":"SearchAction","target":{"@type":"EntryPoint","urlTemplate":"https:\/\/www.businessandarts.org\/?s={search_term_string}"},"query-input":{"@type":"PropertyValueSpecification","valueRequired":true,"valueName":"search_term_string"}}],"inLanguage":"fr-FR"}]}},"_links":{"self":[{"href":"https:\/\/www.businessandarts.org\/fr\/wp-json\/wp\/v2\/pages\/11220","targetHints":{"allow":["GET"]}}],"collection":[{"href":"https:\/\/www.businessandarts.org\/fr\/wp-json\/wp\/v2\/pages"}],"about":[{"href":"https:\/\/www.businessandarts.org\/fr\/wp-json\/wp\/v2\/types\/page"}],"author":[{"embeddable":true,"href":"https:\/\/www.businessandarts.org\/fr\/wp-json\/wp\/v2\/users\/1"}],"replies":[{"embeddable":true,"href":"https:\/\/www.businessandarts.org\/fr\/wp-json\/wp\/v2\/comments?post=11220"}],"version-history":[{"count":0,"href":"https:\/\/www.businessandarts.org\/fr\/wp-json\/wp\/v2\/pages\/11220\/revisions"}],"wp:featuredmedia":[{"embeddable":true,"href":"https:\/\/www.businessandarts.org\/fr\/wp-json\/wp\/v2\/media\/12101"}],"wp:attachment":[{"href":"https:\/\/www.businessandarts.org\/fr\/wp-json\/wp\/v2\/media?parent=11220"}],"curies":[{"name":"wp","href":"https:\/\/api.w.org\/{rel}","templated":true}]}}