{"id":11167,"date":"2019-12-06T16:19:49","date_gmt":"2019-12-06T16:19:49","guid":{"rendered":"https:\/\/www.businessandarts.org\/artsvest-regions\/sk-participating-organizations\/"},"modified":"2026-02-17T18:22:36","modified_gmt":"2026-02-17T18:22:36","slug":"sk-participants","status":"publish","type":"page","link":"https:\/\/www.businessandarts.org\/fr\/artsvest\/sk-participants\/","title":{"rendered":"SK Organisations participantes"},"content":{"rendered":"<h3>Organismes participants \u2013 2025<\/h3>\n<div class=\"su-row\"><div class=\"su-column su-column-size-1-2\"><div class=\"su-column-inner su-u-clearfix su-u-trim\">\n<p><a href=\"https:\/\/www.akaartistrun.com\/\">AKA artist-run<\/a><br \/>\n<a href=\"https:\/\/biggarmuseumgallery.ca\/\">Biggar Museum &amp; Gallery<\/a><br \/>\n<a href=\"https:\/\/www.commonweal.ca\/\">Common Weal Community Arts<\/a><br \/>\n<a href=\"https:\/\/conseilculturelfransaskois.ca\/\">Conseil culturel fransaskois<\/a><br \/>\n<a href=\"https:\/\/www.countryatthecreek.com\/\">Country at the Creek Music Festival<\/a><br \/>\n<a href=\"https:\/\/stegnerhouse.ca\/eac\">Eastend Arts Council<\/a><br \/>\n<a href=\"https:\/\/haywirefarmfestival.mandelbrotdesigngroup.com\/\">Haywire Farm Festival<\/a><br \/>\n<a href=\"https:\/\/www.jackmillikincentre.com\/\">Jack Millikin Centre<\/a><br \/>\n<a href=\"https:\/\/www.langenburgarts.ca\/\">Langeburg Arts Council<\/a><br \/>\n<a href=\"https:\/\/www.lcca-toronto.com\/english\/welcomeLCCA.html\">Latino Canadian Cultural Association<\/a><br \/>\n<a href=\"https:\/\/leaderartscouncil.ca\/\">Leader &amp; District Arts Council<\/a><br \/>\n<a href=\"https:\/\/melfortmuseum.org\/\">Melfort &amp; District Museum<\/a><br \/>\n<a href=\"https:\/\/oncueregina.ca\/\">On Cue Performance Hub<\/a><\/p>\n<\/div><\/div><div class=\"su-column su-column-size-1-2\"><div class=\"su-column-inner su-u-clearfix su-u-trim\">\n<p><a href=\"https:\/\/sasktheatreprofessionals.ca\/\">Saskatchewan Association of Theatre Professionals (SATP)<\/a><br \/>\n<a href=\"https:\/\/saskband.org\/\">Saskatchewan Band Association<\/a><br \/>\n<a href=\"https:\/\/smfa.ca\/\">Saskatchewan Music Festival Association. Inc<\/a><br \/>\n<a href=\"https:\/\/skwriter.com\/\">Saskatchewan Writers&#8217; Guild Foundation<\/a><br \/>\n<a href=\"https:\/\/saskatoonpride.ca\/\">Saskatoon Pride<\/a><br \/>\n<a href=\"https:\/\/lyrictheatre.ca\/history\/\">Lyric Theatre<\/a><br \/>\n<a href=\"https:\/\/wdm.ca\/event_manager\/sparkyourpride\/\">Spark Your Pride<\/a><br \/>\n<a href=\"https:\/\/www.the525art.com\/\">THE 525<\/a><br \/>\n<a href=\"https:\/\/theatresaskatchewan.com\/\">Theatre Saskatchewan Inc<\/a><br \/>\n<a href=\"https:\/\/yorktonarts.ca\/\">Yorkton Arts Council<\/a><br \/>\n<a href=\"https:\/\/www.yorktonflourmill.ca\/\">Yorkton Brick Mill Heritage Society<\/a><\/p>\n<\/div><\/div> <\/div>\n<hr \/>\n<h3>Organismes participants \u2013 2023-2024<\/h3>\n<div class=\"su-row\"><div class=\"su-column su-column-size-1-2\"><div class=\"su-column-inner su-u-clearfix su-u-trim\">\n<p><a href=\"https:\/\/www.assiniboiaartscouncil.ca\/\" target=\"_blank\" rel=\"noopener\">Assiniboia &amp; District Arts Council<\/a><br \/>\n<a href=\"https:\/\/www.blendersmusic.ca\/\" target=\"_blank\" rel=\"noopener\">Blenders Events<\/a><br \/>\n<a href=\"https:\/\/commonweal.ca\/\" target=\"_blank\" rel=\"noopener\">Common Weal Community Arts<\/a><br \/>\n<a href=\"https:\/\/www.culturel.ca\/\" target=\"_blank\" rel=\"noopener\">Conseil culturel fransaskois<\/a><br \/>\n<a href=\"https:\/\/www.dekkercentre.com\/\" target=\"_blank\" rel=\"noopener\">The Dekker Centre<\/a><br \/>\nEastend Arts Council<br \/>\n<a href=\"https:\/\/www.francosaskatoon.ca\/\" target=\"_blank\" rel=\"noopener\">F\u00e9d\u00e9ration des Francophones de Saskatoon<\/a><br \/>\n<a href=\"https:\/\/www.flamencoborealis.com\/\" target=\"_blank\" rel=\"noopener\">Flamenco Borealis<\/a><br \/>\n<a href=\"https:\/\/gtnt.ca\/\" target=\"_blank\" rel=\"noopener\">Gordon Tootoosis Nikaniwin Theatre<\/a><br \/>\n<a href=\"https:\/\/www.shaunavon.com\/page\/grand-coteau-heritage-and-cultural-centre\/\" target=\"_blank\" rel=\"noopener\">Grand Coteau Heritage &amp; Cultural Centre<\/a><br \/>\n<a href=\"https:\/\/sites.google.com\/view\/marosensemble\/home\" target=\"_blank\" rel=\"noopener\">Maros Hungarian Folk Dance Ensemble<\/a><br \/>\n<a href=\"https:\/\/www.melfortartscouncil.com\/\" target=\"_blank\" rel=\"noopener\">Melfort Arts Council<\/a><br \/>\n<a href=\"http:\/\/napatakramble.com\/home\/\" target=\"_blank\" rel=\"noopener\">Napatak Ramble Music &amp; Arts<\/a><\/p>\n<\/div><\/div><div class=\"su-column su-column-size-1-2\"><div class=\"su-column-inner su-u-clearfix su-u-trim\">\n<p><a href=\"https:\/\/www.nesscreekmusicfestival.com\/\" target=\"_blank\" rel=\"noopener\">Ness Creek Cultural and Recreational Society<\/a><br \/>\nOutlook and District Arts Council<br \/>\n<a href=\"https:\/\/www.pavedarts.ca\/\" target=\"_blank\" rel=\"noopener\">PAVED Arts<\/a><br \/>\n<a href=\"https:\/\/www.filmpool.ca\/\" target=\"_blank\" rel=\"noopener\">Saskatchewan Filmpool Cooperative<\/a><br \/>\n<a href=\"https:\/\/saskatoonpride.ca\/\" target=\"_blank\" rel=\"noopener\">Saskatoon Pride<\/a><br \/>\n<a href=\"https:\/\/shurniakartgallery.ca\/\" target=\"_blank\" rel=\"noopener\">Shurniak Art Gallery<\/a><br \/>\nSpark Your Pride<br \/>\n<a href=\"https:\/\/scartscouncil.ca\/\" target=\"_blank\" rel=\"noopener\">Swift Current Arts Council<\/a><br \/>\n<a href=\"https:\/\/www.latroupedujour.ca\/en\/\" target=\"_blank\" rel=\"noopener\">La Troupe du Jour<\/a><br \/>\n<a href=\"https:\/\/www.watrousheritage.ca\/\" target=\"_blank\" rel=\"noopener\">Watrous Manitou Beach Heritage Centre<\/a><br \/>\n<a href=\"https:\/\/weyburn.ca\/weyburn-arts-council\/\" target=\"_blank\" rel=\"noopener\">Weyburn Arts Council<\/a><br \/>\n<a href=\"https:\/\/yorktonfilm.com\/\" target=\"_blank\" rel=\"noopener\">Yorkton Film Festival<\/a><\/p>\n<\/div><\/div> <\/div>\n<hr \/>\n<h3>Organismes participants \u2013 2021-2022<\/h3>\n<div class=\"su-row\"><div class=\"su-column su-column-size-1-2\"><div class=\"su-column-inner su-u-clearfix su-u-trim\">\n<p>25th Street Theatre Center Inc.<br \/>\nArt Gallery of Regina Inc.<br \/>\nArtesian Performing Arts Inc<br \/>\nAssiniboia &amp; District Arts Council Inc.<br \/>\nBlenders Events Inc.<br \/>\nBuffalo Berry Press Inc.<br \/>\nBurnt Thicket Theatre Society<br \/>\nCathedral Area Community Association<br \/>\nCecilian Concert Series Inc<br \/>\nChildren&#8217;s Discovery Museum on the Saskatchewan, Inc.<br \/>\nChrysalis Theatre Incorporated<br \/>\nCommon Weal Community Arts<br \/>\nConseil culturel fransaskois Inc.<br \/>\nDance Saskatchewan Incorporated<br \/>\nDancing Sky Theatre Inc<br \/>\nDekker Centre for the Performing Arts Inc.<br \/>\nEMMA International Collaboration Inc.<br \/>\nFree Flow Dance Theatre<br \/>\nFriends of the Broadway Theatre Inc.<br \/>\nGordon Tootoosis Nikaniwin Theatre Inc.<br \/>\nGrand Coteau Heritage &amp; Cultural Centre<br \/>\nHeritage Festival of Saskatoon, Inc.<br \/>\nLa Troupe du Jour<br \/>\nLashburn Centennial Museum Inc.<br \/>\nLive Five Theatre Inc.<br \/>\nMaros Hungarian Folk Dance Ensemble Inc.<br \/>\nMoose Jaw Cultural Centre Inc.<br \/>\nMoose Jaw Pride Inc.<br \/>\nNess Creek Cultural and Recreational Society<br \/>\nNew Dance Horizons Inc<br \/>\nNorthern Lights Bluegrass and Old Tyme Music Society<br \/>\nNorthern Saskatchewan International Children&#8217;s Festival<br \/>\nNuit Blanche Regina Arts Festival Inc.<br \/>\nOn Cue Performance Hub<br \/>\nOn the Boards Staging Company<\/p>\n<\/div><\/div><div class=\"su-column su-column-size-1-2\"><div class=\"su-column-inner su-u-clearfix su-u-trim\">\n<p>Outlook and District Arts Council Inc.<br \/>\nPAVED Art + New Media Inc.<br \/>\nRadius Communications Inc.<br \/>\nRegina Folk Festival Inc.<br \/>\nRegina International Film Festival and Awards Foundation Inc.<br \/>\nRegina International Open Theatre Society<br \/>\nRegina Jazz Society Corp.<br \/>\nRegina Little Theatre Society, Inc.<br \/>\nSage Hill Writing Experience Inc.<br \/>\nSaskatchewan Archaeological Society<br \/>\nSaskatchewan Express Society Inc.<br \/>\nSaskatchewan Festival of Words Inc.<br \/>\nSaskatchewan Filmpool Cooperative<br \/>\nSaskatchewan German Council Inc.<br \/>\nSaskatchewan Jazz Festival, Inc<br \/>\nSaskatchewan Music Educators Association<br \/>\nSaskatchewan Music Festival Association<br \/>\nSaskatchewan Professional Art Galleries Association Inc.<br \/>\nSaskatoon Chamber Singers Inc.<br \/>\nSaskatoon Diversity Network Inc<br \/>\nSaskatoon Folkfest Incorporated<br \/>\nSaskatoon Music Festival Committee<br \/>\nSaskatoon Summer Players Incorporated<br \/>\nShakespeare on the Saskatchewan Festival Inc.<br \/>\nSouris Valley Theatre<br \/>\nSouth Saskatchewan Youth Orchestra<br \/>\nSouthwest Cultural Development Group Inc.<br \/>\nSum Theatre Corp.<br \/>\nSwift Current Arts Council<br \/>\nWatrous Manitou Beach heritage Centre Inc.<br \/>\nWheatland Express Inc.<br \/>\nWindscape Kite Club Inc.<br \/>\nYorkton Brick Mill Heritage Society<br \/>\nYorkton Short Film &amp; Video Festival Inc.<\/p>\n<\/div><\/div> <\/div>\n<hr \/>\n<h3 class=\"variable-font\">Organismes participants \u2013  2019-2020<\/h3>\n<div class=\"su-row\"><div class=\"su-column su-column-size-1-2\"><div class=\"su-column-inner su-u-clearfix su-u-trim\">\n<p>Art Gallery of Regina Inc.<br \/>\nArtesian Performing Arts<br \/>\nAssiniboia &amp; District Arts Council Inc.<br \/>\nBlenders Events Inc<br \/>\nBuffalo Berry Press<br \/>\nBurnt Thicket Theatre Society<br \/>\nCaswell Community Association<br \/>\nCathedral Area Community Association<br \/>\nCecilian Concert Series Ltd<br \/>\nChrysalis Theatre<br \/>\nCommon Weal Community Arts Inc.<br \/>\nConseil culturel fransaskois (CCF)<br \/>\nCreative City Centre Inc.<br \/>\nDance Saskatchewan Incorporated<br \/>\nDancing Sky Theatre<br \/>\nEstevan Arts Council Inc.<br \/>\nFadaDance Troupe Inc.<br \/>\nFree Flow Dance Theatre Company<br \/>\nFriends of the Broadway Theatre Inc.<br \/>\nGordon Tootoosis N\u012bk\u0101n\u012bwin Theatre Inc<br \/>\nGrand Coteau Heritage &amp; Cultural Centre<br \/>\nHeritage Festival of Saskatoon Incorporated<br \/>\nIndian Head Theatre &amp; Community Arts Inc<br \/>\nLa Troupe du Jour<br \/>\nMoose Jaw Cultural Centre Inc.<br \/>\nMoose Jaw Pride Inc.<br \/>\nMulticultural Council of Saskatchewan Inc.<br \/>\nNess Creek Cultural &amp; Recreational Society Inc<br \/>\nNew Dance Horizons Inc.<br \/>\nNorthern Lights Bluegrass and Old Tyme Music Society<br \/>\nNorthern Saskatchewan International Children&#8217;s Festival<br \/>\nNuit Blanche Saskatoon Contemporary Arts Festival Inc.<br \/>\nOn the Boards Staging Company<br \/>\nOutlook and District Arts Council Inc.<br \/>\nPAVED Art + New Media Inc,<br \/>\nRadius Communications Inc.<br \/>\nRegina Folk Festival Inc.<\/p>\n<\/div><\/div> <div class=\"su-column su-column-size-1-2\"><div class=\"su-column-inner su-u-clearfix su-u-trim\">\n<p>Regina International Film Festival &amp; Awards Foundation Inc.<br \/>\nRegina International Open Theatre Society<br \/>\nRegina Jazz Society Corp.<br \/>\nRegina Little Theatre Society, Inc.<br \/>\nRegina Music Festival Association, Inc.<br \/>\nRegina Pride Inc.<br \/>\nSage Hill Writing Experience Inc.<br \/>\nSaskatchewan Archaeological Society<br \/>\nSaskatchewan Book Awards Inc.<br \/>\nSaskatchewan Craft Council Inc.<br \/>\nSaskatchewan Express Society Inc.<br \/>\nSaskatchewan Festival of Words Inc.<br \/>\nSaskatchewan German Council Inc.<br \/>\nSaskatchewan Music Festival Association<br \/>\nSaskatchewan Professional Art Galleries Association Inc.<br \/>\nSaskatchewan Writers&#8217; Guild<br \/>\nSaskatoon Chamber Singers<br \/>\nSaskatoon Community Youth Arts Programming Inc.<br \/>\nSaskatoon Folkfest Incorporated<br \/>\nSaskatoon Jazz Society<br \/>\nSaskatoon Music Festival Committee<br \/>\nSaskatoon Summer Players<br \/>\nSaskatoon Youth Orchestra Inc.<br \/>\nShakespeare on the Saskatchewan Festival Inc.<br \/>\nSouris Valley Theatre Inc.<br \/>\nSouthwest Cultural Development Group Inc.<br \/>\nStation Arts Centre Co-operative<br \/>\nSum Theatre Corp.<br \/>\nSwift Current Arts Council<br \/>\nSwift Current Oratorio Choir<br \/>\nThe Dekker Centre for the Performing Arts Inc.<br \/>\nThe Mann Art Gallery Inc.<br \/>\nWatrous Manitou Beach Heritage Centre Inc<br \/>\nWeyburn Arts Council<br \/>\nWide Open Theatrical escapades Inc.<br \/>\nWindscape Kite Club Inc<br \/>\nYorkton Brick Mill Heritage Society<br \/>\nYorkton Short Film &amp; Video Festival<\/p>\n<\/div><\/div> <\/div>\n","protected":false},"excerpt":{"rendered":"<p>Organismes participants \u2013 2025 Organismes participants \u2013 2023-2024 Organismes participants \u2013 2021-2022 Organismes participants \u2013 2019-2020<\/p>\n","protected":false},"author":1,"featured_media":0,"parent":17375,"menu_order":0,"comment_status":"closed","ping_status":"closed","template":"page-templates\/sidebar-withtopmenu.php","meta":{"_acf_changed":false,"footnotes":""},"class_list":["post-11167","page","type-page","status-publish","hentry"],"acf":[],"yoast_head":"<!-- This site is optimized with the Yoast SEO plugin v23.7 - https:\/\/yoast.com\/wordpress\/plugins\/seo\/ -->\n<title>SK Organisations participantes - Business \/ Arts<\/title>\n<meta name=\"robots\" content=\"index, follow, max-snippet:-1, max-image-preview:large, max-video-preview:-1\" \/>\n<link rel=\"canonical\" href=\"https:\/\/www.businessandarts.org\/fr\/artsvest\/sk-participants\/\" \/>\n<meta property=\"og:locale\" content=\"fr_FR\" \/>\n<meta property=\"og:type\" content=\"article\" \/>\n<meta property=\"og:title\" content=\"SK Organisations participantes - Business \/ Arts\" \/>\n<meta property=\"og:description\" content=\"Organismes participants \u2013 2025 Organismes participants \u2013 2023-2024 Organismes participants \u2013 2021-2022 Organismes participants \u2013 2019-2020\" \/>\n<meta property=\"og:url\" content=\"https:\/\/www.businessandarts.org\/fr\/artsvest\/sk-participants\/\" \/>\n<meta property=\"og:site_name\" content=\"Business \/ Arts\" \/>\n<meta property=\"article:modified_time\" content=\"2026-02-17T18:22:36+00:00\" \/>\n<meta name=\"twitter:card\" content=\"summary_large_image\" \/>\n<meta name=\"twitter:label1\" content=\"Dur\u00e9e de lecture estim\u00e9e\" \/>\n\t<meta name=\"twitter:data1\" content=\"4 minutes\" \/>\n<script type=\"application\/ld+json\" class=\"yoast-schema-graph\">{\"@context\":\"https:\/\/schema.org\",\"@graph\":[{\"@type\":\"WebPage\",\"@id\":\"https:\/\/www.businessandarts.org\/fr\/artsvest\/sk-participants\/\",\"url\":\"https:\/\/www.businessandarts.org\/fr\/artsvest\/sk-participants\/\",\"name\":\"SK Organisations participantes - Business \/ Arts\",\"isPartOf\":{\"@id\":\"https:\/\/www.businessandarts.org\/#website\"},\"datePublished\":\"2019-12-06T16:19:49+00:00\",\"dateModified\":\"2026-02-17T18:22:36+00:00\",\"breadcrumb\":{\"@id\":\"https:\/\/www.businessandarts.org\/fr\/artsvest\/sk-participants\/#breadcrumb\"},\"inLanguage\":\"fr-FR\",\"potentialAction\":[{\"@type\":\"ReadAction\",\"target\":[\"https:\/\/www.businessandarts.org\/fr\/artsvest\/sk-participants\/\"]}]},{\"@type\":\"BreadcrumbList\",\"@id\":\"https:\/\/www.businessandarts.org\/fr\/artsvest\/sk-participants\/#breadcrumb\",\"itemListElement\":[{\"@type\":\"ListItem\",\"position\":1,\"name\":\"Home\",\"item\":\"https:\/\/www.businessandarts.org\/fr\/\"},{\"@type\":\"ListItem\",\"position\":2,\"name\":\"artsvest\",\"item\":\"https:\/\/www.businessandarts.org\/fr\/artsvest\/\"},{\"@type\":\"ListItem\",\"position\":3,\"name\":\"SK Organisations participantes\"}]},{\"@type\":\"WebSite\",\"@id\":\"https:\/\/www.businessandarts.org\/#website\",\"url\":\"https:\/\/www.businessandarts.org\/\",\"name\":\"Business \/ Arts\",\"description\":\"\",\"potentialAction\":[{\"@type\":\"SearchAction\",\"target\":{\"@type\":\"EntryPoint\",\"urlTemplate\":\"https:\/\/www.businessandarts.org\/?s={search_term_string}\"},\"query-input\":{\"@type\":\"PropertyValueSpecification\",\"valueRequired\":true,\"valueName\":\"search_term_string\"}}],\"inLanguage\":\"fr-FR\"}]}<\/script>\n<!-- \/ Yoast SEO plugin. -->","yoast_head_json":{"title":"SK Organisations participantes - Business \/ Arts","robots":{"index":"index","follow":"follow","max-snippet":"max-snippet:-1","max-image-preview":"max-image-preview:large","max-video-preview":"max-video-preview:-1"},"canonical":"https:\/\/www.businessandarts.org\/fr\/artsvest\/sk-participants\/","og_locale":"fr_FR","og_type":"article","og_title":"SK Organisations participantes - Business \/ Arts","og_description":"Organismes participants \u2013 2025 Organismes participants \u2013 2023-2024 Organismes participants \u2013 2021-2022 Organismes participants \u2013 2019-2020","og_url":"https:\/\/www.businessandarts.org\/fr\/artsvest\/sk-participants\/","og_site_name":"Business \/ Arts","article_modified_time":"2026-02-17T18:22:36+00:00","twitter_card":"summary_large_image","twitter_misc":{"Dur\u00e9e de lecture estim\u00e9e":"4 minutes"},"schema":{"@context":"https:\/\/schema.org","@graph":[{"@type":"WebPage","@id":"https:\/\/www.businessandarts.org\/fr\/artsvest\/sk-participants\/","url":"https:\/\/www.businessandarts.org\/fr\/artsvest\/sk-participants\/","name":"SK Organisations participantes - Business \/ Arts","isPartOf":{"@id":"https:\/\/www.businessandarts.org\/#website"},"datePublished":"2019-12-06T16:19:49+00:00","dateModified":"2026-02-17T18:22:36+00:00","breadcrumb":{"@id":"https:\/\/www.businessandarts.org\/fr\/artsvest\/sk-participants\/#breadcrumb"},"inLanguage":"fr-FR","potentialAction":[{"@type":"ReadAction","target":["https:\/\/www.businessandarts.org\/fr\/artsvest\/sk-participants\/"]}]},{"@type":"BreadcrumbList","@id":"https:\/\/www.businessandarts.org\/fr\/artsvest\/sk-participants\/#breadcrumb","itemListElement":[{"@type":"ListItem","position":1,"name":"Home","item":"https:\/\/www.businessandarts.org\/fr\/"},{"@type":"ListItem","position":2,"name":"artsvest","item":"https:\/\/www.businessandarts.org\/fr\/artsvest\/"},{"@type":"ListItem","position":3,"name":"SK Organisations participantes"}]},{"@type":"WebSite","@id":"https:\/\/www.businessandarts.org\/#website","url":"https:\/\/www.businessandarts.org\/","name":"Business \/ Arts","description":"","potentialAction":[{"@type":"SearchAction","target":{"@type":"EntryPoint","urlTemplate":"https:\/\/www.businessandarts.org\/?s={search_term_string}"},"query-input":{"@type":"PropertyValueSpecification","valueRequired":true,"valueName":"search_term_string"}}],"inLanguage":"fr-FR"}]}},"_links":{"self":[{"href":"https:\/\/www.businessandarts.org\/fr\/wp-json\/wp\/v2\/pages\/11167","targetHints":{"allow":["GET"]}}],"collection":[{"href":"https:\/\/www.businessandarts.org\/fr\/wp-json\/wp\/v2\/pages"}],"about":[{"href":"https:\/\/www.businessandarts.org\/fr\/wp-json\/wp\/v2\/types\/page"}],"author":[{"embeddable":true,"href":"https:\/\/www.businessandarts.org\/fr\/wp-json\/wp\/v2\/users\/1"}],"replies":[{"embeddable":true,"href":"https:\/\/www.businessandarts.org\/fr\/wp-json\/wp\/v2\/comments?post=11167"}],"version-history":[{"count":4,"href":"https:\/\/www.businessandarts.org\/fr\/wp-json\/wp\/v2\/pages\/11167\/revisions"}],"predecessor-version":[{"id":30171,"href":"https:\/\/www.businessandarts.org\/fr\/wp-json\/wp\/v2\/pages\/11167\/revisions\/30171"}],"up":[{"embeddable":true,"href":"https:\/\/www.businessandarts.org\/fr\/wp-json\/wp\/v2\/pages\/17375"}],"wp:attachment":[{"href":"https:\/\/www.businessandarts.org\/fr\/wp-json\/wp\/v2\/media?parent=11167"}],"curies":[{"name":"wp","href":"https:\/\/api.w.org\/{rel}","templated":true}]}}