{"id":11127,"date":"2019-12-05T18:58:24","date_gmt":"2019-12-05T18:58:24","guid":{"rendered":"https:\/\/www.businessandarts.org\/cas\/cas23\/steering-committee\/"},"modified":"2026-04-16T17:58:29","modified_gmt":"2026-04-16T17:58:29","slug":"comite-directeur","status":"publish","type":"page","link":"https:\/\/www.businessandarts.org\/fr\/cas\/comite-directeur\/","title":{"rendered":"Comit\u00e9 directeur"},"content":{"rendered":"<h1 style=\"text-align: center;\">Membres du comit\u00e9 directeur<\/h1>\n<p><span>Le Sommet canadien des arts continue de compter sur les contributions b\u00e9n\u00e9voles d\u2019un comit\u00e9 directeur qui aide \u00e0 la programmation et \u00e0 la mise sur pied du Sommet annuel. <\/span><\/p>\n","protected":false},"excerpt":{"rendered":"<p>Membres du comit\u00e9 directeur Le Sommet canadien des arts continue de compter sur les contributions b\u00e9n\u00e9voles d\u2019un comit\u00e9 directeur qui aide \u00e0 la programmation et \u00e0 la mise sur pied du Sommet annuel.<\/p>\n","protected":false},"author":1,"featured_media":0,"parent":2625,"menu_order":0,"comment_status":"closed","ping_status":"closed","template":"page-templates\/sidebar-with-CAS-tmp.php","meta":{"_acf_changed":false,"footnotes":""},"class_list":["post-11127","page","type-page","status-publish","hentry"],"acf":[],"yoast_head":"<!-- This site is optimized with the Yoast SEO plugin v23.7 - https:\/\/yoast.com\/wordpress\/plugins\/seo\/ -->\n<title>Comit\u00e9 directeur - Business \/ Arts<\/title>\n<meta name=\"robots\" content=\"index, follow, max-snippet:-1, max-image-preview:large, max-video-preview:-1\" \/>\n<link rel=\"canonical\" href=\"https:\/\/www.businessandarts.org\/fr\/cas\/comite-directeur\/\" \/>\n<meta property=\"og:locale\" content=\"fr_FR\" \/>\n<meta property=\"og:type\" content=\"article\" \/>\n<meta property=\"og:title\" content=\"Comit\u00e9 directeur - Business \/ Arts\" \/>\n<meta property=\"og:description\" content=\"Membres du comit\u00e9 directeur Le Sommet canadien des arts continue de compter sur les contributions b\u00e9n\u00e9voles d\u2019un comit\u00e9 directeur qui aide \u00e0 la programmation et \u00e0 la mise sur pied du Sommet annuel.\" \/>\n<meta property=\"og:url\" content=\"https:\/\/www.businessandarts.org\/fr\/cas\/comite-directeur\/\" \/>\n<meta property=\"og:site_name\" content=\"Business \/ Arts\" \/>\n<meta property=\"article:modified_time\" content=\"2026-04-16T17:58:29+00:00\" \/>\n<meta name=\"twitter:card\" content=\"summary_large_image\" \/>\n<meta name=\"twitter:label1\" content=\"Dur\u00e9e de lecture estim\u00e9e\" \/>\n\t<meta name=\"twitter:data1\" content=\"1 minute\" \/>\n<script type=\"application\/ld+json\" class=\"yoast-schema-graph\">{\"@context\":\"https:\/\/schema.org\",\"@graph\":[{\"@type\":\"WebPage\",\"@id\":\"https:\/\/www.businessandarts.org\/fr\/cas\/comite-directeur\/\",\"url\":\"https:\/\/www.businessandarts.org\/fr\/cas\/comite-directeur\/\",\"name\":\"Comit\u00e9 directeur - Business \/ Arts\",\"isPartOf\":{\"@id\":\"https:\/\/www.businessandarts.org\/#website\"},\"datePublished\":\"2019-12-05T18:58:24+00:00\",\"dateModified\":\"2026-04-16T17:58:29+00:00\",\"breadcrumb\":{\"@id\":\"https:\/\/www.businessandarts.org\/fr\/cas\/comite-directeur\/#breadcrumb\"},\"inLanguage\":\"fr-FR\",\"potentialAction\":[{\"@type\":\"ReadAction\",\"target\":[\"https:\/\/www.businessandarts.org\/fr\/cas\/comite-directeur\/\"]}]},{\"@type\":\"BreadcrumbList\",\"@id\":\"https:\/\/www.businessandarts.org\/fr\/cas\/comite-directeur\/#breadcrumb\",\"itemListElement\":[{\"@type\":\"ListItem\",\"position\":1,\"name\":\"Home\",\"item\":\"https:\/\/www.businessandarts.org\/fr\/\"},{\"@type\":\"ListItem\",\"position\":2,\"name\":\"Le Sommet canadien des arts\",\"item\":\"https:\/\/www.businessandarts.org\/fr\/cas\/\"},{\"@type\":\"ListItem\",\"position\":3,\"name\":\"Comit\u00e9 directeur\"}]},{\"@type\":\"WebSite\",\"@id\":\"https:\/\/www.businessandarts.org\/#website\",\"url\":\"https:\/\/www.businessandarts.org\/\",\"name\":\"Business \/ Arts\",\"description\":\"\",\"potentialAction\":[{\"@type\":\"SearchAction\",\"target\":{\"@type\":\"EntryPoint\",\"urlTemplate\":\"https:\/\/www.businessandarts.org\/?s={search_term_string}\"},\"query-input\":{\"@type\":\"PropertyValueSpecification\",\"valueRequired\":true,\"valueName\":\"search_term_string\"}}],\"inLanguage\":\"fr-FR\"}]}<\/script>\n<!-- \/ Yoast SEO plugin. -->","yoast_head_json":{"title":"Comit\u00e9 directeur - Business \/ Arts","robots":{"index":"index","follow":"follow","max-snippet":"max-snippet:-1","max-image-preview":"max-image-preview:large","max-video-preview":"max-video-preview:-1"},"canonical":"https:\/\/www.businessandarts.org\/fr\/cas\/comite-directeur\/","og_locale":"fr_FR","og_type":"article","og_title":"Comit\u00e9 directeur - Business \/ Arts","og_description":"Membres du comit\u00e9 directeur Le Sommet canadien des arts continue de compter sur les contributions b\u00e9n\u00e9voles d\u2019un comit\u00e9 directeur qui aide \u00e0 la programmation et \u00e0 la mise sur pied du Sommet annuel.","og_url":"https:\/\/www.businessandarts.org\/fr\/cas\/comite-directeur\/","og_site_name":"Business \/ Arts","article_modified_time":"2026-04-16T17:58:29+00:00","twitter_card":"summary_large_image","twitter_misc":{"Dur\u00e9e de lecture estim\u00e9e":"1 minute"},"schema":{"@context":"https:\/\/schema.org","@graph":[{"@type":"WebPage","@id":"https:\/\/www.businessandarts.org\/fr\/cas\/comite-directeur\/","url":"https:\/\/www.businessandarts.org\/fr\/cas\/comite-directeur\/","name":"Comit\u00e9 directeur - Business \/ Arts","isPartOf":{"@id":"https:\/\/www.businessandarts.org\/#website"},"datePublished":"2019-12-05T18:58:24+00:00","dateModified":"2026-04-16T17:58:29+00:00","breadcrumb":{"@id":"https:\/\/www.businessandarts.org\/fr\/cas\/comite-directeur\/#breadcrumb"},"inLanguage":"fr-FR","potentialAction":[{"@type":"ReadAction","target":["https:\/\/www.businessandarts.org\/fr\/cas\/comite-directeur\/"]}]},{"@type":"BreadcrumbList","@id":"https:\/\/www.businessandarts.org\/fr\/cas\/comite-directeur\/#breadcrumb","itemListElement":[{"@type":"ListItem","position":1,"name":"Home","item":"https:\/\/www.businessandarts.org\/fr\/"},{"@type":"ListItem","position":2,"name":"Le Sommet canadien des arts","item":"https:\/\/www.businessandarts.org\/fr\/cas\/"},{"@type":"ListItem","position":3,"name":"Comit\u00e9 directeur"}]},{"@type":"WebSite","@id":"https:\/\/www.businessandarts.org\/#website","url":"https:\/\/www.businessandarts.org\/","name":"Business \/ Arts","description":"","potentialAction":[{"@type":"SearchAction","target":{"@type":"EntryPoint","urlTemplate":"https:\/\/www.businessandarts.org\/?s={search_term_string}"},"query-input":{"@type":"PropertyValueSpecification","valueRequired":true,"valueName":"search_term_string"}}],"inLanguage":"fr-FR"}]}},"_links":{"self":[{"href":"https:\/\/www.businessandarts.org\/fr\/wp-json\/wp\/v2\/pages\/11127","targetHints":{"allow":["GET"]}}],"collection":[{"href":"https:\/\/www.businessandarts.org\/fr\/wp-json\/wp\/v2\/pages"}],"about":[{"href":"https:\/\/www.businessandarts.org\/fr\/wp-json\/wp\/v2\/types\/page"}],"author":[{"embeddable":true,"href":"https:\/\/www.businessandarts.org\/fr\/wp-json\/wp\/v2\/users\/1"}],"replies":[{"embeddable":true,"href":"https:\/\/www.businessandarts.org\/fr\/wp-json\/wp\/v2\/comments?post=11127"}],"version-history":[{"count":3,"href":"https:\/\/www.businessandarts.org\/fr\/wp-json\/wp\/v2\/pages\/11127\/revisions"}],"predecessor-version":[{"id":27936,"href":"https:\/\/www.businessandarts.org\/fr\/wp-json\/wp\/v2\/pages\/11127\/revisions\/27936"}],"up":[{"embeddable":true,"href":"https:\/\/www.businessandarts.org\/fr\/wp-json\/wp\/v2\/pages\/2625"}],"wp:attachment":[{"href":"https:\/\/www.businessandarts.org\/fr\/wp-json\/wp\/v2\/media?parent=11127"}],"curies":[{"name":"wp","href":"https:\/\/api.w.org\/{rel}","templated":true}]}}