{"id":10945,"date":"2019-11-11T16:55:06","date_gmt":"2019-11-11T16:55:06","guid":{"rendered":"https:\/\/www.businessandarts.org\/artsvest-regions\/bc-participating-organization\/"},"modified":"2026-02-17T18:09:34","modified_gmt":"2026-02-17T18:09:34","slug":"bc-participants","status":"publish","type":"page","link":"https:\/\/www.businessandarts.org\/fr\/artsvest\/bc-participants\/","title":{"rendered":"C-B Organisations participantes"},"content":{"rendered":"<h3>Organismes participants \u2013 2025<\/h3>\n<div class=\"su-row\"><div class=\"su-column su-column-size-1-2\"><div class=\"su-column-inner su-u-clearfix su-u-trim\">\n<p><a href=\"https:\/\/2riversremix.ca\/\" class=\"variable-font\" tabindex=\"65\">2 Rivers Remix Society<\/a><br \/>\n<a href=\"https:\/\/africanstagesbc.com\/\">AFRICAN STAGES ASSOCIATION OF BC<\/a><br \/>\n<a href=\"https:\/\/crarts.ca\/\">Campbell River Community Arts Council<\/a><br \/>\n<a href=\"https:\/\/www.castlegarsculpturewalk.com\/\" class=\"variable-font\" tabindex=\"70\">Castlegar Sculpturewalk<\/a><br \/>\n<a href=\"https:\/\/alberniarts.com\/\">Community Arts Council of the Alberni Valley<\/a><br \/>\n<a href=\"https:\/\/cowichanvalleyartscouncil.ca\/\">Cowichan Valley Arts Council<\/a><br \/>\n<a href=\"https:\/\/deercrossingtheartfarm.org\/\">Deer Crossing the Art Farm<\/a><br \/>\n<a href=\"https:\/\/deltastageworks.ca\/\">Delta Stageworks<\/a><br \/>\n<a href=\"https:\/\/www.katharasociety.org\/\">Kathara Pilipino Indigenous Arts Collective Society<\/a><br \/>\n<a href=\"https:\/\/www.operakelowna.com\/\">Opera Kelowna<\/a><\/p>\n<\/div><\/div><div class=\"su-column su-column-size-1-2\"><div class=\"su-column-inner su-u-clearfix su-u-trim\">\n<p><a href=\"https:\/\/www.facebook.com\/PeaceValleyArtsSociety\/\">Peace Valley Arts Society<\/a><br \/>\n<a href=\"https:\/\/www.pentictonartscouncil.com\/\">Penticton and Districts Community Arts Council<\/a><br \/>\n<a href=\"https:\/\/www.pentictonartgallery.com\/\">Penticton Art Gallery<\/a><br \/>\n<a href=\"https:\/\/www.projectxtheatre.ca\/\">Project X Theatre Productions<\/a><br \/>\n<a href=\"https:\/\/realwheels.ca\/\">Realwheels Theatre<\/a><br \/>\n<a href=\"https:\/\/artsrevelstoke.com\/\">Arts Revelstoke<\/a><br \/>\n<a href=\"https:\/\/www.riceandbeanstheatre.com\/\">rice and beans theatre society<\/a><br \/>\n<a href=\"https:\/\/heritagevancouver.org\/\">Heritage Vancouver<\/a><br \/>\n<a href=\"https:\/\/vact.ca\/\">Vancouver Asian Canadian Theatre<\/a><br \/>\n<a href=\"https:\/\/www.wkartscouncil.com\/\">West Kootenay Arts Council<\/a><br \/>\n<\/div><\/div> <\/div>\n<hr \/>\n<h3>Organismes participants \u2013 2024<\/h3>\n<div class=\"su-row\"><div class=\"su-column su-column-size-1-2\"><div class=\"su-column-inner su-u-clearfix su-u-trim\">\n<p><a href=\"https:\/\/2riversremix.ca\/\" class=\"variable-font\" tabindex=\"65\">2 Rivers Remix Society<\/a><br class=\"variable-font\" \/><a href=\"https:\/\/www.festivalafrica.org\/\" class=\"variable-font\" tabindex=\"66\">African Heritage Festival Music and Dance Society<\/a><br class=\"variable-font\" \/><a href=\"https:\/\/artstarts.com\/home\" class=\"variable-font\" tabindex=\"67\">ArtStarts in Schools<\/a><br class=\"variable-font\" \/><a href=\"https:\/\/www.bcmovementarts.com\/\" class=\"variable-font\" tabindex=\"68\">BC Movement Arts Society<\/a><br class=\"variable-font\" \/><a href=\"https:\/\/www.blackouttheater.com\/\" class=\"variable-font\" tabindex=\"69\">Blackout Art Society<\/a><br class=\"variable-font\" \/><a href=\"https:\/\/www.castlegarsculpturewalk.com\/\" class=\"variable-font\" tabindex=\"70\">Castlegar Sculpturewalk Organization<\/a><br class=\"variable-font\" \/><a href=\"https:\/\/coastculture.com\/\" class=\"variable-font\" tabindex=\"71\">Coast Cultural Alliance<\/a><br class=\"variable-font\" \/><a href=\"https:\/\/alberniarts.com\/\" class=\"variable-font\" tabindex=\"72\">Community Arts Council of the Alberni Valley<\/a><br class=\"variable-font\" \/><a href=\"https:\/\/holycrowarts.com\/\" class=\"variable-font\" tabindex=\"73\">Holy Crow Arts Society<\/a><br class=\"variable-font\" \/><a href=\"https:\/\/indiansummerfest.ca\/\" class=\"variable-font\" tabindex=\"74\">Indian Summer Arts Society<\/a><br \/>\n<a href=\"https:\/\/www.indigegirlcomedy.com\/\" class=\"variable-font\" tabindex=\"75\">IndigE-girl Comedy Society<\/a><\/p>\n<\/div><\/div><div class=\"su-column su-column-size-1-2\"><div class=\"su-column-inner su-u-clearfix su-u-trim\">\n<p><a href=\"https:\/\/www.emlfestival.com\/\" class=\"variable-font\" tabindex=\"76\">Kootenay Literary Society<\/a><br class=\"variable-font\" \/><a href=\"https:\/\/www.lovetodanceacademy.com\/\" class=\"variable-font\" tabindex=\"77\">Merritt Dance Society<\/a><br class=\"variable-font\" \/><a href=\"https:\/\/nanaimoartgallery.ca\/\" class=\"variable-font\" tabindex=\"78\">Nanaimo Art Gallery Society<\/a><br class=\"variable-font\" \/><a href=\"https:\/\/nelsonmuseum.ca\/\" class=\"variable-font\" tabindex=\"79\">Nelson and District Museum, Archives, Art Gallery and Historical Society<\/a><br class=\"variable-font\" \/><a href=\"https:\/\/www.pentictonacademyofmusic.ca\/\" class=\"variable-font\" tabindex=\"80\">Penticton Academy of Music Society<\/a><br class=\"variable-font\" \/><a href=\"https:\/\/www.tworiversgallery.ca\/\" class=\"variable-font\" tabindex=\"81\">Prince George Regional Art Gallery Association<\/a><br class=\"variable-font\" \/><a href=\"https:\/\/realwheels.ca\/\" class=\"variable-font\" tabindex=\"82\">Realwheels Society<\/a><br class=\"variable-font\" \/><a href=\"https:\/\/seizieme.ca\/fr\/\" class=\"variable-font\" tabindex=\"83\">Th\u00e9\u00e2tre La Seizi\u00e8me<\/a><br class=\"variable-font\" \/><a href=\"https:\/\/thehaven.lgbt\/\" class=\"variable-font\" tabindex=\"84\">The Haven Vancouver Transgender Art Society<\/a><\/p>\n<\/div><\/div> <\/div>\n<hr \/>\n<h3>Organismes participants \u2013 2023<\/h3>\n<div class=\"su-row\"><div class=\"su-column su-column-size-1-2\"><div class=\"su-column-inner su-u-clearfix su-u-trim\">\n<p><a href=\"https:\/\/2riversremix.ca\/\" target=\"_blank\" rel=\"noopener\">2 Rivers Remix Society<\/a><br \/>\n<a href=\"https:\/\/www.bcmovementarts.com\/\" target=\"_blank\" rel=\"noopener\">BC Movement Arts Society<\/a><br \/>\n<a href=\"https:\/\/chutzpahfestival.com\/\" target=\"_blank\" rel=\"noopener\">Chutzpah! Festival &amp; Norman &amp; Annette Rothstein Theatre<\/a><br \/>\n<a href=\"https:\/\/coastculture.com\/\" target=\"_blank\" rel=\"noopener\">Coast Cultural Alliance<\/a><br \/>\n<a href=\"https:\/\/cowichanvalleyartscouncil.ca\/\" target=\"_blank\" rel=\"noopener\">Cowichan Valley Arts Council<\/a><br \/>\n<a href=\"https:\/\/www.cranbrookarts.com\/\" target=\"_blank\" rel=\"noopener\">Cranbrook Arts<\/a><br \/>\n<a href=\"https:\/\/crimsoncoastdance.com\/\" target=\"_blank\" rel=\"noopener\">Crimson Coast Dance Society<\/a><br \/>\n<a href=\"https:\/\/www.galleryvertigo.com\/\" target=\"_blank\" rel=\"noopener\">Gallery Vertigo<\/a><br \/>\n<a href=\"http:\/\/www.impulsetheatre.ca\/\" target=\"_blank\" rel=\"noopener\">Impulse Theatre Society<\/a><br \/>\n<a href=\"https:\/\/intrepidtheatre.com\/\" target=\"_blank\" rel=\"noopener\">Intrepid Theatre<\/a><br \/>\n<a href=\"http:\/\/support-imarts.com\/\" target=\"_blank\" rel=\"noopener\">Island Mountain Arts<\/a><br \/>\n<a href=\"https:\/\/vernonmuseum.ca\/\" target=\"_blank\" rel=\"noopener\">Museum and Archives of Vernon<\/a><br \/>\n<a href=\"https:\/\/www.oliviacdavies.ca\/odela\/\" target=\"_blank\" rel=\"noopener\">O.Dela Arts Society<\/a><\/p>\n<\/div><\/div><div class=\"su-column su-column-size-1-2\"><div class=\"su-column-inner su-u-clearfix su-u-trim\">\n<p><a href=\"https:\/\/www.pchc-mom.ca\/\" target=\"_blank\" rel=\"noopener\">Pacific Canada Heritage Centre &#8211; Museum of Migration Society<\/a><br \/>\n<a href=\"https:\/\/reopera.ca\/\" target=\"_blank\" rel=\"noopener\">re:Naissance Opera<\/a><br \/>\n<a href=\"https:\/\/realwheels.ca\/\" target=\"_blank\" rel=\"noopener\">Realwheels Theatre<\/a><br \/>\n<a href=\"https:\/\/www.sanjhfoundation.com\/\" target=\"_blank\" rel=\"noopener\">Sanjh Foundation<\/a><br \/>\n<a href=\"https:\/\/www.thefranktheatre.com\/\" target=\"_blank\" rel=\"noopener\">The Frank Theatre Company<\/a><br \/>\n<a href=\"https:\/\/vallicanwhole.com\/\" target=\"_blank\" rel=\"noopener\">The Vallican Whole Community Centre<\/a><br \/>\n<a href=\"https:\/\/seizieme.ca\/fr\/\" target=\"_blank\" rel=\"noopener\">Th\u00e9\u00e2tre la Seizi\u00e8me<\/a><br \/>\n<a href=\"https:\/\/www.tiltedbrickgallery.com\/\" target=\"_blank\" rel=\"noopener\">Tilted Brick Gallery \/ ArtSpace<\/a><br \/>\n<a href=\"https:\/\/vact.ca\/\" target=\"_blank\" rel=\"noopener\">Vancouver Asian Canadian Theatre<\/a><br \/>\nVancouver India Film Foundation<br \/>\n<a href=\"http:\/\/vancouvermovingtheatre.com\/\" target=\"_blank\" rel=\"noopener\">Vancouver Moving Theatre Society<\/a><br \/>\n<a href=\"https:\/\/www.vancouverpoetryhouse.com\/\" target=\"_blank\" rel=\"noopener\">Vancouver Poetry House<\/a><\/p>\n<\/div><\/div> <\/div>\n<hr \/>\n<h3>Organismes participants \u2013 2022 et avant<\/h3>\n<div class=\"su-row\"><div class=\"su-column su-column-size-1-2\"><div class=\"su-column-inner su-u-clearfix su-u-trim\">\n<p><span>Alter Arts Society<\/span><br class=\"variable-font\" \/><span>Assembly of British Columbia Arts Councils<\/span><br class=\"variable-font\" \/><span>Astrolabe Musik Theatre Society<\/span><br class=\"variable-font\" \/><span>Ballet Victoria Society<\/span><br class=\"variable-font\" \/><span>Blue Bridge Theatre Society<\/span><br class=\"variable-font\" \/><span>Canadian Artists\u2019 Representation\/Le front des artistes Canadiens British Columbia Affiliate<\/span><br class=\"variable-font\" \/><span>Capitol Theatre Restoration Society<\/span><br class=\"variable-font\" \/><span>Castlegar Sculpturewalk Society<\/span><br class=\"variable-font\" \/><span>Chilliwack Community Arts Council<\/span><br class=\"variable-font\" \/><span>Chor Leoni Men\u2019s Choir<\/span><br class=\"variable-font\" \/><span>Cine-Vic Society of Independent Filmmakers<\/span><br class=\"variable-font\" \/><span>Cinevolution Media Arts Society<\/span><br class=\"variable-font\" \/><span>CircusWest Performing Arts Society<\/span><br class=\"variable-font\" \/><span>Coast Cultural Alliance<\/span><br class=\"variable-font\" \/><span>Community Arts Council of Vancouver<\/span><br class=\"variable-font\" \/><span>Community Arts Council of Williams Lake<\/span><br class=\"variable-font\" \/><span>Cowichan Valley Arts Council<\/span><br class=\"variable-font\" \/><span>Craft Council of British Columbia<\/span><br class=\"variable-font\" \/><span>Cranbrook and District Arts Council<\/span><br class=\"variable-font\" \/><span>Cranbrook Community Theatre Society<\/span><br class=\"variable-font\" \/><span>Crimson Coast Dance Society<\/span><br class=\"variable-font\" \/><span>Curiosity Collider Art-Science Foundation<\/span><br class=\"variable-font\" \/><span>Dawson Creek Choral Society<\/span><br class=\"variable-font\" \/><span>Delta Stage Works Theatre Society<\/span><br class=\"variable-font\" \/><span>Dixon Entrance Maritime Museum Society<\/span><br class=\"variable-font\" \/><span>Early Music Vancouver<\/span><br class=\"variable-font\" \/><span>Eastside Culture Crawl Society<\/span><br class=\"variable-font\" \/><span>Ensemble Laude Choral Society<\/span><br class=\"variable-font\" \/><span>Fernie and District Arts Council<\/span><br class=\"variable-font\" \/><span>Fisher Peak Performing Artists Society<\/span><br class=\"variable-font\" \/><span>Fort Langley Jazz and Arts Festival Society<\/span><br class=\"variable-font\" \/><span>Fort St. John Community Arts Council<\/span><br class=\"variable-font\" \/><span>Fraser-Fort George Museum Society<\/span><br class=\"variable-font\" \/><span>Friends of Fintry Provincial Park Society<\/span><br class=\"variable-font\" \/><span>Gallery 7 Theatre and Performing Arts Society<\/span><br class=\"variable-font\" \/><span>Ground Zero Printmakers Society<\/span><br class=\"variable-font\" \/><span>Haida Gwaii Arts Council Society<\/span><br class=\"variable-font\" \/><span>Haida Gwaii Museum Society<\/span><br class=\"variable-font\" \/><span>Harrison Festival Society<\/span><br class=\"variable-font\" \/><span>Howe Sound Performing Arts Association<\/span><br class=\"variable-font\" \/><span>Independent Media Producers Network Society<\/span><br class=\"variable-font\" \/><span>Intrepid Theatre Company Society<\/span><br class=\"variable-font\" \/><span>Inverso Productions Society<\/span><br class=\"variable-font\" \/><span>Island Mountain Arts Society<\/span><br class=\"variable-font\" \/><span>Kamloops Music Collective Society<\/span><br class=\"variable-font\" \/><span>Key City Theatre Society<\/span><br class=\"variable-font\" \/><span>Kids Up Front Foundation (Vancouver)<\/span><br class=\"variable-font\" \/><span>Kiwanis Performing Arts Society<\/span><br class=\"variable-font\" \/><span>Lake Country Art Gallery Society<\/span><br class=\"variable-font\" \/><span>Latincouver Cultural and Business Society<\/span><br class=\"variable-font\" \/><span>Malaspina Art Society<\/span><br class=\"variable-font\" \/><span>Maple Ridge Pitt Meadows Art Studio Tour<\/span><br class=\"variable-font\" \/><span>Medusa Theatre Society<\/span><\/p>\n<\/div><\/div><div class=\"su-column su-column-size-1-2\"><div class=\"su-column-inner su-u-clearfix su-u-trim\">\n<p><span>Nelson Civic Theatre Society<\/span><br class=\"variable-font\" \/><span>North Peace Community Choir Society<\/span><br class=\"variable-font\" \/><span>North Peace Filipino Canadian Association<\/span><br class=\"variable-font\" \/><span>Northern Trails Historical Society<\/span><br class=\"variable-font\" \/><span>Okanagan Association of Classical Music Enthusiasts<\/span><br class=\"variable-font\" \/><span>Peace River Zone<\/span><br class=\"variable-font\" \/><span>Pemberton Arts Council<\/span><br class=\"variable-font\" \/><span>Pink Ink Theatre Productions Association<\/span><br class=\"variable-font\" \/><span>Presentation House Cultural Society<\/span><br class=\"variable-font\" \/><span>Pride in Art Society<\/span><br class=\"variable-font\" \/><span>Prince George Regional Art Gallery Association<\/span><br class=\"variable-font\" \/><span>PRINT \u2013 Victoria Society of Print Artists<\/span><br class=\"variable-font\" \/><span>ProArt Alliance of Greater Victoria<\/span><br class=\"variable-font\" \/><span>Ptarmigan Arts Society<\/span><br class=\"variable-font\" \/><span>Quesnel Art Gallery Society<\/span><br class=\"variable-font\" \/><span>Raven Spirit Dance Society<\/span><br class=\"variable-font\" \/><span>re:Naissance Opera<\/span><br class=\"variable-font\" \/><span>Realwheels Society<\/span><br class=\"variable-font\" \/><span>Richmond Arts Coalition<\/span><br class=\"variable-font\" \/><span>Richmond Music School Society<\/span><br class=\"variable-font\" \/><span>Royal City Musical Theatre Society<\/span><br class=\"variable-font\" \/><span>Salt Spring Arts Council<\/span><br class=\"variable-font\" \/><span>Savage Production Society<\/span><br class=\"variable-font\" \/><span>Screaming Weenie Productions<\/span><br class=\"variable-font\" \/><span>Sea to Sky Singers<\/span><br class=\"variable-font\" \/><span>Sooke Fine Arts Society<\/span><br class=\"variable-font\" \/><span>Sooke Region Historical Society<\/span><br class=\"variable-font\" \/><span>Squamish Arts Council<\/span><br class=\"variable-font\" \/><span>Stage North Theatre Society<\/span><br class=\"variable-font\" \/><span>The British Columbia Museums Association<\/span><br class=\"variable-font\" \/><span>The Community Arts Council of Prince George &amp; District<\/span><br class=\"variable-font\" \/><span>The Northern Indigenous Arts Council<\/span><br class=\"variable-font\" \/><span>The Richmond Singers<\/span><br class=\"variable-font\" \/><span>The Story Theatre Production Society<\/span><br class=\"variable-font\" \/><span>The Victoria Choral Society<\/span><br class=\"variable-font\" \/><span>Theatre Replacement Society<\/span><br class=\"variable-font\" \/><span>Theatre SKAM Association<\/span><br class=\"variable-font\" \/><span>Vancouver Asian Canadian Theatre<\/span><br class=\"variable-font\" \/><span>Vancouver Asian Heritage Month Society<\/span><br class=\"variable-font\" \/><span>Vancouver Classic Guitar Society<\/span><br class=\"variable-font\" \/><span>Vancouver Folk Music Festival Society<\/span><br class=\"variable-font\" \/><span>Vancouver International Bhangra Celebration Society<\/span><br class=\"variable-font\" \/><span>Vancouver International Children\u2019s Festival Society<\/span><br class=\"variable-font\" \/><span>Vancouver Island Symphony<\/span><br class=\"variable-font\" \/><span>Vancouver Short Film Festival<\/span><br class=\"variable-font\" \/><span>Vancouver Tap Dance Society<\/span><br class=\"variable-font\" \/><span>Victoria Arts Council<\/span><br class=\"variable-font\" \/><span>Victoria Independent Film &amp; Video Festival<\/span><br class=\"variable-font\" \/><span>Victoria Summer Music Festival Society<\/span><br class=\"variable-font\" \/><span>Vines Art Festival Society<\/span><br class=\"variable-font\" \/><span>Visceral Visions Society<\/span><br class=\"variable-font\" \/><span>Visions Art Tour Society<\/span><br class=\"variable-font\" \/><span>Xchanges Artist\u2019s Gallery and Studio Society<\/span><\/p>\n<\/div><\/div> <\/div>\n<hr \/>\n<p>&nbsp;<\/p>\n","protected":false},"excerpt":{"rendered":"<p>Organismes participants \u2013 2025 Organismes participants \u2013 2024 Organismes participants \u2013 2023 Organismes participants \u2013 2022 et avant &nbsp;<\/p>\n","protected":false},"author":1,"featured_media":0,"parent":17375,"menu_order":0,"comment_status":"closed","ping_status":"closed","template":"page-templates\/sidebar-withtopmenu.php","meta":{"_acf_changed":false,"footnotes":""},"class_list":["post-10945","page","type-page","status-publish","hentry"],"acf":[],"yoast_head":"<!-- This site is optimized with the Yoast SEO plugin v23.7 - https:\/\/yoast.com\/wordpress\/plugins\/seo\/ -->\n<title>C-B Organisations participantes - Business \/ Arts<\/title>\n<meta name=\"robots\" content=\"index, follow, max-snippet:-1, max-image-preview:large, max-video-preview:-1\" \/>\n<link rel=\"canonical\" href=\"https:\/\/www.businessandarts.org\/fr\/artsvest\/bc-participants\/\" \/>\n<meta property=\"og:locale\" content=\"fr_FR\" \/>\n<meta property=\"og:type\" content=\"article\" \/>\n<meta property=\"og:title\" content=\"C-B Organisations participantes - Business \/ Arts\" \/>\n<meta property=\"og:description\" content=\"Organismes participants \u2013 2025 Organismes participants \u2013 2024 Organismes participants \u2013 2023 Organismes participants \u2013 2022 et avant &nbsp;\" \/>\n<meta property=\"og:url\" content=\"https:\/\/www.businessandarts.org\/fr\/artsvest\/bc-participants\/\" \/>\n<meta property=\"og:site_name\" content=\"Business \/ Arts\" \/>\n<meta property=\"article:modified_time\" content=\"2026-02-17T18:09:34+00:00\" \/>\n<meta name=\"twitter:card\" content=\"summary_large_image\" \/>\n<meta name=\"twitter:label1\" content=\"Dur\u00e9e de lecture estim\u00e9e\" \/>\n\t<meta name=\"twitter:data1\" content=\"3 minutes\" \/>\n<script type=\"application\/ld+json\" class=\"yoast-schema-graph\">{\"@context\":\"https:\/\/schema.org\",\"@graph\":[{\"@type\":\"WebPage\",\"@id\":\"https:\/\/www.businessandarts.org\/fr\/artsvest\/bc-participants\/\",\"url\":\"https:\/\/www.businessandarts.org\/fr\/artsvest\/bc-participants\/\",\"name\":\"C-B Organisations participantes - Business \/ Arts\",\"isPartOf\":{\"@id\":\"https:\/\/www.businessandarts.org\/#website\"},\"datePublished\":\"2019-11-11T16:55:06+00:00\",\"dateModified\":\"2026-02-17T18:09:34+00:00\",\"breadcrumb\":{\"@id\":\"https:\/\/www.businessandarts.org\/fr\/artsvest\/bc-participants\/#breadcrumb\"},\"inLanguage\":\"fr-FR\",\"potentialAction\":[{\"@type\":\"ReadAction\",\"target\":[\"https:\/\/www.businessandarts.org\/fr\/artsvest\/bc-participants\/\"]}]},{\"@type\":\"BreadcrumbList\",\"@id\":\"https:\/\/www.businessandarts.org\/fr\/artsvest\/bc-participants\/#breadcrumb\",\"itemListElement\":[{\"@type\":\"ListItem\",\"position\":1,\"name\":\"Home\",\"item\":\"https:\/\/www.businessandarts.org\/fr\/\"},{\"@type\":\"ListItem\",\"position\":2,\"name\":\"artsvest\",\"item\":\"https:\/\/www.businessandarts.org\/fr\/artsvest\/\"},{\"@type\":\"ListItem\",\"position\":3,\"name\":\"C-B Organisations participantes\"}]},{\"@type\":\"WebSite\",\"@id\":\"https:\/\/www.businessandarts.org\/#website\",\"url\":\"https:\/\/www.businessandarts.org\/\",\"name\":\"Business \/ Arts\",\"description\":\"\",\"potentialAction\":[{\"@type\":\"SearchAction\",\"target\":{\"@type\":\"EntryPoint\",\"urlTemplate\":\"https:\/\/www.businessandarts.org\/?s={search_term_string}\"},\"query-input\":{\"@type\":\"PropertyValueSpecification\",\"valueRequired\":true,\"valueName\":\"search_term_string\"}}],\"inLanguage\":\"fr-FR\"}]}<\/script>\n<!-- \/ Yoast SEO plugin. -->","yoast_head_json":{"title":"C-B Organisations participantes - Business \/ Arts","robots":{"index":"index","follow":"follow","max-snippet":"max-snippet:-1","max-image-preview":"max-image-preview:large","max-video-preview":"max-video-preview:-1"},"canonical":"https:\/\/www.businessandarts.org\/fr\/artsvest\/bc-participants\/","og_locale":"fr_FR","og_type":"article","og_title":"C-B Organisations participantes - Business \/ Arts","og_description":"Organismes participants \u2013 2025 Organismes participants \u2013 2024 Organismes participants \u2013 2023 Organismes participants \u2013 2022 et avant &nbsp;","og_url":"https:\/\/www.businessandarts.org\/fr\/artsvest\/bc-participants\/","og_site_name":"Business \/ Arts","article_modified_time":"2026-02-17T18:09:34+00:00","twitter_card":"summary_large_image","twitter_misc":{"Dur\u00e9e de lecture estim\u00e9e":"3 minutes"},"schema":{"@context":"https:\/\/schema.org","@graph":[{"@type":"WebPage","@id":"https:\/\/www.businessandarts.org\/fr\/artsvest\/bc-participants\/","url":"https:\/\/www.businessandarts.org\/fr\/artsvest\/bc-participants\/","name":"C-B Organisations participantes - Business \/ Arts","isPartOf":{"@id":"https:\/\/www.businessandarts.org\/#website"},"datePublished":"2019-11-11T16:55:06+00:00","dateModified":"2026-02-17T18:09:34+00:00","breadcrumb":{"@id":"https:\/\/www.businessandarts.org\/fr\/artsvest\/bc-participants\/#breadcrumb"},"inLanguage":"fr-FR","potentialAction":[{"@type":"ReadAction","target":["https:\/\/www.businessandarts.org\/fr\/artsvest\/bc-participants\/"]}]},{"@type":"BreadcrumbList","@id":"https:\/\/www.businessandarts.org\/fr\/artsvest\/bc-participants\/#breadcrumb","itemListElement":[{"@type":"ListItem","position":1,"name":"Home","item":"https:\/\/www.businessandarts.org\/fr\/"},{"@type":"ListItem","position":2,"name":"artsvest","item":"https:\/\/www.businessandarts.org\/fr\/artsvest\/"},{"@type":"ListItem","position":3,"name":"C-B Organisations participantes"}]},{"@type":"WebSite","@id":"https:\/\/www.businessandarts.org\/#website","url":"https:\/\/www.businessandarts.org\/","name":"Business \/ Arts","description":"","potentialAction":[{"@type":"SearchAction","target":{"@type":"EntryPoint","urlTemplate":"https:\/\/www.businessandarts.org\/?s={search_term_string}"},"query-input":{"@type":"PropertyValueSpecification","valueRequired":true,"valueName":"search_term_string"}}],"inLanguage":"fr-FR"}]}},"_links":{"self":[{"href":"https:\/\/www.businessandarts.org\/fr\/wp-json\/wp\/v2\/pages\/10945","targetHints":{"allow":["GET"]}}],"collection":[{"href":"https:\/\/www.businessandarts.org\/fr\/wp-json\/wp\/v2\/pages"}],"about":[{"href":"https:\/\/www.businessandarts.org\/fr\/wp-json\/wp\/v2\/types\/page"}],"author":[{"embeddable":true,"href":"https:\/\/www.businessandarts.org\/fr\/wp-json\/wp\/v2\/users\/1"}],"replies":[{"embeddable":true,"href":"https:\/\/www.businessandarts.org\/fr\/wp-json\/wp\/v2\/comments?post=10945"}],"version-history":[{"count":2,"href":"https:\/\/www.businessandarts.org\/fr\/wp-json\/wp\/v2\/pages\/10945\/revisions"}],"predecessor-version":[{"id":30164,"href":"https:\/\/www.businessandarts.org\/fr\/wp-json\/wp\/v2\/pages\/10945\/revisions\/30164"}],"up":[{"embeddable":true,"href":"https:\/\/www.businessandarts.org\/fr\/wp-json\/wp\/v2\/pages\/17375"}],"wp:attachment":[{"href":"https:\/\/www.businessandarts.org\/fr\/wp-json\/wp\/v2\/media?parent=10945"}],"curies":[{"name":"wp","href":"https:\/\/api.w.org\/{rel}","templated":true}]}}